{"id":35315,"date":"2024-11-09T11:54:40","date_gmt":"2024-11-09T10:54:40","guid":{"rendered":"https:\/\/inti.hr\/product\/ormaric-za-nakit-s-ogledalom\/"},"modified":"2024-11-09T11:54:40","modified_gmt":"2024-11-09T10:54:40","slug":"ormaric-za-nakit-s-ogledalom","status":"publish","type":"product","link":"https:\/\/inti.hr\/sr\/proizvod\/ormaric-za-nakit-s-ogledalom\/","title":{"rendered":"Ormari\u0107 za nakit s ogledalom"},"content":{"rendered":"<p>Detalji proizvoda:<\/p>\n<p>&#8211; Boja: Bijela s drvetom<br \/>\n&#8211; Materijal: MDF (plo\u010da srednje gusto\u0107e), \u010delik, bar\u0161un, staklo<br \/>\n&#8211; Ukupna veli\u010dina: 54,5 x 54,5 x 162 cm (D x \u0160 x V)<br \/>\n&#8211; Veli\u010dina ormari\u0107a: 37 x 9, 4 x 155 cm (D x \u0160 x V)<br \/>\n&#8211; Veli\u010dina unutarnjeg ogledala: 35,5 x 24 cm (D x \u0160)<br \/>\n&#8211; Te\u017eina: 22,8 kg<\/p>\n","protected":false},"excerpt":{"rendered":"<p>Ovaj ormari\u0107 za nakit ima ogledalo u punoj veli\u010dini bez okvira &#8230; <\/p>\n","protected":false},"featured_media":35316,"template":"","meta":[],"product_cat":[2893],"product_tag":[4503],"yoast_head":"<!-- This site is optimized with the Yoast SEO plugin v23.7 - https:\/\/yoast.com\/wordpress\/plugins\/seo\/ -->\n<title>Ormari\u0107 za nakit s ogledalom - Inti<\/title>\n<meta name=\"description\" content=\"Ovaj ormari\u0107 za nakit ima ogledalo u punoj veli\u010dini bez okvira veli\u010dine 37 x 155 cm tako da se mo\u017eete diviti svojoj odje\u0107i od vrha do dna u ogledalu. Zapo\u010dnite svaki dan lijepo! 6 LED \u017earulja osvjetljavaju va\u0161 nakit u ogledalu kada otvorite vrata ovog ormari\u0107a. Na taj na\u010din mo\u017eete jednostavno odabrati prave dodatke bez da probudite svoje najmilije stropnim svjetlima. Velika baza (\u00d8: 54,5 cm) i visokokvalitetne MDF plo\u010de osiguravaju stabilnost, dok bar\u0161unasta podstava \u0161titi va\u0161 nakit od ogrebotina - va\u0161 \u0107e nakit biti sigurno pohranjen godinama. 120 utora za nau\u0161nice, 54 rupice za nau\u0161nice, 104 utora za prstenje, 18 kukica za ogrlice i 3 pre\u010dke za narukvice. Tu su i 3 pretinca, 2 ladice, 4 police i d\u017eep - tako da vi\u0161e nema kaosa. Unutarnje ogledalo i preklopna polica za va\u0161u \u0161minku - to stvara mini toaletni stoli\u0107 koji vam omogu\u0107uje da se na\u0161minkate kada se otvore vrata ormari\u0107a.\u00a0\" \/>\n<meta name=\"robots\" content=\"index, follow, max-snippet:-1, max-image-preview:large, max-video-preview:-1\" \/>\n<link rel=\"canonical\" href=\"https:\/\/inti.hr\/sr\/proizvod\/ormaric-za-nakit-s-ogledalom\/\" \/>\n<meta property=\"og:locale\" content=\"sr_RS\" \/>\n<meta property=\"og:type\" content=\"article\" \/>\n<meta property=\"og:title\" content=\"Ormari\u0107 za nakit s ogledalom - Inti\" \/>\n<meta property=\"og:description\" content=\"Ovaj ormari\u0107 za nakit ima ogledalo u punoj veli\u010dini bez okvira veli\u010dine 37 x 155 cm tako da se mo\u017eete diviti svojoj odje\u0107i od vrha do dna u ogledalu. Zapo\u010dnite svaki dan lijepo! 6 LED \u017earulja osvjetljavaju va\u0161 nakit u ogledalu kada otvorite vrata ovog ormari\u0107a. Na taj na\u010din mo\u017eete jednostavno odabrati prave dodatke bez da probudite svoje najmilije stropnim svjetlima. Velika baza (\u00d8: 54,5 cm) i visokokvalitetne MDF plo\u010de osiguravaju stabilnost, dok bar\u0161unasta podstava \u0161titi va\u0161 nakit od ogrebotina - va\u0161 \u0107e nakit biti sigurno pohranjen godinama. 120 utora za nau\u0161nice, 54 rupice za nau\u0161nice, 104 utora za prstenje, 18 kukica za ogrlice i 3 pre\u010dke za narukvice. Tu su i 3 pretinca, 2 ladice, 4 police i d\u017eep - tako da vi\u0161e nema kaosa. Unutarnje ogledalo i preklopna polica za va\u0161u \u0161minku - to stvara mini toaletni stoli\u0107 koji vam omogu\u0107uje da se na\u0161minkate kada se otvore vrata ormari\u0107a.\u00a0\" \/>\n<meta property=\"og:url\" content=\"https:\/\/inti.hr\/sr\/proizvod\/ormaric-za-nakit-s-ogledalom\/\" \/>\n<meta property=\"og:site_name\" content=\"Inti\" \/>\n<meta property=\"og:image\" content=\"https:\/\/i0.wp.com\/inti.hr\/wp-content\/uploads\/2024\/11\/JJC007W01-1.jpg?fit=1000%2C1000&ssl=1\" \/>\n\t<meta property=\"og:image:width\" content=\"1000\" \/>\n\t<meta property=\"og:image:height\" content=\"1000\" \/>\n\t<meta property=\"og:image:type\" content=\"image\/jpeg\" \/>\n<meta name=\"twitter:card\" content=\"summary_large_image\" \/>\n<script type=\"application\/ld+json\" class=\"yoast-schema-graph\">{\"@context\":\"https:\/\/schema.org\",\"@graph\":[{\"@type\":\"WebPage\",\"@id\":\"https:\/\/inti.hr\/sr\/proizvod\/ormaric-za-nakit-s-ogledalom\/\",\"url\":\"https:\/\/inti.hr\/sr\/proizvod\/ormaric-za-nakit-s-ogledalom\/\",\"name\":\"Ormari\u0107 za nakit s ogledalom - Inti\",\"isPartOf\":{\"@id\":\"https:\/\/inti.hr\/sr\/#website\"},\"primaryImageOfPage\":{\"@id\":\"https:\/\/inti.hr\/sr\/proizvod\/ormaric-za-nakit-s-ogledalom\/#primaryimage\"},\"image\":{\"@id\":\"https:\/\/inti.hr\/sr\/proizvod\/ormaric-za-nakit-s-ogledalom\/#primaryimage\"},\"thumbnailUrl\":\"https:\/\/i0.wp.com\/inti.hr\/wp-content\/uploads\/2024\/11\/JJC007W01-1.jpg?fit=1000%2C1000&ssl=1\",\"datePublished\":\"2024-11-09T10:54:40+00:00\",\"dateModified\":\"2024-11-09T10:54:40+00:00\",\"description\":\"Ovaj ormari\u0107 za nakit ima ogledalo u punoj veli\u010dini bez okvira veli\u010dine 37 x 155 cm tako da se mo\u017eete diviti svojoj odje\u0107i od vrha do dna u ogledalu. Zapo\u010dnite svaki dan lijepo! 6 LED \u017earulja osvjetljavaju va\u0161 nakit u ogledalu kada otvorite vrata ovog ormari\u0107a. Na taj na\u010din mo\u017eete jednostavno odabrati prave dodatke bez da probudite svoje najmilije stropnim svjetlima. Velika baza (\u00d8: 54,5 cm) i visokokvalitetne MDF plo\u010de osiguravaju stabilnost, dok bar\u0161unasta podstava \u0161titi va\u0161 nakit od ogrebotina - va\u0161 \u0107e nakit biti sigurno pohranjen godinama. 120 utora za nau\u0161nice, 54 rupice za nau\u0161nice, 104 utora za prstenje, 18 kukica za ogrlice i 3 pre\u010dke za narukvice. Tu su i 3 pretinca, 2 ladice, 4 police i d\u017eep - tako da vi\u0161e nema kaosa. Unutarnje ogledalo i preklopna polica za va\u0161u \u0161minku - to stvara mini toaletni stoli\u0107 koji vam omogu\u0107uje da se na\u0161minkate kada se otvore vrata ormari\u0107a.\u00a0\",\"breadcrumb\":{\"@id\":\"https:\/\/inti.hr\/sr\/proizvod\/ormaric-za-nakit-s-ogledalom\/#breadcrumb\"},\"inLanguage\":\"sr-RS\",\"potentialAction\":[{\"@type\":\"ReadAction\",\"target\":[\"https:\/\/inti.hr\/sr\/proizvod\/ormaric-za-nakit-s-ogledalom\/\"]}]},{\"@type\":\"ImageObject\",\"inLanguage\":\"sr-RS\",\"@id\":\"https:\/\/inti.hr\/sr\/proizvod\/ormaric-za-nakit-s-ogledalom\/#primaryimage\",\"url\":\"https:\/\/i0.wp.com\/inti.hr\/wp-content\/uploads\/2024\/11\/JJC007W01-1.jpg?fit=1000%2C1000&ssl=1\",\"contentUrl\":\"https:\/\/i0.wp.com\/inti.hr\/wp-content\/uploads\/2024\/11\/JJC007W01-1.jpg?fit=1000%2C1000&ssl=1\",\"width\":1000,\"height\":1000,\"caption\":\"SONGMICS ormari\u0107 za nakit s ogledalom\"},{\"@type\":\"BreadcrumbList\",\"@id\":\"https:\/\/inti.hr\/sr\/proizvod\/ormaric-za-nakit-s-ogledalom\/#breadcrumb\",\"itemListElement\":[{\"@type\":\"ListItem\",\"position\":1,\"name\":\"Po\u010detna stranica\",\"item\":\"https:\/\/inti.hr\/sr\/\"},{\"@type\":\"ListItem\",\"position\":2,\"name\":\"Prodavnica\",\"item\":\"https:\/\/inti.hr\/sr\/prodavnica\/\"},{\"@type\":\"ListItem\",\"position\":3,\"name\":\"Ormari\u0107 za nakit s ogledalom\"}]},{\"@type\":\"WebSite\",\"@id\":\"https:\/\/inti.hr\/sr\/#website\",\"url\":\"https:\/\/inti.hr\/sr\/\",\"name\":\"Inti\",\"description\":\"trgovina\",\"potentialAction\":[{\"@type\":\"SearchAction\",\"target\":{\"@type\":\"EntryPoint\",\"urlTemplate\":\"https:\/\/inti.hr\/sr\/?s={search_term_string}\"},\"query-input\":{\"@type\":\"PropertyValueSpecification\",\"valueRequired\":true,\"valueName\":\"search_term_string\"}}],\"inLanguage\":\"sr-RS\"}]}<\/script>\n<!-- \/ Yoast SEO plugin. -->","yoast_head_json":{"title":"Ormari\u0107 za nakit s ogledalom - Inti","description":"Ovaj ormari\u0107 za nakit ima ogledalo u punoj veli\u010dini bez okvira veli\u010dine 37 x 155 cm tako da se mo\u017eete diviti svojoj odje\u0107i od vrha do dna u ogledalu. Zapo\u010dnite svaki dan lijepo! 6 LED \u017earulja osvjetljavaju va\u0161 nakit u ogledalu kada otvorite vrata ovog ormari\u0107a. Na taj na\u010din mo\u017eete jednostavno odabrati prave dodatke bez da probudite svoje najmilije stropnim svjetlima. Velika baza (\u00d8: 54,5 cm) i visokokvalitetne MDF plo\u010de osiguravaju stabilnost, dok bar\u0161unasta podstava \u0161titi va\u0161 nakit od ogrebotina - va\u0161 \u0107e nakit biti sigurno pohranjen godinama. 120 utora za nau\u0161nice, 54 rupice za nau\u0161nice, 104 utora za prstenje, 18 kukica za ogrlice i 3 pre\u010dke za narukvice. Tu su i 3 pretinca, 2 ladice, 4 police i d\u017eep - tako da vi\u0161e nema kaosa. Unutarnje ogledalo i preklopna polica za va\u0161u \u0161minku - to stvara mini toaletni stoli\u0107 koji vam omogu\u0107uje da se na\u0161minkate kada se otvore vrata ormari\u0107a.\u00a0","robots":{"index":"index","follow":"follow","max-snippet":"max-snippet:-1","max-image-preview":"max-image-preview:large","max-video-preview":"max-video-preview:-1"},"canonical":"https:\/\/inti.hr\/sr\/proizvod\/ormaric-za-nakit-s-ogledalom\/","og_locale":"sr_RS","og_type":"article","og_title":"Ormari\u0107 za nakit s ogledalom - Inti","og_description":"Ovaj ormari\u0107 za nakit ima ogledalo u punoj veli\u010dini bez okvira veli\u010dine 37 x 155 cm tako da se mo\u017eete diviti svojoj odje\u0107i od vrha do dna u ogledalu. Zapo\u010dnite svaki dan lijepo! 6 LED \u017earulja osvjetljavaju va\u0161 nakit u ogledalu kada otvorite vrata ovog ormari\u0107a. Na taj na\u010din mo\u017eete jednostavno odabrati prave dodatke bez da probudite svoje najmilije stropnim svjetlima. Velika baza (\u00d8: 54,5 cm) i visokokvalitetne MDF plo\u010de osiguravaju stabilnost, dok bar\u0161unasta podstava \u0161titi va\u0161 nakit od ogrebotina - va\u0161 \u0107e nakit biti sigurno pohranjen godinama. 120 utora za nau\u0161nice, 54 rupice za nau\u0161nice, 104 utora za prstenje, 18 kukica za ogrlice i 3 pre\u010dke za narukvice. Tu su i 3 pretinca, 2 ladice, 4 police i d\u017eep - tako da vi\u0161e nema kaosa. Unutarnje ogledalo i preklopna polica za va\u0161u \u0161minku - to stvara mini toaletni stoli\u0107 koji vam omogu\u0107uje da se na\u0161minkate kada se otvore vrata ormari\u0107a.\u00a0","og_url":"https:\/\/inti.hr\/sr\/proizvod\/ormaric-za-nakit-s-ogledalom\/","og_site_name":"Inti","og_image":[{"width":1000,"height":1000,"url":"https:\/\/i0.wp.com\/inti.hr\/wp-content\/uploads\/2024\/11\/JJC007W01-1.jpg?fit=1000%2C1000&ssl=1","type":"image\/jpeg"}],"twitter_card":"summary_large_image","schema":{"@context":"https:\/\/schema.org","@graph":[{"@type":"WebPage","@id":"https:\/\/inti.hr\/sr\/proizvod\/ormaric-za-nakit-s-ogledalom\/","url":"https:\/\/inti.hr\/sr\/proizvod\/ormaric-za-nakit-s-ogledalom\/","name":"Ormari\u0107 za nakit s ogledalom - Inti","isPartOf":{"@id":"https:\/\/inti.hr\/sr\/#website"},"primaryImageOfPage":{"@id":"https:\/\/inti.hr\/sr\/proizvod\/ormaric-za-nakit-s-ogledalom\/#primaryimage"},"image":{"@id":"https:\/\/inti.hr\/sr\/proizvod\/ormaric-za-nakit-s-ogledalom\/#primaryimage"},"thumbnailUrl":"https:\/\/i0.wp.com\/inti.hr\/wp-content\/uploads\/2024\/11\/JJC007W01-1.jpg?fit=1000%2C1000&ssl=1","datePublished":"2024-11-09T10:54:40+00:00","dateModified":"2024-11-09T10:54:40+00:00","description":"Ovaj ormari\u0107 za nakit ima ogledalo u punoj veli\u010dini bez okvira veli\u010dine 37 x 155 cm tako da se mo\u017eete diviti svojoj odje\u0107i od vrha do dna u ogledalu. Zapo\u010dnite svaki dan lijepo! 6 LED \u017earulja osvjetljavaju va\u0161 nakit u ogledalu kada otvorite vrata ovog ormari\u0107a. Na taj na\u010din mo\u017eete jednostavno odabrati prave dodatke bez da probudite svoje najmilije stropnim svjetlima. Velika baza (\u00d8: 54,5 cm) i visokokvalitetne MDF plo\u010de osiguravaju stabilnost, dok bar\u0161unasta podstava \u0161titi va\u0161 nakit od ogrebotina - va\u0161 \u0107e nakit biti sigurno pohranjen godinama. 120 utora za nau\u0161nice, 54 rupice za nau\u0161nice, 104 utora za prstenje, 18 kukica za ogrlice i 3 pre\u010dke za narukvice. Tu su i 3 pretinca, 2 ladice, 4 police i d\u017eep - tako da vi\u0161e nema kaosa. Unutarnje ogledalo i preklopna polica za va\u0161u \u0161minku - to stvara mini toaletni stoli\u0107 koji vam omogu\u0107uje da se na\u0161minkate kada se otvore vrata ormari\u0107a.\u00a0","breadcrumb":{"@id":"https:\/\/inti.hr\/sr\/proizvod\/ormaric-za-nakit-s-ogledalom\/#breadcrumb"},"inLanguage":"sr-RS","potentialAction":[{"@type":"ReadAction","target":["https:\/\/inti.hr\/sr\/proizvod\/ormaric-za-nakit-s-ogledalom\/"]}]},{"@type":"ImageObject","inLanguage":"sr-RS","@id":"https:\/\/inti.hr\/sr\/proizvod\/ormaric-za-nakit-s-ogledalom\/#primaryimage","url":"https:\/\/i0.wp.com\/inti.hr\/wp-content\/uploads\/2024\/11\/JJC007W01-1.jpg?fit=1000%2C1000&ssl=1","contentUrl":"https:\/\/i0.wp.com\/inti.hr\/wp-content\/uploads\/2024\/11\/JJC007W01-1.jpg?fit=1000%2C1000&ssl=1","width":1000,"height":1000,"caption":"SONGMICS ormari\u0107 za nakit s ogledalom"},{"@type":"BreadcrumbList","@id":"https:\/\/inti.hr\/sr\/proizvod\/ormaric-za-nakit-s-ogledalom\/#breadcrumb","itemListElement":[{"@type":"ListItem","position":1,"name":"Po\u010detna stranica","item":"https:\/\/inti.hr\/sr\/"},{"@type":"ListItem","position":2,"name":"Prodavnica","item":"https:\/\/inti.hr\/sr\/prodavnica\/"},{"@type":"ListItem","position":3,"name":"Ormari\u0107 za nakit s ogledalom"}]},{"@type":"WebSite","@id":"https:\/\/inti.hr\/sr\/#website","url":"https:\/\/inti.hr\/sr\/","name":"Inti","description":"trgovina","potentialAction":[{"@type":"SearchAction","target":{"@type":"EntryPoint","urlTemplate":"https:\/\/inti.hr\/sr\/?s={search_term_string}"},"query-input":{"@type":"PropertyValueSpecification","valueRequired":true,"valueName":"search_term_string"}}],"inLanguage":"sr-RS"}]}},"jetpack_sharing_enabled":true,"jetpack-related-posts":[],"_links":{"self":[{"href":"https:\/\/inti.hr\/sr\/wp-json\/wp\/v2\/product\/35315"}],"collection":[{"href":"https:\/\/inti.hr\/sr\/wp-json\/wp\/v2\/product"}],"about":[{"href":"https:\/\/inti.hr\/sr\/wp-json\/wp\/v2\/types\/product"}],"wp:featuredmedia":[{"embeddable":true,"href":"https:\/\/inti.hr\/sr\/wp-json\/wp\/v2\/media\/35316"}],"wp:attachment":[{"href":"https:\/\/inti.hr\/sr\/wp-json\/wp\/v2\/media?parent=35315"}],"wp:term":[{"taxonomy":"product_cat","embeddable":true,"href":"https:\/\/inti.hr\/sr\/wp-json\/wp\/v2\/product_cat?post=35315"},{"taxonomy":"product_tag","embeddable":true,"href":"https:\/\/inti.hr\/sr\/wp-json\/wp\/v2\/product_tag?post=35315"}],"curies":[{"name":"wp","href":"https:\/\/api.w.org\/{rel}","templated":true}]}}