{"id":35323,"date":"2024-11-07T19:57:25","date_gmt":"2024-11-07T18:57:25","guid":{"rendered":"https:\/\/inti.hr\/product\/kutni-toaletni-stol-s-ogledalom\/"},"modified":"2024-11-07T19:57:25","modified_gmt":"2024-11-07T18:57:25","slug":"kutni-toaletni-stol-s-ogledalom","status":"publish","type":"product","link":"https:\/\/inti.hr\/sr\/proizvod\/kutni-toaletni-stol-s-ogledalom\/","title":{"rendered":"Kutni toaletni stol s ogledalom"},"content":{"rendered":"<p>Tehni\u010dki detalji<br \/>\nMaterijali: MDF plo\u010da razreda E1 + \u017eeljezo + PVC<br \/>\nBoja: Bijela<br \/>\nUkupne dimenzije: 99 x 76\/139 x 63 cm (\u0160 x V x D)<br \/>\nDimenzije ogledala: \u03c6 40 cm<br \/>\nNeto te\u017eina: cca 20 kg<br \/>\nNosivost: 50kg<\/p>\n","protected":false},"excerpt":{"rendered":"<p>Kutni dizajn ovog toaletnog stoli\u0107a s ogledalom pametno iskori\u0161tava kut sobe &#8230; <\/p>\n","protected":false},"featured_media":35324,"template":"","meta":[],"product_cat":[2416],"product_tag":[4509,2677],"yoast_head":"<!-- This site is optimized with the Yoast SEO plugin v23.7 - https:\/\/yoast.com\/wordpress\/plugins\/seo\/ -->\n<title>Kutni toaletni stol s ogledalom - Inti<\/title>\n<meta name=\"description\" content=\"Kutni dizajn ovog toaletnog stoli\u0107a s ogledalom pametno iskori\u0161tava kut sobe i maksimalno pove\u0107ava raspolo\u017eivi prostor+ idealno za male spava\u0107e sobe+ garderobe itd. Okruglo ogledalo (\u03c6 40 cm) mo\u017ee se rotirati za 360\u00b0 i mo\u017ee se podesiti na 3 temperature boje: hladno + toplo i prirodno svjetlo. Svjetlina se mo\u017ee jednostavno podesiti pomo\u0107u inteligentnog prekida\u010da na dodir. To zna\u010di da ljudi u razli\u010ditim okru\u017eenjima mogu biti jasno osvijetljeni. 2 ekstra velike ladice + pretinac sa staklenom prednjom stranom i prostrana plo\u010da stola nude dovoljno prostora + za kategorizirano pohranjivanje kozmetike + nakita itd. dnevnih potreba. Zaobljeni uglovi \u0161tite od udaraca + za\u0161tita od prevrtanja i metalne noge osiguravaju stabilan stalak + MDF plo\u010de presvu\u010dene melaminom klase E1 su vodoodbojne + izdr\u017eljive i jednostavne za \u010di\u0161\u0107enje. Uz detaljne upute za monta\u017eu i kompletan pribor, kutni toaletni stoli\u0107 s osvjetljenjem lako se sastavlja. S prorezima izgleda elegantno i privla\u010dno.\" \/>\n<meta name=\"robots\" content=\"index, follow, max-snippet:-1, max-image-preview:large, max-video-preview:-1\" \/>\n<link rel=\"canonical\" href=\"https:\/\/inti.hr\/sr\/proizvod\/kutni-toaletni-stol-s-ogledalom\/\" \/>\n<meta property=\"og:locale\" content=\"sr_RS\" \/>\n<meta property=\"og:type\" content=\"article\" \/>\n<meta property=\"og:title\" content=\"Kutni toaletni stol s ogledalom - Inti\" \/>\n<meta property=\"og:description\" content=\"Kutni dizajn ovog toaletnog stoli\u0107a s ogledalom pametno iskori\u0161tava kut sobe i maksimalno pove\u0107ava raspolo\u017eivi prostor+ idealno za male spava\u0107e sobe+ garderobe itd. Okruglo ogledalo (\u03c6 40 cm) mo\u017ee se rotirati za 360\u00b0 i mo\u017ee se podesiti na 3 temperature boje: hladno + toplo i prirodno svjetlo. Svjetlina se mo\u017ee jednostavno podesiti pomo\u0107u inteligentnog prekida\u010da na dodir. To zna\u010di da ljudi u razli\u010ditim okru\u017eenjima mogu biti jasno osvijetljeni. 2 ekstra velike ladice + pretinac sa staklenom prednjom stranom i prostrana plo\u010da stola nude dovoljno prostora + za kategorizirano pohranjivanje kozmetike + nakita itd. dnevnih potreba. Zaobljeni uglovi \u0161tite od udaraca + za\u0161tita od prevrtanja i metalne noge osiguravaju stabilan stalak + MDF plo\u010de presvu\u010dene melaminom klase E1 su vodoodbojne + izdr\u017eljive i jednostavne za \u010di\u0161\u0107enje. Uz detaljne upute za monta\u017eu i kompletan pribor, kutni toaletni stoli\u0107 s osvjetljenjem lako se sastavlja. S prorezima izgleda elegantno i privla\u010dno.\" \/>\n<meta property=\"og:url\" content=\"https:\/\/inti.hr\/sr\/proizvod\/kutni-toaletni-stol-s-ogledalom\/\" \/>\n<meta property=\"og:site_name\" content=\"Inti\" \/>\n<meta property=\"og:image\" content=\"https:\/\/i0.wp.com\/inti.hr\/wp-content\/uploads\/2024\/11\/Eck-Schminktisch-mit-Spiegel-mit-Beleuchtung-moderner-Kosmetiktisch-W0ETT0285-Weiss2_600x600.jpg?fit=600%2C600&ssl=1\" \/>\n\t<meta property=\"og:image:width\" content=\"600\" \/>\n\t<meta property=\"og:image:height\" content=\"600\" \/>\n\t<meta property=\"og:image:type\" content=\"image\/jpeg\" \/>\n<meta name=\"twitter:card\" content=\"summary_large_image\" \/>\n<script type=\"application\/ld+json\" class=\"yoast-schema-graph\">{\"@context\":\"https:\/\/schema.org\",\"@graph\":[{\"@type\":\"WebPage\",\"@id\":\"https:\/\/inti.hr\/sr\/proizvod\/kutni-toaletni-stol-s-ogledalom\/\",\"url\":\"https:\/\/inti.hr\/sr\/proizvod\/kutni-toaletni-stol-s-ogledalom\/\",\"name\":\"Kutni toaletni stol s ogledalom - Inti\",\"isPartOf\":{\"@id\":\"https:\/\/inti.hr\/sr\/#website\"},\"primaryImageOfPage\":{\"@id\":\"https:\/\/inti.hr\/sr\/proizvod\/kutni-toaletni-stol-s-ogledalom\/#primaryimage\"},\"image\":{\"@id\":\"https:\/\/inti.hr\/sr\/proizvod\/kutni-toaletni-stol-s-ogledalom\/#primaryimage\"},\"thumbnailUrl\":\"https:\/\/i0.wp.com\/inti.hr\/wp-content\/uploads\/2024\/11\/Eck-Schminktisch-mit-Spiegel-mit-Beleuchtung-moderner-Kosmetiktisch-W0ETT0285-Weiss2_600x600.jpg?fit=600%2C600&ssl=1\",\"datePublished\":\"2024-11-07T18:57:25+00:00\",\"dateModified\":\"2024-11-07T18:57:25+00:00\",\"description\":\"Kutni dizajn ovog toaletnog stoli\u0107a s ogledalom pametno iskori\u0161tava kut sobe i maksimalno pove\u0107ava raspolo\u017eivi prostor+ idealno za male spava\u0107e sobe+ garderobe itd. Okruglo ogledalo (\u03c6 40 cm) mo\u017ee se rotirati za 360\u00b0 i mo\u017ee se podesiti na 3 temperature boje: hladno + toplo i prirodno svjetlo. Svjetlina se mo\u017ee jednostavno podesiti pomo\u0107u inteligentnog prekida\u010da na dodir. To zna\u010di da ljudi u razli\u010ditim okru\u017eenjima mogu biti jasno osvijetljeni. 2 ekstra velike ladice + pretinac sa staklenom prednjom stranom i prostrana plo\u010da stola nude dovoljno prostora + za kategorizirano pohranjivanje kozmetike + nakita itd. dnevnih potreba. Zaobljeni uglovi \u0161tite od udaraca + za\u0161tita od prevrtanja i metalne noge osiguravaju stabilan stalak + MDF plo\u010de presvu\u010dene melaminom klase E1 su vodoodbojne + izdr\u017eljive i jednostavne za \u010di\u0161\u0107enje. Uz detaljne upute za monta\u017eu i kompletan pribor, kutni toaletni stoli\u0107 s osvjetljenjem lako se sastavlja. S prorezima izgleda elegantno i privla\u010dno.\",\"breadcrumb\":{\"@id\":\"https:\/\/inti.hr\/sr\/proizvod\/kutni-toaletni-stol-s-ogledalom\/#breadcrumb\"},\"inLanguage\":\"sr-RS\",\"potentialAction\":[{\"@type\":\"ReadAction\",\"target\":[\"https:\/\/inti.hr\/sr\/proizvod\/kutni-toaletni-stol-s-ogledalom\/\"]}]},{\"@type\":\"ImageObject\",\"inLanguage\":\"sr-RS\",\"@id\":\"https:\/\/inti.hr\/sr\/proizvod\/kutni-toaletni-stol-s-ogledalom\/#primaryimage\",\"url\":\"https:\/\/i0.wp.com\/inti.hr\/wp-content\/uploads\/2024\/11\/Eck-Schminktisch-mit-Spiegel-mit-Beleuchtung-moderner-Kosmetiktisch-W0ETT0285-Weiss2_600x600.jpg?fit=600%2C600&ssl=1\",\"contentUrl\":\"https:\/\/i0.wp.com\/inti.hr\/wp-content\/uploads\/2024\/11\/Eck-Schminktisch-mit-Spiegel-mit-Beleuchtung-moderner-Kosmetiktisch-W0ETT0285-Weiss2_600x600.jpg?fit=600%2C600&ssl=1\",\"width\":600,\"height\":600,\"caption\":\"WOLTU kutni toaletni stol s ogledalom, s rasvjetom, moderan kozmeti\u010dki stol, bijeli\"},{\"@type\":\"BreadcrumbList\",\"@id\":\"https:\/\/inti.hr\/sr\/proizvod\/kutni-toaletni-stol-s-ogledalom\/#breadcrumb\",\"itemListElement\":[{\"@type\":\"ListItem\",\"position\":1,\"name\":\"Po\u010detna stranica\",\"item\":\"https:\/\/inti.hr\/sr\/\"},{\"@type\":\"ListItem\",\"position\":2,\"name\":\"Prodavnica\",\"item\":\"https:\/\/inti.hr\/sr\/prodavnica\/\"},{\"@type\":\"ListItem\",\"position\":3,\"name\":\"Kutni toaletni stol s ogledalom\"}]},{\"@type\":\"WebSite\",\"@id\":\"https:\/\/inti.hr\/sr\/#website\",\"url\":\"https:\/\/inti.hr\/sr\/\",\"name\":\"Inti\",\"description\":\"trgovina\",\"potentialAction\":[{\"@type\":\"SearchAction\",\"target\":{\"@type\":\"EntryPoint\",\"urlTemplate\":\"https:\/\/inti.hr\/sr\/?s={search_term_string}\"},\"query-input\":{\"@type\":\"PropertyValueSpecification\",\"valueRequired\":true,\"valueName\":\"search_term_string\"}}],\"inLanguage\":\"sr-RS\"}]}<\/script>\n<!-- \/ Yoast SEO plugin. -->","yoast_head_json":{"title":"Kutni toaletni stol s ogledalom - Inti","description":"Kutni dizajn ovog toaletnog stoli\u0107a s ogledalom pametno iskori\u0161tava kut sobe i maksimalno pove\u0107ava raspolo\u017eivi prostor+ idealno za male spava\u0107e sobe+ garderobe itd. Okruglo ogledalo (\u03c6 40 cm) mo\u017ee se rotirati za 360\u00b0 i mo\u017ee se podesiti na 3 temperature boje: hladno + toplo i prirodno svjetlo. Svjetlina se mo\u017ee jednostavno podesiti pomo\u0107u inteligentnog prekida\u010da na dodir. To zna\u010di da ljudi u razli\u010ditim okru\u017eenjima mogu biti jasno osvijetljeni. 2 ekstra velike ladice + pretinac sa staklenom prednjom stranom i prostrana plo\u010da stola nude dovoljno prostora + za kategorizirano pohranjivanje kozmetike + nakita itd. dnevnih potreba. Zaobljeni uglovi \u0161tite od udaraca + za\u0161tita od prevrtanja i metalne noge osiguravaju stabilan stalak + MDF plo\u010de presvu\u010dene melaminom klase E1 su vodoodbojne + izdr\u017eljive i jednostavne za \u010di\u0161\u0107enje. Uz detaljne upute za monta\u017eu i kompletan pribor, kutni toaletni stoli\u0107 s osvjetljenjem lako se sastavlja. S prorezima izgleda elegantno i privla\u010dno.","robots":{"index":"index","follow":"follow","max-snippet":"max-snippet:-1","max-image-preview":"max-image-preview:large","max-video-preview":"max-video-preview:-1"},"canonical":"https:\/\/inti.hr\/sr\/proizvod\/kutni-toaletni-stol-s-ogledalom\/","og_locale":"sr_RS","og_type":"article","og_title":"Kutni toaletni stol s ogledalom - Inti","og_description":"Kutni dizajn ovog toaletnog stoli\u0107a s ogledalom pametno iskori\u0161tava kut sobe i maksimalno pove\u0107ava raspolo\u017eivi prostor+ idealno za male spava\u0107e sobe+ garderobe itd. Okruglo ogledalo (\u03c6 40 cm) mo\u017ee se rotirati za 360\u00b0 i mo\u017ee se podesiti na 3 temperature boje: hladno + toplo i prirodno svjetlo. Svjetlina se mo\u017ee jednostavno podesiti pomo\u0107u inteligentnog prekida\u010da na dodir. To zna\u010di da ljudi u razli\u010ditim okru\u017eenjima mogu biti jasno osvijetljeni. 2 ekstra velike ladice + pretinac sa staklenom prednjom stranom i prostrana plo\u010da stola nude dovoljno prostora + za kategorizirano pohranjivanje kozmetike + nakita itd. dnevnih potreba. Zaobljeni uglovi \u0161tite od udaraca + za\u0161tita od prevrtanja i metalne noge osiguravaju stabilan stalak + MDF plo\u010de presvu\u010dene melaminom klase E1 su vodoodbojne + izdr\u017eljive i jednostavne za \u010di\u0161\u0107enje. Uz detaljne upute za monta\u017eu i kompletan pribor, kutni toaletni stoli\u0107 s osvjetljenjem lako se sastavlja. S prorezima izgleda elegantno i privla\u010dno.","og_url":"https:\/\/inti.hr\/sr\/proizvod\/kutni-toaletni-stol-s-ogledalom\/","og_site_name":"Inti","og_image":[{"width":600,"height":600,"url":"https:\/\/i0.wp.com\/inti.hr\/wp-content\/uploads\/2024\/11\/Eck-Schminktisch-mit-Spiegel-mit-Beleuchtung-moderner-Kosmetiktisch-W0ETT0285-Weiss2_600x600.jpg?fit=600%2C600&ssl=1","type":"image\/jpeg"}],"twitter_card":"summary_large_image","schema":{"@context":"https:\/\/schema.org","@graph":[{"@type":"WebPage","@id":"https:\/\/inti.hr\/sr\/proizvod\/kutni-toaletni-stol-s-ogledalom\/","url":"https:\/\/inti.hr\/sr\/proizvod\/kutni-toaletni-stol-s-ogledalom\/","name":"Kutni toaletni stol s ogledalom - Inti","isPartOf":{"@id":"https:\/\/inti.hr\/sr\/#website"},"primaryImageOfPage":{"@id":"https:\/\/inti.hr\/sr\/proizvod\/kutni-toaletni-stol-s-ogledalom\/#primaryimage"},"image":{"@id":"https:\/\/inti.hr\/sr\/proizvod\/kutni-toaletni-stol-s-ogledalom\/#primaryimage"},"thumbnailUrl":"https:\/\/i0.wp.com\/inti.hr\/wp-content\/uploads\/2024\/11\/Eck-Schminktisch-mit-Spiegel-mit-Beleuchtung-moderner-Kosmetiktisch-W0ETT0285-Weiss2_600x600.jpg?fit=600%2C600&ssl=1","datePublished":"2024-11-07T18:57:25+00:00","dateModified":"2024-11-07T18:57:25+00:00","description":"Kutni dizajn ovog toaletnog stoli\u0107a s ogledalom pametno iskori\u0161tava kut sobe i maksimalno pove\u0107ava raspolo\u017eivi prostor+ idealno za male spava\u0107e sobe+ garderobe itd. Okruglo ogledalo (\u03c6 40 cm) mo\u017ee se rotirati za 360\u00b0 i mo\u017ee se podesiti na 3 temperature boje: hladno + toplo i prirodno svjetlo. Svjetlina se mo\u017ee jednostavno podesiti pomo\u0107u inteligentnog prekida\u010da na dodir. To zna\u010di da ljudi u razli\u010ditim okru\u017eenjima mogu biti jasno osvijetljeni. 2 ekstra velike ladice + pretinac sa staklenom prednjom stranom i prostrana plo\u010da stola nude dovoljno prostora + za kategorizirano pohranjivanje kozmetike + nakita itd. dnevnih potreba. Zaobljeni uglovi \u0161tite od udaraca + za\u0161tita od prevrtanja i metalne noge osiguravaju stabilan stalak + MDF plo\u010de presvu\u010dene melaminom klase E1 su vodoodbojne + izdr\u017eljive i jednostavne za \u010di\u0161\u0107enje. Uz detaljne upute za monta\u017eu i kompletan pribor, kutni toaletni stoli\u0107 s osvjetljenjem lako se sastavlja. S prorezima izgleda elegantno i privla\u010dno.","breadcrumb":{"@id":"https:\/\/inti.hr\/sr\/proizvod\/kutni-toaletni-stol-s-ogledalom\/#breadcrumb"},"inLanguage":"sr-RS","potentialAction":[{"@type":"ReadAction","target":["https:\/\/inti.hr\/sr\/proizvod\/kutni-toaletni-stol-s-ogledalom\/"]}]},{"@type":"ImageObject","inLanguage":"sr-RS","@id":"https:\/\/inti.hr\/sr\/proizvod\/kutni-toaletni-stol-s-ogledalom\/#primaryimage","url":"https:\/\/i0.wp.com\/inti.hr\/wp-content\/uploads\/2024\/11\/Eck-Schminktisch-mit-Spiegel-mit-Beleuchtung-moderner-Kosmetiktisch-W0ETT0285-Weiss2_600x600.jpg?fit=600%2C600&ssl=1","contentUrl":"https:\/\/i0.wp.com\/inti.hr\/wp-content\/uploads\/2024\/11\/Eck-Schminktisch-mit-Spiegel-mit-Beleuchtung-moderner-Kosmetiktisch-W0ETT0285-Weiss2_600x600.jpg?fit=600%2C600&ssl=1","width":600,"height":600,"caption":"WOLTU kutni toaletni stol s ogledalom, s rasvjetom, moderan kozmeti\u010dki stol, bijeli"},{"@type":"BreadcrumbList","@id":"https:\/\/inti.hr\/sr\/proizvod\/kutni-toaletni-stol-s-ogledalom\/#breadcrumb","itemListElement":[{"@type":"ListItem","position":1,"name":"Po\u010detna stranica","item":"https:\/\/inti.hr\/sr\/"},{"@type":"ListItem","position":2,"name":"Prodavnica","item":"https:\/\/inti.hr\/sr\/prodavnica\/"},{"@type":"ListItem","position":3,"name":"Kutni toaletni stol s ogledalom"}]},{"@type":"WebSite","@id":"https:\/\/inti.hr\/sr\/#website","url":"https:\/\/inti.hr\/sr\/","name":"Inti","description":"trgovina","potentialAction":[{"@type":"SearchAction","target":{"@type":"EntryPoint","urlTemplate":"https:\/\/inti.hr\/sr\/?s={search_term_string}"},"query-input":{"@type":"PropertyValueSpecification","valueRequired":true,"valueName":"search_term_string"}}],"inLanguage":"sr-RS"}]}},"jetpack_sharing_enabled":true,"jetpack-related-posts":[],"_links":{"self":[{"href":"https:\/\/inti.hr\/sr\/wp-json\/wp\/v2\/product\/35323"}],"collection":[{"href":"https:\/\/inti.hr\/sr\/wp-json\/wp\/v2\/product"}],"about":[{"href":"https:\/\/inti.hr\/sr\/wp-json\/wp\/v2\/types\/product"}],"wp:featuredmedia":[{"embeddable":true,"href":"https:\/\/inti.hr\/sr\/wp-json\/wp\/v2\/media\/35324"}],"wp:attachment":[{"href":"https:\/\/inti.hr\/sr\/wp-json\/wp\/v2\/media?parent=35323"}],"wp:term":[{"taxonomy":"product_cat","embeddable":true,"href":"https:\/\/inti.hr\/sr\/wp-json\/wp\/v2\/product_cat?post=35323"},{"taxonomy":"product_tag","embeddable":true,"href":"https:\/\/inti.hr\/sr\/wp-json\/wp\/v2\/product_tag?post=35323"}],"curies":[{"name":"wp","href":"https:\/\/api.w.org\/{rel}","templated":true}]}}