{"id":35339,"date":"2024-11-07T19:35:06","date_gmt":"2024-11-07T18:35:06","guid":{"rendered":"https:\/\/inti.hr\/product\/sklopivi-barski-stol-s-presvlakom\/"},"modified":"2024-11-07T19:35:06","modified_gmt":"2024-11-07T18:35:06","slug":"sklopivi-barski-stol-s-presvlakom","status":"publish","type":"product","link":"https:\/\/inti.hr\/sr\/proizvod\/sklopivi-barski-stol-s-presvlakom\/","title":{"rendered":"Sklopivi barski stol s presvlakom \u00d8 70 cm"},"content":{"rendered":"<p>Tehni\u010dki podaci<br \/>\nMaterijal: drvo materijal klase E1 + metal<br \/>\nBoja: bijela, crna<br \/>\nUkupne dimenzije: 80 x 110 x 80 cm (\u0160 x V x D)<br \/>\nPromjer plo\u010de stola: 70 cm<br \/>\nNeto\/bruto te\u017eina: cca 9,1\/10,9 kg<br \/>\nNosivost: 80 kg<\/p>\n","protected":false},"excerpt":{"rendered":"<p>Sklopivi stoje\u0107i stol\u00a0 vrlo je funkcionalan i mo\u017ee se koristiti kao &#8230; <\/p>\n","protected":false},"featured_media":35340,"template":"","meta":[],"product_cat":[2728],"product_tag":[3018,4513],"yoast_head":"<!-- This site is optimized with the Yoast SEO plugin v23.7 - https:\/\/yoast.com\/wordpress\/plugins\/seo\/ -->\n<title>Sklopivi barski stol s presvlakom \u00d8 70 cm - Inti<\/title>\n<meta name=\"description\" content=\"Sklopivi stoje\u0107i stol\u00a0 vrlo je funkcionalan i mo\u017ee se koristiti kao bistro stol, barski stol, pomo\u0107ni stol ili mali stol za blagovanje. Uz prilo\u017eenu rastezljivu navlaku, mo\u017ee se koristiti i kao vrtni stol, stol za terasu, stol za zabave, koktel stol za vjen\u010danja ili ro\u0111endane. Mali stoli\u0107 mo\u017ee se koristiti i vani i unutra jer je plo\u010da stola otporna na ogrebotine, vodu i UV zra\u010denje. Opremljena je podesivom podlogom za noge koja kompenzira neravnine i osigurava \u010dvrsto oslonac na podu. Barski stol s presvlakom ima \u0161iroku bazu promjera 80 cm za ve\u0107u stabilnost i okruglu plo\u010du stola s finim rubovima promjera 70 cm i visine 110 cm koja pru\u017ea dovoljno prostora za pi\u0107e ili druge stvari za zabavu. Plo\u010da stola izra\u0111ena je od debelog drvenog materijala klase E1, a noge stola izra\u0111ene su od pra\u0161kasto oblo\u017eenih, robusnih metalnih cijevi, tako da je mali vrtni stol izdr\u017eljiv i mo\u017ee izdr\u017eati do 80 kg. Stol za pivski \u0161ator lako se sastavlja uz pomo\u0107 prilo\u017eenih detaljnih uputa i potrebnog pribora i alata. Zahvaljuju\u0107i sklopivom dizajnu, stoli\u0107 se mo\u017ee brzo spremiti u prtlja\u017enik i lako transportirati na putovanju.\" \/>\n<meta name=\"robots\" content=\"index, follow, max-snippet:-1, max-image-preview:large, max-video-preview:-1\" \/>\n<link rel=\"canonical\" href=\"https:\/\/inti.hr\/sr\/proizvod\/sklopivi-barski-stol-s-presvlakom\/\" \/>\n<meta property=\"og:locale\" content=\"sr_RS\" \/>\n<meta property=\"og:type\" content=\"article\" \/>\n<meta property=\"og:title\" content=\"Sklopivi barski stol s presvlakom \u00d8 70 cm - Inti\" \/>\n<meta property=\"og:description\" content=\"Sklopivi stoje\u0107i stol\u00a0 vrlo je funkcionalan i mo\u017ee se koristiti kao bistro stol, barski stol, pomo\u0107ni stol ili mali stol za blagovanje. Uz prilo\u017eenu rastezljivu navlaku, mo\u017ee se koristiti i kao vrtni stol, stol za terasu, stol za zabave, koktel stol za vjen\u010danja ili ro\u0111endane. Mali stoli\u0107 mo\u017ee se koristiti i vani i unutra jer je plo\u010da stola otporna na ogrebotine, vodu i UV zra\u010denje. Opremljena je podesivom podlogom za noge koja kompenzira neravnine i osigurava \u010dvrsto oslonac na podu. Barski stol s presvlakom ima \u0161iroku bazu promjera 80 cm za ve\u0107u stabilnost i okruglu plo\u010du stola s finim rubovima promjera 70 cm i visine 110 cm koja pru\u017ea dovoljno prostora za pi\u0107e ili druge stvari za zabavu. Plo\u010da stola izra\u0111ena je od debelog drvenog materijala klase E1, a noge stola izra\u0111ene su od pra\u0161kasto oblo\u017eenih, robusnih metalnih cijevi, tako da je mali vrtni stol izdr\u017eljiv i mo\u017ee izdr\u017eati do 80 kg. Stol za pivski \u0161ator lako se sastavlja uz pomo\u0107 prilo\u017eenih detaljnih uputa i potrebnog pribora i alata. Zahvaljuju\u0107i sklopivom dizajnu, stoli\u0107 se mo\u017ee brzo spremiti u prtlja\u017enik i lako transportirati na putovanju.\" \/>\n<meta property=\"og:url\" content=\"https:\/\/inti.hr\/sr\/proizvod\/sklopivi-barski-stol-s-presvlakom\/\" \/>\n<meta property=\"og:site_name\" content=\"Inti\" \/>\n<meta property=\"og:image\" content=\"https:\/\/i0.wp.com\/inti.hr\/wp-content\/uploads\/2024\/11\/Stehtisch-klappbar-mit-Husse-wetterfest-rund-Bartisch-70-cm-Metallrohre-W0ATT0692-Weiss1.jpg?fit=1280%2C1242&ssl=1\" \/>\n\t<meta property=\"og:image:width\" content=\"1280\" \/>\n\t<meta property=\"og:image:height\" content=\"1242\" \/>\n\t<meta property=\"og:image:type\" content=\"image\/jpeg\" \/>\n<meta name=\"twitter:card\" content=\"summary_large_image\" \/>\n<script type=\"application\/ld+json\" class=\"yoast-schema-graph\">{\"@context\":\"https:\/\/schema.org\",\"@graph\":[{\"@type\":\"WebPage\",\"@id\":\"https:\/\/inti.hr\/sr\/proizvod\/sklopivi-barski-stol-s-presvlakom\/\",\"url\":\"https:\/\/inti.hr\/sr\/proizvod\/sklopivi-barski-stol-s-presvlakom\/\",\"name\":\"Sklopivi barski stol s presvlakom \u00d8 70 cm - Inti\",\"isPartOf\":{\"@id\":\"https:\/\/inti.hr\/sr\/#website\"},\"primaryImageOfPage\":{\"@id\":\"https:\/\/inti.hr\/sr\/proizvod\/sklopivi-barski-stol-s-presvlakom\/#primaryimage\"},\"image\":{\"@id\":\"https:\/\/inti.hr\/sr\/proizvod\/sklopivi-barski-stol-s-presvlakom\/#primaryimage\"},\"thumbnailUrl\":\"https:\/\/i0.wp.com\/inti.hr\/wp-content\/uploads\/2024\/11\/Stehtisch-klappbar-mit-Husse-wetterfest-rund-Bartisch-70-cm-Metallrohre-W0ATT0692-Weiss1.jpg?fit=1280%2C1242&ssl=1\",\"datePublished\":\"2024-11-07T18:35:06+00:00\",\"dateModified\":\"2024-11-07T18:35:06+00:00\",\"description\":\"Sklopivi stoje\u0107i stol\u00a0 vrlo je funkcionalan i mo\u017ee se koristiti kao bistro stol, barski stol, pomo\u0107ni stol ili mali stol za blagovanje. Uz prilo\u017eenu rastezljivu navlaku, mo\u017ee se koristiti i kao vrtni stol, stol za terasu, stol za zabave, koktel stol za vjen\u010danja ili ro\u0111endane. Mali stoli\u0107 mo\u017ee se koristiti i vani i unutra jer je plo\u010da stola otporna na ogrebotine, vodu i UV zra\u010denje. Opremljena je podesivom podlogom za noge koja kompenzira neravnine i osigurava \u010dvrsto oslonac na podu. Barski stol s presvlakom ima \u0161iroku bazu promjera 80 cm za ve\u0107u stabilnost i okruglu plo\u010du stola s finim rubovima promjera 70 cm i visine 110 cm koja pru\u017ea dovoljno prostora za pi\u0107e ili druge stvari za zabavu. Plo\u010da stola izra\u0111ena je od debelog drvenog materijala klase E1, a noge stola izra\u0111ene su od pra\u0161kasto oblo\u017eenih, robusnih metalnih cijevi, tako da je mali vrtni stol izdr\u017eljiv i mo\u017ee izdr\u017eati do 80 kg. Stol za pivski \u0161ator lako se sastavlja uz pomo\u0107 prilo\u017eenih detaljnih uputa i potrebnog pribora i alata. Zahvaljuju\u0107i sklopivom dizajnu, stoli\u0107 se mo\u017ee brzo spremiti u prtlja\u017enik i lako transportirati na putovanju.\",\"breadcrumb\":{\"@id\":\"https:\/\/inti.hr\/sr\/proizvod\/sklopivi-barski-stol-s-presvlakom\/#breadcrumb\"},\"inLanguage\":\"sr-RS\",\"potentialAction\":[{\"@type\":\"ReadAction\",\"target\":[\"https:\/\/inti.hr\/sr\/proizvod\/sklopivi-barski-stol-s-presvlakom\/\"]}]},{\"@type\":\"ImageObject\",\"inLanguage\":\"sr-RS\",\"@id\":\"https:\/\/inti.hr\/sr\/proizvod\/sklopivi-barski-stol-s-presvlakom\/#primaryimage\",\"url\":\"https:\/\/i0.wp.com\/inti.hr\/wp-content\/uploads\/2024\/11\/Stehtisch-klappbar-mit-Husse-wetterfest-rund-Bartisch-70-cm-Metallrohre-W0ATT0692-Weiss1.jpg?fit=1280%2C1242&ssl=1\",\"contentUrl\":\"https:\/\/i0.wp.com\/inti.hr\/wp-content\/uploads\/2024\/11\/Stehtisch-klappbar-mit-Husse-wetterfest-rund-Bartisch-70-cm-Metallrohre-W0ATT0692-Weiss1.jpg?fit=1280%2C1242&ssl=1\",\"width\":1280,\"height\":1242,\"caption\":\"WOLTU sklopivi barski stol, s presvlakom, okrugli otporan na vremenske uvjete, barski stol \u00d8 70 cm, crne metalne cijevi\"},{\"@type\":\"BreadcrumbList\",\"@id\":\"https:\/\/inti.hr\/sr\/proizvod\/sklopivi-barski-stol-s-presvlakom\/#breadcrumb\",\"itemListElement\":[{\"@type\":\"ListItem\",\"position\":1,\"name\":\"Po\u010detna stranica\",\"item\":\"https:\/\/inti.hr\/sr\/\"},{\"@type\":\"ListItem\",\"position\":2,\"name\":\"Prodavnica\",\"item\":\"https:\/\/inti.hr\/sr\/prodavnica\/\"},{\"@type\":\"ListItem\",\"position\":3,\"name\":\"Sklopivi barski stol s presvlakom \u00d8 70 cm\"}]},{\"@type\":\"WebSite\",\"@id\":\"https:\/\/inti.hr\/sr\/#website\",\"url\":\"https:\/\/inti.hr\/sr\/\",\"name\":\"Inti\",\"description\":\"trgovina\",\"potentialAction\":[{\"@type\":\"SearchAction\",\"target\":{\"@type\":\"EntryPoint\",\"urlTemplate\":\"https:\/\/inti.hr\/sr\/?s={search_term_string}\"},\"query-input\":{\"@type\":\"PropertyValueSpecification\",\"valueRequired\":true,\"valueName\":\"search_term_string\"}}],\"inLanguage\":\"sr-RS\"}]}<\/script>\n<!-- \/ Yoast SEO plugin. -->","yoast_head_json":{"title":"Sklopivi barski stol s presvlakom \u00d8 70 cm - Inti","description":"Sklopivi stoje\u0107i stol\u00a0 vrlo je funkcionalan i mo\u017ee se koristiti kao bistro stol, barski stol, pomo\u0107ni stol ili mali stol za blagovanje. Uz prilo\u017eenu rastezljivu navlaku, mo\u017ee se koristiti i kao vrtni stol, stol za terasu, stol za zabave, koktel stol za vjen\u010danja ili ro\u0111endane. Mali stoli\u0107 mo\u017ee se koristiti i vani i unutra jer je plo\u010da stola otporna na ogrebotine, vodu i UV zra\u010denje. Opremljena je podesivom podlogom za noge koja kompenzira neravnine i osigurava \u010dvrsto oslonac na podu. Barski stol s presvlakom ima \u0161iroku bazu promjera 80 cm za ve\u0107u stabilnost i okruglu plo\u010du stola s finim rubovima promjera 70 cm i visine 110 cm koja pru\u017ea dovoljno prostora za pi\u0107e ili druge stvari za zabavu. Plo\u010da stola izra\u0111ena je od debelog drvenog materijala klase E1, a noge stola izra\u0111ene su od pra\u0161kasto oblo\u017eenih, robusnih metalnih cijevi, tako da je mali vrtni stol izdr\u017eljiv i mo\u017ee izdr\u017eati do 80 kg. Stol za pivski \u0161ator lako se sastavlja uz pomo\u0107 prilo\u017eenih detaljnih uputa i potrebnog pribora i alata. Zahvaljuju\u0107i sklopivom dizajnu, stoli\u0107 se mo\u017ee brzo spremiti u prtlja\u017enik i lako transportirati na putovanju.","robots":{"index":"index","follow":"follow","max-snippet":"max-snippet:-1","max-image-preview":"max-image-preview:large","max-video-preview":"max-video-preview:-1"},"canonical":"https:\/\/inti.hr\/sr\/proizvod\/sklopivi-barski-stol-s-presvlakom\/","og_locale":"sr_RS","og_type":"article","og_title":"Sklopivi barski stol s presvlakom \u00d8 70 cm - Inti","og_description":"Sklopivi stoje\u0107i stol\u00a0 vrlo je funkcionalan i mo\u017ee se koristiti kao bistro stol, barski stol, pomo\u0107ni stol ili mali stol za blagovanje. Uz prilo\u017eenu rastezljivu navlaku, mo\u017ee se koristiti i kao vrtni stol, stol za terasu, stol za zabave, koktel stol za vjen\u010danja ili ro\u0111endane. Mali stoli\u0107 mo\u017ee se koristiti i vani i unutra jer je plo\u010da stola otporna na ogrebotine, vodu i UV zra\u010denje. Opremljena je podesivom podlogom za noge koja kompenzira neravnine i osigurava \u010dvrsto oslonac na podu. Barski stol s presvlakom ima \u0161iroku bazu promjera 80 cm za ve\u0107u stabilnost i okruglu plo\u010du stola s finim rubovima promjera 70 cm i visine 110 cm koja pru\u017ea dovoljno prostora za pi\u0107e ili druge stvari za zabavu. Plo\u010da stola izra\u0111ena je od debelog drvenog materijala klase E1, a noge stola izra\u0111ene su od pra\u0161kasto oblo\u017eenih, robusnih metalnih cijevi, tako da je mali vrtni stol izdr\u017eljiv i mo\u017ee izdr\u017eati do 80 kg. Stol za pivski \u0161ator lako se sastavlja uz pomo\u0107 prilo\u017eenih detaljnih uputa i potrebnog pribora i alata. Zahvaljuju\u0107i sklopivom dizajnu, stoli\u0107 se mo\u017ee brzo spremiti u prtlja\u017enik i lako transportirati na putovanju.","og_url":"https:\/\/inti.hr\/sr\/proizvod\/sklopivi-barski-stol-s-presvlakom\/","og_site_name":"Inti","og_image":[{"width":1280,"height":1242,"url":"https:\/\/i0.wp.com\/inti.hr\/wp-content\/uploads\/2024\/11\/Stehtisch-klappbar-mit-Husse-wetterfest-rund-Bartisch-70-cm-Metallrohre-W0ATT0692-Weiss1.jpg?fit=1280%2C1242&ssl=1","type":"image\/jpeg"}],"twitter_card":"summary_large_image","schema":{"@context":"https:\/\/schema.org","@graph":[{"@type":"WebPage","@id":"https:\/\/inti.hr\/sr\/proizvod\/sklopivi-barski-stol-s-presvlakom\/","url":"https:\/\/inti.hr\/sr\/proizvod\/sklopivi-barski-stol-s-presvlakom\/","name":"Sklopivi barski stol s presvlakom \u00d8 70 cm - Inti","isPartOf":{"@id":"https:\/\/inti.hr\/sr\/#website"},"primaryImageOfPage":{"@id":"https:\/\/inti.hr\/sr\/proizvod\/sklopivi-barski-stol-s-presvlakom\/#primaryimage"},"image":{"@id":"https:\/\/inti.hr\/sr\/proizvod\/sklopivi-barski-stol-s-presvlakom\/#primaryimage"},"thumbnailUrl":"https:\/\/i0.wp.com\/inti.hr\/wp-content\/uploads\/2024\/11\/Stehtisch-klappbar-mit-Husse-wetterfest-rund-Bartisch-70-cm-Metallrohre-W0ATT0692-Weiss1.jpg?fit=1280%2C1242&ssl=1","datePublished":"2024-11-07T18:35:06+00:00","dateModified":"2024-11-07T18:35:06+00:00","description":"Sklopivi stoje\u0107i stol\u00a0 vrlo je funkcionalan i mo\u017ee se koristiti kao bistro stol, barski stol, pomo\u0107ni stol ili mali stol za blagovanje. Uz prilo\u017eenu rastezljivu navlaku, mo\u017ee se koristiti i kao vrtni stol, stol za terasu, stol za zabave, koktel stol za vjen\u010danja ili ro\u0111endane. Mali stoli\u0107 mo\u017ee se koristiti i vani i unutra jer je plo\u010da stola otporna na ogrebotine, vodu i UV zra\u010denje. Opremljena je podesivom podlogom za noge koja kompenzira neravnine i osigurava \u010dvrsto oslonac na podu. Barski stol s presvlakom ima \u0161iroku bazu promjera 80 cm za ve\u0107u stabilnost i okruglu plo\u010du stola s finim rubovima promjera 70 cm i visine 110 cm koja pru\u017ea dovoljno prostora za pi\u0107e ili druge stvari za zabavu. Plo\u010da stola izra\u0111ena je od debelog drvenog materijala klase E1, a noge stola izra\u0111ene su od pra\u0161kasto oblo\u017eenih, robusnih metalnih cijevi, tako da je mali vrtni stol izdr\u017eljiv i mo\u017ee izdr\u017eati do 80 kg. Stol za pivski \u0161ator lako se sastavlja uz pomo\u0107 prilo\u017eenih detaljnih uputa i potrebnog pribora i alata. Zahvaljuju\u0107i sklopivom dizajnu, stoli\u0107 se mo\u017ee brzo spremiti u prtlja\u017enik i lako transportirati na putovanju.","breadcrumb":{"@id":"https:\/\/inti.hr\/sr\/proizvod\/sklopivi-barski-stol-s-presvlakom\/#breadcrumb"},"inLanguage":"sr-RS","potentialAction":[{"@type":"ReadAction","target":["https:\/\/inti.hr\/sr\/proizvod\/sklopivi-barski-stol-s-presvlakom\/"]}]},{"@type":"ImageObject","inLanguage":"sr-RS","@id":"https:\/\/inti.hr\/sr\/proizvod\/sklopivi-barski-stol-s-presvlakom\/#primaryimage","url":"https:\/\/i0.wp.com\/inti.hr\/wp-content\/uploads\/2024\/11\/Stehtisch-klappbar-mit-Husse-wetterfest-rund-Bartisch-70-cm-Metallrohre-W0ATT0692-Weiss1.jpg?fit=1280%2C1242&ssl=1","contentUrl":"https:\/\/i0.wp.com\/inti.hr\/wp-content\/uploads\/2024\/11\/Stehtisch-klappbar-mit-Husse-wetterfest-rund-Bartisch-70-cm-Metallrohre-W0ATT0692-Weiss1.jpg?fit=1280%2C1242&ssl=1","width":1280,"height":1242,"caption":"WOLTU sklopivi barski stol, s presvlakom, okrugli otporan na vremenske uvjete, barski stol \u00d8 70 cm, crne metalne cijevi"},{"@type":"BreadcrumbList","@id":"https:\/\/inti.hr\/sr\/proizvod\/sklopivi-barski-stol-s-presvlakom\/#breadcrumb","itemListElement":[{"@type":"ListItem","position":1,"name":"Po\u010detna stranica","item":"https:\/\/inti.hr\/sr\/"},{"@type":"ListItem","position":2,"name":"Prodavnica","item":"https:\/\/inti.hr\/sr\/prodavnica\/"},{"@type":"ListItem","position":3,"name":"Sklopivi barski stol s presvlakom \u00d8 70 cm"}]},{"@type":"WebSite","@id":"https:\/\/inti.hr\/sr\/#website","url":"https:\/\/inti.hr\/sr\/","name":"Inti","description":"trgovina","potentialAction":[{"@type":"SearchAction","target":{"@type":"EntryPoint","urlTemplate":"https:\/\/inti.hr\/sr\/?s={search_term_string}"},"query-input":{"@type":"PropertyValueSpecification","valueRequired":true,"valueName":"search_term_string"}}],"inLanguage":"sr-RS"}]}},"jetpack_sharing_enabled":true,"jetpack-related-posts":[],"_links":{"self":[{"href":"https:\/\/inti.hr\/sr\/wp-json\/wp\/v2\/product\/35339"}],"collection":[{"href":"https:\/\/inti.hr\/sr\/wp-json\/wp\/v2\/product"}],"about":[{"href":"https:\/\/inti.hr\/sr\/wp-json\/wp\/v2\/types\/product"}],"wp:featuredmedia":[{"embeddable":true,"href":"https:\/\/inti.hr\/sr\/wp-json\/wp\/v2\/media\/35340"}],"wp:attachment":[{"href":"https:\/\/inti.hr\/sr\/wp-json\/wp\/v2\/media?parent=35339"}],"wp:term":[{"taxonomy":"product_cat","embeddable":true,"href":"https:\/\/inti.hr\/sr\/wp-json\/wp\/v2\/product_cat?post=35339"},{"taxonomy":"product_tag","embeddable":true,"href":"https:\/\/inti.hr\/sr\/wp-json\/wp\/v2\/product_tag?post=35339"}],"curies":[{"name":"wp","href":"https:\/\/api.w.org\/{rel}","templated":true}]}}