{"id":35347,"date":"2024-11-06T08:55:22","date_gmt":"2024-11-06T07:55:22","guid":{"rendered":"https:\/\/inti.hr\/product\/nocni-ormaric-s-3-ladice-mat-bijela-cappuccino-bez\/"},"modified":"2024-11-06T08:55:22","modified_gmt":"2024-11-06T07:55:22","slug":"nocni-ormaric-s-3-ladice-mat-bijela-cappuccino-bez","status":"publish","type":"product","link":"https:\/\/inti.hr\/sr\/proizvod\/nocni-ormaric-s-3-ladice-mat-bijela-cappuccino-bez\/","title":{"rendered":"No\u0107ni ormari\u0107 s 3 ladice mat bijela-cappuccino be\u017e"},"content":{"rendered":"<p>Detalji proizvoda:<br \/>\nMaterijal: iverica<br \/>\nVeli\u010dina: 35 x 45 x 58,7 cm (D x \u0160 x V)<br \/>\nTe\u017eina: 15 kg<br \/>\nMaksimalna stati\u010dka nosivost plo\u010de stola: 45 kg<br \/>\nMaksimalna stati\u010dka nosivost po ladici: 4,5 kg<br \/>\nMaksimalna stati\u010dka nosivost: 59 kg<\/p>\n","protected":false},"excerpt":{"rendered":"<p>Uljep\u0161ajte svoju spava\u0107u sobu ovim modernim, minimalisti\u010dkim no\u0107nim ormari\u0107em. Zahvaljuju\u0107i posebnom &#8230; <\/p>\n","protected":false},"featured_media":35348,"template":"","meta":[],"product_cat":[2416],"product_tag":[4517,2677],"yoast_head":"<!-- This site is optimized with the Yoast SEO plugin v23.7 - https:\/\/yoast.com\/wordpress\/plugins\/seo\/ -->\n<title>No\u0107ni ormari\u0107 s 3 ladice mat bijela-cappuccino be\u017e - Inti<\/title>\n<meta name=\"description\" content=\"Uljep\u0161ajte svoju spava\u0107u sobu ovim modernim, minimalisti\u010dkim no\u0107nim ormari\u0107em. Zahvaljuju\u0107i posebnom dizajnu bo\u010dnih stranica i bijelo-be\u017e boji, va\u0161oj sobi daje jednostavan dodir i stvara opu\u0161tenu atmosferu. S kompaktnom veli\u010dinom od 35 x 45 x 58,7 cm, ovaj no\u0107ni ormari\u0107 tako\u0111er se mo\u017ee koristiti kao pomo\u0107ni stoli\u0107 ili stoli\u0107 za kau\u010d u dnevnoj sobi. 3 ladice razli\u010dite veli\u010dine pru\u017eaju mnogo prostora za pohranu tako da mo\u017eete sakriti svoje predmete, ali im i dalje mo\u017eete lako pristupiti. Promi\u0161ljen dizajn sprje\u010dava slu\u010dajno ispadanje i osigurava sigurnost. Izra\u0111en od visokokvalitetne iverice, ovaj pomo\u0107ni stol je izdr\u017eljiv i stabilan i mo\u017ee izdr\u017eati do 59 kg ukupno. Ovaj mali stol tako\u0111er je opremljen jastu\u010di\u0107ima za noge na dnu kako bi za\u0161titili va\u0161 pod od ogrebotina.\u00a0\" \/>\n<meta name=\"robots\" content=\"index, follow, max-snippet:-1, max-image-preview:large, max-video-preview:-1\" \/>\n<link rel=\"canonical\" href=\"https:\/\/inti.hr\/sr\/proizvod\/nocni-ormaric-s-3-ladice-mat-bijela-cappuccino-bez\/\" \/>\n<meta property=\"og:locale\" content=\"sr_RS\" \/>\n<meta property=\"og:type\" content=\"article\" \/>\n<meta property=\"og:title\" content=\"No\u0107ni ormari\u0107 s 3 ladice mat bijela-cappuccino be\u017e - Inti\" \/>\n<meta property=\"og:description\" content=\"Uljep\u0161ajte svoju spava\u0107u sobu ovim modernim, minimalisti\u010dkim no\u0107nim ormari\u0107em. Zahvaljuju\u0107i posebnom dizajnu bo\u010dnih stranica i bijelo-be\u017e boji, va\u0161oj sobi daje jednostavan dodir i stvara opu\u0161tenu atmosferu. S kompaktnom veli\u010dinom od 35 x 45 x 58,7 cm, ovaj no\u0107ni ormari\u0107 tako\u0111er se mo\u017ee koristiti kao pomo\u0107ni stoli\u0107 ili stoli\u0107 za kau\u010d u dnevnoj sobi. 3 ladice razli\u010dite veli\u010dine pru\u017eaju mnogo prostora za pohranu tako da mo\u017eete sakriti svoje predmete, ali im i dalje mo\u017eete lako pristupiti. Promi\u0161ljen dizajn sprje\u010dava slu\u010dajno ispadanje i osigurava sigurnost. Izra\u0111en od visokokvalitetne iverice, ovaj pomo\u0107ni stol je izdr\u017eljiv i stabilan i mo\u017ee izdr\u017eati do 59 kg ukupno. Ovaj mali stol tako\u0111er je opremljen jastu\u010di\u0107ima za noge na dnu kako bi za\u0161titili va\u0161 pod od ogrebotina.\u00a0\" \/>\n<meta property=\"og:url\" content=\"https:\/\/inti.hr\/sr\/proizvod\/nocni-ormaric-s-3-ladice-mat-bijela-cappuccino-bez\/\" \/>\n<meta property=\"og:site_name\" content=\"Inti\" \/>\n<meta property=\"og:image\" content=\"https:\/\/i0.wp.com\/inti.hr\/wp-content\/uploads\/2024\/11\/LET778W01-1.jpg?fit=1000%2C1000&ssl=1\" \/>\n\t<meta property=\"og:image:width\" content=\"1000\" \/>\n\t<meta property=\"og:image:height\" content=\"1000\" \/>\n\t<meta property=\"og:image:type\" content=\"image\/jpeg\" \/>\n<meta name=\"twitter:card\" content=\"summary_large_image\" \/>\n<script type=\"application\/ld+json\" class=\"yoast-schema-graph\">{\"@context\":\"https:\/\/schema.org\",\"@graph\":[{\"@type\":\"WebPage\",\"@id\":\"https:\/\/inti.hr\/sr\/proizvod\/nocni-ormaric-s-3-ladice-mat-bijela-cappuccino-bez\/\",\"url\":\"https:\/\/inti.hr\/sr\/proizvod\/nocni-ormaric-s-3-ladice-mat-bijela-cappuccino-bez\/\",\"name\":\"No\u0107ni ormari\u0107 s 3 ladice mat bijela-cappuccino be\u017e - Inti\",\"isPartOf\":{\"@id\":\"https:\/\/inti.hr\/sr\/#website\"},\"primaryImageOfPage\":{\"@id\":\"https:\/\/inti.hr\/sr\/proizvod\/nocni-ormaric-s-3-ladice-mat-bijela-cappuccino-bez\/#primaryimage\"},\"image\":{\"@id\":\"https:\/\/inti.hr\/sr\/proizvod\/nocni-ormaric-s-3-ladice-mat-bijela-cappuccino-bez\/#primaryimage\"},\"thumbnailUrl\":\"https:\/\/i0.wp.com\/inti.hr\/wp-content\/uploads\/2024\/11\/LET778W01-1.jpg?fit=1000%2C1000&ssl=1\",\"datePublished\":\"2024-11-06T07:55:22+00:00\",\"dateModified\":\"2024-11-06T07:55:22+00:00\",\"description\":\"Uljep\u0161ajte svoju spava\u0107u sobu ovim modernim, minimalisti\u010dkim no\u0107nim ormari\u0107em. Zahvaljuju\u0107i posebnom dizajnu bo\u010dnih stranica i bijelo-be\u017e boji, va\u0161oj sobi daje jednostavan dodir i stvara opu\u0161tenu atmosferu. S kompaktnom veli\u010dinom od 35 x 45 x 58,7 cm, ovaj no\u0107ni ormari\u0107 tako\u0111er se mo\u017ee koristiti kao pomo\u0107ni stoli\u0107 ili stoli\u0107 za kau\u010d u dnevnoj sobi. 3 ladice razli\u010dite veli\u010dine pru\u017eaju mnogo prostora za pohranu tako da mo\u017eete sakriti svoje predmete, ali im i dalje mo\u017eete lako pristupiti. Promi\u0161ljen dizajn sprje\u010dava slu\u010dajno ispadanje i osigurava sigurnost. Izra\u0111en od visokokvalitetne iverice, ovaj pomo\u0107ni stol je izdr\u017eljiv i stabilan i mo\u017ee izdr\u017eati do 59 kg ukupno. Ovaj mali stol tako\u0111er je opremljen jastu\u010di\u0107ima za noge na dnu kako bi za\u0161titili va\u0161 pod od ogrebotina.\u00a0\",\"breadcrumb\":{\"@id\":\"https:\/\/inti.hr\/sr\/proizvod\/nocni-ormaric-s-3-ladice-mat-bijela-cappuccino-bez\/#breadcrumb\"},\"inLanguage\":\"sr-RS\",\"potentialAction\":[{\"@type\":\"ReadAction\",\"target\":[\"https:\/\/inti.hr\/sr\/proizvod\/nocni-ormaric-s-3-ladice-mat-bijela-cappuccino-bez\/\"]}]},{\"@type\":\"ImageObject\",\"inLanguage\":\"sr-RS\",\"@id\":\"https:\/\/inti.hr\/sr\/proizvod\/nocni-ormaric-s-3-ladice-mat-bijela-cappuccino-bez\/#primaryimage\",\"url\":\"https:\/\/i0.wp.com\/inti.hr\/wp-content\/uploads\/2024\/11\/LET778W01-1.jpg?fit=1000%2C1000&ssl=1\",\"contentUrl\":\"https:\/\/i0.wp.com\/inti.hr\/wp-content\/uploads\/2024\/11\/LET778W01-1.jpg?fit=1000%2C1000&ssl=1\",\"width\":1000,\"height\":1000,\"caption\":\"VASAGLE no\u0107ni ormari\u0107 s 3 ladice mat bijela-cappuccino be\u017e\"},{\"@type\":\"BreadcrumbList\",\"@id\":\"https:\/\/inti.hr\/sr\/proizvod\/nocni-ormaric-s-3-ladice-mat-bijela-cappuccino-bez\/#breadcrumb\",\"itemListElement\":[{\"@type\":\"ListItem\",\"position\":1,\"name\":\"Po\u010detna stranica\",\"item\":\"https:\/\/inti.hr\/sr\/\"},{\"@type\":\"ListItem\",\"position\":2,\"name\":\"Prodavnica\",\"item\":\"https:\/\/inti.hr\/sr\/prodavnica\/\"},{\"@type\":\"ListItem\",\"position\":3,\"name\":\"No\u0107ni ormari\u0107 s 3 ladice mat bijela-cappuccino be\u017e\"}]},{\"@type\":\"WebSite\",\"@id\":\"https:\/\/inti.hr\/sr\/#website\",\"url\":\"https:\/\/inti.hr\/sr\/\",\"name\":\"Inti\",\"description\":\"trgovina\",\"potentialAction\":[{\"@type\":\"SearchAction\",\"target\":{\"@type\":\"EntryPoint\",\"urlTemplate\":\"https:\/\/inti.hr\/sr\/?s={search_term_string}\"},\"query-input\":{\"@type\":\"PropertyValueSpecification\",\"valueRequired\":true,\"valueName\":\"search_term_string\"}}],\"inLanguage\":\"sr-RS\"}]}<\/script>\n<!-- \/ Yoast SEO plugin. -->","yoast_head_json":{"title":"No\u0107ni ormari\u0107 s 3 ladice mat bijela-cappuccino be\u017e - Inti","description":"Uljep\u0161ajte svoju spava\u0107u sobu ovim modernim, minimalisti\u010dkim no\u0107nim ormari\u0107em. Zahvaljuju\u0107i posebnom dizajnu bo\u010dnih stranica i bijelo-be\u017e boji, va\u0161oj sobi daje jednostavan dodir i stvara opu\u0161tenu atmosferu. S kompaktnom veli\u010dinom od 35 x 45 x 58,7 cm, ovaj no\u0107ni ormari\u0107 tako\u0111er se mo\u017ee koristiti kao pomo\u0107ni stoli\u0107 ili stoli\u0107 za kau\u010d u dnevnoj sobi. 3 ladice razli\u010dite veli\u010dine pru\u017eaju mnogo prostora za pohranu tako da mo\u017eete sakriti svoje predmete, ali im i dalje mo\u017eete lako pristupiti. Promi\u0161ljen dizajn sprje\u010dava slu\u010dajno ispadanje i osigurava sigurnost. Izra\u0111en od visokokvalitetne iverice, ovaj pomo\u0107ni stol je izdr\u017eljiv i stabilan i mo\u017ee izdr\u017eati do 59 kg ukupno. Ovaj mali stol tako\u0111er je opremljen jastu\u010di\u0107ima za noge na dnu kako bi za\u0161titili va\u0161 pod od ogrebotina.\u00a0","robots":{"index":"index","follow":"follow","max-snippet":"max-snippet:-1","max-image-preview":"max-image-preview:large","max-video-preview":"max-video-preview:-1"},"canonical":"https:\/\/inti.hr\/sr\/proizvod\/nocni-ormaric-s-3-ladice-mat-bijela-cappuccino-bez\/","og_locale":"sr_RS","og_type":"article","og_title":"No\u0107ni ormari\u0107 s 3 ladice mat bijela-cappuccino be\u017e - Inti","og_description":"Uljep\u0161ajte svoju spava\u0107u sobu ovim modernim, minimalisti\u010dkim no\u0107nim ormari\u0107em. Zahvaljuju\u0107i posebnom dizajnu bo\u010dnih stranica i bijelo-be\u017e boji, va\u0161oj sobi daje jednostavan dodir i stvara opu\u0161tenu atmosferu. S kompaktnom veli\u010dinom od 35 x 45 x 58,7 cm, ovaj no\u0107ni ormari\u0107 tako\u0111er se mo\u017ee koristiti kao pomo\u0107ni stoli\u0107 ili stoli\u0107 za kau\u010d u dnevnoj sobi. 3 ladice razli\u010dite veli\u010dine pru\u017eaju mnogo prostora za pohranu tako da mo\u017eete sakriti svoje predmete, ali im i dalje mo\u017eete lako pristupiti. Promi\u0161ljen dizajn sprje\u010dava slu\u010dajno ispadanje i osigurava sigurnost. Izra\u0111en od visokokvalitetne iverice, ovaj pomo\u0107ni stol je izdr\u017eljiv i stabilan i mo\u017ee izdr\u017eati do 59 kg ukupno. Ovaj mali stol tako\u0111er je opremljen jastu\u010di\u0107ima za noge na dnu kako bi za\u0161titili va\u0161 pod od ogrebotina.\u00a0","og_url":"https:\/\/inti.hr\/sr\/proizvod\/nocni-ormaric-s-3-ladice-mat-bijela-cappuccino-bez\/","og_site_name":"Inti","og_image":[{"width":1000,"height":1000,"url":"https:\/\/i0.wp.com\/inti.hr\/wp-content\/uploads\/2024\/11\/LET778W01-1.jpg?fit=1000%2C1000&ssl=1","type":"image\/jpeg"}],"twitter_card":"summary_large_image","schema":{"@context":"https:\/\/schema.org","@graph":[{"@type":"WebPage","@id":"https:\/\/inti.hr\/sr\/proizvod\/nocni-ormaric-s-3-ladice-mat-bijela-cappuccino-bez\/","url":"https:\/\/inti.hr\/sr\/proizvod\/nocni-ormaric-s-3-ladice-mat-bijela-cappuccino-bez\/","name":"No\u0107ni ormari\u0107 s 3 ladice mat bijela-cappuccino be\u017e - Inti","isPartOf":{"@id":"https:\/\/inti.hr\/sr\/#website"},"primaryImageOfPage":{"@id":"https:\/\/inti.hr\/sr\/proizvod\/nocni-ormaric-s-3-ladice-mat-bijela-cappuccino-bez\/#primaryimage"},"image":{"@id":"https:\/\/inti.hr\/sr\/proizvod\/nocni-ormaric-s-3-ladice-mat-bijela-cappuccino-bez\/#primaryimage"},"thumbnailUrl":"https:\/\/i0.wp.com\/inti.hr\/wp-content\/uploads\/2024\/11\/LET778W01-1.jpg?fit=1000%2C1000&ssl=1","datePublished":"2024-11-06T07:55:22+00:00","dateModified":"2024-11-06T07:55:22+00:00","description":"Uljep\u0161ajte svoju spava\u0107u sobu ovim modernim, minimalisti\u010dkim no\u0107nim ormari\u0107em. Zahvaljuju\u0107i posebnom dizajnu bo\u010dnih stranica i bijelo-be\u017e boji, va\u0161oj sobi daje jednostavan dodir i stvara opu\u0161tenu atmosferu. S kompaktnom veli\u010dinom od 35 x 45 x 58,7 cm, ovaj no\u0107ni ormari\u0107 tako\u0111er se mo\u017ee koristiti kao pomo\u0107ni stoli\u0107 ili stoli\u0107 za kau\u010d u dnevnoj sobi. 3 ladice razli\u010dite veli\u010dine pru\u017eaju mnogo prostora za pohranu tako da mo\u017eete sakriti svoje predmete, ali im i dalje mo\u017eete lako pristupiti. Promi\u0161ljen dizajn sprje\u010dava slu\u010dajno ispadanje i osigurava sigurnost. Izra\u0111en od visokokvalitetne iverice, ovaj pomo\u0107ni stol je izdr\u017eljiv i stabilan i mo\u017ee izdr\u017eati do 59 kg ukupno. Ovaj mali stol tako\u0111er je opremljen jastu\u010di\u0107ima za noge na dnu kako bi za\u0161titili va\u0161 pod od ogrebotina.\u00a0","breadcrumb":{"@id":"https:\/\/inti.hr\/sr\/proizvod\/nocni-ormaric-s-3-ladice-mat-bijela-cappuccino-bez\/#breadcrumb"},"inLanguage":"sr-RS","potentialAction":[{"@type":"ReadAction","target":["https:\/\/inti.hr\/sr\/proizvod\/nocni-ormaric-s-3-ladice-mat-bijela-cappuccino-bez\/"]}]},{"@type":"ImageObject","inLanguage":"sr-RS","@id":"https:\/\/inti.hr\/sr\/proizvod\/nocni-ormaric-s-3-ladice-mat-bijela-cappuccino-bez\/#primaryimage","url":"https:\/\/i0.wp.com\/inti.hr\/wp-content\/uploads\/2024\/11\/LET778W01-1.jpg?fit=1000%2C1000&ssl=1","contentUrl":"https:\/\/i0.wp.com\/inti.hr\/wp-content\/uploads\/2024\/11\/LET778W01-1.jpg?fit=1000%2C1000&ssl=1","width":1000,"height":1000,"caption":"VASAGLE no\u0107ni ormari\u0107 s 3 ladice mat bijela-cappuccino be\u017e"},{"@type":"BreadcrumbList","@id":"https:\/\/inti.hr\/sr\/proizvod\/nocni-ormaric-s-3-ladice-mat-bijela-cappuccino-bez\/#breadcrumb","itemListElement":[{"@type":"ListItem","position":1,"name":"Po\u010detna stranica","item":"https:\/\/inti.hr\/sr\/"},{"@type":"ListItem","position":2,"name":"Prodavnica","item":"https:\/\/inti.hr\/sr\/prodavnica\/"},{"@type":"ListItem","position":3,"name":"No\u0107ni ormari\u0107 s 3 ladice mat bijela-cappuccino be\u017e"}]},{"@type":"WebSite","@id":"https:\/\/inti.hr\/sr\/#website","url":"https:\/\/inti.hr\/sr\/","name":"Inti","description":"trgovina","potentialAction":[{"@type":"SearchAction","target":{"@type":"EntryPoint","urlTemplate":"https:\/\/inti.hr\/sr\/?s={search_term_string}"},"query-input":{"@type":"PropertyValueSpecification","valueRequired":true,"valueName":"search_term_string"}}],"inLanguage":"sr-RS"}]}},"jetpack_sharing_enabled":true,"jetpack-related-posts":[],"_links":{"self":[{"href":"https:\/\/inti.hr\/sr\/wp-json\/wp\/v2\/product\/35347"}],"collection":[{"href":"https:\/\/inti.hr\/sr\/wp-json\/wp\/v2\/product"}],"about":[{"href":"https:\/\/inti.hr\/sr\/wp-json\/wp\/v2\/types\/product"}],"wp:featuredmedia":[{"embeddable":true,"href":"https:\/\/inti.hr\/sr\/wp-json\/wp\/v2\/media\/35348"}],"wp:attachment":[{"href":"https:\/\/inti.hr\/sr\/wp-json\/wp\/v2\/media?parent=35347"}],"wp:term":[{"taxonomy":"product_cat","embeddable":true,"href":"https:\/\/inti.hr\/sr\/wp-json\/wp\/v2\/product_cat?post=35347"},{"taxonomy":"product_tag","embeddable":true,"href":"https:\/\/inti.hr\/sr\/wp-json\/wp\/v2\/product_tag?post=35347"}],"curies":[{"name":"wp","href":"https:\/\/api.w.org\/{rel}","templated":true}]}}