{"id":35387,"date":"2024-10-31T08:00:19","date_gmt":"2024-10-31T07:00:19","guid":{"rendered":"https:\/\/inti.hr\/product\/podesivi-walk-in-ormar-l97xd24xv193-262-cm-2\/"},"modified":"2024-10-31T08:00:19","modified_gmt":"2024-10-31T07:00:19","slug":"podesivi-walk-in-ormar-l97xd24xv193-262-cm-2","status":"publish","type":"product","link":"https:\/\/inti.hr\/sr\/proizvod\/podesivi-walk-in-ormar-l97xd24xv193-262-cm-2\/","title":{"rendered":"Podesivi walk-in ormar L97xD24xV(193-262) cm"},"content":{"rendered":"<p><b>Pojedinosti o proizvodu:<\/b><\/p>\n<ul>\n<li>Te\u017eina: oko 14,9 kg.<\/li>\n<li>Testirano za: 60 kg.<\/li>\n<li>Materijal: PB(E1), \u010deli\u010dne \u0161ipke i plasti\u010dni spojnici.<\/li>\n<li>Mjere proizvoda: 97x24x(193-262) cm (vidi sliku).<\/li>\n<li>Dimenzije paketa: 120x27x14 cm<\/li>\n<li>Brza i jednostavna monta\u017ea i demonta\u017ea: samo pri\u010dvrstite teleskopske \u0161ipke izme\u0111u poda i stropa.<\/li>\n<\/ul>\n","protected":false},"excerpt":{"rendered":"<p>Zahvaljuju\u0107i stalno podesivoj \u0161ipki za odje\u0107u i 5 polica, ovaj sustav &#8230; <\/p>\n","protected":false},"featured_media":35388,"template":"","meta":[],"product_cat":[2416],"product_tag":[4531,2677],"yoast_head":"<!-- This site is optimized with the Yoast SEO plugin v23.7 - https:\/\/yoast.com\/wordpress\/plugins\/seo\/ -->\n<title>Podesivi walk-in ormar L97xD24xV(193-262) cm - Inti<\/title>\n<meta name=\"description\" content=\"Zahvaljuju\u0107i stalno podesivoj \u0161ipki za odje\u0107u i 5 polica, ovaj sustav nudi dovoljno prostora za haljine, kapute, topove, hla\u010de i ko\u0161ulje.Ovaj elegantni komad namje\u0161taja dokaz je umije\u0107a izrade i prakti\u010dnosti.Ovaj komad namje\u0161taja ne samo da vam poma\u017ee osloboditi prostor u ormaru, ve\u0107 i razumno iskori\u0161tava kutove i prazne prostore u va\u0161em domu.Jednostavno pri\u010dvrstite \u0161ipke izme\u0111u poda i stropa za jednostavno rukovanje, omogu\u0107uju\u0107i vam postavljanje stalka posebno blizu zida.\" \/>\n<meta name=\"robots\" content=\"index, follow, max-snippet:-1, max-image-preview:large, max-video-preview:-1\" \/>\n<link rel=\"canonical\" href=\"https:\/\/inti.hr\/sr\/proizvod\/podesivi-walk-in-ormar-l97xd24xv193-262-cm-2\/\" \/>\n<meta property=\"og:locale\" content=\"sr_RS\" \/>\n<meta property=\"og:type\" content=\"article\" \/>\n<meta property=\"og:title\" content=\"Podesivi walk-in ormar L97xD24xV(193-262) cm - Inti\" \/>\n<meta property=\"og:description\" content=\"Zahvaljuju\u0107i stalno podesivoj \u0161ipki za odje\u0107u i 5 polica, ovaj sustav nudi dovoljno prostora za haljine, kapute, topove, hla\u010de i ko\u0161ulje.Ovaj elegantni komad namje\u0161taja dokaz je umije\u0107a izrade i prakti\u010dnosti.Ovaj komad namje\u0161taja ne samo da vam poma\u017ee osloboditi prostor u ormaru, ve\u0107 i razumno iskori\u0161tava kutove i prazne prostore u va\u0161em domu.Jednostavno pri\u010dvrstite \u0161ipke izme\u0111u poda i stropa za jednostavno rukovanje, omogu\u0107uju\u0107i vam postavljanje stalka posebno blizu zida.\" \/>\n<meta property=\"og:url\" content=\"https:\/\/inti.hr\/sr\/proizvod\/podesivi-walk-in-ormar-l97xd24xv193-262-cm-2\/\" \/>\n<meta property=\"og:site_name\" content=\"Inti\" \/>\n<meta property=\"og:image\" content=\"https:\/\/i0.wp.com\/inti.hr\/wp-content\/uploads\/2024\/10\/KLS15-WN-S003_1800x1800-1.webp?fit=1600%2C1600&ssl=1\" \/>\n\t<meta property=\"og:image:width\" content=\"1600\" \/>\n\t<meta property=\"og:image:height\" content=\"1600\" \/>\n\t<meta property=\"og:image:type\" content=\"image\/webp\" \/>\n<meta name=\"twitter:card\" content=\"summary_large_image\" \/>\n<script type=\"application\/ld+json\" class=\"yoast-schema-graph\">{\"@context\":\"https:\/\/schema.org\",\"@graph\":[{\"@type\":\"WebPage\",\"@id\":\"https:\/\/inti.hr\/sr\/proizvod\/podesivi-walk-in-ormar-l97xd24xv193-262-cm-2\/\",\"url\":\"https:\/\/inti.hr\/sr\/proizvod\/podesivi-walk-in-ormar-l97xd24xv193-262-cm-2\/\",\"name\":\"Podesivi walk-in ormar L97xD24xV(193-262) cm - Inti\",\"isPartOf\":{\"@id\":\"https:\/\/inti.hr\/sr\/#website\"},\"primaryImageOfPage\":{\"@id\":\"https:\/\/inti.hr\/sr\/proizvod\/podesivi-walk-in-ormar-l97xd24xv193-262-cm-2\/#primaryimage\"},\"image\":{\"@id\":\"https:\/\/inti.hr\/sr\/proizvod\/podesivi-walk-in-ormar-l97xd24xv193-262-cm-2\/#primaryimage\"},\"thumbnailUrl\":\"https:\/\/i0.wp.com\/inti.hr\/wp-content\/uploads\/2024\/10\/KLS15-WN-S003_1800x1800-1.webp?fit=1600%2C1600&ssl=1\",\"datePublished\":\"2024-10-31T07:00:19+00:00\",\"dateModified\":\"2024-10-31T07:00:19+00:00\",\"description\":\"Zahvaljuju\u0107i stalno podesivoj \u0161ipki za odje\u0107u i 5 polica, ovaj sustav nudi dovoljno prostora za haljine, kapute, topove, hla\u010de i ko\u0161ulje.Ovaj elegantni komad namje\u0161taja dokaz je umije\u0107a izrade i prakti\u010dnosti.Ovaj komad namje\u0161taja ne samo da vam poma\u017ee osloboditi prostor u ormaru, ve\u0107 i razumno iskori\u0161tava kutove i prazne prostore u va\u0161em domu.Jednostavno pri\u010dvrstite \u0161ipke izme\u0111u poda i stropa za jednostavno rukovanje, omogu\u0107uju\u0107i vam postavljanje stalka posebno blizu zida.\",\"breadcrumb\":{\"@id\":\"https:\/\/inti.hr\/sr\/proizvod\/podesivi-walk-in-ormar-l97xd24xv193-262-cm-2\/#breadcrumb\"},\"inLanguage\":\"sr-RS\",\"potentialAction\":[{\"@type\":\"ReadAction\",\"target\":[\"https:\/\/inti.hr\/sr\/proizvod\/podesivi-walk-in-ormar-l97xd24xv193-262-cm-2\/\"]}]},{\"@type\":\"ImageObject\",\"inLanguage\":\"sr-RS\",\"@id\":\"https:\/\/inti.hr\/sr\/proizvod\/podesivi-walk-in-ormar-l97xd24xv193-262-cm-2\/#primaryimage\",\"url\":\"https:\/\/i0.wp.com\/inti.hr\/wp-content\/uploads\/2024\/10\/KLS15-WN-S003_1800x1800-1.webp?fit=1600%2C1600&ssl=1\",\"contentUrl\":\"https:\/\/i0.wp.com\/inti.hr\/wp-content\/uploads\/2024\/10\/KLS15-WN-S003_1800x1800-1.webp?fit=1600%2C1600&ssl=1\",\"width\":1600,\"height\":1600,\"caption\":\"SoBuy Podesivi walk-in ormar L97xD24xV(193-262) cm KLS15-WN\"},{\"@type\":\"BreadcrumbList\",\"@id\":\"https:\/\/inti.hr\/sr\/proizvod\/podesivi-walk-in-ormar-l97xd24xv193-262-cm-2\/#breadcrumb\",\"itemListElement\":[{\"@type\":\"ListItem\",\"position\":1,\"name\":\"Po\u010detna stranica\",\"item\":\"https:\/\/inti.hr\/sr\/\"},{\"@type\":\"ListItem\",\"position\":2,\"name\":\"Prodavnica\",\"item\":\"https:\/\/inti.hr\/sr\/prodavnica\/\"},{\"@type\":\"ListItem\",\"position\":3,\"name\":\"Podesivi walk-in ormar L97xD24xV(193-262) cm\"}]},{\"@type\":\"WebSite\",\"@id\":\"https:\/\/inti.hr\/sr\/#website\",\"url\":\"https:\/\/inti.hr\/sr\/\",\"name\":\"Inti\",\"description\":\"trgovina\",\"potentialAction\":[{\"@type\":\"SearchAction\",\"target\":{\"@type\":\"EntryPoint\",\"urlTemplate\":\"https:\/\/inti.hr\/sr\/?s={search_term_string}\"},\"query-input\":{\"@type\":\"PropertyValueSpecification\",\"valueRequired\":true,\"valueName\":\"search_term_string\"}}],\"inLanguage\":\"sr-RS\"}]}<\/script>\n<!-- \/ Yoast SEO plugin. -->","yoast_head_json":{"title":"Podesivi walk-in ormar L97xD24xV(193-262) cm - Inti","description":"Zahvaljuju\u0107i stalno podesivoj \u0161ipki za odje\u0107u i 5 polica, ovaj sustav nudi dovoljno prostora za haljine, kapute, topove, hla\u010de i ko\u0161ulje.Ovaj elegantni komad namje\u0161taja dokaz je umije\u0107a izrade i prakti\u010dnosti.Ovaj komad namje\u0161taja ne samo da vam poma\u017ee osloboditi prostor u ormaru, ve\u0107 i razumno iskori\u0161tava kutove i prazne prostore u va\u0161em domu.Jednostavno pri\u010dvrstite \u0161ipke izme\u0111u poda i stropa za jednostavno rukovanje, omogu\u0107uju\u0107i vam postavljanje stalka posebno blizu zida.","robots":{"index":"index","follow":"follow","max-snippet":"max-snippet:-1","max-image-preview":"max-image-preview:large","max-video-preview":"max-video-preview:-1"},"canonical":"https:\/\/inti.hr\/sr\/proizvod\/podesivi-walk-in-ormar-l97xd24xv193-262-cm-2\/","og_locale":"sr_RS","og_type":"article","og_title":"Podesivi walk-in ormar L97xD24xV(193-262) cm - Inti","og_description":"Zahvaljuju\u0107i stalno podesivoj \u0161ipki za odje\u0107u i 5 polica, ovaj sustav nudi dovoljno prostora za haljine, kapute, topove, hla\u010de i ko\u0161ulje.Ovaj elegantni komad namje\u0161taja dokaz je umije\u0107a izrade i prakti\u010dnosti.Ovaj komad namje\u0161taja ne samo da vam poma\u017ee osloboditi prostor u ormaru, ve\u0107 i razumno iskori\u0161tava kutove i prazne prostore u va\u0161em domu.Jednostavno pri\u010dvrstite \u0161ipke izme\u0111u poda i stropa za jednostavno rukovanje, omogu\u0107uju\u0107i vam postavljanje stalka posebno blizu zida.","og_url":"https:\/\/inti.hr\/sr\/proizvod\/podesivi-walk-in-ormar-l97xd24xv193-262-cm-2\/","og_site_name":"Inti","og_image":[{"width":1600,"height":1600,"url":"https:\/\/i0.wp.com\/inti.hr\/wp-content\/uploads\/2024\/10\/KLS15-WN-S003_1800x1800-1.webp?fit=1600%2C1600&ssl=1","type":"image\/webp"}],"twitter_card":"summary_large_image","schema":{"@context":"https:\/\/schema.org","@graph":[{"@type":"WebPage","@id":"https:\/\/inti.hr\/sr\/proizvod\/podesivi-walk-in-ormar-l97xd24xv193-262-cm-2\/","url":"https:\/\/inti.hr\/sr\/proizvod\/podesivi-walk-in-ormar-l97xd24xv193-262-cm-2\/","name":"Podesivi walk-in ormar L97xD24xV(193-262) cm - Inti","isPartOf":{"@id":"https:\/\/inti.hr\/sr\/#website"},"primaryImageOfPage":{"@id":"https:\/\/inti.hr\/sr\/proizvod\/podesivi-walk-in-ormar-l97xd24xv193-262-cm-2\/#primaryimage"},"image":{"@id":"https:\/\/inti.hr\/sr\/proizvod\/podesivi-walk-in-ormar-l97xd24xv193-262-cm-2\/#primaryimage"},"thumbnailUrl":"https:\/\/i0.wp.com\/inti.hr\/wp-content\/uploads\/2024\/10\/KLS15-WN-S003_1800x1800-1.webp?fit=1600%2C1600&ssl=1","datePublished":"2024-10-31T07:00:19+00:00","dateModified":"2024-10-31T07:00:19+00:00","description":"Zahvaljuju\u0107i stalno podesivoj \u0161ipki za odje\u0107u i 5 polica, ovaj sustav nudi dovoljno prostora za haljine, kapute, topove, hla\u010de i ko\u0161ulje.Ovaj elegantni komad namje\u0161taja dokaz je umije\u0107a izrade i prakti\u010dnosti.Ovaj komad namje\u0161taja ne samo da vam poma\u017ee osloboditi prostor u ormaru, ve\u0107 i razumno iskori\u0161tava kutove i prazne prostore u va\u0161em domu.Jednostavno pri\u010dvrstite \u0161ipke izme\u0111u poda i stropa za jednostavno rukovanje, omogu\u0107uju\u0107i vam postavljanje stalka posebno blizu zida.","breadcrumb":{"@id":"https:\/\/inti.hr\/sr\/proizvod\/podesivi-walk-in-ormar-l97xd24xv193-262-cm-2\/#breadcrumb"},"inLanguage":"sr-RS","potentialAction":[{"@type":"ReadAction","target":["https:\/\/inti.hr\/sr\/proizvod\/podesivi-walk-in-ormar-l97xd24xv193-262-cm-2\/"]}]},{"@type":"ImageObject","inLanguage":"sr-RS","@id":"https:\/\/inti.hr\/sr\/proizvod\/podesivi-walk-in-ormar-l97xd24xv193-262-cm-2\/#primaryimage","url":"https:\/\/i0.wp.com\/inti.hr\/wp-content\/uploads\/2024\/10\/KLS15-WN-S003_1800x1800-1.webp?fit=1600%2C1600&ssl=1","contentUrl":"https:\/\/i0.wp.com\/inti.hr\/wp-content\/uploads\/2024\/10\/KLS15-WN-S003_1800x1800-1.webp?fit=1600%2C1600&ssl=1","width":1600,"height":1600,"caption":"SoBuy Podesivi walk-in ormar L97xD24xV(193-262) cm KLS15-WN"},{"@type":"BreadcrumbList","@id":"https:\/\/inti.hr\/sr\/proizvod\/podesivi-walk-in-ormar-l97xd24xv193-262-cm-2\/#breadcrumb","itemListElement":[{"@type":"ListItem","position":1,"name":"Po\u010detna stranica","item":"https:\/\/inti.hr\/sr\/"},{"@type":"ListItem","position":2,"name":"Prodavnica","item":"https:\/\/inti.hr\/sr\/prodavnica\/"},{"@type":"ListItem","position":3,"name":"Podesivi walk-in ormar L97xD24xV(193-262) cm"}]},{"@type":"WebSite","@id":"https:\/\/inti.hr\/sr\/#website","url":"https:\/\/inti.hr\/sr\/","name":"Inti","description":"trgovina","potentialAction":[{"@type":"SearchAction","target":{"@type":"EntryPoint","urlTemplate":"https:\/\/inti.hr\/sr\/?s={search_term_string}"},"query-input":{"@type":"PropertyValueSpecification","valueRequired":true,"valueName":"search_term_string"}}],"inLanguage":"sr-RS"}]}},"jetpack_sharing_enabled":true,"jetpack-related-posts":[],"_links":{"self":[{"href":"https:\/\/inti.hr\/sr\/wp-json\/wp\/v2\/product\/35387"}],"collection":[{"href":"https:\/\/inti.hr\/sr\/wp-json\/wp\/v2\/product"}],"about":[{"href":"https:\/\/inti.hr\/sr\/wp-json\/wp\/v2\/types\/product"}],"wp:featuredmedia":[{"embeddable":true,"href":"https:\/\/inti.hr\/sr\/wp-json\/wp\/v2\/media\/35388"}],"wp:attachment":[{"href":"https:\/\/inti.hr\/sr\/wp-json\/wp\/v2\/media?parent=35387"}],"wp:term":[{"taxonomy":"product_cat","embeddable":true,"href":"https:\/\/inti.hr\/sr\/wp-json\/wp\/v2\/product_cat?post=35387"},{"taxonomy":"product_tag","embeddable":true,"href":"https:\/\/inti.hr\/sr\/wp-json\/wp\/v2\/product_tag?post=35387"}],"curies":[{"name":"wp","href":"https:\/\/api.w.org\/{rel}","templated":true}]}}