{"id":35399,"date":"2024-08-31T08:33:21","date_gmt":"2024-08-31T07:33:21","guid":{"rendered":"https:\/\/inti.hr\/product\/ormar-za-rublje-30x30x97cm\/"},"modified":"2024-08-31T08:33:21","modified_gmt":"2024-08-31T07:33:21","slug":"ormar-za-rublje-30x30x97cm","status":"publish","type":"product","link":"https:\/\/inti.hr\/sr\/proizvod\/ormar-za-rublje-30x30x97cm\/","title":{"rendered":"Ormar za rublje 30x30x97cm"},"content":{"rendered":"<p>Detalji proizvoda:<\/p>\n<p>Te\u017eina: oko 16,1 kg.<br \/>\nTestirano za: 11 kg.<br \/>\nMaterijali: MDF(E1), akrilni lak.<br \/>\nMjere proizvoda: 35x30x90 cm.<br \/>\nDimenzije paketa: 93x40x16cm.<br \/>\nS uputama za sastavljanje i vijcima. Jednostavna instalacija.<\/p>\n","protected":false},"excerpt":{"rendered":"<p>Ova ko\u0161ara za rublje nudi dodatni prostor za pohranu i istovremeno &#8230; <\/p>\n","protected":false},"featured_media":35400,"template":"","meta":[],"product_cat":[2396],"product_tag":[2522,3263],"yoast_head":"<!-- This site is optimized with the Yoast SEO plugin v23.7 - https:\/\/yoast.com\/wordpress\/plugins\/seo\/ -->\n<title>Ormar za rublje 30x30x97cm - Inti<\/title>\n<meta name=\"description\" content=\"Ova ko\u0161ara za rublje nudi dodatni prostor za pohranu i istovremeno uljep\u0161ava va\u0161u kupaonicu.Osim toga, bo\u010dna ru\u010dka se mo\u017ee koristiti za vje\u0161anje krpe ili \u010detke za \u010di\u0161\u0107enje.Visokokvalitetni paneli osiguravaju savr\u0161enu stabilnost i dug vijek trajanja. Povr\u0161ina se lako \u010disti, \u0161to olak\u0161ava ku\u0107anske poslove.\" \/>\n<meta name=\"robots\" content=\"index, follow, max-snippet:-1, max-image-preview:large, max-video-preview:-1\" \/>\n<link rel=\"canonical\" href=\"https:\/\/inti.hr\/sr\/proizvod\/ormar-za-rublje-30x30x97cm\/\" \/>\n<meta property=\"og:locale\" content=\"sr_RS\" \/>\n<meta property=\"og:type\" content=\"article\" \/>\n<meta property=\"og:title\" content=\"Ormar za rublje 30x30x97cm - Inti\" \/>\n<meta property=\"og:description\" content=\"Ova ko\u0161ara za rublje nudi dodatni prostor za pohranu i istovremeno uljep\u0161ava va\u0161u kupaonicu.Osim toga, bo\u010dna ru\u010dka se mo\u017ee koristiti za vje\u0161anje krpe ili \u010detke za \u010di\u0161\u0107enje.Visokokvalitetni paneli osiguravaju savr\u0161enu stabilnost i dug vijek trajanja. Povr\u0161ina se lako \u010disti, \u0161to olak\u0161ava ku\u0107anske poslove.\" \/>\n<meta property=\"og:url\" content=\"https:\/\/inti.hr\/sr\/proizvod\/ormar-za-rublje-30x30x97cm\/\" \/>\n<meta property=\"og:site_name\" content=\"Inti\" \/>\n<meta property=\"og:image\" content=\"https:\/\/i0.wp.com\/inti.hr\/wp-content\/uploads\/2024\/08\/BZR161-W-S004_1800x1800-1.webp?fit=1600%2C1600&ssl=1\" \/>\n\t<meta property=\"og:image:width\" content=\"1600\" \/>\n\t<meta property=\"og:image:height\" content=\"1600\" \/>\n\t<meta property=\"og:image:type\" content=\"image\/webp\" \/>\n<meta name=\"twitter:card\" content=\"summary_large_image\" \/>\n<script type=\"application\/ld+json\" class=\"yoast-schema-graph\">{\"@context\":\"https:\/\/schema.org\",\"@graph\":[{\"@type\":\"WebPage\",\"@id\":\"https:\/\/inti.hr\/sr\/proizvod\/ormar-za-rublje-30x30x97cm\/\",\"url\":\"https:\/\/inti.hr\/sr\/proizvod\/ormar-za-rublje-30x30x97cm\/\",\"name\":\"Ormar za rublje 30x30x97cm - Inti\",\"isPartOf\":{\"@id\":\"https:\/\/inti.hr\/sr\/#website\"},\"primaryImageOfPage\":{\"@id\":\"https:\/\/inti.hr\/sr\/proizvod\/ormar-za-rublje-30x30x97cm\/#primaryimage\"},\"image\":{\"@id\":\"https:\/\/inti.hr\/sr\/proizvod\/ormar-za-rublje-30x30x97cm\/#primaryimage\"},\"thumbnailUrl\":\"https:\/\/i0.wp.com\/inti.hr\/wp-content\/uploads\/2024\/08\/BZR161-W-S004_1800x1800-1.webp?fit=1600%2C1600&ssl=1\",\"datePublished\":\"2024-08-31T07:33:21+00:00\",\"dateModified\":\"2024-08-31T07:33:21+00:00\",\"description\":\"Ova ko\u0161ara za rublje nudi dodatni prostor za pohranu i istovremeno uljep\u0161ava va\u0161u kupaonicu.Osim toga, bo\u010dna ru\u010dka se mo\u017ee koristiti za vje\u0161anje krpe ili \u010detke za \u010di\u0161\u0107enje.Visokokvalitetni paneli osiguravaju savr\u0161enu stabilnost i dug vijek trajanja. Povr\u0161ina se lako \u010disti, \u0161to olak\u0161ava ku\u0107anske poslove.\",\"breadcrumb\":{\"@id\":\"https:\/\/inti.hr\/sr\/proizvod\/ormar-za-rublje-30x30x97cm\/#breadcrumb\"},\"inLanguage\":\"sr-RS\",\"potentialAction\":[{\"@type\":\"ReadAction\",\"target\":[\"https:\/\/inti.hr\/sr\/proizvod\/ormar-za-rublje-30x30x97cm\/\"]}]},{\"@type\":\"ImageObject\",\"inLanguage\":\"sr-RS\",\"@id\":\"https:\/\/inti.hr\/sr\/proizvod\/ormar-za-rublje-30x30x97cm\/#primaryimage\",\"url\":\"https:\/\/i0.wp.com\/inti.hr\/wp-content\/uploads\/2024\/08\/BZR161-W-S004_1800x1800-1.webp?fit=1600%2C1600&ssl=1\",\"contentUrl\":\"https:\/\/i0.wp.com\/inti.hr\/wp-content\/uploads\/2024\/08\/BZR161-W-S004_1800x1800-1.webp?fit=1600%2C1600&ssl=1\",\"width\":1600,\"height\":1600,\"caption\":\"Ormar za rublje 30x30x97cm BZR161-W\"},{\"@type\":\"BreadcrumbList\",\"@id\":\"https:\/\/inti.hr\/sr\/proizvod\/ormar-za-rublje-30x30x97cm\/#breadcrumb\",\"itemListElement\":[{\"@type\":\"ListItem\",\"position\":1,\"name\":\"Po\u010detna stranica\",\"item\":\"https:\/\/inti.hr\/sr\/\"},{\"@type\":\"ListItem\",\"position\":2,\"name\":\"Prodavnica\",\"item\":\"https:\/\/inti.hr\/sr\/prodavnica\/\"},{\"@type\":\"ListItem\",\"position\":3,\"name\":\"Ormar za rublje 30x30x97cm\"}]},{\"@type\":\"WebSite\",\"@id\":\"https:\/\/inti.hr\/sr\/#website\",\"url\":\"https:\/\/inti.hr\/sr\/\",\"name\":\"Inti\",\"description\":\"trgovina\",\"potentialAction\":[{\"@type\":\"SearchAction\",\"target\":{\"@type\":\"EntryPoint\",\"urlTemplate\":\"https:\/\/inti.hr\/sr\/?s={search_term_string}\"},\"query-input\":{\"@type\":\"PropertyValueSpecification\",\"valueRequired\":true,\"valueName\":\"search_term_string\"}}],\"inLanguage\":\"sr-RS\"}]}<\/script>\n<!-- \/ Yoast SEO plugin. -->","yoast_head_json":{"title":"Ormar za rublje 30x30x97cm - Inti","description":"Ova ko\u0161ara za rublje nudi dodatni prostor za pohranu i istovremeno uljep\u0161ava va\u0161u kupaonicu.Osim toga, bo\u010dna ru\u010dka se mo\u017ee koristiti za vje\u0161anje krpe ili \u010detke za \u010di\u0161\u0107enje.Visokokvalitetni paneli osiguravaju savr\u0161enu stabilnost i dug vijek trajanja. Povr\u0161ina se lako \u010disti, \u0161to olak\u0161ava ku\u0107anske poslove.","robots":{"index":"index","follow":"follow","max-snippet":"max-snippet:-1","max-image-preview":"max-image-preview:large","max-video-preview":"max-video-preview:-1"},"canonical":"https:\/\/inti.hr\/sr\/proizvod\/ormar-za-rublje-30x30x97cm\/","og_locale":"sr_RS","og_type":"article","og_title":"Ormar za rublje 30x30x97cm - Inti","og_description":"Ova ko\u0161ara za rublje nudi dodatni prostor za pohranu i istovremeno uljep\u0161ava va\u0161u kupaonicu.Osim toga, bo\u010dna ru\u010dka se mo\u017ee koristiti za vje\u0161anje krpe ili \u010detke za \u010di\u0161\u0107enje.Visokokvalitetni paneli osiguravaju savr\u0161enu stabilnost i dug vijek trajanja. Povr\u0161ina se lako \u010disti, \u0161to olak\u0161ava ku\u0107anske poslove.","og_url":"https:\/\/inti.hr\/sr\/proizvod\/ormar-za-rublje-30x30x97cm\/","og_site_name":"Inti","og_image":[{"width":1600,"height":1600,"url":"https:\/\/i0.wp.com\/inti.hr\/wp-content\/uploads\/2024\/08\/BZR161-W-S004_1800x1800-1.webp?fit=1600%2C1600&ssl=1","type":"image\/webp"}],"twitter_card":"summary_large_image","schema":{"@context":"https:\/\/schema.org","@graph":[{"@type":"WebPage","@id":"https:\/\/inti.hr\/sr\/proizvod\/ormar-za-rublje-30x30x97cm\/","url":"https:\/\/inti.hr\/sr\/proizvod\/ormar-za-rublje-30x30x97cm\/","name":"Ormar za rublje 30x30x97cm - Inti","isPartOf":{"@id":"https:\/\/inti.hr\/sr\/#website"},"primaryImageOfPage":{"@id":"https:\/\/inti.hr\/sr\/proizvod\/ormar-za-rublje-30x30x97cm\/#primaryimage"},"image":{"@id":"https:\/\/inti.hr\/sr\/proizvod\/ormar-za-rublje-30x30x97cm\/#primaryimage"},"thumbnailUrl":"https:\/\/i0.wp.com\/inti.hr\/wp-content\/uploads\/2024\/08\/BZR161-W-S004_1800x1800-1.webp?fit=1600%2C1600&ssl=1","datePublished":"2024-08-31T07:33:21+00:00","dateModified":"2024-08-31T07:33:21+00:00","description":"Ova ko\u0161ara za rublje nudi dodatni prostor za pohranu i istovremeno uljep\u0161ava va\u0161u kupaonicu.Osim toga, bo\u010dna ru\u010dka se mo\u017ee koristiti za vje\u0161anje krpe ili \u010detke za \u010di\u0161\u0107enje.Visokokvalitetni paneli osiguravaju savr\u0161enu stabilnost i dug vijek trajanja. Povr\u0161ina se lako \u010disti, \u0161to olak\u0161ava ku\u0107anske poslove.","breadcrumb":{"@id":"https:\/\/inti.hr\/sr\/proizvod\/ormar-za-rublje-30x30x97cm\/#breadcrumb"},"inLanguage":"sr-RS","potentialAction":[{"@type":"ReadAction","target":["https:\/\/inti.hr\/sr\/proizvod\/ormar-za-rublje-30x30x97cm\/"]}]},{"@type":"ImageObject","inLanguage":"sr-RS","@id":"https:\/\/inti.hr\/sr\/proizvod\/ormar-za-rublje-30x30x97cm\/#primaryimage","url":"https:\/\/i0.wp.com\/inti.hr\/wp-content\/uploads\/2024\/08\/BZR161-W-S004_1800x1800-1.webp?fit=1600%2C1600&ssl=1","contentUrl":"https:\/\/i0.wp.com\/inti.hr\/wp-content\/uploads\/2024\/08\/BZR161-W-S004_1800x1800-1.webp?fit=1600%2C1600&ssl=1","width":1600,"height":1600,"caption":"Ormar za rublje 30x30x97cm BZR161-W"},{"@type":"BreadcrumbList","@id":"https:\/\/inti.hr\/sr\/proizvod\/ormar-za-rublje-30x30x97cm\/#breadcrumb","itemListElement":[{"@type":"ListItem","position":1,"name":"Po\u010detna stranica","item":"https:\/\/inti.hr\/sr\/"},{"@type":"ListItem","position":2,"name":"Prodavnica","item":"https:\/\/inti.hr\/sr\/prodavnica\/"},{"@type":"ListItem","position":3,"name":"Ormar za rublje 30x30x97cm"}]},{"@type":"WebSite","@id":"https:\/\/inti.hr\/sr\/#website","url":"https:\/\/inti.hr\/sr\/","name":"Inti","description":"trgovina","potentialAction":[{"@type":"SearchAction","target":{"@type":"EntryPoint","urlTemplate":"https:\/\/inti.hr\/sr\/?s={search_term_string}"},"query-input":{"@type":"PropertyValueSpecification","valueRequired":true,"valueName":"search_term_string"}}],"inLanguage":"sr-RS"}]}},"jetpack_sharing_enabled":true,"jetpack-related-posts":[],"_links":{"self":[{"href":"https:\/\/inti.hr\/sr\/wp-json\/wp\/v2\/product\/35399"}],"collection":[{"href":"https:\/\/inti.hr\/sr\/wp-json\/wp\/v2\/product"}],"about":[{"href":"https:\/\/inti.hr\/sr\/wp-json\/wp\/v2\/types\/product"}],"wp:featuredmedia":[{"embeddable":true,"href":"https:\/\/inti.hr\/sr\/wp-json\/wp\/v2\/media\/35400"}],"wp:attachment":[{"href":"https:\/\/inti.hr\/sr\/wp-json\/wp\/v2\/media?parent=35399"}],"wp:term":[{"taxonomy":"product_cat","embeddable":true,"href":"https:\/\/inti.hr\/sr\/wp-json\/wp\/v2\/product_cat?post=35399"},{"taxonomy":"product_tag","embeddable":true,"href":"https:\/\/inti.hr\/sr\/wp-json\/wp\/v2\/product_tag?post=35399"}],"curies":[{"name":"wp","href":"https:\/\/api.w.org\/{rel}","templated":true}]}}