{"id":35423,"date":"2024-08-30T15:07:22","date_gmt":"2024-08-30T14:07:22","guid":{"rendered":"https:\/\/inti.hr\/product\/djecji-regal-71x40x110cm\/"},"modified":"2024-08-30T15:07:22","modified_gmt":"2024-08-30T14:07:22","slug":"djecji-regal-71x40x110cm","status":"publish","type":"product","link":"https:\/\/inti.hr\/sr\/proizvod\/djecji-regal-71x40x110cm\/","title":{"rendered":"Dje\u010dji regal 71x40x110cm"},"content":{"rendered":"<p>Detalji proizvoda:<\/p>\n<p>Te\u017eina: oko 10,2 kg.<br \/>\nTestirano za: 22 kg.<br \/>\nMaterijal: MDF(E1), akrilni lak.<br \/>\nMjere proizvoda: 71x40x110 cm (vidi sliku).<br \/>\nMjere pakiranja: 117x45x8,5 cm.<br \/>\nS uputama za sastavljanje i vijcima. Jednostavna instalacija.<\/p>\n","protected":false},"excerpt":{"rendered":"<p>Zahvaljuju\u0107i visokoj funkcionalnosti i modernom dizajnu. Ovaj komad namje\u0161taja odli\u010dan je &#8230; <\/p>\n","protected":false},"featured_media":35424,"template":"","meta":[],"product_cat":[2411],"product_tag":[3007,2413],"yoast_head":"<!-- This site is optimized with the Yoast SEO plugin v23.7 - https:\/\/yoast.com\/wordpress\/plugins\/seo\/ -->\n<title>Dje\u010dji regal 71x40x110cm - Inti<\/title>\n<meta name=\"description\" content=\"Zahvaljuju\u0107i visokoj funkcionalnosti i modernom dizajnu. Ovaj komad namje\u0161taja odli\u010dan je pratilac za djecu.Ormar za odje\u0107u, otvorene police za pribor i ladice za velike i male predmete. Sve to na malom prostoru i na visini primjerenoj djeci koja \u0107e im omogu\u0107iti da s lako\u0107om dohvate svaku policu. Odje\u0107a i obu\u0107a za odrasle nisu prikladni za ovaj proizvod.Police ove boje izgledaju sjajno iu sobama za dje\u010dake iu sobama za djevoj\u010dice.\" \/>\n<meta name=\"robots\" content=\"index, follow, max-snippet:-1, max-image-preview:large, max-video-preview:-1\" \/>\n<link rel=\"canonical\" href=\"https:\/\/inti.hr\/sr\/proizvod\/djecji-regal-71x40x110cm\/\" \/>\n<meta property=\"og:locale\" content=\"sr_RS\" \/>\n<meta property=\"og:type\" content=\"article\" \/>\n<meta property=\"og:title\" content=\"Dje\u010dji regal 71x40x110cm - Inti\" \/>\n<meta property=\"og:description\" content=\"Zahvaljuju\u0107i visokoj funkcionalnosti i modernom dizajnu. Ovaj komad namje\u0161taja odli\u010dan je pratilac za djecu.Ormar za odje\u0107u, otvorene police za pribor i ladice za velike i male predmete. Sve to na malom prostoru i na visini primjerenoj djeci koja \u0107e im omogu\u0107iti da s lako\u0107om dohvate svaku policu. Odje\u0107a i obu\u0107a za odrasle nisu prikladni za ovaj proizvod.Police ove boje izgledaju sjajno iu sobama za dje\u010dake iu sobama za djevoj\u010dice.\" \/>\n<meta property=\"og:url\" content=\"https:\/\/inti.hr\/sr\/proizvod\/djecji-regal-71x40x110cm\/\" \/>\n<meta property=\"og:site_name\" content=\"Inti\" \/>\n<meta property=\"og:image\" content=\"https:\/\/i0.wp.com\/inti.hr\/wp-content\/uploads\/2024\/08\/KMB102-N-Y004_670x.webp?fit=670%2C670&ssl=1\" \/>\n\t<meta property=\"og:image:width\" content=\"670\" \/>\n\t<meta property=\"og:image:height\" content=\"670\" \/>\n\t<meta property=\"og:image:type\" content=\"image\/webp\" \/>\n<meta name=\"twitter:card\" content=\"summary_large_image\" \/>\n<script type=\"application\/ld+json\" class=\"yoast-schema-graph\">{\"@context\":\"https:\/\/schema.org\",\"@graph\":[{\"@type\":\"WebPage\",\"@id\":\"https:\/\/inti.hr\/sr\/proizvod\/djecji-regal-71x40x110cm\/\",\"url\":\"https:\/\/inti.hr\/sr\/proizvod\/djecji-regal-71x40x110cm\/\",\"name\":\"Dje\u010dji regal 71x40x110cm - Inti\",\"isPartOf\":{\"@id\":\"https:\/\/inti.hr\/sr\/#website\"},\"primaryImageOfPage\":{\"@id\":\"https:\/\/inti.hr\/sr\/proizvod\/djecji-regal-71x40x110cm\/#primaryimage\"},\"image\":{\"@id\":\"https:\/\/inti.hr\/sr\/proizvod\/djecji-regal-71x40x110cm\/#primaryimage\"},\"thumbnailUrl\":\"https:\/\/i0.wp.com\/inti.hr\/wp-content\/uploads\/2024\/08\/KMB102-N-Y004_670x.webp?fit=670%2C670&ssl=1\",\"datePublished\":\"2024-08-30T14:07:22+00:00\",\"dateModified\":\"2024-08-30T14:07:22+00:00\",\"description\":\"Zahvaljuju\u0107i visokoj funkcionalnosti i modernom dizajnu. Ovaj komad namje\u0161taja odli\u010dan je pratilac za djecu.Ormar za odje\u0107u, otvorene police za pribor i ladice za velike i male predmete. Sve to na malom prostoru i na visini primjerenoj djeci koja \u0107e im omogu\u0107iti da s lako\u0107om dohvate svaku policu. Odje\u0107a i obu\u0107a za odrasle nisu prikladni za ovaj proizvod.Police ove boje izgledaju sjajno iu sobama za dje\u010dake iu sobama za djevoj\u010dice.\",\"breadcrumb\":{\"@id\":\"https:\/\/inti.hr\/sr\/proizvod\/djecji-regal-71x40x110cm\/#breadcrumb\"},\"inLanguage\":\"sr-RS\",\"potentialAction\":[{\"@type\":\"ReadAction\",\"target\":[\"https:\/\/inti.hr\/sr\/proizvod\/djecji-regal-71x40x110cm\/\"]}]},{\"@type\":\"ImageObject\",\"inLanguage\":\"sr-RS\",\"@id\":\"https:\/\/inti.hr\/sr\/proizvod\/djecji-regal-71x40x110cm\/#primaryimage\",\"url\":\"https:\/\/i0.wp.com\/inti.hr\/wp-content\/uploads\/2024\/08\/KMB102-N-Y004_670x.webp?fit=670%2C670&ssl=1\",\"contentUrl\":\"https:\/\/i0.wp.com\/inti.hr\/wp-content\/uploads\/2024\/08\/KMB102-N-Y004_670x.webp?fit=670%2C670&ssl=1\",\"width\":670,\"height\":670,\"caption\":\"Dje\u010dji regal 71x40x110cm\"},{\"@type\":\"BreadcrumbList\",\"@id\":\"https:\/\/inti.hr\/sr\/proizvod\/djecji-regal-71x40x110cm\/#breadcrumb\",\"itemListElement\":[{\"@type\":\"ListItem\",\"position\":1,\"name\":\"Po\u010detna stranica\",\"item\":\"https:\/\/inti.hr\/sr\/\"},{\"@type\":\"ListItem\",\"position\":2,\"name\":\"Prodavnica\",\"item\":\"https:\/\/inti.hr\/sr\/prodavnica\/\"},{\"@type\":\"ListItem\",\"position\":3,\"name\":\"Dje\u010dji regal 71x40x110cm\"}]},{\"@type\":\"WebSite\",\"@id\":\"https:\/\/inti.hr\/sr\/#website\",\"url\":\"https:\/\/inti.hr\/sr\/\",\"name\":\"Inti\",\"description\":\"trgovina\",\"potentialAction\":[{\"@type\":\"SearchAction\",\"target\":{\"@type\":\"EntryPoint\",\"urlTemplate\":\"https:\/\/inti.hr\/sr\/?s={search_term_string}\"},\"query-input\":{\"@type\":\"PropertyValueSpecification\",\"valueRequired\":true,\"valueName\":\"search_term_string\"}}],\"inLanguage\":\"sr-RS\"}]}<\/script>\n<!-- \/ Yoast SEO plugin. -->","yoast_head_json":{"title":"Dje\u010dji regal 71x40x110cm - Inti","description":"Zahvaljuju\u0107i visokoj funkcionalnosti i modernom dizajnu. Ovaj komad namje\u0161taja odli\u010dan je pratilac za djecu.Ormar za odje\u0107u, otvorene police za pribor i ladice za velike i male predmete. Sve to na malom prostoru i na visini primjerenoj djeci koja \u0107e im omogu\u0107iti da s lako\u0107om dohvate svaku policu. Odje\u0107a i obu\u0107a za odrasle nisu prikladni za ovaj proizvod.Police ove boje izgledaju sjajno iu sobama za dje\u010dake iu sobama za djevoj\u010dice.","robots":{"index":"index","follow":"follow","max-snippet":"max-snippet:-1","max-image-preview":"max-image-preview:large","max-video-preview":"max-video-preview:-1"},"canonical":"https:\/\/inti.hr\/sr\/proizvod\/djecji-regal-71x40x110cm\/","og_locale":"sr_RS","og_type":"article","og_title":"Dje\u010dji regal 71x40x110cm - Inti","og_description":"Zahvaljuju\u0107i visokoj funkcionalnosti i modernom dizajnu. Ovaj komad namje\u0161taja odli\u010dan je pratilac za djecu.Ormar za odje\u0107u, otvorene police za pribor i ladice za velike i male predmete. Sve to na malom prostoru i na visini primjerenoj djeci koja \u0107e im omogu\u0107iti da s lako\u0107om dohvate svaku policu. Odje\u0107a i obu\u0107a za odrasle nisu prikladni za ovaj proizvod.Police ove boje izgledaju sjajno iu sobama za dje\u010dake iu sobama za djevoj\u010dice.","og_url":"https:\/\/inti.hr\/sr\/proizvod\/djecji-regal-71x40x110cm\/","og_site_name":"Inti","og_image":[{"width":670,"height":670,"url":"https:\/\/i0.wp.com\/inti.hr\/wp-content\/uploads\/2024\/08\/KMB102-N-Y004_670x.webp?fit=670%2C670&ssl=1","type":"image\/webp"}],"twitter_card":"summary_large_image","schema":{"@context":"https:\/\/schema.org","@graph":[{"@type":"WebPage","@id":"https:\/\/inti.hr\/sr\/proizvod\/djecji-regal-71x40x110cm\/","url":"https:\/\/inti.hr\/sr\/proizvod\/djecji-regal-71x40x110cm\/","name":"Dje\u010dji regal 71x40x110cm - Inti","isPartOf":{"@id":"https:\/\/inti.hr\/sr\/#website"},"primaryImageOfPage":{"@id":"https:\/\/inti.hr\/sr\/proizvod\/djecji-regal-71x40x110cm\/#primaryimage"},"image":{"@id":"https:\/\/inti.hr\/sr\/proizvod\/djecji-regal-71x40x110cm\/#primaryimage"},"thumbnailUrl":"https:\/\/i0.wp.com\/inti.hr\/wp-content\/uploads\/2024\/08\/KMB102-N-Y004_670x.webp?fit=670%2C670&ssl=1","datePublished":"2024-08-30T14:07:22+00:00","dateModified":"2024-08-30T14:07:22+00:00","description":"Zahvaljuju\u0107i visokoj funkcionalnosti i modernom dizajnu. Ovaj komad namje\u0161taja odli\u010dan je pratilac za djecu.Ormar za odje\u0107u, otvorene police za pribor i ladice za velike i male predmete. Sve to na malom prostoru i na visini primjerenoj djeci koja \u0107e im omogu\u0107iti da s lako\u0107om dohvate svaku policu. Odje\u0107a i obu\u0107a za odrasle nisu prikladni za ovaj proizvod.Police ove boje izgledaju sjajno iu sobama za dje\u010dake iu sobama za djevoj\u010dice.","breadcrumb":{"@id":"https:\/\/inti.hr\/sr\/proizvod\/djecji-regal-71x40x110cm\/#breadcrumb"},"inLanguage":"sr-RS","potentialAction":[{"@type":"ReadAction","target":["https:\/\/inti.hr\/sr\/proizvod\/djecji-regal-71x40x110cm\/"]}]},{"@type":"ImageObject","inLanguage":"sr-RS","@id":"https:\/\/inti.hr\/sr\/proizvod\/djecji-regal-71x40x110cm\/#primaryimage","url":"https:\/\/i0.wp.com\/inti.hr\/wp-content\/uploads\/2024\/08\/KMB102-N-Y004_670x.webp?fit=670%2C670&ssl=1","contentUrl":"https:\/\/i0.wp.com\/inti.hr\/wp-content\/uploads\/2024\/08\/KMB102-N-Y004_670x.webp?fit=670%2C670&ssl=1","width":670,"height":670,"caption":"Dje\u010dji regal 71x40x110cm"},{"@type":"BreadcrumbList","@id":"https:\/\/inti.hr\/sr\/proizvod\/djecji-regal-71x40x110cm\/#breadcrumb","itemListElement":[{"@type":"ListItem","position":1,"name":"Po\u010detna stranica","item":"https:\/\/inti.hr\/sr\/"},{"@type":"ListItem","position":2,"name":"Prodavnica","item":"https:\/\/inti.hr\/sr\/prodavnica\/"},{"@type":"ListItem","position":3,"name":"Dje\u010dji regal 71x40x110cm"}]},{"@type":"WebSite","@id":"https:\/\/inti.hr\/sr\/#website","url":"https:\/\/inti.hr\/sr\/","name":"Inti","description":"trgovina","potentialAction":[{"@type":"SearchAction","target":{"@type":"EntryPoint","urlTemplate":"https:\/\/inti.hr\/sr\/?s={search_term_string}"},"query-input":{"@type":"PropertyValueSpecification","valueRequired":true,"valueName":"search_term_string"}}],"inLanguage":"sr-RS"}]}},"jetpack_sharing_enabled":true,"jetpack-related-posts":[],"_links":{"self":[{"href":"https:\/\/inti.hr\/sr\/wp-json\/wp\/v2\/product\/35423"}],"collection":[{"href":"https:\/\/inti.hr\/sr\/wp-json\/wp\/v2\/product"}],"about":[{"href":"https:\/\/inti.hr\/sr\/wp-json\/wp\/v2\/types\/product"}],"wp:featuredmedia":[{"embeddable":true,"href":"https:\/\/inti.hr\/sr\/wp-json\/wp\/v2\/media\/35424"}],"wp:attachment":[{"href":"https:\/\/inti.hr\/sr\/wp-json\/wp\/v2\/media?parent=35423"}],"wp:term":[{"taxonomy":"product_cat","embeddable":true,"href":"https:\/\/inti.hr\/sr\/wp-json\/wp\/v2\/product_cat?post=35423"},{"taxonomy":"product_tag","embeddable":true,"href":"https:\/\/inti.hr\/sr\/wp-json\/wp\/v2\/product_tag?post=35423"}],"curies":[{"name":"wp","href":"https:\/\/api.w.org\/{rel}","templated":true}]}}