{"id":35429,"date":"2024-08-30T07:44:15","date_gmt":"2024-08-30T06:44:15","guid":{"rendered":"https:\/\/inti.hr\/product\/okretna-barska-stolica-s-prostorom-za-pohranu\/"},"modified":"2024-08-30T07:44:15","modified_gmt":"2024-08-30T06:44:15","slug":"okretna-barska-stolica-s-prostorom-za-pohranu","status":"publish","type":"product","link":"https:\/\/inti.hr\/sr\/proizvod\/okretna-barska-stolica-s-prostorom-za-pohranu\/","title":{"rendered":"Okretna barska stolica s prostorom za pohranu"},"content":{"rendered":"<p>Detalji proizvoda:<br \/>\nBoja: karamel sme\u0111a, crna<br \/>\nMaterijal: \u010delik, visoko elasti\u010dna pjena, PU sinteti\u010dka ko\u017ea (poliuretan), MDF (vlaknasta plo\u010da srednje gusto\u0107e)<br \/>\nVeli\u010dina: 41 x 41 x (61,5-81) cm (D x \u0160 x V)<br \/>\nTe\u017eina: 7,4 kg<br \/>\nMaksimalna stati\u010dka nosivost: 120 kg<\/p>\n","protected":false},"excerpt":{"rendered":"<p>Ovaj barski stolac iz kolekcije VASAGLE EKHO ima bogatu teksturu umjetne &#8230; <\/p>\n","protected":false},"featured_media":35430,"template":"","meta":[],"product_cat":[2573,2539],"product_tag":[2629,2574],"yoast_head":"<!-- This site is optimized with the Yoast SEO plugin v23.7 - https:\/\/yoast.com\/wordpress\/plugins\/seo\/ -->\n<title>Okretna barska stolica s prostorom za pohranu - Inti<\/title>\n<meta name=\"description\" content=\"Ovaj barski stolac iz kolekcije VASAGLE EKHO ima bogatu teksturu umjetne ko\u017ee i fine \u0161avove koji demonstriraju vje\u0161tinu izrade, stvaraju\u0107i dom koji mnogo govori o va\u0161em stilu. S podesivim rasponom visine od 61,5-81 cm, ovaj barski stolac s prostorom za pohranu savr\u0161eno \u0107e se uklopiti u va\u0161 prostor, bilo da ga kombinirate sa \u0161ankom, kuhinjskim otokom ili barskim stolom. Pojednostavili smo sastavljanje za vas. Uz samo nekoliko koraka i jasnih uputa, ova barska stolica zakretna za 360\u00b0 postavlja se u tren oka i spremna je impresionirati va\u0161e goste. Barska stolica ima skriveni pretinac ispod sjedala za sitnice. A njegova funkcija rotacije od 360\u00b0 osigurava udobnost i zabavu u va\u0161em prostoru za zabavu. Sa svojom povr\u0161inom od umjetne ko\u017ee koja se lako \u010disti i mat crnim nogama otpornim na mrlje, ovaj barski stolac dizajniran je za svakodnevnu upotrebu, a istovremeno zadr\u017eava svoj stilski \u0161arm.\" \/>\n<meta name=\"robots\" content=\"index, follow, max-snippet:-1, max-image-preview:large, max-video-preview:-1\" \/>\n<link rel=\"canonical\" href=\"https:\/\/inti.hr\/sr\/proizvod\/okretna-barska-stolica-s-prostorom-za-pohranu\/\" \/>\n<meta property=\"og:locale\" content=\"sr_RS\" \/>\n<meta property=\"og:type\" content=\"article\" \/>\n<meta property=\"og:title\" content=\"Okretna barska stolica s prostorom za pohranu - Inti\" \/>\n<meta property=\"og:description\" content=\"Ovaj barski stolac iz kolekcije VASAGLE EKHO ima bogatu teksturu umjetne ko\u017ee i fine \u0161avove koji demonstriraju vje\u0161tinu izrade, stvaraju\u0107i dom koji mnogo govori o va\u0161em stilu. S podesivim rasponom visine od 61,5-81 cm, ovaj barski stolac s prostorom za pohranu savr\u0161eno \u0107e se uklopiti u va\u0161 prostor, bilo da ga kombinirate sa \u0161ankom, kuhinjskim otokom ili barskim stolom. Pojednostavili smo sastavljanje za vas. Uz samo nekoliko koraka i jasnih uputa, ova barska stolica zakretna za 360\u00b0 postavlja se u tren oka i spremna je impresionirati va\u0161e goste. Barska stolica ima skriveni pretinac ispod sjedala za sitnice. A njegova funkcija rotacije od 360\u00b0 osigurava udobnost i zabavu u va\u0161em prostoru za zabavu. Sa svojom povr\u0161inom od umjetne ko\u017ee koja se lako \u010disti i mat crnim nogama otpornim na mrlje, ovaj barski stolac dizajniran je za svakodnevnu upotrebu, a istovremeno zadr\u017eava svoj stilski \u0161arm.\" \/>\n<meta property=\"og:url\" content=\"https:\/\/inti.hr\/sr\/proizvod\/okretna-barska-stolica-s-prostorom-za-pohranu\/\" \/>\n<meta property=\"og:site_name\" content=\"Inti\" \/>\n<meta property=\"og:image\" content=\"https:\/\/i0.wp.com\/inti.hr\/wp-content\/uploads\/2024\/08\/LJB099K01-1-1.jpg?fit=1000%2C1000&ssl=1\" \/>\n\t<meta property=\"og:image:width\" content=\"1000\" \/>\n\t<meta property=\"og:image:height\" content=\"1000\" \/>\n\t<meta property=\"og:image:type\" content=\"image\/jpeg\" \/>\n<meta name=\"twitter:card\" content=\"summary_large_image\" \/>\n<script type=\"application\/ld+json\" class=\"yoast-schema-graph\">{\"@context\":\"https:\/\/schema.org\",\"@graph\":[{\"@type\":\"WebPage\",\"@id\":\"https:\/\/inti.hr\/sr\/proizvod\/okretna-barska-stolica-s-prostorom-za-pohranu\/\",\"url\":\"https:\/\/inti.hr\/sr\/proizvod\/okretna-barska-stolica-s-prostorom-za-pohranu\/\",\"name\":\"Okretna barska stolica s prostorom za pohranu - Inti\",\"isPartOf\":{\"@id\":\"https:\/\/inti.hr\/sr\/#website\"},\"primaryImageOfPage\":{\"@id\":\"https:\/\/inti.hr\/sr\/proizvod\/okretna-barska-stolica-s-prostorom-za-pohranu\/#primaryimage\"},\"image\":{\"@id\":\"https:\/\/inti.hr\/sr\/proizvod\/okretna-barska-stolica-s-prostorom-za-pohranu\/#primaryimage\"},\"thumbnailUrl\":\"https:\/\/i0.wp.com\/inti.hr\/wp-content\/uploads\/2024\/08\/LJB099K01-1-1.jpg?fit=1000%2C1000&ssl=1\",\"datePublished\":\"2024-08-30T06:44:15+00:00\",\"dateModified\":\"2024-08-30T06:44:15+00:00\",\"description\":\"Ovaj barski stolac iz kolekcije VASAGLE EKHO ima bogatu teksturu umjetne ko\u017ee i fine \u0161avove koji demonstriraju vje\u0161tinu izrade, stvaraju\u0107i dom koji mnogo govori o va\u0161em stilu. S podesivim rasponom visine od 61,5-81 cm, ovaj barski stolac s prostorom za pohranu savr\u0161eno \u0107e se uklopiti u va\u0161 prostor, bilo da ga kombinirate sa \u0161ankom, kuhinjskim otokom ili barskim stolom. Pojednostavili smo sastavljanje za vas. Uz samo nekoliko koraka i jasnih uputa, ova barska stolica zakretna za 360\u00b0 postavlja se u tren oka i spremna je impresionirati va\u0161e goste. Barska stolica ima skriveni pretinac ispod sjedala za sitnice. A njegova funkcija rotacije od 360\u00b0 osigurava udobnost i zabavu u va\u0161em prostoru za zabavu. Sa svojom povr\u0161inom od umjetne ko\u017ee koja se lako \u010disti i mat crnim nogama otpornim na mrlje, ovaj barski stolac dizajniran je za svakodnevnu upotrebu, a istovremeno zadr\u017eava svoj stilski \u0161arm.\",\"breadcrumb\":{\"@id\":\"https:\/\/inti.hr\/sr\/proizvod\/okretna-barska-stolica-s-prostorom-za-pohranu\/#breadcrumb\"},\"inLanguage\":\"sr-RS\",\"potentialAction\":[{\"@type\":\"ReadAction\",\"target\":[\"https:\/\/inti.hr\/sr\/proizvod\/okretna-barska-stolica-s-prostorom-za-pohranu\/\"]}]},{\"@type\":\"ImageObject\",\"inLanguage\":\"sr-RS\",\"@id\":\"https:\/\/inti.hr\/sr\/proizvod\/okretna-barska-stolica-s-prostorom-za-pohranu\/#primaryimage\",\"url\":\"https:\/\/i0.wp.com\/inti.hr\/wp-content\/uploads\/2024\/08\/LJB099K01-1-1.jpg?fit=1000%2C1000&ssl=1\",\"contentUrl\":\"https:\/\/i0.wp.com\/inti.hr\/wp-content\/uploads\/2024\/08\/LJB099K01-1-1.jpg?fit=1000%2C1000&ssl=1\",\"width\":1000,\"height\":1000,\"caption\":\"Okretna barska stolica s prostorom za odlaganje karamel\"},{\"@type\":\"BreadcrumbList\",\"@id\":\"https:\/\/inti.hr\/sr\/proizvod\/okretna-barska-stolica-s-prostorom-za-pohranu\/#breadcrumb\",\"itemListElement\":[{\"@type\":\"ListItem\",\"position\":1,\"name\":\"Po\u010detna stranica\",\"item\":\"https:\/\/inti.hr\/sr\/\"},{\"@type\":\"ListItem\",\"position\":2,\"name\":\"Prodavnica\",\"item\":\"https:\/\/inti.hr\/sr\/prodavnica\/\"},{\"@type\":\"ListItem\",\"position\":3,\"name\":\"Okretna barska stolica s prostorom za pohranu\"}]},{\"@type\":\"WebSite\",\"@id\":\"https:\/\/inti.hr\/sr\/#website\",\"url\":\"https:\/\/inti.hr\/sr\/\",\"name\":\"Inti\",\"description\":\"trgovina\",\"potentialAction\":[{\"@type\":\"SearchAction\",\"target\":{\"@type\":\"EntryPoint\",\"urlTemplate\":\"https:\/\/inti.hr\/sr\/?s={search_term_string}\"},\"query-input\":{\"@type\":\"PropertyValueSpecification\",\"valueRequired\":true,\"valueName\":\"search_term_string\"}}],\"inLanguage\":\"sr-RS\"}]}<\/script>\n<!-- \/ Yoast SEO plugin. -->","yoast_head_json":{"title":"Okretna barska stolica s prostorom za pohranu - Inti","description":"Ovaj barski stolac iz kolekcije VASAGLE EKHO ima bogatu teksturu umjetne ko\u017ee i fine \u0161avove koji demonstriraju vje\u0161tinu izrade, stvaraju\u0107i dom koji mnogo govori o va\u0161em stilu. S podesivim rasponom visine od 61,5-81 cm, ovaj barski stolac s prostorom za pohranu savr\u0161eno \u0107e se uklopiti u va\u0161 prostor, bilo da ga kombinirate sa \u0161ankom, kuhinjskim otokom ili barskim stolom. Pojednostavili smo sastavljanje za vas. Uz samo nekoliko koraka i jasnih uputa, ova barska stolica zakretna za 360\u00b0 postavlja se u tren oka i spremna je impresionirati va\u0161e goste. Barska stolica ima skriveni pretinac ispod sjedala za sitnice. A njegova funkcija rotacije od 360\u00b0 osigurava udobnost i zabavu u va\u0161em prostoru za zabavu. Sa svojom povr\u0161inom od umjetne ko\u017ee koja se lako \u010disti i mat crnim nogama otpornim na mrlje, ovaj barski stolac dizajniran je za svakodnevnu upotrebu, a istovremeno zadr\u017eava svoj stilski \u0161arm.","robots":{"index":"index","follow":"follow","max-snippet":"max-snippet:-1","max-image-preview":"max-image-preview:large","max-video-preview":"max-video-preview:-1"},"canonical":"https:\/\/inti.hr\/sr\/proizvod\/okretna-barska-stolica-s-prostorom-za-pohranu\/","og_locale":"sr_RS","og_type":"article","og_title":"Okretna barska stolica s prostorom za pohranu - Inti","og_description":"Ovaj barski stolac iz kolekcije VASAGLE EKHO ima bogatu teksturu umjetne ko\u017ee i fine \u0161avove koji demonstriraju vje\u0161tinu izrade, stvaraju\u0107i dom koji mnogo govori o va\u0161em stilu. S podesivim rasponom visine od 61,5-81 cm, ovaj barski stolac s prostorom za pohranu savr\u0161eno \u0107e se uklopiti u va\u0161 prostor, bilo da ga kombinirate sa \u0161ankom, kuhinjskim otokom ili barskim stolom. Pojednostavili smo sastavljanje za vas. Uz samo nekoliko koraka i jasnih uputa, ova barska stolica zakretna za 360\u00b0 postavlja se u tren oka i spremna je impresionirati va\u0161e goste. Barska stolica ima skriveni pretinac ispod sjedala za sitnice. A njegova funkcija rotacije od 360\u00b0 osigurava udobnost i zabavu u va\u0161em prostoru za zabavu. Sa svojom povr\u0161inom od umjetne ko\u017ee koja se lako \u010disti i mat crnim nogama otpornim na mrlje, ovaj barski stolac dizajniran je za svakodnevnu upotrebu, a istovremeno zadr\u017eava svoj stilski \u0161arm.","og_url":"https:\/\/inti.hr\/sr\/proizvod\/okretna-barska-stolica-s-prostorom-za-pohranu\/","og_site_name":"Inti","og_image":[{"width":1000,"height":1000,"url":"https:\/\/i0.wp.com\/inti.hr\/wp-content\/uploads\/2024\/08\/LJB099K01-1-1.jpg?fit=1000%2C1000&ssl=1","type":"image\/jpeg"}],"twitter_card":"summary_large_image","schema":{"@context":"https:\/\/schema.org","@graph":[{"@type":"WebPage","@id":"https:\/\/inti.hr\/sr\/proizvod\/okretna-barska-stolica-s-prostorom-za-pohranu\/","url":"https:\/\/inti.hr\/sr\/proizvod\/okretna-barska-stolica-s-prostorom-za-pohranu\/","name":"Okretna barska stolica s prostorom za pohranu - Inti","isPartOf":{"@id":"https:\/\/inti.hr\/sr\/#website"},"primaryImageOfPage":{"@id":"https:\/\/inti.hr\/sr\/proizvod\/okretna-barska-stolica-s-prostorom-za-pohranu\/#primaryimage"},"image":{"@id":"https:\/\/inti.hr\/sr\/proizvod\/okretna-barska-stolica-s-prostorom-za-pohranu\/#primaryimage"},"thumbnailUrl":"https:\/\/i0.wp.com\/inti.hr\/wp-content\/uploads\/2024\/08\/LJB099K01-1-1.jpg?fit=1000%2C1000&ssl=1","datePublished":"2024-08-30T06:44:15+00:00","dateModified":"2024-08-30T06:44:15+00:00","description":"Ovaj barski stolac iz kolekcije VASAGLE EKHO ima bogatu teksturu umjetne ko\u017ee i fine \u0161avove koji demonstriraju vje\u0161tinu izrade, stvaraju\u0107i dom koji mnogo govori o va\u0161em stilu. S podesivim rasponom visine od 61,5-81 cm, ovaj barski stolac s prostorom za pohranu savr\u0161eno \u0107e se uklopiti u va\u0161 prostor, bilo da ga kombinirate sa \u0161ankom, kuhinjskim otokom ili barskim stolom. Pojednostavili smo sastavljanje za vas. Uz samo nekoliko koraka i jasnih uputa, ova barska stolica zakretna za 360\u00b0 postavlja se u tren oka i spremna je impresionirati va\u0161e goste. Barska stolica ima skriveni pretinac ispod sjedala za sitnice. A njegova funkcija rotacije od 360\u00b0 osigurava udobnost i zabavu u va\u0161em prostoru za zabavu. Sa svojom povr\u0161inom od umjetne ko\u017ee koja se lako \u010disti i mat crnim nogama otpornim na mrlje, ovaj barski stolac dizajniran je za svakodnevnu upotrebu, a istovremeno zadr\u017eava svoj stilski \u0161arm.","breadcrumb":{"@id":"https:\/\/inti.hr\/sr\/proizvod\/okretna-barska-stolica-s-prostorom-za-pohranu\/#breadcrumb"},"inLanguage":"sr-RS","potentialAction":[{"@type":"ReadAction","target":["https:\/\/inti.hr\/sr\/proizvod\/okretna-barska-stolica-s-prostorom-za-pohranu\/"]}]},{"@type":"ImageObject","inLanguage":"sr-RS","@id":"https:\/\/inti.hr\/sr\/proizvod\/okretna-barska-stolica-s-prostorom-za-pohranu\/#primaryimage","url":"https:\/\/i0.wp.com\/inti.hr\/wp-content\/uploads\/2024\/08\/LJB099K01-1-1.jpg?fit=1000%2C1000&ssl=1","contentUrl":"https:\/\/i0.wp.com\/inti.hr\/wp-content\/uploads\/2024\/08\/LJB099K01-1-1.jpg?fit=1000%2C1000&ssl=1","width":1000,"height":1000,"caption":"Okretna barska stolica s prostorom za odlaganje karamel"},{"@type":"BreadcrumbList","@id":"https:\/\/inti.hr\/sr\/proizvod\/okretna-barska-stolica-s-prostorom-za-pohranu\/#breadcrumb","itemListElement":[{"@type":"ListItem","position":1,"name":"Po\u010detna stranica","item":"https:\/\/inti.hr\/sr\/"},{"@type":"ListItem","position":2,"name":"Prodavnica","item":"https:\/\/inti.hr\/sr\/prodavnica\/"},{"@type":"ListItem","position":3,"name":"Okretna barska stolica s prostorom za pohranu"}]},{"@type":"WebSite","@id":"https:\/\/inti.hr\/sr\/#website","url":"https:\/\/inti.hr\/sr\/","name":"Inti","description":"trgovina","potentialAction":[{"@type":"SearchAction","target":{"@type":"EntryPoint","urlTemplate":"https:\/\/inti.hr\/sr\/?s={search_term_string}"},"query-input":{"@type":"PropertyValueSpecification","valueRequired":true,"valueName":"search_term_string"}}],"inLanguage":"sr-RS"}]}},"jetpack_sharing_enabled":true,"jetpack-related-posts":[],"_links":{"self":[{"href":"https:\/\/inti.hr\/sr\/wp-json\/wp\/v2\/product\/35429"}],"collection":[{"href":"https:\/\/inti.hr\/sr\/wp-json\/wp\/v2\/product"}],"about":[{"href":"https:\/\/inti.hr\/sr\/wp-json\/wp\/v2\/types\/product"}],"wp:featuredmedia":[{"embeddable":true,"href":"https:\/\/inti.hr\/sr\/wp-json\/wp\/v2\/media\/35430"}],"wp:attachment":[{"href":"https:\/\/inti.hr\/sr\/wp-json\/wp\/v2\/media?parent=35429"}],"wp:term":[{"taxonomy":"product_cat","embeddable":true,"href":"https:\/\/inti.hr\/sr\/wp-json\/wp\/v2\/product_cat?post=35429"},{"taxonomy":"product_tag","embeddable":true,"href":"https:\/\/inti.hr\/sr\/wp-json\/wp\/v2\/product_tag?post=35429"}],"curies":[{"name":"wp","href":"https:\/\/api.w.org\/{rel}","templated":true}]}}