{"id":35477,"date":"2024-08-27T08:51:25","date_gmt":"2024-08-27T07:51:25","guid":{"rendered":"https:\/\/inti.hr\/product\/kutija-za-nakit-3-razine-s-ogledalom-krem-bijela-i-zlatna\/"},"modified":"2024-08-27T08:51:25","modified_gmt":"2024-08-27T07:51:25","slug":"kutija-za-nakit-3-razine-s-ogledalom-krem-bijela-i-zlatna","status":"publish","type":"product","link":"https:\/\/inti.hr\/sr\/proizvod\/kutija-za-nakit-3-razine-s-ogledalom-krem-bijela-i-zlatna\/","title":{"rendered":"Kutija za nakit 3 razine s ogledalom krem \u200b\u200bbijela i zlatna"},"content":{"rendered":"<ul>\n<li><b>Detalji proizvoda:<\/b><\/li>\n<li>Boja: kremasto bijelo-zlatna<\/li>\n<li>Materijal: MDF (vlaknasta plo\u010da srednje gusto\u0107e), PU (poliuretan), bar\u0161un, staklo<\/li>\n<li>Veli\u010dina: 23 x 23 x 14 cm (D x \u0160 x V)<\/li>\n<li>Te\u017eina: 2,1 kg<\/li>\n<\/ul>\n","protected":false},"excerpt":{"rendered":"<p>Veliko LED ogledalo s prekida\u010dem na dodir i podesivom svjetlinom pru\u017ea &#8230; <\/p>\n","protected":false},"featured_media":35478,"template":"","meta":[],"product_cat":[2893],"product_tag":[3437,4541],"yoast_head":"<!-- This site is optimized with the Yoast SEO plugin v23.7 - https:\/\/yoast.com\/wordpress\/plugins\/seo\/ -->\n<title>Kutija za nakit 3 razine s ogledalom krem \u200b\u200bbijela i zlatna - Inti<\/title>\n<meta name=\"description\" content=\"Veliko LED ogledalo s prekida\u010dem na dodir i podesivom svjetlinom pru\u017ea optimalno osvjetljenje tako da mo\u017eete jednostavno usavr\u0161iti svoju \u0161minku ili isprobati nakit. Iza\u0111ite s povjerenjem! \u00a0Neka va\u0161a kolekcija nakita bude lijepo organizirana uz 3 pa\u017eljivo dizajnirana nivoa. Svaki komad, od prstenja preko narukvica do ogrlica, ima svoj vlastiti prostor, tako da je sve lako dostupno. U\u010dinite nekoga posebnim uz izvrsnu LED kutiju za nakit. Kombinira zapanjuju\u0107u estetiku s prakti\u010dnim skladi\u0161tenjem nakita, \u0161to ga \u010dini popularnim darom koji \u0107e biti cijenjen godinama koje dolaze. Plutaju\u0107a baza, okupana mekim, toplim svjetlom, stvara ugodnu atmosferu koja o\u010darava svakoga tko je vidi. Pretvorite svaki trenutak za toaletnim stoli\u0107em u \u010darobno iskustvo. Bijela PU povr\u0161ina, sjajne zlatne ru\u010dke - kutija za nakit odi\u0161e bezvremenskom elegancijom. Izra\u0111en od MDF-a i podstavljen mekom bar\u0161unastom podstavom, obe\u0107ava da \u0107e biti sigurno uto\u010di\u0161te za va\u0161 nakit godinama koje dolaze.\u00a0\" \/>\n<meta name=\"robots\" content=\"index, follow, max-snippet:-1, max-image-preview:large, max-video-preview:-1\" \/>\n<link rel=\"canonical\" href=\"https:\/\/inti.hr\/sr\/proizvod\/kutija-za-nakit-3-razine-s-ogledalom-krem-bijela-i-zlatna\/\" \/>\n<meta property=\"og:locale\" content=\"sr_RS\" \/>\n<meta property=\"og:type\" content=\"article\" \/>\n<meta property=\"og:title\" content=\"Kutija za nakit 3 razine s ogledalom krem \u200b\u200bbijela i zlatna - Inti\" \/>\n<meta property=\"og:description\" content=\"Veliko LED ogledalo s prekida\u010dem na dodir i podesivom svjetlinom pru\u017ea optimalno osvjetljenje tako da mo\u017eete jednostavno usavr\u0161iti svoju \u0161minku ili isprobati nakit. Iza\u0111ite s povjerenjem! \u00a0Neka va\u0161a kolekcija nakita bude lijepo organizirana uz 3 pa\u017eljivo dizajnirana nivoa. Svaki komad, od prstenja preko narukvica do ogrlica, ima svoj vlastiti prostor, tako da je sve lako dostupno. U\u010dinite nekoga posebnim uz izvrsnu LED kutiju za nakit. Kombinira zapanjuju\u0107u estetiku s prakti\u010dnim skladi\u0161tenjem nakita, \u0161to ga \u010dini popularnim darom koji \u0107e biti cijenjen godinama koje dolaze. Plutaju\u0107a baza, okupana mekim, toplim svjetlom, stvara ugodnu atmosferu koja o\u010darava svakoga tko je vidi. Pretvorite svaki trenutak za toaletnim stoli\u0107em u \u010darobno iskustvo. Bijela PU povr\u0161ina, sjajne zlatne ru\u010dke - kutija za nakit odi\u0161e bezvremenskom elegancijom. Izra\u0111en od MDF-a i podstavljen mekom bar\u0161unastom podstavom, obe\u0107ava da \u0107e biti sigurno uto\u010di\u0161te za va\u0161 nakit godinama koje dolaze.\u00a0\" \/>\n<meta property=\"og:url\" content=\"https:\/\/inti.hr\/sr\/proizvod\/kutija-za-nakit-3-razine-s-ogledalom-krem-bijela-i-zlatna\/\" \/>\n<meta property=\"og:site_name\" content=\"Inti\" \/>\n<meta property=\"og:image\" content=\"https:\/\/i0.wp.com\/inti.hr\/wp-content\/uploads\/2024\/08\/JBC169W01-1.jpg?fit=1000%2C1000&ssl=1\" \/>\n\t<meta property=\"og:image:width\" content=\"1000\" \/>\n\t<meta property=\"og:image:height\" content=\"1000\" \/>\n\t<meta property=\"og:image:type\" content=\"image\/jpeg\" \/>\n<meta name=\"twitter:card\" content=\"summary_large_image\" \/>\n<script type=\"application\/ld+json\" class=\"yoast-schema-graph\">{\"@context\":\"https:\/\/schema.org\",\"@graph\":[{\"@type\":\"WebPage\",\"@id\":\"https:\/\/inti.hr\/sr\/proizvod\/kutija-za-nakit-3-razine-s-ogledalom-krem-bijela-i-zlatna\/\",\"url\":\"https:\/\/inti.hr\/sr\/proizvod\/kutija-za-nakit-3-razine-s-ogledalom-krem-bijela-i-zlatna\/\",\"name\":\"Kutija za nakit 3 razine s ogledalom krem \u200b\u200bbijela i zlatna - Inti\",\"isPartOf\":{\"@id\":\"https:\/\/inti.hr\/sr\/#website\"},\"primaryImageOfPage\":{\"@id\":\"https:\/\/inti.hr\/sr\/proizvod\/kutija-za-nakit-3-razine-s-ogledalom-krem-bijela-i-zlatna\/#primaryimage\"},\"image\":{\"@id\":\"https:\/\/inti.hr\/sr\/proizvod\/kutija-za-nakit-3-razine-s-ogledalom-krem-bijela-i-zlatna\/#primaryimage\"},\"thumbnailUrl\":\"https:\/\/i0.wp.com\/inti.hr\/wp-content\/uploads\/2024\/08\/JBC169W01-1.jpg?fit=1000%2C1000&ssl=1\",\"datePublished\":\"2024-08-27T07:51:25+00:00\",\"dateModified\":\"2024-08-27T07:51:25+00:00\",\"description\":\"Veliko LED ogledalo s prekida\u010dem na dodir i podesivom svjetlinom pru\u017ea optimalno osvjetljenje tako da mo\u017eete jednostavno usavr\u0161iti svoju \u0161minku ili isprobati nakit. Iza\u0111ite s povjerenjem! \u00a0Neka va\u0161a kolekcija nakita bude lijepo organizirana uz 3 pa\u017eljivo dizajnirana nivoa. Svaki komad, od prstenja preko narukvica do ogrlica, ima svoj vlastiti prostor, tako da je sve lako dostupno. U\u010dinite nekoga posebnim uz izvrsnu LED kutiju za nakit. Kombinira zapanjuju\u0107u estetiku s prakti\u010dnim skladi\u0161tenjem nakita, \u0161to ga \u010dini popularnim darom koji \u0107e biti cijenjen godinama koje dolaze. Plutaju\u0107a baza, okupana mekim, toplim svjetlom, stvara ugodnu atmosferu koja o\u010darava svakoga tko je vidi. Pretvorite svaki trenutak za toaletnim stoli\u0107em u \u010darobno iskustvo. Bijela PU povr\u0161ina, sjajne zlatne ru\u010dke - kutija za nakit odi\u0161e bezvremenskom elegancijom. Izra\u0111en od MDF-a i podstavljen mekom bar\u0161unastom podstavom, obe\u0107ava da \u0107e biti sigurno uto\u010di\u0161te za va\u0161 nakit godinama koje dolaze.\u00a0\",\"breadcrumb\":{\"@id\":\"https:\/\/inti.hr\/sr\/proizvod\/kutija-za-nakit-3-razine-s-ogledalom-krem-bijela-i-zlatna\/#breadcrumb\"},\"inLanguage\":\"sr-RS\",\"potentialAction\":[{\"@type\":\"ReadAction\",\"target\":[\"https:\/\/inti.hr\/sr\/proizvod\/kutija-za-nakit-3-razine-s-ogledalom-krem-bijela-i-zlatna\/\"]}]},{\"@type\":\"ImageObject\",\"inLanguage\":\"sr-RS\",\"@id\":\"https:\/\/inti.hr\/sr\/proizvod\/kutija-za-nakit-3-razine-s-ogledalom-krem-bijela-i-zlatna\/#primaryimage\",\"url\":\"https:\/\/i0.wp.com\/inti.hr\/wp-content\/uploads\/2024\/08\/JBC169W01-1.jpg?fit=1000%2C1000&ssl=1\",\"contentUrl\":\"https:\/\/i0.wp.com\/inti.hr\/wp-content\/uploads\/2024\/08\/JBC169W01-1.jpg?fit=1000%2C1000&ssl=1\",\"width\":1000,\"height\":1000,\"caption\":\"kutija za nakit 3 razine s ogledalom krem \u200b\u200bbijela i zlatna\"},{\"@type\":\"BreadcrumbList\",\"@id\":\"https:\/\/inti.hr\/sr\/proizvod\/kutija-za-nakit-3-razine-s-ogledalom-krem-bijela-i-zlatna\/#breadcrumb\",\"itemListElement\":[{\"@type\":\"ListItem\",\"position\":1,\"name\":\"Po\u010detna stranica\",\"item\":\"https:\/\/inti.hr\/sr\/\"},{\"@type\":\"ListItem\",\"position\":2,\"name\":\"Prodavnica\",\"item\":\"https:\/\/inti.hr\/sr\/prodavnica\/\"},{\"@type\":\"ListItem\",\"position\":3,\"name\":\"Kutija za nakit 3 razine s ogledalom krem \u200b\u200bbijela i zlatna\"}]},{\"@type\":\"WebSite\",\"@id\":\"https:\/\/inti.hr\/sr\/#website\",\"url\":\"https:\/\/inti.hr\/sr\/\",\"name\":\"Inti\",\"description\":\"trgovina\",\"potentialAction\":[{\"@type\":\"SearchAction\",\"target\":{\"@type\":\"EntryPoint\",\"urlTemplate\":\"https:\/\/inti.hr\/sr\/?s={search_term_string}\"},\"query-input\":{\"@type\":\"PropertyValueSpecification\",\"valueRequired\":true,\"valueName\":\"search_term_string\"}}],\"inLanguage\":\"sr-RS\"}]}<\/script>\n<!-- \/ Yoast SEO plugin. -->","yoast_head_json":{"title":"Kutija za nakit 3 razine s ogledalom krem \u200b\u200bbijela i zlatna - Inti","description":"Veliko LED ogledalo s prekida\u010dem na dodir i podesivom svjetlinom pru\u017ea optimalno osvjetljenje tako da mo\u017eete jednostavno usavr\u0161iti svoju \u0161minku ili isprobati nakit. Iza\u0111ite s povjerenjem! \u00a0Neka va\u0161a kolekcija nakita bude lijepo organizirana uz 3 pa\u017eljivo dizajnirana nivoa. Svaki komad, od prstenja preko narukvica do ogrlica, ima svoj vlastiti prostor, tako da je sve lako dostupno. U\u010dinite nekoga posebnim uz izvrsnu LED kutiju za nakit. Kombinira zapanjuju\u0107u estetiku s prakti\u010dnim skladi\u0161tenjem nakita, \u0161to ga \u010dini popularnim darom koji \u0107e biti cijenjen godinama koje dolaze. Plutaju\u0107a baza, okupana mekim, toplim svjetlom, stvara ugodnu atmosferu koja o\u010darava svakoga tko je vidi. Pretvorite svaki trenutak za toaletnim stoli\u0107em u \u010darobno iskustvo. Bijela PU povr\u0161ina, sjajne zlatne ru\u010dke - kutija za nakit odi\u0161e bezvremenskom elegancijom. Izra\u0111en od MDF-a i podstavljen mekom bar\u0161unastom podstavom, obe\u0107ava da \u0107e biti sigurno uto\u010di\u0161te za va\u0161 nakit godinama koje dolaze.\u00a0","robots":{"index":"index","follow":"follow","max-snippet":"max-snippet:-1","max-image-preview":"max-image-preview:large","max-video-preview":"max-video-preview:-1"},"canonical":"https:\/\/inti.hr\/sr\/proizvod\/kutija-za-nakit-3-razine-s-ogledalom-krem-bijela-i-zlatna\/","og_locale":"sr_RS","og_type":"article","og_title":"Kutija za nakit 3 razine s ogledalom krem \u200b\u200bbijela i zlatna - Inti","og_description":"Veliko LED ogledalo s prekida\u010dem na dodir i podesivom svjetlinom pru\u017ea optimalno osvjetljenje tako da mo\u017eete jednostavno usavr\u0161iti svoju \u0161minku ili isprobati nakit. Iza\u0111ite s povjerenjem! \u00a0Neka va\u0161a kolekcija nakita bude lijepo organizirana uz 3 pa\u017eljivo dizajnirana nivoa. Svaki komad, od prstenja preko narukvica do ogrlica, ima svoj vlastiti prostor, tako da je sve lako dostupno. U\u010dinite nekoga posebnim uz izvrsnu LED kutiju za nakit. Kombinira zapanjuju\u0107u estetiku s prakti\u010dnim skladi\u0161tenjem nakita, \u0161to ga \u010dini popularnim darom koji \u0107e biti cijenjen godinama koje dolaze. Plutaju\u0107a baza, okupana mekim, toplim svjetlom, stvara ugodnu atmosferu koja o\u010darava svakoga tko je vidi. Pretvorite svaki trenutak za toaletnim stoli\u0107em u \u010darobno iskustvo. Bijela PU povr\u0161ina, sjajne zlatne ru\u010dke - kutija za nakit odi\u0161e bezvremenskom elegancijom. Izra\u0111en od MDF-a i podstavljen mekom bar\u0161unastom podstavom, obe\u0107ava da \u0107e biti sigurno uto\u010di\u0161te za va\u0161 nakit godinama koje dolaze.\u00a0","og_url":"https:\/\/inti.hr\/sr\/proizvod\/kutija-za-nakit-3-razine-s-ogledalom-krem-bijela-i-zlatna\/","og_site_name":"Inti","og_image":[{"width":1000,"height":1000,"url":"https:\/\/i0.wp.com\/inti.hr\/wp-content\/uploads\/2024\/08\/JBC169W01-1.jpg?fit=1000%2C1000&ssl=1","type":"image\/jpeg"}],"twitter_card":"summary_large_image","schema":{"@context":"https:\/\/schema.org","@graph":[{"@type":"WebPage","@id":"https:\/\/inti.hr\/sr\/proizvod\/kutija-za-nakit-3-razine-s-ogledalom-krem-bijela-i-zlatna\/","url":"https:\/\/inti.hr\/sr\/proizvod\/kutija-za-nakit-3-razine-s-ogledalom-krem-bijela-i-zlatna\/","name":"Kutija za nakit 3 razine s ogledalom krem \u200b\u200bbijela i zlatna - Inti","isPartOf":{"@id":"https:\/\/inti.hr\/sr\/#website"},"primaryImageOfPage":{"@id":"https:\/\/inti.hr\/sr\/proizvod\/kutija-za-nakit-3-razine-s-ogledalom-krem-bijela-i-zlatna\/#primaryimage"},"image":{"@id":"https:\/\/inti.hr\/sr\/proizvod\/kutija-za-nakit-3-razine-s-ogledalom-krem-bijela-i-zlatna\/#primaryimage"},"thumbnailUrl":"https:\/\/i0.wp.com\/inti.hr\/wp-content\/uploads\/2024\/08\/JBC169W01-1.jpg?fit=1000%2C1000&ssl=1","datePublished":"2024-08-27T07:51:25+00:00","dateModified":"2024-08-27T07:51:25+00:00","description":"Veliko LED ogledalo s prekida\u010dem na dodir i podesivom svjetlinom pru\u017ea optimalno osvjetljenje tako da mo\u017eete jednostavno usavr\u0161iti svoju \u0161minku ili isprobati nakit. Iza\u0111ite s povjerenjem! \u00a0Neka va\u0161a kolekcija nakita bude lijepo organizirana uz 3 pa\u017eljivo dizajnirana nivoa. Svaki komad, od prstenja preko narukvica do ogrlica, ima svoj vlastiti prostor, tako da je sve lako dostupno. U\u010dinite nekoga posebnim uz izvrsnu LED kutiju za nakit. Kombinira zapanjuju\u0107u estetiku s prakti\u010dnim skladi\u0161tenjem nakita, \u0161to ga \u010dini popularnim darom koji \u0107e biti cijenjen godinama koje dolaze. Plutaju\u0107a baza, okupana mekim, toplim svjetlom, stvara ugodnu atmosferu koja o\u010darava svakoga tko je vidi. Pretvorite svaki trenutak za toaletnim stoli\u0107em u \u010darobno iskustvo. Bijela PU povr\u0161ina, sjajne zlatne ru\u010dke - kutija za nakit odi\u0161e bezvremenskom elegancijom. Izra\u0111en od MDF-a i podstavljen mekom bar\u0161unastom podstavom, obe\u0107ava da \u0107e biti sigurno uto\u010di\u0161te za va\u0161 nakit godinama koje dolaze.\u00a0","breadcrumb":{"@id":"https:\/\/inti.hr\/sr\/proizvod\/kutija-za-nakit-3-razine-s-ogledalom-krem-bijela-i-zlatna\/#breadcrumb"},"inLanguage":"sr-RS","potentialAction":[{"@type":"ReadAction","target":["https:\/\/inti.hr\/sr\/proizvod\/kutija-za-nakit-3-razine-s-ogledalom-krem-bijela-i-zlatna\/"]}]},{"@type":"ImageObject","inLanguage":"sr-RS","@id":"https:\/\/inti.hr\/sr\/proizvod\/kutija-za-nakit-3-razine-s-ogledalom-krem-bijela-i-zlatna\/#primaryimage","url":"https:\/\/i0.wp.com\/inti.hr\/wp-content\/uploads\/2024\/08\/JBC169W01-1.jpg?fit=1000%2C1000&ssl=1","contentUrl":"https:\/\/i0.wp.com\/inti.hr\/wp-content\/uploads\/2024\/08\/JBC169W01-1.jpg?fit=1000%2C1000&ssl=1","width":1000,"height":1000,"caption":"kutija za nakit 3 razine s ogledalom krem \u200b\u200bbijela i zlatna"},{"@type":"BreadcrumbList","@id":"https:\/\/inti.hr\/sr\/proizvod\/kutija-za-nakit-3-razine-s-ogledalom-krem-bijela-i-zlatna\/#breadcrumb","itemListElement":[{"@type":"ListItem","position":1,"name":"Po\u010detna stranica","item":"https:\/\/inti.hr\/sr\/"},{"@type":"ListItem","position":2,"name":"Prodavnica","item":"https:\/\/inti.hr\/sr\/prodavnica\/"},{"@type":"ListItem","position":3,"name":"Kutija za nakit 3 razine s ogledalom krem \u200b\u200bbijela i zlatna"}]},{"@type":"WebSite","@id":"https:\/\/inti.hr\/sr\/#website","url":"https:\/\/inti.hr\/sr\/","name":"Inti","description":"trgovina","potentialAction":[{"@type":"SearchAction","target":{"@type":"EntryPoint","urlTemplate":"https:\/\/inti.hr\/sr\/?s={search_term_string}"},"query-input":{"@type":"PropertyValueSpecification","valueRequired":true,"valueName":"search_term_string"}}],"inLanguage":"sr-RS"}]}},"jetpack_sharing_enabled":true,"jetpack-related-posts":[],"_links":{"self":[{"href":"https:\/\/inti.hr\/sr\/wp-json\/wp\/v2\/product\/35477"}],"collection":[{"href":"https:\/\/inti.hr\/sr\/wp-json\/wp\/v2\/product"}],"about":[{"href":"https:\/\/inti.hr\/sr\/wp-json\/wp\/v2\/types\/product"}],"wp:featuredmedia":[{"embeddable":true,"href":"https:\/\/inti.hr\/sr\/wp-json\/wp\/v2\/media\/35478"}],"wp:attachment":[{"href":"https:\/\/inti.hr\/sr\/wp-json\/wp\/v2\/media?parent=35477"}],"wp:term":[{"taxonomy":"product_cat","embeddable":true,"href":"https:\/\/inti.hr\/sr\/wp-json\/wp\/v2\/product_cat?post=35477"},{"taxonomy":"product_tag","embeddable":true,"href":"https:\/\/inti.hr\/sr\/wp-json\/wp\/v2\/product_tag?post=35477"}],"curies":[{"name":"wp","href":"https:\/\/api.w.org\/{rel}","templated":true}]}}