{"id":35505,"date":"2024-08-26T10:40:01","date_gmt":"2024-08-26T09:40:01","guid":{"rendered":"https:\/\/inti.hr\/product\/djecji-regal-91x30x100cm\/"},"modified":"2024-08-26T10:40:01","modified_gmt":"2024-08-26T09:40:01","slug":"djecji-regal-91x30x100cm","status":"publish","type":"product","link":"https:\/\/inti.hr\/sr\/proizvod\/djecji-regal-91x30x100cm\/","title":{"rendered":"Dje\u010dji regal 91x30x100cm"},"content":{"rendered":"<p>Detalji proizvoda:<\/p>\n<p>Te\u017eina: pribli\u017eno 16,75 kg.<br \/>\nTestirano za: 41 kg.<br \/>\nMaterijal: MDF(E1).<br \/>\nMjere proizvoda: 91x30x100 cm (vidi sliku).<br \/>\nDimenzije paketa: 103x39x15 cm.<br \/>\nS uputama za sastavljanje i vijcima. Jednostavna instalacija.<\/p>\n","protected":false},"excerpt":{"rendered":"<p>Police imaju uzorak medvjeda koji stvara djetinjasti izgled, a boja je &#8230; <\/p>\n","protected":false},"featured_media":35506,"template":"","meta":[],"product_cat":[2411],"product_tag":[3007,2413],"yoast_head":"<!-- This site is optimized with the Yoast SEO plugin v23.7 - https:\/\/yoast.com\/wordpress\/plugins\/seo\/ -->\n<title>Dje\u010dji regal 91x30x100cm - Inti<\/title>\n<meta name=\"description\" content=\"Police imaju uzorak medvjeda koji stvara djetinjasti izgled, a boja je svijetla drvena zrna koja daje posebnu toplinu cijeloj prostoriji. Police ove boje izgledaju sjajno iu sobama za dje\u010dake iu sobama za djevoj\u010dice.Proizvod je postavljen tako da su knjige postavljene visoko tako da nisu lako dostupne djeci. Ako va\u0161e dijete treba \u010ditati, odvojite vrijeme i po\u0111ite s njim.\" \/>\n<meta name=\"robots\" content=\"index, follow, max-snippet:-1, max-image-preview:large, max-video-preview:-1\" \/>\n<link rel=\"canonical\" href=\"https:\/\/inti.hr\/sr\/proizvod\/djecji-regal-91x30x100cm\/\" \/>\n<meta property=\"og:locale\" content=\"sr_RS\" \/>\n<meta property=\"og:type\" content=\"article\" \/>\n<meta property=\"og:title\" content=\"Dje\u010dji regal 91x30x100cm - Inti\" \/>\n<meta property=\"og:description\" content=\"Police imaju uzorak medvjeda koji stvara djetinjasti izgled, a boja je svijetla drvena zrna koja daje posebnu toplinu cijeloj prostoriji. Police ove boje izgledaju sjajno iu sobama za dje\u010dake iu sobama za djevoj\u010dice.Proizvod je postavljen tako da su knjige postavljene visoko tako da nisu lako dostupne djeci. Ako va\u0161e dijete treba \u010ditati, odvojite vrijeme i po\u0111ite s njim.\" \/>\n<meta property=\"og:url\" content=\"https:\/\/inti.hr\/sr\/proizvod\/djecji-regal-91x30x100cm\/\" \/>\n<meta property=\"og:site_name\" content=\"Inti\" \/>\n<meta property=\"og:image\" content=\"https:\/\/i0.wp.com\/inti.hr\/wp-content\/uploads\/2024\/08\/KMB101-N-Y004_670x.webp?fit=670%2C670&ssl=1\" \/>\n\t<meta property=\"og:image:width\" content=\"670\" \/>\n\t<meta property=\"og:image:height\" content=\"670\" \/>\n\t<meta property=\"og:image:type\" content=\"image\/webp\" \/>\n<meta name=\"twitter:card\" content=\"summary_large_image\" \/>\n<script type=\"application\/ld+json\" class=\"yoast-schema-graph\">{\"@context\":\"https:\/\/schema.org\",\"@graph\":[{\"@type\":\"WebPage\",\"@id\":\"https:\/\/inti.hr\/sr\/proizvod\/djecji-regal-91x30x100cm\/\",\"url\":\"https:\/\/inti.hr\/sr\/proizvod\/djecji-regal-91x30x100cm\/\",\"name\":\"Dje\u010dji regal 91x30x100cm - Inti\",\"isPartOf\":{\"@id\":\"https:\/\/inti.hr\/sr\/#website\"},\"primaryImageOfPage\":{\"@id\":\"https:\/\/inti.hr\/sr\/proizvod\/djecji-regal-91x30x100cm\/#primaryimage\"},\"image\":{\"@id\":\"https:\/\/inti.hr\/sr\/proizvod\/djecji-regal-91x30x100cm\/#primaryimage\"},\"thumbnailUrl\":\"https:\/\/i0.wp.com\/inti.hr\/wp-content\/uploads\/2024\/08\/KMB101-N-Y004_670x.webp?fit=670%2C670&ssl=1\",\"datePublished\":\"2024-08-26T09:40:01+00:00\",\"dateModified\":\"2024-08-26T09:40:01+00:00\",\"description\":\"Police imaju uzorak medvjeda koji stvara djetinjasti izgled, a boja je svijetla drvena zrna koja daje posebnu toplinu cijeloj prostoriji. Police ove boje izgledaju sjajno iu sobama za dje\u010dake iu sobama za djevoj\u010dice.Proizvod je postavljen tako da su knjige postavljene visoko tako da nisu lako dostupne djeci. Ako va\u0161e dijete treba \u010ditati, odvojite vrijeme i po\u0111ite s njim.\",\"breadcrumb\":{\"@id\":\"https:\/\/inti.hr\/sr\/proizvod\/djecji-regal-91x30x100cm\/#breadcrumb\"},\"inLanguage\":\"sr-RS\",\"potentialAction\":[{\"@type\":\"ReadAction\",\"target\":[\"https:\/\/inti.hr\/sr\/proizvod\/djecji-regal-91x30x100cm\/\"]}]},{\"@type\":\"ImageObject\",\"inLanguage\":\"sr-RS\",\"@id\":\"https:\/\/inti.hr\/sr\/proizvod\/djecji-regal-91x30x100cm\/#primaryimage\",\"url\":\"https:\/\/i0.wp.com\/inti.hr\/wp-content\/uploads\/2024\/08\/KMB101-N-Y004_670x.webp?fit=670%2C670&ssl=1\",\"contentUrl\":\"https:\/\/i0.wp.com\/inti.hr\/wp-content\/uploads\/2024\/08\/KMB101-N-Y004_670x.webp?fit=670%2C670&ssl=1\",\"width\":670,\"height\":670,\"caption\":\"Dje\u010dji regal 91x30x100cm\"},{\"@type\":\"BreadcrumbList\",\"@id\":\"https:\/\/inti.hr\/sr\/proizvod\/djecji-regal-91x30x100cm\/#breadcrumb\",\"itemListElement\":[{\"@type\":\"ListItem\",\"position\":1,\"name\":\"Po\u010detna stranica\",\"item\":\"https:\/\/inti.hr\/sr\/\"},{\"@type\":\"ListItem\",\"position\":2,\"name\":\"Prodavnica\",\"item\":\"https:\/\/inti.hr\/sr\/prodavnica\/\"},{\"@type\":\"ListItem\",\"position\":3,\"name\":\"Dje\u010dji regal 91x30x100cm\"}]},{\"@type\":\"WebSite\",\"@id\":\"https:\/\/inti.hr\/sr\/#website\",\"url\":\"https:\/\/inti.hr\/sr\/\",\"name\":\"Inti\",\"description\":\"trgovina\",\"potentialAction\":[{\"@type\":\"SearchAction\",\"target\":{\"@type\":\"EntryPoint\",\"urlTemplate\":\"https:\/\/inti.hr\/sr\/?s={search_term_string}\"},\"query-input\":{\"@type\":\"PropertyValueSpecification\",\"valueRequired\":true,\"valueName\":\"search_term_string\"}}],\"inLanguage\":\"sr-RS\"}]}<\/script>\n<!-- \/ Yoast SEO plugin. -->","yoast_head_json":{"title":"Dje\u010dji regal 91x30x100cm - Inti","description":"Police imaju uzorak medvjeda koji stvara djetinjasti izgled, a boja je svijetla drvena zrna koja daje posebnu toplinu cijeloj prostoriji. Police ove boje izgledaju sjajno iu sobama za dje\u010dake iu sobama za djevoj\u010dice.Proizvod je postavljen tako da su knjige postavljene visoko tako da nisu lako dostupne djeci. Ako va\u0161e dijete treba \u010ditati, odvojite vrijeme i po\u0111ite s njim.","robots":{"index":"index","follow":"follow","max-snippet":"max-snippet:-1","max-image-preview":"max-image-preview:large","max-video-preview":"max-video-preview:-1"},"canonical":"https:\/\/inti.hr\/sr\/proizvod\/djecji-regal-91x30x100cm\/","og_locale":"sr_RS","og_type":"article","og_title":"Dje\u010dji regal 91x30x100cm - Inti","og_description":"Police imaju uzorak medvjeda koji stvara djetinjasti izgled, a boja je svijetla drvena zrna koja daje posebnu toplinu cijeloj prostoriji. Police ove boje izgledaju sjajno iu sobama za dje\u010dake iu sobama za djevoj\u010dice.Proizvod je postavljen tako da su knjige postavljene visoko tako da nisu lako dostupne djeci. Ako va\u0161e dijete treba \u010ditati, odvojite vrijeme i po\u0111ite s njim.","og_url":"https:\/\/inti.hr\/sr\/proizvod\/djecji-regal-91x30x100cm\/","og_site_name":"Inti","og_image":[{"width":670,"height":670,"url":"https:\/\/i0.wp.com\/inti.hr\/wp-content\/uploads\/2024\/08\/KMB101-N-Y004_670x.webp?fit=670%2C670&ssl=1","type":"image\/webp"}],"twitter_card":"summary_large_image","schema":{"@context":"https:\/\/schema.org","@graph":[{"@type":"WebPage","@id":"https:\/\/inti.hr\/sr\/proizvod\/djecji-regal-91x30x100cm\/","url":"https:\/\/inti.hr\/sr\/proizvod\/djecji-regal-91x30x100cm\/","name":"Dje\u010dji regal 91x30x100cm - Inti","isPartOf":{"@id":"https:\/\/inti.hr\/sr\/#website"},"primaryImageOfPage":{"@id":"https:\/\/inti.hr\/sr\/proizvod\/djecji-regal-91x30x100cm\/#primaryimage"},"image":{"@id":"https:\/\/inti.hr\/sr\/proizvod\/djecji-regal-91x30x100cm\/#primaryimage"},"thumbnailUrl":"https:\/\/i0.wp.com\/inti.hr\/wp-content\/uploads\/2024\/08\/KMB101-N-Y004_670x.webp?fit=670%2C670&ssl=1","datePublished":"2024-08-26T09:40:01+00:00","dateModified":"2024-08-26T09:40:01+00:00","description":"Police imaju uzorak medvjeda koji stvara djetinjasti izgled, a boja je svijetla drvena zrna koja daje posebnu toplinu cijeloj prostoriji. Police ove boje izgledaju sjajno iu sobama za dje\u010dake iu sobama za djevoj\u010dice.Proizvod je postavljen tako da su knjige postavljene visoko tako da nisu lako dostupne djeci. Ako va\u0161e dijete treba \u010ditati, odvojite vrijeme i po\u0111ite s njim.","breadcrumb":{"@id":"https:\/\/inti.hr\/sr\/proizvod\/djecji-regal-91x30x100cm\/#breadcrumb"},"inLanguage":"sr-RS","potentialAction":[{"@type":"ReadAction","target":["https:\/\/inti.hr\/sr\/proizvod\/djecji-regal-91x30x100cm\/"]}]},{"@type":"ImageObject","inLanguage":"sr-RS","@id":"https:\/\/inti.hr\/sr\/proizvod\/djecji-regal-91x30x100cm\/#primaryimage","url":"https:\/\/i0.wp.com\/inti.hr\/wp-content\/uploads\/2024\/08\/KMB101-N-Y004_670x.webp?fit=670%2C670&ssl=1","contentUrl":"https:\/\/i0.wp.com\/inti.hr\/wp-content\/uploads\/2024\/08\/KMB101-N-Y004_670x.webp?fit=670%2C670&ssl=1","width":670,"height":670,"caption":"Dje\u010dji regal 91x30x100cm"},{"@type":"BreadcrumbList","@id":"https:\/\/inti.hr\/sr\/proizvod\/djecji-regal-91x30x100cm\/#breadcrumb","itemListElement":[{"@type":"ListItem","position":1,"name":"Po\u010detna stranica","item":"https:\/\/inti.hr\/sr\/"},{"@type":"ListItem","position":2,"name":"Prodavnica","item":"https:\/\/inti.hr\/sr\/prodavnica\/"},{"@type":"ListItem","position":3,"name":"Dje\u010dji regal 91x30x100cm"}]},{"@type":"WebSite","@id":"https:\/\/inti.hr\/sr\/#website","url":"https:\/\/inti.hr\/sr\/","name":"Inti","description":"trgovina","potentialAction":[{"@type":"SearchAction","target":{"@type":"EntryPoint","urlTemplate":"https:\/\/inti.hr\/sr\/?s={search_term_string}"},"query-input":{"@type":"PropertyValueSpecification","valueRequired":true,"valueName":"search_term_string"}}],"inLanguage":"sr-RS"}]}},"jetpack_sharing_enabled":true,"jetpack-related-posts":[],"_links":{"self":[{"href":"https:\/\/inti.hr\/sr\/wp-json\/wp\/v2\/product\/35505"}],"collection":[{"href":"https:\/\/inti.hr\/sr\/wp-json\/wp\/v2\/product"}],"about":[{"href":"https:\/\/inti.hr\/sr\/wp-json\/wp\/v2\/types\/product"}],"wp:featuredmedia":[{"embeddable":true,"href":"https:\/\/inti.hr\/sr\/wp-json\/wp\/v2\/media\/35506"}],"wp:attachment":[{"href":"https:\/\/inti.hr\/sr\/wp-json\/wp\/v2\/media?parent=35505"}],"wp:term":[{"taxonomy":"product_cat","embeddable":true,"href":"https:\/\/inti.hr\/sr\/wp-json\/wp\/v2\/product_cat?post=35505"},{"taxonomy":"product_tag","embeddable":true,"href":"https:\/\/inti.hr\/sr\/wp-json\/wp\/v2\/product_tag?post=35505"}],"curies":[{"name":"wp","href":"https:\/\/api.w.org\/{rel}","templated":true}]}}