{"id":35513,"date":"2024-08-26T10:20:19","date_gmt":"2024-08-26T09:20:19","guid":{"rendered":"https:\/\/inti.hr\/product\/djecji-regal-61x35x71cm\/"},"modified":"2024-08-26T10:20:19","modified_gmt":"2024-08-26T09:20:19","slug":"djecji-regal-61x35x71cm","status":"publish","type":"product","link":"https:\/\/inti.hr\/sr\/proizvod\/djecji-regal-61x35x71cm\/","title":{"rendered":"Dje\u010dji regal 61x35x71cm"},"content":{"rendered":"<p>Detalji proizvoda:<\/p>\n<p>Te\u017eina: oko 10,3 kg.<br \/>\nTestirano za: 15 kg.<br \/>\nMaterijal: MDF(E1), drvo.<br \/>\nMjere proizvoda: 61x35x71 cm (vidi sliku).<br \/>\nDimenzije paketa: 69x44x12 cm.<br \/>\nS uputama za sastavljanje i vijcima. Jednostavna instalacija.<\/p>\n","protected":false},"excerpt":{"rendered":"<p>Polica za knjige i igra\u010dke koju smo razvili vrlo je jednostavna &#8230; <\/p>\n","protected":false},"featured_media":35514,"template":"","meta":[],"product_cat":[2411],"product_tag":[3007,2413],"yoast_head":"<!-- This site is optimized with the Yoast SEO plugin v23.7 - https:\/\/yoast.com\/wordpress\/plugins\/seo\/ -->\n<title>Dje\u010dji regal 61x35x71cm - Inti<\/title>\n<meta name=\"description\" content=\"Polica za knjige i igra\u010dke koju smo razvili vrlo je jednostavna za kori\u0161tenje, pa \u0107e va\u0161a djeca postati samostalnija.S 3 pretinca imat \u0107ete dovoljno prostora za pohranu knjiga, \u010dasopisa, igra\u010daka ili drugih stvari.Visina je tako\u0111er optimalna kako bi va\u0161a djeca mogla lako umetati i vaditi knjige.\" \/>\n<meta name=\"robots\" content=\"index, follow, max-snippet:-1, max-image-preview:large, max-video-preview:-1\" \/>\n<link rel=\"canonical\" href=\"https:\/\/inti.hr\/sr\/proizvod\/djecji-regal-61x35x71cm\/\" \/>\n<meta property=\"og:locale\" content=\"sr_RS\" \/>\n<meta property=\"og:type\" content=\"article\" \/>\n<meta property=\"og:title\" content=\"Dje\u010dji regal 61x35x71cm - Inti\" \/>\n<meta property=\"og:description\" content=\"Polica za knjige i igra\u010dke koju smo razvili vrlo je jednostavna za kori\u0161tenje, pa \u0107e va\u0161a djeca postati samostalnija.S 3 pretinca imat \u0107ete dovoljno prostora za pohranu knjiga, \u010dasopisa, igra\u010daka ili drugih stvari.Visina je tako\u0111er optimalna kako bi va\u0161a djeca mogla lako umetati i vaditi knjige.\" \/>\n<meta property=\"og:url\" content=\"https:\/\/inti.hr\/sr\/proizvod\/djecji-regal-61x35x71cm\/\" \/>\n<meta property=\"og:site_name\" content=\"Inti\" \/>\n<meta property=\"og:image\" content=\"https:\/\/i0.wp.com\/inti.hr\/wp-content\/uploads\/2024\/08\/KMB100-K-W-W-Y004_670x.webp?fit=670%2C670&ssl=1\" \/>\n\t<meta property=\"og:image:width\" content=\"670\" \/>\n\t<meta property=\"og:image:height\" content=\"670\" \/>\n\t<meta property=\"og:image:type\" content=\"image\/webp\" \/>\n<meta name=\"twitter:card\" content=\"summary_large_image\" \/>\n<script type=\"application\/ld+json\" class=\"yoast-schema-graph\">{\"@context\":\"https:\/\/schema.org\",\"@graph\":[{\"@type\":\"WebPage\",\"@id\":\"https:\/\/inti.hr\/sr\/proizvod\/djecji-regal-61x35x71cm\/\",\"url\":\"https:\/\/inti.hr\/sr\/proizvod\/djecji-regal-61x35x71cm\/\",\"name\":\"Dje\u010dji regal 61x35x71cm - Inti\",\"isPartOf\":{\"@id\":\"https:\/\/inti.hr\/sr\/#website\"},\"primaryImageOfPage\":{\"@id\":\"https:\/\/inti.hr\/sr\/proizvod\/djecji-regal-61x35x71cm\/#primaryimage\"},\"image\":{\"@id\":\"https:\/\/inti.hr\/sr\/proizvod\/djecji-regal-61x35x71cm\/#primaryimage\"},\"thumbnailUrl\":\"https:\/\/i0.wp.com\/inti.hr\/wp-content\/uploads\/2024\/08\/KMB100-K-W-W-Y004_670x.webp?fit=670%2C670&ssl=1\",\"datePublished\":\"2024-08-26T09:20:19+00:00\",\"dateModified\":\"2024-08-26T09:20:19+00:00\",\"description\":\"Polica za knjige i igra\u010dke koju smo razvili vrlo je jednostavna za kori\u0161tenje, pa \u0107e va\u0161a djeca postati samostalnija.S 3 pretinca imat \u0107ete dovoljno prostora za pohranu knjiga, \u010dasopisa, igra\u010daka ili drugih stvari.Visina je tako\u0111er optimalna kako bi va\u0161a djeca mogla lako umetati i vaditi knjige.\",\"breadcrumb\":{\"@id\":\"https:\/\/inti.hr\/sr\/proizvod\/djecji-regal-61x35x71cm\/#breadcrumb\"},\"inLanguage\":\"sr-RS\",\"potentialAction\":[{\"@type\":\"ReadAction\",\"target\":[\"https:\/\/inti.hr\/sr\/proizvod\/djecji-regal-61x35x71cm\/\"]}]},{\"@type\":\"ImageObject\",\"inLanguage\":\"sr-RS\",\"@id\":\"https:\/\/inti.hr\/sr\/proizvod\/djecji-regal-61x35x71cm\/#primaryimage\",\"url\":\"https:\/\/i0.wp.com\/inti.hr\/wp-content\/uploads\/2024\/08\/KMB100-K-W-W-Y004_670x.webp?fit=670%2C670&ssl=1\",\"contentUrl\":\"https:\/\/i0.wp.com\/inti.hr\/wp-content\/uploads\/2024\/08\/KMB100-K-W-W-Y004_670x.webp?fit=670%2C670&ssl=1\",\"width\":670,\"height\":670,\"caption\":\"Dje\u010dji regal 61x35x71cm\"},{\"@type\":\"BreadcrumbList\",\"@id\":\"https:\/\/inti.hr\/sr\/proizvod\/djecji-regal-61x35x71cm\/#breadcrumb\",\"itemListElement\":[{\"@type\":\"ListItem\",\"position\":1,\"name\":\"Po\u010detna stranica\",\"item\":\"https:\/\/inti.hr\/sr\/\"},{\"@type\":\"ListItem\",\"position\":2,\"name\":\"Prodavnica\",\"item\":\"https:\/\/inti.hr\/sr\/prodavnica\/\"},{\"@type\":\"ListItem\",\"position\":3,\"name\":\"Dje\u010dji regal 61x35x71cm\"}]},{\"@type\":\"WebSite\",\"@id\":\"https:\/\/inti.hr\/sr\/#website\",\"url\":\"https:\/\/inti.hr\/sr\/\",\"name\":\"Inti\",\"description\":\"trgovina\",\"potentialAction\":[{\"@type\":\"SearchAction\",\"target\":{\"@type\":\"EntryPoint\",\"urlTemplate\":\"https:\/\/inti.hr\/sr\/?s={search_term_string}\"},\"query-input\":{\"@type\":\"PropertyValueSpecification\",\"valueRequired\":true,\"valueName\":\"search_term_string\"}}],\"inLanguage\":\"sr-RS\"}]}<\/script>\n<!-- \/ Yoast SEO plugin. -->","yoast_head_json":{"title":"Dje\u010dji regal 61x35x71cm - Inti","description":"Polica za knjige i igra\u010dke koju smo razvili vrlo je jednostavna za kori\u0161tenje, pa \u0107e va\u0161a djeca postati samostalnija.S 3 pretinca imat \u0107ete dovoljno prostora za pohranu knjiga, \u010dasopisa, igra\u010daka ili drugih stvari.Visina je tako\u0111er optimalna kako bi va\u0161a djeca mogla lako umetati i vaditi knjige.","robots":{"index":"index","follow":"follow","max-snippet":"max-snippet:-1","max-image-preview":"max-image-preview:large","max-video-preview":"max-video-preview:-1"},"canonical":"https:\/\/inti.hr\/sr\/proizvod\/djecji-regal-61x35x71cm\/","og_locale":"sr_RS","og_type":"article","og_title":"Dje\u010dji regal 61x35x71cm - Inti","og_description":"Polica za knjige i igra\u010dke koju smo razvili vrlo je jednostavna za kori\u0161tenje, pa \u0107e va\u0161a djeca postati samostalnija.S 3 pretinca imat \u0107ete dovoljno prostora za pohranu knjiga, \u010dasopisa, igra\u010daka ili drugih stvari.Visina je tako\u0111er optimalna kako bi va\u0161a djeca mogla lako umetati i vaditi knjige.","og_url":"https:\/\/inti.hr\/sr\/proizvod\/djecji-regal-61x35x71cm\/","og_site_name":"Inti","og_image":[{"width":670,"height":670,"url":"https:\/\/i0.wp.com\/inti.hr\/wp-content\/uploads\/2024\/08\/KMB100-K-W-W-Y004_670x.webp?fit=670%2C670&ssl=1","type":"image\/webp"}],"twitter_card":"summary_large_image","schema":{"@context":"https:\/\/schema.org","@graph":[{"@type":"WebPage","@id":"https:\/\/inti.hr\/sr\/proizvod\/djecji-regal-61x35x71cm\/","url":"https:\/\/inti.hr\/sr\/proizvod\/djecji-regal-61x35x71cm\/","name":"Dje\u010dji regal 61x35x71cm - Inti","isPartOf":{"@id":"https:\/\/inti.hr\/sr\/#website"},"primaryImageOfPage":{"@id":"https:\/\/inti.hr\/sr\/proizvod\/djecji-regal-61x35x71cm\/#primaryimage"},"image":{"@id":"https:\/\/inti.hr\/sr\/proizvod\/djecji-regal-61x35x71cm\/#primaryimage"},"thumbnailUrl":"https:\/\/i0.wp.com\/inti.hr\/wp-content\/uploads\/2024\/08\/KMB100-K-W-W-Y004_670x.webp?fit=670%2C670&ssl=1","datePublished":"2024-08-26T09:20:19+00:00","dateModified":"2024-08-26T09:20:19+00:00","description":"Polica za knjige i igra\u010dke koju smo razvili vrlo je jednostavna za kori\u0161tenje, pa \u0107e va\u0161a djeca postati samostalnija.S 3 pretinca imat \u0107ete dovoljno prostora za pohranu knjiga, \u010dasopisa, igra\u010daka ili drugih stvari.Visina je tako\u0111er optimalna kako bi va\u0161a djeca mogla lako umetati i vaditi knjige.","breadcrumb":{"@id":"https:\/\/inti.hr\/sr\/proizvod\/djecji-regal-61x35x71cm\/#breadcrumb"},"inLanguage":"sr-RS","potentialAction":[{"@type":"ReadAction","target":["https:\/\/inti.hr\/sr\/proizvod\/djecji-regal-61x35x71cm\/"]}]},{"@type":"ImageObject","inLanguage":"sr-RS","@id":"https:\/\/inti.hr\/sr\/proizvod\/djecji-regal-61x35x71cm\/#primaryimage","url":"https:\/\/i0.wp.com\/inti.hr\/wp-content\/uploads\/2024\/08\/KMB100-K-W-W-Y004_670x.webp?fit=670%2C670&ssl=1","contentUrl":"https:\/\/i0.wp.com\/inti.hr\/wp-content\/uploads\/2024\/08\/KMB100-K-W-W-Y004_670x.webp?fit=670%2C670&ssl=1","width":670,"height":670,"caption":"Dje\u010dji regal 61x35x71cm"},{"@type":"BreadcrumbList","@id":"https:\/\/inti.hr\/sr\/proizvod\/djecji-regal-61x35x71cm\/#breadcrumb","itemListElement":[{"@type":"ListItem","position":1,"name":"Po\u010detna stranica","item":"https:\/\/inti.hr\/sr\/"},{"@type":"ListItem","position":2,"name":"Prodavnica","item":"https:\/\/inti.hr\/sr\/prodavnica\/"},{"@type":"ListItem","position":3,"name":"Dje\u010dji regal 61x35x71cm"}]},{"@type":"WebSite","@id":"https:\/\/inti.hr\/sr\/#website","url":"https:\/\/inti.hr\/sr\/","name":"Inti","description":"trgovina","potentialAction":[{"@type":"SearchAction","target":{"@type":"EntryPoint","urlTemplate":"https:\/\/inti.hr\/sr\/?s={search_term_string}"},"query-input":{"@type":"PropertyValueSpecification","valueRequired":true,"valueName":"search_term_string"}}],"inLanguage":"sr-RS"}]}},"jetpack_sharing_enabled":true,"jetpack-related-posts":[],"_links":{"self":[{"href":"https:\/\/inti.hr\/sr\/wp-json\/wp\/v2\/product\/35513"}],"collection":[{"href":"https:\/\/inti.hr\/sr\/wp-json\/wp\/v2\/product"}],"about":[{"href":"https:\/\/inti.hr\/sr\/wp-json\/wp\/v2\/types\/product"}],"wp:featuredmedia":[{"embeddable":true,"href":"https:\/\/inti.hr\/sr\/wp-json\/wp\/v2\/media\/35514"}],"wp:attachment":[{"href":"https:\/\/inti.hr\/sr\/wp-json\/wp\/v2\/media?parent=35513"}],"wp:term":[{"taxonomy":"product_cat","embeddable":true,"href":"https:\/\/inti.hr\/sr\/wp-json\/wp\/v2\/product_cat?post=35513"},{"taxonomy":"product_tag","embeddable":true,"href":"https:\/\/inti.hr\/sr\/wp-json\/wp\/v2\/product_tag?post=35513"}],"curies":[{"name":"wp","href":"https:\/\/api.w.org\/{rel}","templated":true}]}}