{"id":35521,"date":"2024-08-15T08:19:53","date_gmt":"2024-08-15T07:19:53","guid":{"rendered":"https:\/\/inti.hr\/product\/sanduk-za-sjedenje-s-poklopcem\/"},"modified":"2024-08-15T08:19:53","modified_gmt":"2024-08-15T07:19:53","slug":"sanduk-za-sjedenje-s-poklopcem","status":"publish","type":"product","link":"https:\/\/inti.hr\/sr\/proizvod\/sanduk-za-sjedenje-s-poklopcem\/","title":{"rendered":"Sanduk za sjedenje s poklopcem"},"content":{"rendered":"<p><span>Detalji proizvoda:<\/span><br \/>\n<span>&#8211; Boja: Mat bijela<\/span><br \/>\n<span>&#8211; Materijal: iveral<\/span><br \/>\n<span>&#8211; Veli\u010dina: 100 x 40 x 46 cm (D x \u0160 x V)<\/span><br \/>\n<span>&#8211; Te\u017eina: 19,5 kg<\/span><br \/>\n<span>&#8211; Maksimalna stati\u010dka nosivost: 100 kg<\/span><\/p>\n","protected":false},"excerpt":{"rendered":"<p>Mat bijela komoda za sjedenje mo\u017ee se skladno uklopiti u mnoge &#8230; <\/p>\n","protected":false},"featured_media":35522,"template":"","meta":[],"product_cat":[2635],"product_tag":[2659,2640],"yoast_head":"<!-- This site is optimized with the Yoast SEO plugin v23.7 - https:\/\/yoast.com\/wordpress\/plugins\/seo\/ -->\n<title>Sanduk za sjedenje s poklopcem - Inti<\/title>\n<meta name=\"description\" content=\"Mat bijela komoda za sjedenje mo\u017ee se skladno uklopiti u mnoge stilove opremanja. A prakti\u010dni dizajn izreza na prednjoj strani \u010dini ovu \u0161krinju privla\u010dnom. Bez brige! Uz bo\u010dne ru\u010dke mo\u017eete ga postaviti u hodnik, dje\u010dju sobu ili dnevni boravak po potrebi. bijelu \u0161krinju za igra\u010dke minimalisti\u010dkog dizajna s ozna\u010denim dijelovima i jasnim uputama za jednostavno sastavljanje - kao i priliku da unesete vi\u0161e reda u svoj dom. Ovaj ormari\u0107 za pohranjivanje dimenzija 100 x 40 x 46 cm nudi dovoljno prostora za odje\u0107u, igra\u010dke i obu\u0107u; Zahvaljuju\u0107i 2 \u0161arke s funkcijom dr\u017eanja bez koraka, nema opasnosti da vam se prsti zaka\u010de. Postavite ovu klupu u svoj hodnik. Izra\u0111en je od izdr\u017eljive iverice i mo\u017ee izdr\u017eati do 100 kg, tako da ga vi i va\u0161a obitelj mo\u017eete koristiti s povjerenjem.\u00a0\" \/>\n<meta name=\"robots\" content=\"index, follow, max-snippet:-1, max-image-preview:large, max-video-preview:-1\" \/>\n<link rel=\"canonical\" href=\"https:\/\/inti.hr\/sr\/proizvod\/sanduk-za-sjedenje-s-poklopcem\/\" \/>\n<meta property=\"og:locale\" content=\"sr_RS\" \/>\n<meta property=\"og:type\" content=\"article\" \/>\n<meta property=\"og:title\" content=\"Sanduk za sjedenje s poklopcem - Inti\" \/>\n<meta property=\"og:description\" content=\"Mat bijela komoda za sjedenje mo\u017ee se skladno uklopiti u mnoge stilove opremanja. A prakti\u010dni dizajn izreza na prednjoj strani \u010dini ovu \u0161krinju privla\u010dnom. Bez brige! Uz bo\u010dne ru\u010dke mo\u017eete ga postaviti u hodnik, dje\u010dju sobu ili dnevni boravak po potrebi. bijelu \u0161krinju za igra\u010dke minimalisti\u010dkog dizajna s ozna\u010denim dijelovima i jasnim uputama za jednostavno sastavljanje - kao i priliku da unesete vi\u0161e reda u svoj dom. Ovaj ormari\u0107 za pohranjivanje dimenzija 100 x 40 x 46 cm nudi dovoljno prostora za odje\u0107u, igra\u010dke i obu\u0107u; Zahvaljuju\u0107i 2 \u0161arke s funkcijom dr\u017eanja bez koraka, nema opasnosti da vam se prsti zaka\u010de. Postavite ovu klupu u svoj hodnik. Izra\u0111en je od izdr\u017eljive iverice i mo\u017ee izdr\u017eati do 100 kg, tako da ga vi i va\u0161a obitelj mo\u017eete koristiti s povjerenjem.\u00a0\" \/>\n<meta property=\"og:url\" content=\"https:\/\/inti.hr\/sr\/proizvod\/sanduk-za-sjedenje-s-poklopcem\/\" \/>\n<meta property=\"og:site_name\" content=\"Inti\" \/>\n<meta property=\"og:image\" content=\"https:\/\/i0.wp.com\/inti.hr\/wp-content\/uploads\/2024\/08\/LSB061T10-2.jpg?fit=1000%2C1000&ssl=1\" \/>\n\t<meta property=\"og:image:width\" content=\"1000\" \/>\n\t<meta property=\"og:image:height\" content=\"1000\" \/>\n\t<meta property=\"og:image:type\" content=\"image\/jpeg\" \/>\n<meta name=\"twitter:card\" content=\"summary_large_image\" \/>\n<script type=\"application\/ld+json\" class=\"yoast-schema-graph\">{\"@context\":\"https:\/\/schema.org\",\"@graph\":[{\"@type\":\"WebPage\",\"@id\":\"https:\/\/inti.hr\/sr\/proizvod\/sanduk-za-sjedenje-s-poklopcem\/\",\"url\":\"https:\/\/inti.hr\/sr\/proizvod\/sanduk-za-sjedenje-s-poklopcem\/\",\"name\":\"Sanduk za sjedenje s poklopcem - Inti\",\"isPartOf\":{\"@id\":\"https:\/\/inti.hr\/sr\/#website\"},\"primaryImageOfPage\":{\"@id\":\"https:\/\/inti.hr\/sr\/proizvod\/sanduk-za-sjedenje-s-poklopcem\/#primaryimage\"},\"image\":{\"@id\":\"https:\/\/inti.hr\/sr\/proizvod\/sanduk-za-sjedenje-s-poklopcem\/#primaryimage\"},\"thumbnailUrl\":\"https:\/\/i0.wp.com\/inti.hr\/wp-content\/uploads\/2024\/08\/LSB061T10-2.jpg?fit=1000%2C1000&ssl=1\",\"datePublished\":\"2024-08-15T07:19:53+00:00\",\"dateModified\":\"2024-08-15T07:19:53+00:00\",\"description\":\"Mat bijela komoda za sjedenje mo\u017ee se skladno uklopiti u mnoge stilove opremanja. A prakti\u010dni dizajn izreza na prednjoj strani \u010dini ovu \u0161krinju privla\u010dnom. Bez brige! Uz bo\u010dne ru\u010dke mo\u017eete ga postaviti u hodnik, dje\u010dju sobu ili dnevni boravak po potrebi. bijelu \u0161krinju za igra\u010dke minimalisti\u010dkog dizajna s ozna\u010denim dijelovima i jasnim uputama za jednostavno sastavljanje - kao i priliku da unesete vi\u0161e reda u svoj dom. Ovaj ormari\u0107 za pohranjivanje dimenzija 100 x 40 x 46 cm nudi dovoljno prostora za odje\u0107u, igra\u010dke i obu\u0107u; Zahvaljuju\u0107i 2 \u0161arke s funkcijom dr\u017eanja bez koraka, nema opasnosti da vam se prsti zaka\u010de. Postavite ovu klupu u svoj hodnik. Izra\u0111en je od izdr\u017eljive iverice i mo\u017ee izdr\u017eati do 100 kg, tako da ga vi i va\u0161a obitelj mo\u017eete koristiti s povjerenjem.\u00a0\",\"breadcrumb\":{\"@id\":\"https:\/\/inti.hr\/sr\/proizvod\/sanduk-za-sjedenje-s-poklopcem\/#breadcrumb\"},\"inLanguage\":\"sr-RS\",\"potentialAction\":[{\"@type\":\"ReadAction\",\"target\":[\"https:\/\/inti.hr\/sr\/proizvod\/sanduk-za-sjedenje-s-poklopcem\/\"]}]},{\"@type\":\"ImageObject\",\"inLanguage\":\"sr-RS\",\"@id\":\"https:\/\/inti.hr\/sr\/proizvod\/sanduk-za-sjedenje-s-poklopcem\/#primaryimage\",\"url\":\"https:\/\/i0.wp.com\/inti.hr\/wp-content\/uploads\/2024\/08\/LSB061T10-2.jpg?fit=1000%2C1000&ssl=1\",\"contentUrl\":\"https:\/\/i0.wp.com\/inti.hr\/wp-content\/uploads\/2024\/08\/LSB061T10-2.jpg?fit=1000%2C1000&ssl=1\",\"width\":1000,\"height\":1000,\"caption\":\"sanduk za sjedenje s poklopcem\"},{\"@type\":\"BreadcrumbList\",\"@id\":\"https:\/\/inti.hr\/sr\/proizvod\/sanduk-za-sjedenje-s-poklopcem\/#breadcrumb\",\"itemListElement\":[{\"@type\":\"ListItem\",\"position\":1,\"name\":\"Po\u010detna stranica\",\"item\":\"https:\/\/inti.hr\/sr\/\"},{\"@type\":\"ListItem\",\"position\":2,\"name\":\"Prodavnica\",\"item\":\"https:\/\/inti.hr\/sr\/prodavnica\/\"},{\"@type\":\"ListItem\",\"position\":3,\"name\":\"Sanduk za sjedenje s poklopcem\"}]},{\"@type\":\"WebSite\",\"@id\":\"https:\/\/inti.hr\/sr\/#website\",\"url\":\"https:\/\/inti.hr\/sr\/\",\"name\":\"Inti\",\"description\":\"trgovina\",\"potentialAction\":[{\"@type\":\"SearchAction\",\"target\":{\"@type\":\"EntryPoint\",\"urlTemplate\":\"https:\/\/inti.hr\/sr\/?s={search_term_string}\"},\"query-input\":{\"@type\":\"PropertyValueSpecification\",\"valueRequired\":true,\"valueName\":\"search_term_string\"}}],\"inLanguage\":\"sr-RS\"}]}<\/script>\n<!-- \/ Yoast SEO plugin. -->","yoast_head_json":{"title":"Sanduk za sjedenje s poklopcem - Inti","description":"Mat bijela komoda za sjedenje mo\u017ee se skladno uklopiti u mnoge stilove opremanja. A prakti\u010dni dizajn izreza na prednjoj strani \u010dini ovu \u0161krinju privla\u010dnom. Bez brige! Uz bo\u010dne ru\u010dke mo\u017eete ga postaviti u hodnik, dje\u010dju sobu ili dnevni boravak po potrebi. bijelu \u0161krinju za igra\u010dke minimalisti\u010dkog dizajna s ozna\u010denim dijelovima i jasnim uputama za jednostavno sastavljanje - kao i priliku da unesete vi\u0161e reda u svoj dom. Ovaj ormari\u0107 za pohranjivanje dimenzija 100 x 40 x 46 cm nudi dovoljno prostora za odje\u0107u, igra\u010dke i obu\u0107u; Zahvaljuju\u0107i 2 \u0161arke s funkcijom dr\u017eanja bez koraka, nema opasnosti da vam se prsti zaka\u010de. Postavite ovu klupu u svoj hodnik. Izra\u0111en je od izdr\u017eljive iverice i mo\u017ee izdr\u017eati do 100 kg, tako da ga vi i va\u0161a obitelj mo\u017eete koristiti s povjerenjem.\u00a0","robots":{"index":"index","follow":"follow","max-snippet":"max-snippet:-1","max-image-preview":"max-image-preview:large","max-video-preview":"max-video-preview:-1"},"canonical":"https:\/\/inti.hr\/sr\/proizvod\/sanduk-za-sjedenje-s-poklopcem\/","og_locale":"sr_RS","og_type":"article","og_title":"Sanduk za sjedenje s poklopcem - Inti","og_description":"Mat bijela komoda za sjedenje mo\u017ee se skladno uklopiti u mnoge stilove opremanja. A prakti\u010dni dizajn izreza na prednjoj strani \u010dini ovu \u0161krinju privla\u010dnom. Bez brige! Uz bo\u010dne ru\u010dke mo\u017eete ga postaviti u hodnik, dje\u010dju sobu ili dnevni boravak po potrebi. bijelu \u0161krinju za igra\u010dke minimalisti\u010dkog dizajna s ozna\u010denim dijelovima i jasnim uputama za jednostavno sastavljanje - kao i priliku da unesete vi\u0161e reda u svoj dom. Ovaj ormari\u0107 za pohranjivanje dimenzija 100 x 40 x 46 cm nudi dovoljno prostora za odje\u0107u, igra\u010dke i obu\u0107u; Zahvaljuju\u0107i 2 \u0161arke s funkcijom dr\u017eanja bez koraka, nema opasnosti da vam se prsti zaka\u010de. Postavite ovu klupu u svoj hodnik. Izra\u0111en je od izdr\u017eljive iverice i mo\u017ee izdr\u017eati do 100 kg, tako da ga vi i va\u0161a obitelj mo\u017eete koristiti s povjerenjem.\u00a0","og_url":"https:\/\/inti.hr\/sr\/proizvod\/sanduk-za-sjedenje-s-poklopcem\/","og_site_name":"Inti","og_image":[{"width":1000,"height":1000,"url":"https:\/\/i0.wp.com\/inti.hr\/wp-content\/uploads\/2024\/08\/LSB061T10-2.jpg?fit=1000%2C1000&ssl=1","type":"image\/jpeg"}],"twitter_card":"summary_large_image","schema":{"@context":"https:\/\/schema.org","@graph":[{"@type":"WebPage","@id":"https:\/\/inti.hr\/sr\/proizvod\/sanduk-za-sjedenje-s-poklopcem\/","url":"https:\/\/inti.hr\/sr\/proizvod\/sanduk-za-sjedenje-s-poklopcem\/","name":"Sanduk za sjedenje s poklopcem - Inti","isPartOf":{"@id":"https:\/\/inti.hr\/sr\/#website"},"primaryImageOfPage":{"@id":"https:\/\/inti.hr\/sr\/proizvod\/sanduk-za-sjedenje-s-poklopcem\/#primaryimage"},"image":{"@id":"https:\/\/inti.hr\/sr\/proizvod\/sanduk-za-sjedenje-s-poklopcem\/#primaryimage"},"thumbnailUrl":"https:\/\/i0.wp.com\/inti.hr\/wp-content\/uploads\/2024\/08\/LSB061T10-2.jpg?fit=1000%2C1000&ssl=1","datePublished":"2024-08-15T07:19:53+00:00","dateModified":"2024-08-15T07:19:53+00:00","description":"Mat bijela komoda za sjedenje mo\u017ee se skladno uklopiti u mnoge stilove opremanja. A prakti\u010dni dizajn izreza na prednjoj strani \u010dini ovu \u0161krinju privla\u010dnom. Bez brige! Uz bo\u010dne ru\u010dke mo\u017eete ga postaviti u hodnik, dje\u010dju sobu ili dnevni boravak po potrebi. bijelu \u0161krinju za igra\u010dke minimalisti\u010dkog dizajna s ozna\u010denim dijelovima i jasnim uputama za jednostavno sastavljanje - kao i priliku da unesete vi\u0161e reda u svoj dom. Ovaj ormari\u0107 za pohranjivanje dimenzija 100 x 40 x 46 cm nudi dovoljno prostora za odje\u0107u, igra\u010dke i obu\u0107u; Zahvaljuju\u0107i 2 \u0161arke s funkcijom dr\u017eanja bez koraka, nema opasnosti da vam se prsti zaka\u010de. Postavite ovu klupu u svoj hodnik. Izra\u0111en je od izdr\u017eljive iverice i mo\u017ee izdr\u017eati do 100 kg, tako da ga vi i va\u0161a obitelj mo\u017eete koristiti s povjerenjem.\u00a0","breadcrumb":{"@id":"https:\/\/inti.hr\/sr\/proizvod\/sanduk-za-sjedenje-s-poklopcem\/#breadcrumb"},"inLanguage":"sr-RS","potentialAction":[{"@type":"ReadAction","target":["https:\/\/inti.hr\/sr\/proizvod\/sanduk-za-sjedenje-s-poklopcem\/"]}]},{"@type":"ImageObject","inLanguage":"sr-RS","@id":"https:\/\/inti.hr\/sr\/proizvod\/sanduk-za-sjedenje-s-poklopcem\/#primaryimage","url":"https:\/\/i0.wp.com\/inti.hr\/wp-content\/uploads\/2024\/08\/LSB061T10-2.jpg?fit=1000%2C1000&ssl=1","contentUrl":"https:\/\/i0.wp.com\/inti.hr\/wp-content\/uploads\/2024\/08\/LSB061T10-2.jpg?fit=1000%2C1000&ssl=1","width":1000,"height":1000,"caption":"sanduk za sjedenje s poklopcem"},{"@type":"BreadcrumbList","@id":"https:\/\/inti.hr\/sr\/proizvod\/sanduk-za-sjedenje-s-poklopcem\/#breadcrumb","itemListElement":[{"@type":"ListItem","position":1,"name":"Po\u010detna stranica","item":"https:\/\/inti.hr\/sr\/"},{"@type":"ListItem","position":2,"name":"Prodavnica","item":"https:\/\/inti.hr\/sr\/prodavnica\/"},{"@type":"ListItem","position":3,"name":"Sanduk za sjedenje s poklopcem"}]},{"@type":"WebSite","@id":"https:\/\/inti.hr\/sr\/#website","url":"https:\/\/inti.hr\/sr\/","name":"Inti","description":"trgovina","potentialAction":[{"@type":"SearchAction","target":{"@type":"EntryPoint","urlTemplate":"https:\/\/inti.hr\/sr\/?s={search_term_string}"},"query-input":{"@type":"PropertyValueSpecification","valueRequired":true,"valueName":"search_term_string"}}],"inLanguage":"sr-RS"}]}},"jetpack_sharing_enabled":true,"jetpack-related-posts":[],"_links":{"self":[{"href":"https:\/\/inti.hr\/sr\/wp-json\/wp\/v2\/product\/35521"}],"collection":[{"href":"https:\/\/inti.hr\/sr\/wp-json\/wp\/v2\/product"}],"about":[{"href":"https:\/\/inti.hr\/sr\/wp-json\/wp\/v2\/types\/product"}],"wp:featuredmedia":[{"embeddable":true,"href":"https:\/\/inti.hr\/sr\/wp-json\/wp\/v2\/media\/35522"}],"wp:attachment":[{"href":"https:\/\/inti.hr\/sr\/wp-json\/wp\/v2\/media?parent=35521"}],"wp:term":[{"taxonomy":"product_cat","embeddable":true,"href":"https:\/\/inti.hr\/sr\/wp-json\/wp\/v2\/product_cat?post=35521"},{"taxonomy":"product_tag","embeddable":true,"href":"https:\/\/inti.hr\/sr\/wp-json\/wp\/v2\/product_tag?post=35521"}],"curies":[{"name":"wp","href":"https:\/\/api.w.org\/{rel}","templated":true}]}}