{"id":35529,"date":"2024-08-13T15:06:41","date_gmt":"2024-08-13T14:06:41","guid":{"rendered":"https:\/\/inti.hr\/product\/pomocni-stolic-tvedestrand-48x30x45\/"},"modified":"2024-08-13T15:06:41","modified_gmt":"2024-08-13T14:06:41","slug":"pomocni-stolic-tvedestrand-48x30x45","status":"publish","type":"product","link":"https:\/\/inti.hr\/sr\/proizvod\/pomocni-stolic-tvedestrand-48x30x45\/","title":{"rendered":"Pomo\u0107ni stoli\u0107 Tvedestrand 48x30x45"},"content":{"rendered":"<p>Detalji proizvoda:<\/p>\n<p><span>&#8211; Svestrani pomo\u0107ni stoli\u0107<\/span><br \/>\n<span>&#8211; Izniman i bezvremenski dizajn<\/span><br \/>\n<span>&#8211; Dodatni prostor za pohranu zahvaljuju\u0107i pretincu za pohranu<\/span><br \/>\n<span>&#8211; Dvoja klizna vrata za otvaranje pretinca<\/span><br \/>\n<span>&#8211; Stabilno postolje zahvaljuju\u0107i \u010detiri noge stola<\/span><br \/>\n<span>&#8211; Mo\u017ee se koristiti i kao no\u0107ni ormari\u0107<\/span><br \/>\n<span>&#8211; Povr\u0161ina se lako \u010disti<\/span><br \/>\n<span>&#8211; Brzo i sastavljanje bez napora<\/span><\/p>\n<p><b><span>Masa:<\/span><\/b><\/p>\n<p><span>&#8211; Ukupno (Dx\u0160xV): 48 x 30 x 45 cm<\/span><br \/>\n<span>&#8211; Visina prednje strane vrata: 15 cm<\/span><br \/>\n<span>&#8211; Visina noge stola: 27 cm<\/span><\/p>\n<p><b><span>Materijal:<\/span><\/b><\/p>\n<p><span>&#8211; Tijelo: Bambus<\/span><br \/>\n<span>&#8211; Noge: Metal<\/span><\/p>\n<p><b><span>Boja:<\/span><\/b><\/p>\n<p><span>Boje drveta \/ crna<\/span><\/p>\n","protected":false},"excerpt":{"rendered":"<p>Ovaj stol je savr\u0161en dodatak va\u0161em domu. Sa svojim bezvremenskim i &#8230; <\/p>\n","protected":false},"featured_media":35530,"template":"","meta":[],"product_cat":[2416],"product_tag":[2676,2677],"yoast_head":"<!-- This site is optimized with the Yoast SEO plugin v23.7 - https:\/\/yoast.com\/wordpress\/plugins\/seo\/ -->\n<title>Pomo\u0107ni stoli\u0107 Tvedestrand 48x30x45 - Inti<\/title>\n<meta name=\"description\" content=\"Ovaj stol je savr\u0161en dodatak va\u0161em domu. Sa svojim bezvremenskim i elegantnim dizajnom, stol je prava vrijednost za svaki \u017eivotni prostor, bilo da se radi o dnevnoj sobi, spava\u0107oj sobi, uredu ili hodniku.Konstrukcija je jednostavna i \u0161tedi vrijeme. Njegovo dobro osmi\u0161ljeno tijelo nudi izda\u0161an prostor za pohranu unutar stola. Pretinac za odlaganje se mo\u017ee otvoriti i zatvoriti bez napora zahvaljuju\u0107i dvojim kliznim vratima.Plo\u010da stola i pretinac za pohranu pru\u017eaju dovoljno prostora za daljinski upravlja\u010d, knjige, \u010dasopise i druge osobne stvari. Mo\u017eete sigurno pohraniti grickalice i pi\u0107a dok gledate svoju omiljenu seriju ili dr\u017eati svoje trenutno \u0161tivo pri ruci. Tako\u0111er mo\u017eete kreativno koristiti stol za izlaganje ukrasnih predmeta kao \u0161to su vaze, svije\u0107e ili okviri za slike.Svestranost pomo\u0107nog stoli\u0107a omogu\u0107uje vam fleksibilnu upotrebu u razli\u010ditim sobama. U dnevnoj sobi mo\u017ee poslu\u017eiti kao prakti\u010dna polica uz kau\u010d, dok u spava\u0107oj sobi mo\u017ee poslu\u017eiti kao no\u0107ni ormari\u0107 za va\u0161u lampu za \u010ditanje i knjigu. Osim toga, mo\u017ee pru\u017eiti gostoljubivu dobrodo\u0161licu u ulaznom prostoru.Noge stola uvijek osiguravaju stabilan stalak i pridonose uspje\u0161nom dizajnu.Njegova povr\u0161ina laka za odr\u017eavanje omogu\u0107uje jednostavno \u010di\u0161\u0107enje. Za jednostavno uklanjanje pra\u0161ine i prljav\u0161tine dovoljna je vla\u017ena krpa.\" \/>\n<meta name=\"robots\" content=\"index, follow, max-snippet:-1, max-image-preview:large, max-video-preview:-1\" \/>\n<link rel=\"canonical\" href=\"https:\/\/inti.hr\/sr\/proizvod\/pomocni-stolic-tvedestrand-48x30x45\/\" \/>\n<meta property=\"og:locale\" content=\"sr_RS\" \/>\n<meta property=\"og:type\" content=\"article\" \/>\n<meta property=\"og:title\" content=\"Pomo\u0107ni stoli\u0107 Tvedestrand 48x30x45 - Inti\" \/>\n<meta property=\"og:description\" content=\"Ovaj stol je savr\u0161en dodatak va\u0161em domu. Sa svojim bezvremenskim i elegantnim dizajnom, stol je prava vrijednost za svaki \u017eivotni prostor, bilo da se radi o dnevnoj sobi, spava\u0107oj sobi, uredu ili hodniku.Konstrukcija je jednostavna i \u0161tedi vrijeme. Njegovo dobro osmi\u0161ljeno tijelo nudi izda\u0161an prostor za pohranu unutar stola. Pretinac za odlaganje se mo\u017ee otvoriti i zatvoriti bez napora zahvaljuju\u0107i dvojim kliznim vratima.Plo\u010da stola i pretinac za pohranu pru\u017eaju dovoljno prostora za daljinski upravlja\u010d, knjige, \u010dasopise i druge osobne stvari. Mo\u017eete sigurno pohraniti grickalice i pi\u0107a dok gledate svoju omiljenu seriju ili dr\u017eati svoje trenutno \u0161tivo pri ruci. Tako\u0111er mo\u017eete kreativno koristiti stol za izlaganje ukrasnih predmeta kao \u0161to su vaze, svije\u0107e ili okviri za slike.Svestranost pomo\u0107nog stoli\u0107a omogu\u0107uje vam fleksibilnu upotrebu u razli\u010ditim sobama. U dnevnoj sobi mo\u017ee poslu\u017eiti kao prakti\u010dna polica uz kau\u010d, dok u spava\u0107oj sobi mo\u017ee poslu\u017eiti kao no\u0107ni ormari\u0107 za va\u0161u lampu za \u010ditanje i knjigu. Osim toga, mo\u017ee pru\u017eiti gostoljubivu dobrodo\u0161licu u ulaznom prostoru.Noge stola uvijek osiguravaju stabilan stalak i pridonose uspje\u0161nom dizajnu.Njegova povr\u0161ina laka za odr\u017eavanje omogu\u0107uje jednostavno \u010di\u0161\u0107enje. Za jednostavno uklanjanje pra\u0161ine i prljav\u0161tine dovoljna je vla\u017ena krpa.\" \/>\n<meta property=\"og:url\" content=\"https:\/\/inti.hr\/sr\/proizvod\/pomocni-stolic-tvedestrand-48x30x45\/\" \/>\n<meta property=\"og:site_name\" content=\"Inti\" \/>\n<meta property=\"og:image\" content=\"https:\/\/i0.wp.com\/inti.hr\/wp-content\/uploads\/2024\/08\/08ff4d2b4003aa6099efd4b2f629583d.jpg?fit=1400%2C1400&ssl=1\" \/>\n\t<meta property=\"og:image:width\" content=\"1400\" \/>\n\t<meta property=\"og:image:height\" content=\"1400\" \/>\n\t<meta property=\"og:image:type\" content=\"image\/jpeg\" \/>\n<meta name=\"twitter:card\" content=\"summary_large_image\" \/>\n<script type=\"application\/ld+json\" class=\"yoast-schema-graph\">{\"@context\":\"https:\/\/schema.org\",\"@graph\":[{\"@type\":\"WebPage\",\"@id\":\"https:\/\/inti.hr\/sr\/proizvod\/pomocni-stolic-tvedestrand-48x30x45\/\",\"url\":\"https:\/\/inti.hr\/sr\/proizvod\/pomocni-stolic-tvedestrand-48x30x45\/\",\"name\":\"Pomo\u0107ni stoli\u0107 Tvedestrand 48x30x45 - Inti\",\"isPartOf\":{\"@id\":\"https:\/\/inti.hr\/sr\/#website\"},\"primaryImageOfPage\":{\"@id\":\"https:\/\/inti.hr\/sr\/proizvod\/pomocni-stolic-tvedestrand-48x30x45\/#primaryimage\"},\"image\":{\"@id\":\"https:\/\/inti.hr\/sr\/proizvod\/pomocni-stolic-tvedestrand-48x30x45\/#primaryimage\"},\"thumbnailUrl\":\"https:\/\/i0.wp.com\/inti.hr\/wp-content\/uploads\/2024\/08\/08ff4d2b4003aa6099efd4b2f629583d.jpg?fit=1400%2C1400&ssl=1\",\"datePublished\":\"2024-08-13T14:06:41+00:00\",\"dateModified\":\"2024-08-13T14:06:41+00:00\",\"description\":\"Ovaj stol je savr\u0161en dodatak va\u0161em domu. Sa svojim bezvremenskim i elegantnim dizajnom, stol je prava vrijednost za svaki \u017eivotni prostor, bilo da se radi o dnevnoj sobi, spava\u0107oj sobi, uredu ili hodniku.Konstrukcija je jednostavna i \u0161tedi vrijeme. Njegovo dobro osmi\u0161ljeno tijelo nudi izda\u0161an prostor za pohranu unutar stola. Pretinac za odlaganje se mo\u017ee otvoriti i zatvoriti bez napora zahvaljuju\u0107i dvojim kliznim vratima.Plo\u010da stola i pretinac za pohranu pru\u017eaju dovoljno prostora za daljinski upravlja\u010d, knjige, \u010dasopise i druge osobne stvari. Mo\u017eete sigurno pohraniti grickalice i pi\u0107a dok gledate svoju omiljenu seriju ili dr\u017eati svoje trenutno \u0161tivo pri ruci. Tako\u0111er mo\u017eete kreativno koristiti stol za izlaganje ukrasnih predmeta kao \u0161to su vaze, svije\u0107e ili okviri za slike.Svestranost pomo\u0107nog stoli\u0107a omogu\u0107uje vam fleksibilnu upotrebu u razli\u010ditim sobama. U dnevnoj sobi mo\u017ee poslu\u017eiti kao prakti\u010dna polica uz kau\u010d, dok u spava\u0107oj sobi mo\u017ee poslu\u017eiti kao no\u0107ni ormari\u0107 za va\u0161u lampu za \u010ditanje i knjigu. Osim toga, mo\u017ee pru\u017eiti gostoljubivu dobrodo\u0161licu u ulaznom prostoru.Noge stola uvijek osiguravaju stabilan stalak i pridonose uspje\u0161nom dizajnu.Njegova povr\u0161ina laka za odr\u017eavanje omogu\u0107uje jednostavno \u010di\u0161\u0107enje. Za jednostavno uklanjanje pra\u0161ine i prljav\u0161tine dovoljna je vla\u017ena krpa.\",\"breadcrumb\":{\"@id\":\"https:\/\/inti.hr\/sr\/proizvod\/pomocni-stolic-tvedestrand-48x30x45\/#breadcrumb\"},\"inLanguage\":\"sr-RS\",\"potentialAction\":[{\"@type\":\"ReadAction\",\"target\":[\"https:\/\/inti.hr\/sr\/proizvod\/pomocni-stolic-tvedestrand-48x30x45\/\"]}]},{\"@type\":\"ImageObject\",\"inLanguage\":\"sr-RS\",\"@id\":\"https:\/\/inti.hr\/sr\/proizvod\/pomocni-stolic-tvedestrand-48x30x45\/#primaryimage\",\"url\":\"https:\/\/i0.wp.com\/inti.hr\/wp-content\/uploads\/2024\/08\/08ff4d2b4003aa6099efd4b2f629583d.jpg?fit=1400%2C1400&ssl=1\",\"contentUrl\":\"https:\/\/i0.wp.com\/inti.hr\/wp-content\/uploads\/2024\/08\/08ff4d2b4003aa6099efd4b2f629583d.jpg?fit=1400%2C1400&ssl=1\",\"width\":1400,\"height\":1400,\"caption\":\"Pomo\u0107ni stoli\u0107 Tvedestrand 48x30x45 cm bambus\/crna\"},{\"@type\":\"BreadcrumbList\",\"@id\":\"https:\/\/inti.hr\/sr\/proizvod\/pomocni-stolic-tvedestrand-48x30x45\/#breadcrumb\",\"itemListElement\":[{\"@type\":\"ListItem\",\"position\":1,\"name\":\"Po\u010detna stranica\",\"item\":\"https:\/\/inti.hr\/sr\/\"},{\"@type\":\"ListItem\",\"position\":2,\"name\":\"Prodavnica\",\"item\":\"https:\/\/inti.hr\/sr\/prodavnica\/\"},{\"@type\":\"ListItem\",\"position\":3,\"name\":\"Pomo\u0107ni stoli\u0107 Tvedestrand 48x30x45\"}]},{\"@type\":\"WebSite\",\"@id\":\"https:\/\/inti.hr\/sr\/#website\",\"url\":\"https:\/\/inti.hr\/sr\/\",\"name\":\"Inti\",\"description\":\"trgovina\",\"potentialAction\":[{\"@type\":\"SearchAction\",\"target\":{\"@type\":\"EntryPoint\",\"urlTemplate\":\"https:\/\/inti.hr\/sr\/?s={search_term_string}\"},\"query-input\":{\"@type\":\"PropertyValueSpecification\",\"valueRequired\":true,\"valueName\":\"search_term_string\"}}],\"inLanguage\":\"sr-RS\"}]}<\/script>\n<!-- \/ Yoast SEO plugin. -->","yoast_head_json":{"title":"Pomo\u0107ni stoli\u0107 Tvedestrand 48x30x45 - Inti","description":"Ovaj stol je savr\u0161en dodatak va\u0161em domu. Sa svojim bezvremenskim i elegantnim dizajnom, stol je prava vrijednost za svaki \u017eivotni prostor, bilo da se radi o dnevnoj sobi, spava\u0107oj sobi, uredu ili hodniku.Konstrukcija je jednostavna i \u0161tedi vrijeme. Njegovo dobro osmi\u0161ljeno tijelo nudi izda\u0161an prostor za pohranu unutar stola. Pretinac za odlaganje se mo\u017ee otvoriti i zatvoriti bez napora zahvaljuju\u0107i dvojim kliznim vratima.Plo\u010da stola i pretinac za pohranu pru\u017eaju dovoljno prostora za daljinski upravlja\u010d, knjige, \u010dasopise i druge osobne stvari. Mo\u017eete sigurno pohraniti grickalice i pi\u0107a dok gledate svoju omiljenu seriju ili dr\u017eati svoje trenutno \u0161tivo pri ruci. Tako\u0111er mo\u017eete kreativno koristiti stol za izlaganje ukrasnih predmeta kao \u0161to su vaze, svije\u0107e ili okviri za slike.Svestranost pomo\u0107nog stoli\u0107a omogu\u0107uje vam fleksibilnu upotrebu u razli\u010ditim sobama. U dnevnoj sobi mo\u017ee poslu\u017eiti kao prakti\u010dna polica uz kau\u010d, dok u spava\u0107oj sobi mo\u017ee poslu\u017eiti kao no\u0107ni ormari\u0107 za va\u0161u lampu za \u010ditanje i knjigu. Osim toga, mo\u017ee pru\u017eiti gostoljubivu dobrodo\u0161licu u ulaznom prostoru.Noge stola uvijek osiguravaju stabilan stalak i pridonose uspje\u0161nom dizajnu.Njegova povr\u0161ina laka za odr\u017eavanje omogu\u0107uje jednostavno \u010di\u0161\u0107enje. Za jednostavno uklanjanje pra\u0161ine i prljav\u0161tine dovoljna je vla\u017ena krpa.","robots":{"index":"index","follow":"follow","max-snippet":"max-snippet:-1","max-image-preview":"max-image-preview:large","max-video-preview":"max-video-preview:-1"},"canonical":"https:\/\/inti.hr\/sr\/proizvod\/pomocni-stolic-tvedestrand-48x30x45\/","og_locale":"sr_RS","og_type":"article","og_title":"Pomo\u0107ni stoli\u0107 Tvedestrand 48x30x45 - Inti","og_description":"Ovaj stol je savr\u0161en dodatak va\u0161em domu. Sa svojim bezvremenskim i elegantnim dizajnom, stol je prava vrijednost za svaki \u017eivotni prostor, bilo da se radi o dnevnoj sobi, spava\u0107oj sobi, uredu ili hodniku.Konstrukcija je jednostavna i \u0161tedi vrijeme. Njegovo dobro osmi\u0161ljeno tijelo nudi izda\u0161an prostor za pohranu unutar stola. Pretinac za odlaganje se mo\u017ee otvoriti i zatvoriti bez napora zahvaljuju\u0107i dvojim kliznim vratima.Plo\u010da stola i pretinac za pohranu pru\u017eaju dovoljno prostora za daljinski upravlja\u010d, knjige, \u010dasopise i druge osobne stvari. Mo\u017eete sigurno pohraniti grickalice i pi\u0107a dok gledate svoju omiljenu seriju ili dr\u017eati svoje trenutno \u0161tivo pri ruci. Tako\u0111er mo\u017eete kreativno koristiti stol za izlaganje ukrasnih predmeta kao \u0161to su vaze, svije\u0107e ili okviri za slike.Svestranost pomo\u0107nog stoli\u0107a omogu\u0107uje vam fleksibilnu upotrebu u razli\u010ditim sobama. U dnevnoj sobi mo\u017ee poslu\u017eiti kao prakti\u010dna polica uz kau\u010d, dok u spava\u0107oj sobi mo\u017ee poslu\u017eiti kao no\u0107ni ormari\u0107 za va\u0161u lampu za \u010ditanje i knjigu. Osim toga, mo\u017ee pru\u017eiti gostoljubivu dobrodo\u0161licu u ulaznom prostoru.Noge stola uvijek osiguravaju stabilan stalak i pridonose uspje\u0161nom dizajnu.Njegova povr\u0161ina laka za odr\u017eavanje omogu\u0107uje jednostavno \u010di\u0161\u0107enje. Za jednostavno uklanjanje pra\u0161ine i prljav\u0161tine dovoljna je vla\u017ena krpa.","og_url":"https:\/\/inti.hr\/sr\/proizvod\/pomocni-stolic-tvedestrand-48x30x45\/","og_site_name":"Inti","og_image":[{"width":1400,"height":1400,"url":"https:\/\/i0.wp.com\/inti.hr\/wp-content\/uploads\/2024\/08\/08ff4d2b4003aa6099efd4b2f629583d.jpg?fit=1400%2C1400&ssl=1","type":"image\/jpeg"}],"twitter_card":"summary_large_image","schema":{"@context":"https:\/\/schema.org","@graph":[{"@type":"WebPage","@id":"https:\/\/inti.hr\/sr\/proizvod\/pomocni-stolic-tvedestrand-48x30x45\/","url":"https:\/\/inti.hr\/sr\/proizvod\/pomocni-stolic-tvedestrand-48x30x45\/","name":"Pomo\u0107ni stoli\u0107 Tvedestrand 48x30x45 - Inti","isPartOf":{"@id":"https:\/\/inti.hr\/sr\/#website"},"primaryImageOfPage":{"@id":"https:\/\/inti.hr\/sr\/proizvod\/pomocni-stolic-tvedestrand-48x30x45\/#primaryimage"},"image":{"@id":"https:\/\/inti.hr\/sr\/proizvod\/pomocni-stolic-tvedestrand-48x30x45\/#primaryimage"},"thumbnailUrl":"https:\/\/i0.wp.com\/inti.hr\/wp-content\/uploads\/2024\/08\/08ff4d2b4003aa6099efd4b2f629583d.jpg?fit=1400%2C1400&ssl=1","datePublished":"2024-08-13T14:06:41+00:00","dateModified":"2024-08-13T14:06:41+00:00","description":"Ovaj stol je savr\u0161en dodatak va\u0161em domu. Sa svojim bezvremenskim i elegantnim dizajnom, stol je prava vrijednost za svaki \u017eivotni prostor, bilo da se radi o dnevnoj sobi, spava\u0107oj sobi, uredu ili hodniku.Konstrukcija je jednostavna i \u0161tedi vrijeme. Njegovo dobro osmi\u0161ljeno tijelo nudi izda\u0161an prostor za pohranu unutar stola. Pretinac za odlaganje se mo\u017ee otvoriti i zatvoriti bez napora zahvaljuju\u0107i dvojim kliznim vratima.Plo\u010da stola i pretinac za pohranu pru\u017eaju dovoljno prostora za daljinski upravlja\u010d, knjige, \u010dasopise i druge osobne stvari. Mo\u017eete sigurno pohraniti grickalice i pi\u0107a dok gledate svoju omiljenu seriju ili dr\u017eati svoje trenutno \u0161tivo pri ruci. Tako\u0111er mo\u017eete kreativno koristiti stol za izlaganje ukrasnih predmeta kao \u0161to su vaze, svije\u0107e ili okviri za slike.Svestranost pomo\u0107nog stoli\u0107a omogu\u0107uje vam fleksibilnu upotrebu u razli\u010ditim sobama. U dnevnoj sobi mo\u017ee poslu\u017eiti kao prakti\u010dna polica uz kau\u010d, dok u spava\u0107oj sobi mo\u017ee poslu\u017eiti kao no\u0107ni ormari\u0107 za va\u0161u lampu za \u010ditanje i knjigu. Osim toga, mo\u017ee pru\u017eiti gostoljubivu dobrodo\u0161licu u ulaznom prostoru.Noge stola uvijek osiguravaju stabilan stalak i pridonose uspje\u0161nom dizajnu.Njegova povr\u0161ina laka za odr\u017eavanje omogu\u0107uje jednostavno \u010di\u0161\u0107enje. Za jednostavno uklanjanje pra\u0161ine i prljav\u0161tine dovoljna je vla\u017ena krpa.","breadcrumb":{"@id":"https:\/\/inti.hr\/sr\/proizvod\/pomocni-stolic-tvedestrand-48x30x45\/#breadcrumb"},"inLanguage":"sr-RS","potentialAction":[{"@type":"ReadAction","target":["https:\/\/inti.hr\/sr\/proizvod\/pomocni-stolic-tvedestrand-48x30x45\/"]}]},{"@type":"ImageObject","inLanguage":"sr-RS","@id":"https:\/\/inti.hr\/sr\/proizvod\/pomocni-stolic-tvedestrand-48x30x45\/#primaryimage","url":"https:\/\/i0.wp.com\/inti.hr\/wp-content\/uploads\/2024\/08\/08ff4d2b4003aa6099efd4b2f629583d.jpg?fit=1400%2C1400&ssl=1","contentUrl":"https:\/\/i0.wp.com\/inti.hr\/wp-content\/uploads\/2024\/08\/08ff4d2b4003aa6099efd4b2f629583d.jpg?fit=1400%2C1400&ssl=1","width":1400,"height":1400,"caption":"Pomo\u0107ni stoli\u0107 Tvedestrand 48x30x45 cm bambus\/crna"},{"@type":"BreadcrumbList","@id":"https:\/\/inti.hr\/sr\/proizvod\/pomocni-stolic-tvedestrand-48x30x45\/#breadcrumb","itemListElement":[{"@type":"ListItem","position":1,"name":"Po\u010detna stranica","item":"https:\/\/inti.hr\/sr\/"},{"@type":"ListItem","position":2,"name":"Prodavnica","item":"https:\/\/inti.hr\/sr\/prodavnica\/"},{"@type":"ListItem","position":3,"name":"Pomo\u0107ni stoli\u0107 Tvedestrand 48x30x45"}]},{"@type":"WebSite","@id":"https:\/\/inti.hr\/sr\/#website","url":"https:\/\/inti.hr\/sr\/","name":"Inti","description":"trgovina","potentialAction":[{"@type":"SearchAction","target":{"@type":"EntryPoint","urlTemplate":"https:\/\/inti.hr\/sr\/?s={search_term_string}"},"query-input":{"@type":"PropertyValueSpecification","valueRequired":true,"valueName":"search_term_string"}}],"inLanguage":"sr-RS"}]}},"jetpack_sharing_enabled":true,"jetpack-related-posts":[],"_links":{"self":[{"href":"https:\/\/inti.hr\/sr\/wp-json\/wp\/v2\/product\/35529"}],"collection":[{"href":"https:\/\/inti.hr\/sr\/wp-json\/wp\/v2\/product"}],"about":[{"href":"https:\/\/inti.hr\/sr\/wp-json\/wp\/v2\/types\/product"}],"wp:featuredmedia":[{"embeddable":true,"href":"https:\/\/inti.hr\/sr\/wp-json\/wp\/v2\/media\/35530"}],"wp:attachment":[{"href":"https:\/\/inti.hr\/sr\/wp-json\/wp\/v2\/media?parent=35529"}],"wp:term":[{"taxonomy":"product_cat","embeddable":true,"href":"https:\/\/inti.hr\/sr\/wp-json\/wp\/v2\/product_cat?post=35529"},{"taxonomy":"product_tag","embeddable":true,"href":"https:\/\/inti.hr\/sr\/wp-json\/wp\/v2\/product_tag?post=35529"}],"curies":[{"name":"wp","href":"https:\/\/api.w.org\/{rel}","templated":true}]}}