{"id":35547,"date":"2025-03-11T11:35:46","date_gmt":"2025-03-11T10:35:46","guid":{"rendered":"https:\/\/inti.hr\/product\/visenamjenska-polica-za-knjige-100-x-33-x-88-cm\/"},"modified":"2025-03-11T11:35:46","modified_gmt":"2025-03-11T10:35:46","slug":"visenamjenska-polica-za-knjige-100-x-33-x-88-cm","status":"publish","type":"product","link":"https:\/\/inti.hr\/sr\/proizvod\/visenamjenska-polica-za-knjige-100-x-33-x-88-cm\/","title":{"rendered":"Vi\u0161enamjenska polica za knjige 100 x 33 x 88 cm"},"content":{"rendered":"<p>Detalji proizvoda:<\/p>\n<p>Te\u017eina: oko 15,8 kg<br \/>\nTestirano za: 66 kg<br \/>\nMaterijal: MDF(E1), drvo bukva<br \/>\nDimenzije proizvoda: 100x33x88 cm (vidi sliku)<br \/>\nDostava: u 1 paketu<br \/>\nDimenzije paketa: 109x43x13 cm.<br \/>\nS uputama za sastavljanje i vijcima. Jednostavna instalacija.<\/p>\n","protected":false},"excerpt":{"rendered":"<p>Ovaj proizvod dolazi u pakiranju sa\u0107a koje se mo\u017ee 100% reciklirati, &#8230; <\/p>\n","protected":false},"featured_media":35548,"template":"","meta":[],"product_cat":[2421],"product_tag":[2448,4545],"yoast_head":"<!-- This site is optimized with the Yoast SEO plugin v23.7 - https:\/\/yoast.com\/wordpress\/plugins\/seo\/ -->\n<title>Vi\u0161enamjenska polica za knjige 100 x 33 x 88 cm - Inti<\/title>\n<meta name=\"description\" content=\"Ovaj proizvod dolazi u pakiranju sa\u0107a koje se mo\u017ee 100% reciklirati, \u0161to ga \u010dini sigurnim i pouzdanim za kori\u0161tenje. S uputama za sastavljanje i vijcima. Jednostavna instalacija. Elegantan nordijski stil: Unesite profinjeni i elegantni nordijski dizajn u svoju radnu sobu, koji odgovara razli\u010ditim stilovima namje\u0161taja. Siva polica je estetski dopadljiva i otporna na pra\u0161inu.Vi\u0161enamjenska polica: Koristite je kao policu za knjige ili stalak za biljke u radnoj i dnevnoj sobi, u kuhinji za za\u010dine i pribor za kuhanje ili na ulazu za torbe i klju\u010deve.Izdr\u017eljiv: s naslonima na svakoj polici kako bi se sprije\u010dilo prevrtanje i padanje predmeta.Vi\u0161e polica za organiziranje knjiga i izlaganje ukrasnih predmeta. Inovativni dizajn savr\u0161en je za male sobe, spavaonice i kutove stanova te je prikladan za svako\" \/>\n<meta name=\"robots\" content=\"index, follow, max-snippet:-1, max-image-preview:large, max-video-preview:-1\" \/>\n<link rel=\"canonical\" href=\"https:\/\/inti.hr\/sr\/proizvod\/visenamjenska-polica-za-knjige-100-x-33-x-88-cm\/\" \/>\n<meta property=\"og:locale\" content=\"sr_RS\" \/>\n<meta property=\"og:type\" content=\"article\" \/>\n<meta property=\"og:title\" content=\"Vi\u0161enamjenska polica za knjige 100 x 33 x 88 cm - Inti\" \/>\n<meta property=\"og:description\" content=\"Ovaj proizvod dolazi u pakiranju sa\u0107a koje se mo\u017ee 100% reciklirati, \u0161to ga \u010dini sigurnim i pouzdanim za kori\u0161tenje. S uputama za sastavljanje i vijcima. Jednostavna instalacija. Elegantan nordijski stil: Unesite profinjeni i elegantni nordijski dizajn u svoju radnu sobu, koji odgovara razli\u010ditim stilovima namje\u0161taja. Siva polica je estetski dopadljiva i otporna na pra\u0161inu.Vi\u0161enamjenska polica: Koristite je kao policu za knjige ili stalak za biljke u radnoj i dnevnoj sobi, u kuhinji za za\u010dine i pribor za kuhanje ili na ulazu za torbe i klju\u010deve.Izdr\u017eljiv: s naslonima na svakoj polici kako bi se sprije\u010dilo prevrtanje i padanje predmeta.Vi\u0161e polica za organiziranje knjiga i izlaganje ukrasnih predmeta. Inovativni dizajn savr\u0161en je za male sobe, spavaonice i kutove stanova te je prikladan za svako\" \/>\n<meta property=\"og:url\" content=\"https:\/\/inti.hr\/sr\/proizvod\/visenamjenska-polica-za-knjige-100-x-33-x-88-cm\/\" \/>\n<meta property=\"og:site_name\" content=\"Inti\" \/>\n<meta property=\"og:image\" content=\"https:\/\/i0.wp.com\/inti.hr\/wp-content\/uploads\/2025\/03\/HSTR01-H-HG-S001_251edc30-c322-4e72-93d0-3dd8f1a7d8e9_1800x1800.webp?fit=1600%2C1600&ssl=1\" \/>\n\t<meta property=\"og:image:width\" content=\"1600\" \/>\n\t<meta property=\"og:image:height\" content=\"1600\" \/>\n\t<meta property=\"og:image:type\" content=\"image\/webp\" \/>\n<meta name=\"twitter:card\" content=\"summary_large_image\" \/>\n<script type=\"application\/ld+json\" class=\"yoast-schema-graph\">{\"@context\":\"https:\/\/schema.org\",\"@graph\":[{\"@type\":\"WebPage\",\"@id\":\"https:\/\/inti.hr\/sr\/proizvod\/visenamjenska-polica-za-knjige-100-x-33-x-88-cm\/\",\"url\":\"https:\/\/inti.hr\/sr\/proizvod\/visenamjenska-polica-za-knjige-100-x-33-x-88-cm\/\",\"name\":\"Vi\u0161enamjenska polica za knjige 100 x 33 x 88 cm - Inti\",\"isPartOf\":{\"@id\":\"https:\/\/inti.hr\/sr\/#website\"},\"primaryImageOfPage\":{\"@id\":\"https:\/\/inti.hr\/sr\/proizvod\/visenamjenska-polica-za-knjige-100-x-33-x-88-cm\/#primaryimage\"},\"image\":{\"@id\":\"https:\/\/inti.hr\/sr\/proizvod\/visenamjenska-polica-za-knjige-100-x-33-x-88-cm\/#primaryimage\"},\"thumbnailUrl\":\"https:\/\/i0.wp.com\/inti.hr\/wp-content\/uploads\/2025\/03\/HSTR01-H-HG-S001_251edc30-c322-4e72-93d0-3dd8f1a7d8e9_1800x1800.webp?fit=1600%2C1600&ssl=1\",\"datePublished\":\"2025-03-11T10:35:46+00:00\",\"dateModified\":\"2025-03-11T10:35:46+00:00\",\"description\":\"Ovaj proizvod dolazi u pakiranju sa\u0107a koje se mo\u017ee 100% reciklirati, \u0161to ga \u010dini sigurnim i pouzdanim za kori\u0161tenje. S uputama za sastavljanje i vijcima. Jednostavna instalacija. Elegantan nordijski stil: Unesite profinjeni i elegantni nordijski dizajn u svoju radnu sobu, koji odgovara razli\u010ditim stilovima namje\u0161taja. Siva polica je estetski dopadljiva i otporna na pra\u0161inu.Vi\u0161enamjenska polica: Koristite je kao policu za knjige ili stalak za biljke u radnoj i dnevnoj sobi, u kuhinji za za\u010dine i pribor za kuhanje ili na ulazu za torbe i klju\u010deve.Izdr\u017eljiv: s naslonima na svakoj polici kako bi se sprije\u010dilo prevrtanje i padanje predmeta.Vi\u0161e polica za organiziranje knjiga i izlaganje ukrasnih predmeta. Inovativni dizajn savr\u0161en je za male sobe, spavaonice i kutove stanova te je prikladan za svako\",\"breadcrumb\":{\"@id\":\"https:\/\/inti.hr\/sr\/proizvod\/visenamjenska-polica-za-knjige-100-x-33-x-88-cm\/#breadcrumb\"},\"inLanguage\":\"sr-RS\",\"potentialAction\":[{\"@type\":\"ReadAction\",\"target\":[\"https:\/\/inti.hr\/sr\/proizvod\/visenamjenska-polica-za-knjige-100-x-33-x-88-cm\/\"]}]},{\"@type\":\"ImageObject\",\"inLanguage\":\"sr-RS\",\"@id\":\"https:\/\/inti.hr\/sr\/proizvod\/visenamjenska-polica-za-knjige-100-x-33-x-88-cm\/#primaryimage\",\"url\":\"https:\/\/i0.wp.com\/inti.hr\/wp-content\/uploads\/2025\/03\/HSTR01-H-HG-S001_251edc30-c322-4e72-93d0-3dd8f1a7d8e9_1800x1800.webp?fit=1600%2C1600&ssl=1\",\"contentUrl\":\"https:\/\/i0.wp.com\/inti.hr\/wp-content\/uploads\/2025\/03\/HSTR01-H-HG-S001_251edc30-c322-4e72-93d0-3dd8f1a7d8e9_1800x1800.webp?fit=1600%2C1600&ssl=1\",\"width\":1600,\"height\":1600,\"caption\":\"SoBuy vi\u0161enamjenska polica za knjige 100 x 33 x 88 cm HSTR01-H-HG\"},{\"@type\":\"BreadcrumbList\",\"@id\":\"https:\/\/inti.hr\/sr\/proizvod\/visenamjenska-polica-za-knjige-100-x-33-x-88-cm\/#breadcrumb\",\"itemListElement\":[{\"@type\":\"ListItem\",\"position\":1,\"name\":\"Po\u010detna stranica\",\"item\":\"https:\/\/inti.hr\/sr\/\"},{\"@type\":\"ListItem\",\"position\":2,\"name\":\"Prodavnica\",\"item\":\"https:\/\/inti.hr\/sr\/prodavnica\/\"},{\"@type\":\"ListItem\",\"position\":3,\"name\":\"Vi\u0161enamjenska polica za knjige 100 x 33 x 88 cm\"}]},{\"@type\":\"WebSite\",\"@id\":\"https:\/\/inti.hr\/sr\/#website\",\"url\":\"https:\/\/inti.hr\/sr\/\",\"name\":\"Inti\",\"description\":\"trgovina\",\"potentialAction\":[{\"@type\":\"SearchAction\",\"target\":{\"@type\":\"EntryPoint\",\"urlTemplate\":\"https:\/\/inti.hr\/sr\/?s={search_term_string}\"},\"query-input\":{\"@type\":\"PropertyValueSpecification\",\"valueRequired\":true,\"valueName\":\"search_term_string\"}}],\"inLanguage\":\"sr-RS\"}]}<\/script>\n<!-- \/ Yoast SEO plugin. -->","yoast_head_json":{"title":"Vi\u0161enamjenska polica za knjige 100 x 33 x 88 cm - Inti","description":"Ovaj proizvod dolazi u pakiranju sa\u0107a koje se mo\u017ee 100% reciklirati, \u0161to ga \u010dini sigurnim i pouzdanim za kori\u0161tenje. S uputama za sastavljanje i vijcima. Jednostavna instalacija. Elegantan nordijski stil: Unesite profinjeni i elegantni nordijski dizajn u svoju radnu sobu, koji odgovara razli\u010ditim stilovima namje\u0161taja. Siva polica je estetski dopadljiva i otporna na pra\u0161inu.Vi\u0161enamjenska polica: Koristite je kao policu za knjige ili stalak za biljke u radnoj i dnevnoj sobi, u kuhinji za za\u010dine i pribor za kuhanje ili na ulazu za torbe i klju\u010deve.Izdr\u017eljiv: s naslonima na svakoj polici kako bi se sprije\u010dilo prevrtanje i padanje predmeta.Vi\u0161e polica za organiziranje knjiga i izlaganje ukrasnih predmeta. Inovativni dizajn savr\u0161en je za male sobe, spavaonice i kutove stanova te je prikladan za svako","robots":{"index":"index","follow":"follow","max-snippet":"max-snippet:-1","max-image-preview":"max-image-preview:large","max-video-preview":"max-video-preview:-1"},"canonical":"https:\/\/inti.hr\/sr\/proizvod\/visenamjenska-polica-za-knjige-100-x-33-x-88-cm\/","og_locale":"sr_RS","og_type":"article","og_title":"Vi\u0161enamjenska polica za knjige 100 x 33 x 88 cm - Inti","og_description":"Ovaj proizvod dolazi u pakiranju sa\u0107a koje se mo\u017ee 100% reciklirati, \u0161to ga \u010dini sigurnim i pouzdanim za kori\u0161tenje. S uputama za sastavljanje i vijcima. Jednostavna instalacija. Elegantan nordijski stil: Unesite profinjeni i elegantni nordijski dizajn u svoju radnu sobu, koji odgovara razli\u010ditim stilovima namje\u0161taja. Siva polica je estetski dopadljiva i otporna na pra\u0161inu.Vi\u0161enamjenska polica: Koristite je kao policu za knjige ili stalak za biljke u radnoj i dnevnoj sobi, u kuhinji za za\u010dine i pribor za kuhanje ili na ulazu za torbe i klju\u010deve.Izdr\u017eljiv: s naslonima na svakoj polici kako bi se sprije\u010dilo prevrtanje i padanje predmeta.Vi\u0161e polica za organiziranje knjiga i izlaganje ukrasnih predmeta. Inovativni dizajn savr\u0161en je za male sobe, spavaonice i kutove stanova te je prikladan za svako","og_url":"https:\/\/inti.hr\/sr\/proizvod\/visenamjenska-polica-za-knjige-100-x-33-x-88-cm\/","og_site_name":"Inti","og_image":[{"width":1600,"height":1600,"url":"https:\/\/i0.wp.com\/inti.hr\/wp-content\/uploads\/2025\/03\/HSTR01-H-HG-S001_251edc30-c322-4e72-93d0-3dd8f1a7d8e9_1800x1800.webp?fit=1600%2C1600&ssl=1","type":"image\/webp"}],"twitter_card":"summary_large_image","schema":{"@context":"https:\/\/schema.org","@graph":[{"@type":"WebPage","@id":"https:\/\/inti.hr\/sr\/proizvod\/visenamjenska-polica-za-knjige-100-x-33-x-88-cm\/","url":"https:\/\/inti.hr\/sr\/proizvod\/visenamjenska-polica-za-knjige-100-x-33-x-88-cm\/","name":"Vi\u0161enamjenska polica za knjige 100 x 33 x 88 cm - Inti","isPartOf":{"@id":"https:\/\/inti.hr\/sr\/#website"},"primaryImageOfPage":{"@id":"https:\/\/inti.hr\/sr\/proizvod\/visenamjenska-polica-za-knjige-100-x-33-x-88-cm\/#primaryimage"},"image":{"@id":"https:\/\/inti.hr\/sr\/proizvod\/visenamjenska-polica-za-knjige-100-x-33-x-88-cm\/#primaryimage"},"thumbnailUrl":"https:\/\/i0.wp.com\/inti.hr\/wp-content\/uploads\/2025\/03\/HSTR01-H-HG-S001_251edc30-c322-4e72-93d0-3dd8f1a7d8e9_1800x1800.webp?fit=1600%2C1600&ssl=1","datePublished":"2025-03-11T10:35:46+00:00","dateModified":"2025-03-11T10:35:46+00:00","description":"Ovaj proizvod dolazi u pakiranju sa\u0107a koje se mo\u017ee 100% reciklirati, \u0161to ga \u010dini sigurnim i pouzdanim za kori\u0161tenje. S uputama za sastavljanje i vijcima. Jednostavna instalacija. Elegantan nordijski stil: Unesite profinjeni i elegantni nordijski dizajn u svoju radnu sobu, koji odgovara razli\u010ditim stilovima namje\u0161taja. Siva polica je estetski dopadljiva i otporna na pra\u0161inu.Vi\u0161enamjenska polica: Koristite je kao policu za knjige ili stalak za biljke u radnoj i dnevnoj sobi, u kuhinji za za\u010dine i pribor za kuhanje ili na ulazu za torbe i klju\u010deve.Izdr\u017eljiv: s naslonima na svakoj polici kako bi se sprije\u010dilo prevrtanje i padanje predmeta.Vi\u0161e polica za organiziranje knjiga i izlaganje ukrasnih predmeta. Inovativni dizajn savr\u0161en je za male sobe, spavaonice i kutove stanova te je prikladan za svako","breadcrumb":{"@id":"https:\/\/inti.hr\/sr\/proizvod\/visenamjenska-polica-za-knjige-100-x-33-x-88-cm\/#breadcrumb"},"inLanguage":"sr-RS","potentialAction":[{"@type":"ReadAction","target":["https:\/\/inti.hr\/sr\/proizvod\/visenamjenska-polica-za-knjige-100-x-33-x-88-cm\/"]}]},{"@type":"ImageObject","inLanguage":"sr-RS","@id":"https:\/\/inti.hr\/sr\/proizvod\/visenamjenska-polica-za-knjige-100-x-33-x-88-cm\/#primaryimage","url":"https:\/\/i0.wp.com\/inti.hr\/wp-content\/uploads\/2025\/03\/HSTR01-H-HG-S001_251edc30-c322-4e72-93d0-3dd8f1a7d8e9_1800x1800.webp?fit=1600%2C1600&ssl=1","contentUrl":"https:\/\/i0.wp.com\/inti.hr\/wp-content\/uploads\/2025\/03\/HSTR01-H-HG-S001_251edc30-c322-4e72-93d0-3dd8f1a7d8e9_1800x1800.webp?fit=1600%2C1600&ssl=1","width":1600,"height":1600,"caption":"SoBuy vi\u0161enamjenska polica za knjige 100 x 33 x 88 cm HSTR01-H-HG"},{"@type":"BreadcrumbList","@id":"https:\/\/inti.hr\/sr\/proizvod\/visenamjenska-polica-za-knjige-100-x-33-x-88-cm\/#breadcrumb","itemListElement":[{"@type":"ListItem","position":1,"name":"Po\u010detna stranica","item":"https:\/\/inti.hr\/sr\/"},{"@type":"ListItem","position":2,"name":"Prodavnica","item":"https:\/\/inti.hr\/sr\/prodavnica\/"},{"@type":"ListItem","position":3,"name":"Vi\u0161enamjenska polica za knjige 100 x 33 x 88 cm"}]},{"@type":"WebSite","@id":"https:\/\/inti.hr\/sr\/#website","url":"https:\/\/inti.hr\/sr\/","name":"Inti","description":"trgovina","potentialAction":[{"@type":"SearchAction","target":{"@type":"EntryPoint","urlTemplate":"https:\/\/inti.hr\/sr\/?s={search_term_string}"},"query-input":{"@type":"PropertyValueSpecification","valueRequired":true,"valueName":"search_term_string"}}],"inLanguage":"sr-RS"}]}},"jetpack_sharing_enabled":true,"jetpack-related-posts":[],"_links":{"self":[{"href":"https:\/\/inti.hr\/sr\/wp-json\/wp\/v2\/product\/35547"}],"collection":[{"href":"https:\/\/inti.hr\/sr\/wp-json\/wp\/v2\/product"}],"about":[{"href":"https:\/\/inti.hr\/sr\/wp-json\/wp\/v2\/types\/product"}],"wp:featuredmedia":[{"embeddable":true,"href":"https:\/\/inti.hr\/sr\/wp-json\/wp\/v2\/media\/35548"}],"wp:attachment":[{"href":"https:\/\/inti.hr\/sr\/wp-json\/wp\/v2\/media?parent=35547"}],"wp:term":[{"taxonomy":"product_cat","embeddable":true,"href":"https:\/\/inti.hr\/sr\/wp-json\/wp\/v2\/product_cat?post=35547"},{"taxonomy":"product_tag","embeddable":true,"href":"https:\/\/inti.hr\/sr\/wp-json\/wp\/v2\/product_tag?post=35547"}],"curies":[{"name":"wp","href":"https:\/\/api.w.org\/{rel}","templated":true}]}}