{"id":35555,"date":"2025-03-11T11:16:40","date_gmt":"2025-03-11T10:16:40","guid":{"rendered":"https:\/\/inti.hr\/product\/stalak-za-cipele-126x19x85cm\/"},"modified":"2025-03-11T11:16:40","modified_gmt":"2025-03-11T10:16:40","slug":"stalak-za-cipele-126x19x85cm","status":"publish","type":"product","link":"https:\/\/inti.hr\/sr\/proizvod\/stalak-za-cipele-126x19x85cm\/","title":{"rendered":"Stalak za cipele 126x19x85cm"},"content":{"rendered":"<p>Detalji proizvoda:<\/p>\n<p>Te\u017eina: oko 28,75 kg<br \/>\nTestirano za: 58 kg<br \/>\nMaterijal: MDF (E1), bambus<br \/>\nDimenzije proizvoda: 126x19x85 cm (vidi sliku)<br \/>\nDostava: u 1 paketu<br \/>\nDimenzije pakiranja: 84,5x48x22 cm.<br \/>\nS uputama za sastavljanje i vijcima. Jednostavna instalacija.<\/p>\n","protected":false},"excerpt":{"rendered":"<p>Ovaj proizvod dolazi u pakiranju sa\u0107a koje se mo\u017ee 100% reciklirati, &#8230; <\/p>\n","protected":false},"featured_media":35556,"template":"","meta":[],"product_cat":[2635],"product_tag":[2636,4467],"yoast_head":"<!-- This site is optimized with the Yoast SEO plugin v23.7 - https:\/\/yoast.com\/wordpress\/plugins\/seo\/ -->\n<title>Stalak za cipele 126x19x85cm - Inti<\/title>\n<meta name=\"description\" content=\"Ovaj proizvod dolazi u pakiranju sa\u0107a koje se mo\u017ee 100% reciklirati, \u0161to ga \u010dini sigurnim i pouzdanim za kori\u0161tenje. S uputama za sastavljanje i vijcima. Jednostavna instalacija.Ormari\u0107 za cipele ima 4 padaju\u0107a vrata i 3 otvorene police koje zadovoljavaju potrebe za pohranjivanjem razli\u010ditih vrsta cipela, osiguravaju\u0107i da va\u0161 ulaz uvijek ostane \u010dist i uredan.Zahvaljuju\u0107i svojoj kompaktnoj veli\u010dini, ovaj komad namje\u0161taja savr\u0161eno se uklapa u raznolika okru\u017eenja u kojima je prostor za cipele ograni\u010den.Iznimno mala \u0161irina od samo 19 cm omogu\u0107uje dovoljno prostora za pohranu bez zauzimanja previ\u0161e prostora.5 metalnih no\u017eica osiguravaju stabilnost stalka za cipele, dok podesive no\u017eice u sredini i integrirani sigurnosni ure\u0111aj dodatno pove\u0107avaju stabilnost i sigurnost proizvoda.Zahvaljuju\u0107i svojoj bijeloj i prirodnoj strukturi, va\u0161i \u0107e interijeri u\u017eivati \u200b\u200bu trendovskom prirodnom dodiru!\" \/>\n<meta name=\"robots\" content=\"index, follow, max-snippet:-1, max-image-preview:large, max-video-preview:-1\" \/>\n<link rel=\"canonical\" href=\"https:\/\/inti.hr\/sr\/proizvod\/stalak-za-cipele-126x19x85cm\/\" \/>\n<meta property=\"og:locale\" content=\"sr_RS\" \/>\n<meta property=\"og:type\" content=\"article\" \/>\n<meta property=\"og:title\" content=\"Stalak za cipele 126x19x85cm - Inti\" \/>\n<meta property=\"og:description\" content=\"Ovaj proizvod dolazi u pakiranju sa\u0107a koje se mo\u017ee 100% reciklirati, \u0161to ga \u010dini sigurnim i pouzdanim za kori\u0161tenje. S uputama za sastavljanje i vijcima. Jednostavna instalacija.Ormari\u0107 za cipele ima 4 padaju\u0107a vrata i 3 otvorene police koje zadovoljavaju potrebe za pohranjivanjem razli\u010ditih vrsta cipela, osiguravaju\u0107i da va\u0161 ulaz uvijek ostane \u010dist i uredan.Zahvaljuju\u0107i svojoj kompaktnoj veli\u010dini, ovaj komad namje\u0161taja savr\u0161eno se uklapa u raznolika okru\u017eenja u kojima je prostor za cipele ograni\u010den.Iznimno mala \u0161irina od samo 19 cm omogu\u0107uje dovoljno prostora za pohranu bez zauzimanja previ\u0161e prostora.5 metalnih no\u017eica osiguravaju stabilnost stalka za cipele, dok podesive no\u017eice u sredini i integrirani sigurnosni ure\u0111aj dodatno pove\u0107avaju stabilnost i sigurnost proizvoda.Zahvaljuju\u0107i svojoj bijeloj i prirodnoj strukturi, va\u0161i \u0107e interijeri u\u017eivati \u200b\u200bu trendovskom prirodnom dodiru!\" \/>\n<meta property=\"og:url\" content=\"https:\/\/inti.hr\/sr\/proizvod\/stalak-za-cipele-126x19x85cm\/\" \/>\n<meta property=\"og:site_name\" content=\"Inti\" \/>\n<meta property=\"og:image\" content=\"https:\/\/i0.wp.com\/inti.hr\/wp-content\/uploads\/2025\/03\/FSR183-WN-S006_1800x1800.webp?fit=1600%2C1600&ssl=1\" \/>\n\t<meta property=\"og:image:width\" content=\"1600\" \/>\n\t<meta property=\"og:image:height\" content=\"1600\" \/>\n\t<meta property=\"og:image:type\" content=\"image\/webp\" \/>\n<meta name=\"twitter:card\" content=\"summary_large_image\" \/>\n<script type=\"application\/ld+json\" class=\"yoast-schema-graph\">{\"@context\":\"https:\/\/schema.org\",\"@graph\":[{\"@type\":\"WebPage\",\"@id\":\"https:\/\/inti.hr\/sr\/proizvod\/stalak-za-cipele-126x19x85cm\/\",\"url\":\"https:\/\/inti.hr\/sr\/proizvod\/stalak-za-cipele-126x19x85cm\/\",\"name\":\"Stalak za cipele 126x19x85cm - Inti\",\"isPartOf\":{\"@id\":\"https:\/\/inti.hr\/sr\/#website\"},\"primaryImageOfPage\":{\"@id\":\"https:\/\/inti.hr\/sr\/proizvod\/stalak-za-cipele-126x19x85cm\/#primaryimage\"},\"image\":{\"@id\":\"https:\/\/inti.hr\/sr\/proizvod\/stalak-za-cipele-126x19x85cm\/#primaryimage\"},\"thumbnailUrl\":\"https:\/\/i0.wp.com\/inti.hr\/wp-content\/uploads\/2025\/03\/FSR183-WN-S006_1800x1800.webp?fit=1600%2C1600&ssl=1\",\"datePublished\":\"2025-03-11T10:16:40+00:00\",\"dateModified\":\"2025-03-11T10:16:40+00:00\",\"description\":\"Ovaj proizvod dolazi u pakiranju sa\u0107a koje se mo\u017ee 100% reciklirati, \u0161to ga \u010dini sigurnim i pouzdanim za kori\u0161tenje. S uputama za sastavljanje i vijcima. Jednostavna instalacija.Ormari\u0107 za cipele ima 4 padaju\u0107a vrata i 3 otvorene police koje zadovoljavaju potrebe za pohranjivanjem razli\u010ditih vrsta cipela, osiguravaju\u0107i da va\u0161 ulaz uvijek ostane \u010dist i uredan.Zahvaljuju\u0107i svojoj kompaktnoj veli\u010dini, ovaj komad namje\u0161taja savr\u0161eno se uklapa u raznolika okru\u017eenja u kojima je prostor za cipele ograni\u010den.Iznimno mala \u0161irina od samo 19 cm omogu\u0107uje dovoljno prostora za pohranu bez zauzimanja previ\u0161e prostora.5 metalnih no\u017eica osiguravaju stabilnost stalka za cipele, dok podesive no\u017eice u sredini i integrirani sigurnosni ure\u0111aj dodatno pove\u0107avaju stabilnost i sigurnost proizvoda.Zahvaljuju\u0107i svojoj bijeloj i prirodnoj strukturi, va\u0161i \u0107e interijeri u\u017eivati \u200b\u200bu trendovskom prirodnom dodiru!\",\"breadcrumb\":{\"@id\":\"https:\/\/inti.hr\/sr\/proizvod\/stalak-za-cipele-126x19x85cm\/#breadcrumb\"},\"inLanguage\":\"sr-RS\",\"potentialAction\":[{\"@type\":\"ReadAction\",\"target\":[\"https:\/\/inti.hr\/sr\/proizvod\/stalak-za-cipele-126x19x85cm\/\"]}]},{\"@type\":\"ImageObject\",\"inLanguage\":\"sr-RS\",\"@id\":\"https:\/\/inti.hr\/sr\/proizvod\/stalak-za-cipele-126x19x85cm\/#primaryimage\",\"url\":\"https:\/\/i0.wp.com\/inti.hr\/wp-content\/uploads\/2025\/03\/FSR183-WN-S006_1800x1800.webp?fit=1600%2C1600&ssl=1\",\"contentUrl\":\"https:\/\/i0.wp.com\/inti.hr\/wp-content\/uploads\/2025\/03\/FSR183-WN-S006_1800x1800.webp?fit=1600%2C1600&ssl=1\",\"width\":1600,\"height\":1600,\"caption\":\"SoBuy Stalak za cipele 126x19x85cm FSR183-WN\"},{\"@type\":\"BreadcrumbList\",\"@id\":\"https:\/\/inti.hr\/sr\/proizvod\/stalak-za-cipele-126x19x85cm\/#breadcrumb\",\"itemListElement\":[{\"@type\":\"ListItem\",\"position\":1,\"name\":\"Po\u010detna stranica\",\"item\":\"https:\/\/inti.hr\/sr\/\"},{\"@type\":\"ListItem\",\"position\":2,\"name\":\"Prodavnica\",\"item\":\"https:\/\/inti.hr\/sr\/prodavnica\/\"},{\"@type\":\"ListItem\",\"position\":3,\"name\":\"Stalak za cipele 126x19x85cm\"}]},{\"@type\":\"WebSite\",\"@id\":\"https:\/\/inti.hr\/sr\/#website\",\"url\":\"https:\/\/inti.hr\/sr\/\",\"name\":\"Inti\",\"description\":\"trgovina\",\"potentialAction\":[{\"@type\":\"SearchAction\",\"target\":{\"@type\":\"EntryPoint\",\"urlTemplate\":\"https:\/\/inti.hr\/sr\/?s={search_term_string}\"},\"query-input\":{\"@type\":\"PropertyValueSpecification\",\"valueRequired\":true,\"valueName\":\"search_term_string\"}}],\"inLanguage\":\"sr-RS\"}]}<\/script>\n<!-- \/ Yoast SEO plugin. -->","yoast_head_json":{"title":"Stalak za cipele 126x19x85cm - Inti","description":"Ovaj proizvod dolazi u pakiranju sa\u0107a koje se mo\u017ee 100% reciklirati, \u0161to ga \u010dini sigurnim i pouzdanim za kori\u0161tenje. S uputama za sastavljanje i vijcima. Jednostavna instalacija.Ormari\u0107 za cipele ima 4 padaju\u0107a vrata i 3 otvorene police koje zadovoljavaju potrebe za pohranjivanjem razli\u010ditih vrsta cipela, osiguravaju\u0107i da va\u0161 ulaz uvijek ostane \u010dist i uredan.Zahvaljuju\u0107i svojoj kompaktnoj veli\u010dini, ovaj komad namje\u0161taja savr\u0161eno se uklapa u raznolika okru\u017eenja u kojima je prostor za cipele ograni\u010den.Iznimno mala \u0161irina od samo 19 cm omogu\u0107uje dovoljno prostora za pohranu bez zauzimanja previ\u0161e prostora.5 metalnih no\u017eica osiguravaju stabilnost stalka za cipele, dok podesive no\u017eice u sredini i integrirani sigurnosni ure\u0111aj dodatno pove\u0107avaju stabilnost i sigurnost proizvoda.Zahvaljuju\u0107i svojoj bijeloj i prirodnoj strukturi, va\u0161i \u0107e interijeri u\u017eivati \u200b\u200bu trendovskom prirodnom dodiru!","robots":{"index":"index","follow":"follow","max-snippet":"max-snippet:-1","max-image-preview":"max-image-preview:large","max-video-preview":"max-video-preview:-1"},"canonical":"https:\/\/inti.hr\/sr\/proizvod\/stalak-za-cipele-126x19x85cm\/","og_locale":"sr_RS","og_type":"article","og_title":"Stalak za cipele 126x19x85cm - Inti","og_description":"Ovaj proizvod dolazi u pakiranju sa\u0107a koje se mo\u017ee 100% reciklirati, \u0161to ga \u010dini sigurnim i pouzdanim za kori\u0161tenje. S uputama za sastavljanje i vijcima. Jednostavna instalacija.Ormari\u0107 za cipele ima 4 padaju\u0107a vrata i 3 otvorene police koje zadovoljavaju potrebe za pohranjivanjem razli\u010ditih vrsta cipela, osiguravaju\u0107i da va\u0161 ulaz uvijek ostane \u010dist i uredan.Zahvaljuju\u0107i svojoj kompaktnoj veli\u010dini, ovaj komad namje\u0161taja savr\u0161eno se uklapa u raznolika okru\u017eenja u kojima je prostor za cipele ograni\u010den.Iznimno mala \u0161irina od samo 19 cm omogu\u0107uje dovoljno prostora za pohranu bez zauzimanja previ\u0161e prostora.5 metalnih no\u017eica osiguravaju stabilnost stalka za cipele, dok podesive no\u017eice u sredini i integrirani sigurnosni ure\u0111aj dodatno pove\u0107avaju stabilnost i sigurnost proizvoda.Zahvaljuju\u0107i svojoj bijeloj i prirodnoj strukturi, va\u0161i \u0107e interijeri u\u017eivati \u200b\u200bu trendovskom prirodnom dodiru!","og_url":"https:\/\/inti.hr\/sr\/proizvod\/stalak-za-cipele-126x19x85cm\/","og_site_name":"Inti","og_image":[{"width":1600,"height":1600,"url":"https:\/\/i0.wp.com\/inti.hr\/wp-content\/uploads\/2025\/03\/FSR183-WN-S006_1800x1800.webp?fit=1600%2C1600&ssl=1","type":"image\/webp"}],"twitter_card":"summary_large_image","schema":{"@context":"https:\/\/schema.org","@graph":[{"@type":"WebPage","@id":"https:\/\/inti.hr\/sr\/proizvod\/stalak-za-cipele-126x19x85cm\/","url":"https:\/\/inti.hr\/sr\/proizvod\/stalak-za-cipele-126x19x85cm\/","name":"Stalak za cipele 126x19x85cm - Inti","isPartOf":{"@id":"https:\/\/inti.hr\/sr\/#website"},"primaryImageOfPage":{"@id":"https:\/\/inti.hr\/sr\/proizvod\/stalak-za-cipele-126x19x85cm\/#primaryimage"},"image":{"@id":"https:\/\/inti.hr\/sr\/proizvod\/stalak-za-cipele-126x19x85cm\/#primaryimage"},"thumbnailUrl":"https:\/\/i0.wp.com\/inti.hr\/wp-content\/uploads\/2025\/03\/FSR183-WN-S006_1800x1800.webp?fit=1600%2C1600&ssl=1","datePublished":"2025-03-11T10:16:40+00:00","dateModified":"2025-03-11T10:16:40+00:00","description":"Ovaj proizvod dolazi u pakiranju sa\u0107a koje se mo\u017ee 100% reciklirati, \u0161to ga \u010dini sigurnim i pouzdanim za kori\u0161tenje. S uputama za sastavljanje i vijcima. Jednostavna instalacija.Ormari\u0107 za cipele ima 4 padaju\u0107a vrata i 3 otvorene police koje zadovoljavaju potrebe za pohranjivanjem razli\u010ditih vrsta cipela, osiguravaju\u0107i da va\u0161 ulaz uvijek ostane \u010dist i uredan.Zahvaljuju\u0107i svojoj kompaktnoj veli\u010dini, ovaj komad namje\u0161taja savr\u0161eno se uklapa u raznolika okru\u017eenja u kojima je prostor za cipele ograni\u010den.Iznimno mala \u0161irina od samo 19 cm omogu\u0107uje dovoljno prostora za pohranu bez zauzimanja previ\u0161e prostora.5 metalnih no\u017eica osiguravaju stabilnost stalka za cipele, dok podesive no\u017eice u sredini i integrirani sigurnosni ure\u0111aj dodatno pove\u0107avaju stabilnost i sigurnost proizvoda.Zahvaljuju\u0107i svojoj bijeloj i prirodnoj strukturi, va\u0161i \u0107e interijeri u\u017eivati \u200b\u200bu trendovskom prirodnom dodiru!","breadcrumb":{"@id":"https:\/\/inti.hr\/sr\/proizvod\/stalak-za-cipele-126x19x85cm\/#breadcrumb"},"inLanguage":"sr-RS","potentialAction":[{"@type":"ReadAction","target":["https:\/\/inti.hr\/sr\/proizvod\/stalak-za-cipele-126x19x85cm\/"]}]},{"@type":"ImageObject","inLanguage":"sr-RS","@id":"https:\/\/inti.hr\/sr\/proizvod\/stalak-za-cipele-126x19x85cm\/#primaryimage","url":"https:\/\/i0.wp.com\/inti.hr\/wp-content\/uploads\/2025\/03\/FSR183-WN-S006_1800x1800.webp?fit=1600%2C1600&ssl=1","contentUrl":"https:\/\/i0.wp.com\/inti.hr\/wp-content\/uploads\/2025\/03\/FSR183-WN-S006_1800x1800.webp?fit=1600%2C1600&ssl=1","width":1600,"height":1600,"caption":"SoBuy Stalak za cipele 126x19x85cm FSR183-WN"},{"@type":"BreadcrumbList","@id":"https:\/\/inti.hr\/sr\/proizvod\/stalak-za-cipele-126x19x85cm\/#breadcrumb","itemListElement":[{"@type":"ListItem","position":1,"name":"Po\u010detna stranica","item":"https:\/\/inti.hr\/sr\/"},{"@type":"ListItem","position":2,"name":"Prodavnica","item":"https:\/\/inti.hr\/sr\/prodavnica\/"},{"@type":"ListItem","position":3,"name":"Stalak za cipele 126x19x85cm"}]},{"@type":"WebSite","@id":"https:\/\/inti.hr\/sr\/#website","url":"https:\/\/inti.hr\/sr\/","name":"Inti","description":"trgovina","potentialAction":[{"@type":"SearchAction","target":{"@type":"EntryPoint","urlTemplate":"https:\/\/inti.hr\/sr\/?s={search_term_string}"},"query-input":{"@type":"PropertyValueSpecification","valueRequired":true,"valueName":"search_term_string"}}],"inLanguage":"sr-RS"}]}},"jetpack_sharing_enabled":true,"jetpack-related-posts":[],"_links":{"self":[{"href":"https:\/\/inti.hr\/sr\/wp-json\/wp\/v2\/product\/35555"}],"collection":[{"href":"https:\/\/inti.hr\/sr\/wp-json\/wp\/v2\/product"}],"about":[{"href":"https:\/\/inti.hr\/sr\/wp-json\/wp\/v2\/types\/product"}],"wp:featuredmedia":[{"embeddable":true,"href":"https:\/\/inti.hr\/sr\/wp-json\/wp\/v2\/media\/35556"}],"wp:attachment":[{"href":"https:\/\/inti.hr\/sr\/wp-json\/wp\/v2\/media?parent=35555"}],"wp:term":[{"taxonomy":"product_cat","embeddable":true,"href":"https:\/\/inti.hr\/sr\/wp-json\/wp\/v2\/product_cat?post=35555"},{"taxonomy":"product_tag","embeddable":true,"href":"https:\/\/inti.hr\/sr\/wp-json\/wp\/v2\/product_tag?post=35555"}],"curies":[{"name":"wp","href":"https:\/\/api.w.org\/{rel}","templated":true}]}}