{"id":35569,"date":"2025-03-07T09:46:04","date_gmt":"2025-03-07T08:46:04","guid":{"rendered":"https:\/\/inti.hr\/product\/siva-kuhinjska-kolica-s-kotacima-67x38x87cm\/"},"modified":"2025-03-07T09:46:04","modified_gmt":"2025-03-07T08:46:04","slug":"siva-kuhinjska-kolica-s-kotacima-67x38x87cm","status":"publish","type":"product","link":"https:\/\/inti.hr\/sr\/proizvod\/siva-kuhinjska-kolica-s-kotacima-67x38x87cm\/","title":{"rendered":"Siva kuhinjska kolica s kota\u010dima 67x38x87cm"},"content":{"rendered":"<p><b><span>Pojedinosti o proizvodu:<\/span><\/b><\/p>\n<ul>\n<li><span>Te\u017eina: oko 16 kg<\/span><\/li>\n<li><span>Testirano za: 60 kg<\/span><\/li>\n<li><span>Materijal: MDF (E1), plo\u010da stola od gumenog drva.<\/span><\/li>\n<li><span>Dimenzije proizvoda: 67x87x38 cm (vidi sliku) \u00a0\u00a0<\/span><\/li>\n<li><span>Dostava: u 1 paketu<\/span><\/li>\n<li><span>Dimenzije paketa: 91x46x18 cm<\/span><\/li>\n<li><span>S dr\u017ea\u010dem za boce, 1 ladicom i 3 vrata za mno\u0161tvo mogu\u0107nosti pohrane. Jednostavan za vo\u017enju zahvaljuju\u0107i 4 kota\u010da<\/span><\/li>\n<\/ul>\n","protected":false},"excerpt":{"rendered":"<p>Ova kolica vam nude vi\u0161e prostora u va\u0161oj kuhinji, a sastoje &#8230; <\/p>\n","protected":false},"featured_media":35570,"template":"","meta":[],"product_cat":[2539],"product_tag":[2540,3746],"yoast_head":"<!-- This site is optimized with the Yoast SEO plugin v23.7 - https:\/\/yoast.com\/wordpress\/plugins\/seo\/ -->\n<title>Siva kuhinjska kolica s kota\u010dima 67x38x87cm - Inti<\/title>\n<meta name=\"description\" content=\"Ova kolica vam nude vi\u0161e prostora u va\u0161oj kuhinji, a sastoje se od velike ladice, dva zatvorena odjeljka s vratima i tri police za vinske boce. Sa svojim velikim unutarnjim prostorom nudi kapacitet za odlaganje tanjura, stolnjaka i svih drugih kuhinjskih potrep\u0161tina. Preporu\u010da se pri\u010dvrstiti ormari\u0107 za zid prilo\u017eenim ure\u0111ajem protiv prevrtanja, kako bi se izbjegle nezgode ako se dijete popne ili objesi na njega. Drveni gornji dio idealan je za kuhinju jer \u0161titi kolica od vode, oksidacije i korozije. \u010cetiri kota\u010da zakretna za 360\u00b0 omogu\u0107uju slobodno pomicanje kolica bez grebanja poda. Dva kota\u010di\u0107a s ko\u010dnicama mogu se zaklju\u010dati kako bi se kolica postavila u stabilan polo\u017eaj. Tako\u0111er se mo\u017ee postaviti u sredi\u0161te prostorije budu\u0107i da je plo\u010da sa stra\u017enje strane gotova.\" \/>\n<meta name=\"robots\" content=\"index, follow, max-snippet:-1, max-image-preview:large, max-video-preview:-1\" \/>\n<link rel=\"canonical\" href=\"https:\/\/inti.hr\/sr\/proizvod\/siva-kuhinjska-kolica-s-kotacima-67x38x87cm\/\" \/>\n<meta property=\"og:locale\" content=\"sr_RS\" \/>\n<meta property=\"og:type\" content=\"article\" \/>\n<meta property=\"og:title\" content=\"Siva kuhinjska kolica s kota\u010dima 67x38x87cm - Inti\" \/>\n<meta property=\"og:description\" content=\"Ova kolica vam nude vi\u0161e prostora u va\u0161oj kuhinji, a sastoje se od velike ladice, dva zatvorena odjeljka s vratima i tri police za vinske boce. Sa svojim velikim unutarnjim prostorom nudi kapacitet za odlaganje tanjura, stolnjaka i svih drugih kuhinjskih potrep\u0161tina. Preporu\u010da se pri\u010dvrstiti ormari\u0107 za zid prilo\u017eenim ure\u0111ajem protiv prevrtanja, kako bi se izbjegle nezgode ako se dijete popne ili objesi na njega. Drveni gornji dio idealan je za kuhinju jer \u0161titi kolica od vode, oksidacije i korozije. \u010cetiri kota\u010da zakretna za 360\u00b0 omogu\u0107uju slobodno pomicanje kolica bez grebanja poda. Dva kota\u010di\u0107a s ko\u010dnicama mogu se zaklju\u010dati kako bi se kolica postavila u stabilan polo\u017eaj. Tako\u0111er se mo\u017ee postaviti u sredi\u0161te prostorije budu\u0107i da je plo\u010da sa stra\u017enje strane gotova.\" \/>\n<meta property=\"og:url\" content=\"https:\/\/inti.hr\/sr\/proizvod\/siva-kuhinjska-kolica-s-kotacima-67x38x87cm\/\" \/>\n<meta property=\"og:site_name\" content=\"Inti\" \/>\n<meta property=\"og:image\" content=\"https:\/\/i0.wp.com\/inti.hr\/wp-content\/uploads\/2025\/03\/FKW45-KA-S003_1800x1800.webp?fit=1600%2C1600&ssl=1\" \/>\n\t<meta property=\"og:image:width\" content=\"1600\" \/>\n\t<meta property=\"og:image:height\" content=\"1600\" \/>\n\t<meta property=\"og:image:type\" content=\"image\/webp\" \/>\n<meta name=\"twitter:card\" content=\"summary_large_image\" \/>\n<script type=\"application\/ld+json\" class=\"yoast-schema-graph\">{\"@context\":\"https:\/\/schema.org\",\"@graph\":[{\"@type\":\"WebPage\",\"@id\":\"https:\/\/inti.hr\/sr\/proizvod\/siva-kuhinjska-kolica-s-kotacima-67x38x87cm\/\",\"url\":\"https:\/\/inti.hr\/sr\/proizvod\/siva-kuhinjska-kolica-s-kotacima-67x38x87cm\/\",\"name\":\"Siva kuhinjska kolica s kota\u010dima 67x38x87cm - Inti\",\"isPartOf\":{\"@id\":\"https:\/\/inti.hr\/sr\/#website\"},\"primaryImageOfPage\":{\"@id\":\"https:\/\/inti.hr\/sr\/proizvod\/siva-kuhinjska-kolica-s-kotacima-67x38x87cm\/#primaryimage\"},\"image\":{\"@id\":\"https:\/\/inti.hr\/sr\/proizvod\/siva-kuhinjska-kolica-s-kotacima-67x38x87cm\/#primaryimage\"},\"thumbnailUrl\":\"https:\/\/i0.wp.com\/inti.hr\/wp-content\/uploads\/2025\/03\/FKW45-KA-S003_1800x1800.webp?fit=1600%2C1600&ssl=1\",\"datePublished\":\"2025-03-07T08:46:04+00:00\",\"dateModified\":\"2025-03-07T08:46:04+00:00\",\"description\":\"Ova kolica vam nude vi\u0161e prostora u va\u0161oj kuhinji, a sastoje se od velike ladice, dva zatvorena odjeljka s vratima i tri police za vinske boce. Sa svojim velikim unutarnjim prostorom nudi kapacitet za odlaganje tanjura, stolnjaka i svih drugih kuhinjskih potrep\u0161tina. Preporu\u010da se pri\u010dvrstiti ormari\u0107 za zid prilo\u017eenim ure\u0111ajem protiv prevrtanja, kako bi se izbjegle nezgode ako se dijete popne ili objesi na njega. Drveni gornji dio idealan je za kuhinju jer \u0161titi kolica od vode, oksidacije i korozije. \u010cetiri kota\u010da zakretna za 360\u00b0 omogu\u0107uju slobodno pomicanje kolica bez grebanja poda. Dva kota\u010di\u0107a s ko\u010dnicama mogu se zaklju\u010dati kako bi se kolica postavila u stabilan polo\u017eaj. Tako\u0111er se mo\u017ee postaviti u sredi\u0161te prostorije budu\u0107i da je plo\u010da sa stra\u017enje strane gotova.\",\"breadcrumb\":{\"@id\":\"https:\/\/inti.hr\/sr\/proizvod\/siva-kuhinjska-kolica-s-kotacima-67x38x87cm\/#breadcrumb\"},\"inLanguage\":\"sr-RS\",\"potentialAction\":[{\"@type\":\"ReadAction\",\"target\":[\"https:\/\/inti.hr\/sr\/proizvod\/siva-kuhinjska-kolica-s-kotacima-67x38x87cm\/\"]}]},{\"@type\":\"ImageObject\",\"inLanguage\":\"sr-RS\",\"@id\":\"https:\/\/inti.hr\/sr\/proizvod\/siva-kuhinjska-kolica-s-kotacima-67x38x87cm\/#primaryimage\",\"url\":\"https:\/\/i0.wp.com\/inti.hr\/wp-content\/uploads\/2025\/03\/FKW45-KA-S003_1800x1800.webp?fit=1600%2C1600&ssl=1\",\"contentUrl\":\"https:\/\/i0.wp.com\/inti.hr\/wp-content\/uploads\/2025\/03\/FKW45-KA-S003_1800x1800.webp?fit=1600%2C1600&ssl=1\",\"width\":1600,\"height\":1600,\"caption\":\"SoBuy siva kuhinjska kolica s kota\u010dima 67x38x87cm FKW45-KA\"},{\"@type\":\"BreadcrumbList\",\"@id\":\"https:\/\/inti.hr\/sr\/proizvod\/siva-kuhinjska-kolica-s-kotacima-67x38x87cm\/#breadcrumb\",\"itemListElement\":[{\"@type\":\"ListItem\",\"position\":1,\"name\":\"Po\u010detna stranica\",\"item\":\"https:\/\/inti.hr\/sr\/\"},{\"@type\":\"ListItem\",\"position\":2,\"name\":\"Prodavnica\",\"item\":\"https:\/\/inti.hr\/sr\/prodavnica\/\"},{\"@type\":\"ListItem\",\"position\":3,\"name\":\"Siva kuhinjska kolica s kota\u010dima 67x38x87cm\"}]},{\"@type\":\"WebSite\",\"@id\":\"https:\/\/inti.hr\/sr\/#website\",\"url\":\"https:\/\/inti.hr\/sr\/\",\"name\":\"Inti\",\"description\":\"trgovina\",\"potentialAction\":[{\"@type\":\"SearchAction\",\"target\":{\"@type\":\"EntryPoint\",\"urlTemplate\":\"https:\/\/inti.hr\/sr\/?s={search_term_string}\"},\"query-input\":{\"@type\":\"PropertyValueSpecification\",\"valueRequired\":true,\"valueName\":\"search_term_string\"}}],\"inLanguage\":\"sr-RS\"}]}<\/script>\n<!-- \/ Yoast SEO plugin. -->","yoast_head_json":{"title":"Siva kuhinjska kolica s kota\u010dima 67x38x87cm - Inti","description":"Ova kolica vam nude vi\u0161e prostora u va\u0161oj kuhinji, a sastoje se od velike ladice, dva zatvorena odjeljka s vratima i tri police za vinske boce. Sa svojim velikim unutarnjim prostorom nudi kapacitet za odlaganje tanjura, stolnjaka i svih drugih kuhinjskih potrep\u0161tina. Preporu\u010da se pri\u010dvrstiti ormari\u0107 za zid prilo\u017eenim ure\u0111ajem protiv prevrtanja, kako bi se izbjegle nezgode ako se dijete popne ili objesi na njega. Drveni gornji dio idealan je za kuhinju jer \u0161titi kolica od vode, oksidacije i korozije. \u010cetiri kota\u010da zakretna za 360\u00b0 omogu\u0107uju slobodno pomicanje kolica bez grebanja poda. Dva kota\u010di\u0107a s ko\u010dnicama mogu se zaklju\u010dati kako bi se kolica postavila u stabilan polo\u017eaj. Tako\u0111er se mo\u017ee postaviti u sredi\u0161te prostorije budu\u0107i da je plo\u010da sa stra\u017enje strane gotova.","robots":{"index":"index","follow":"follow","max-snippet":"max-snippet:-1","max-image-preview":"max-image-preview:large","max-video-preview":"max-video-preview:-1"},"canonical":"https:\/\/inti.hr\/sr\/proizvod\/siva-kuhinjska-kolica-s-kotacima-67x38x87cm\/","og_locale":"sr_RS","og_type":"article","og_title":"Siva kuhinjska kolica s kota\u010dima 67x38x87cm - Inti","og_description":"Ova kolica vam nude vi\u0161e prostora u va\u0161oj kuhinji, a sastoje se od velike ladice, dva zatvorena odjeljka s vratima i tri police za vinske boce. Sa svojim velikim unutarnjim prostorom nudi kapacitet za odlaganje tanjura, stolnjaka i svih drugih kuhinjskih potrep\u0161tina. Preporu\u010da se pri\u010dvrstiti ormari\u0107 za zid prilo\u017eenim ure\u0111ajem protiv prevrtanja, kako bi se izbjegle nezgode ako se dijete popne ili objesi na njega. Drveni gornji dio idealan je za kuhinju jer \u0161titi kolica od vode, oksidacije i korozije. \u010cetiri kota\u010da zakretna za 360\u00b0 omogu\u0107uju slobodno pomicanje kolica bez grebanja poda. Dva kota\u010di\u0107a s ko\u010dnicama mogu se zaklju\u010dati kako bi se kolica postavila u stabilan polo\u017eaj. Tako\u0111er se mo\u017ee postaviti u sredi\u0161te prostorije budu\u0107i da je plo\u010da sa stra\u017enje strane gotova.","og_url":"https:\/\/inti.hr\/sr\/proizvod\/siva-kuhinjska-kolica-s-kotacima-67x38x87cm\/","og_site_name":"Inti","og_image":[{"width":1600,"height":1600,"url":"https:\/\/i0.wp.com\/inti.hr\/wp-content\/uploads\/2025\/03\/FKW45-KA-S003_1800x1800.webp?fit=1600%2C1600&ssl=1","type":"image\/webp"}],"twitter_card":"summary_large_image","schema":{"@context":"https:\/\/schema.org","@graph":[{"@type":"WebPage","@id":"https:\/\/inti.hr\/sr\/proizvod\/siva-kuhinjska-kolica-s-kotacima-67x38x87cm\/","url":"https:\/\/inti.hr\/sr\/proizvod\/siva-kuhinjska-kolica-s-kotacima-67x38x87cm\/","name":"Siva kuhinjska kolica s kota\u010dima 67x38x87cm - Inti","isPartOf":{"@id":"https:\/\/inti.hr\/sr\/#website"},"primaryImageOfPage":{"@id":"https:\/\/inti.hr\/sr\/proizvod\/siva-kuhinjska-kolica-s-kotacima-67x38x87cm\/#primaryimage"},"image":{"@id":"https:\/\/inti.hr\/sr\/proizvod\/siva-kuhinjska-kolica-s-kotacima-67x38x87cm\/#primaryimage"},"thumbnailUrl":"https:\/\/i0.wp.com\/inti.hr\/wp-content\/uploads\/2025\/03\/FKW45-KA-S003_1800x1800.webp?fit=1600%2C1600&ssl=1","datePublished":"2025-03-07T08:46:04+00:00","dateModified":"2025-03-07T08:46:04+00:00","description":"Ova kolica vam nude vi\u0161e prostora u va\u0161oj kuhinji, a sastoje se od velike ladice, dva zatvorena odjeljka s vratima i tri police za vinske boce. Sa svojim velikim unutarnjim prostorom nudi kapacitet za odlaganje tanjura, stolnjaka i svih drugih kuhinjskih potrep\u0161tina. Preporu\u010da se pri\u010dvrstiti ormari\u0107 za zid prilo\u017eenim ure\u0111ajem protiv prevrtanja, kako bi se izbjegle nezgode ako se dijete popne ili objesi na njega. Drveni gornji dio idealan je za kuhinju jer \u0161titi kolica od vode, oksidacije i korozije. \u010cetiri kota\u010da zakretna za 360\u00b0 omogu\u0107uju slobodno pomicanje kolica bez grebanja poda. Dva kota\u010di\u0107a s ko\u010dnicama mogu se zaklju\u010dati kako bi se kolica postavila u stabilan polo\u017eaj. Tako\u0111er se mo\u017ee postaviti u sredi\u0161te prostorije budu\u0107i da je plo\u010da sa stra\u017enje strane gotova.","breadcrumb":{"@id":"https:\/\/inti.hr\/sr\/proizvod\/siva-kuhinjska-kolica-s-kotacima-67x38x87cm\/#breadcrumb"},"inLanguage":"sr-RS","potentialAction":[{"@type":"ReadAction","target":["https:\/\/inti.hr\/sr\/proizvod\/siva-kuhinjska-kolica-s-kotacima-67x38x87cm\/"]}]},{"@type":"ImageObject","inLanguage":"sr-RS","@id":"https:\/\/inti.hr\/sr\/proizvod\/siva-kuhinjska-kolica-s-kotacima-67x38x87cm\/#primaryimage","url":"https:\/\/i0.wp.com\/inti.hr\/wp-content\/uploads\/2025\/03\/FKW45-KA-S003_1800x1800.webp?fit=1600%2C1600&ssl=1","contentUrl":"https:\/\/i0.wp.com\/inti.hr\/wp-content\/uploads\/2025\/03\/FKW45-KA-S003_1800x1800.webp?fit=1600%2C1600&ssl=1","width":1600,"height":1600,"caption":"SoBuy siva kuhinjska kolica s kota\u010dima 67x38x87cm FKW45-KA"},{"@type":"BreadcrumbList","@id":"https:\/\/inti.hr\/sr\/proizvod\/siva-kuhinjska-kolica-s-kotacima-67x38x87cm\/#breadcrumb","itemListElement":[{"@type":"ListItem","position":1,"name":"Po\u010detna stranica","item":"https:\/\/inti.hr\/sr\/"},{"@type":"ListItem","position":2,"name":"Prodavnica","item":"https:\/\/inti.hr\/sr\/prodavnica\/"},{"@type":"ListItem","position":3,"name":"Siva kuhinjska kolica s kota\u010dima 67x38x87cm"}]},{"@type":"WebSite","@id":"https:\/\/inti.hr\/sr\/#website","url":"https:\/\/inti.hr\/sr\/","name":"Inti","description":"trgovina","potentialAction":[{"@type":"SearchAction","target":{"@type":"EntryPoint","urlTemplate":"https:\/\/inti.hr\/sr\/?s={search_term_string}"},"query-input":{"@type":"PropertyValueSpecification","valueRequired":true,"valueName":"search_term_string"}}],"inLanguage":"sr-RS"}]}},"jetpack_sharing_enabled":true,"jetpack-related-posts":[],"_links":{"self":[{"href":"https:\/\/inti.hr\/sr\/wp-json\/wp\/v2\/product\/35569"}],"collection":[{"href":"https:\/\/inti.hr\/sr\/wp-json\/wp\/v2\/product"}],"about":[{"href":"https:\/\/inti.hr\/sr\/wp-json\/wp\/v2\/types\/product"}],"wp:featuredmedia":[{"embeddable":true,"href":"https:\/\/inti.hr\/sr\/wp-json\/wp\/v2\/media\/35570"}],"wp:attachment":[{"href":"https:\/\/inti.hr\/sr\/wp-json\/wp\/v2\/media?parent=35569"}],"wp:term":[{"taxonomy":"product_cat","embeddable":true,"href":"https:\/\/inti.hr\/sr\/wp-json\/wp\/v2\/product_cat?post=35569"},{"taxonomy":"product_tag","embeddable":true,"href":"https:\/\/inti.hr\/sr\/wp-json\/wp\/v2\/product_tag?post=35569"}],"curies":[{"name":"wp","href":"https:\/\/api.w.org\/{rel}","templated":true}]}}