{"id":35591,"date":"2025-03-06T11:11:15","date_gmt":"2025-03-06T10:11:15","guid":{"rendered":"https:\/\/inti.hr\/product\/nocni-ormaric-s-ladicom-35x70x60-cm\/"},"modified":"2025-03-06T11:11:15","modified_gmt":"2025-03-06T10:11:15","slug":"nocni-ormaric-s-ladicom-35x70x60-cm","status":"publish","type":"product","link":"https:\/\/inti.hr\/sr\/proizvod\/nocni-ormaric-s-ladicom-35x70x60-cm\/","title":{"rendered":"No\u0107ni ormari\u0107 s ladicom 35x70x60 cm"},"content":{"rendered":"<p>Detalji proizvoda:<\/p>\n<p>Te\u017eina: oko 17,5 kg<br \/>\nTestirano za: 37 kg<br \/>\nMaterijal: MDF (E1), bambus<br \/>\nDimenzije proizvoda: 35x70x60 cm (vidi sliku)<br \/>\nDostava: u 1 paketu<br \/>\nDimenzije paketa: 81x42x16 cm<br \/>\nS uputama za sastavljanje i vijcima. Jednostavna instalacija.<\/p>\n","protected":false},"excerpt":{"rendered":"<p>Ovaj proizvod dolazi u pakiranju sa\u0107a koje se mo\u017ee 100% reciklirati, &#8230; <\/p>\n","protected":false},"featured_media":35592,"template":"","meta":[],"product_cat":[2416],"product_tag":[4555,2677],"yoast_head":"<!-- This site is optimized with the Yoast SEO plugin v23.7 - https:\/\/yoast.com\/wordpress\/plugins\/seo\/ -->\n<title>No\u0107ni ormari\u0107 s ladicom 35x70x60 cm - Inti<\/title>\n<meta name=\"description\" content=\"Ovaj proizvod dolazi u pakiranju sa\u0107a koje se mo\u017ee 100% reciklirati, \u0161to ga \u010dini sigurnim i pouzdanim za kori\u0161tenje. S uputama za sastavljanje i vijcima. Jednostavna instalacija.Jednostavan i bezvremenski model \u010detvrtastog oblika savr\u0161en je izbor za moderan dekor.Ako volite malo \u010ditati prije spavanja ili pregledavati mobitel, ovaj moderni no\u0107ni ormari\u0107 je prava stvar za vas.Savr\u0161en kao no\u0107ni ormari\u0107 ili komoda, ovaj komad namje\u0161taja pristaje u spava\u0107oj sobi s obje strane kreveta ili kao ormar za dnevnu sobu.Opremljen s dva otvorena odjeljka za pohranu, kliznom ladicom i ormari\u0107em s vratima. Unutar ovog ormari\u0107a nudi dovoljno prostora za pohranu va\u0161eg pribora, kozmetike i drugih sitnih osobnih stvari. Osim \u0161to je estetski lijep, no\u0107ni ormari\u0107 je i vrlo prakti\u010dan za kori\u0161tenje zahvaljuju\u0107i ormari\u0107u s vratima za pa\u017eljivo odlaganje svakog predmeta.\" \/>\n<meta name=\"robots\" content=\"index, follow, max-snippet:-1, max-image-preview:large, max-video-preview:-1\" \/>\n<link rel=\"canonical\" href=\"https:\/\/inti.hr\/sr\/proizvod\/nocni-ormaric-s-ladicom-35x70x60-cm\/\" \/>\n<meta property=\"og:locale\" content=\"sr_RS\" \/>\n<meta property=\"og:type\" content=\"article\" \/>\n<meta property=\"og:title\" content=\"No\u0107ni ormari\u0107 s ladicom 35x70x60 cm - Inti\" \/>\n<meta property=\"og:description\" content=\"Ovaj proizvod dolazi u pakiranju sa\u0107a koje se mo\u017ee 100% reciklirati, \u0161to ga \u010dini sigurnim i pouzdanim za kori\u0161tenje. S uputama za sastavljanje i vijcima. Jednostavna instalacija.Jednostavan i bezvremenski model \u010detvrtastog oblika savr\u0161en je izbor za moderan dekor.Ako volite malo \u010ditati prije spavanja ili pregledavati mobitel, ovaj moderni no\u0107ni ormari\u0107 je prava stvar za vas.Savr\u0161en kao no\u0107ni ormari\u0107 ili komoda, ovaj komad namje\u0161taja pristaje u spava\u0107oj sobi s obje strane kreveta ili kao ormar za dnevnu sobu.Opremljen s dva otvorena odjeljka za pohranu, kliznom ladicom i ormari\u0107em s vratima. Unutar ovog ormari\u0107a nudi dovoljno prostora za pohranu va\u0161eg pribora, kozmetike i drugih sitnih osobnih stvari. Osim \u0161to je estetski lijep, no\u0107ni ormari\u0107 je i vrlo prakti\u010dan za kori\u0161tenje zahvaljuju\u0107i ormari\u0107u s vratima za pa\u017eljivo odlaganje svakog predmeta.\" \/>\n<meta property=\"og:url\" content=\"https:\/\/inti.hr\/sr\/proizvod\/nocni-ormaric-s-ladicom-35x70x60-cm\/\" \/>\n<meta property=\"og:site_name\" content=\"Inti\" \/>\n<meta property=\"og:image\" content=\"https:\/\/i0.wp.com\/inti.hr\/wp-content\/uploads\/2025\/03\/FBT159-GR-Y003_860x.webp?fit=860%2C860&ssl=1\" \/>\n\t<meta property=\"og:image:width\" content=\"860\" \/>\n\t<meta property=\"og:image:height\" content=\"860\" \/>\n\t<meta property=\"og:image:type\" content=\"image\/webp\" \/>\n<meta name=\"twitter:card\" content=\"summary_large_image\" \/>\n<script type=\"application\/ld+json\" class=\"yoast-schema-graph\">{\"@context\":\"https:\/\/schema.org\",\"@graph\":[{\"@type\":\"WebPage\",\"@id\":\"https:\/\/inti.hr\/sr\/proizvod\/nocni-ormaric-s-ladicom-35x70x60-cm\/\",\"url\":\"https:\/\/inti.hr\/sr\/proizvod\/nocni-ormaric-s-ladicom-35x70x60-cm\/\",\"name\":\"No\u0107ni ormari\u0107 s ladicom 35x70x60 cm - Inti\",\"isPartOf\":{\"@id\":\"https:\/\/inti.hr\/sr\/#website\"},\"primaryImageOfPage\":{\"@id\":\"https:\/\/inti.hr\/sr\/proizvod\/nocni-ormaric-s-ladicom-35x70x60-cm\/#primaryimage\"},\"image\":{\"@id\":\"https:\/\/inti.hr\/sr\/proizvod\/nocni-ormaric-s-ladicom-35x70x60-cm\/#primaryimage\"},\"thumbnailUrl\":\"https:\/\/i0.wp.com\/inti.hr\/wp-content\/uploads\/2025\/03\/FBT159-GR-Y003_860x.webp?fit=860%2C860&ssl=1\",\"datePublished\":\"2025-03-06T10:11:15+00:00\",\"dateModified\":\"2025-03-06T10:11:15+00:00\",\"description\":\"Ovaj proizvod dolazi u pakiranju sa\u0107a koje se mo\u017ee 100% reciklirati, \u0161to ga \u010dini sigurnim i pouzdanim za kori\u0161tenje. S uputama za sastavljanje i vijcima. Jednostavna instalacija.Jednostavan i bezvremenski model \u010detvrtastog oblika savr\u0161en je izbor za moderan dekor.Ako volite malo \u010ditati prije spavanja ili pregledavati mobitel, ovaj moderni no\u0107ni ormari\u0107 je prava stvar za vas.Savr\u0161en kao no\u0107ni ormari\u0107 ili komoda, ovaj komad namje\u0161taja pristaje u spava\u0107oj sobi s obje strane kreveta ili kao ormar za dnevnu sobu.Opremljen s dva otvorena odjeljka za pohranu, kliznom ladicom i ormari\u0107em s vratima. Unutar ovog ormari\u0107a nudi dovoljno prostora za pohranu va\u0161eg pribora, kozmetike i drugih sitnih osobnih stvari. Osim \u0161to je estetski lijep, no\u0107ni ormari\u0107 je i vrlo prakti\u010dan za kori\u0161tenje zahvaljuju\u0107i ormari\u0107u s vratima za pa\u017eljivo odlaganje svakog predmeta.\",\"breadcrumb\":{\"@id\":\"https:\/\/inti.hr\/sr\/proizvod\/nocni-ormaric-s-ladicom-35x70x60-cm\/#breadcrumb\"},\"inLanguage\":\"sr-RS\",\"potentialAction\":[{\"@type\":\"ReadAction\",\"target\":[\"https:\/\/inti.hr\/sr\/proizvod\/nocni-ormaric-s-ladicom-35x70x60-cm\/\"]}]},{\"@type\":\"ImageObject\",\"inLanguage\":\"sr-RS\",\"@id\":\"https:\/\/inti.hr\/sr\/proizvod\/nocni-ormaric-s-ladicom-35x70x60-cm\/#primaryimage\",\"url\":\"https:\/\/i0.wp.com\/inti.hr\/wp-content\/uploads\/2025\/03\/FBT159-GR-Y003_860x.webp?fit=860%2C860&ssl=1\",\"contentUrl\":\"https:\/\/i0.wp.com\/inti.hr\/wp-content\/uploads\/2025\/03\/FBT159-GR-Y003_860x.webp?fit=860%2C860&ssl=1\",\"width\":860,\"height\":860,\"caption\":\"SoBuy No\u0107ni ormari\u0107 s ladicom 35x70x60 cm FBT159-GR\"},{\"@type\":\"BreadcrumbList\",\"@id\":\"https:\/\/inti.hr\/sr\/proizvod\/nocni-ormaric-s-ladicom-35x70x60-cm\/#breadcrumb\",\"itemListElement\":[{\"@type\":\"ListItem\",\"position\":1,\"name\":\"Po\u010detna stranica\",\"item\":\"https:\/\/inti.hr\/sr\/\"},{\"@type\":\"ListItem\",\"position\":2,\"name\":\"Prodavnica\",\"item\":\"https:\/\/inti.hr\/sr\/prodavnica\/\"},{\"@type\":\"ListItem\",\"position\":3,\"name\":\"No\u0107ni ormari\u0107 s ladicom 35x70x60 cm\"}]},{\"@type\":\"WebSite\",\"@id\":\"https:\/\/inti.hr\/sr\/#website\",\"url\":\"https:\/\/inti.hr\/sr\/\",\"name\":\"Inti\",\"description\":\"trgovina\",\"potentialAction\":[{\"@type\":\"SearchAction\",\"target\":{\"@type\":\"EntryPoint\",\"urlTemplate\":\"https:\/\/inti.hr\/sr\/?s={search_term_string}\"},\"query-input\":{\"@type\":\"PropertyValueSpecification\",\"valueRequired\":true,\"valueName\":\"search_term_string\"}}],\"inLanguage\":\"sr-RS\"}]}<\/script>\n<!-- \/ Yoast SEO plugin. -->","yoast_head_json":{"title":"No\u0107ni ormari\u0107 s ladicom 35x70x60 cm - Inti","description":"Ovaj proizvod dolazi u pakiranju sa\u0107a koje se mo\u017ee 100% reciklirati, \u0161to ga \u010dini sigurnim i pouzdanim za kori\u0161tenje. S uputama za sastavljanje i vijcima. Jednostavna instalacija.Jednostavan i bezvremenski model \u010detvrtastog oblika savr\u0161en je izbor za moderan dekor.Ako volite malo \u010ditati prije spavanja ili pregledavati mobitel, ovaj moderni no\u0107ni ormari\u0107 je prava stvar za vas.Savr\u0161en kao no\u0107ni ormari\u0107 ili komoda, ovaj komad namje\u0161taja pristaje u spava\u0107oj sobi s obje strane kreveta ili kao ormar za dnevnu sobu.Opremljen s dva otvorena odjeljka za pohranu, kliznom ladicom i ormari\u0107em s vratima. Unutar ovog ormari\u0107a nudi dovoljno prostora za pohranu va\u0161eg pribora, kozmetike i drugih sitnih osobnih stvari. Osim \u0161to je estetski lijep, no\u0107ni ormari\u0107 je i vrlo prakti\u010dan za kori\u0161tenje zahvaljuju\u0107i ormari\u0107u s vratima za pa\u017eljivo odlaganje svakog predmeta.","robots":{"index":"index","follow":"follow","max-snippet":"max-snippet:-1","max-image-preview":"max-image-preview:large","max-video-preview":"max-video-preview:-1"},"canonical":"https:\/\/inti.hr\/sr\/proizvod\/nocni-ormaric-s-ladicom-35x70x60-cm\/","og_locale":"sr_RS","og_type":"article","og_title":"No\u0107ni ormari\u0107 s ladicom 35x70x60 cm - Inti","og_description":"Ovaj proizvod dolazi u pakiranju sa\u0107a koje se mo\u017ee 100% reciklirati, \u0161to ga \u010dini sigurnim i pouzdanim za kori\u0161tenje. S uputama za sastavljanje i vijcima. Jednostavna instalacija.Jednostavan i bezvremenski model \u010detvrtastog oblika savr\u0161en je izbor za moderan dekor.Ako volite malo \u010ditati prije spavanja ili pregledavati mobitel, ovaj moderni no\u0107ni ormari\u0107 je prava stvar za vas.Savr\u0161en kao no\u0107ni ormari\u0107 ili komoda, ovaj komad namje\u0161taja pristaje u spava\u0107oj sobi s obje strane kreveta ili kao ormar za dnevnu sobu.Opremljen s dva otvorena odjeljka za pohranu, kliznom ladicom i ormari\u0107em s vratima. Unutar ovog ormari\u0107a nudi dovoljno prostora za pohranu va\u0161eg pribora, kozmetike i drugih sitnih osobnih stvari. Osim \u0161to je estetski lijep, no\u0107ni ormari\u0107 je i vrlo prakti\u010dan za kori\u0161tenje zahvaljuju\u0107i ormari\u0107u s vratima za pa\u017eljivo odlaganje svakog predmeta.","og_url":"https:\/\/inti.hr\/sr\/proizvod\/nocni-ormaric-s-ladicom-35x70x60-cm\/","og_site_name":"Inti","og_image":[{"width":860,"height":860,"url":"https:\/\/i0.wp.com\/inti.hr\/wp-content\/uploads\/2025\/03\/FBT159-GR-Y003_860x.webp?fit=860%2C860&ssl=1","type":"image\/webp"}],"twitter_card":"summary_large_image","schema":{"@context":"https:\/\/schema.org","@graph":[{"@type":"WebPage","@id":"https:\/\/inti.hr\/sr\/proizvod\/nocni-ormaric-s-ladicom-35x70x60-cm\/","url":"https:\/\/inti.hr\/sr\/proizvod\/nocni-ormaric-s-ladicom-35x70x60-cm\/","name":"No\u0107ni ormari\u0107 s ladicom 35x70x60 cm - Inti","isPartOf":{"@id":"https:\/\/inti.hr\/sr\/#website"},"primaryImageOfPage":{"@id":"https:\/\/inti.hr\/sr\/proizvod\/nocni-ormaric-s-ladicom-35x70x60-cm\/#primaryimage"},"image":{"@id":"https:\/\/inti.hr\/sr\/proizvod\/nocni-ormaric-s-ladicom-35x70x60-cm\/#primaryimage"},"thumbnailUrl":"https:\/\/i0.wp.com\/inti.hr\/wp-content\/uploads\/2025\/03\/FBT159-GR-Y003_860x.webp?fit=860%2C860&ssl=1","datePublished":"2025-03-06T10:11:15+00:00","dateModified":"2025-03-06T10:11:15+00:00","description":"Ovaj proizvod dolazi u pakiranju sa\u0107a koje se mo\u017ee 100% reciklirati, \u0161to ga \u010dini sigurnim i pouzdanim za kori\u0161tenje. S uputama za sastavljanje i vijcima. Jednostavna instalacija.Jednostavan i bezvremenski model \u010detvrtastog oblika savr\u0161en je izbor za moderan dekor.Ako volite malo \u010ditati prije spavanja ili pregledavati mobitel, ovaj moderni no\u0107ni ormari\u0107 je prava stvar za vas.Savr\u0161en kao no\u0107ni ormari\u0107 ili komoda, ovaj komad namje\u0161taja pristaje u spava\u0107oj sobi s obje strane kreveta ili kao ormar za dnevnu sobu.Opremljen s dva otvorena odjeljka za pohranu, kliznom ladicom i ormari\u0107em s vratima. Unutar ovog ormari\u0107a nudi dovoljno prostora za pohranu va\u0161eg pribora, kozmetike i drugih sitnih osobnih stvari. Osim \u0161to je estetski lijep, no\u0107ni ormari\u0107 je i vrlo prakti\u010dan za kori\u0161tenje zahvaljuju\u0107i ormari\u0107u s vratima za pa\u017eljivo odlaganje svakog predmeta.","breadcrumb":{"@id":"https:\/\/inti.hr\/sr\/proizvod\/nocni-ormaric-s-ladicom-35x70x60-cm\/#breadcrumb"},"inLanguage":"sr-RS","potentialAction":[{"@type":"ReadAction","target":["https:\/\/inti.hr\/sr\/proizvod\/nocni-ormaric-s-ladicom-35x70x60-cm\/"]}]},{"@type":"ImageObject","inLanguage":"sr-RS","@id":"https:\/\/inti.hr\/sr\/proizvod\/nocni-ormaric-s-ladicom-35x70x60-cm\/#primaryimage","url":"https:\/\/i0.wp.com\/inti.hr\/wp-content\/uploads\/2025\/03\/FBT159-GR-Y003_860x.webp?fit=860%2C860&ssl=1","contentUrl":"https:\/\/i0.wp.com\/inti.hr\/wp-content\/uploads\/2025\/03\/FBT159-GR-Y003_860x.webp?fit=860%2C860&ssl=1","width":860,"height":860,"caption":"SoBuy No\u0107ni ormari\u0107 s ladicom 35x70x60 cm FBT159-GR"},{"@type":"BreadcrumbList","@id":"https:\/\/inti.hr\/sr\/proizvod\/nocni-ormaric-s-ladicom-35x70x60-cm\/#breadcrumb","itemListElement":[{"@type":"ListItem","position":1,"name":"Po\u010detna stranica","item":"https:\/\/inti.hr\/sr\/"},{"@type":"ListItem","position":2,"name":"Prodavnica","item":"https:\/\/inti.hr\/sr\/prodavnica\/"},{"@type":"ListItem","position":3,"name":"No\u0107ni ormari\u0107 s ladicom 35x70x60 cm"}]},{"@type":"WebSite","@id":"https:\/\/inti.hr\/sr\/#website","url":"https:\/\/inti.hr\/sr\/","name":"Inti","description":"trgovina","potentialAction":[{"@type":"SearchAction","target":{"@type":"EntryPoint","urlTemplate":"https:\/\/inti.hr\/sr\/?s={search_term_string}"},"query-input":{"@type":"PropertyValueSpecification","valueRequired":true,"valueName":"search_term_string"}}],"inLanguage":"sr-RS"}]}},"jetpack_sharing_enabled":true,"jetpack-related-posts":[],"_links":{"self":[{"href":"https:\/\/inti.hr\/sr\/wp-json\/wp\/v2\/product\/35591"}],"collection":[{"href":"https:\/\/inti.hr\/sr\/wp-json\/wp\/v2\/product"}],"about":[{"href":"https:\/\/inti.hr\/sr\/wp-json\/wp\/v2\/types\/product"}],"wp:featuredmedia":[{"embeddable":true,"href":"https:\/\/inti.hr\/sr\/wp-json\/wp\/v2\/media\/35592"}],"wp:attachment":[{"href":"https:\/\/inti.hr\/sr\/wp-json\/wp\/v2\/media?parent=35591"}],"wp:term":[{"taxonomy":"product_cat","embeddable":true,"href":"https:\/\/inti.hr\/sr\/wp-json\/wp\/v2\/product_cat?post=35591"},{"taxonomy":"product_tag","embeddable":true,"href":"https:\/\/inti.hr\/sr\/wp-json\/wp\/v2\/product_tag?post=35591"}],"curies":[{"name":"wp","href":"https:\/\/api.w.org\/{rel}","templated":true}]}}