{"id":35613,"date":"2025-03-06T09:35:03","date_gmt":"2025-03-06T08:35:03","guid":{"rendered":"https:\/\/inti.hr\/product\/stalak-za-cipele-80x34x85cm\/"},"modified":"2025-03-06T09:35:03","modified_gmt":"2025-03-06T08:35:03","slug":"stalak-za-cipele-80x34x85cm","status":"publish","type":"product","link":"https:\/\/inti.hr\/sr\/proizvod\/stalak-za-cipele-80x34x85cm\/","title":{"rendered":"Stalak za cipele 80x34x85cm"},"content":{"rendered":"<p><b><span>Detalji proizvoda:<\/span><\/b><\/p>\n<ul>\n<li><span>Te\u017eina: oko 28,3 kg<\/span><\/li>\n<li><span>Testirano za: 72 kg<\/span><\/li>\n<li><span>Materijal: MDF (E1), bambus<\/span><\/li>\n<li><span>Dimenzije proizvoda: 80x34x85 cm (vidi sliku)<\/span><\/li>\n<li><span>Dostava: u 1 paketu<\/span><\/li>\n<li><span>Dimenzije paketa: 93x42x18 cm.<\/span><\/li>\n<li><span>S uputama za sastavljanje i vijcima. Jednostavna instalacija.<\/span><\/li>\n<\/ul>\n","protected":false},"excerpt":{"rendered":"<p><span>Ovaj proizvod dolazi u pakiranju sa\u0107a koje se mo\u017ee 100% reciklirati, &#8230; <\/p>\n","protected":false},"featured_media":35614,"template":"","meta":[],"product_cat":[2635],"product_tag":[4559,2640],"yoast_head":"<!-- This site is optimized with the Yoast SEO plugin v23.7 - https:\/\/yoast.com\/wordpress\/plugins\/seo\/ -->\n<title>Stalak za cipele 80x34x85cm - Inti<\/title>\n<meta name=\"description\" content=\"Ovaj proizvod dolazi u pakiranju sa\u0107a koje se mo\u017ee 100% reciklirati, \u0161to ga \u010dini sigurnim i pouzdanim za kori\u0161tenje. S uputama za sastavljanje i vijcima. Jednostavna instalacija.Dodajte eleganciju i funkcionalnost svojim prostorima s ovom modernom i profinjenom komodom, savr\u0161enom za predsoblje, dnevni boravak, kuhinju ili spava\u0107u sobu. Izra\u0111en od visokokvalitetnog MDF-a (E1) i bambusa, kombinira izdr\u017eljivost i prirodan dizajn, stvaraju\u0107i toplu i ugodnu atmosferu. \u010cvrste noge od bambusa daju da\u0161ak lako\u0107e i stabilnosti, dok bijeli zavr\u0161etak olak\u0161ava uklapanje u svaki dekor.Opremljen s dvije prakti\u010dne ladice i troja vrata, nudi dovoljno prostora za odlaganje cipela, pribora, kuhinjskog pribora ili dokumenata, odr\u017eavaju\u0107i uvijek uredan okoli\u0161. Podesiva unutarnja polica omogu\u0107uje organiziranje predmeta prema va\u0161im potrebama, prilago\u0111avaju\u0107i se cipelama razli\u010ditih veli\u010dina ili predmetima razli\u010ditih vrsta.Njegova kompaktna veli\u010dina (80 x 34 x 85 cm) \u010dini ga idealnim za manje prostore, bez \u017ertvovanja kapaciteta za pohranu. Zahvaljuju\u0107i svojoj svestranosti, mo\u017ee se koristiti kao stalak za cipele, ulazni namje\u0161taj, komoda ili bife. Nadalje, mo\u017ee se kupiti zasebno ili kombinirati s drugim namje\u0161tajem iz iste serije za skladan i uskla\u0111en dekor.Komad namje\u0161taja modernog i prakti\u010dnog dizajna, savr\u0161en za svaki kutak ku\u0107e!\" \/>\n<meta name=\"robots\" content=\"index, follow, max-snippet:-1, max-image-preview:large, max-video-preview:-1\" \/>\n<link rel=\"canonical\" href=\"https:\/\/inti.hr\/sr\/proizvod\/stalak-za-cipele-80x34x85cm\/\" \/>\n<meta property=\"og:locale\" content=\"sr_RS\" \/>\n<meta property=\"og:type\" content=\"article\" \/>\n<meta property=\"og:title\" content=\"Stalak za cipele 80x34x85cm - Inti\" \/>\n<meta property=\"og:description\" content=\"Ovaj proizvod dolazi u pakiranju sa\u0107a koje se mo\u017ee 100% reciklirati, \u0161to ga \u010dini sigurnim i pouzdanim za kori\u0161tenje. S uputama za sastavljanje i vijcima. Jednostavna instalacija.Dodajte eleganciju i funkcionalnost svojim prostorima s ovom modernom i profinjenom komodom, savr\u0161enom za predsoblje, dnevni boravak, kuhinju ili spava\u0107u sobu. Izra\u0111en od visokokvalitetnog MDF-a (E1) i bambusa, kombinira izdr\u017eljivost i prirodan dizajn, stvaraju\u0107i toplu i ugodnu atmosferu. \u010cvrste noge od bambusa daju da\u0161ak lako\u0107e i stabilnosti, dok bijeli zavr\u0161etak olak\u0161ava uklapanje u svaki dekor.Opremljen s dvije prakti\u010dne ladice i troja vrata, nudi dovoljno prostora za odlaganje cipela, pribora, kuhinjskog pribora ili dokumenata, odr\u017eavaju\u0107i uvijek uredan okoli\u0161. Podesiva unutarnja polica omogu\u0107uje organiziranje predmeta prema va\u0161im potrebama, prilago\u0111avaju\u0107i se cipelama razli\u010ditih veli\u010dina ili predmetima razli\u010ditih vrsta.Njegova kompaktna veli\u010dina (80 x 34 x 85 cm) \u010dini ga idealnim za manje prostore, bez \u017ertvovanja kapaciteta za pohranu. Zahvaljuju\u0107i svojoj svestranosti, mo\u017ee se koristiti kao stalak za cipele, ulazni namje\u0161taj, komoda ili bife. Nadalje, mo\u017ee se kupiti zasebno ili kombinirati s drugim namje\u0161tajem iz iste serije za skladan i uskla\u0111en dekor.Komad namje\u0161taja modernog i prakti\u010dnog dizajna, savr\u0161en za svaki kutak ku\u0107e!\" \/>\n<meta property=\"og:url\" content=\"https:\/\/inti.hr\/sr\/proizvod\/stalak-za-cipele-80x34x85cm\/\" \/>\n<meta property=\"og:site_name\" content=\"Inti\" \/>\n<meta property=\"og:image\" content=\"https:\/\/i0.wp.com\/inti.hr\/wp-content\/uploads\/2025\/03\/FSR190-WN-S002_1800x1800.webp?fit=1600%2C1600&ssl=1\" \/>\n\t<meta property=\"og:image:width\" content=\"1600\" \/>\n\t<meta property=\"og:image:height\" content=\"1600\" \/>\n\t<meta property=\"og:image:type\" content=\"image\/webp\" \/>\n<meta name=\"twitter:card\" content=\"summary_large_image\" \/>\n<script type=\"application\/ld+json\" class=\"yoast-schema-graph\">{\"@context\":\"https:\/\/schema.org\",\"@graph\":[{\"@type\":\"WebPage\",\"@id\":\"https:\/\/inti.hr\/sr\/proizvod\/stalak-za-cipele-80x34x85cm\/\",\"url\":\"https:\/\/inti.hr\/sr\/proizvod\/stalak-za-cipele-80x34x85cm\/\",\"name\":\"Stalak za cipele 80x34x85cm - Inti\",\"isPartOf\":{\"@id\":\"https:\/\/inti.hr\/sr\/#website\"},\"primaryImageOfPage\":{\"@id\":\"https:\/\/inti.hr\/sr\/proizvod\/stalak-za-cipele-80x34x85cm\/#primaryimage\"},\"image\":{\"@id\":\"https:\/\/inti.hr\/sr\/proizvod\/stalak-za-cipele-80x34x85cm\/#primaryimage\"},\"thumbnailUrl\":\"https:\/\/i0.wp.com\/inti.hr\/wp-content\/uploads\/2025\/03\/FSR190-WN-S002_1800x1800.webp?fit=1600%2C1600&ssl=1\",\"datePublished\":\"2025-03-06T08:35:03+00:00\",\"dateModified\":\"2025-03-06T08:35:03+00:00\",\"description\":\"Ovaj proizvod dolazi u pakiranju sa\u0107a koje se mo\u017ee 100% reciklirati, \u0161to ga \u010dini sigurnim i pouzdanim za kori\u0161tenje. S uputama za sastavljanje i vijcima. Jednostavna instalacija.Dodajte eleganciju i funkcionalnost svojim prostorima s ovom modernom i profinjenom komodom, savr\u0161enom za predsoblje, dnevni boravak, kuhinju ili spava\u0107u sobu. Izra\u0111en od visokokvalitetnog MDF-a (E1) i bambusa, kombinira izdr\u017eljivost i prirodan dizajn, stvaraju\u0107i toplu i ugodnu atmosferu. \u010cvrste noge od bambusa daju da\u0161ak lako\u0107e i stabilnosti, dok bijeli zavr\u0161etak olak\u0161ava uklapanje u svaki dekor.Opremljen s dvije prakti\u010dne ladice i troja vrata, nudi dovoljno prostora za odlaganje cipela, pribora, kuhinjskog pribora ili dokumenata, odr\u017eavaju\u0107i uvijek uredan okoli\u0161. Podesiva unutarnja polica omogu\u0107uje organiziranje predmeta prema va\u0161im potrebama, prilago\u0111avaju\u0107i se cipelama razli\u010ditih veli\u010dina ili predmetima razli\u010ditih vrsta.Njegova kompaktna veli\u010dina (80 x 34 x 85 cm) \u010dini ga idealnim za manje prostore, bez \u017ertvovanja kapaciteta za pohranu. Zahvaljuju\u0107i svojoj svestranosti, mo\u017ee se koristiti kao stalak za cipele, ulazni namje\u0161taj, komoda ili bife. Nadalje, mo\u017ee se kupiti zasebno ili kombinirati s drugim namje\u0161tajem iz iste serije za skladan i uskla\u0111en dekor.Komad namje\u0161taja modernog i prakti\u010dnog dizajna, savr\u0161en za svaki kutak ku\u0107e!\",\"breadcrumb\":{\"@id\":\"https:\/\/inti.hr\/sr\/proizvod\/stalak-za-cipele-80x34x85cm\/#breadcrumb\"},\"inLanguage\":\"sr-RS\",\"potentialAction\":[{\"@type\":\"ReadAction\",\"target\":[\"https:\/\/inti.hr\/sr\/proizvod\/stalak-za-cipele-80x34x85cm\/\"]}]},{\"@type\":\"ImageObject\",\"inLanguage\":\"sr-RS\",\"@id\":\"https:\/\/inti.hr\/sr\/proizvod\/stalak-za-cipele-80x34x85cm\/#primaryimage\",\"url\":\"https:\/\/i0.wp.com\/inti.hr\/wp-content\/uploads\/2025\/03\/FSR190-WN-S002_1800x1800.webp?fit=1600%2C1600&ssl=1\",\"contentUrl\":\"https:\/\/i0.wp.com\/inti.hr\/wp-content\/uploads\/2025\/03\/FSR190-WN-S002_1800x1800.webp?fit=1600%2C1600&ssl=1\",\"width\":1600,\"height\":1600,\"caption\":\"SoBuy Stalak za cipele 80x34x85cm FSR190-WN\"},{\"@type\":\"BreadcrumbList\",\"@id\":\"https:\/\/inti.hr\/sr\/proizvod\/stalak-za-cipele-80x34x85cm\/#breadcrumb\",\"itemListElement\":[{\"@type\":\"ListItem\",\"position\":1,\"name\":\"Po\u010detna stranica\",\"item\":\"https:\/\/inti.hr\/sr\/\"},{\"@type\":\"ListItem\",\"position\":2,\"name\":\"Prodavnica\",\"item\":\"https:\/\/inti.hr\/sr\/prodavnica\/\"},{\"@type\":\"ListItem\",\"position\":3,\"name\":\"Stalak za cipele 80x34x85cm\"}]},{\"@type\":\"WebSite\",\"@id\":\"https:\/\/inti.hr\/sr\/#website\",\"url\":\"https:\/\/inti.hr\/sr\/\",\"name\":\"Inti\",\"description\":\"trgovina\",\"potentialAction\":[{\"@type\":\"SearchAction\",\"target\":{\"@type\":\"EntryPoint\",\"urlTemplate\":\"https:\/\/inti.hr\/sr\/?s={search_term_string}\"},\"query-input\":{\"@type\":\"PropertyValueSpecification\",\"valueRequired\":true,\"valueName\":\"search_term_string\"}}],\"inLanguage\":\"sr-RS\"}]}<\/script>\n<!-- \/ Yoast SEO plugin. -->","yoast_head_json":{"title":"Stalak za cipele 80x34x85cm - Inti","description":"Ovaj proizvod dolazi u pakiranju sa\u0107a koje se mo\u017ee 100% reciklirati, \u0161to ga \u010dini sigurnim i pouzdanim za kori\u0161tenje. S uputama za sastavljanje i vijcima. Jednostavna instalacija.Dodajte eleganciju i funkcionalnost svojim prostorima s ovom modernom i profinjenom komodom, savr\u0161enom za predsoblje, dnevni boravak, kuhinju ili spava\u0107u sobu. Izra\u0111en od visokokvalitetnog MDF-a (E1) i bambusa, kombinira izdr\u017eljivost i prirodan dizajn, stvaraju\u0107i toplu i ugodnu atmosferu. \u010cvrste noge od bambusa daju da\u0161ak lako\u0107e i stabilnosti, dok bijeli zavr\u0161etak olak\u0161ava uklapanje u svaki dekor.Opremljen s dvije prakti\u010dne ladice i troja vrata, nudi dovoljno prostora za odlaganje cipela, pribora, kuhinjskog pribora ili dokumenata, odr\u017eavaju\u0107i uvijek uredan okoli\u0161. Podesiva unutarnja polica omogu\u0107uje organiziranje predmeta prema va\u0161im potrebama, prilago\u0111avaju\u0107i se cipelama razli\u010ditih veli\u010dina ili predmetima razli\u010ditih vrsta.Njegova kompaktna veli\u010dina (80 x 34 x 85 cm) \u010dini ga idealnim za manje prostore, bez \u017ertvovanja kapaciteta za pohranu. Zahvaljuju\u0107i svojoj svestranosti, mo\u017ee se koristiti kao stalak za cipele, ulazni namje\u0161taj, komoda ili bife. Nadalje, mo\u017ee se kupiti zasebno ili kombinirati s drugim namje\u0161tajem iz iste serije za skladan i uskla\u0111en dekor.Komad namje\u0161taja modernog i prakti\u010dnog dizajna, savr\u0161en za svaki kutak ku\u0107e!","robots":{"index":"index","follow":"follow","max-snippet":"max-snippet:-1","max-image-preview":"max-image-preview:large","max-video-preview":"max-video-preview:-1"},"canonical":"https:\/\/inti.hr\/sr\/proizvod\/stalak-za-cipele-80x34x85cm\/","og_locale":"sr_RS","og_type":"article","og_title":"Stalak za cipele 80x34x85cm - Inti","og_description":"Ovaj proizvod dolazi u pakiranju sa\u0107a koje se mo\u017ee 100% reciklirati, \u0161to ga \u010dini sigurnim i pouzdanim za kori\u0161tenje. S uputama za sastavljanje i vijcima. Jednostavna instalacija.Dodajte eleganciju i funkcionalnost svojim prostorima s ovom modernom i profinjenom komodom, savr\u0161enom za predsoblje, dnevni boravak, kuhinju ili spava\u0107u sobu. Izra\u0111en od visokokvalitetnog MDF-a (E1) i bambusa, kombinira izdr\u017eljivost i prirodan dizajn, stvaraju\u0107i toplu i ugodnu atmosferu. \u010cvrste noge od bambusa daju da\u0161ak lako\u0107e i stabilnosti, dok bijeli zavr\u0161etak olak\u0161ava uklapanje u svaki dekor.Opremljen s dvije prakti\u010dne ladice i troja vrata, nudi dovoljno prostora za odlaganje cipela, pribora, kuhinjskog pribora ili dokumenata, odr\u017eavaju\u0107i uvijek uredan okoli\u0161. Podesiva unutarnja polica omogu\u0107uje organiziranje predmeta prema va\u0161im potrebama, prilago\u0111avaju\u0107i se cipelama razli\u010ditih veli\u010dina ili predmetima razli\u010ditih vrsta.Njegova kompaktna veli\u010dina (80 x 34 x 85 cm) \u010dini ga idealnim za manje prostore, bez \u017ertvovanja kapaciteta za pohranu. Zahvaljuju\u0107i svojoj svestranosti, mo\u017ee se koristiti kao stalak za cipele, ulazni namje\u0161taj, komoda ili bife. Nadalje, mo\u017ee se kupiti zasebno ili kombinirati s drugim namje\u0161tajem iz iste serije za skladan i uskla\u0111en dekor.Komad namje\u0161taja modernog i prakti\u010dnog dizajna, savr\u0161en za svaki kutak ku\u0107e!","og_url":"https:\/\/inti.hr\/sr\/proizvod\/stalak-za-cipele-80x34x85cm\/","og_site_name":"Inti","og_image":[{"width":1600,"height":1600,"url":"https:\/\/i0.wp.com\/inti.hr\/wp-content\/uploads\/2025\/03\/FSR190-WN-S002_1800x1800.webp?fit=1600%2C1600&ssl=1","type":"image\/webp"}],"twitter_card":"summary_large_image","schema":{"@context":"https:\/\/schema.org","@graph":[{"@type":"WebPage","@id":"https:\/\/inti.hr\/sr\/proizvod\/stalak-za-cipele-80x34x85cm\/","url":"https:\/\/inti.hr\/sr\/proizvod\/stalak-za-cipele-80x34x85cm\/","name":"Stalak za cipele 80x34x85cm - Inti","isPartOf":{"@id":"https:\/\/inti.hr\/sr\/#website"},"primaryImageOfPage":{"@id":"https:\/\/inti.hr\/sr\/proizvod\/stalak-za-cipele-80x34x85cm\/#primaryimage"},"image":{"@id":"https:\/\/inti.hr\/sr\/proizvod\/stalak-za-cipele-80x34x85cm\/#primaryimage"},"thumbnailUrl":"https:\/\/i0.wp.com\/inti.hr\/wp-content\/uploads\/2025\/03\/FSR190-WN-S002_1800x1800.webp?fit=1600%2C1600&ssl=1","datePublished":"2025-03-06T08:35:03+00:00","dateModified":"2025-03-06T08:35:03+00:00","description":"Ovaj proizvod dolazi u pakiranju sa\u0107a koje se mo\u017ee 100% reciklirati, \u0161to ga \u010dini sigurnim i pouzdanim za kori\u0161tenje. S uputama za sastavljanje i vijcima. Jednostavna instalacija.Dodajte eleganciju i funkcionalnost svojim prostorima s ovom modernom i profinjenom komodom, savr\u0161enom za predsoblje, dnevni boravak, kuhinju ili spava\u0107u sobu. Izra\u0111en od visokokvalitetnog MDF-a (E1) i bambusa, kombinira izdr\u017eljivost i prirodan dizajn, stvaraju\u0107i toplu i ugodnu atmosferu. \u010cvrste noge od bambusa daju da\u0161ak lako\u0107e i stabilnosti, dok bijeli zavr\u0161etak olak\u0161ava uklapanje u svaki dekor.Opremljen s dvije prakti\u010dne ladice i troja vrata, nudi dovoljno prostora za odlaganje cipela, pribora, kuhinjskog pribora ili dokumenata, odr\u017eavaju\u0107i uvijek uredan okoli\u0161. Podesiva unutarnja polica omogu\u0107uje organiziranje predmeta prema va\u0161im potrebama, prilago\u0111avaju\u0107i se cipelama razli\u010ditih veli\u010dina ili predmetima razli\u010ditih vrsta.Njegova kompaktna veli\u010dina (80 x 34 x 85 cm) \u010dini ga idealnim za manje prostore, bez \u017ertvovanja kapaciteta za pohranu. Zahvaljuju\u0107i svojoj svestranosti, mo\u017ee se koristiti kao stalak za cipele, ulazni namje\u0161taj, komoda ili bife. Nadalje, mo\u017ee se kupiti zasebno ili kombinirati s drugim namje\u0161tajem iz iste serije za skladan i uskla\u0111en dekor.Komad namje\u0161taja modernog i prakti\u010dnog dizajna, savr\u0161en za svaki kutak ku\u0107e!","breadcrumb":{"@id":"https:\/\/inti.hr\/sr\/proizvod\/stalak-za-cipele-80x34x85cm\/#breadcrumb"},"inLanguage":"sr-RS","potentialAction":[{"@type":"ReadAction","target":["https:\/\/inti.hr\/sr\/proizvod\/stalak-za-cipele-80x34x85cm\/"]}]},{"@type":"ImageObject","inLanguage":"sr-RS","@id":"https:\/\/inti.hr\/sr\/proizvod\/stalak-za-cipele-80x34x85cm\/#primaryimage","url":"https:\/\/i0.wp.com\/inti.hr\/wp-content\/uploads\/2025\/03\/FSR190-WN-S002_1800x1800.webp?fit=1600%2C1600&ssl=1","contentUrl":"https:\/\/i0.wp.com\/inti.hr\/wp-content\/uploads\/2025\/03\/FSR190-WN-S002_1800x1800.webp?fit=1600%2C1600&ssl=1","width":1600,"height":1600,"caption":"SoBuy Stalak za cipele 80x34x85cm FSR190-WN"},{"@type":"BreadcrumbList","@id":"https:\/\/inti.hr\/sr\/proizvod\/stalak-za-cipele-80x34x85cm\/#breadcrumb","itemListElement":[{"@type":"ListItem","position":1,"name":"Po\u010detna stranica","item":"https:\/\/inti.hr\/sr\/"},{"@type":"ListItem","position":2,"name":"Prodavnica","item":"https:\/\/inti.hr\/sr\/prodavnica\/"},{"@type":"ListItem","position":3,"name":"Stalak za cipele 80x34x85cm"}]},{"@type":"WebSite","@id":"https:\/\/inti.hr\/sr\/#website","url":"https:\/\/inti.hr\/sr\/","name":"Inti","description":"trgovina","potentialAction":[{"@type":"SearchAction","target":{"@type":"EntryPoint","urlTemplate":"https:\/\/inti.hr\/sr\/?s={search_term_string}"},"query-input":{"@type":"PropertyValueSpecification","valueRequired":true,"valueName":"search_term_string"}}],"inLanguage":"sr-RS"}]}},"jetpack_sharing_enabled":true,"jetpack-related-posts":[],"_links":{"self":[{"href":"https:\/\/inti.hr\/sr\/wp-json\/wp\/v2\/product\/35613"}],"collection":[{"href":"https:\/\/inti.hr\/sr\/wp-json\/wp\/v2\/product"}],"about":[{"href":"https:\/\/inti.hr\/sr\/wp-json\/wp\/v2\/types\/product"}],"wp:featuredmedia":[{"embeddable":true,"href":"https:\/\/inti.hr\/sr\/wp-json\/wp\/v2\/media\/35614"}],"wp:attachment":[{"href":"https:\/\/inti.hr\/sr\/wp-json\/wp\/v2\/media?parent=35613"}],"wp:term":[{"taxonomy":"product_cat","embeddable":true,"href":"https:\/\/inti.hr\/sr\/wp-json\/wp\/v2\/product_cat?post=35613"},{"taxonomy":"product_tag","embeddable":true,"href":"https:\/\/inti.hr\/sr\/wp-json\/wp\/v2\/product_tag?post=35613"}],"curies":[{"name":"wp","href":"https:\/\/api.w.org\/{rel}","templated":true}]}}