{"id":35629,"date":"2025-03-04T15:12:17","date_gmt":"2025-03-04T14:12:17","guid":{"rendered":"https:\/\/inti.hr\/product\/djecja-polica-za-knjige-80x30x88cm\/"},"modified":"2025-03-04T15:12:17","modified_gmt":"2025-03-04T14:12:17","slug":"djecja-polica-za-knjige-80x30x88cm","status":"publish","type":"product","link":"https:\/\/inti.hr\/sr\/proizvod\/djecja-polica-za-knjige-80x30x88cm\/","title":{"rendered":"Dje\u010dja polica za knjige 80x30x88cm"},"content":{"rendered":"<p>Detalji proizvoda:<\/p>\n<p>Materijal: MDF, list papira.<br \/>\nDimenzije proizvoda: 77x30x88cm (vidi sliku);<br \/>\nTe\u017eina: cca: 11,3 kg<br \/>\nNosivost: do 20kg;<br \/>\nVeli\u010dina i te\u017eina paketa: 98,00*37,00*14,50cm, 13kg<br \/>\nS uputama za monta\u017eu i vijcima, jednostavna monta\u017ea<br \/>\nOvaj proizvod je razvijen i ispitan za ku\u0107nu upotrebu.<\/p>\n","protected":false},"excerpt":{"rendered":"<p><span>Mnoga djeca vole \u010ditati i lak\u0161e \u0107e i br\u017ee prona\u0107i i &#8230; <\/p>\n","protected":false},"featured_media":35630,"template":"","meta":[],"product_cat":[2411],"product_tag":[2949,3007],"yoast_head":"<!-- This site is optimized with the Yoast SEO plugin v23.7 - https:\/\/yoast.com\/wordpress\/plugins\/seo\/ -->\n<title>Dje\u010dja polica za knjige 80x30x88cm - Inti<\/title>\n<meta name=\"description\" content=\"Mnoga djeca vole \u010ditati i lak\u0161e \u0107e i br\u017ee prona\u0107i i uzeti knjigu koja im se svi\u0111a ako se vide korice.U ovom dr\u017ea\u010du za knjige s pohranom va\u0161a djeca mogu samostalno organizirati i uzeti svoje knjige.Uz visinu od 80 cm, knjige se mogu lako sortirati i izvaditi, tako da nije potrebna pomo\u0107 odraslih. Montessori polica stvorena je s ciljem da djetetu omogu\u0107i uredno pohranjivanje svih knjiga, bilje\u017enica, \u010dasopisa, stripova i crte\u017ea. \u010cetiri police dizajnirane prema Montessori metodi, jer su nadohvat ruke djeteta, dostupne bez pote\u0161ko\u0107a.Polica za igra\u010dke je \u010dvrst i siguran komad namje\u0161taja za kori\u0161tenje. Konstrukcija je izra\u0111ena od \u010dvrstog MDF-a i netoksi\u010dnih boja.\" \/>\n<meta name=\"robots\" content=\"index, follow, max-snippet:-1, max-image-preview:large, max-video-preview:-1\" \/>\n<link rel=\"canonical\" href=\"https:\/\/inti.hr\/sr\/proizvod\/djecja-polica-za-knjige-80x30x88cm\/\" \/>\n<meta property=\"og:locale\" content=\"sr_RS\" \/>\n<meta property=\"og:type\" content=\"article\" \/>\n<meta property=\"og:title\" content=\"Dje\u010dja polica za knjige 80x30x88cm - Inti\" \/>\n<meta property=\"og:description\" content=\"Mnoga djeca vole \u010ditati i lak\u0161e \u0107e i br\u017ee prona\u0107i i uzeti knjigu koja im se svi\u0111a ako se vide korice.U ovom dr\u017ea\u010du za knjige s pohranom va\u0161a djeca mogu samostalno organizirati i uzeti svoje knjige.Uz visinu od 80 cm, knjige se mogu lako sortirati i izvaditi, tako da nije potrebna pomo\u0107 odraslih. Montessori polica stvorena je s ciljem da djetetu omogu\u0107i uredno pohranjivanje svih knjiga, bilje\u017enica, \u010dasopisa, stripova i crte\u017ea. \u010cetiri police dizajnirane prema Montessori metodi, jer su nadohvat ruke djeteta, dostupne bez pote\u0161ko\u0107a.Polica za igra\u010dke je \u010dvrst i siguran komad namje\u0161taja za kori\u0161tenje. Konstrukcija je izra\u0111ena od \u010dvrstog MDF-a i netoksi\u010dnih boja.\" \/>\n<meta property=\"og:url\" content=\"https:\/\/inti.hr\/sr\/proizvod\/djecja-polica-za-knjige-80x30x88cm\/\" \/>\n<meta property=\"og:site_name\" content=\"Inti\" \/>\n<meta property=\"og:image\" content=\"https:\/\/i0.wp.com\/inti.hr\/wp-content\/uploads\/2025\/03\/KMB32-P-S001_1800x1800.webp?fit=1600%2C1600&ssl=1\" \/>\n\t<meta property=\"og:image:width\" content=\"1600\" \/>\n\t<meta property=\"og:image:height\" content=\"1600\" \/>\n\t<meta property=\"og:image:type\" content=\"image\/webp\" \/>\n<meta name=\"twitter:card\" content=\"summary_large_image\" \/>\n<script type=\"application\/ld+json\" class=\"yoast-schema-graph\">{\"@context\":\"https:\/\/schema.org\",\"@graph\":[{\"@type\":\"WebPage\",\"@id\":\"https:\/\/inti.hr\/sr\/proizvod\/djecja-polica-za-knjige-80x30x88cm\/\",\"url\":\"https:\/\/inti.hr\/sr\/proizvod\/djecja-polica-za-knjige-80x30x88cm\/\",\"name\":\"Dje\u010dja polica za knjige 80x30x88cm - Inti\",\"isPartOf\":{\"@id\":\"https:\/\/inti.hr\/sr\/#website\"},\"primaryImageOfPage\":{\"@id\":\"https:\/\/inti.hr\/sr\/proizvod\/djecja-polica-za-knjige-80x30x88cm\/#primaryimage\"},\"image\":{\"@id\":\"https:\/\/inti.hr\/sr\/proizvod\/djecja-polica-za-knjige-80x30x88cm\/#primaryimage\"},\"thumbnailUrl\":\"https:\/\/i0.wp.com\/inti.hr\/wp-content\/uploads\/2025\/03\/KMB32-P-S001_1800x1800.webp?fit=1600%2C1600&ssl=1\",\"datePublished\":\"2025-03-04T14:12:17+00:00\",\"dateModified\":\"2025-03-04T14:12:17+00:00\",\"description\":\"Mnoga djeca vole \u010ditati i lak\u0161e \u0107e i br\u017ee prona\u0107i i uzeti knjigu koja im se svi\u0111a ako se vide korice.U ovom dr\u017ea\u010du za knjige s pohranom va\u0161a djeca mogu samostalno organizirati i uzeti svoje knjige.Uz visinu od 80 cm, knjige se mogu lako sortirati i izvaditi, tako da nije potrebna pomo\u0107 odraslih. Montessori polica stvorena je s ciljem da djetetu omogu\u0107i uredno pohranjivanje svih knjiga, bilje\u017enica, \u010dasopisa, stripova i crte\u017ea. \u010cetiri police dizajnirane prema Montessori metodi, jer su nadohvat ruke djeteta, dostupne bez pote\u0161ko\u0107a.Polica za igra\u010dke je \u010dvrst i siguran komad namje\u0161taja za kori\u0161tenje. Konstrukcija je izra\u0111ena od \u010dvrstog MDF-a i netoksi\u010dnih boja.\",\"breadcrumb\":{\"@id\":\"https:\/\/inti.hr\/sr\/proizvod\/djecja-polica-za-knjige-80x30x88cm\/#breadcrumb\"},\"inLanguage\":\"sr-RS\",\"potentialAction\":[{\"@type\":\"ReadAction\",\"target\":[\"https:\/\/inti.hr\/sr\/proizvod\/djecja-polica-za-knjige-80x30x88cm\/\"]}]},{\"@type\":\"ImageObject\",\"inLanguage\":\"sr-RS\",\"@id\":\"https:\/\/inti.hr\/sr\/proizvod\/djecja-polica-za-knjige-80x30x88cm\/#primaryimage\",\"url\":\"https:\/\/i0.wp.com\/inti.hr\/wp-content\/uploads\/2025\/03\/KMB32-P-S001_1800x1800.webp?fit=1600%2C1600&ssl=1\",\"contentUrl\":\"https:\/\/i0.wp.com\/inti.hr\/wp-content\/uploads\/2025\/03\/KMB32-P-S001_1800x1800.webp?fit=1600%2C1600&ssl=1\",\"width\":1600,\"height\":1600,\"caption\":\"SoBuy Dje\u010dja polica za knjige 80x30x88cm KMB32-P\"},{\"@type\":\"BreadcrumbList\",\"@id\":\"https:\/\/inti.hr\/sr\/proizvod\/djecja-polica-za-knjige-80x30x88cm\/#breadcrumb\",\"itemListElement\":[{\"@type\":\"ListItem\",\"position\":1,\"name\":\"Po\u010detna stranica\",\"item\":\"https:\/\/inti.hr\/sr\/\"},{\"@type\":\"ListItem\",\"position\":2,\"name\":\"Prodavnica\",\"item\":\"https:\/\/inti.hr\/sr\/prodavnica\/\"},{\"@type\":\"ListItem\",\"position\":3,\"name\":\"Dje\u010dja polica za knjige 80x30x88cm\"}]},{\"@type\":\"WebSite\",\"@id\":\"https:\/\/inti.hr\/sr\/#website\",\"url\":\"https:\/\/inti.hr\/sr\/\",\"name\":\"Inti\",\"description\":\"trgovina\",\"potentialAction\":[{\"@type\":\"SearchAction\",\"target\":{\"@type\":\"EntryPoint\",\"urlTemplate\":\"https:\/\/inti.hr\/sr\/?s={search_term_string}\"},\"query-input\":{\"@type\":\"PropertyValueSpecification\",\"valueRequired\":true,\"valueName\":\"search_term_string\"}}],\"inLanguage\":\"sr-RS\"}]}<\/script>\n<!-- \/ Yoast SEO plugin. -->","yoast_head_json":{"title":"Dje\u010dja polica za knjige 80x30x88cm - Inti","description":"Mnoga djeca vole \u010ditati i lak\u0161e \u0107e i br\u017ee prona\u0107i i uzeti knjigu koja im se svi\u0111a ako se vide korice.U ovom dr\u017ea\u010du za knjige s pohranom va\u0161a djeca mogu samostalno organizirati i uzeti svoje knjige.Uz visinu od 80 cm, knjige se mogu lako sortirati i izvaditi, tako da nije potrebna pomo\u0107 odraslih. Montessori polica stvorena je s ciljem da djetetu omogu\u0107i uredno pohranjivanje svih knjiga, bilje\u017enica, \u010dasopisa, stripova i crte\u017ea. \u010cetiri police dizajnirane prema Montessori metodi, jer su nadohvat ruke djeteta, dostupne bez pote\u0161ko\u0107a.Polica za igra\u010dke je \u010dvrst i siguran komad namje\u0161taja za kori\u0161tenje. Konstrukcija je izra\u0111ena od \u010dvrstog MDF-a i netoksi\u010dnih boja.","robots":{"index":"index","follow":"follow","max-snippet":"max-snippet:-1","max-image-preview":"max-image-preview:large","max-video-preview":"max-video-preview:-1"},"canonical":"https:\/\/inti.hr\/sr\/proizvod\/djecja-polica-za-knjige-80x30x88cm\/","og_locale":"sr_RS","og_type":"article","og_title":"Dje\u010dja polica za knjige 80x30x88cm - Inti","og_description":"Mnoga djeca vole \u010ditati i lak\u0161e \u0107e i br\u017ee prona\u0107i i uzeti knjigu koja im se svi\u0111a ako se vide korice.U ovom dr\u017ea\u010du za knjige s pohranom va\u0161a djeca mogu samostalno organizirati i uzeti svoje knjige.Uz visinu od 80 cm, knjige se mogu lako sortirati i izvaditi, tako da nije potrebna pomo\u0107 odraslih. Montessori polica stvorena je s ciljem da djetetu omogu\u0107i uredno pohranjivanje svih knjiga, bilje\u017enica, \u010dasopisa, stripova i crte\u017ea. \u010cetiri police dizajnirane prema Montessori metodi, jer su nadohvat ruke djeteta, dostupne bez pote\u0161ko\u0107a.Polica za igra\u010dke je \u010dvrst i siguran komad namje\u0161taja za kori\u0161tenje. Konstrukcija je izra\u0111ena od \u010dvrstog MDF-a i netoksi\u010dnih boja.","og_url":"https:\/\/inti.hr\/sr\/proizvod\/djecja-polica-za-knjige-80x30x88cm\/","og_site_name":"Inti","og_image":[{"width":1600,"height":1600,"url":"https:\/\/i0.wp.com\/inti.hr\/wp-content\/uploads\/2025\/03\/KMB32-P-S001_1800x1800.webp?fit=1600%2C1600&ssl=1","type":"image\/webp"}],"twitter_card":"summary_large_image","schema":{"@context":"https:\/\/schema.org","@graph":[{"@type":"WebPage","@id":"https:\/\/inti.hr\/sr\/proizvod\/djecja-polica-za-knjige-80x30x88cm\/","url":"https:\/\/inti.hr\/sr\/proizvod\/djecja-polica-za-knjige-80x30x88cm\/","name":"Dje\u010dja polica za knjige 80x30x88cm - Inti","isPartOf":{"@id":"https:\/\/inti.hr\/sr\/#website"},"primaryImageOfPage":{"@id":"https:\/\/inti.hr\/sr\/proizvod\/djecja-polica-za-knjige-80x30x88cm\/#primaryimage"},"image":{"@id":"https:\/\/inti.hr\/sr\/proizvod\/djecja-polica-za-knjige-80x30x88cm\/#primaryimage"},"thumbnailUrl":"https:\/\/i0.wp.com\/inti.hr\/wp-content\/uploads\/2025\/03\/KMB32-P-S001_1800x1800.webp?fit=1600%2C1600&ssl=1","datePublished":"2025-03-04T14:12:17+00:00","dateModified":"2025-03-04T14:12:17+00:00","description":"Mnoga djeca vole \u010ditati i lak\u0161e \u0107e i br\u017ee prona\u0107i i uzeti knjigu koja im se svi\u0111a ako se vide korice.U ovom dr\u017ea\u010du za knjige s pohranom va\u0161a djeca mogu samostalno organizirati i uzeti svoje knjige.Uz visinu od 80 cm, knjige se mogu lako sortirati i izvaditi, tako da nije potrebna pomo\u0107 odraslih. Montessori polica stvorena je s ciljem da djetetu omogu\u0107i uredno pohranjivanje svih knjiga, bilje\u017enica, \u010dasopisa, stripova i crte\u017ea. \u010cetiri police dizajnirane prema Montessori metodi, jer su nadohvat ruke djeteta, dostupne bez pote\u0161ko\u0107a.Polica za igra\u010dke je \u010dvrst i siguran komad namje\u0161taja za kori\u0161tenje. Konstrukcija je izra\u0111ena od \u010dvrstog MDF-a i netoksi\u010dnih boja.","breadcrumb":{"@id":"https:\/\/inti.hr\/sr\/proizvod\/djecja-polica-za-knjige-80x30x88cm\/#breadcrumb"},"inLanguage":"sr-RS","potentialAction":[{"@type":"ReadAction","target":["https:\/\/inti.hr\/sr\/proizvod\/djecja-polica-za-knjige-80x30x88cm\/"]}]},{"@type":"ImageObject","inLanguage":"sr-RS","@id":"https:\/\/inti.hr\/sr\/proizvod\/djecja-polica-za-knjige-80x30x88cm\/#primaryimage","url":"https:\/\/i0.wp.com\/inti.hr\/wp-content\/uploads\/2025\/03\/KMB32-P-S001_1800x1800.webp?fit=1600%2C1600&ssl=1","contentUrl":"https:\/\/i0.wp.com\/inti.hr\/wp-content\/uploads\/2025\/03\/KMB32-P-S001_1800x1800.webp?fit=1600%2C1600&ssl=1","width":1600,"height":1600,"caption":"SoBuy Dje\u010dja polica za knjige 80x30x88cm KMB32-P"},{"@type":"BreadcrumbList","@id":"https:\/\/inti.hr\/sr\/proizvod\/djecja-polica-za-knjige-80x30x88cm\/#breadcrumb","itemListElement":[{"@type":"ListItem","position":1,"name":"Po\u010detna stranica","item":"https:\/\/inti.hr\/sr\/"},{"@type":"ListItem","position":2,"name":"Prodavnica","item":"https:\/\/inti.hr\/sr\/prodavnica\/"},{"@type":"ListItem","position":3,"name":"Dje\u010dja polica za knjige 80x30x88cm"}]},{"@type":"WebSite","@id":"https:\/\/inti.hr\/sr\/#website","url":"https:\/\/inti.hr\/sr\/","name":"Inti","description":"trgovina","potentialAction":[{"@type":"SearchAction","target":{"@type":"EntryPoint","urlTemplate":"https:\/\/inti.hr\/sr\/?s={search_term_string}"},"query-input":{"@type":"PropertyValueSpecification","valueRequired":true,"valueName":"search_term_string"}}],"inLanguage":"sr-RS"}]}},"jetpack_sharing_enabled":true,"jetpack-related-posts":[],"_links":{"self":[{"href":"https:\/\/inti.hr\/sr\/wp-json\/wp\/v2\/product\/35629"}],"collection":[{"href":"https:\/\/inti.hr\/sr\/wp-json\/wp\/v2\/product"}],"about":[{"href":"https:\/\/inti.hr\/sr\/wp-json\/wp\/v2\/types\/product"}],"wp:featuredmedia":[{"embeddable":true,"href":"https:\/\/inti.hr\/sr\/wp-json\/wp\/v2\/media\/35630"}],"wp:attachment":[{"href":"https:\/\/inti.hr\/sr\/wp-json\/wp\/v2\/media?parent=35629"}],"wp:term":[{"taxonomy":"product_cat","embeddable":true,"href":"https:\/\/inti.hr\/sr\/wp-json\/wp\/v2\/product_cat?post=35629"},{"taxonomy":"product_tag","embeddable":true,"href":"https:\/\/inti.hr\/sr\/wp-json\/wp\/v2\/product_tag?post=35629"}],"curies":[{"name":"wp","href":"https:\/\/api.w.org\/{rel}","templated":true}]}}