{"id":35677,"date":"2025-01-02T14:35:35","date_gmt":"2025-01-02T13:35:35","guid":{"rendered":"https:\/\/inti.hr\/product\/kolica-koja-stede-prostor-20x60x70cm\/"},"modified":"2025-01-02T14:35:35","modified_gmt":"2025-01-02T13:35:35","slug":"kolica-koja-stede-prostor-20x60x70cm","status":"publish","type":"product","link":"https:\/\/inti.hr\/sr\/proizvod\/kolica-koja-stede-prostor-20x60x70cm\/","title":{"rendered":"Kolica koja \u0161tede prostor 20x60x70cm"},"content":{"rendered":"<p>Pojedinosti o proizvodu:<\/p>\n<p>Te\u017eina: oko 15,6 kg.<br \/>\nTestirano za: 19 kg.<br \/>\nMaterijal: PB(E1), Metal.<br \/>\nMjere proizvoda: 20x60x70 cm (vidi sliku).<br \/>\nDimenzije paketa: 72x62x12 cm<br \/>\nS uputama za sastavljanje i vijcima.<br \/>\nJednostavna instalacija.<\/p>\n","protected":false},"excerpt":{"rendered":"<p>Opremljena s 3 prostrane ladice, polica u ni\u0161i nudi dovoljno prostora &#8230; <\/p>\n","protected":false},"featured_media":35678,"template":"","meta":[],"product_cat":[2396],"product_tag":[4573,2522],"yoast_head":"<!-- This site is optimized with the Yoast SEO plugin v23.7 - https:\/\/yoast.com\/wordpress\/plugins\/seo\/ -->\n<title>Kolica koja \u0161tede prostor 20x60x70cm - Inti<\/title>\n<meta name=\"description\" content=\"Opremljena s 3 prostrane ladice, polica u ni\u0161i nudi dovoljno prostora za spremanje raznih predmeta.Gornja plo\u010da slu\u017ei kao elegantan pretinac za pohranu cvije\u0107a ili parfema, stvaraju\u0107i ugodnu atmosferu.Sa samo 20 cm \u0161irine, lako se uklapa u bilo koju ni\u0161u, dodaju\u0107i prostor za pohranu, a da ne zauzima previ\u0161e prostora.4 okretna kota\u010da, od kojih 2 s ko\u010dnicama, \u010dine namje\u0161taj stabilnim i lako prenosivim po potrebi.\" \/>\n<meta name=\"robots\" content=\"index, follow, max-snippet:-1, max-image-preview:large, max-video-preview:-1\" \/>\n<link rel=\"canonical\" href=\"https:\/\/inti.hr\/sr\/proizvod\/kolica-koja-stede-prostor-20x60x70cm\/\" \/>\n<meta property=\"og:locale\" content=\"sr_RS\" \/>\n<meta property=\"og:type\" content=\"article\" \/>\n<meta property=\"og:title\" content=\"Kolica koja \u0161tede prostor 20x60x70cm - Inti\" \/>\n<meta property=\"og:description\" content=\"Opremljena s 3 prostrane ladice, polica u ni\u0161i nudi dovoljno prostora za spremanje raznih predmeta.Gornja plo\u010da slu\u017ei kao elegantan pretinac za pohranu cvije\u0107a ili parfema, stvaraju\u0107i ugodnu atmosferu.Sa samo 20 cm \u0161irine, lako se uklapa u bilo koju ni\u0161u, dodaju\u0107i prostor za pohranu, a da ne zauzima previ\u0161e prostora.4 okretna kota\u010da, od kojih 2 s ko\u010dnicama, \u010dine namje\u0161taj stabilnim i lako prenosivim po potrebi.\" \/>\n<meta property=\"og:url\" content=\"https:\/\/inti.hr\/sr\/proizvod\/kolica-koja-stede-prostor-20x60x70cm\/\" \/>\n<meta property=\"og:site_name\" content=\"Inti\" \/>\n<meta property=\"og:image\" content=\"https:\/\/i0.wp.com\/inti.hr\/wp-content\/uploads\/2025\/01\/BZR183-W-S001_1800x1800.webp?fit=1600%2C1600&ssl=1\" \/>\n\t<meta property=\"og:image:width\" content=\"1600\" \/>\n\t<meta property=\"og:image:height\" content=\"1600\" \/>\n\t<meta property=\"og:image:type\" content=\"image\/webp\" \/>\n<meta name=\"twitter:card\" content=\"summary_large_image\" \/>\n<script type=\"application\/ld+json\" class=\"yoast-schema-graph\">{\"@context\":\"https:\/\/schema.org\",\"@graph\":[{\"@type\":\"WebPage\",\"@id\":\"https:\/\/inti.hr\/sr\/proizvod\/kolica-koja-stede-prostor-20x60x70cm\/\",\"url\":\"https:\/\/inti.hr\/sr\/proizvod\/kolica-koja-stede-prostor-20x60x70cm\/\",\"name\":\"Kolica koja \u0161tede prostor 20x60x70cm - Inti\",\"isPartOf\":{\"@id\":\"https:\/\/inti.hr\/sr\/#website\"},\"primaryImageOfPage\":{\"@id\":\"https:\/\/inti.hr\/sr\/proizvod\/kolica-koja-stede-prostor-20x60x70cm\/#primaryimage\"},\"image\":{\"@id\":\"https:\/\/inti.hr\/sr\/proizvod\/kolica-koja-stede-prostor-20x60x70cm\/#primaryimage\"},\"thumbnailUrl\":\"https:\/\/i0.wp.com\/inti.hr\/wp-content\/uploads\/2025\/01\/BZR183-W-S001_1800x1800.webp?fit=1600%2C1600&ssl=1\",\"datePublished\":\"2025-01-02T13:35:35+00:00\",\"dateModified\":\"2025-01-02T13:35:35+00:00\",\"description\":\"Opremljena s 3 prostrane ladice, polica u ni\u0161i nudi dovoljno prostora za spremanje raznih predmeta.Gornja plo\u010da slu\u017ei kao elegantan pretinac za pohranu cvije\u0107a ili parfema, stvaraju\u0107i ugodnu atmosferu.Sa samo 20 cm \u0161irine, lako se uklapa u bilo koju ni\u0161u, dodaju\u0107i prostor za pohranu, a da ne zauzima previ\u0161e prostora.4 okretna kota\u010da, od kojih 2 s ko\u010dnicama, \u010dine namje\u0161taj stabilnim i lako prenosivim po potrebi.\",\"breadcrumb\":{\"@id\":\"https:\/\/inti.hr\/sr\/proizvod\/kolica-koja-stede-prostor-20x60x70cm\/#breadcrumb\"},\"inLanguage\":\"sr-RS\",\"potentialAction\":[{\"@type\":\"ReadAction\",\"target\":[\"https:\/\/inti.hr\/sr\/proizvod\/kolica-koja-stede-prostor-20x60x70cm\/\"]}]},{\"@type\":\"ImageObject\",\"inLanguage\":\"sr-RS\",\"@id\":\"https:\/\/inti.hr\/sr\/proizvod\/kolica-koja-stede-prostor-20x60x70cm\/#primaryimage\",\"url\":\"https:\/\/i0.wp.com\/inti.hr\/wp-content\/uploads\/2025\/01\/BZR183-W-S001_1800x1800.webp?fit=1600%2C1600&ssl=1\",\"contentUrl\":\"https:\/\/i0.wp.com\/inti.hr\/wp-content\/uploads\/2025\/01\/BZR183-W-S001_1800x1800.webp?fit=1600%2C1600&ssl=1\",\"width\":1600,\"height\":1600,\"caption\":\"SoBuy Kolica koja \u0161tede prostor 20x60x70cm BZR183-W\"},{\"@type\":\"BreadcrumbList\",\"@id\":\"https:\/\/inti.hr\/sr\/proizvod\/kolica-koja-stede-prostor-20x60x70cm\/#breadcrumb\",\"itemListElement\":[{\"@type\":\"ListItem\",\"position\":1,\"name\":\"Po\u010detna stranica\",\"item\":\"https:\/\/inti.hr\/sr\/\"},{\"@type\":\"ListItem\",\"position\":2,\"name\":\"Prodavnica\",\"item\":\"https:\/\/inti.hr\/sr\/prodavnica\/\"},{\"@type\":\"ListItem\",\"position\":3,\"name\":\"Kolica koja \u0161tede prostor 20x60x70cm\"}]},{\"@type\":\"WebSite\",\"@id\":\"https:\/\/inti.hr\/sr\/#website\",\"url\":\"https:\/\/inti.hr\/sr\/\",\"name\":\"Inti\",\"description\":\"trgovina\",\"potentialAction\":[{\"@type\":\"SearchAction\",\"target\":{\"@type\":\"EntryPoint\",\"urlTemplate\":\"https:\/\/inti.hr\/sr\/?s={search_term_string}\"},\"query-input\":{\"@type\":\"PropertyValueSpecification\",\"valueRequired\":true,\"valueName\":\"search_term_string\"}}],\"inLanguage\":\"sr-RS\"}]}<\/script>\n<!-- \/ Yoast SEO plugin. -->","yoast_head_json":{"title":"Kolica koja \u0161tede prostor 20x60x70cm - Inti","description":"Opremljena s 3 prostrane ladice, polica u ni\u0161i nudi dovoljno prostora za spremanje raznih predmeta.Gornja plo\u010da slu\u017ei kao elegantan pretinac za pohranu cvije\u0107a ili parfema, stvaraju\u0107i ugodnu atmosferu.Sa samo 20 cm \u0161irine, lako se uklapa u bilo koju ni\u0161u, dodaju\u0107i prostor za pohranu, a da ne zauzima previ\u0161e prostora.4 okretna kota\u010da, od kojih 2 s ko\u010dnicama, \u010dine namje\u0161taj stabilnim i lako prenosivim po potrebi.","robots":{"index":"index","follow":"follow","max-snippet":"max-snippet:-1","max-image-preview":"max-image-preview:large","max-video-preview":"max-video-preview:-1"},"canonical":"https:\/\/inti.hr\/sr\/proizvod\/kolica-koja-stede-prostor-20x60x70cm\/","og_locale":"sr_RS","og_type":"article","og_title":"Kolica koja \u0161tede prostor 20x60x70cm - Inti","og_description":"Opremljena s 3 prostrane ladice, polica u ni\u0161i nudi dovoljno prostora za spremanje raznih predmeta.Gornja plo\u010da slu\u017ei kao elegantan pretinac za pohranu cvije\u0107a ili parfema, stvaraju\u0107i ugodnu atmosferu.Sa samo 20 cm \u0161irine, lako se uklapa u bilo koju ni\u0161u, dodaju\u0107i prostor za pohranu, a da ne zauzima previ\u0161e prostora.4 okretna kota\u010da, od kojih 2 s ko\u010dnicama, \u010dine namje\u0161taj stabilnim i lako prenosivim po potrebi.","og_url":"https:\/\/inti.hr\/sr\/proizvod\/kolica-koja-stede-prostor-20x60x70cm\/","og_site_name":"Inti","og_image":[{"width":1600,"height":1600,"url":"https:\/\/i0.wp.com\/inti.hr\/wp-content\/uploads\/2025\/01\/BZR183-W-S001_1800x1800.webp?fit=1600%2C1600&ssl=1","type":"image\/webp"}],"twitter_card":"summary_large_image","schema":{"@context":"https:\/\/schema.org","@graph":[{"@type":"WebPage","@id":"https:\/\/inti.hr\/sr\/proizvod\/kolica-koja-stede-prostor-20x60x70cm\/","url":"https:\/\/inti.hr\/sr\/proizvod\/kolica-koja-stede-prostor-20x60x70cm\/","name":"Kolica koja \u0161tede prostor 20x60x70cm - Inti","isPartOf":{"@id":"https:\/\/inti.hr\/sr\/#website"},"primaryImageOfPage":{"@id":"https:\/\/inti.hr\/sr\/proizvod\/kolica-koja-stede-prostor-20x60x70cm\/#primaryimage"},"image":{"@id":"https:\/\/inti.hr\/sr\/proizvod\/kolica-koja-stede-prostor-20x60x70cm\/#primaryimage"},"thumbnailUrl":"https:\/\/i0.wp.com\/inti.hr\/wp-content\/uploads\/2025\/01\/BZR183-W-S001_1800x1800.webp?fit=1600%2C1600&ssl=1","datePublished":"2025-01-02T13:35:35+00:00","dateModified":"2025-01-02T13:35:35+00:00","description":"Opremljena s 3 prostrane ladice, polica u ni\u0161i nudi dovoljno prostora za spremanje raznih predmeta.Gornja plo\u010da slu\u017ei kao elegantan pretinac za pohranu cvije\u0107a ili parfema, stvaraju\u0107i ugodnu atmosferu.Sa samo 20 cm \u0161irine, lako se uklapa u bilo koju ni\u0161u, dodaju\u0107i prostor za pohranu, a da ne zauzima previ\u0161e prostora.4 okretna kota\u010da, od kojih 2 s ko\u010dnicama, \u010dine namje\u0161taj stabilnim i lako prenosivim po potrebi.","breadcrumb":{"@id":"https:\/\/inti.hr\/sr\/proizvod\/kolica-koja-stede-prostor-20x60x70cm\/#breadcrumb"},"inLanguage":"sr-RS","potentialAction":[{"@type":"ReadAction","target":["https:\/\/inti.hr\/sr\/proizvod\/kolica-koja-stede-prostor-20x60x70cm\/"]}]},{"@type":"ImageObject","inLanguage":"sr-RS","@id":"https:\/\/inti.hr\/sr\/proizvod\/kolica-koja-stede-prostor-20x60x70cm\/#primaryimage","url":"https:\/\/i0.wp.com\/inti.hr\/wp-content\/uploads\/2025\/01\/BZR183-W-S001_1800x1800.webp?fit=1600%2C1600&ssl=1","contentUrl":"https:\/\/i0.wp.com\/inti.hr\/wp-content\/uploads\/2025\/01\/BZR183-W-S001_1800x1800.webp?fit=1600%2C1600&ssl=1","width":1600,"height":1600,"caption":"SoBuy Kolica koja \u0161tede prostor 20x60x70cm BZR183-W"},{"@type":"BreadcrumbList","@id":"https:\/\/inti.hr\/sr\/proizvod\/kolica-koja-stede-prostor-20x60x70cm\/#breadcrumb","itemListElement":[{"@type":"ListItem","position":1,"name":"Po\u010detna stranica","item":"https:\/\/inti.hr\/sr\/"},{"@type":"ListItem","position":2,"name":"Prodavnica","item":"https:\/\/inti.hr\/sr\/prodavnica\/"},{"@type":"ListItem","position":3,"name":"Kolica koja \u0161tede prostor 20x60x70cm"}]},{"@type":"WebSite","@id":"https:\/\/inti.hr\/sr\/#website","url":"https:\/\/inti.hr\/sr\/","name":"Inti","description":"trgovina","potentialAction":[{"@type":"SearchAction","target":{"@type":"EntryPoint","urlTemplate":"https:\/\/inti.hr\/sr\/?s={search_term_string}"},"query-input":{"@type":"PropertyValueSpecification","valueRequired":true,"valueName":"search_term_string"}}],"inLanguage":"sr-RS"}]}},"jetpack_sharing_enabled":true,"jetpack-related-posts":[],"_links":{"self":[{"href":"https:\/\/inti.hr\/sr\/wp-json\/wp\/v2\/product\/35677"}],"collection":[{"href":"https:\/\/inti.hr\/sr\/wp-json\/wp\/v2\/product"}],"about":[{"href":"https:\/\/inti.hr\/sr\/wp-json\/wp\/v2\/types\/product"}],"wp:featuredmedia":[{"embeddable":true,"href":"https:\/\/inti.hr\/sr\/wp-json\/wp\/v2\/media\/35678"}],"wp:attachment":[{"href":"https:\/\/inti.hr\/sr\/wp-json\/wp\/v2\/media?parent=35677"}],"wp:term":[{"taxonomy":"product_cat","embeddable":true,"href":"https:\/\/inti.hr\/sr\/wp-json\/wp\/v2\/product_cat?post=35677"},{"taxonomy":"product_tag","embeddable":true,"href":"https:\/\/inti.hr\/sr\/wp-json\/wp\/v2\/product_tag?post=35677"}],"curies":[{"name":"wp","href":"https:\/\/api.w.org\/{rel}","templated":true}]}}