{"id":35681,"date":"2025-01-02T14:28:46","date_gmt":"2025-01-02T13:28:46","guid":{"rendered":"https:\/\/inti.hr\/product\/kupaonski-stup-65x32x170cm\/"},"modified":"2025-01-02T14:28:46","modified_gmt":"2025-01-02T13:28:46","slug":"kupaonski-stup-65x32x170cm","status":"publish","type":"product","link":"https:\/\/inti.hr\/sr\/proizvod\/kupaonski-stup-65x32x170cm\/","title":{"rendered":"Kupaonski stup  65x32x170cm"},"content":{"rendered":"<p>Pojedinosti o proizvodu:<\/p>\n<p>Te\u017eina: pribli\u017eno 36,03 kg.<br \/>\nTestirano za: 52 kg.<br \/>\nMaterijal: PB(E1), Metal.<br \/>\nMjere proizvoda: 65x32x170 cm (vidi sliku).<br \/>\nIsporuka: u 2 paketa.<br \/>\nDimenzije paketa A: 91x41x19 cm.<br \/>\nMjere paketa B: 90x41x19 cm.<br \/>\nS uputama za sastavljanje i vijcima. Jednostavna instalacija.<\/p>\n","protected":false},"excerpt":{"rendered":"<p><span>Tri otvorena odjeljka pru\u017eaju dovoljno prostora za spremanje ru\u010dnika, proizvoda za &#8230; <\/p>\n","protected":false},"featured_media":35682,"template":"","meta":[],"product_cat":[2396],"product_tag":[2522,3011],"yoast_head":"<!-- This site is optimized with the Yoast SEO plugin v23.7 - https:\/\/yoast.com\/wordpress\/plugins\/seo\/ -->\n<title>Kupaonski stup 65x32x170cm - Inti<\/title>\n<meta name=\"description\" content=\"Tri otvorena odjeljka pru\u017eaju dovoljno prostora za spremanje ru\u010dnika, proizvoda za njegu i ostalih kupaonskih potrep\u0161tina.Zatvoreni dio s vratima omogu\u0107uje skrivanje prljavog rublja, organiziraju\u0107i ga fleksibilno i uvijek nadohvat ruke.Klasi\u010dna bijela boja u kombinaciji sa zlatnim metalnim ru\u010dkama daje moderan i elegantan izgled, savr\u0161en za svako okru\u017eenje.Na\u0161 proizvod je opremljen s 2 ure\u0111aja protiv prevrtanja za pri\u010dvr\u0161\u0107ivanje namje\u0161taja na zid. Naljepnice za rupe koje pokrivaju vijke su uklju\u010dene.Ovaj proizvod dolazi u pakiranju sa\u0107a koje se mo\u017ee 100% reciklirati, \u0161to ga \u010dini sigurnim i pouzdanim za kori\u0161tenje.\" \/>\n<meta name=\"robots\" content=\"index, follow, max-snippet:-1, max-image-preview:large, max-video-preview:-1\" \/>\n<link rel=\"canonical\" href=\"https:\/\/inti.hr\/sr\/proizvod\/kupaonski-stup-65x32x170cm\/\" \/>\n<meta property=\"og:locale\" content=\"sr_RS\" \/>\n<meta property=\"og:type\" content=\"article\" \/>\n<meta property=\"og:title\" content=\"Kupaonski stup 65x32x170cm - Inti\" \/>\n<meta property=\"og:description\" content=\"Tri otvorena odjeljka pru\u017eaju dovoljno prostora za spremanje ru\u010dnika, proizvoda za njegu i ostalih kupaonskih potrep\u0161tina.Zatvoreni dio s vratima omogu\u0107uje skrivanje prljavog rublja, organiziraju\u0107i ga fleksibilno i uvijek nadohvat ruke.Klasi\u010dna bijela boja u kombinaciji sa zlatnim metalnim ru\u010dkama daje moderan i elegantan izgled, savr\u0161en za svako okru\u017eenje.Na\u0161 proizvod je opremljen s 2 ure\u0111aja protiv prevrtanja za pri\u010dvr\u0161\u0107ivanje namje\u0161taja na zid. Naljepnice za rupe koje pokrivaju vijke su uklju\u010dene.Ovaj proizvod dolazi u pakiranju sa\u0107a koje se mo\u017ee 100% reciklirati, \u0161to ga \u010dini sigurnim i pouzdanim za kori\u0161tenje.\" \/>\n<meta property=\"og:url\" content=\"https:\/\/inti.hr\/sr\/proizvod\/kupaonski-stup-65x32x170cm\/\" \/>\n<meta property=\"og:site_name\" content=\"Inti\" \/>\n<meta property=\"og:image\" content=\"https:\/\/i0.wp.com\/inti.hr\/wp-content\/uploads\/2025\/01\/BZR182-W-Y003_860x.webp?fit=860%2C860&ssl=1\" \/>\n\t<meta property=\"og:image:width\" content=\"860\" \/>\n\t<meta property=\"og:image:height\" content=\"860\" \/>\n\t<meta property=\"og:image:type\" content=\"image\/webp\" \/>\n<meta name=\"twitter:card\" content=\"summary_large_image\" \/>\n<script type=\"application\/ld+json\" class=\"yoast-schema-graph\">{\"@context\":\"https:\/\/schema.org\",\"@graph\":[{\"@type\":\"WebPage\",\"@id\":\"https:\/\/inti.hr\/sr\/proizvod\/kupaonski-stup-65x32x170cm\/\",\"url\":\"https:\/\/inti.hr\/sr\/proizvod\/kupaonski-stup-65x32x170cm\/\",\"name\":\"Kupaonski stup 65x32x170cm - Inti\",\"isPartOf\":{\"@id\":\"https:\/\/inti.hr\/sr\/#website\"},\"primaryImageOfPage\":{\"@id\":\"https:\/\/inti.hr\/sr\/proizvod\/kupaonski-stup-65x32x170cm\/#primaryimage\"},\"image\":{\"@id\":\"https:\/\/inti.hr\/sr\/proizvod\/kupaonski-stup-65x32x170cm\/#primaryimage\"},\"thumbnailUrl\":\"https:\/\/i0.wp.com\/inti.hr\/wp-content\/uploads\/2025\/01\/BZR182-W-Y003_860x.webp?fit=860%2C860&ssl=1\",\"datePublished\":\"2025-01-02T13:28:46+00:00\",\"dateModified\":\"2025-01-02T13:28:46+00:00\",\"description\":\"Tri otvorena odjeljka pru\u017eaju dovoljno prostora za spremanje ru\u010dnika, proizvoda za njegu i ostalih kupaonskih potrep\u0161tina.Zatvoreni dio s vratima omogu\u0107uje skrivanje prljavog rublja, organiziraju\u0107i ga fleksibilno i uvijek nadohvat ruke.Klasi\u010dna bijela boja u kombinaciji sa zlatnim metalnim ru\u010dkama daje moderan i elegantan izgled, savr\u0161en za svako okru\u017eenje.Na\u0161 proizvod je opremljen s 2 ure\u0111aja protiv prevrtanja za pri\u010dvr\u0161\u0107ivanje namje\u0161taja na zid. Naljepnice za rupe koje pokrivaju vijke su uklju\u010dene.Ovaj proizvod dolazi u pakiranju sa\u0107a koje se mo\u017ee 100% reciklirati, \u0161to ga \u010dini sigurnim i pouzdanim za kori\u0161tenje.\",\"breadcrumb\":{\"@id\":\"https:\/\/inti.hr\/sr\/proizvod\/kupaonski-stup-65x32x170cm\/#breadcrumb\"},\"inLanguage\":\"sr-RS\",\"potentialAction\":[{\"@type\":\"ReadAction\",\"target\":[\"https:\/\/inti.hr\/sr\/proizvod\/kupaonski-stup-65x32x170cm\/\"]}]},{\"@type\":\"ImageObject\",\"inLanguage\":\"sr-RS\",\"@id\":\"https:\/\/inti.hr\/sr\/proizvod\/kupaonski-stup-65x32x170cm\/#primaryimage\",\"url\":\"https:\/\/i0.wp.com\/inti.hr\/wp-content\/uploads\/2025\/01\/BZR182-W-Y003_860x.webp?fit=860%2C860&ssl=1\",\"contentUrl\":\"https:\/\/i0.wp.com\/inti.hr\/wp-content\/uploads\/2025\/01\/BZR182-W-Y003_860x.webp?fit=860%2C860&ssl=1\",\"width\":860,\"height\":860,\"caption\":\"SoBuy Kupaonski stup s dr\u017ea\u010dem za posteljinu 65x32x170cm BZR182-W\"},{\"@type\":\"BreadcrumbList\",\"@id\":\"https:\/\/inti.hr\/sr\/proizvod\/kupaonski-stup-65x32x170cm\/#breadcrumb\",\"itemListElement\":[{\"@type\":\"ListItem\",\"position\":1,\"name\":\"Po\u010detna stranica\",\"item\":\"https:\/\/inti.hr\/sr\/\"},{\"@type\":\"ListItem\",\"position\":2,\"name\":\"Prodavnica\",\"item\":\"https:\/\/inti.hr\/sr\/prodavnica\/\"},{\"@type\":\"ListItem\",\"position\":3,\"name\":\"Kupaonski stup 65x32x170cm\"}]},{\"@type\":\"WebSite\",\"@id\":\"https:\/\/inti.hr\/sr\/#website\",\"url\":\"https:\/\/inti.hr\/sr\/\",\"name\":\"Inti\",\"description\":\"trgovina\",\"potentialAction\":[{\"@type\":\"SearchAction\",\"target\":{\"@type\":\"EntryPoint\",\"urlTemplate\":\"https:\/\/inti.hr\/sr\/?s={search_term_string}\"},\"query-input\":{\"@type\":\"PropertyValueSpecification\",\"valueRequired\":true,\"valueName\":\"search_term_string\"}}],\"inLanguage\":\"sr-RS\"}]}<\/script>\n<!-- \/ Yoast SEO plugin. -->","yoast_head_json":{"title":"Kupaonski stup 65x32x170cm - Inti","description":"Tri otvorena odjeljka pru\u017eaju dovoljno prostora za spremanje ru\u010dnika, proizvoda za njegu i ostalih kupaonskih potrep\u0161tina.Zatvoreni dio s vratima omogu\u0107uje skrivanje prljavog rublja, organiziraju\u0107i ga fleksibilno i uvijek nadohvat ruke.Klasi\u010dna bijela boja u kombinaciji sa zlatnim metalnim ru\u010dkama daje moderan i elegantan izgled, savr\u0161en za svako okru\u017eenje.Na\u0161 proizvod je opremljen s 2 ure\u0111aja protiv prevrtanja za pri\u010dvr\u0161\u0107ivanje namje\u0161taja na zid. Naljepnice za rupe koje pokrivaju vijke su uklju\u010dene.Ovaj proizvod dolazi u pakiranju sa\u0107a koje se mo\u017ee 100% reciklirati, \u0161to ga \u010dini sigurnim i pouzdanim za kori\u0161tenje.","robots":{"index":"index","follow":"follow","max-snippet":"max-snippet:-1","max-image-preview":"max-image-preview:large","max-video-preview":"max-video-preview:-1"},"canonical":"https:\/\/inti.hr\/sr\/proizvod\/kupaonski-stup-65x32x170cm\/","og_locale":"sr_RS","og_type":"article","og_title":"Kupaonski stup 65x32x170cm - Inti","og_description":"Tri otvorena odjeljka pru\u017eaju dovoljno prostora za spremanje ru\u010dnika, proizvoda za njegu i ostalih kupaonskih potrep\u0161tina.Zatvoreni dio s vratima omogu\u0107uje skrivanje prljavog rublja, organiziraju\u0107i ga fleksibilno i uvijek nadohvat ruke.Klasi\u010dna bijela boja u kombinaciji sa zlatnim metalnim ru\u010dkama daje moderan i elegantan izgled, savr\u0161en za svako okru\u017eenje.Na\u0161 proizvod je opremljen s 2 ure\u0111aja protiv prevrtanja za pri\u010dvr\u0161\u0107ivanje namje\u0161taja na zid. Naljepnice za rupe koje pokrivaju vijke su uklju\u010dene.Ovaj proizvod dolazi u pakiranju sa\u0107a koje se mo\u017ee 100% reciklirati, \u0161to ga \u010dini sigurnim i pouzdanim za kori\u0161tenje.","og_url":"https:\/\/inti.hr\/sr\/proizvod\/kupaonski-stup-65x32x170cm\/","og_site_name":"Inti","og_image":[{"width":860,"height":860,"url":"https:\/\/i0.wp.com\/inti.hr\/wp-content\/uploads\/2025\/01\/BZR182-W-Y003_860x.webp?fit=860%2C860&ssl=1","type":"image\/webp"}],"twitter_card":"summary_large_image","schema":{"@context":"https:\/\/schema.org","@graph":[{"@type":"WebPage","@id":"https:\/\/inti.hr\/sr\/proizvod\/kupaonski-stup-65x32x170cm\/","url":"https:\/\/inti.hr\/sr\/proizvod\/kupaonski-stup-65x32x170cm\/","name":"Kupaonski stup 65x32x170cm - Inti","isPartOf":{"@id":"https:\/\/inti.hr\/sr\/#website"},"primaryImageOfPage":{"@id":"https:\/\/inti.hr\/sr\/proizvod\/kupaonski-stup-65x32x170cm\/#primaryimage"},"image":{"@id":"https:\/\/inti.hr\/sr\/proizvod\/kupaonski-stup-65x32x170cm\/#primaryimage"},"thumbnailUrl":"https:\/\/i0.wp.com\/inti.hr\/wp-content\/uploads\/2025\/01\/BZR182-W-Y003_860x.webp?fit=860%2C860&ssl=1","datePublished":"2025-01-02T13:28:46+00:00","dateModified":"2025-01-02T13:28:46+00:00","description":"Tri otvorena odjeljka pru\u017eaju dovoljno prostora za spremanje ru\u010dnika, proizvoda za njegu i ostalih kupaonskih potrep\u0161tina.Zatvoreni dio s vratima omogu\u0107uje skrivanje prljavog rublja, organiziraju\u0107i ga fleksibilno i uvijek nadohvat ruke.Klasi\u010dna bijela boja u kombinaciji sa zlatnim metalnim ru\u010dkama daje moderan i elegantan izgled, savr\u0161en za svako okru\u017eenje.Na\u0161 proizvod je opremljen s 2 ure\u0111aja protiv prevrtanja za pri\u010dvr\u0161\u0107ivanje namje\u0161taja na zid. Naljepnice za rupe koje pokrivaju vijke su uklju\u010dene.Ovaj proizvod dolazi u pakiranju sa\u0107a koje se mo\u017ee 100% reciklirati, \u0161to ga \u010dini sigurnim i pouzdanim za kori\u0161tenje.","breadcrumb":{"@id":"https:\/\/inti.hr\/sr\/proizvod\/kupaonski-stup-65x32x170cm\/#breadcrumb"},"inLanguage":"sr-RS","potentialAction":[{"@type":"ReadAction","target":["https:\/\/inti.hr\/sr\/proizvod\/kupaonski-stup-65x32x170cm\/"]}]},{"@type":"ImageObject","inLanguage":"sr-RS","@id":"https:\/\/inti.hr\/sr\/proizvod\/kupaonski-stup-65x32x170cm\/#primaryimage","url":"https:\/\/i0.wp.com\/inti.hr\/wp-content\/uploads\/2025\/01\/BZR182-W-Y003_860x.webp?fit=860%2C860&ssl=1","contentUrl":"https:\/\/i0.wp.com\/inti.hr\/wp-content\/uploads\/2025\/01\/BZR182-W-Y003_860x.webp?fit=860%2C860&ssl=1","width":860,"height":860,"caption":"SoBuy Kupaonski stup s dr\u017ea\u010dem za posteljinu 65x32x170cm BZR182-W"},{"@type":"BreadcrumbList","@id":"https:\/\/inti.hr\/sr\/proizvod\/kupaonski-stup-65x32x170cm\/#breadcrumb","itemListElement":[{"@type":"ListItem","position":1,"name":"Po\u010detna stranica","item":"https:\/\/inti.hr\/sr\/"},{"@type":"ListItem","position":2,"name":"Prodavnica","item":"https:\/\/inti.hr\/sr\/prodavnica\/"},{"@type":"ListItem","position":3,"name":"Kupaonski stup 65x32x170cm"}]},{"@type":"WebSite","@id":"https:\/\/inti.hr\/sr\/#website","url":"https:\/\/inti.hr\/sr\/","name":"Inti","description":"trgovina","potentialAction":[{"@type":"SearchAction","target":{"@type":"EntryPoint","urlTemplate":"https:\/\/inti.hr\/sr\/?s={search_term_string}"},"query-input":{"@type":"PropertyValueSpecification","valueRequired":true,"valueName":"search_term_string"}}],"inLanguage":"sr-RS"}]}},"jetpack_sharing_enabled":true,"jetpack-related-posts":[],"_links":{"self":[{"href":"https:\/\/inti.hr\/sr\/wp-json\/wp\/v2\/product\/35681"}],"collection":[{"href":"https:\/\/inti.hr\/sr\/wp-json\/wp\/v2\/product"}],"about":[{"href":"https:\/\/inti.hr\/sr\/wp-json\/wp\/v2\/types\/product"}],"wp:featuredmedia":[{"embeddable":true,"href":"https:\/\/inti.hr\/sr\/wp-json\/wp\/v2\/media\/35682"}],"wp:attachment":[{"href":"https:\/\/inti.hr\/sr\/wp-json\/wp\/v2\/media?parent=35681"}],"wp:term":[{"taxonomy":"product_cat","embeddable":true,"href":"https:\/\/inti.hr\/sr\/wp-json\/wp\/v2\/product_cat?post=35681"},{"taxonomy":"product_tag","embeddable":true,"href":"https:\/\/inti.hr\/sr\/wp-json\/wp\/v2\/product_tag?post=35681"}],"curies":[{"name":"wp","href":"https:\/\/api.w.org\/{rel}","templated":true}]}}