{"id":35711,"date":"2025-01-02T11:05:49","date_gmt":"2025-01-02T10:05:49","guid":{"rendered":"https:\/\/inti.hr\/product\/ormaric-za-nakit-s-led-rasvjetom-i-oblak-bijelim-ogledalom\/"},"modified":"2025-01-02T11:05:49","modified_gmt":"2025-01-02T10:05:49","slug":"ormaric-za-nakit-s-led-rasvjetom-i-oblak-bijelim-ogledalom","status":"publish","type":"product","link":"https:\/\/inti.hr\/sr\/proizvod\/ormaric-za-nakit-s-led-rasvjetom-i-oblak-bijelim-ogledalom\/","title":{"rendered":"Ormari\u0107 za nakit s LED rasvjetom i oblak bijelim ogledalom"},"content":{"rendered":"<p>Detalji proizvoda:<br \/>\nBoja: oblak bijela<br \/>\nMaterijal: MDF (plo\u010da srednje gusto\u0107e), PS plastika, bar\u0161un, staklo, \u010delik<br \/>\nUkupna veli\u010dina: 55 x 55 x 159 cm (D x \u0160 x V)<br \/>\nVeli\u010dina ogledala u punoj veli\u010dini: 37 x 155 cm (\u0160 x V)<br \/>\nTe\u017eina: 21,9 kg<\/p>\n","protected":false},"excerpt":{"rendered":"<p>Ovaj ormari\u0107 za nakit ima ogledalo u punoj veli\u010dini s 3 &#8230; <\/p>\n","protected":false},"featured_media":35712,"template":"","meta":[],"product_cat":[2893],"product_tag":[4585,2398],"yoast_head":"<!-- This site is optimized with the Yoast SEO plugin v23.7 - https:\/\/yoast.com\/wordpress\/plugins\/seo\/ -->\n<title>Ormari\u0107 za nakit s LED rasvjetom i oblak bijelim ogledalom - Inti<\/title>\n<meta name=\"description\" content=\"Ovaj ormari\u0107 za nakit ima ogledalo u punoj veli\u010dini s 3 razine svjetline i funkcijom memorije. Kontrole na dodir omogu\u0107uju vam odabir odgovaraju\u0107eg osvjetljenja, omogu\u0107uju\u0107i vam da detaljnije provjerite svoj izgled. \u00a0Iza vrata nalazi se mini toaletni stoli\u0107, ogledalo za \u0161minkanje, LED svjetla i preklopna polica - zgodno za \u0161minkanje, nano\u0161enje nakita i provjeru \u0161minke. Tijelo ormari\u0107a isporu\u010duje se unaprijed sastavljeno. Sve \u0161to trebate u\u010diniti je pri\u010dvrstiti bazu i police sa stra\u017enje strane! Tada mo\u017eete odmah po\u010deti organizirati svoj nakit i kozmetiku. 108 otvora za nau\u0161nice, 36 otvora za nau\u0161nice, 36 kukica za ogrlice, 3 \u0161ipke za narukvice, 78 otvora za prstenje, 1 PVC d\u017eep, 5 unutarnjih polica i 3 stra\u017enje police - sve ima svoje mjesto. Visokokvalitetne MDF plo\u010de osiguravaju dug \u017eivotni vijek; mekana bar\u0161unasta podstava \u0161titi va\u0161 nakit od ogrebotina; 2 klju\u010da dr\u017ee neovla\u0161tene ruke dalje od va\u0161eg blaga - tako pouzdano!\" \/>\n<meta name=\"robots\" content=\"index, follow, max-snippet:-1, max-image-preview:large, max-video-preview:-1\" \/>\n<link rel=\"canonical\" href=\"https:\/\/inti.hr\/sr\/proizvod\/ormaric-za-nakit-s-led-rasvjetom-i-oblak-bijelim-ogledalom\/\" \/>\n<meta property=\"og:locale\" content=\"sr_RS\" \/>\n<meta property=\"og:type\" content=\"article\" \/>\n<meta property=\"og:title\" content=\"Ormari\u0107 za nakit s LED rasvjetom i oblak bijelim ogledalom - Inti\" \/>\n<meta property=\"og:description\" content=\"Ovaj ormari\u0107 za nakit ima ogledalo u punoj veli\u010dini s 3 razine svjetline i funkcijom memorije. Kontrole na dodir omogu\u0107uju vam odabir odgovaraju\u0107eg osvjetljenja, omogu\u0107uju\u0107i vam da detaljnije provjerite svoj izgled. \u00a0Iza vrata nalazi se mini toaletni stoli\u0107, ogledalo za \u0161minkanje, LED svjetla i preklopna polica - zgodno za \u0161minkanje, nano\u0161enje nakita i provjeru \u0161minke. Tijelo ormari\u0107a isporu\u010duje se unaprijed sastavljeno. Sve \u0161to trebate u\u010diniti je pri\u010dvrstiti bazu i police sa stra\u017enje strane! Tada mo\u017eete odmah po\u010deti organizirati svoj nakit i kozmetiku. 108 otvora za nau\u0161nice, 36 otvora za nau\u0161nice, 36 kukica za ogrlice, 3 \u0161ipke za narukvice, 78 otvora za prstenje, 1 PVC d\u017eep, 5 unutarnjih polica i 3 stra\u017enje police - sve ima svoje mjesto. Visokokvalitetne MDF plo\u010de osiguravaju dug \u017eivotni vijek; mekana bar\u0161unasta podstava \u0161titi va\u0161 nakit od ogrebotina; 2 klju\u010da dr\u017ee neovla\u0161tene ruke dalje od va\u0161eg blaga - tako pouzdano!\" \/>\n<meta property=\"og:url\" content=\"https:\/\/inti.hr\/sr\/proizvod\/ormaric-za-nakit-s-led-rasvjetom-i-oblak-bijelim-ogledalom\/\" \/>\n<meta property=\"og:site_name\" content=\"Inti\" \/>\n<meta property=\"og:image\" content=\"https:\/\/i0.wp.com\/inti.hr\/wp-content\/uploads\/2025\/01\/2025.jpg?fit=1000%2C1000&ssl=1\" \/>\n\t<meta property=\"og:image:width\" content=\"1000\" \/>\n\t<meta property=\"og:image:height\" content=\"1000\" \/>\n\t<meta property=\"og:image:type\" content=\"image\/jpeg\" \/>\n<meta name=\"twitter:card\" content=\"summary_large_image\" \/>\n<script type=\"application\/ld+json\" class=\"yoast-schema-graph\">{\"@context\":\"https:\/\/schema.org\",\"@graph\":[{\"@type\":\"WebPage\",\"@id\":\"https:\/\/inti.hr\/sr\/proizvod\/ormaric-za-nakit-s-led-rasvjetom-i-oblak-bijelim-ogledalom\/\",\"url\":\"https:\/\/inti.hr\/sr\/proizvod\/ormaric-za-nakit-s-led-rasvjetom-i-oblak-bijelim-ogledalom\/\",\"name\":\"Ormari\u0107 za nakit s LED rasvjetom i oblak bijelim ogledalom - Inti\",\"isPartOf\":{\"@id\":\"https:\/\/inti.hr\/sr\/#website\"},\"primaryImageOfPage\":{\"@id\":\"https:\/\/inti.hr\/sr\/proizvod\/ormaric-za-nakit-s-led-rasvjetom-i-oblak-bijelim-ogledalom\/#primaryimage\"},\"image\":{\"@id\":\"https:\/\/inti.hr\/sr\/proizvod\/ormaric-za-nakit-s-led-rasvjetom-i-oblak-bijelim-ogledalom\/#primaryimage\"},\"thumbnailUrl\":\"https:\/\/i0.wp.com\/inti.hr\/wp-content\/uploads\/2025\/01\/2025.jpg?fit=1000%2C1000&ssl=1\",\"datePublished\":\"2025-01-02T10:05:49+00:00\",\"dateModified\":\"2025-01-02T10:05:49+00:00\",\"description\":\"Ovaj ormari\u0107 za nakit ima ogledalo u punoj veli\u010dini s 3 razine svjetline i funkcijom memorije. Kontrole na dodir omogu\u0107uju vam odabir odgovaraju\u0107eg osvjetljenja, omogu\u0107uju\u0107i vam da detaljnije provjerite svoj izgled. \u00a0Iza vrata nalazi se mini toaletni stoli\u0107, ogledalo za \u0161minkanje, LED svjetla i preklopna polica - zgodno za \u0161minkanje, nano\u0161enje nakita i provjeru \u0161minke. Tijelo ormari\u0107a isporu\u010duje se unaprijed sastavljeno. Sve \u0161to trebate u\u010diniti je pri\u010dvrstiti bazu i police sa stra\u017enje strane! Tada mo\u017eete odmah po\u010deti organizirati svoj nakit i kozmetiku. 108 otvora za nau\u0161nice, 36 otvora za nau\u0161nice, 36 kukica za ogrlice, 3 \u0161ipke za narukvice, 78 otvora za prstenje, 1 PVC d\u017eep, 5 unutarnjih polica i 3 stra\u017enje police - sve ima svoje mjesto. Visokokvalitetne MDF plo\u010de osiguravaju dug \u017eivotni vijek; mekana bar\u0161unasta podstava \u0161titi va\u0161 nakit od ogrebotina; 2 klju\u010da dr\u017ee neovla\u0161tene ruke dalje od va\u0161eg blaga - tako pouzdano!\",\"breadcrumb\":{\"@id\":\"https:\/\/inti.hr\/sr\/proizvod\/ormaric-za-nakit-s-led-rasvjetom-i-oblak-bijelim-ogledalom\/#breadcrumb\"},\"inLanguage\":\"sr-RS\",\"potentialAction\":[{\"@type\":\"ReadAction\",\"target\":[\"https:\/\/inti.hr\/sr\/proizvod\/ormaric-za-nakit-s-led-rasvjetom-i-oblak-bijelim-ogledalom\/\"]}]},{\"@type\":\"ImageObject\",\"inLanguage\":\"sr-RS\",\"@id\":\"https:\/\/inti.hr\/sr\/proizvod\/ormaric-za-nakit-s-led-rasvjetom-i-oblak-bijelim-ogledalom\/#primaryimage\",\"url\":\"https:\/\/i0.wp.com\/inti.hr\/wp-content\/uploads\/2025\/01\/2025.jpg?fit=1000%2C1000&ssl=1\",\"contentUrl\":\"https:\/\/i0.wp.com\/inti.hr\/wp-content\/uploads\/2025\/01\/2025.jpg?fit=1000%2C1000&ssl=1\",\"width\":1000,\"height\":1000,\"caption\":\"SONGMICS ormari\u0107 za nakit s LED rasvjetom i oblak bijelim ogledalom\"},{\"@type\":\"BreadcrumbList\",\"@id\":\"https:\/\/inti.hr\/sr\/proizvod\/ormaric-za-nakit-s-led-rasvjetom-i-oblak-bijelim-ogledalom\/#breadcrumb\",\"itemListElement\":[{\"@type\":\"ListItem\",\"position\":1,\"name\":\"Po\u010detna stranica\",\"item\":\"https:\/\/inti.hr\/sr\/\"},{\"@type\":\"ListItem\",\"position\":2,\"name\":\"Prodavnica\",\"item\":\"https:\/\/inti.hr\/sr\/prodavnica\/\"},{\"@type\":\"ListItem\",\"position\":3,\"name\":\"Ormari\u0107 za nakit s LED rasvjetom i oblak bijelim ogledalom\"}]},{\"@type\":\"WebSite\",\"@id\":\"https:\/\/inti.hr\/sr\/#website\",\"url\":\"https:\/\/inti.hr\/sr\/\",\"name\":\"Inti\",\"description\":\"trgovina\",\"potentialAction\":[{\"@type\":\"SearchAction\",\"target\":{\"@type\":\"EntryPoint\",\"urlTemplate\":\"https:\/\/inti.hr\/sr\/?s={search_term_string}\"},\"query-input\":{\"@type\":\"PropertyValueSpecification\",\"valueRequired\":true,\"valueName\":\"search_term_string\"}}],\"inLanguage\":\"sr-RS\"}]}<\/script>\n<!-- \/ Yoast SEO plugin. -->","yoast_head_json":{"title":"Ormari\u0107 za nakit s LED rasvjetom i oblak bijelim ogledalom - Inti","description":"Ovaj ormari\u0107 za nakit ima ogledalo u punoj veli\u010dini s 3 razine svjetline i funkcijom memorije. Kontrole na dodir omogu\u0107uju vam odabir odgovaraju\u0107eg osvjetljenja, omogu\u0107uju\u0107i vam da detaljnije provjerite svoj izgled. \u00a0Iza vrata nalazi se mini toaletni stoli\u0107, ogledalo za \u0161minkanje, LED svjetla i preklopna polica - zgodno za \u0161minkanje, nano\u0161enje nakita i provjeru \u0161minke. Tijelo ormari\u0107a isporu\u010duje se unaprijed sastavljeno. Sve \u0161to trebate u\u010diniti je pri\u010dvrstiti bazu i police sa stra\u017enje strane! Tada mo\u017eete odmah po\u010deti organizirati svoj nakit i kozmetiku. 108 otvora za nau\u0161nice, 36 otvora za nau\u0161nice, 36 kukica za ogrlice, 3 \u0161ipke za narukvice, 78 otvora za prstenje, 1 PVC d\u017eep, 5 unutarnjih polica i 3 stra\u017enje police - sve ima svoje mjesto. Visokokvalitetne MDF plo\u010de osiguravaju dug \u017eivotni vijek; mekana bar\u0161unasta podstava \u0161titi va\u0161 nakit od ogrebotina; 2 klju\u010da dr\u017ee neovla\u0161tene ruke dalje od va\u0161eg blaga - tako pouzdano!","robots":{"index":"index","follow":"follow","max-snippet":"max-snippet:-1","max-image-preview":"max-image-preview:large","max-video-preview":"max-video-preview:-1"},"canonical":"https:\/\/inti.hr\/sr\/proizvod\/ormaric-za-nakit-s-led-rasvjetom-i-oblak-bijelim-ogledalom\/","og_locale":"sr_RS","og_type":"article","og_title":"Ormari\u0107 za nakit s LED rasvjetom i oblak bijelim ogledalom - Inti","og_description":"Ovaj ormari\u0107 za nakit ima ogledalo u punoj veli\u010dini s 3 razine svjetline i funkcijom memorije. Kontrole na dodir omogu\u0107uju vam odabir odgovaraju\u0107eg osvjetljenja, omogu\u0107uju\u0107i vam da detaljnije provjerite svoj izgled. \u00a0Iza vrata nalazi se mini toaletni stoli\u0107, ogledalo za \u0161minkanje, LED svjetla i preklopna polica - zgodno za \u0161minkanje, nano\u0161enje nakita i provjeru \u0161minke. Tijelo ormari\u0107a isporu\u010duje se unaprijed sastavljeno. Sve \u0161to trebate u\u010diniti je pri\u010dvrstiti bazu i police sa stra\u017enje strane! Tada mo\u017eete odmah po\u010deti organizirati svoj nakit i kozmetiku. 108 otvora za nau\u0161nice, 36 otvora za nau\u0161nice, 36 kukica za ogrlice, 3 \u0161ipke za narukvice, 78 otvora za prstenje, 1 PVC d\u017eep, 5 unutarnjih polica i 3 stra\u017enje police - sve ima svoje mjesto. Visokokvalitetne MDF plo\u010de osiguravaju dug \u017eivotni vijek; mekana bar\u0161unasta podstava \u0161titi va\u0161 nakit od ogrebotina; 2 klju\u010da dr\u017ee neovla\u0161tene ruke dalje od va\u0161eg blaga - tako pouzdano!","og_url":"https:\/\/inti.hr\/sr\/proizvod\/ormaric-za-nakit-s-led-rasvjetom-i-oblak-bijelim-ogledalom\/","og_site_name":"Inti","og_image":[{"width":1000,"height":1000,"url":"https:\/\/i0.wp.com\/inti.hr\/wp-content\/uploads\/2025\/01\/2025.jpg?fit=1000%2C1000&ssl=1","type":"image\/jpeg"}],"twitter_card":"summary_large_image","schema":{"@context":"https:\/\/schema.org","@graph":[{"@type":"WebPage","@id":"https:\/\/inti.hr\/sr\/proizvod\/ormaric-za-nakit-s-led-rasvjetom-i-oblak-bijelim-ogledalom\/","url":"https:\/\/inti.hr\/sr\/proizvod\/ormaric-za-nakit-s-led-rasvjetom-i-oblak-bijelim-ogledalom\/","name":"Ormari\u0107 za nakit s LED rasvjetom i oblak bijelim ogledalom - Inti","isPartOf":{"@id":"https:\/\/inti.hr\/sr\/#website"},"primaryImageOfPage":{"@id":"https:\/\/inti.hr\/sr\/proizvod\/ormaric-za-nakit-s-led-rasvjetom-i-oblak-bijelim-ogledalom\/#primaryimage"},"image":{"@id":"https:\/\/inti.hr\/sr\/proizvod\/ormaric-za-nakit-s-led-rasvjetom-i-oblak-bijelim-ogledalom\/#primaryimage"},"thumbnailUrl":"https:\/\/i0.wp.com\/inti.hr\/wp-content\/uploads\/2025\/01\/2025.jpg?fit=1000%2C1000&ssl=1","datePublished":"2025-01-02T10:05:49+00:00","dateModified":"2025-01-02T10:05:49+00:00","description":"Ovaj ormari\u0107 za nakit ima ogledalo u punoj veli\u010dini s 3 razine svjetline i funkcijom memorije. Kontrole na dodir omogu\u0107uju vam odabir odgovaraju\u0107eg osvjetljenja, omogu\u0107uju\u0107i vam da detaljnije provjerite svoj izgled. \u00a0Iza vrata nalazi se mini toaletni stoli\u0107, ogledalo za \u0161minkanje, LED svjetla i preklopna polica - zgodno za \u0161minkanje, nano\u0161enje nakita i provjeru \u0161minke. Tijelo ormari\u0107a isporu\u010duje se unaprijed sastavljeno. Sve \u0161to trebate u\u010diniti je pri\u010dvrstiti bazu i police sa stra\u017enje strane! Tada mo\u017eete odmah po\u010deti organizirati svoj nakit i kozmetiku. 108 otvora za nau\u0161nice, 36 otvora za nau\u0161nice, 36 kukica za ogrlice, 3 \u0161ipke za narukvice, 78 otvora za prstenje, 1 PVC d\u017eep, 5 unutarnjih polica i 3 stra\u017enje police - sve ima svoje mjesto. Visokokvalitetne MDF plo\u010de osiguravaju dug \u017eivotni vijek; mekana bar\u0161unasta podstava \u0161titi va\u0161 nakit od ogrebotina; 2 klju\u010da dr\u017ee neovla\u0161tene ruke dalje od va\u0161eg blaga - tako pouzdano!","breadcrumb":{"@id":"https:\/\/inti.hr\/sr\/proizvod\/ormaric-za-nakit-s-led-rasvjetom-i-oblak-bijelim-ogledalom\/#breadcrumb"},"inLanguage":"sr-RS","potentialAction":[{"@type":"ReadAction","target":["https:\/\/inti.hr\/sr\/proizvod\/ormaric-za-nakit-s-led-rasvjetom-i-oblak-bijelim-ogledalom\/"]}]},{"@type":"ImageObject","inLanguage":"sr-RS","@id":"https:\/\/inti.hr\/sr\/proizvod\/ormaric-za-nakit-s-led-rasvjetom-i-oblak-bijelim-ogledalom\/#primaryimage","url":"https:\/\/i0.wp.com\/inti.hr\/wp-content\/uploads\/2025\/01\/2025.jpg?fit=1000%2C1000&ssl=1","contentUrl":"https:\/\/i0.wp.com\/inti.hr\/wp-content\/uploads\/2025\/01\/2025.jpg?fit=1000%2C1000&ssl=1","width":1000,"height":1000,"caption":"SONGMICS ormari\u0107 za nakit s LED rasvjetom i oblak bijelim ogledalom"},{"@type":"BreadcrumbList","@id":"https:\/\/inti.hr\/sr\/proizvod\/ormaric-za-nakit-s-led-rasvjetom-i-oblak-bijelim-ogledalom\/#breadcrumb","itemListElement":[{"@type":"ListItem","position":1,"name":"Po\u010detna stranica","item":"https:\/\/inti.hr\/sr\/"},{"@type":"ListItem","position":2,"name":"Prodavnica","item":"https:\/\/inti.hr\/sr\/prodavnica\/"},{"@type":"ListItem","position":3,"name":"Ormari\u0107 za nakit s LED rasvjetom i oblak bijelim ogledalom"}]},{"@type":"WebSite","@id":"https:\/\/inti.hr\/sr\/#website","url":"https:\/\/inti.hr\/sr\/","name":"Inti","description":"trgovina","potentialAction":[{"@type":"SearchAction","target":{"@type":"EntryPoint","urlTemplate":"https:\/\/inti.hr\/sr\/?s={search_term_string}"},"query-input":{"@type":"PropertyValueSpecification","valueRequired":true,"valueName":"search_term_string"}}],"inLanguage":"sr-RS"}]}},"jetpack_sharing_enabled":true,"jetpack-related-posts":[],"_links":{"self":[{"href":"https:\/\/inti.hr\/sr\/wp-json\/wp\/v2\/product\/35711"}],"collection":[{"href":"https:\/\/inti.hr\/sr\/wp-json\/wp\/v2\/product"}],"about":[{"href":"https:\/\/inti.hr\/sr\/wp-json\/wp\/v2\/types\/product"}],"wp:featuredmedia":[{"embeddable":true,"href":"https:\/\/inti.hr\/sr\/wp-json\/wp\/v2\/media\/35712"}],"wp:attachment":[{"href":"https:\/\/inti.hr\/sr\/wp-json\/wp\/v2\/media?parent=35711"}],"wp:term":[{"taxonomy":"product_cat","embeddable":true,"href":"https:\/\/inti.hr\/sr\/wp-json\/wp\/v2\/product_cat?post=35711"},{"taxonomy":"product_tag","embeddable":true,"href":"https:\/\/inti.hr\/sr\/wp-json\/wp\/v2\/product_tag?post=35711"}],"curies":[{"name":"wp","href":"https:\/\/api.w.org\/{rel}","templated":true}]}}