{"id":35715,"date":"2024-12-22T15:35:59","date_gmt":"2024-12-22T14:35:59","guid":{"rendered":"https:\/\/inti.hr\/product\/stojeca-polica-od-kaljenog-stakla-4\/"},"modified":"2024-12-22T15:35:59","modified_gmt":"2024-12-22T14:35:59","slug":"stojeca-polica-od-kaljenog-stakla-4","status":"publish","type":"product","link":"https:\/\/inti.hr\/sr\/proizvod\/stojeca-polica-od-kaljenog-stakla-4\/","title":{"rendered":"Stoje\u0107a polica od kaljenog stakla 4"},"content":{"rendered":"<p>Detalji proizvoda:<br \/>\n&#8211; Boja: Zlatna<br \/>\n&#8211; Materijal: metal, staklo<br \/>\n&#8211; Veli\u010dina: 40 x 30 x 95 cm (D x \u0160 x V)<br \/>\n&#8211; Te\u017eina: 7,3 kg<br \/>\n&#8211; Maksimalna stati\u010dka nosivost po razini police: 10 kg<\/p>\n","protected":false},"excerpt":{"rendered":"<p>Ova polica opremljena je \u010dvrstim plo\u010dama od kaljenog stakla. Zajedno s &#8230; <\/p>\n","protected":false},"featured_media":35716,"template":"","meta":[],"product_cat":[2573],"product_tag":[2600,4136],"yoast_head":"<!-- This site is optimized with the Yoast SEO plugin v23.7 - https:\/\/yoast.com\/wordpress\/plugins\/seo\/ -->\n<title>Stoje\u0107a polica od kaljenog stakla 4 - Inti<\/title>\n<meta name=\"description\" content=\"Ova polica opremljena je \u010dvrstim plo\u010dama od kaljenog stakla. Zajedno s metalnim okvirom i podesivim no\u017eicama, mo\u017ee izdr\u017eati do 10 kg po razini police (maksimalna stati\u010dka nosivost). Stoga slobodno ispunite ovaj \u010dvrsti komad namje\u0161taja s puno knjiga! Glass je moderan, luksuzan i jednostavan. U kombinaciji sa zlatnim metalnim okvirom dobivate policu za odlaganje koja je elegantna i prakti\u010dna u isto vrijeme. Postavite ovaj elegantni komad namje\u0161taja u svoju dnevnu sobu, hodnik ili kuhinju.\" \/>\n<meta name=\"robots\" content=\"index, follow, max-snippet:-1, max-image-preview:large, max-video-preview:-1\" \/>\n<link rel=\"canonical\" href=\"https:\/\/inti.hr\/sr\/proizvod\/stojeca-polica-od-kaljenog-stakla-4\/\" \/>\n<meta property=\"og:locale\" content=\"sr_RS\" \/>\n<meta property=\"og:type\" content=\"article\" \/>\n<meta property=\"og:title\" content=\"Stoje\u0107a polica od kaljenog stakla 4 - Inti\" \/>\n<meta property=\"og:description\" content=\"Ova polica opremljena je \u010dvrstim plo\u010dama od kaljenog stakla. Zajedno s metalnim okvirom i podesivim no\u017eicama, mo\u017ee izdr\u017eati do 10 kg po razini police (maksimalna stati\u010dka nosivost). Stoga slobodno ispunite ovaj \u010dvrsti komad namje\u0161taja s puno knjiga! Glass je moderan, luksuzan i jednostavan. U kombinaciji sa zlatnim metalnim okvirom dobivate policu za odlaganje koja je elegantna i prakti\u010dna u isto vrijeme. Postavite ovaj elegantni komad namje\u0161taja u svoju dnevnu sobu, hodnik ili kuhinju.\" \/>\n<meta property=\"og:url\" content=\"https:\/\/inti.hr\/sr\/proizvod\/stojeca-polica-od-kaljenog-stakla-4\/\" \/>\n<meta property=\"og:site_name\" content=\"Inti\" \/>\n<meta property=\"og:image\" content=\"https:\/\/i0.wp.com\/inti.hr\/wp-content\/uploads\/2024\/12\/Standregal-aus-Hartglas-LGT28G-1.jpg?fit=1000%2C1000&ssl=1\" \/>\n\t<meta property=\"og:image:width\" content=\"1000\" \/>\n\t<meta property=\"og:image:height\" content=\"1000\" \/>\n\t<meta property=\"og:image:type\" content=\"image\/jpeg\" \/>\n<meta name=\"twitter:card\" content=\"summary_large_image\" \/>\n<script type=\"application\/ld+json\" class=\"yoast-schema-graph\">{\"@context\":\"https:\/\/schema.org\",\"@graph\":[{\"@type\":\"WebPage\",\"@id\":\"https:\/\/inti.hr\/sr\/proizvod\/stojeca-polica-od-kaljenog-stakla-4\/\",\"url\":\"https:\/\/inti.hr\/sr\/proizvod\/stojeca-polica-od-kaljenog-stakla-4\/\",\"name\":\"Stoje\u0107a polica od kaljenog stakla 4 - Inti\",\"isPartOf\":{\"@id\":\"https:\/\/inti.hr\/sr\/#website\"},\"primaryImageOfPage\":{\"@id\":\"https:\/\/inti.hr\/sr\/proizvod\/stojeca-polica-od-kaljenog-stakla-4\/#primaryimage\"},\"image\":{\"@id\":\"https:\/\/inti.hr\/sr\/proizvod\/stojeca-polica-od-kaljenog-stakla-4\/#primaryimage\"},\"thumbnailUrl\":\"https:\/\/i0.wp.com\/inti.hr\/wp-content\/uploads\/2024\/12\/Standregal-aus-Hartglas-LGT28G-1.jpg?fit=1000%2C1000&ssl=1\",\"datePublished\":\"2024-12-22T14:35:59+00:00\",\"dateModified\":\"2024-12-22T14:35:59+00:00\",\"description\":\"Ova polica opremljena je \u010dvrstim plo\u010dama od kaljenog stakla. Zajedno s metalnim okvirom i podesivim no\u017eicama, mo\u017ee izdr\u017eati do 10 kg po razini police (maksimalna stati\u010dka nosivost). Stoga slobodno ispunite ovaj \u010dvrsti komad namje\u0161taja s puno knjiga! Glass je moderan, luksuzan i jednostavan. U kombinaciji sa zlatnim metalnim okvirom dobivate policu za odlaganje koja je elegantna i prakti\u010dna u isto vrijeme. Postavite ovaj elegantni komad namje\u0161taja u svoju dnevnu sobu, hodnik ili kuhinju.\",\"breadcrumb\":{\"@id\":\"https:\/\/inti.hr\/sr\/proizvod\/stojeca-polica-od-kaljenog-stakla-4\/#breadcrumb\"},\"inLanguage\":\"sr-RS\",\"potentialAction\":[{\"@type\":\"ReadAction\",\"target\":[\"https:\/\/inti.hr\/sr\/proizvod\/stojeca-polica-od-kaljenog-stakla-4\/\"]}]},{\"@type\":\"ImageObject\",\"inLanguage\":\"sr-RS\",\"@id\":\"https:\/\/inti.hr\/sr\/proizvod\/stojeca-polica-od-kaljenog-stakla-4\/#primaryimage\",\"url\":\"https:\/\/i0.wp.com\/inti.hr\/wp-content\/uploads\/2024\/12\/Standregal-aus-Hartglas-LGT28G-1.jpg?fit=1000%2C1000&ssl=1\",\"contentUrl\":\"https:\/\/i0.wp.com\/inti.hr\/wp-content\/uploads\/2024\/12\/Standregal-aus-Hartglas-LGT28G-1.jpg?fit=1000%2C1000&ssl=1\",\"width\":1000,\"height\":1000,\"caption\":\"VASAGLE stoje\u0107a polica od kaljenog stakla\"},{\"@type\":\"BreadcrumbList\",\"@id\":\"https:\/\/inti.hr\/sr\/proizvod\/stojeca-polica-od-kaljenog-stakla-4\/#breadcrumb\",\"itemListElement\":[{\"@type\":\"ListItem\",\"position\":1,\"name\":\"Po\u010detna stranica\",\"item\":\"https:\/\/inti.hr\/sr\/\"},{\"@type\":\"ListItem\",\"position\":2,\"name\":\"Prodavnica\",\"item\":\"https:\/\/inti.hr\/sr\/prodavnica\/\"},{\"@type\":\"ListItem\",\"position\":3,\"name\":\"Stoje\u0107a polica od kaljenog stakla 4\"}]},{\"@type\":\"WebSite\",\"@id\":\"https:\/\/inti.hr\/sr\/#website\",\"url\":\"https:\/\/inti.hr\/sr\/\",\"name\":\"Inti\",\"description\":\"trgovina\",\"potentialAction\":[{\"@type\":\"SearchAction\",\"target\":{\"@type\":\"EntryPoint\",\"urlTemplate\":\"https:\/\/inti.hr\/sr\/?s={search_term_string}\"},\"query-input\":{\"@type\":\"PropertyValueSpecification\",\"valueRequired\":true,\"valueName\":\"search_term_string\"}}],\"inLanguage\":\"sr-RS\"}]}<\/script>\n<!-- \/ Yoast SEO plugin. -->","yoast_head_json":{"title":"Stoje\u0107a polica od kaljenog stakla 4 - Inti","description":"Ova polica opremljena je \u010dvrstim plo\u010dama od kaljenog stakla. Zajedno s metalnim okvirom i podesivim no\u017eicama, mo\u017ee izdr\u017eati do 10 kg po razini police (maksimalna stati\u010dka nosivost). Stoga slobodno ispunite ovaj \u010dvrsti komad namje\u0161taja s puno knjiga! Glass je moderan, luksuzan i jednostavan. U kombinaciji sa zlatnim metalnim okvirom dobivate policu za odlaganje koja je elegantna i prakti\u010dna u isto vrijeme. Postavite ovaj elegantni komad namje\u0161taja u svoju dnevnu sobu, hodnik ili kuhinju.","robots":{"index":"index","follow":"follow","max-snippet":"max-snippet:-1","max-image-preview":"max-image-preview:large","max-video-preview":"max-video-preview:-1"},"canonical":"https:\/\/inti.hr\/sr\/proizvod\/stojeca-polica-od-kaljenog-stakla-4\/","og_locale":"sr_RS","og_type":"article","og_title":"Stoje\u0107a polica od kaljenog stakla 4 - Inti","og_description":"Ova polica opremljena je \u010dvrstim plo\u010dama od kaljenog stakla. Zajedno s metalnim okvirom i podesivim no\u017eicama, mo\u017ee izdr\u017eati do 10 kg po razini police (maksimalna stati\u010dka nosivost). Stoga slobodno ispunite ovaj \u010dvrsti komad namje\u0161taja s puno knjiga! Glass je moderan, luksuzan i jednostavan. U kombinaciji sa zlatnim metalnim okvirom dobivate policu za odlaganje koja je elegantna i prakti\u010dna u isto vrijeme. Postavite ovaj elegantni komad namje\u0161taja u svoju dnevnu sobu, hodnik ili kuhinju.","og_url":"https:\/\/inti.hr\/sr\/proizvod\/stojeca-polica-od-kaljenog-stakla-4\/","og_site_name":"Inti","og_image":[{"width":1000,"height":1000,"url":"https:\/\/i0.wp.com\/inti.hr\/wp-content\/uploads\/2024\/12\/Standregal-aus-Hartglas-LGT28G-1.jpg?fit=1000%2C1000&ssl=1","type":"image\/jpeg"}],"twitter_card":"summary_large_image","schema":{"@context":"https:\/\/schema.org","@graph":[{"@type":"WebPage","@id":"https:\/\/inti.hr\/sr\/proizvod\/stojeca-polica-od-kaljenog-stakla-4\/","url":"https:\/\/inti.hr\/sr\/proizvod\/stojeca-polica-od-kaljenog-stakla-4\/","name":"Stoje\u0107a polica od kaljenog stakla 4 - Inti","isPartOf":{"@id":"https:\/\/inti.hr\/sr\/#website"},"primaryImageOfPage":{"@id":"https:\/\/inti.hr\/sr\/proizvod\/stojeca-polica-od-kaljenog-stakla-4\/#primaryimage"},"image":{"@id":"https:\/\/inti.hr\/sr\/proizvod\/stojeca-polica-od-kaljenog-stakla-4\/#primaryimage"},"thumbnailUrl":"https:\/\/i0.wp.com\/inti.hr\/wp-content\/uploads\/2024\/12\/Standregal-aus-Hartglas-LGT28G-1.jpg?fit=1000%2C1000&ssl=1","datePublished":"2024-12-22T14:35:59+00:00","dateModified":"2024-12-22T14:35:59+00:00","description":"Ova polica opremljena je \u010dvrstim plo\u010dama od kaljenog stakla. Zajedno s metalnim okvirom i podesivim no\u017eicama, mo\u017ee izdr\u017eati do 10 kg po razini police (maksimalna stati\u010dka nosivost). Stoga slobodno ispunite ovaj \u010dvrsti komad namje\u0161taja s puno knjiga! Glass je moderan, luksuzan i jednostavan. U kombinaciji sa zlatnim metalnim okvirom dobivate policu za odlaganje koja je elegantna i prakti\u010dna u isto vrijeme. Postavite ovaj elegantni komad namje\u0161taja u svoju dnevnu sobu, hodnik ili kuhinju.","breadcrumb":{"@id":"https:\/\/inti.hr\/sr\/proizvod\/stojeca-polica-od-kaljenog-stakla-4\/#breadcrumb"},"inLanguage":"sr-RS","potentialAction":[{"@type":"ReadAction","target":["https:\/\/inti.hr\/sr\/proizvod\/stojeca-polica-od-kaljenog-stakla-4\/"]}]},{"@type":"ImageObject","inLanguage":"sr-RS","@id":"https:\/\/inti.hr\/sr\/proizvod\/stojeca-polica-od-kaljenog-stakla-4\/#primaryimage","url":"https:\/\/i0.wp.com\/inti.hr\/wp-content\/uploads\/2024\/12\/Standregal-aus-Hartglas-LGT28G-1.jpg?fit=1000%2C1000&ssl=1","contentUrl":"https:\/\/i0.wp.com\/inti.hr\/wp-content\/uploads\/2024\/12\/Standregal-aus-Hartglas-LGT28G-1.jpg?fit=1000%2C1000&ssl=1","width":1000,"height":1000,"caption":"VASAGLE stoje\u0107a polica od kaljenog stakla"},{"@type":"BreadcrumbList","@id":"https:\/\/inti.hr\/sr\/proizvod\/stojeca-polica-od-kaljenog-stakla-4\/#breadcrumb","itemListElement":[{"@type":"ListItem","position":1,"name":"Po\u010detna stranica","item":"https:\/\/inti.hr\/sr\/"},{"@type":"ListItem","position":2,"name":"Prodavnica","item":"https:\/\/inti.hr\/sr\/prodavnica\/"},{"@type":"ListItem","position":3,"name":"Stoje\u0107a polica od kaljenog stakla 4"}]},{"@type":"WebSite","@id":"https:\/\/inti.hr\/sr\/#website","url":"https:\/\/inti.hr\/sr\/","name":"Inti","description":"trgovina","potentialAction":[{"@type":"SearchAction","target":{"@type":"EntryPoint","urlTemplate":"https:\/\/inti.hr\/sr\/?s={search_term_string}"},"query-input":{"@type":"PropertyValueSpecification","valueRequired":true,"valueName":"search_term_string"}}],"inLanguage":"sr-RS"}]}},"jetpack_sharing_enabled":true,"jetpack-related-posts":[],"_links":{"self":[{"href":"https:\/\/inti.hr\/sr\/wp-json\/wp\/v2\/product\/35715"}],"collection":[{"href":"https:\/\/inti.hr\/sr\/wp-json\/wp\/v2\/product"}],"about":[{"href":"https:\/\/inti.hr\/sr\/wp-json\/wp\/v2\/types\/product"}],"wp:featuredmedia":[{"embeddable":true,"href":"https:\/\/inti.hr\/sr\/wp-json\/wp\/v2\/media\/35716"}],"wp:attachment":[{"href":"https:\/\/inti.hr\/sr\/wp-json\/wp\/v2\/media?parent=35715"}],"wp:term":[{"taxonomy":"product_cat","embeddable":true,"href":"https:\/\/inti.hr\/sr\/wp-json\/wp\/v2\/product_cat?post=35715"},{"taxonomy":"product_tag","embeddable":true,"href":"https:\/\/inti.hr\/sr\/wp-json\/wp\/v2\/product_tag?post=35715"}],"curies":[{"name":"wp","href":"https:\/\/api.w.org\/{rel}","templated":true}]}}