{"id":35723,"date":"2024-12-20T10:02:29","date_gmt":"2024-12-20T09:02:29","guid":{"rendered":"https:\/\/inti.hr\/product\/pomocni-stol-s-donjom-policom\/"},"modified":"2024-12-20T10:02:29","modified_gmt":"2024-12-20T09:02:29","slug":"pomocni-stol-s-donjom-policom","status":"publish","type":"product","link":"https:\/\/inti.hr\/sr\/proizvod\/pomocni-stol-s-donjom-policom\/","title":{"rendered":"Pomo\u0107ni stol s donjom policom"},"content":{"rendered":"<p>Detalji proizvoda:<br \/>\nBoja: med sme\u0111a<br \/>\nMaterijal: iverica<br \/>\nVeli\u010dina: 40 x 50 cm (\u00d8 x V)<br \/>\nTe\u017eina: 4,1 kg<br \/>\nMaksimalna stati\u010dka nosivost: 90 kg<\/p>\n","protected":false},"excerpt":{"rendered":"<p>Sa svojim okruglim profilom, med sme\u0111om bojom i \u010distim linijama, ovaj &#8230; <\/p>\n","protected":false},"featured_media":35724,"template":"","meta":[],"product_cat":[2421],"product_tag":[2448,3085],"yoast_head":"<!-- This site is optimized with the Yoast SEO plugin v23.7 - https:\/\/yoast.com\/wordpress\/plugins\/seo\/ -->\n<title>Pomo\u0107ni stol s donjom policom - Inti<\/title>\n<meta name=\"description\" content=\"Sa svojim okruglim profilom, med sme\u0111om bojom i \u010distim linijama, ovaj mali pomo\u0107ni stoli\u0107 odi\u0161e modernim \u0161armom koji pristaje ve\u0107ini stilova ure\u0111enja. Izra\u0111en od kvalitetne iverice i debelih nogu, ovaj no\u0107ni ormari\u0107 ima stabilnu, \u010dvrstu strukturu i mo\u017ee izdr\u017eati do 90 kg ukupno. Zahvaljuju\u0107i ozna\u010denim dijelovima, jasnim uputama i jednostavnoj strukturi, mo\u017eete jednostavno sastaviti ovaj pomo\u0107ni stoli\u0107 za dnevnu ili spava\u0107u sobu u otprilike 10 minuta. Povr\u0161ina stoli\u0107a za kavu mo\u017ee se koristiti za postavljanje elegantne vaze s cvije\u0107em, \u0161alice kave ili hrpe knjiga, dok je donja polica savr\u0161ena za izlaganje memorabilija. S veli\u010dinom od 40 x 50 cm (\u00d8 x V), ovaj stoli\u0107 za dnevni boravak koji \u0161tedi prostor izvrsno pristaje uz fotelju ili kau\u010d, ali je tako\u0111er prikladan kao stoli\u0107 za pi\u0107e, no\u0107ni ormari\u0107 ili lijep stalak za biljke.\" \/>\n<meta name=\"robots\" content=\"index, follow, max-snippet:-1, max-image-preview:large, max-video-preview:-1\" \/>\n<link rel=\"canonical\" href=\"https:\/\/inti.hr\/sr\/proizvod\/pomocni-stol-s-donjom-policom\/\" \/>\n<meta property=\"og:locale\" content=\"sr_RS\" \/>\n<meta property=\"og:type\" content=\"article\" \/>\n<meta property=\"og:title\" content=\"Pomo\u0107ni stol s donjom policom - Inti\" \/>\n<meta property=\"og:description\" content=\"Sa svojim okruglim profilom, med sme\u0111om bojom i \u010distim linijama, ovaj mali pomo\u0107ni stoli\u0107 odi\u0161e modernim \u0161armom koji pristaje ve\u0107ini stilova ure\u0111enja. Izra\u0111en od kvalitetne iverice i debelih nogu, ovaj no\u0107ni ormari\u0107 ima stabilnu, \u010dvrstu strukturu i mo\u017ee izdr\u017eati do 90 kg ukupno. Zahvaljuju\u0107i ozna\u010denim dijelovima, jasnim uputama i jednostavnoj strukturi, mo\u017eete jednostavno sastaviti ovaj pomo\u0107ni stoli\u0107 za dnevnu ili spava\u0107u sobu u otprilike 10 minuta. Povr\u0161ina stoli\u0107a za kavu mo\u017ee se koristiti za postavljanje elegantne vaze s cvije\u0107em, \u0161alice kave ili hrpe knjiga, dok je donja polica savr\u0161ena za izlaganje memorabilija. S veli\u010dinom od 40 x 50 cm (\u00d8 x V), ovaj stoli\u0107 za dnevni boravak koji \u0161tedi prostor izvrsno pristaje uz fotelju ili kau\u010d, ali je tako\u0111er prikladan kao stoli\u0107 za pi\u0107e, no\u0107ni ormari\u0107 ili lijep stalak za biljke.\" \/>\n<meta property=\"og:url\" content=\"https:\/\/inti.hr\/sr\/proizvod\/pomocni-stol-s-donjom-policom\/\" \/>\n<meta property=\"og:site_name\" content=\"Inti\" \/>\n<meta property=\"og:image\" content=\"https:\/\/i0.wp.com\/inti.hr\/wp-content\/uploads\/2024\/12\/LET283T41-2.jpg?fit=800%2C1000&ssl=1\" \/>\n\t<meta property=\"og:image:width\" content=\"800\" \/>\n\t<meta property=\"og:image:height\" content=\"1000\" \/>\n\t<meta property=\"og:image:type\" content=\"image\/jpeg\" \/>\n<meta name=\"twitter:card\" content=\"summary_large_image\" \/>\n<script type=\"application\/ld+json\" class=\"yoast-schema-graph\">{\"@context\":\"https:\/\/schema.org\",\"@graph\":[{\"@type\":\"WebPage\",\"@id\":\"https:\/\/inti.hr\/sr\/proizvod\/pomocni-stol-s-donjom-policom\/\",\"url\":\"https:\/\/inti.hr\/sr\/proizvod\/pomocni-stol-s-donjom-policom\/\",\"name\":\"Pomo\u0107ni stol s donjom policom - Inti\",\"isPartOf\":{\"@id\":\"https:\/\/inti.hr\/sr\/#website\"},\"primaryImageOfPage\":{\"@id\":\"https:\/\/inti.hr\/sr\/proizvod\/pomocni-stol-s-donjom-policom\/#primaryimage\"},\"image\":{\"@id\":\"https:\/\/inti.hr\/sr\/proizvod\/pomocni-stol-s-donjom-policom\/#primaryimage\"},\"thumbnailUrl\":\"https:\/\/i0.wp.com\/inti.hr\/wp-content\/uploads\/2024\/12\/LET283T41-2.jpg?fit=800%2C1000&ssl=1\",\"datePublished\":\"2024-12-20T09:02:29+00:00\",\"dateModified\":\"2024-12-20T09:02:29+00:00\",\"description\":\"Sa svojim okruglim profilom, med sme\u0111om bojom i \u010distim linijama, ovaj mali pomo\u0107ni stoli\u0107 odi\u0161e modernim \u0161armom koji pristaje ve\u0107ini stilova ure\u0111enja. Izra\u0111en od kvalitetne iverice i debelih nogu, ovaj no\u0107ni ormari\u0107 ima stabilnu, \u010dvrstu strukturu i mo\u017ee izdr\u017eati do 90 kg ukupno. Zahvaljuju\u0107i ozna\u010denim dijelovima, jasnim uputama i jednostavnoj strukturi, mo\u017eete jednostavno sastaviti ovaj pomo\u0107ni stoli\u0107 za dnevnu ili spava\u0107u sobu u otprilike 10 minuta. Povr\u0161ina stoli\u0107a za kavu mo\u017ee se koristiti za postavljanje elegantne vaze s cvije\u0107em, \u0161alice kave ili hrpe knjiga, dok je donja polica savr\u0161ena za izlaganje memorabilija. S veli\u010dinom od 40 x 50 cm (\u00d8 x V), ovaj stoli\u0107 za dnevni boravak koji \u0161tedi prostor izvrsno pristaje uz fotelju ili kau\u010d, ali je tako\u0111er prikladan kao stoli\u0107 za pi\u0107e, no\u0107ni ormari\u0107 ili lijep stalak za biljke.\",\"breadcrumb\":{\"@id\":\"https:\/\/inti.hr\/sr\/proizvod\/pomocni-stol-s-donjom-policom\/#breadcrumb\"},\"inLanguage\":\"sr-RS\",\"potentialAction\":[{\"@type\":\"ReadAction\",\"target\":[\"https:\/\/inti.hr\/sr\/proizvod\/pomocni-stol-s-donjom-policom\/\"]}]},{\"@type\":\"ImageObject\",\"inLanguage\":\"sr-RS\",\"@id\":\"https:\/\/inti.hr\/sr\/proizvod\/pomocni-stol-s-donjom-policom\/#primaryimage\",\"url\":\"https:\/\/i0.wp.com\/inti.hr\/wp-content\/uploads\/2024\/12\/LET283T41-2.jpg?fit=800%2C1000&ssl=1\",\"contentUrl\":\"https:\/\/i0.wp.com\/inti.hr\/wp-content\/uploads\/2024\/12\/LET283T41-2.jpg?fit=800%2C1000&ssl=1\",\"width\":800,\"height\":1000,\"caption\":\"pomo\u0107ni stoli\u0107 s policom\"},{\"@type\":\"BreadcrumbList\",\"@id\":\"https:\/\/inti.hr\/sr\/proizvod\/pomocni-stol-s-donjom-policom\/#breadcrumb\",\"itemListElement\":[{\"@type\":\"ListItem\",\"position\":1,\"name\":\"Po\u010detna stranica\",\"item\":\"https:\/\/inti.hr\/sr\/\"},{\"@type\":\"ListItem\",\"position\":2,\"name\":\"Prodavnica\",\"item\":\"https:\/\/inti.hr\/sr\/prodavnica\/\"},{\"@type\":\"ListItem\",\"position\":3,\"name\":\"Pomo\u0107ni stol s donjom policom\"}]},{\"@type\":\"WebSite\",\"@id\":\"https:\/\/inti.hr\/sr\/#website\",\"url\":\"https:\/\/inti.hr\/sr\/\",\"name\":\"Inti\",\"description\":\"trgovina\",\"potentialAction\":[{\"@type\":\"SearchAction\",\"target\":{\"@type\":\"EntryPoint\",\"urlTemplate\":\"https:\/\/inti.hr\/sr\/?s={search_term_string}\"},\"query-input\":{\"@type\":\"PropertyValueSpecification\",\"valueRequired\":true,\"valueName\":\"search_term_string\"}}],\"inLanguage\":\"sr-RS\"}]}<\/script>\n<!-- \/ Yoast SEO plugin. -->","yoast_head_json":{"title":"Pomo\u0107ni stol s donjom policom - Inti","description":"Sa svojim okruglim profilom, med sme\u0111om bojom i \u010distim linijama, ovaj mali pomo\u0107ni stoli\u0107 odi\u0161e modernim \u0161armom koji pristaje ve\u0107ini stilova ure\u0111enja. Izra\u0111en od kvalitetne iverice i debelih nogu, ovaj no\u0107ni ormari\u0107 ima stabilnu, \u010dvrstu strukturu i mo\u017ee izdr\u017eati do 90 kg ukupno. Zahvaljuju\u0107i ozna\u010denim dijelovima, jasnim uputama i jednostavnoj strukturi, mo\u017eete jednostavno sastaviti ovaj pomo\u0107ni stoli\u0107 za dnevnu ili spava\u0107u sobu u otprilike 10 minuta. Povr\u0161ina stoli\u0107a za kavu mo\u017ee se koristiti za postavljanje elegantne vaze s cvije\u0107em, \u0161alice kave ili hrpe knjiga, dok je donja polica savr\u0161ena za izlaganje memorabilija. S veli\u010dinom od 40 x 50 cm (\u00d8 x V), ovaj stoli\u0107 za dnevni boravak koji \u0161tedi prostor izvrsno pristaje uz fotelju ili kau\u010d, ali je tako\u0111er prikladan kao stoli\u0107 za pi\u0107e, no\u0107ni ormari\u0107 ili lijep stalak za biljke.","robots":{"index":"index","follow":"follow","max-snippet":"max-snippet:-1","max-image-preview":"max-image-preview:large","max-video-preview":"max-video-preview:-1"},"canonical":"https:\/\/inti.hr\/sr\/proizvod\/pomocni-stol-s-donjom-policom\/","og_locale":"sr_RS","og_type":"article","og_title":"Pomo\u0107ni stol s donjom policom - Inti","og_description":"Sa svojim okruglim profilom, med sme\u0111om bojom i \u010distim linijama, ovaj mali pomo\u0107ni stoli\u0107 odi\u0161e modernim \u0161armom koji pristaje ve\u0107ini stilova ure\u0111enja. Izra\u0111en od kvalitetne iverice i debelih nogu, ovaj no\u0107ni ormari\u0107 ima stabilnu, \u010dvrstu strukturu i mo\u017ee izdr\u017eati do 90 kg ukupno. Zahvaljuju\u0107i ozna\u010denim dijelovima, jasnim uputama i jednostavnoj strukturi, mo\u017eete jednostavno sastaviti ovaj pomo\u0107ni stoli\u0107 za dnevnu ili spava\u0107u sobu u otprilike 10 minuta. Povr\u0161ina stoli\u0107a za kavu mo\u017ee se koristiti za postavljanje elegantne vaze s cvije\u0107em, \u0161alice kave ili hrpe knjiga, dok je donja polica savr\u0161ena za izlaganje memorabilija. S veli\u010dinom od 40 x 50 cm (\u00d8 x V), ovaj stoli\u0107 za dnevni boravak koji \u0161tedi prostor izvrsno pristaje uz fotelju ili kau\u010d, ali je tako\u0111er prikladan kao stoli\u0107 za pi\u0107e, no\u0107ni ormari\u0107 ili lijep stalak za biljke.","og_url":"https:\/\/inti.hr\/sr\/proizvod\/pomocni-stol-s-donjom-policom\/","og_site_name":"Inti","og_image":[{"width":800,"height":1000,"url":"https:\/\/i0.wp.com\/inti.hr\/wp-content\/uploads\/2024\/12\/LET283T41-2.jpg?fit=800%2C1000&ssl=1","type":"image\/jpeg"}],"twitter_card":"summary_large_image","schema":{"@context":"https:\/\/schema.org","@graph":[{"@type":"WebPage","@id":"https:\/\/inti.hr\/sr\/proizvod\/pomocni-stol-s-donjom-policom\/","url":"https:\/\/inti.hr\/sr\/proizvod\/pomocni-stol-s-donjom-policom\/","name":"Pomo\u0107ni stol s donjom policom - Inti","isPartOf":{"@id":"https:\/\/inti.hr\/sr\/#website"},"primaryImageOfPage":{"@id":"https:\/\/inti.hr\/sr\/proizvod\/pomocni-stol-s-donjom-policom\/#primaryimage"},"image":{"@id":"https:\/\/inti.hr\/sr\/proizvod\/pomocni-stol-s-donjom-policom\/#primaryimage"},"thumbnailUrl":"https:\/\/i0.wp.com\/inti.hr\/wp-content\/uploads\/2024\/12\/LET283T41-2.jpg?fit=800%2C1000&ssl=1","datePublished":"2024-12-20T09:02:29+00:00","dateModified":"2024-12-20T09:02:29+00:00","description":"Sa svojim okruglim profilom, med sme\u0111om bojom i \u010distim linijama, ovaj mali pomo\u0107ni stoli\u0107 odi\u0161e modernim \u0161armom koji pristaje ve\u0107ini stilova ure\u0111enja. Izra\u0111en od kvalitetne iverice i debelih nogu, ovaj no\u0107ni ormari\u0107 ima stabilnu, \u010dvrstu strukturu i mo\u017ee izdr\u017eati do 90 kg ukupno. Zahvaljuju\u0107i ozna\u010denim dijelovima, jasnim uputama i jednostavnoj strukturi, mo\u017eete jednostavno sastaviti ovaj pomo\u0107ni stoli\u0107 za dnevnu ili spava\u0107u sobu u otprilike 10 minuta. Povr\u0161ina stoli\u0107a za kavu mo\u017ee se koristiti za postavljanje elegantne vaze s cvije\u0107em, \u0161alice kave ili hrpe knjiga, dok je donja polica savr\u0161ena za izlaganje memorabilija. S veli\u010dinom od 40 x 50 cm (\u00d8 x V), ovaj stoli\u0107 za dnevni boravak koji \u0161tedi prostor izvrsno pristaje uz fotelju ili kau\u010d, ali je tako\u0111er prikladan kao stoli\u0107 za pi\u0107e, no\u0107ni ormari\u0107 ili lijep stalak za biljke.","breadcrumb":{"@id":"https:\/\/inti.hr\/sr\/proizvod\/pomocni-stol-s-donjom-policom\/#breadcrumb"},"inLanguage":"sr-RS","potentialAction":[{"@type":"ReadAction","target":["https:\/\/inti.hr\/sr\/proizvod\/pomocni-stol-s-donjom-policom\/"]}]},{"@type":"ImageObject","inLanguage":"sr-RS","@id":"https:\/\/inti.hr\/sr\/proizvod\/pomocni-stol-s-donjom-policom\/#primaryimage","url":"https:\/\/i0.wp.com\/inti.hr\/wp-content\/uploads\/2024\/12\/LET283T41-2.jpg?fit=800%2C1000&ssl=1","contentUrl":"https:\/\/i0.wp.com\/inti.hr\/wp-content\/uploads\/2024\/12\/LET283T41-2.jpg?fit=800%2C1000&ssl=1","width":800,"height":1000,"caption":"pomo\u0107ni stoli\u0107 s policom"},{"@type":"BreadcrumbList","@id":"https:\/\/inti.hr\/sr\/proizvod\/pomocni-stol-s-donjom-policom\/#breadcrumb","itemListElement":[{"@type":"ListItem","position":1,"name":"Po\u010detna stranica","item":"https:\/\/inti.hr\/sr\/"},{"@type":"ListItem","position":2,"name":"Prodavnica","item":"https:\/\/inti.hr\/sr\/prodavnica\/"},{"@type":"ListItem","position":3,"name":"Pomo\u0107ni stol s donjom policom"}]},{"@type":"WebSite","@id":"https:\/\/inti.hr\/sr\/#website","url":"https:\/\/inti.hr\/sr\/","name":"Inti","description":"trgovina","potentialAction":[{"@type":"SearchAction","target":{"@type":"EntryPoint","urlTemplate":"https:\/\/inti.hr\/sr\/?s={search_term_string}"},"query-input":{"@type":"PropertyValueSpecification","valueRequired":true,"valueName":"search_term_string"}}],"inLanguage":"sr-RS"}]}},"jetpack_sharing_enabled":true,"jetpack-related-posts":[],"_links":{"self":[{"href":"https:\/\/inti.hr\/sr\/wp-json\/wp\/v2\/product\/35723"}],"collection":[{"href":"https:\/\/inti.hr\/sr\/wp-json\/wp\/v2\/product"}],"about":[{"href":"https:\/\/inti.hr\/sr\/wp-json\/wp\/v2\/types\/product"}],"wp:featuredmedia":[{"embeddable":true,"href":"https:\/\/inti.hr\/sr\/wp-json\/wp\/v2\/media\/35724"}],"wp:attachment":[{"href":"https:\/\/inti.hr\/sr\/wp-json\/wp\/v2\/media?parent=35723"}],"wp:term":[{"taxonomy":"product_cat","embeddable":true,"href":"https:\/\/inti.hr\/sr\/wp-json\/wp\/v2\/product_cat?post=35723"},{"taxonomy":"product_tag","embeddable":true,"href":"https:\/\/inti.hr\/sr\/wp-json\/wp\/v2\/product_tag?post=35723"}],"curies":[{"name":"wp","href":"https:\/\/api.w.org\/{rel}","templated":true}]}}