{"id":35745,"date":"2024-12-14T09:45:31","date_gmt":"2024-12-14T08:45:31","guid":{"rendered":"https:\/\/inti.hr\/product\/tv-stol-115x40x48-cm-s-dvojim-kliznim-vratima-izgled-hrasta\/"},"modified":"2024-12-14T09:45:31","modified_gmt":"2024-12-14T08:45:31","slug":"tv-stol-115x40x48-cm-s-dvojim-kliznim-vratima-izgled-hrasta","status":"publish","type":"product","link":"https:\/\/inti.hr\/sr\/proizvod\/tv-stol-115x40x48-cm-s-dvojim-kliznim-vratima-izgled-hrasta\/","title":{"rendered":"TV stol 115x40x48 cm s dvojim kliznim vratima izgled hrasta"},"content":{"rendered":"<p>Istaknuti proizvod:<\/p>\n<p>&#8211; Moderan i moderan TV stalak za va\u0161 \u017eivotni prostor<br \/>\n&#8211; Dvoja klizna vrata za dodatni prostor za pohranu unutra<br \/>\n&#8211; Noge TV postolja osiguravaju stabilan stalak<br \/>\n&#8211; Nenametljiv prolaz kabela u stra\u017enjoj stijenci<br \/>\n&#8211; Brza i jednostavna monta\u017ea<br \/>\n&#8211; \u0160tedi prostor i lako se \u010disti<\/p>\n<p>Masa:<\/p>\n<p>&#8211; Ukupno (Dx\u0160xV): 115 x 40 x 48 cm<br \/>\n&#8211; Klizna vrata (DxV): 56 x 14 cm svaka<br \/>\n&#8211; Visina tijela: 18 cm<\/p>\n<p>Materijal:<\/p>\n<p>&#8211; Korpus: iveral + MDF<br \/>\n&#8211; Noge: borovina<\/p>\n<p>Boja:<\/p>\n<p>Izgled hrasta<\/p>\n","protected":false},"excerpt":{"rendered":"<p><span>Na\u0161 stalak za TV jednostavan je i lak za sastavljanje, a &#8230; <\/p>\n","protected":false},"featured_media":35746,"template":"","meta":[],"product_cat":[2421],"product_tag":[3025,4589],"yoast_head":"<!-- This site is optimized with the Yoast SEO plugin v23.7 - https:\/\/yoast.com\/wordpress\/plugins\/seo\/ -->\n<title>TV stol 115x40x48 cm s dvojim kliznim vratima izgled hrasta - Inti<\/title>\n<meta name=\"description\" content=\"Na\u0161 stalak za TV jednostavan je i lak za sastavljanje, a sa svojim prirodnim dizajnom i prakti\u010dnim mogu\u0107nostima pohranjivanja elegantan je dodatak va\u0161oj dnevnoj sobi ili kutku za zabavu.To je savr\u0161eno rje\u0161enje za uredno i pregledno postavljanje va\u0161eg TV-a i svih povezanih ure\u0111aja. Elegantan dizajn TV stoli\u0107a besprijekorno se uklapa u razli\u010dite stilove dnevne sobe.Velikodu\u0161na plo\u010da stola nudi dovoljno prostora za va\u0161 televizor, dok unutra iza dvojih kliznih vrata ima dovoljno prostora za pohranu va\u0161ih DVD-ova, Blu-raya ili tehni\u010dkih ure\u0111aja poput prijemnika i igra\u0107ih konzola. Neupadljivi izlaz za kabel na stra\u017enjoj stijenci osigurava uredno provo\u0111enje kabela.Ukrasne noge stola osiguravaju \u010dvrsto postolje i sigurno skladi\u0161tenje va\u0161ih dragocjenih ure\u0111aja. Mo\u017eete se zavaliti i opustiti te u\u017eivati \u200b\u200bu svojim omiljenim emisijama ili filmovima bez brige o stabilnosti stola.Stol ima povr\u0161inu koja se lako odr\u017eava i omogu\u0107uje jednostavno \u010di\u0161\u0107enje. Pra\u0161inu i prljav\u0161tinu mo\u017eete jednostavno ukloniti vla\u017enom krpom.\" \/>\n<meta name=\"robots\" content=\"index, follow, max-snippet:-1, max-image-preview:large, max-video-preview:-1\" \/>\n<link rel=\"canonical\" href=\"https:\/\/inti.hr\/sr\/proizvod\/tv-stol-115x40x48-cm-s-dvojim-kliznim-vratima-izgled-hrasta\/\" \/>\n<meta property=\"og:locale\" content=\"sr_RS\" \/>\n<meta property=\"og:type\" content=\"article\" \/>\n<meta property=\"og:title\" content=\"TV stol 115x40x48 cm s dvojim kliznim vratima izgled hrasta - Inti\" \/>\n<meta property=\"og:description\" content=\"Na\u0161 stalak za TV jednostavan je i lak za sastavljanje, a sa svojim prirodnim dizajnom i prakti\u010dnim mogu\u0107nostima pohranjivanja elegantan je dodatak va\u0161oj dnevnoj sobi ili kutku za zabavu.To je savr\u0161eno rje\u0161enje za uredno i pregledno postavljanje va\u0161eg TV-a i svih povezanih ure\u0111aja. Elegantan dizajn TV stoli\u0107a besprijekorno se uklapa u razli\u010dite stilove dnevne sobe.Velikodu\u0161na plo\u010da stola nudi dovoljno prostora za va\u0161 televizor, dok unutra iza dvojih kliznih vrata ima dovoljno prostora za pohranu va\u0161ih DVD-ova, Blu-raya ili tehni\u010dkih ure\u0111aja poput prijemnika i igra\u0107ih konzola. Neupadljivi izlaz za kabel na stra\u017enjoj stijenci osigurava uredno provo\u0111enje kabela.Ukrasne noge stola osiguravaju \u010dvrsto postolje i sigurno skladi\u0161tenje va\u0161ih dragocjenih ure\u0111aja. Mo\u017eete se zavaliti i opustiti te u\u017eivati \u200b\u200bu svojim omiljenim emisijama ili filmovima bez brige o stabilnosti stola.Stol ima povr\u0161inu koja se lako odr\u017eava i omogu\u0107uje jednostavno \u010di\u0161\u0107enje. Pra\u0161inu i prljav\u0161tinu mo\u017eete jednostavno ukloniti vla\u017enom krpom.\" \/>\n<meta property=\"og:url\" content=\"https:\/\/inti.hr\/sr\/proizvod\/tv-stol-115x40x48-cm-s-dvojim-kliznim-vratima-izgled-hrasta\/\" \/>\n<meta property=\"og:site_name\" content=\"Inti\" \/>\n<meta property=\"og:image\" content=\"https:\/\/i0.wp.com\/inti.hr\/wp-content\/uploads\/2024\/12\/3bde4d1028581eb715ed9baaa076f6ae.jpg?fit=1400%2C1400&ssl=1\" \/>\n\t<meta property=\"og:image:width\" content=\"1400\" \/>\n\t<meta property=\"og:image:height\" content=\"1400\" \/>\n\t<meta property=\"og:image:type\" content=\"image\/jpeg\" \/>\n<meta name=\"twitter:card\" content=\"summary_large_image\" \/>\n<script type=\"application\/ld+json\" class=\"yoast-schema-graph\">{\"@context\":\"https:\/\/schema.org\",\"@graph\":[{\"@type\":\"WebPage\",\"@id\":\"https:\/\/inti.hr\/sr\/proizvod\/tv-stol-115x40x48-cm-s-dvojim-kliznim-vratima-izgled-hrasta\/\",\"url\":\"https:\/\/inti.hr\/sr\/proizvod\/tv-stol-115x40x48-cm-s-dvojim-kliznim-vratima-izgled-hrasta\/\",\"name\":\"TV stol 115x40x48 cm s dvojim kliznim vratima izgled hrasta - Inti\",\"isPartOf\":{\"@id\":\"https:\/\/inti.hr\/sr\/#website\"},\"primaryImageOfPage\":{\"@id\":\"https:\/\/inti.hr\/sr\/proizvod\/tv-stol-115x40x48-cm-s-dvojim-kliznim-vratima-izgled-hrasta\/#primaryimage\"},\"image\":{\"@id\":\"https:\/\/inti.hr\/sr\/proizvod\/tv-stol-115x40x48-cm-s-dvojim-kliznim-vratima-izgled-hrasta\/#primaryimage\"},\"thumbnailUrl\":\"https:\/\/i0.wp.com\/inti.hr\/wp-content\/uploads\/2024\/12\/3bde4d1028581eb715ed9baaa076f6ae.jpg?fit=1400%2C1400&ssl=1\",\"datePublished\":\"2024-12-14T08:45:31+00:00\",\"dateModified\":\"2024-12-14T08:45:31+00:00\",\"description\":\"Na\u0161 stalak za TV jednostavan je i lak za sastavljanje, a sa svojim prirodnim dizajnom i prakti\u010dnim mogu\u0107nostima pohranjivanja elegantan je dodatak va\u0161oj dnevnoj sobi ili kutku za zabavu.To je savr\u0161eno rje\u0161enje za uredno i pregledno postavljanje va\u0161eg TV-a i svih povezanih ure\u0111aja. Elegantan dizajn TV stoli\u0107a besprijekorno se uklapa u razli\u010dite stilove dnevne sobe.Velikodu\u0161na plo\u010da stola nudi dovoljno prostora za va\u0161 televizor, dok unutra iza dvojih kliznih vrata ima dovoljno prostora za pohranu va\u0161ih DVD-ova, Blu-raya ili tehni\u010dkih ure\u0111aja poput prijemnika i igra\u0107ih konzola. Neupadljivi izlaz za kabel na stra\u017enjoj stijenci osigurava uredno provo\u0111enje kabela.Ukrasne noge stola osiguravaju \u010dvrsto postolje i sigurno skladi\u0161tenje va\u0161ih dragocjenih ure\u0111aja. Mo\u017eete se zavaliti i opustiti te u\u017eivati \u200b\u200bu svojim omiljenim emisijama ili filmovima bez brige o stabilnosti stola.Stol ima povr\u0161inu koja se lako odr\u017eava i omogu\u0107uje jednostavno \u010di\u0161\u0107enje. Pra\u0161inu i prljav\u0161tinu mo\u017eete jednostavno ukloniti vla\u017enom krpom.\",\"breadcrumb\":{\"@id\":\"https:\/\/inti.hr\/sr\/proizvod\/tv-stol-115x40x48-cm-s-dvojim-kliznim-vratima-izgled-hrasta\/#breadcrumb\"},\"inLanguage\":\"sr-RS\",\"potentialAction\":[{\"@type\":\"ReadAction\",\"target\":[\"https:\/\/inti.hr\/sr\/proizvod\/tv-stol-115x40x48-cm-s-dvojim-kliznim-vratima-izgled-hrasta\/\"]}]},{\"@type\":\"ImageObject\",\"inLanguage\":\"sr-RS\",\"@id\":\"https:\/\/inti.hr\/sr\/proizvod\/tv-stol-115x40x48-cm-s-dvojim-kliznim-vratima-izgled-hrasta\/#primaryimage\",\"url\":\"https:\/\/i0.wp.com\/inti.hr\/wp-content\/uploads\/2024\/12\/3bde4d1028581eb715ed9baaa076f6ae.jpg?fit=1400%2C1400&ssl=1\",\"contentUrl\":\"https:\/\/i0.wp.com\/inti.hr\/wp-content\/uploads\/2024\/12\/3bde4d1028581eb715ed9baaa076f6ae.jpg?fit=1400%2C1400&ssl=1\",\"width\":1400,\"height\":1400,\"caption\":\"Landskrona TV stol 115x40x48 cm s dvojim kliznim vratima izgled hrasta\"},{\"@type\":\"BreadcrumbList\",\"@id\":\"https:\/\/inti.hr\/sr\/proizvod\/tv-stol-115x40x48-cm-s-dvojim-kliznim-vratima-izgled-hrasta\/#breadcrumb\",\"itemListElement\":[{\"@type\":\"ListItem\",\"position\":1,\"name\":\"Po\u010detna stranica\",\"item\":\"https:\/\/inti.hr\/sr\/\"},{\"@type\":\"ListItem\",\"position\":2,\"name\":\"Prodavnica\",\"item\":\"https:\/\/inti.hr\/sr\/prodavnica\/\"},{\"@type\":\"ListItem\",\"position\":3,\"name\":\"TV stol 115x40x48 cm s dvojim kliznim vratima izgled hrasta\"}]},{\"@type\":\"WebSite\",\"@id\":\"https:\/\/inti.hr\/sr\/#website\",\"url\":\"https:\/\/inti.hr\/sr\/\",\"name\":\"Inti\",\"description\":\"trgovina\",\"potentialAction\":[{\"@type\":\"SearchAction\",\"target\":{\"@type\":\"EntryPoint\",\"urlTemplate\":\"https:\/\/inti.hr\/sr\/?s={search_term_string}\"},\"query-input\":{\"@type\":\"PropertyValueSpecification\",\"valueRequired\":true,\"valueName\":\"search_term_string\"}}],\"inLanguage\":\"sr-RS\"}]}<\/script>\n<!-- \/ Yoast SEO plugin. -->","yoast_head_json":{"title":"TV stol 115x40x48 cm s dvojim kliznim vratima izgled hrasta - Inti","description":"Na\u0161 stalak za TV jednostavan je i lak za sastavljanje, a sa svojim prirodnim dizajnom i prakti\u010dnim mogu\u0107nostima pohranjivanja elegantan je dodatak va\u0161oj dnevnoj sobi ili kutku za zabavu.To je savr\u0161eno rje\u0161enje za uredno i pregledno postavljanje va\u0161eg TV-a i svih povezanih ure\u0111aja. Elegantan dizajn TV stoli\u0107a besprijekorno se uklapa u razli\u010dite stilove dnevne sobe.Velikodu\u0161na plo\u010da stola nudi dovoljno prostora za va\u0161 televizor, dok unutra iza dvojih kliznih vrata ima dovoljno prostora za pohranu va\u0161ih DVD-ova, Blu-raya ili tehni\u010dkih ure\u0111aja poput prijemnika i igra\u0107ih konzola. Neupadljivi izlaz za kabel na stra\u017enjoj stijenci osigurava uredno provo\u0111enje kabela.Ukrasne noge stola osiguravaju \u010dvrsto postolje i sigurno skladi\u0161tenje va\u0161ih dragocjenih ure\u0111aja. Mo\u017eete se zavaliti i opustiti te u\u017eivati \u200b\u200bu svojim omiljenim emisijama ili filmovima bez brige o stabilnosti stola.Stol ima povr\u0161inu koja se lako odr\u017eava i omogu\u0107uje jednostavno \u010di\u0161\u0107enje. Pra\u0161inu i prljav\u0161tinu mo\u017eete jednostavno ukloniti vla\u017enom krpom.","robots":{"index":"index","follow":"follow","max-snippet":"max-snippet:-1","max-image-preview":"max-image-preview:large","max-video-preview":"max-video-preview:-1"},"canonical":"https:\/\/inti.hr\/sr\/proizvod\/tv-stol-115x40x48-cm-s-dvojim-kliznim-vratima-izgled-hrasta\/","og_locale":"sr_RS","og_type":"article","og_title":"TV stol 115x40x48 cm s dvojim kliznim vratima izgled hrasta - Inti","og_description":"Na\u0161 stalak za TV jednostavan je i lak za sastavljanje, a sa svojim prirodnim dizajnom i prakti\u010dnim mogu\u0107nostima pohranjivanja elegantan je dodatak va\u0161oj dnevnoj sobi ili kutku za zabavu.To je savr\u0161eno rje\u0161enje za uredno i pregledno postavljanje va\u0161eg TV-a i svih povezanih ure\u0111aja. Elegantan dizajn TV stoli\u0107a besprijekorno se uklapa u razli\u010dite stilove dnevne sobe.Velikodu\u0161na plo\u010da stola nudi dovoljno prostora za va\u0161 televizor, dok unutra iza dvojih kliznih vrata ima dovoljno prostora za pohranu va\u0161ih DVD-ova, Blu-raya ili tehni\u010dkih ure\u0111aja poput prijemnika i igra\u0107ih konzola. Neupadljivi izlaz za kabel na stra\u017enjoj stijenci osigurava uredno provo\u0111enje kabela.Ukrasne noge stola osiguravaju \u010dvrsto postolje i sigurno skladi\u0161tenje va\u0161ih dragocjenih ure\u0111aja. Mo\u017eete se zavaliti i opustiti te u\u017eivati \u200b\u200bu svojim omiljenim emisijama ili filmovima bez brige o stabilnosti stola.Stol ima povr\u0161inu koja se lako odr\u017eava i omogu\u0107uje jednostavno \u010di\u0161\u0107enje. Pra\u0161inu i prljav\u0161tinu mo\u017eete jednostavno ukloniti vla\u017enom krpom.","og_url":"https:\/\/inti.hr\/sr\/proizvod\/tv-stol-115x40x48-cm-s-dvojim-kliznim-vratima-izgled-hrasta\/","og_site_name":"Inti","og_image":[{"width":1400,"height":1400,"url":"https:\/\/i0.wp.com\/inti.hr\/wp-content\/uploads\/2024\/12\/3bde4d1028581eb715ed9baaa076f6ae.jpg?fit=1400%2C1400&ssl=1","type":"image\/jpeg"}],"twitter_card":"summary_large_image","schema":{"@context":"https:\/\/schema.org","@graph":[{"@type":"WebPage","@id":"https:\/\/inti.hr\/sr\/proizvod\/tv-stol-115x40x48-cm-s-dvojim-kliznim-vratima-izgled-hrasta\/","url":"https:\/\/inti.hr\/sr\/proizvod\/tv-stol-115x40x48-cm-s-dvojim-kliznim-vratima-izgled-hrasta\/","name":"TV stol 115x40x48 cm s dvojim kliznim vratima izgled hrasta - Inti","isPartOf":{"@id":"https:\/\/inti.hr\/sr\/#website"},"primaryImageOfPage":{"@id":"https:\/\/inti.hr\/sr\/proizvod\/tv-stol-115x40x48-cm-s-dvojim-kliznim-vratima-izgled-hrasta\/#primaryimage"},"image":{"@id":"https:\/\/inti.hr\/sr\/proizvod\/tv-stol-115x40x48-cm-s-dvojim-kliznim-vratima-izgled-hrasta\/#primaryimage"},"thumbnailUrl":"https:\/\/i0.wp.com\/inti.hr\/wp-content\/uploads\/2024\/12\/3bde4d1028581eb715ed9baaa076f6ae.jpg?fit=1400%2C1400&ssl=1","datePublished":"2024-12-14T08:45:31+00:00","dateModified":"2024-12-14T08:45:31+00:00","description":"Na\u0161 stalak za TV jednostavan je i lak za sastavljanje, a sa svojim prirodnim dizajnom i prakti\u010dnim mogu\u0107nostima pohranjivanja elegantan je dodatak va\u0161oj dnevnoj sobi ili kutku za zabavu.To je savr\u0161eno rje\u0161enje za uredno i pregledno postavljanje va\u0161eg TV-a i svih povezanih ure\u0111aja. Elegantan dizajn TV stoli\u0107a besprijekorno se uklapa u razli\u010dite stilove dnevne sobe.Velikodu\u0161na plo\u010da stola nudi dovoljno prostora za va\u0161 televizor, dok unutra iza dvojih kliznih vrata ima dovoljno prostora za pohranu va\u0161ih DVD-ova, Blu-raya ili tehni\u010dkih ure\u0111aja poput prijemnika i igra\u0107ih konzola. Neupadljivi izlaz za kabel na stra\u017enjoj stijenci osigurava uredno provo\u0111enje kabela.Ukrasne noge stola osiguravaju \u010dvrsto postolje i sigurno skladi\u0161tenje va\u0161ih dragocjenih ure\u0111aja. Mo\u017eete se zavaliti i opustiti te u\u017eivati \u200b\u200bu svojim omiljenim emisijama ili filmovima bez brige o stabilnosti stola.Stol ima povr\u0161inu koja se lako odr\u017eava i omogu\u0107uje jednostavno \u010di\u0161\u0107enje. Pra\u0161inu i prljav\u0161tinu mo\u017eete jednostavno ukloniti vla\u017enom krpom.","breadcrumb":{"@id":"https:\/\/inti.hr\/sr\/proizvod\/tv-stol-115x40x48-cm-s-dvojim-kliznim-vratima-izgled-hrasta\/#breadcrumb"},"inLanguage":"sr-RS","potentialAction":[{"@type":"ReadAction","target":["https:\/\/inti.hr\/sr\/proizvod\/tv-stol-115x40x48-cm-s-dvojim-kliznim-vratima-izgled-hrasta\/"]}]},{"@type":"ImageObject","inLanguage":"sr-RS","@id":"https:\/\/inti.hr\/sr\/proizvod\/tv-stol-115x40x48-cm-s-dvojim-kliznim-vratima-izgled-hrasta\/#primaryimage","url":"https:\/\/i0.wp.com\/inti.hr\/wp-content\/uploads\/2024\/12\/3bde4d1028581eb715ed9baaa076f6ae.jpg?fit=1400%2C1400&ssl=1","contentUrl":"https:\/\/i0.wp.com\/inti.hr\/wp-content\/uploads\/2024\/12\/3bde4d1028581eb715ed9baaa076f6ae.jpg?fit=1400%2C1400&ssl=1","width":1400,"height":1400,"caption":"Landskrona TV stol 115x40x48 cm s dvojim kliznim vratima izgled hrasta"},{"@type":"BreadcrumbList","@id":"https:\/\/inti.hr\/sr\/proizvod\/tv-stol-115x40x48-cm-s-dvojim-kliznim-vratima-izgled-hrasta\/#breadcrumb","itemListElement":[{"@type":"ListItem","position":1,"name":"Po\u010detna stranica","item":"https:\/\/inti.hr\/sr\/"},{"@type":"ListItem","position":2,"name":"Prodavnica","item":"https:\/\/inti.hr\/sr\/prodavnica\/"},{"@type":"ListItem","position":3,"name":"TV stol 115x40x48 cm s dvojim kliznim vratima izgled hrasta"}]},{"@type":"WebSite","@id":"https:\/\/inti.hr\/sr\/#website","url":"https:\/\/inti.hr\/sr\/","name":"Inti","description":"trgovina","potentialAction":[{"@type":"SearchAction","target":{"@type":"EntryPoint","urlTemplate":"https:\/\/inti.hr\/sr\/?s={search_term_string}"},"query-input":{"@type":"PropertyValueSpecification","valueRequired":true,"valueName":"search_term_string"}}],"inLanguage":"sr-RS"}]}},"jetpack_sharing_enabled":true,"jetpack-related-posts":[],"_links":{"self":[{"href":"https:\/\/inti.hr\/sr\/wp-json\/wp\/v2\/product\/35745"}],"collection":[{"href":"https:\/\/inti.hr\/sr\/wp-json\/wp\/v2\/product"}],"about":[{"href":"https:\/\/inti.hr\/sr\/wp-json\/wp\/v2\/types\/product"}],"wp:featuredmedia":[{"embeddable":true,"href":"https:\/\/inti.hr\/sr\/wp-json\/wp\/v2\/media\/35746"}],"wp:attachment":[{"href":"https:\/\/inti.hr\/sr\/wp-json\/wp\/v2\/media?parent=35745"}],"wp:term":[{"taxonomy":"product_cat","embeddable":true,"href":"https:\/\/inti.hr\/sr\/wp-json\/wp\/v2\/product_cat?post=35745"},{"taxonomy":"product_tag","embeddable":true,"href":"https:\/\/inti.hr\/sr\/wp-json\/wp\/v2\/product_tag?post=35745"}],"curies":[{"name":"wp","href":"https:\/\/api.w.org\/{rel}","templated":true}]}}