{"id":35761,"date":"2024-12-13T08:55:32","date_gmt":"2024-12-13T07:55:32","guid":{"rendered":"https:\/\/inti.hr\/product\/komoda-sa-9-ladica-i-led-rasvjetom-oblak-bijela\/"},"modified":"2024-12-13T08:55:32","modified_gmt":"2024-12-13T07:55:32","slug":"komoda-sa-9-ladica-i-led-rasvjetom-oblak-bijela","status":"publish","type":"product","link":"https:\/\/inti.hr\/sr\/proizvod\/komoda-sa-9-ladica-i-led-rasvjetom-oblak-bijela\/","title":{"rendered":"Komoda sa 9 ladica i LED rasvjetom, oblak bijela"},"content":{"rendered":"<ul>\n<li><b><span>Detalji proizvoda:<\/span><\/b><\/li>\n<li><span>Boja: oblak bijela<\/span><\/li>\n<li><span>Materijal: iverica, \u010delik, MDF (vlaknasta plo\u010da srednje gusto\u0107e), netkana tkanina, Oxford tkanina<\/span><\/li>\n<li><span>Veli\u010dina: 33,5 x 114 x 84 cm (D x \u0160 x V)<\/span><\/li>\n<li><span>Te\u017eina: 17,5 kg<\/span><\/li>\n<li><span>Maksimalna stati\u010dka nosivost podignute police: 10 kg<\/span><\/li>\n<li><span>Maksimalna stati\u010dka nosivost plo\u010de stola: 75 kg<\/span><\/li>\n<li><span>Maksimalna stati\u010dka nosivost svake ladice: 5 kg<\/span><\/li>\n<\/ul>\n","protected":false},"excerpt":{"rendered":"<p>Uz kontrolu na dodir mo\u017eete prilagoditi LED osvjetljenje i stvoriti atmosfersku &#8230; <\/p>\n","protected":false},"featured_media":35762,"template":"","meta":[],"product_cat":[2416],"product_tag":[3064,4595,2719],"yoast_head":"<!-- This site is optimized with the Yoast SEO plugin v23.7 - https:\/\/yoast.com\/wordpress\/plugins\/seo\/ -->\n<title>Komoda sa 9 ladica i LED rasvjetom, oblak bijela - Inti<\/title>\n<meta name=\"description\" content=\"Uz kontrolu na dodir mo\u017eete prilagoditi LED osvjetljenje i stvoriti atmosfersku atmosferu; 2 AC uti\u010dnice i 2 USB priklju\u010dka omogu\u0107uju vam jednostavno punjenje mobitela, stolne lampe i drugih ure\u0111aja. Zahvaljuju\u0107i vrhunskoj iverici, izdr\u017eljivoj tkanini i \u010dvrstom \u010deli\u010dnom okviru, ova komoda je izdr\u017eljiva i otporna; Podesive no\u017eice kompenziraju neravne podove. Sklopive ladice, ozna\u010deni dijelovi i jasne upute \u010dine sastavljanje 33,5 x 114 x 84 cm bijelog ormari\u0107a s ladicama jednostavnom. 9 prostranih ladica za razvrstavanje i spremanje odje\u0107e, deka, \u0161alova itd., otvoreni pretinci za lak pristup proizvodima za njegu ko\u017ee i parfemima, povi\u0161ena polica za ostale sitnice - sve ima svoje mjesto. Ovaj ormari\u0107 za pohranjivanje mo\u017ee se staviti ne samo u spava\u0107u sobu, ve\u0107 i u dnevni boravak ili hodnik. To zna\u010di da su va\u0161a odje\u0107a ili druge svakodnevne stvari uvijek uredno pospremljene.\" \/>\n<meta name=\"robots\" content=\"index, follow, max-snippet:-1, max-image-preview:large, max-video-preview:-1\" \/>\n<link rel=\"canonical\" href=\"https:\/\/inti.hr\/sr\/proizvod\/komoda-sa-9-ladica-i-led-rasvjetom-oblak-bijela\/\" \/>\n<meta property=\"og:locale\" content=\"sr_RS\" \/>\n<meta property=\"og:type\" content=\"article\" \/>\n<meta property=\"og:title\" content=\"Komoda sa 9 ladica i LED rasvjetom, oblak bijela - Inti\" \/>\n<meta property=\"og:description\" content=\"Uz kontrolu na dodir mo\u017eete prilagoditi LED osvjetljenje i stvoriti atmosfersku atmosferu; 2 AC uti\u010dnice i 2 USB priklju\u010dka omogu\u0107uju vam jednostavno punjenje mobitela, stolne lampe i drugih ure\u0111aja. Zahvaljuju\u0107i vrhunskoj iverici, izdr\u017eljivoj tkanini i \u010dvrstom \u010deli\u010dnom okviru, ova komoda je izdr\u017eljiva i otporna; Podesive no\u017eice kompenziraju neravne podove. Sklopive ladice, ozna\u010deni dijelovi i jasne upute \u010dine sastavljanje 33,5 x 114 x 84 cm bijelog ormari\u0107a s ladicama jednostavnom. 9 prostranih ladica za razvrstavanje i spremanje odje\u0107e, deka, \u0161alova itd., otvoreni pretinci za lak pristup proizvodima za njegu ko\u017ee i parfemima, povi\u0161ena polica za ostale sitnice - sve ima svoje mjesto. Ovaj ormari\u0107 za pohranjivanje mo\u017ee se staviti ne samo u spava\u0107u sobu, ve\u0107 i u dnevni boravak ili hodnik. To zna\u010di da su va\u0161a odje\u0107a ili druge svakodnevne stvari uvijek uredno pospremljene.\" \/>\n<meta property=\"og:url\" content=\"https:\/\/inti.hr\/sr\/proizvod\/komoda-sa-9-ladica-i-led-rasvjetom-oblak-bijela\/\" \/>\n<meta property=\"og:site_name\" content=\"Inti\" \/>\n<meta property=\"og:image\" content=\"https:\/\/i0.wp.com\/inti.hr\/wp-content\/uploads\/2024\/12\/LTS519W02-1.jpg?fit=1000%2C1000&ssl=1\" \/>\n\t<meta property=\"og:image:width\" content=\"1000\" \/>\n\t<meta property=\"og:image:height\" content=\"1000\" \/>\n\t<meta property=\"og:image:type\" content=\"image\/jpeg\" \/>\n<meta name=\"twitter:card\" content=\"summary_large_image\" \/>\n<script type=\"application\/ld+json\" class=\"yoast-schema-graph\">{\"@context\":\"https:\/\/schema.org\",\"@graph\":[{\"@type\":\"WebPage\",\"@id\":\"https:\/\/inti.hr\/sr\/proizvod\/komoda-sa-9-ladica-i-led-rasvjetom-oblak-bijela\/\",\"url\":\"https:\/\/inti.hr\/sr\/proizvod\/komoda-sa-9-ladica-i-led-rasvjetom-oblak-bijela\/\",\"name\":\"Komoda sa 9 ladica i LED rasvjetom, oblak bijela - Inti\",\"isPartOf\":{\"@id\":\"https:\/\/inti.hr\/sr\/#website\"},\"primaryImageOfPage\":{\"@id\":\"https:\/\/inti.hr\/sr\/proizvod\/komoda-sa-9-ladica-i-led-rasvjetom-oblak-bijela\/#primaryimage\"},\"image\":{\"@id\":\"https:\/\/inti.hr\/sr\/proizvod\/komoda-sa-9-ladica-i-led-rasvjetom-oblak-bijela\/#primaryimage\"},\"thumbnailUrl\":\"https:\/\/i0.wp.com\/inti.hr\/wp-content\/uploads\/2024\/12\/LTS519W02-1.jpg?fit=1000%2C1000&ssl=1\",\"datePublished\":\"2024-12-13T07:55:32+00:00\",\"dateModified\":\"2024-12-13T07:55:32+00:00\",\"description\":\"Uz kontrolu na dodir mo\u017eete prilagoditi LED osvjetljenje i stvoriti atmosfersku atmosferu; 2 AC uti\u010dnice i 2 USB priklju\u010dka omogu\u0107uju vam jednostavno punjenje mobitela, stolne lampe i drugih ure\u0111aja. Zahvaljuju\u0107i vrhunskoj iverici, izdr\u017eljivoj tkanini i \u010dvrstom \u010deli\u010dnom okviru, ova komoda je izdr\u017eljiva i otporna; Podesive no\u017eice kompenziraju neravne podove. Sklopive ladice, ozna\u010deni dijelovi i jasne upute \u010dine sastavljanje 33,5 x 114 x 84 cm bijelog ormari\u0107a s ladicama jednostavnom. 9 prostranih ladica za razvrstavanje i spremanje odje\u0107e, deka, \u0161alova itd., otvoreni pretinci za lak pristup proizvodima za njegu ko\u017ee i parfemima, povi\u0161ena polica za ostale sitnice - sve ima svoje mjesto. Ovaj ormari\u0107 za pohranjivanje mo\u017ee se staviti ne samo u spava\u0107u sobu, ve\u0107 i u dnevni boravak ili hodnik. To zna\u010di da su va\u0161a odje\u0107a ili druge svakodnevne stvari uvijek uredno pospremljene.\",\"breadcrumb\":{\"@id\":\"https:\/\/inti.hr\/sr\/proizvod\/komoda-sa-9-ladica-i-led-rasvjetom-oblak-bijela\/#breadcrumb\"},\"inLanguage\":\"sr-RS\",\"potentialAction\":[{\"@type\":\"ReadAction\",\"target\":[\"https:\/\/inti.hr\/sr\/proizvod\/komoda-sa-9-ladica-i-led-rasvjetom-oblak-bijela\/\"]}]},{\"@type\":\"ImageObject\",\"inLanguage\":\"sr-RS\",\"@id\":\"https:\/\/inti.hr\/sr\/proizvod\/komoda-sa-9-ladica-i-led-rasvjetom-oblak-bijela\/#primaryimage\",\"url\":\"https:\/\/i0.wp.com\/inti.hr\/wp-content\/uploads\/2024\/12\/LTS519W02-1.jpg?fit=1000%2C1000&ssl=1\",\"contentUrl\":\"https:\/\/i0.wp.com\/inti.hr\/wp-content\/uploads\/2024\/12\/LTS519W02-1.jpg?fit=1000%2C1000&ssl=1\",\"width\":1000,\"height\":1000,\"caption\":\"SONGMICS komoda sa 9 ladica i LED rasvjetom, oblak bijela\"},{\"@type\":\"BreadcrumbList\",\"@id\":\"https:\/\/inti.hr\/sr\/proizvod\/komoda-sa-9-ladica-i-led-rasvjetom-oblak-bijela\/#breadcrumb\",\"itemListElement\":[{\"@type\":\"ListItem\",\"position\":1,\"name\":\"Po\u010detna stranica\",\"item\":\"https:\/\/inti.hr\/sr\/\"},{\"@type\":\"ListItem\",\"position\":2,\"name\":\"Prodavnica\",\"item\":\"https:\/\/inti.hr\/sr\/prodavnica\/\"},{\"@type\":\"ListItem\",\"position\":3,\"name\":\"Komoda sa 9 ladica i LED rasvjetom, oblak bijela\"}]},{\"@type\":\"WebSite\",\"@id\":\"https:\/\/inti.hr\/sr\/#website\",\"url\":\"https:\/\/inti.hr\/sr\/\",\"name\":\"Inti\",\"description\":\"trgovina\",\"potentialAction\":[{\"@type\":\"SearchAction\",\"target\":{\"@type\":\"EntryPoint\",\"urlTemplate\":\"https:\/\/inti.hr\/sr\/?s={search_term_string}\"},\"query-input\":{\"@type\":\"PropertyValueSpecification\",\"valueRequired\":true,\"valueName\":\"search_term_string\"}}],\"inLanguage\":\"sr-RS\"}]}<\/script>\n<!-- \/ Yoast SEO plugin. -->","yoast_head_json":{"title":"Komoda sa 9 ladica i LED rasvjetom, oblak bijela - Inti","description":"Uz kontrolu na dodir mo\u017eete prilagoditi LED osvjetljenje i stvoriti atmosfersku atmosferu; 2 AC uti\u010dnice i 2 USB priklju\u010dka omogu\u0107uju vam jednostavno punjenje mobitela, stolne lampe i drugih ure\u0111aja. Zahvaljuju\u0107i vrhunskoj iverici, izdr\u017eljivoj tkanini i \u010dvrstom \u010deli\u010dnom okviru, ova komoda je izdr\u017eljiva i otporna; Podesive no\u017eice kompenziraju neravne podove. Sklopive ladice, ozna\u010deni dijelovi i jasne upute \u010dine sastavljanje 33,5 x 114 x 84 cm bijelog ormari\u0107a s ladicama jednostavnom. 9 prostranih ladica za razvrstavanje i spremanje odje\u0107e, deka, \u0161alova itd., otvoreni pretinci za lak pristup proizvodima za njegu ko\u017ee i parfemima, povi\u0161ena polica za ostale sitnice - sve ima svoje mjesto. Ovaj ormari\u0107 za pohranjivanje mo\u017ee se staviti ne samo u spava\u0107u sobu, ve\u0107 i u dnevni boravak ili hodnik. To zna\u010di da su va\u0161a odje\u0107a ili druge svakodnevne stvari uvijek uredno pospremljene.","robots":{"index":"index","follow":"follow","max-snippet":"max-snippet:-1","max-image-preview":"max-image-preview:large","max-video-preview":"max-video-preview:-1"},"canonical":"https:\/\/inti.hr\/sr\/proizvod\/komoda-sa-9-ladica-i-led-rasvjetom-oblak-bijela\/","og_locale":"sr_RS","og_type":"article","og_title":"Komoda sa 9 ladica i LED rasvjetom, oblak bijela - Inti","og_description":"Uz kontrolu na dodir mo\u017eete prilagoditi LED osvjetljenje i stvoriti atmosfersku atmosferu; 2 AC uti\u010dnice i 2 USB priklju\u010dka omogu\u0107uju vam jednostavno punjenje mobitela, stolne lampe i drugih ure\u0111aja. Zahvaljuju\u0107i vrhunskoj iverici, izdr\u017eljivoj tkanini i \u010dvrstom \u010deli\u010dnom okviru, ova komoda je izdr\u017eljiva i otporna; Podesive no\u017eice kompenziraju neravne podove. Sklopive ladice, ozna\u010deni dijelovi i jasne upute \u010dine sastavljanje 33,5 x 114 x 84 cm bijelog ormari\u0107a s ladicama jednostavnom. 9 prostranih ladica za razvrstavanje i spremanje odje\u0107e, deka, \u0161alova itd., otvoreni pretinci za lak pristup proizvodima za njegu ko\u017ee i parfemima, povi\u0161ena polica za ostale sitnice - sve ima svoje mjesto. Ovaj ormari\u0107 za pohranjivanje mo\u017ee se staviti ne samo u spava\u0107u sobu, ve\u0107 i u dnevni boravak ili hodnik. To zna\u010di da su va\u0161a odje\u0107a ili druge svakodnevne stvari uvijek uredno pospremljene.","og_url":"https:\/\/inti.hr\/sr\/proizvod\/komoda-sa-9-ladica-i-led-rasvjetom-oblak-bijela\/","og_site_name":"Inti","og_image":[{"width":1000,"height":1000,"url":"https:\/\/i0.wp.com\/inti.hr\/wp-content\/uploads\/2024\/12\/LTS519W02-1.jpg?fit=1000%2C1000&ssl=1","type":"image\/jpeg"}],"twitter_card":"summary_large_image","schema":{"@context":"https:\/\/schema.org","@graph":[{"@type":"WebPage","@id":"https:\/\/inti.hr\/sr\/proizvod\/komoda-sa-9-ladica-i-led-rasvjetom-oblak-bijela\/","url":"https:\/\/inti.hr\/sr\/proizvod\/komoda-sa-9-ladica-i-led-rasvjetom-oblak-bijela\/","name":"Komoda sa 9 ladica i LED rasvjetom, oblak bijela - Inti","isPartOf":{"@id":"https:\/\/inti.hr\/sr\/#website"},"primaryImageOfPage":{"@id":"https:\/\/inti.hr\/sr\/proizvod\/komoda-sa-9-ladica-i-led-rasvjetom-oblak-bijela\/#primaryimage"},"image":{"@id":"https:\/\/inti.hr\/sr\/proizvod\/komoda-sa-9-ladica-i-led-rasvjetom-oblak-bijela\/#primaryimage"},"thumbnailUrl":"https:\/\/i0.wp.com\/inti.hr\/wp-content\/uploads\/2024\/12\/LTS519W02-1.jpg?fit=1000%2C1000&ssl=1","datePublished":"2024-12-13T07:55:32+00:00","dateModified":"2024-12-13T07:55:32+00:00","description":"Uz kontrolu na dodir mo\u017eete prilagoditi LED osvjetljenje i stvoriti atmosfersku atmosferu; 2 AC uti\u010dnice i 2 USB priklju\u010dka omogu\u0107uju vam jednostavno punjenje mobitela, stolne lampe i drugih ure\u0111aja. Zahvaljuju\u0107i vrhunskoj iverici, izdr\u017eljivoj tkanini i \u010dvrstom \u010deli\u010dnom okviru, ova komoda je izdr\u017eljiva i otporna; Podesive no\u017eice kompenziraju neravne podove. Sklopive ladice, ozna\u010deni dijelovi i jasne upute \u010dine sastavljanje 33,5 x 114 x 84 cm bijelog ormari\u0107a s ladicama jednostavnom. 9 prostranih ladica za razvrstavanje i spremanje odje\u0107e, deka, \u0161alova itd., otvoreni pretinci za lak pristup proizvodima za njegu ko\u017ee i parfemima, povi\u0161ena polica za ostale sitnice - sve ima svoje mjesto. Ovaj ormari\u0107 za pohranjivanje mo\u017ee se staviti ne samo u spava\u0107u sobu, ve\u0107 i u dnevni boravak ili hodnik. To zna\u010di da su va\u0161a odje\u0107a ili druge svakodnevne stvari uvijek uredno pospremljene.","breadcrumb":{"@id":"https:\/\/inti.hr\/sr\/proizvod\/komoda-sa-9-ladica-i-led-rasvjetom-oblak-bijela\/#breadcrumb"},"inLanguage":"sr-RS","potentialAction":[{"@type":"ReadAction","target":["https:\/\/inti.hr\/sr\/proizvod\/komoda-sa-9-ladica-i-led-rasvjetom-oblak-bijela\/"]}]},{"@type":"ImageObject","inLanguage":"sr-RS","@id":"https:\/\/inti.hr\/sr\/proizvod\/komoda-sa-9-ladica-i-led-rasvjetom-oblak-bijela\/#primaryimage","url":"https:\/\/i0.wp.com\/inti.hr\/wp-content\/uploads\/2024\/12\/LTS519W02-1.jpg?fit=1000%2C1000&ssl=1","contentUrl":"https:\/\/i0.wp.com\/inti.hr\/wp-content\/uploads\/2024\/12\/LTS519W02-1.jpg?fit=1000%2C1000&ssl=1","width":1000,"height":1000,"caption":"SONGMICS komoda sa 9 ladica i LED rasvjetom, oblak bijela"},{"@type":"BreadcrumbList","@id":"https:\/\/inti.hr\/sr\/proizvod\/komoda-sa-9-ladica-i-led-rasvjetom-oblak-bijela\/#breadcrumb","itemListElement":[{"@type":"ListItem","position":1,"name":"Po\u010detna stranica","item":"https:\/\/inti.hr\/sr\/"},{"@type":"ListItem","position":2,"name":"Prodavnica","item":"https:\/\/inti.hr\/sr\/prodavnica\/"},{"@type":"ListItem","position":3,"name":"Komoda sa 9 ladica i LED rasvjetom, oblak bijela"}]},{"@type":"WebSite","@id":"https:\/\/inti.hr\/sr\/#website","url":"https:\/\/inti.hr\/sr\/","name":"Inti","description":"trgovina","potentialAction":[{"@type":"SearchAction","target":{"@type":"EntryPoint","urlTemplate":"https:\/\/inti.hr\/sr\/?s={search_term_string}"},"query-input":{"@type":"PropertyValueSpecification","valueRequired":true,"valueName":"search_term_string"}}],"inLanguage":"sr-RS"}]}},"jetpack_sharing_enabled":true,"jetpack-related-posts":[],"_links":{"self":[{"href":"https:\/\/inti.hr\/sr\/wp-json\/wp\/v2\/product\/35761"}],"collection":[{"href":"https:\/\/inti.hr\/sr\/wp-json\/wp\/v2\/product"}],"about":[{"href":"https:\/\/inti.hr\/sr\/wp-json\/wp\/v2\/types\/product"}],"wp:featuredmedia":[{"embeddable":true,"href":"https:\/\/inti.hr\/sr\/wp-json\/wp\/v2\/media\/35762"}],"wp:attachment":[{"href":"https:\/\/inti.hr\/sr\/wp-json\/wp\/v2\/media?parent=35761"}],"wp:term":[{"taxonomy":"product_cat","embeddable":true,"href":"https:\/\/inti.hr\/sr\/wp-json\/wp\/v2\/product_cat?post=35761"},{"taxonomy":"product_tag","embeddable":true,"href":"https:\/\/inti.hr\/sr\/wp-json\/wp\/v2\/product_tag?post=35761"}],"curies":[{"name":"wp","href":"https:\/\/api.w.org\/{rel}","templated":true}]}}