{"id":35841,"date":"2024-10-09T12:00:02","date_gmt":"2024-10-09T11:00:02","guid":{"rendered":"https:\/\/inti.hr\/product\/vasagle-barske-stolice-set-od-2\/"},"modified":"2024-10-09T12:00:02","modified_gmt":"2024-10-09T11:00:02","slug":"vasagle-barske-stolice-set-od-2","status":"publish","type":"product","link":"https:\/\/inti.hr\/sr\/proizvod\/vasagle-barske-stolice-set-od-2\/","title":{"rendered":"VASAGLE barske stolice set od 2"},"content":{"rendered":"<ul>\n<li><b><span>Detalji proizvoda:<\/span><\/b><\/li>\n<li><span>Materijal: flis, PU ko\u017ea, metal<\/span><\/li>\n<li><span>Veli\u010dina po stolcu: 52,5 x 50 x (97,5-108,5) cm (D x \u0160 x V)<\/span><\/li>\n<li><span>Visina sjedala (od poda): 60-81 cm<\/span><\/li>\n<li><span>Veli\u010dina sjedala: 41 x 43 cm (D x \u0160)<\/span><\/li>\n<li><span>Visina naslona: 37,5 cm<\/span><\/li>\n<li><span>Veli\u010dina baze: 45 cm d<\/span><\/li>\n<li><span>Ukupna te\u017eina: 15,2 kg<\/span><\/li>\n<li><span>Maksimalna stati\u010dka nosivost po stolici: 100 kg<\/span><\/li>\n<\/ul>\n","protected":false},"excerpt":{"rendered":"<p>Sjednite na veliki, dobro podstavljeni jastuk (debljine 5 cm), podesite visinu &#8230; <\/p>\n","protected":false},"featured_media":35842,"template":"","meta":[],"product_cat":[2573],"product_tag":[2629,2574],"yoast_head":"<!-- This site is optimized with the Yoast SEO plugin v23.7 - https:\/\/yoast.com\/wordpress\/plugins\/seo\/ -->\n<title>VASAGLE barske stolice set od 2 - Inti<\/title>\n<meta name=\"description\" content=\"Sjednite na veliki, dobro podstavljeni jastuk (debljine 5 cm), podesite visinu sjedala, stavite noge na oslonac za noge - u\u017eivajte u udobnom iskustvu sjedenja ove stolice u potpunosti. Povr\u0161ina PU sa stra\u017enje strane mo\u017ee se lako o\u010distiti krpom. Navlaka jastuka je skidiva i mo\u017ee se prati ru\u010dno, ali ne smije se prati u perilici. Pri\u010dvrstite plinski cilindar na sjedalo i bazu - sve \u0161to trebate u\u010diniti je zategnuti 4 vijka i va\u0161a siva ra\u010dunalna stolica je spremna. Bar\u0161unasta prednja i PU stra\u017enja strana uskla\u0111ene su bojama, daju\u0107i ovom barskom stolcu jedinstven stil i elegantan izgled. Molimo sjednite! Ne brinite o stabilnosti ove barske stolice. 45 cm d ve\u0107a baza, uparena s visokokvalitetnim plinskim tla\u010dnim cilindrom, nudi pouzdano dr\u017eanje.\u00a0\" \/>\n<meta name=\"robots\" content=\"index, follow, max-snippet:-1, max-image-preview:large, max-video-preview:-1\" \/>\n<link rel=\"canonical\" href=\"https:\/\/inti.hr\/sr\/proizvod\/vasagle-barske-stolice-set-od-2\/\" \/>\n<meta property=\"og:locale\" content=\"sr_RS\" \/>\n<meta property=\"og:type\" content=\"article\" \/>\n<meta property=\"og:title\" content=\"VASAGLE barske stolice set od 2 - Inti\" \/>\n<meta property=\"og:description\" content=\"Sjednite na veliki, dobro podstavljeni jastuk (debljine 5 cm), podesite visinu sjedala, stavite noge na oslonac za noge - u\u017eivajte u udobnom iskustvu sjedenja ove stolice u potpunosti. Povr\u0161ina PU sa stra\u017enje strane mo\u017ee se lako o\u010distiti krpom. Navlaka jastuka je skidiva i mo\u017ee se prati ru\u010dno, ali ne smije se prati u perilici. Pri\u010dvrstite plinski cilindar na sjedalo i bazu - sve \u0161to trebate u\u010diniti je zategnuti 4 vijka i va\u0161a siva ra\u010dunalna stolica je spremna. Bar\u0161unasta prednja i PU stra\u017enja strana uskla\u0111ene su bojama, daju\u0107i ovom barskom stolcu jedinstven stil i elegantan izgled. Molimo sjednite! Ne brinite o stabilnosti ove barske stolice. 45 cm d ve\u0107a baza, uparena s visokokvalitetnim plinskim tla\u010dnim cilindrom, nudi pouzdano dr\u017eanje.\u00a0\" \/>\n<meta property=\"og:url\" content=\"https:\/\/inti.hr\/sr\/proizvod\/vasagle-barske-stolice-set-od-2\/\" \/>\n<meta property=\"og:site_name\" content=\"Inti\" \/>\n<meta property=\"og:image\" content=\"https:\/\/i0.wp.com\/inti.hr\/wp-content\/uploads\/2024\/10\/LJB110K01-2.jpg?fit=800%2C1000&ssl=1\" \/>\n\t<meta property=\"og:image:width\" content=\"800\" \/>\n\t<meta property=\"og:image:height\" content=\"1000\" \/>\n\t<meta property=\"og:image:type\" content=\"image\/jpeg\" \/>\n<meta name=\"twitter:card\" content=\"summary_large_image\" \/>\n<script type=\"application\/ld+json\" class=\"yoast-schema-graph\">{\"@context\":\"https:\/\/schema.org\",\"@graph\":[{\"@type\":\"WebPage\",\"@id\":\"https:\/\/inti.hr\/sr\/proizvod\/vasagle-barske-stolice-set-od-2\/\",\"url\":\"https:\/\/inti.hr\/sr\/proizvod\/vasagle-barske-stolice-set-od-2\/\",\"name\":\"VASAGLE barske stolice set od 2 - Inti\",\"isPartOf\":{\"@id\":\"https:\/\/inti.hr\/sr\/#website\"},\"primaryImageOfPage\":{\"@id\":\"https:\/\/inti.hr\/sr\/proizvod\/vasagle-barske-stolice-set-od-2\/#primaryimage\"},\"image\":{\"@id\":\"https:\/\/inti.hr\/sr\/proizvod\/vasagle-barske-stolice-set-od-2\/#primaryimage\"},\"thumbnailUrl\":\"https:\/\/i0.wp.com\/inti.hr\/wp-content\/uploads\/2024\/10\/LJB110K01-2.jpg?fit=800%2C1000&ssl=1\",\"datePublished\":\"2024-10-09T11:00:02+00:00\",\"dateModified\":\"2024-10-09T11:00:02+00:00\",\"description\":\"Sjednite na veliki, dobro podstavljeni jastuk (debljine 5 cm), podesite visinu sjedala, stavite noge na oslonac za noge - u\u017eivajte u udobnom iskustvu sjedenja ove stolice u potpunosti. Povr\u0161ina PU sa stra\u017enje strane mo\u017ee se lako o\u010distiti krpom. Navlaka jastuka je skidiva i mo\u017ee se prati ru\u010dno, ali ne smije se prati u perilici. Pri\u010dvrstite plinski cilindar na sjedalo i bazu - sve \u0161to trebate u\u010diniti je zategnuti 4 vijka i va\u0161a siva ra\u010dunalna stolica je spremna. Bar\u0161unasta prednja i PU stra\u017enja strana uskla\u0111ene su bojama, daju\u0107i ovom barskom stolcu jedinstven stil i elegantan izgled. Molimo sjednite! Ne brinite o stabilnosti ove barske stolice. 45 cm d ve\u0107a baza, uparena s visokokvalitetnim plinskim tla\u010dnim cilindrom, nudi pouzdano dr\u017eanje.\u00a0\",\"breadcrumb\":{\"@id\":\"https:\/\/inti.hr\/sr\/proizvod\/vasagle-barske-stolice-set-od-2\/#breadcrumb\"},\"inLanguage\":\"sr-RS\",\"potentialAction\":[{\"@type\":\"ReadAction\",\"target\":[\"https:\/\/inti.hr\/sr\/proizvod\/vasagle-barske-stolice-set-od-2\/\"]}]},{\"@type\":\"ImageObject\",\"inLanguage\":\"sr-RS\",\"@id\":\"https:\/\/inti.hr\/sr\/proizvod\/vasagle-barske-stolice-set-od-2\/#primaryimage\",\"url\":\"https:\/\/i0.wp.com\/inti.hr\/wp-content\/uploads\/2024\/10\/LJB110K01-2.jpg?fit=800%2C1000&ssl=1\",\"contentUrl\":\"https:\/\/i0.wp.com\/inti.hr\/wp-content\/uploads\/2024\/10\/LJB110K01-2.jpg?fit=800%2C1000&ssl=1\",\"width\":800,\"height\":1000,\"caption\":\"VASAGLE barske stolice set od 2 golubice sivo-crne podesive visine\"},{\"@type\":\"BreadcrumbList\",\"@id\":\"https:\/\/inti.hr\/sr\/proizvod\/vasagle-barske-stolice-set-od-2\/#breadcrumb\",\"itemListElement\":[{\"@type\":\"ListItem\",\"position\":1,\"name\":\"Po\u010detna stranica\",\"item\":\"https:\/\/inti.hr\/sr\/\"},{\"@type\":\"ListItem\",\"position\":2,\"name\":\"Prodavnica\",\"item\":\"https:\/\/inti.hr\/sr\/prodavnica\/\"},{\"@type\":\"ListItem\",\"position\":3,\"name\":\"VASAGLE barske stolice set od 2\"}]},{\"@type\":\"WebSite\",\"@id\":\"https:\/\/inti.hr\/sr\/#website\",\"url\":\"https:\/\/inti.hr\/sr\/\",\"name\":\"Inti\",\"description\":\"trgovina\",\"potentialAction\":[{\"@type\":\"SearchAction\",\"target\":{\"@type\":\"EntryPoint\",\"urlTemplate\":\"https:\/\/inti.hr\/sr\/?s={search_term_string}\"},\"query-input\":{\"@type\":\"PropertyValueSpecification\",\"valueRequired\":true,\"valueName\":\"search_term_string\"}}],\"inLanguage\":\"sr-RS\"}]}<\/script>\n<!-- \/ Yoast SEO plugin. -->","yoast_head_json":{"title":"VASAGLE barske stolice set od 2 - Inti","description":"Sjednite na veliki, dobro podstavljeni jastuk (debljine 5 cm), podesite visinu sjedala, stavite noge na oslonac za noge - u\u017eivajte u udobnom iskustvu sjedenja ove stolice u potpunosti. Povr\u0161ina PU sa stra\u017enje strane mo\u017ee se lako o\u010distiti krpom. Navlaka jastuka je skidiva i mo\u017ee se prati ru\u010dno, ali ne smije se prati u perilici. Pri\u010dvrstite plinski cilindar na sjedalo i bazu - sve \u0161to trebate u\u010diniti je zategnuti 4 vijka i va\u0161a siva ra\u010dunalna stolica je spremna. Bar\u0161unasta prednja i PU stra\u017enja strana uskla\u0111ene su bojama, daju\u0107i ovom barskom stolcu jedinstven stil i elegantan izgled. Molimo sjednite! Ne brinite o stabilnosti ove barske stolice. 45 cm d ve\u0107a baza, uparena s visokokvalitetnim plinskim tla\u010dnim cilindrom, nudi pouzdano dr\u017eanje.\u00a0","robots":{"index":"index","follow":"follow","max-snippet":"max-snippet:-1","max-image-preview":"max-image-preview:large","max-video-preview":"max-video-preview:-1"},"canonical":"https:\/\/inti.hr\/sr\/proizvod\/vasagle-barske-stolice-set-od-2\/","og_locale":"sr_RS","og_type":"article","og_title":"VASAGLE barske stolice set od 2 - Inti","og_description":"Sjednite na veliki, dobro podstavljeni jastuk (debljine 5 cm), podesite visinu sjedala, stavite noge na oslonac za noge - u\u017eivajte u udobnom iskustvu sjedenja ove stolice u potpunosti. Povr\u0161ina PU sa stra\u017enje strane mo\u017ee se lako o\u010distiti krpom. Navlaka jastuka je skidiva i mo\u017ee se prati ru\u010dno, ali ne smije se prati u perilici. Pri\u010dvrstite plinski cilindar na sjedalo i bazu - sve \u0161to trebate u\u010diniti je zategnuti 4 vijka i va\u0161a siva ra\u010dunalna stolica je spremna. Bar\u0161unasta prednja i PU stra\u017enja strana uskla\u0111ene su bojama, daju\u0107i ovom barskom stolcu jedinstven stil i elegantan izgled. Molimo sjednite! Ne brinite o stabilnosti ove barske stolice. 45 cm d ve\u0107a baza, uparena s visokokvalitetnim plinskim tla\u010dnim cilindrom, nudi pouzdano dr\u017eanje.\u00a0","og_url":"https:\/\/inti.hr\/sr\/proizvod\/vasagle-barske-stolice-set-od-2\/","og_site_name":"Inti","og_image":[{"width":800,"height":1000,"url":"https:\/\/i0.wp.com\/inti.hr\/wp-content\/uploads\/2024\/10\/LJB110K01-2.jpg?fit=800%2C1000&ssl=1","type":"image\/jpeg"}],"twitter_card":"summary_large_image","schema":{"@context":"https:\/\/schema.org","@graph":[{"@type":"WebPage","@id":"https:\/\/inti.hr\/sr\/proizvod\/vasagle-barske-stolice-set-od-2\/","url":"https:\/\/inti.hr\/sr\/proizvod\/vasagle-barske-stolice-set-od-2\/","name":"VASAGLE barske stolice set od 2 - Inti","isPartOf":{"@id":"https:\/\/inti.hr\/sr\/#website"},"primaryImageOfPage":{"@id":"https:\/\/inti.hr\/sr\/proizvod\/vasagle-barske-stolice-set-od-2\/#primaryimage"},"image":{"@id":"https:\/\/inti.hr\/sr\/proizvod\/vasagle-barske-stolice-set-od-2\/#primaryimage"},"thumbnailUrl":"https:\/\/i0.wp.com\/inti.hr\/wp-content\/uploads\/2024\/10\/LJB110K01-2.jpg?fit=800%2C1000&ssl=1","datePublished":"2024-10-09T11:00:02+00:00","dateModified":"2024-10-09T11:00:02+00:00","description":"Sjednite na veliki, dobro podstavljeni jastuk (debljine 5 cm), podesite visinu sjedala, stavite noge na oslonac za noge - u\u017eivajte u udobnom iskustvu sjedenja ove stolice u potpunosti. Povr\u0161ina PU sa stra\u017enje strane mo\u017ee se lako o\u010distiti krpom. Navlaka jastuka je skidiva i mo\u017ee se prati ru\u010dno, ali ne smije se prati u perilici. Pri\u010dvrstite plinski cilindar na sjedalo i bazu - sve \u0161to trebate u\u010diniti je zategnuti 4 vijka i va\u0161a siva ra\u010dunalna stolica je spremna. Bar\u0161unasta prednja i PU stra\u017enja strana uskla\u0111ene su bojama, daju\u0107i ovom barskom stolcu jedinstven stil i elegantan izgled. Molimo sjednite! Ne brinite o stabilnosti ove barske stolice. 45 cm d ve\u0107a baza, uparena s visokokvalitetnim plinskim tla\u010dnim cilindrom, nudi pouzdano dr\u017eanje.\u00a0","breadcrumb":{"@id":"https:\/\/inti.hr\/sr\/proizvod\/vasagle-barske-stolice-set-od-2\/#breadcrumb"},"inLanguage":"sr-RS","potentialAction":[{"@type":"ReadAction","target":["https:\/\/inti.hr\/sr\/proizvod\/vasagle-barske-stolice-set-od-2\/"]}]},{"@type":"ImageObject","inLanguage":"sr-RS","@id":"https:\/\/inti.hr\/sr\/proizvod\/vasagle-barske-stolice-set-od-2\/#primaryimage","url":"https:\/\/i0.wp.com\/inti.hr\/wp-content\/uploads\/2024\/10\/LJB110K01-2.jpg?fit=800%2C1000&ssl=1","contentUrl":"https:\/\/i0.wp.com\/inti.hr\/wp-content\/uploads\/2024\/10\/LJB110K01-2.jpg?fit=800%2C1000&ssl=1","width":800,"height":1000,"caption":"VASAGLE barske stolice set od 2 golubice sivo-crne podesive visine"},{"@type":"BreadcrumbList","@id":"https:\/\/inti.hr\/sr\/proizvod\/vasagle-barske-stolice-set-od-2\/#breadcrumb","itemListElement":[{"@type":"ListItem","position":1,"name":"Po\u010detna stranica","item":"https:\/\/inti.hr\/sr\/"},{"@type":"ListItem","position":2,"name":"Prodavnica","item":"https:\/\/inti.hr\/sr\/prodavnica\/"},{"@type":"ListItem","position":3,"name":"VASAGLE barske stolice set od 2"}]},{"@type":"WebSite","@id":"https:\/\/inti.hr\/sr\/#website","url":"https:\/\/inti.hr\/sr\/","name":"Inti","description":"trgovina","potentialAction":[{"@type":"SearchAction","target":{"@type":"EntryPoint","urlTemplate":"https:\/\/inti.hr\/sr\/?s={search_term_string}"},"query-input":{"@type":"PropertyValueSpecification","valueRequired":true,"valueName":"search_term_string"}}],"inLanguage":"sr-RS"}]}},"jetpack_sharing_enabled":true,"jetpack-related-posts":[],"_links":{"self":[{"href":"https:\/\/inti.hr\/sr\/wp-json\/wp\/v2\/product\/35841"}],"collection":[{"href":"https:\/\/inti.hr\/sr\/wp-json\/wp\/v2\/product"}],"about":[{"href":"https:\/\/inti.hr\/sr\/wp-json\/wp\/v2\/types\/product"}],"wp:featuredmedia":[{"embeddable":true,"href":"https:\/\/inti.hr\/sr\/wp-json\/wp\/v2\/media\/35842"}],"wp:attachment":[{"href":"https:\/\/inti.hr\/sr\/wp-json\/wp\/v2\/media?parent=35841"}],"wp:term":[{"taxonomy":"product_cat","embeddable":true,"href":"https:\/\/inti.hr\/sr\/wp-json\/wp\/v2\/product_cat?post=35841"},{"taxonomy":"product_tag","embeddable":true,"href":"https:\/\/inti.hr\/sr\/wp-json\/wp\/v2\/product_tag?post=35841"}],"curies":[{"name":"wp","href":"https:\/\/api.w.org\/{rel}","templated":true}]}}