{"id":35851,"date":"2024-10-09T11:42:27","date_gmt":"2024-10-09T10:42:27","guid":{"rendered":"https:\/\/inti.hr\/product\/drzac-za-rucnike-s-3-trake\/"},"modified":"2024-10-09T11:42:27","modified_gmt":"2024-10-09T10:42:27","slug":"drzac-za-rucnike-s-3-trake","status":"publish","type":"product","link":"https:\/\/inti.hr\/sr\/proizvod\/drzac-za-rucnike-s-3-trake\/","title":{"rendered":"Dr\u017ea\u010d za ru\u010dnike s 3 trake"},"content":{"rendered":"<p>Detalji proizvoda:<br \/>\nBoja: crna tinta-crna ebanovina, oblak bijela-prirodna be\u017e<br \/>\nMaterijal: metal, iverica<br \/>\nVeli\u010dina: 70 x 30 x 100 cm (D x \u0160 x V)<br \/>\nTe\u017eina: 4,7 kg<br \/>\nMaksimalna stati\u010dka nosivost svakog stupa: 20 kg<br \/>\nMaksimalna stati\u010dka nosivost donje police: 20 kg<\/p>\n","protected":false},"excerpt":{"rendered":"<p>Ovaj stalak s 3 stupa mo\u017ee dr\u017eati mnogo ru\u010dnika i deka. &#8230; <\/p>\n","protected":false},"featured_media":35852,"template":"","meta":[],"product_cat":[2396],"product_tag":[4619,2522],"yoast_head":"<!-- This site is optimized with the Yoast SEO plugin v23.7 - https:\/\/yoast.com\/wordpress\/plugins\/seo\/ -->\n<title>Dr\u017ea\u010d za ru\u010dnike s 3 trake - Inti<\/title>\n<meta name=\"description\" content=\"Ovaj stalak s 3 stupa mo\u017ee dr\u017eati mnogo ru\u010dnika i deka. Jo\u0161 bolje, najvi\u0161a \u0161ipka je 100 cm i idealna je za velike ru\u010dnike. Izbjegava da ru\u010dnici dodiruju pod i prljaju se. Ovaj stalak za ru\u010dnike ima 2 kuke za vje\u0161anje spu\u017evi za tu\u0161iranje i drugih sitnih dodataka. Donja polica je prikladna za posude i ko\u0161are. Zahvaljuju\u0107i jednostavnoj konstrukciji, jasnim uputama i cijevima s oprugama za zaklju\u010davanje, sastavljanje ovog dr\u017ea\u010da je laka stvar. S duljinom od 70 cm i razmakom od 12 cm izme\u0111u \u0161ipki, ovaj stalak za ru\u010dnike omogu\u0107uje dobru ventilaciju i brzo su\u0161enje ru\u010dnika. 4 podesive no\u017eice dr\u017ee dr\u017ea\u010d ru\u010dnika stabilnim \u010dak i na blago neravnim podovima i \u0161tite pod od ogrebotina. Pre\u010dke ja\u010daju strukturu i pove\u0107avaju ukupnu stabilnost.\" \/>\n<meta name=\"robots\" content=\"index, follow, max-snippet:-1, max-image-preview:large, max-video-preview:-1\" \/>\n<link rel=\"canonical\" href=\"https:\/\/inti.hr\/sr\/proizvod\/drzac-za-rucnike-s-3-trake\/\" \/>\n<meta property=\"og:locale\" content=\"sr_RS\" \/>\n<meta property=\"og:type\" content=\"article\" \/>\n<meta property=\"og:title\" content=\"Dr\u017ea\u010d za ru\u010dnike s 3 trake - Inti\" \/>\n<meta property=\"og:description\" content=\"Ovaj stalak s 3 stupa mo\u017ee dr\u017eati mnogo ru\u010dnika i deka. Jo\u0161 bolje, najvi\u0161a \u0161ipka je 100 cm i idealna je za velike ru\u010dnike. Izbjegava da ru\u010dnici dodiruju pod i prljaju se. Ovaj stalak za ru\u010dnike ima 2 kuke za vje\u0161anje spu\u017evi za tu\u0161iranje i drugih sitnih dodataka. Donja polica je prikladna za posude i ko\u0161are. Zahvaljuju\u0107i jednostavnoj konstrukciji, jasnim uputama i cijevima s oprugama za zaklju\u010davanje, sastavljanje ovog dr\u017ea\u010da je laka stvar. S duljinom od 70 cm i razmakom od 12 cm izme\u0111u \u0161ipki, ovaj stalak za ru\u010dnike omogu\u0107uje dobru ventilaciju i brzo su\u0161enje ru\u010dnika. 4 podesive no\u017eice dr\u017ee dr\u017ea\u010d ru\u010dnika stabilnim \u010dak i na blago neravnim podovima i \u0161tite pod od ogrebotina. Pre\u010dke ja\u010daju strukturu i pove\u0107avaju ukupnu stabilnost.\" \/>\n<meta property=\"og:url\" content=\"https:\/\/inti.hr\/sr\/proizvod\/drzac-za-rucnike-s-3-trake\/\" \/>\n<meta property=\"og:site_name\" content=\"Inti\" \/>\n<meta property=\"og:image\" content=\"https:\/\/i0.wp.com\/inti.hr\/wp-content\/uploads\/2024\/10\/LLS019B01-2.jpg?fit=800%2C1000&ssl=1\" \/>\n\t<meta property=\"og:image:width\" content=\"800\" \/>\n\t<meta property=\"og:image:height\" content=\"1000\" \/>\n\t<meta property=\"og:image:type\" content=\"image\/jpeg\" \/>\n<meta name=\"twitter:card\" content=\"summary_large_image\" \/>\n<script type=\"application\/ld+json\" class=\"yoast-schema-graph\">{\"@context\":\"https:\/\/schema.org\",\"@graph\":[{\"@type\":\"WebPage\",\"@id\":\"https:\/\/inti.hr\/sr\/proizvod\/drzac-za-rucnike-s-3-trake\/\",\"url\":\"https:\/\/inti.hr\/sr\/proizvod\/drzac-za-rucnike-s-3-trake\/\",\"name\":\"Dr\u017ea\u010d za ru\u010dnike s 3 trake - Inti\",\"isPartOf\":{\"@id\":\"https:\/\/inti.hr\/sr\/#website\"},\"primaryImageOfPage\":{\"@id\":\"https:\/\/inti.hr\/sr\/proizvod\/drzac-za-rucnike-s-3-trake\/#primaryimage\"},\"image\":{\"@id\":\"https:\/\/inti.hr\/sr\/proizvod\/drzac-za-rucnike-s-3-trake\/#primaryimage\"},\"thumbnailUrl\":\"https:\/\/i0.wp.com\/inti.hr\/wp-content\/uploads\/2024\/10\/LLS019B01-2.jpg?fit=800%2C1000&ssl=1\",\"datePublished\":\"2024-10-09T10:42:27+00:00\",\"dateModified\":\"2024-10-09T10:42:27+00:00\",\"description\":\"Ovaj stalak s 3 stupa mo\u017ee dr\u017eati mnogo ru\u010dnika i deka. Jo\u0161 bolje, najvi\u0161a \u0161ipka je 100 cm i idealna je za velike ru\u010dnike. Izbjegava da ru\u010dnici dodiruju pod i prljaju se. Ovaj stalak za ru\u010dnike ima 2 kuke za vje\u0161anje spu\u017evi za tu\u0161iranje i drugih sitnih dodataka. Donja polica je prikladna za posude i ko\u0161are. Zahvaljuju\u0107i jednostavnoj konstrukciji, jasnim uputama i cijevima s oprugama za zaklju\u010davanje, sastavljanje ovog dr\u017ea\u010da je laka stvar. S duljinom od 70 cm i razmakom od 12 cm izme\u0111u \u0161ipki, ovaj stalak za ru\u010dnike omogu\u0107uje dobru ventilaciju i brzo su\u0161enje ru\u010dnika. 4 podesive no\u017eice dr\u017ee dr\u017ea\u010d ru\u010dnika stabilnim \u010dak i na blago neravnim podovima i \u0161tite pod od ogrebotina. Pre\u010dke ja\u010daju strukturu i pove\u0107avaju ukupnu stabilnost.\",\"breadcrumb\":{\"@id\":\"https:\/\/inti.hr\/sr\/proizvod\/drzac-za-rucnike-s-3-trake\/#breadcrumb\"},\"inLanguage\":\"sr-RS\",\"potentialAction\":[{\"@type\":\"ReadAction\",\"target\":[\"https:\/\/inti.hr\/sr\/proizvod\/drzac-za-rucnike-s-3-trake\/\"]}]},{\"@type\":\"ImageObject\",\"inLanguage\":\"sr-RS\",\"@id\":\"https:\/\/inti.hr\/sr\/proizvod\/drzac-za-rucnike-s-3-trake\/#primaryimage\",\"url\":\"https:\/\/i0.wp.com\/inti.hr\/wp-content\/uploads\/2024\/10\/LLS019B01-2.jpg?fit=800%2C1000&ssl=1\",\"contentUrl\":\"https:\/\/i0.wp.com\/inti.hr\/wp-content\/uploads\/2024\/10\/LLS019B01-2.jpg?fit=800%2C1000&ssl=1\",\"width\":800,\"height\":1000,\"caption\":\"VASAGLE dr\u017ea\u010d za ru\u010dnike s 3 trake tinte crna-ebanovina crna\"},{\"@type\":\"BreadcrumbList\",\"@id\":\"https:\/\/inti.hr\/sr\/proizvod\/drzac-za-rucnike-s-3-trake\/#breadcrumb\",\"itemListElement\":[{\"@type\":\"ListItem\",\"position\":1,\"name\":\"Po\u010detna stranica\",\"item\":\"https:\/\/inti.hr\/sr\/\"},{\"@type\":\"ListItem\",\"position\":2,\"name\":\"Prodavnica\",\"item\":\"https:\/\/inti.hr\/sr\/prodavnica\/\"},{\"@type\":\"ListItem\",\"position\":3,\"name\":\"Dr\u017ea\u010d za ru\u010dnike s 3 trake\"}]},{\"@type\":\"WebSite\",\"@id\":\"https:\/\/inti.hr\/sr\/#website\",\"url\":\"https:\/\/inti.hr\/sr\/\",\"name\":\"Inti\",\"description\":\"trgovina\",\"potentialAction\":[{\"@type\":\"SearchAction\",\"target\":{\"@type\":\"EntryPoint\",\"urlTemplate\":\"https:\/\/inti.hr\/sr\/?s={search_term_string}\"},\"query-input\":{\"@type\":\"PropertyValueSpecification\",\"valueRequired\":true,\"valueName\":\"search_term_string\"}}],\"inLanguage\":\"sr-RS\"}]}<\/script>\n<!-- \/ Yoast SEO plugin. -->","yoast_head_json":{"title":"Dr\u017ea\u010d za ru\u010dnike s 3 trake - Inti","description":"Ovaj stalak s 3 stupa mo\u017ee dr\u017eati mnogo ru\u010dnika i deka. Jo\u0161 bolje, najvi\u0161a \u0161ipka je 100 cm i idealna je za velike ru\u010dnike. Izbjegava da ru\u010dnici dodiruju pod i prljaju se. Ovaj stalak za ru\u010dnike ima 2 kuke za vje\u0161anje spu\u017evi za tu\u0161iranje i drugih sitnih dodataka. Donja polica je prikladna za posude i ko\u0161are. Zahvaljuju\u0107i jednostavnoj konstrukciji, jasnim uputama i cijevima s oprugama za zaklju\u010davanje, sastavljanje ovog dr\u017ea\u010da je laka stvar. S duljinom od 70 cm i razmakom od 12 cm izme\u0111u \u0161ipki, ovaj stalak za ru\u010dnike omogu\u0107uje dobru ventilaciju i brzo su\u0161enje ru\u010dnika. 4 podesive no\u017eice dr\u017ee dr\u017ea\u010d ru\u010dnika stabilnim \u010dak i na blago neravnim podovima i \u0161tite pod od ogrebotina. Pre\u010dke ja\u010daju strukturu i pove\u0107avaju ukupnu stabilnost.","robots":{"index":"index","follow":"follow","max-snippet":"max-snippet:-1","max-image-preview":"max-image-preview:large","max-video-preview":"max-video-preview:-1"},"canonical":"https:\/\/inti.hr\/sr\/proizvod\/drzac-za-rucnike-s-3-trake\/","og_locale":"sr_RS","og_type":"article","og_title":"Dr\u017ea\u010d za ru\u010dnike s 3 trake - Inti","og_description":"Ovaj stalak s 3 stupa mo\u017ee dr\u017eati mnogo ru\u010dnika i deka. Jo\u0161 bolje, najvi\u0161a \u0161ipka je 100 cm i idealna je za velike ru\u010dnike. Izbjegava da ru\u010dnici dodiruju pod i prljaju se. Ovaj stalak za ru\u010dnike ima 2 kuke za vje\u0161anje spu\u017evi za tu\u0161iranje i drugih sitnih dodataka. Donja polica je prikladna za posude i ko\u0161are. Zahvaljuju\u0107i jednostavnoj konstrukciji, jasnim uputama i cijevima s oprugama za zaklju\u010davanje, sastavljanje ovog dr\u017ea\u010da je laka stvar. S duljinom od 70 cm i razmakom od 12 cm izme\u0111u \u0161ipki, ovaj stalak za ru\u010dnike omogu\u0107uje dobru ventilaciju i brzo su\u0161enje ru\u010dnika. 4 podesive no\u017eice dr\u017ee dr\u017ea\u010d ru\u010dnika stabilnim \u010dak i na blago neravnim podovima i \u0161tite pod od ogrebotina. Pre\u010dke ja\u010daju strukturu i pove\u0107avaju ukupnu stabilnost.","og_url":"https:\/\/inti.hr\/sr\/proizvod\/drzac-za-rucnike-s-3-trake\/","og_site_name":"Inti","og_image":[{"width":800,"height":1000,"url":"https:\/\/i0.wp.com\/inti.hr\/wp-content\/uploads\/2024\/10\/LLS019B01-2.jpg?fit=800%2C1000&ssl=1","type":"image\/jpeg"}],"twitter_card":"summary_large_image","schema":{"@context":"https:\/\/schema.org","@graph":[{"@type":"WebPage","@id":"https:\/\/inti.hr\/sr\/proizvod\/drzac-za-rucnike-s-3-trake\/","url":"https:\/\/inti.hr\/sr\/proizvod\/drzac-za-rucnike-s-3-trake\/","name":"Dr\u017ea\u010d za ru\u010dnike s 3 trake - Inti","isPartOf":{"@id":"https:\/\/inti.hr\/sr\/#website"},"primaryImageOfPage":{"@id":"https:\/\/inti.hr\/sr\/proizvod\/drzac-za-rucnike-s-3-trake\/#primaryimage"},"image":{"@id":"https:\/\/inti.hr\/sr\/proizvod\/drzac-za-rucnike-s-3-trake\/#primaryimage"},"thumbnailUrl":"https:\/\/i0.wp.com\/inti.hr\/wp-content\/uploads\/2024\/10\/LLS019B01-2.jpg?fit=800%2C1000&ssl=1","datePublished":"2024-10-09T10:42:27+00:00","dateModified":"2024-10-09T10:42:27+00:00","description":"Ovaj stalak s 3 stupa mo\u017ee dr\u017eati mnogo ru\u010dnika i deka. Jo\u0161 bolje, najvi\u0161a \u0161ipka je 100 cm i idealna je za velike ru\u010dnike. Izbjegava da ru\u010dnici dodiruju pod i prljaju se. Ovaj stalak za ru\u010dnike ima 2 kuke za vje\u0161anje spu\u017evi za tu\u0161iranje i drugih sitnih dodataka. Donja polica je prikladna za posude i ko\u0161are. Zahvaljuju\u0107i jednostavnoj konstrukciji, jasnim uputama i cijevima s oprugama za zaklju\u010davanje, sastavljanje ovog dr\u017ea\u010da je laka stvar. S duljinom od 70 cm i razmakom od 12 cm izme\u0111u \u0161ipki, ovaj stalak za ru\u010dnike omogu\u0107uje dobru ventilaciju i brzo su\u0161enje ru\u010dnika. 4 podesive no\u017eice dr\u017ee dr\u017ea\u010d ru\u010dnika stabilnim \u010dak i na blago neravnim podovima i \u0161tite pod od ogrebotina. Pre\u010dke ja\u010daju strukturu i pove\u0107avaju ukupnu stabilnost.","breadcrumb":{"@id":"https:\/\/inti.hr\/sr\/proizvod\/drzac-za-rucnike-s-3-trake\/#breadcrumb"},"inLanguage":"sr-RS","potentialAction":[{"@type":"ReadAction","target":["https:\/\/inti.hr\/sr\/proizvod\/drzac-za-rucnike-s-3-trake\/"]}]},{"@type":"ImageObject","inLanguage":"sr-RS","@id":"https:\/\/inti.hr\/sr\/proizvod\/drzac-za-rucnike-s-3-trake\/#primaryimage","url":"https:\/\/i0.wp.com\/inti.hr\/wp-content\/uploads\/2024\/10\/LLS019B01-2.jpg?fit=800%2C1000&ssl=1","contentUrl":"https:\/\/i0.wp.com\/inti.hr\/wp-content\/uploads\/2024\/10\/LLS019B01-2.jpg?fit=800%2C1000&ssl=1","width":800,"height":1000,"caption":"VASAGLE dr\u017ea\u010d za ru\u010dnike s 3 trake tinte crna-ebanovina crna"},{"@type":"BreadcrumbList","@id":"https:\/\/inti.hr\/sr\/proizvod\/drzac-za-rucnike-s-3-trake\/#breadcrumb","itemListElement":[{"@type":"ListItem","position":1,"name":"Po\u010detna stranica","item":"https:\/\/inti.hr\/sr\/"},{"@type":"ListItem","position":2,"name":"Prodavnica","item":"https:\/\/inti.hr\/sr\/prodavnica\/"},{"@type":"ListItem","position":3,"name":"Dr\u017ea\u010d za ru\u010dnike s 3 trake"}]},{"@type":"WebSite","@id":"https:\/\/inti.hr\/sr\/#website","url":"https:\/\/inti.hr\/sr\/","name":"Inti","description":"trgovina","potentialAction":[{"@type":"SearchAction","target":{"@type":"EntryPoint","urlTemplate":"https:\/\/inti.hr\/sr\/?s={search_term_string}"},"query-input":{"@type":"PropertyValueSpecification","valueRequired":true,"valueName":"search_term_string"}}],"inLanguage":"sr-RS"}]}},"jetpack_sharing_enabled":true,"jetpack-related-posts":[],"_links":{"self":[{"href":"https:\/\/inti.hr\/sr\/wp-json\/wp\/v2\/product\/35851"}],"collection":[{"href":"https:\/\/inti.hr\/sr\/wp-json\/wp\/v2\/product"}],"about":[{"href":"https:\/\/inti.hr\/sr\/wp-json\/wp\/v2\/types\/product"}],"wp:featuredmedia":[{"embeddable":true,"href":"https:\/\/inti.hr\/sr\/wp-json\/wp\/v2\/media\/35852"}],"wp:attachment":[{"href":"https:\/\/inti.hr\/sr\/wp-json\/wp\/v2\/media?parent=35851"}],"wp:term":[{"taxonomy":"product_cat","embeddable":true,"href":"https:\/\/inti.hr\/sr\/wp-json\/wp\/v2\/product_cat?post=35851"},{"taxonomy":"product_tag","embeddable":true,"href":"https:\/\/inti.hr\/sr\/wp-json\/wp\/v2\/product_tag?post=35851"}],"curies":[{"name":"wp","href":"https:\/\/api.w.org\/{rel}","templated":true}]}}