{"id":35861,"date":"2024-10-09T08:28:19","date_gmt":"2024-10-09T07:28:19","guid":{"rendered":"https:\/\/inti.hr\/product\/klupa-za-cipele-sa-6-pretinaca-i-3-police\/"},"modified":"2024-10-09T08:28:19","modified_gmt":"2024-10-09T07:28:19","slug":"klupa-za-cipele-sa-6-pretinaca-i-3-police","status":"publish","type":"product","link":"https:\/\/inti.hr\/sr\/proizvod\/klupa-za-cipele-sa-6-pretinaca-i-3-police\/","title":{"rendered":"Klupa za cipele sa 6 pretinaca i 3 police"},"content":{"rendered":"<ul>\n<li><b><span>Detalji proizvoda:<\/span><\/b><\/li>\n<li><span>Boja: oblak bijelo-golublje siva<\/span><\/li>\n<li><span>Materijal: iveral, pjena, presvlaka od imitacije lana<\/span><\/li>\n<li><span>Veli\u010dina: 30,3 x 87 x 48 cm (D x \u0160 x V)<\/span><\/li>\n<li><span>Te\u017eina: 15,9 kg<\/span><\/li>\n<li><span>Maksimalna stati\u010dka nosivost: 136 kg<\/span><\/li>\n<\/ul>\n","protected":false},"excerpt":{"rendered":"<p>Ova klupa za cipele s 3 kutije za odlaganje mo\u017ee poslu\u017eiti &#8230; <\/p>\n","protected":false},"featured_media":35862,"template":"","meta":[],"product_cat":[2635],"product_tag":[4625,3446],"yoast_head":"<!-- This site is optimized with the Yoast SEO plugin v23.7 - https:\/\/yoast.com\/wordpress\/plugins\/seo\/ -->\n<title>Klupa za cipele sa 6 pretinaca i 3 police - Inti<\/title>\n<meta name=\"description\" content=\"Ova klupa za cipele s 3 kutije za odlaganje mo\u017ee poslu\u017eiti kao sjedalo u hodniku gdje se mo\u017eete jednostavno presvu\u0107i. Ali mo\u017ee poslu\u017eiti i kao ormari\u0107 za odlaganje kako bi va\u0161 hodnik izgledao uredno. Malo prostora za gubljenje? Onda je ovaj organizator cipela sa svojim kompaktnim dimenzijama od 30,3 x 87 x 48 cm pravi za vas i va\u0161 hodnik, spava\u0107u ili dnevnu sobu. S ozna\u010denim dijelovima i jasnim uputama, sastavljanje ove klupe za cipele je povjetarac. Tako mo\u017eete brzo sjesti na klupu i obuti cipele. Kona\u010dno kod ku\u0107e, skinite cipele! Va\u0161a klupa s kutijama za pohranu do\u010dekuje vas nje\u017eno s dobro podstavljenim jastucima. A jastu\u010dnica se \u010dak mo\u017ee skinuti i lako je prati ru\u010dno. Police ormari\u0107a su podesive po visini u 3 razine, gore ili dolje za 6,4 cm, te su prikladne za predmete razli\u010ditih veli\u010dina, kao \u0161to su: Npr. knjige, kutije za odlaganje ili visoke pete.\" \/>\n<meta name=\"robots\" content=\"index, follow, max-snippet:-1, max-image-preview:large, max-video-preview:-1\" \/>\n<link rel=\"canonical\" href=\"https:\/\/inti.hr\/sr\/proizvod\/klupa-za-cipele-sa-6-pretinaca-i-3-police\/\" \/>\n<meta property=\"og:locale\" content=\"sr_RS\" \/>\n<meta property=\"og:type\" content=\"article\" \/>\n<meta property=\"og:title\" content=\"Klupa za cipele sa 6 pretinaca i 3 police - Inti\" \/>\n<meta property=\"og:description\" content=\"Ova klupa za cipele s 3 kutije za odlaganje mo\u017ee poslu\u017eiti kao sjedalo u hodniku gdje se mo\u017eete jednostavno presvu\u0107i. Ali mo\u017ee poslu\u017eiti i kao ormari\u0107 za odlaganje kako bi va\u0161 hodnik izgledao uredno. Malo prostora za gubljenje? Onda je ovaj organizator cipela sa svojim kompaktnim dimenzijama od 30,3 x 87 x 48 cm pravi za vas i va\u0161 hodnik, spava\u0107u ili dnevnu sobu. S ozna\u010denim dijelovima i jasnim uputama, sastavljanje ove klupe za cipele je povjetarac. Tako mo\u017eete brzo sjesti na klupu i obuti cipele. Kona\u010dno kod ku\u0107e, skinite cipele! Va\u0161a klupa s kutijama za pohranu do\u010dekuje vas nje\u017eno s dobro podstavljenim jastucima. A jastu\u010dnica se \u010dak mo\u017ee skinuti i lako je prati ru\u010dno. Police ormari\u0107a su podesive po visini u 3 razine, gore ili dolje za 6,4 cm, te su prikladne za predmete razli\u010ditih veli\u010dina, kao \u0161to su: Npr. knjige, kutije za odlaganje ili visoke pete.\" \/>\n<meta property=\"og:url\" content=\"https:\/\/inti.hr\/sr\/proizvod\/klupa-za-cipele-sa-6-pretinaca-i-3-police\/\" \/>\n<meta property=\"og:site_name\" content=\"Inti\" \/>\n<meta property=\"og:image\" content=\"https:\/\/i0.wp.com\/inti.hr\/wp-content\/uploads\/2024\/10\/LSB101W14-1.jpg?fit=1000%2C1000&ssl=1\" \/>\n\t<meta property=\"og:image:width\" content=\"1000\" \/>\n\t<meta property=\"og:image:height\" content=\"1000\" \/>\n\t<meta property=\"og:image:type\" content=\"image\/jpeg\" \/>\n<meta name=\"twitter:card\" content=\"summary_large_image\" \/>\n<script type=\"application\/ld+json\" class=\"yoast-schema-graph\">{\"@context\":\"https:\/\/schema.org\",\"@graph\":[{\"@type\":\"WebPage\",\"@id\":\"https:\/\/inti.hr\/sr\/proizvod\/klupa-za-cipele-sa-6-pretinaca-i-3-police\/\",\"url\":\"https:\/\/inti.hr\/sr\/proizvod\/klupa-za-cipele-sa-6-pretinaca-i-3-police\/\",\"name\":\"Klupa za cipele sa 6 pretinaca i 3 police - Inti\",\"isPartOf\":{\"@id\":\"https:\/\/inti.hr\/sr\/#website\"},\"primaryImageOfPage\":{\"@id\":\"https:\/\/inti.hr\/sr\/proizvod\/klupa-za-cipele-sa-6-pretinaca-i-3-police\/#primaryimage\"},\"image\":{\"@id\":\"https:\/\/inti.hr\/sr\/proizvod\/klupa-za-cipele-sa-6-pretinaca-i-3-police\/#primaryimage\"},\"thumbnailUrl\":\"https:\/\/i0.wp.com\/inti.hr\/wp-content\/uploads\/2024\/10\/LSB101W14-1.jpg?fit=1000%2C1000&ssl=1\",\"datePublished\":\"2024-10-09T07:28:19+00:00\",\"dateModified\":\"2024-10-09T07:28:19+00:00\",\"description\":\"Ova klupa za cipele s 3 kutije za odlaganje mo\u017ee poslu\u017eiti kao sjedalo u hodniku gdje se mo\u017eete jednostavno presvu\u0107i. Ali mo\u017ee poslu\u017eiti i kao ormari\u0107 za odlaganje kako bi va\u0161 hodnik izgledao uredno. Malo prostora za gubljenje? Onda je ovaj organizator cipela sa svojim kompaktnim dimenzijama od 30,3 x 87 x 48 cm pravi za vas i va\u0161 hodnik, spava\u0107u ili dnevnu sobu. S ozna\u010denim dijelovima i jasnim uputama, sastavljanje ove klupe za cipele je povjetarac. Tako mo\u017eete brzo sjesti na klupu i obuti cipele. Kona\u010dno kod ku\u0107e, skinite cipele! Va\u0161a klupa s kutijama za pohranu do\u010dekuje vas nje\u017eno s dobro podstavljenim jastucima. A jastu\u010dnica se \u010dak mo\u017ee skinuti i lako je prati ru\u010dno. Police ormari\u0107a su podesive po visini u 3 razine, gore ili dolje za 6,4 cm, te su prikladne za predmete razli\u010ditih veli\u010dina, kao \u0161to su: Npr. knjige, kutije za odlaganje ili visoke pete.\",\"breadcrumb\":{\"@id\":\"https:\/\/inti.hr\/sr\/proizvod\/klupa-za-cipele-sa-6-pretinaca-i-3-police\/#breadcrumb\"},\"inLanguage\":\"sr-RS\",\"potentialAction\":[{\"@type\":\"ReadAction\",\"target\":[\"https:\/\/inti.hr\/sr\/proizvod\/klupa-za-cipele-sa-6-pretinaca-i-3-police\/\"]}]},{\"@type\":\"ImageObject\",\"inLanguage\":\"sr-RS\",\"@id\":\"https:\/\/inti.hr\/sr\/proizvod\/klupa-za-cipele-sa-6-pretinaca-i-3-police\/#primaryimage\",\"url\":\"https:\/\/i0.wp.com\/inti.hr\/wp-content\/uploads\/2024\/10\/LSB101W14-1.jpg?fit=1000%2C1000&ssl=1\",\"contentUrl\":\"https:\/\/i0.wp.com\/inti.hr\/wp-content\/uploads\/2024\/10\/LSB101W14-1.jpg?fit=1000%2C1000&ssl=1\",\"width\":1000,\"height\":1000,\"caption\":\"VASAGLE klupa za cipele sa 6 pretinaca i 3 police oblak bijelo-golublje siva\"},{\"@type\":\"BreadcrumbList\",\"@id\":\"https:\/\/inti.hr\/sr\/proizvod\/klupa-za-cipele-sa-6-pretinaca-i-3-police\/#breadcrumb\",\"itemListElement\":[{\"@type\":\"ListItem\",\"position\":1,\"name\":\"Po\u010detna stranica\",\"item\":\"https:\/\/inti.hr\/sr\/\"},{\"@type\":\"ListItem\",\"position\":2,\"name\":\"Prodavnica\",\"item\":\"https:\/\/inti.hr\/sr\/prodavnica\/\"},{\"@type\":\"ListItem\",\"position\":3,\"name\":\"Klupa za cipele sa 6 pretinaca i 3 police\"}]},{\"@type\":\"WebSite\",\"@id\":\"https:\/\/inti.hr\/sr\/#website\",\"url\":\"https:\/\/inti.hr\/sr\/\",\"name\":\"Inti\",\"description\":\"trgovina\",\"potentialAction\":[{\"@type\":\"SearchAction\",\"target\":{\"@type\":\"EntryPoint\",\"urlTemplate\":\"https:\/\/inti.hr\/sr\/?s={search_term_string}\"},\"query-input\":{\"@type\":\"PropertyValueSpecification\",\"valueRequired\":true,\"valueName\":\"search_term_string\"}}],\"inLanguage\":\"sr-RS\"}]}<\/script>\n<!-- \/ Yoast SEO plugin. -->","yoast_head_json":{"title":"Klupa za cipele sa 6 pretinaca i 3 police - Inti","description":"Ova klupa za cipele s 3 kutije za odlaganje mo\u017ee poslu\u017eiti kao sjedalo u hodniku gdje se mo\u017eete jednostavno presvu\u0107i. Ali mo\u017ee poslu\u017eiti i kao ormari\u0107 za odlaganje kako bi va\u0161 hodnik izgledao uredno. Malo prostora za gubljenje? Onda je ovaj organizator cipela sa svojim kompaktnim dimenzijama od 30,3 x 87 x 48 cm pravi za vas i va\u0161 hodnik, spava\u0107u ili dnevnu sobu. S ozna\u010denim dijelovima i jasnim uputama, sastavljanje ove klupe za cipele je povjetarac. Tako mo\u017eete brzo sjesti na klupu i obuti cipele. Kona\u010dno kod ku\u0107e, skinite cipele! Va\u0161a klupa s kutijama za pohranu do\u010dekuje vas nje\u017eno s dobro podstavljenim jastucima. A jastu\u010dnica se \u010dak mo\u017ee skinuti i lako je prati ru\u010dno. Police ormari\u0107a su podesive po visini u 3 razine, gore ili dolje za 6,4 cm, te su prikladne za predmete razli\u010ditih veli\u010dina, kao \u0161to su: Npr. knjige, kutije za odlaganje ili visoke pete.","robots":{"index":"index","follow":"follow","max-snippet":"max-snippet:-1","max-image-preview":"max-image-preview:large","max-video-preview":"max-video-preview:-1"},"canonical":"https:\/\/inti.hr\/sr\/proizvod\/klupa-za-cipele-sa-6-pretinaca-i-3-police\/","og_locale":"sr_RS","og_type":"article","og_title":"Klupa za cipele sa 6 pretinaca i 3 police - Inti","og_description":"Ova klupa za cipele s 3 kutije za odlaganje mo\u017ee poslu\u017eiti kao sjedalo u hodniku gdje se mo\u017eete jednostavno presvu\u0107i. Ali mo\u017ee poslu\u017eiti i kao ormari\u0107 za odlaganje kako bi va\u0161 hodnik izgledao uredno. Malo prostora za gubljenje? Onda je ovaj organizator cipela sa svojim kompaktnim dimenzijama od 30,3 x 87 x 48 cm pravi za vas i va\u0161 hodnik, spava\u0107u ili dnevnu sobu. S ozna\u010denim dijelovima i jasnim uputama, sastavljanje ove klupe za cipele je povjetarac. Tako mo\u017eete brzo sjesti na klupu i obuti cipele. Kona\u010dno kod ku\u0107e, skinite cipele! Va\u0161a klupa s kutijama za pohranu do\u010dekuje vas nje\u017eno s dobro podstavljenim jastucima. A jastu\u010dnica se \u010dak mo\u017ee skinuti i lako je prati ru\u010dno. Police ormari\u0107a su podesive po visini u 3 razine, gore ili dolje za 6,4 cm, te su prikladne za predmete razli\u010ditih veli\u010dina, kao \u0161to su: Npr. knjige, kutije za odlaganje ili visoke pete.","og_url":"https:\/\/inti.hr\/sr\/proizvod\/klupa-za-cipele-sa-6-pretinaca-i-3-police\/","og_site_name":"Inti","og_image":[{"width":1000,"height":1000,"url":"https:\/\/i0.wp.com\/inti.hr\/wp-content\/uploads\/2024\/10\/LSB101W14-1.jpg?fit=1000%2C1000&ssl=1","type":"image\/jpeg"}],"twitter_card":"summary_large_image","schema":{"@context":"https:\/\/schema.org","@graph":[{"@type":"WebPage","@id":"https:\/\/inti.hr\/sr\/proizvod\/klupa-za-cipele-sa-6-pretinaca-i-3-police\/","url":"https:\/\/inti.hr\/sr\/proizvod\/klupa-za-cipele-sa-6-pretinaca-i-3-police\/","name":"Klupa za cipele sa 6 pretinaca i 3 police - Inti","isPartOf":{"@id":"https:\/\/inti.hr\/sr\/#website"},"primaryImageOfPage":{"@id":"https:\/\/inti.hr\/sr\/proizvod\/klupa-za-cipele-sa-6-pretinaca-i-3-police\/#primaryimage"},"image":{"@id":"https:\/\/inti.hr\/sr\/proizvod\/klupa-za-cipele-sa-6-pretinaca-i-3-police\/#primaryimage"},"thumbnailUrl":"https:\/\/i0.wp.com\/inti.hr\/wp-content\/uploads\/2024\/10\/LSB101W14-1.jpg?fit=1000%2C1000&ssl=1","datePublished":"2024-10-09T07:28:19+00:00","dateModified":"2024-10-09T07:28:19+00:00","description":"Ova klupa za cipele s 3 kutije za odlaganje mo\u017ee poslu\u017eiti kao sjedalo u hodniku gdje se mo\u017eete jednostavno presvu\u0107i. Ali mo\u017ee poslu\u017eiti i kao ormari\u0107 za odlaganje kako bi va\u0161 hodnik izgledao uredno. Malo prostora za gubljenje? Onda je ovaj organizator cipela sa svojim kompaktnim dimenzijama od 30,3 x 87 x 48 cm pravi za vas i va\u0161 hodnik, spava\u0107u ili dnevnu sobu. S ozna\u010denim dijelovima i jasnim uputama, sastavljanje ove klupe za cipele je povjetarac. Tako mo\u017eete brzo sjesti na klupu i obuti cipele. Kona\u010dno kod ku\u0107e, skinite cipele! Va\u0161a klupa s kutijama za pohranu do\u010dekuje vas nje\u017eno s dobro podstavljenim jastucima. A jastu\u010dnica se \u010dak mo\u017ee skinuti i lako je prati ru\u010dno. Police ormari\u0107a su podesive po visini u 3 razine, gore ili dolje za 6,4 cm, te su prikladne za predmete razli\u010ditih veli\u010dina, kao \u0161to su: Npr. knjige, kutije za odlaganje ili visoke pete.","breadcrumb":{"@id":"https:\/\/inti.hr\/sr\/proizvod\/klupa-za-cipele-sa-6-pretinaca-i-3-police\/#breadcrumb"},"inLanguage":"sr-RS","potentialAction":[{"@type":"ReadAction","target":["https:\/\/inti.hr\/sr\/proizvod\/klupa-za-cipele-sa-6-pretinaca-i-3-police\/"]}]},{"@type":"ImageObject","inLanguage":"sr-RS","@id":"https:\/\/inti.hr\/sr\/proizvod\/klupa-za-cipele-sa-6-pretinaca-i-3-police\/#primaryimage","url":"https:\/\/i0.wp.com\/inti.hr\/wp-content\/uploads\/2024\/10\/LSB101W14-1.jpg?fit=1000%2C1000&ssl=1","contentUrl":"https:\/\/i0.wp.com\/inti.hr\/wp-content\/uploads\/2024\/10\/LSB101W14-1.jpg?fit=1000%2C1000&ssl=1","width":1000,"height":1000,"caption":"VASAGLE klupa za cipele sa 6 pretinaca i 3 police oblak bijelo-golublje siva"},{"@type":"BreadcrumbList","@id":"https:\/\/inti.hr\/sr\/proizvod\/klupa-za-cipele-sa-6-pretinaca-i-3-police\/#breadcrumb","itemListElement":[{"@type":"ListItem","position":1,"name":"Po\u010detna stranica","item":"https:\/\/inti.hr\/sr\/"},{"@type":"ListItem","position":2,"name":"Prodavnica","item":"https:\/\/inti.hr\/sr\/prodavnica\/"},{"@type":"ListItem","position":3,"name":"Klupa za cipele sa 6 pretinaca i 3 police"}]},{"@type":"WebSite","@id":"https:\/\/inti.hr\/sr\/#website","url":"https:\/\/inti.hr\/sr\/","name":"Inti","description":"trgovina","potentialAction":[{"@type":"SearchAction","target":{"@type":"EntryPoint","urlTemplate":"https:\/\/inti.hr\/sr\/?s={search_term_string}"},"query-input":{"@type":"PropertyValueSpecification","valueRequired":true,"valueName":"search_term_string"}}],"inLanguage":"sr-RS"}]}},"jetpack_sharing_enabled":true,"jetpack-related-posts":[],"_links":{"self":[{"href":"https:\/\/inti.hr\/sr\/wp-json\/wp\/v2\/product\/35861"}],"collection":[{"href":"https:\/\/inti.hr\/sr\/wp-json\/wp\/v2\/product"}],"about":[{"href":"https:\/\/inti.hr\/sr\/wp-json\/wp\/v2\/types\/product"}],"wp:featuredmedia":[{"embeddable":true,"href":"https:\/\/inti.hr\/sr\/wp-json\/wp\/v2\/media\/35862"}],"wp:attachment":[{"href":"https:\/\/inti.hr\/sr\/wp-json\/wp\/v2\/media?parent=35861"}],"wp:term":[{"taxonomy":"product_cat","embeddable":true,"href":"https:\/\/inti.hr\/sr\/wp-json\/wp\/v2\/product_cat?post=35861"},{"taxonomy":"product_tag","embeddable":true,"href":"https:\/\/inti.hr\/sr\/wp-json\/wp\/v2\/product_tag?post=35861"}],"curies":[{"name":"wp","href":"https:\/\/api.w.org\/{rel}","templated":true}]}}