{"id":35903,"date":"2024-10-08T08:14:49","date_gmt":"2024-10-08T07:14:49","guid":{"rendered":"https:\/\/inti.hr\/product\/tabure-toaletni-stolic-od-barsuna-mat\/"},"modified":"2024-10-08T08:14:49","modified_gmt":"2024-10-08T07:14:49","slug":"tabure-toaletni-stolic-od-barsuna-mat","status":"publish","type":"product","link":"https:\/\/inti.hr\/sr\/proizvod\/tabure-toaletni-stolic-od-barsuna-mat\/","title":{"rendered":"Tabure toaletni stoli\u0107 od bar\u0161una mat"},"content":{"rendered":"<ul>\n<li><b><span>Detalji proizvoda:<\/span><\/b><\/li>\n<li><span>Boja: Mat bijela-Pastelno roza<\/span><\/li>\n<li><span>Materijal: iverica, pjena visoke gusto\u0107e, bar\u0161un<\/span><\/li>\n<li><span>Veli\u010dina: 28,6x45x45cm<\/span><\/li>\n<li><span>Te\u017eina: 6,9 kg<\/span><\/li>\n<li><span>Maksimalna stati\u010dka nosivost: 120 kg<\/span><\/li>\n<\/ul>\n","protected":false},"excerpt":{"rendered":"<p>Izra\u0111en od \u010dvrstog iverala, ovaj toaletni stoli\u0107 je izdr\u017eljiv i mo\u017ee &#8230; <\/p>\n","protected":false},"featured_media":35904,"template":"","meta":[],"product_cat":[2416],"product_tag":[2677,4635],"yoast_head":"<!-- This site is optimized with the Yoast SEO plugin v23.7 - https:\/\/yoast.com\/wordpress\/plugins\/seo\/ -->\n<title>Tabure toaletni stoli\u0107 od bar\u0161una mat - Inti<\/title>\n<meta name=\"description\" content=\"Izra\u0111en od \u010dvrstog iverala, ovaj toaletni stoli\u0107 je izdr\u017eljiv i mo\u017ee izdr\u017eati do 120 kg. Neklizaju\u0107i jastu\u010di\u0107i za stopala osiguravaju da ostaje na mjestu - pouzdano pristaje va\u0161oj dnevnoj kozmeti\u010dkoj rutini. Ovaj stolac za \u0161minkanje tako\u0111er mo\u017ee poslu\u017eiti kao klupa za cipele u predsoblju, oslonac za noge u dnevnoj sobi, stolac za klavir u spava\u0107oj sobi ili dodatno sjedalo u blagovaonici, \u0161to ga \u010dini svestranim dodatkom va\u0161em domu. Sa svojim minimalisti\u010dkim dizajnom i \u010distim linijama, ovaj toaletni stoli\u0107 impresionira svojim \u0161ik izgledom i pobolj\u0161ava cjelokupni izgled va\u0161e sobe. Jastuk presvu\u010den bar\u0161unom ispunjen pjenom visoke gusto\u0107e pru\u017ea udobno sjedalo za friziranje ili rutine \u0161minkanja i njege ko\u017ee. U\u017eivajte u udobnosti svaki put kada sjednete na ovaj stolac. S jasnim uputama i ozna\u010denim dijelovima, ovaj se tabure sastavlja brzo i bez napora u samo nekoliko jednostavnih koraka. U ovom toaletnom stoli\u0107u mo\u017eete u\u017eivati \u200b\u200bu trenu.\" \/>\n<meta name=\"robots\" content=\"index, follow, max-snippet:-1, max-image-preview:large, max-video-preview:-1\" \/>\n<link rel=\"canonical\" href=\"https:\/\/inti.hr\/sr\/proizvod\/tabure-toaletni-stolic-od-barsuna-mat\/\" \/>\n<meta property=\"og:locale\" content=\"sr_RS\" \/>\n<meta property=\"og:type\" content=\"article\" \/>\n<meta property=\"og:title\" content=\"Tabure toaletni stoli\u0107 od bar\u0161una mat - Inti\" \/>\n<meta property=\"og:description\" content=\"Izra\u0111en od \u010dvrstog iverala, ovaj toaletni stoli\u0107 je izdr\u017eljiv i mo\u017ee izdr\u017eati do 120 kg. Neklizaju\u0107i jastu\u010di\u0107i za stopala osiguravaju da ostaje na mjestu - pouzdano pristaje va\u0161oj dnevnoj kozmeti\u010dkoj rutini. Ovaj stolac za \u0161minkanje tako\u0111er mo\u017ee poslu\u017eiti kao klupa za cipele u predsoblju, oslonac za noge u dnevnoj sobi, stolac za klavir u spava\u0107oj sobi ili dodatno sjedalo u blagovaonici, \u0161to ga \u010dini svestranim dodatkom va\u0161em domu. Sa svojim minimalisti\u010dkim dizajnom i \u010distim linijama, ovaj toaletni stoli\u0107 impresionira svojim \u0161ik izgledom i pobolj\u0161ava cjelokupni izgled va\u0161e sobe. Jastuk presvu\u010den bar\u0161unom ispunjen pjenom visoke gusto\u0107e pru\u017ea udobno sjedalo za friziranje ili rutine \u0161minkanja i njege ko\u017ee. U\u017eivajte u udobnosti svaki put kada sjednete na ovaj stolac. S jasnim uputama i ozna\u010denim dijelovima, ovaj se tabure sastavlja brzo i bez napora u samo nekoliko jednostavnih koraka. U ovom toaletnom stoli\u0107u mo\u017eete u\u017eivati \u200b\u200bu trenu.\" \/>\n<meta property=\"og:url\" content=\"https:\/\/inti.hr\/sr\/proizvod\/tabure-toaletni-stolic-od-barsuna-mat\/\" \/>\n<meta property=\"og:site_name\" content=\"Inti\" \/>\n<meta property=\"og:image\" content=\"https:\/\/i0.wp.com\/inti.hr\/wp-content\/uploads\/2024\/10\/RDS001W01-1.jpg?fit=1000%2C1000&ssl=1\" \/>\n\t<meta property=\"og:image:width\" content=\"1000\" \/>\n\t<meta property=\"og:image:height\" content=\"1000\" \/>\n\t<meta property=\"og:image:type\" content=\"image\/jpeg\" \/>\n<meta name=\"twitter:card\" content=\"summary_large_image\" \/>\n<script type=\"application\/ld+json\" class=\"yoast-schema-graph\">{\"@context\":\"https:\/\/schema.org\",\"@graph\":[{\"@type\":\"WebPage\",\"@id\":\"https:\/\/inti.hr\/sr\/proizvod\/tabure-toaletni-stolic-od-barsuna-mat\/\",\"url\":\"https:\/\/inti.hr\/sr\/proizvod\/tabure-toaletni-stolic-od-barsuna-mat\/\",\"name\":\"Tabure toaletni stoli\u0107 od bar\u0161una mat - Inti\",\"isPartOf\":{\"@id\":\"https:\/\/inti.hr\/sr\/#website\"},\"primaryImageOfPage\":{\"@id\":\"https:\/\/inti.hr\/sr\/proizvod\/tabure-toaletni-stolic-od-barsuna-mat\/#primaryimage\"},\"image\":{\"@id\":\"https:\/\/inti.hr\/sr\/proizvod\/tabure-toaletni-stolic-od-barsuna-mat\/#primaryimage\"},\"thumbnailUrl\":\"https:\/\/i0.wp.com\/inti.hr\/wp-content\/uploads\/2024\/10\/RDS001W01-1.jpg?fit=1000%2C1000&ssl=1\",\"datePublished\":\"2024-10-08T07:14:49+00:00\",\"dateModified\":\"2024-10-08T07:14:49+00:00\",\"description\":\"Izra\u0111en od \u010dvrstog iverala, ovaj toaletni stoli\u0107 je izdr\u017eljiv i mo\u017ee izdr\u017eati do 120 kg. Neklizaju\u0107i jastu\u010di\u0107i za stopala osiguravaju da ostaje na mjestu - pouzdano pristaje va\u0161oj dnevnoj kozmeti\u010dkoj rutini. Ovaj stolac za \u0161minkanje tako\u0111er mo\u017ee poslu\u017eiti kao klupa za cipele u predsoblju, oslonac za noge u dnevnoj sobi, stolac za klavir u spava\u0107oj sobi ili dodatno sjedalo u blagovaonici, \u0161to ga \u010dini svestranim dodatkom va\u0161em domu. Sa svojim minimalisti\u010dkim dizajnom i \u010distim linijama, ovaj toaletni stoli\u0107 impresionira svojim \u0161ik izgledom i pobolj\u0161ava cjelokupni izgled va\u0161e sobe. Jastuk presvu\u010den bar\u0161unom ispunjen pjenom visoke gusto\u0107e pru\u017ea udobno sjedalo za friziranje ili rutine \u0161minkanja i njege ko\u017ee. U\u017eivajte u udobnosti svaki put kada sjednete na ovaj stolac. S jasnim uputama i ozna\u010denim dijelovima, ovaj se tabure sastavlja brzo i bez napora u samo nekoliko jednostavnih koraka. U ovom toaletnom stoli\u0107u mo\u017eete u\u017eivati \u200b\u200bu trenu.\",\"breadcrumb\":{\"@id\":\"https:\/\/inti.hr\/sr\/proizvod\/tabure-toaletni-stolic-od-barsuna-mat\/#breadcrumb\"},\"inLanguage\":\"sr-RS\",\"potentialAction\":[{\"@type\":\"ReadAction\",\"target\":[\"https:\/\/inti.hr\/sr\/proizvod\/tabure-toaletni-stolic-od-barsuna-mat\/\"]}]},{\"@type\":\"ImageObject\",\"inLanguage\":\"sr-RS\",\"@id\":\"https:\/\/inti.hr\/sr\/proizvod\/tabure-toaletni-stolic-od-barsuna-mat\/#primaryimage\",\"url\":\"https:\/\/i0.wp.com\/inti.hr\/wp-content\/uploads\/2024\/10\/RDS001W01-1.jpg?fit=1000%2C1000&ssl=1\",\"contentUrl\":\"https:\/\/i0.wp.com\/inti.hr\/wp-content\/uploads\/2024\/10\/RDS001W01-1.jpg?fit=1000%2C1000&ssl=1\",\"width\":1000,\"height\":1000,\"caption\":\"VASAGLE tabure toaletni stoli\u0107 od bar\u0161una mat bijelo-pastelno roza\"},{\"@type\":\"BreadcrumbList\",\"@id\":\"https:\/\/inti.hr\/sr\/proizvod\/tabure-toaletni-stolic-od-barsuna-mat\/#breadcrumb\",\"itemListElement\":[{\"@type\":\"ListItem\",\"position\":1,\"name\":\"Po\u010detna stranica\",\"item\":\"https:\/\/inti.hr\/sr\/\"},{\"@type\":\"ListItem\",\"position\":2,\"name\":\"Prodavnica\",\"item\":\"https:\/\/inti.hr\/sr\/prodavnica\/\"},{\"@type\":\"ListItem\",\"position\":3,\"name\":\"Tabure toaletni stoli\u0107 od bar\u0161una mat\"}]},{\"@type\":\"WebSite\",\"@id\":\"https:\/\/inti.hr\/sr\/#website\",\"url\":\"https:\/\/inti.hr\/sr\/\",\"name\":\"Inti\",\"description\":\"trgovina\",\"potentialAction\":[{\"@type\":\"SearchAction\",\"target\":{\"@type\":\"EntryPoint\",\"urlTemplate\":\"https:\/\/inti.hr\/sr\/?s={search_term_string}\"},\"query-input\":{\"@type\":\"PropertyValueSpecification\",\"valueRequired\":true,\"valueName\":\"search_term_string\"}}],\"inLanguage\":\"sr-RS\"}]}<\/script>\n<!-- \/ Yoast SEO plugin. -->","yoast_head_json":{"title":"Tabure toaletni stoli\u0107 od bar\u0161una mat - Inti","description":"Izra\u0111en od \u010dvrstog iverala, ovaj toaletni stoli\u0107 je izdr\u017eljiv i mo\u017ee izdr\u017eati do 120 kg. Neklizaju\u0107i jastu\u010di\u0107i za stopala osiguravaju da ostaje na mjestu - pouzdano pristaje va\u0161oj dnevnoj kozmeti\u010dkoj rutini. Ovaj stolac za \u0161minkanje tako\u0111er mo\u017ee poslu\u017eiti kao klupa za cipele u predsoblju, oslonac za noge u dnevnoj sobi, stolac za klavir u spava\u0107oj sobi ili dodatno sjedalo u blagovaonici, \u0161to ga \u010dini svestranim dodatkom va\u0161em domu. Sa svojim minimalisti\u010dkim dizajnom i \u010distim linijama, ovaj toaletni stoli\u0107 impresionira svojim \u0161ik izgledom i pobolj\u0161ava cjelokupni izgled va\u0161e sobe. Jastuk presvu\u010den bar\u0161unom ispunjen pjenom visoke gusto\u0107e pru\u017ea udobno sjedalo za friziranje ili rutine \u0161minkanja i njege ko\u017ee. U\u017eivajte u udobnosti svaki put kada sjednete na ovaj stolac. S jasnim uputama i ozna\u010denim dijelovima, ovaj se tabure sastavlja brzo i bez napora u samo nekoliko jednostavnih koraka. U ovom toaletnom stoli\u0107u mo\u017eete u\u017eivati \u200b\u200bu trenu.","robots":{"index":"index","follow":"follow","max-snippet":"max-snippet:-1","max-image-preview":"max-image-preview:large","max-video-preview":"max-video-preview:-1"},"canonical":"https:\/\/inti.hr\/sr\/proizvod\/tabure-toaletni-stolic-od-barsuna-mat\/","og_locale":"sr_RS","og_type":"article","og_title":"Tabure toaletni stoli\u0107 od bar\u0161una mat - Inti","og_description":"Izra\u0111en od \u010dvrstog iverala, ovaj toaletni stoli\u0107 je izdr\u017eljiv i mo\u017ee izdr\u017eati do 120 kg. Neklizaju\u0107i jastu\u010di\u0107i za stopala osiguravaju da ostaje na mjestu - pouzdano pristaje va\u0161oj dnevnoj kozmeti\u010dkoj rutini. Ovaj stolac za \u0161minkanje tako\u0111er mo\u017ee poslu\u017eiti kao klupa za cipele u predsoblju, oslonac za noge u dnevnoj sobi, stolac za klavir u spava\u0107oj sobi ili dodatno sjedalo u blagovaonici, \u0161to ga \u010dini svestranim dodatkom va\u0161em domu. Sa svojim minimalisti\u010dkim dizajnom i \u010distim linijama, ovaj toaletni stoli\u0107 impresionira svojim \u0161ik izgledom i pobolj\u0161ava cjelokupni izgled va\u0161e sobe. Jastuk presvu\u010den bar\u0161unom ispunjen pjenom visoke gusto\u0107e pru\u017ea udobno sjedalo za friziranje ili rutine \u0161minkanja i njege ko\u017ee. U\u017eivajte u udobnosti svaki put kada sjednete na ovaj stolac. S jasnim uputama i ozna\u010denim dijelovima, ovaj se tabure sastavlja brzo i bez napora u samo nekoliko jednostavnih koraka. U ovom toaletnom stoli\u0107u mo\u017eete u\u017eivati \u200b\u200bu trenu.","og_url":"https:\/\/inti.hr\/sr\/proizvod\/tabure-toaletni-stolic-od-barsuna-mat\/","og_site_name":"Inti","og_image":[{"width":1000,"height":1000,"url":"https:\/\/i0.wp.com\/inti.hr\/wp-content\/uploads\/2024\/10\/RDS001W01-1.jpg?fit=1000%2C1000&ssl=1","type":"image\/jpeg"}],"twitter_card":"summary_large_image","schema":{"@context":"https:\/\/schema.org","@graph":[{"@type":"WebPage","@id":"https:\/\/inti.hr\/sr\/proizvod\/tabure-toaletni-stolic-od-barsuna-mat\/","url":"https:\/\/inti.hr\/sr\/proizvod\/tabure-toaletni-stolic-od-barsuna-mat\/","name":"Tabure toaletni stoli\u0107 od bar\u0161una mat - Inti","isPartOf":{"@id":"https:\/\/inti.hr\/sr\/#website"},"primaryImageOfPage":{"@id":"https:\/\/inti.hr\/sr\/proizvod\/tabure-toaletni-stolic-od-barsuna-mat\/#primaryimage"},"image":{"@id":"https:\/\/inti.hr\/sr\/proizvod\/tabure-toaletni-stolic-od-barsuna-mat\/#primaryimage"},"thumbnailUrl":"https:\/\/i0.wp.com\/inti.hr\/wp-content\/uploads\/2024\/10\/RDS001W01-1.jpg?fit=1000%2C1000&ssl=1","datePublished":"2024-10-08T07:14:49+00:00","dateModified":"2024-10-08T07:14:49+00:00","description":"Izra\u0111en od \u010dvrstog iverala, ovaj toaletni stoli\u0107 je izdr\u017eljiv i mo\u017ee izdr\u017eati do 120 kg. Neklizaju\u0107i jastu\u010di\u0107i za stopala osiguravaju da ostaje na mjestu - pouzdano pristaje va\u0161oj dnevnoj kozmeti\u010dkoj rutini. Ovaj stolac za \u0161minkanje tako\u0111er mo\u017ee poslu\u017eiti kao klupa za cipele u predsoblju, oslonac za noge u dnevnoj sobi, stolac za klavir u spava\u0107oj sobi ili dodatno sjedalo u blagovaonici, \u0161to ga \u010dini svestranim dodatkom va\u0161em domu. Sa svojim minimalisti\u010dkim dizajnom i \u010distim linijama, ovaj toaletni stoli\u0107 impresionira svojim \u0161ik izgledom i pobolj\u0161ava cjelokupni izgled va\u0161e sobe. Jastuk presvu\u010den bar\u0161unom ispunjen pjenom visoke gusto\u0107e pru\u017ea udobno sjedalo za friziranje ili rutine \u0161minkanja i njege ko\u017ee. U\u017eivajte u udobnosti svaki put kada sjednete na ovaj stolac. S jasnim uputama i ozna\u010denim dijelovima, ovaj se tabure sastavlja brzo i bez napora u samo nekoliko jednostavnih koraka. U ovom toaletnom stoli\u0107u mo\u017eete u\u017eivati \u200b\u200bu trenu.","breadcrumb":{"@id":"https:\/\/inti.hr\/sr\/proizvod\/tabure-toaletni-stolic-od-barsuna-mat\/#breadcrumb"},"inLanguage":"sr-RS","potentialAction":[{"@type":"ReadAction","target":["https:\/\/inti.hr\/sr\/proizvod\/tabure-toaletni-stolic-od-barsuna-mat\/"]}]},{"@type":"ImageObject","inLanguage":"sr-RS","@id":"https:\/\/inti.hr\/sr\/proizvod\/tabure-toaletni-stolic-od-barsuna-mat\/#primaryimage","url":"https:\/\/i0.wp.com\/inti.hr\/wp-content\/uploads\/2024\/10\/RDS001W01-1.jpg?fit=1000%2C1000&ssl=1","contentUrl":"https:\/\/i0.wp.com\/inti.hr\/wp-content\/uploads\/2024\/10\/RDS001W01-1.jpg?fit=1000%2C1000&ssl=1","width":1000,"height":1000,"caption":"VASAGLE tabure toaletni stoli\u0107 od bar\u0161una mat bijelo-pastelno roza"},{"@type":"BreadcrumbList","@id":"https:\/\/inti.hr\/sr\/proizvod\/tabure-toaletni-stolic-od-barsuna-mat\/#breadcrumb","itemListElement":[{"@type":"ListItem","position":1,"name":"Po\u010detna stranica","item":"https:\/\/inti.hr\/sr\/"},{"@type":"ListItem","position":2,"name":"Prodavnica","item":"https:\/\/inti.hr\/sr\/prodavnica\/"},{"@type":"ListItem","position":3,"name":"Tabure toaletni stoli\u0107 od bar\u0161una mat"}]},{"@type":"WebSite","@id":"https:\/\/inti.hr\/sr\/#website","url":"https:\/\/inti.hr\/sr\/","name":"Inti","description":"trgovina","potentialAction":[{"@type":"SearchAction","target":{"@type":"EntryPoint","urlTemplate":"https:\/\/inti.hr\/sr\/?s={search_term_string}"},"query-input":{"@type":"PropertyValueSpecification","valueRequired":true,"valueName":"search_term_string"}}],"inLanguage":"sr-RS"}]}},"jetpack_sharing_enabled":true,"jetpack-related-posts":[],"_links":{"self":[{"href":"https:\/\/inti.hr\/sr\/wp-json\/wp\/v2\/product\/35903"}],"collection":[{"href":"https:\/\/inti.hr\/sr\/wp-json\/wp\/v2\/product"}],"about":[{"href":"https:\/\/inti.hr\/sr\/wp-json\/wp\/v2\/types\/product"}],"wp:featuredmedia":[{"embeddable":true,"href":"https:\/\/inti.hr\/sr\/wp-json\/wp\/v2\/media\/35904"}],"wp:attachment":[{"href":"https:\/\/inti.hr\/sr\/wp-json\/wp\/v2\/media?parent=35903"}],"wp:term":[{"taxonomy":"product_cat","embeddable":true,"href":"https:\/\/inti.hr\/sr\/wp-json\/wp\/v2\/product_cat?post=35903"},{"taxonomy":"product_tag","embeddable":true,"href":"https:\/\/inti.hr\/sr\/wp-json\/wp\/v2\/product_tag?post=35903"}],"curies":[{"name":"wp","href":"https:\/\/api.w.org\/{rel}","templated":true}]}}