{"id":35915,"date":"2024-10-07T08:44:38","date_gmt":"2024-10-07T07:44:38","guid":{"rendered":"https:\/\/inti.hr\/product\/konzolni-stol-120x20x65cm\/"},"modified":"2024-10-07T08:44:38","modified_gmt":"2024-10-07T07:44:38","slug":"konzolni-stol-120x20x65cm","status":"publish","type":"product","link":"https:\/\/inti.hr\/sr\/proizvod\/konzolni-stol-120x20x65cm\/","title":{"rendered":"Konzolni stol 120x20x65cm"},"content":{"rendered":"<p><b>Pojedinosti o proizvodu:<\/b><\/p>\n<ul>\n<li>Materijal: metal i iverica<\/li>\n<li>Te\u017eina: 5,7 kg. Nosivost do 50kg.<\/li>\n<li>Dimenzije i te\u017eina paketa: 129,00*29,50*9,00cm, 6,7kg.<\/li>\n<li>Dimenzije proizvoda: L120*D20*H65cm (vidi sliku).<\/li>\n<li>S uputama za monta\u017eu i vijcima, jednostavna monta\u017ea<\/li>\n<li>Sigurnost i sukladnost: Ovaj je proizvod razvijen i ispitan za ku\u0107nu upotrebu.<\/li>\n<\/ul>\n","protected":false},"excerpt":{"rendered":"<p>Ovaj stol spoj je umjetni\u010dke inspiracije i modernog dizajna. Mo\u017ee poslu\u017eiti &#8230; <\/p>\n","protected":false},"featured_media":35916,"template":"","meta":[],"product_cat":[2573,2421],"product_tag":[2749,3411],"yoast_head":"<!-- This site is optimized with the Yoast SEO plugin v23.7 - https:\/\/yoast.com\/wordpress\/plugins\/seo\/ -->\n<title>Konzolni stol 120x20x65cm - Inti<\/title>\n<meta name=\"description\" content=\"Ovaj stol spoj je umjetni\u010dke inspiracije i modernog dizajna. Mo\u017ee poslu\u017eiti kao ukras za svaki dom ili ured.Dekorativna ili svestrana, ova tanka i uska konzola lako \u0107e prona\u0107i svoje mjesto u va\u0161em domu.Ovaj komad namje\u0161taja svojim industrijskim dizajnom odaje \u0161arm retro i seoskog stila koji savr\u0161eno pristaje uz svaki tip namje\u0161taja.\u017deljezna struktura oblo\u017eena prahom \u010dini konzolu \u010dvrstom i stabilnom, dopu\u0161taju\u0107i joj optere\u0107enje do 50 kg.Dubina samo 20 cm, jednostavnog dizajna u klasi\u010dnim tonovima.\" \/>\n<meta name=\"robots\" content=\"index, follow, max-snippet:-1, max-image-preview:large, max-video-preview:-1\" \/>\n<link rel=\"canonical\" href=\"https:\/\/inti.hr\/sr\/proizvod\/konzolni-stol-120x20x65cm\/\" \/>\n<meta property=\"og:locale\" content=\"sr_RS\" \/>\n<meta property=\"og:type\" content=\"article\" \/>\n<meta property=\"og:title\" content=\"Konzolni stol 120x20x65cm - Inti\" \/>\n<meta property=\"og:description\" content=\"Ovaj stol spoj je umjetni\u010dke inspiracije i modernog dizajna. Mo\u017ee poslu\u017eiti kao ukras za svaki dom ili ured.Dekorativna ili svestrana, ova tanka i uska konzola lako \u0107e prona\u0107i svoje mjesto u va\u0161em domu.Ovaj komad namje\u0161taja svojim industrijskim dizajnom odaje \u0161arm retro i seoskog stila koji savr\u0161eno pristaje uz svaki tip namje\u0161taja.\u017deljezna struktura oblo\u017eena prahom \u010dini konzolu \u010dvrstom i stabilnom, dopu\u0161taju\u0107i joj optere\u0107enje do 50 kg.Dubina samo 20 cm, jednostavnog dizajna u klasi\u010dnim tonovima.\" \/>\n<meta property=\"og:url\" content=\"https:\/\/inti.hr\/sr\/proizvod\/konzolni-stol-120x20x65cm\/\" \/>\n<meta property=\"og:site_name\" content=\"Inti\" \/>\n<meta property=\"og:image\" content=\"https:\/\/i0.wp.com\/inti.hr\/wp-content\/uploads\/2024\/10\/FSB19-E-Y001.webp?fit=1600%2C1600&ssl=1\" \/>\n\t<meta property=\"og:image:width\" content=\"1600\" \/>\n\t<meta property=\"og:image:height\" content=\"1600\" \/>\n\t<meta property=\"og:image:type\" content=\"image\/webp\" \/>\n<meta name=\"twitter:card\" content=\"summary_large_image\" \/>\n<script type=\"application\/ld+json\" class=\"yoast-schema-graph\">{\"@context\":\"https:\/\/schema.org\",\"@graph\":[{\"@type\":\"WebPage\",\"@id\":\"https:\/\/inti.hr\/sr\/proizvod\/konzolni-stol-120x20x65cm\/\",\"url\":\"https:\/\/inti.hr\/sr\/proizvod\/konzolni-stol-120x20x65cm\/\",\"name\":\"Konzolni stol 120x20x65cm - Inti\",\"isPartOf\":{\"@id\":\"https:\/\/inti.hr\/sr\/#website\"},\"primaryImageOfPage\":{\"@id\":\"https:\/\/inti.hr\/sr\/proizvod\/konzolni-stol-120x20x65cm\/#primaryimage\"},\"image\":{\"@id\":\"https:\/\/inti.hr\/sr\/proizvod\/konzolni-stol-120x20x65cm\/#primaryimage\"},\"thumbnailUrl\":\"https:\/\/i0.wp.com\/inti.hr\/wp-content\/uploads\/2024\/10\/FSB19-E-Y001.webp?fit=1600%2C1600&ssl=1\",\"datePublished\":\"2024-10-07T07:44:38+00:00\",\"dateModified\":\"2024-10-07T07:44:38+00:00\",\"description\":\"Ovaj stol spoj je umjetni\u010dke inspiracije i modernog dizajna. Mo\u017ee poslu\u017eiti kao ukras za svaki dom ili ured.Dekorativna ili svestrana, ova tanka i uska konzola lako \u0107e prona\u0107i svoje mjesto u va\u0161em domu.Ovaj komad namje\u0161taja svojim industrijskim dizajnom odaje \u0161arm retro i seoskog stila koji savr\u0161eno pristaje uz svaki tip namje\u0161taja.\u017deljezna struktura oblo\u017eena prahom \u010dini konzolu \u010dvrstom i stabilnom, dopu\u0161taju\u0107i joj optere\u0107enje do 50 kg.Dubina samo 20 cm, jednostavnog dizajna u klasi\u010dnim tonovima.\",\"breadcrumb\":{\"@id\":\"https:\/\/inti.hr\/sr\/proizvod\/konzolni-stol-120x20x65cm\/#breadcrumb\"},\"inLanguage\":\"sr-RS\",\"potentialAction\":[{\"@type\":\"ReadAction\",\"target\":[\"https:\/\/inti.hr\/sr\/proizvod\/konzolni-stol-120x20x65cm\/\"]}]},{\"@type\":\"ImageObject\",\"inLanguage\":\"sr-RS\",\"@id\":\"https:\/\/inti.hr\/sr\/proizvod\/konzolni-stol-120x20x65cm\/#primaryimage\",\"url\":\"https:\/\/i0.wp.com\/inti.hr\/wp-content\/uploads\/2024\/10\/FSB19-E-Y001.webp?fit=1600%2C1600&ssl=1\",\"contentUrl\":\"https:\/\/i0.wp.com\/inti.hr\/wp-content\/uploads\/2024\/10\/FSB19-E-Y001.webp?fit=1600%2C1600&ssl=1\",\"width\":1600,\"height\":1600,\"caption\":\"SoBuy Konzolni stol 120x20x65cm FSB19-E koji \u0161tedi prostor\"},{\"@type\":\"BreadcrumbList\",\"@id\":\"https:\/\/inti.hr\/sr\/proizvod\/konzolni-stol-120x20x65cm\/#breadcrumb\",\"itemListElement\":[{\"@type\":\"ListItem\",\"position\":1,\"name\":\"Po\u010detna stranica\",\"item\":\"https:\/\/inti.hr\/sr\/\"},{\"@type\":\"ListItem\",\"position\":2,\"name\":\"Prodavnica\",\"item\":\"https:\/\/inti.hr\/sr\/prodavnica\/\"},{\"@type\":\"ListItem\",\"position\":3,\"name\":\"Konzolni stol 120x20x65cm\"}]},{\"@type\":\"WebSite\",\"@id\":\"https:\/\/inti.hr\/sr\/#website\",\"url\":\"https:\/\/inti.hr\/sr\/\",\"name\":\"Inti\",\"description\":\"trgovina\",\"potentialAction\":[{\"@type\":\"SearchAction\",\"target\":{\"@type\":\"EntryPoint\",\"urlTemplate\":\"https:\/\/inti.hr\/sr\/?s={search_term_string}\"},\"query-input\":{\"@type\":\"PropertyValueSpecification\",\"valueRequired\":true,\"valueName\":\"search_term_string\"}}],\"inLanguage\":\"sr-RS\"}]}<\/script>\n<!-- \/ Yoast SEO plugin. -->","yoast_head_json":{"title":"Konzolni stol 120x20x65cm - Inti","description":"Ovaj stol spoj je umjetni\u010dke inspiracije i modernog dizajna. Mo\u017ee poslu\u017eiti kao ukras za svaki dom ili ured.Dekorativna ili svestrana, ova tanka i uska konzola lako \u0107e prona\u0107i svoje mjesto u va\u0161em domu.Ovaj komad namje\u0161taja svojim industrijskim dizajnom odaje \u0161arm retro i seoskog stila koji savr\u0161eno pristaje uz svaki tip namje\u0161taja.\u017deljezna struktura oblo\u017eena prahom \u010dini konzolu \u010dvrstom i stabilnom, dopu\u0161taju\u0107i joj optere\u0107enje do 50 kg.Dubina samo 20 cm, jednostavnog dizajna u klasi\u010dnim tonovima.","robots":{"index":"index","follow":"follow","max-snippet":"max-snippet:-1","max-image-preview":"max-image-preview:large","max-video-preview":"max-video-preview:-1"},"canonical":"https:\/\/inti.hr\/sr\/proizvod\/konzolni-stol-120x20x65cm\/","og_locale":"sr_RS","og_type":"article","og_title":"Konzolni stol 120x20x65cm - Inti","og_description":"Ovaj stol spoj je umjetni\u010dke inspiracije i modernog dizajna. Mo\u017ee poslu\u017eiti kao ukras za svaki dom ili ured.Dekorativna ili svestrana, ova tanka i uska konzola lako \u0107e prona\u0107i svoje mjesto u va\u0161em domu.Ovaj komad namje\u0161taja svojim industrijskim dizajnom odaje \u0161arm retro i seoskog stila koji savr\u0161eno pristaje uz svaki tip namje\u0161taja.\u017deljezna struktura oblo\u017eena prahom \u010dini konzolu \u010dvrstom i stabilnom, dopu\u0161taju\u0107i joj optere\u0107enje do 50 kg.Dubina samo 20 cm, jednostavnog dizajna u klasi\u010dnim tonovima.","og_url":"https:\/\/inti.hr\/sr\/proizvod\/konzolni-stol-120x20x65cm\/","og_site_name":"Inti","og_image":[{"width":1600,"height":1600,"url":"https:\/\/i0.wp.com\/inti.hr\/wp-content\/uploads\/2024\/10\/FSB19-E-Y001.webp?fit=1600%2C1600&ssl=1","type":"image\/webp"}],"twitter_card":"summary_large_image","schema":{"@context":"https:\/\/schema.org","@graph":[{"@type":"WebPage","@id":"https:\/\/inti.hr\/sr\/proizvod\/konzolni-stol-120x20x65cm\/","url":"https:\/\/inti.hr\/sr\/proizvod\/konzolni-stol-120x20x65cm\/","name":"Konzolni stol 120x20x65cm - Inti","isPartOf":{"@id":"https:\/\/inti.hr\/sr\/#website"},"primaryImageOfPage":{"@id":"https:\/\/inti.hr\/sr\/proizvod\/konzolni-stol-120x20x65cm\/#primaryimage"},"image":{"@id":"https:\/\/inti.hr\/sr\/proizvod\/konzolni-stol-120x20x65cm\/#primaryimage"},"thumbnailUrl":"https:\/\/i0.wp.com\/inti.hr\/wp-content\/uploads\/2024\/10\/FSB19-E-Y001.webp?fit=1600%2C1600&ssl=1","datePublished":"2024-10-07T07:44:38+00:00","dateModified":"2024-10-07T07:44:38+00:00","description":"Ovaj stol spoj je umjetni\u010dke inspiracije i modernog dizajna. Mo\u017ee poslu\u017eiti kao ukras za svaki dom ili ured.Dekorativna ili svestrana, ova tanka i uska konzola lako \u0107e prona\u0107i svoje mjesto u va\u0161em domu.Ovaj komad namje\u0161taja svojim industrijskim dizajnom odaje \u0161arm retro i seoskog stila koji savr\u0161eno pristaje uz svaki tip namje\u0161taja.\u017deljezna struktura oblo\u017eena prahom \u010dini konzolu \u010dvrstom i stabilnom, dopu\u0161taju\u0107i joj optere\u0107enje do 50 kg.Dubina samo 20 cm, jednostavnog dizajna u klasi\u010dnim tonovima.","breadcrumb":{"@id":"https:\/\/inti.hr\/sr\/proizvod\/konzolni-stol-120x20x65cm\/#breadcrumb"},"inLanguage":"sr-RS","potentialAction":[{"@type":"ReadAction","target":["https:\/\/inti.hr\/sr\/proizvod\/konzolni-stol-120x20x65cm\/"]}]},{"@type":"ImageObject","inLanguage":"sr-RS","@id":"https:\/\/inti.hr\/sr\/proizvod\/konzolni-stol-120x20x65cm\/#primaryimage","url":"https:\/\/i0.wp.com\/inti.hr\/wp-content\/uploads\/2024\/10\/FSB19-E-Y001.webp?fit=1600%2C1600&ssl=1","contentUrl":"https:\/\/i0.wp.com\/inti.hr\/wp-content\/uploads\/2024\/10\/FSB19-E-Y001.webp?fit=1600%2C1600&ssl=1","width":1600,"height":1600,"caption":"SoBuy Konzolni stol 120x20x65cm FSB19-E koji \u0161tedi prostor"},{"@type":"BreadcrumbList","@id":"https:\/\/inti.hr\/sr\/proizvod\/konzolni-stol-120x20x65cm\/#breadcrumb","itemListElement":[{"@type":"ListItem","position":1,"name":"Po\u010detna stranica","item":"https:\/\/inti.hr\/sr\/"},{"@type":"ListItem","position":2,"name":"Prodavnica","item":"https:\/\/inti.hr\/sr\/prodavnica\/"},{"@type":"ListItem","position":3,"name":"Konzolni stol 120x20x65cm"}]},{"@type":"WebSite","@id":"https:\/\/inti.hr\/sr\/#website","url":"https:\/\/inti.hr\/sr\/","name":"Inti","description":"trgovina","potentialAction":[{"@type":"SearchAction","target":{"@type":"EntryPoint","urlTemplate":"https:\/\/inti.hr\/sr\/?s={search_term_string}"},"query-input":{"@type":"PropertyValueSpecification","valueRequired":true,"valueName":"search_term_string"}}],"inLanguage":"sr-RS"}]}},"jetpack_sharing_enabled":true,"jetpack-related-posts":[],"_links":{"self":[{"href":"https:\/\/inti.hr\/sr\/wp-json\/wp\/v2\/product\/35915"}],"collection":[{"href":"https:\/\/inti.hr\/sr\/wp-json\/wp\/v2\/product"}],"about":[{"href":"https:\/\/inti.hr\/sr\/wp-json\/wp\/v2\/types\/product"}],"wp:featuredmedia":[{"embeddable":true,"href":"https:\/\/inti.hr\/sr\/wp-json\/wp\/v2\/media\/35916"}],"wp:attachment":[{"href":"https:\/\/inti.hr\/sr\/wp-json\/wp\/v2\/media?parent=35915"}],"wp:term":[{"taxonomy":"product_cat","embeddable":true,"href":"https:\/\/inti.hr\/sr\/wp-json\/wp\/v2\/product_cat?post=35915"},{"taxonomy":"product_tag","embeddable":true,"href":"https:\/\/inti.hr\/sr\/wp-json\/wp\/v2\/product_tag?post=35915"}],"curies":[{"name":"wp","href":"https:\/\/api.w.org\/{rel}","templated":true}]}}