{"id":35941,"date":"2024-06-03T11:49:29","date_gmt":"2024-06-03T10:49:29","guid":{"rendered":"https:\/\/inti.hr\/product\/kupaonski-ormaric-s-3-vrata\/"},"modified":"2024-06-03T11:49:29","modified_gmt":"2024-06-03T10:49:29","slug":"kupaonski-ormaric-s-3-vrata","status":"publish","type":"product","link":"https:\/\/inti.hr\/sr\/proizvod\/kupaonski-ormaric-s-3-vrata\/","title":{"rendered":"Kupaonski ormari\u0107 s 3 vrata"},"content":{"rendered":"<p>Detalji proizvoda:<\/p>\n<ul>\n<li><span>Boja: oblak bijela<\/span><\/li>\n<li><span>Materijal: iverica, staklo<\/span><\/li>\n<li><span>Veli\u010dina: 16,5 x 70 x 75 cm (D x \u0160 x V)<\/span><\/li>\n<li><span>Te\u017eina: 15,6 kg<\/span><\/li>\n<li><span>Maksimalna stati\u010dka nosivost: 15 kg<\/span><\/li>\n<\/ul>\n","protected":false},"excerpt":{"rendered":"<p>Pretinci s vratima u gornjem dijelu kupaonskog ormari\u0107a idealni su za &#8230; <\/p>\n","protected":false},"featured_media":35942,"template":"","meta":[],"product_cat":[2396],"product_tag":[2522,4651],"yoast_head":"<!-- This site is optimized with the Yoast SEO plugin v23.7 - https:\/\/yoast.com\/wordpress\/plugins\/seo\/ -->\n<title>Kupaonski ormari\u0107 s 3 vrata - Inti<\/title>\n<meta name=\"description\" content=\"Pretinci s vratima u gornjem dijelu kupaonskog ormari\u0107a idealni su za skrivanje nereda, dok je otvoreni pretinac dobar za \u010desto kori\u0161tene stvari poput \u010detkice za zube ili aparata za brijanje. 3 zrcalna vrata nude vam jasan pogled od 360\u00b0 i osiguravaju izvrstan izgled za va\u0161u osobnu njegu. Ne brinite o sastavljanju! Ozna\u010deni dijelovi i jasne upute \u010dine sastavljanje ovog ormari\u0107a s ogledalom lakim. Odjeljci u vratima ovog ormara imaju police podesive visine tako da se lako mogu smjestiti predmeti razli\u010ditih veli\u010dina. Sa svojim \u010distim linijama, elegantnom bijelom bojom i minimalisti\u010dkim dizajnom, ovaj elegantni ormari\u0107 s ogledalom donosi svje\u017e i moderan naglasak u va\u0161u kupaonicu.\u00a0\" \/>\n<meta name=\"robots\" content=\"index, follow, max-snippet:-1, max-image-preview:large, max-video-preview:-1\" \/>\n<link rel=\"canonical\" href=\"https:\/\/inti.hr\/sr\/proizvod\/kupaonski-ormaric-s-3-vrata\/\" \/>\n<meta property=\"og:locale\" content=\"sr_RS\" \/>\n<meta property=\"og:type\" content=\"article\" \/>\n<meta property=\"og:title\" content=\"Kupaonski ormari\u0107 s 3 vrata - Inti\" \/>\n<meta property=\"og:description\" content=\"Pretinci s vratima u gornjem dijelu kupaonskog ormari\u0107a idealni su za skrivanje nereda, dok je otvoreni pretinac dobar za \u010desto kori\u0161tene stvari poput \u010detkice za zube ili aparata za brijanje. 3 zrcalna vrata nude vam jasan pogled od 360\u00b0 i osiguravaju izvrstan izgled za va\u0161u osobnu njegu. Ne brinite o sastavljanju! Ozna\u010deni dijelovi i jasne upute \u010dine sastavljanje ovog ormari\u0107a s ogledalom lakim. Odjeljci u vratima ovog ormara imaju police podesive visine tako da se lako mogu smjestiti predmeti razli\u010ditih veli\u010dina. Sa svojim \u010distim linijama, elegantnom bijelom bojom i minimalisti\u010dkim dizajnom, ovaj elegantni ormari\u0107 s ogledalom donosi svje\u017e i moderan naglasak u va\u0161u kupaonicu.\u00a0\" \/>\n<meta property=\"og:url\" content=\"https:\/\/inti.hr\/sr\/proizvod\/kupaonski-ormaric-s-3-vrata\/\" \/>\n<meta property=\"og:site_name\" content=\"Inti\" \/>\n<meta property=\"og:image\" content=\"https:\/\/i0.wp.com\/inti.hr\/wp-content\/uploads\/2024\/06\/BBK129W01-2.jpg?fit=800%2C1000&ssl=1\" \/>\n\t<meta property=\"og:image:width\" content=\"800\" \/>\n\t<meta property=\"og:image:height\" content=\"1000\" \/>\n\t<meta property=\"og:image:type\" content=\"image\/jpeg\" \/>\n<meta name=\"twitter:card\" content=\"summary_large_image\" \/>\n<script type=\"application\/ld+json\" class=\"yoast-schema-graph\">{\"@context\":\"https:\/\/schema.org\",\"@graph\":[{\"@type\":\"WebPage\",\"@id\":\"https:\/\/inti.hr\/sr\/proizvod\/kupaonski-ormaric-s-3-vrata\/\",\"url\":\"https:\/\/inti.hr\/sr\/proizvod\/kupaonski-ormaric-s-3-vrata\/\",\"name\":\"Kupaonski ormari\u0107 s 3 vrata - Inti\",\"isPartOf\":{\"@id\":\"https:\/\/inti.hr\/sr\/#website\"},\"primaryImageOfPage\":{\"@id\":\"https:\/\/inti.hr\/sr\/proizvod\/kupaonski-ormaric-s-3-vrata\/#primaryimage\"},\"image\":{\"@id\":\"https:\/\/inti.hr\/sr\/proizvod\/kupaonski-ormaric-s-3-vrata\/#primaryimage\"},\"thumbnailUrl\":\"https:\/\/i0.wp.com\/inti.hr\/wp-content\/uploads\/2024\/06\/BBK129W01-2.jpg?fit=800%2C1000&ssl=1\",\"datePublished\":\"2024-06-03T10:49:29+00:00\",\"dateModified\":\"2024-06-03T10:49:29+00:00\",\"description\":\"Pretinci s vratima u gornjem dijelu kupaonskog ormari\u0107a idealni su za skrivanje nereda, dok je otvoreni pretinac dobar za \u010desto kori\u0161tene stvari poput \u010detkice za zube ili aparata za brijanje. 3 zrcalna vrata nude vam jasan pogled od 360\u00b0 i osiguravaju izvrstan izgled za va\u0161u osobnu njegu. Ne brinite o sastavljanju! Ozna\u010deni dijelovi i jasne upute \u010dine sastavljanje ovog ormari\u0107a s ogledalom lakim. Odjeljci u vratima ovog ormara imaju police podesive visine tako da se lako mogu smjestiti predmeti razli\u010ditih veli\u010dina. Sa svojim \u010distim linijama, elegantnom bijelom bojom i minimalisti\u010dkim dizajnom, ovaj elegantni ormari\u0107 s ogledalom donosi svje\u017e i moderan naglasak u va\u0161u kupaonicu.\u00a0\",\"breadcrumb\":{\"@id\":\"https:\/\/inti.hr\/sr\/proizvod\/kupaonski-ormaric-s-3-vrata\/#breadcrumb\"},\"inLanguage\":\"sr-RS\",\"potentialAction\":[{\"@type\":\"ReadAction\",\"target\":[\"https:\/\/inti.hr\/sr\/proizvod\/kupaonski-ormaric-s-3-vrata\/\"]}]},{\"@type\":\"ImageObject\",\"inLanguage\":\"sr-RS\",\"@id\":\"https:\/\/inti.hr\/sr\/proizvod\/kupaonski-ormaric-s-3-vrata\/#primaryimage\",\"url\":\"https:\/\/i0.wp.com\/inti.hr\/wp-content\/uploads\/2024\/06\/BBK129W01-2.jpg?fit=800%2C1000&ssl=1\",\"contentUrl\":\"https:\/\/i0.wp.com\/inti.hr\/wp-content\/uploads\/2024\/06\/BBK129W01-2.jpg?fit=800%2C1000&ssl=1\",\"width\":800,\"height\":1000,\"caption\":\"kupaonski ormari\u0107 s 3 vrata\"},{\"@type\":\"BreadcrumbList\",\"@id\":\"https:\/\/inti.hr\/sr\/proizvod\/kupaonski-ormaric-s-3-vrata\/#breadcrumb\",\"itemListElement\":[{\"@type\":\"ListItem\",\"position\":1,\"name\":\"Po\u010detna stranica\",\"item\":\"https:\/\/inti.hr\/sr\/\"},{\"@type\":\"ListItem\",\"position\":2,\"name\":\"Prodavnica\",\"item\":\"https:\/\/inti.hr\/sr\/prodavnica\/\"},{\"@type\":\"ListItem\",\"position\":3,\"name\":\"Kupaonski ormari\u0107 s 3 vrata\"}]},{\"@type\":\"WebSite\",\"@id\":\"https:\/\/inti.hr\/sr\/#website\",\"url\":\"https:\/\/inti.hr\/sr\/\",\"name\":\"Inti\",\"description\":\"trgovina\",\"potentialAction\":[{\"@type\":\"SearchAction\",\"target\":{\"@type\":\"EntryPoint\",\"urlTemplate\":\"https:\/\/inti.hr\/sr\/?s={search_term_string}\"},\"query-input\":{\"@type\":\"PropertyValueSpecification\",\"valueRequired\":true,\"valueName\":\"search_term_string\"}}],\"inLanguage\":\"sr-RS\"}]}<\/script>\n<!-- \/ Yoast SEO plugin. -->","yoast_head_json":{"title":"Kupaonski ormari\u0107 s 3 vrata - Inti","description":"Pretinci s vratima u gornjem dijelu kupaonskog ormari\u0107a idealni su za skrivanje nereda, dok je otvoreni pretinac dobar za \u010desto kori\u0161tene stvari poput \u010detkice za zube ili aparata za brijanje. 3 zrcalna vrata nude vam jasan pogled od 360\u00b0 i osiguravaju izvrstan izgled za va\u0161u osobnu njegu. Ne brinite o sastavljanju! Ozna\u010deni dijelovi i jasne upute \u010dine sastavljanje ovog ormari\u0107a s ogledalom lakim. Odjeljci u vratima ovog ormara imaju police podesive visine tako da se lako mogu smjestiti predmeti razli\u010ditih veli\u010dina. Sa svojim \u010distim linijama, elegantnom bijelom bojom i minimalisti\u010dkim dizajnom, ovaj elegantni ormari\u0107 s ogledalom donosi svje\u017e i moderan naglasak u va\u0161u kupaonicu.\u00a0","robots":{"index":"index","follow":"follow","max-snippet":"max-snippet:-1","max-image-preview":"max-image-preview:large","max-video-preview":"max-video-preview:-1"},"canonical":"https:\/\/inti.hr\/sr\/proizvod\/kupaonski-ormaric-s-3-vrata\/","og_locale":"sr_RS","og_type":"article","og_title":"Kupaonski ormari\u0107 s 3 vrata - Inti","og_description":"Pretinci s vratima u gornjem dijelu kupaonskog ormari\u0107a idealni su za skrivanje nereda, dok je otvoreni pretinac dobar za \u010desto kori\u0161tene stvari poput \u010detkice za zube ili aparata za brijanje. 3 zrcalna vrata nude vam jasan pogled od 360\u00b0 i osiguravaju izvrstan izgled za va\u0161u osobnu njegu. Ne brinite o sastavljanju! Ozna\u010deni dijelovi i jasne upute \u010dine sastavljanje ovog ormari\u0107a s ogledalom lakim. Odjeljci u vratima ovog ormara imaju police podesive visine tako da se lako mogu smjestiti predmeti razli\u010ditih veli\u010dina. Sa svojim \u010distim linijama, elegantnom bijelom bojom i minimalisti\u010dkim dizajnom, ovaj elegantni ormari\u0107 s ogledalom donosi svje\u017e i moderan naglasak u va\u0161u kupaonicu.\u00a0","og_url":"https:\/\/inti.hr\/sr\/proizvod\/kupaonski-ormaric-s-3-vrata\/","og_site_name":"Inti","og_image":[{"width":800,"height":1000,"url":"https:\/\/i0.wp.com\/inti.hr\/wp-content\/uploads\/2024\/06\/BBK129W01-2.jpg?fit=800%2C1000&ssl=1","type":"image\/jpeg"}],"twitter_card":"summary_large_image","schema":{"@context":"https:\/\/schema.org","@graph":[{"@type":"WebPage","@id":"https:\/\/inti.hr\/sr\/proizvod\/kupaonski-ormaric-s-3-vrata\/","url":"https:\/\/inti.hr\/sr\/proizvod\/kupaonski-ormaric-s-3-vrata\/","name":"Kupaonski ormari\u0107 s 3 vrata - Inti","isPartOf":{"@id":"https:\/\/inti.hr\/sr\/#website"},"primaryImageOfPage":{"@id":"https:\/\/inti.hr\/sr\/proizvod\/kupaonski-ormaric-s-3-vrata\/#primaryimage"},"image":{"@id":"https:\/\/inti.hr\/sr\/proizvod\/kupaonski-ormaric-s-3-vrata\/#primaryimage"},"thumbnailUrl":"https:\/\/i0.wp.com\/inti.hr\/wp-content\/uploads\/2024\/06\/BBK129W01-2.jpg?fit=800%2C1000&ssl=1","datePublished":"2024-06-03T10:49:29+00:00","dateModified":"2024-06-03T10:49:29+00:00","description":"Pretinci s vratima u gornjem dijelu kupaonskog ormari\u0107a idealni su za skrivanje nereda, dok je otvoreni pretinac dobar za \u010desto kori\u0161tene stvari poput \u010detkice za zube ili aparata za brijanje. 3 zrcalna vrata nude vam jasan pogled od 360\u00b0 i osiguravaju izvrstan izgled za va\u0161u osobnu njegu. Ne brinite o sastavljanju! Ozna\u010deni dijelovi i jasne upute \u010dine sastavljanje ovog ormari\u0107a s ogledalom lakim. Odjeljci u vratima ovog ormara imaju police podesive visine tako da se lako mogu smjestiti predmeti razli\u010ditih veli\u010dina. Sa svojim \u010distim linijama, elegantnom bijelom bojom i minimalisti\u010dkim dizajnom, ovaj elegantni ormari\u0107 s ogledalom donosi svje\u017e i moderan naglasak u va\u0161u kupaonicu.\u00a0","breadcrumb":{"@id":"https:\/\/inti.hr\/sr\/proizvod\/kupaonski-ormaric-s-3-vrata\/#breadcrumb"},"inLanguage":"sr-RS","potentialAction":[{"@type":"ReadAction","target":["https:\/\/inti.hr\/sr\/proizvod\/kupaonski-ormaric-s-3-vrata\/"]}]},{"@type":"ImageObject","inLanguage":"sr-RS","@id":"https:\/\/inti.hr\/sr\/proizvod\/kupaonski-ormaric-s-3-vrata\/#primaryimage","url":"https:\/\/i0.wp.com\/inti.hr\/wp-content\/uploads\/2024\/06\/BBK129W01-2.jpg?fit=800%2C1000&ssl=1","contentUrl":"https:\/\/i0.wp.com\/inti.hr\/wp-content\/uploads\/2024\/06\/BBK129W01-2.jpg?fit=800%2C1000&ssl=1","width":800,"height":1000,"caption":"kupaonski ormari\u0107 s 3 vrata"},{"@type":"BreadcrumbList","@id":"https:\/\/inti.hr\/sr\/proizvod\/kupaonski-ormaric-s-3-vrata\/#breadcrumb","itemListElement":[{"@type":"ListItem","position":1,"name":"Po\u010detna stranica","item":"https:\/\/inti.hr\/sr\/"},{"@type":"ListItem","position":2,"name":"Prodavnica","item":"https:\/\/inti.hr\/sr\/prodavnica\/"},{"@type":"ListItem","position":3,"name":"Kupaonski ormari\u0107 s 3 vrata"}]},{"@type":"WebSite","@id":"https:\/\/inti.hr\/sr\/#website","url":"https:\/\/inti.hr\/sr\/","name":"Inti","description":"trgovina","potentialAction":[{"@type":"SearchAction","target":{"@type":"EntryPoint","urlTemplate":"https:\/\/inti.hr\/sr\/?s={search_term_string}"},"query-input":{"@type":"PropertyValueSpecification","valueRequired":true,"valueName":"search_term_string"}}],"inLanguage":"sr-RS"}]}},"jetpack_sharing_enabled":true,"jetpack-related-posts":[],"_links":{"self":[{"href":"https:\/\/inti.hr\/sr\/wp-json\/wp\/v2\/product\/35941"}],"collection":[{"href":"https:\/\/inti.hr\/sr\/wp-json\/wp\/v2\/product"}],"about":[{"href":"https:\/\/inti.hr\/sr\/wp-json\/wp\/v2\/types\/product"}],"wp:featuredmedia":[{"embeddable":true,"href":"https:\/\/inti.hr\/sr\/wp-json\/wp\/v2\/media\/35942"}],"wp:attachment":[{"href":"https:\/\/inti.hr\/sr\/wp-json\/wp\/v2\/media?parent=35941"}],"wp:term":[{"taxonomy":"product_cat","embeddable":true,"href":"https:\/\/inti.hr\/sr\/wp-json\/wp\/v2\/product_cat?post=35941"},{"taxonomy":"product_tag","embeddable":true,"href":"https:\/\/inti.hr\/sr\/wp-json\/wp\/v2\/product_tag?post=35941"}],"curies":[{"name":"wp","href":"https:\/\/api.w.org\/{rel}","templated":true}]}}