{"id":35995,"date":"2024-05-21T14:54:28","date_gmt":"2024-05-21T13:54:28","guid":{"rendered":"https:\/\/inti.hr\/product\/regal-s-vratima-u-izgledu-ratana\/"},"modified":"2024-05-21T14:54:28","modified_gmt":"2024-05-21T13:54:28","slug":"regal-s-vratima-u-izgledu-ratana","status":"publish","type":"product","link":"https:\/\/inti.hr\/sr\/proizvod\/regal-s-vratima-u-izgledu-ratana\/","title":{"rendered":"Regal s vratima u izgledu ratana"},"content":{"rendered":"<p>Detalji proizvoda:<\/p>\n<ul>\n<li>Materijal: \u010delik, iverica, PE ratan (polietilen)<\/li>\n<li>Veli\u010dina: 30 x 76,4 x 174,7 cm (D x \u0160 x V)<\/li>\n<li>Te\u017eina: 25,1 kg<\/li>\n<li>Maksimalna stati\u010dka nosivost po razini: 20 kg<\/li>\n<li>Maksimalna stati\u010dka nosivost: 120 kg<\/li>\n<\/ul>\n","protected":false},"excerpt":{"rendered":"<p>Stvorite \u017eivahnu boho atmosferu s ovom policom! Topla, zemljana boja i &#8230; <\/p>\n","protected":false},"featured_media":35996,"template":"","meta":[],"product_cat":[2573,2421],"product_tag":[2448,4668,4669],"yoast_head":"<!-- This site is optimized with the Yoast SEO plugin v23.7 - https:\/\/yoast.com\/wordpress\/plugins\/seo\/ -->\n<title>Regal s vratima u izgledu ratana - Inti<\/title>\n<meta name=\"description\" content=\"Stvorite \u017eivahnu boho atmosferu s ovom policom! Topla, zemljana boja i vrata poput ratana odi\u0161u prozra\u010dnim, opu\u0161tenim dodirom koji \u0107e oplemeniti svaki moderan prostor i upotpuniti boho interijere. Bilo da izla\u017eete ukrase u dnevnoj sobi, pohranjujete knjige u ku\u0107nom uredu ili pohranjujete posteljinu u spava\u0107oj sobi, ovaj stalak za pohranu je idealan. Otvorene police i ormari\u0107 omogu\u0107uju vam da poka\u017eete ili sakrijete sve po potrebi. Sastavljanje ormari\u0107a je povjetarac! Zahvaljuju\u0107i jasnim uputama i ozna\u010denim dijelovima, mo\u017eete ga jednostavno postaviti. Provedite manje vremena sastavljaju\u0107i, a vi\u0161e u\u017eivaju\u0107i u svom odmoru. Ova polica za knjige 12&quot; x 30&quot; x 78&quot; iskori\u0161tava okomiti prostor i pru\u017ea mnogo prostora za pohranu kako bi stvari bile uredne. Ima podesivu policu u ormaru za spremanje predmeta razli\u010ditih veli\u010dina. Stoje\u0107a polica ima no\u017eice za izravnavanje i mo\u017ee stajati stabilno \u010dak i na neravnim podovima. Ure\u0111aj protiv prevrtanja sprje\u010dava prevrtanje i osigurava sigurno okru\u017eenje za kori\u0161tenje. Stra\u017enje za\u0161titne plo\u010de sprje\u010davaju klizanje predmeta.\" \/>\n<meta name=\"robots\" content=\"index, follow, max-snippet:-1, max-image-preview:large, max-video-preview:-1\" \/>\n<link rel=\"canonical\" href=\"https:\/\/inti.hr\/sr\/proizvod\/regal-s-vratima-u-izgledu-ratana\/\" \/>\n<meta property=\"og:locale\" content=\"sr_RS\" \/>\n<meta property=\"og:type\" content=\"article\" \/>\n<meta property=\"og:title\" content=\"Regal s vratima u izgledu ratana - Inti\" \/>\n<meta property=\"og:description\" content=\"Stvorite \u017eivahnu boho atmosferu s ovom policom! Topla, zemljana boja i vrata poput ratana odi\u0161u prozra\u010dnim, opu\u0161tenim dodirom koji \u0107e oplemeniti svaki moderan prostor i upotpuniti boho interijere. Bilo da izla\u017eete ukrase u dnevnoj sobi, pohranjujete knjige u ku\u0107nom uredu ili pohranjujete posteljinu u spava\u0107oj sobi, ovaj stalak za pohranu je idealan. Otvorene police i ormari\u0107 omogu\u0107uju vam da poka\u017eete ili sakrijete sve po potrebi. Sastavljanje ormari\u0107a je povjetarac! Zahvaljuju\u0107i jasnim uputama i ozna\u010denim dijelovima, mo\u017eete ga jednostavno postaviti. Provedite manje vremena sastavljaju\u0107i, a vi\u0161e u\u017eivaju\u0107i u svom odmoru. Ova polica za knjige 12&quot; x 30&quot; x 78&quot; iskori\u0161tava okomiti prostor i pru\u017ea mnogo prostora za pohranu kako bi stvari bile uredne. Ima podesivu policu u ormaru za spremanje predmeta razli\u010ditih veli\u010dina. Stoje\u0107a polica ima no\u017eice za izravnavanje i mo\u017ee stajati stabilno \u010dak i na neravnim podovima. Ure\u0111aj protiv prevrtanja sprje\u010dava prevrtanje i osigurava sigurno okru\u017eenje za kori\u0161tenje. Stra\u017enje za\u0161titne plo\u010de sprje\u010davaju klizanje predmeta.\" \/>\n<meta property=\"og:url\" content=\"https:\/\/inti.hr\/sr\/proizvod\/regal-s-vratima-u-izgledu-ratana\/\" \/>\n<meta property=\"og:site_name\" content=\"Inti\" \/>\n<meta property=\"og:image\" content=\"https:\/\/i0.wp.com\/inti.hr\/wp-content\/uploads\/2024\/05\/LLS124B56-2.jpg?fit=800%2C1000&ssl=1\" \/>\n\t<meta property=\"og:image:width\" content=\"800\" \/>\n\t<meta property=\"og:image:height\" content=\"1000\" \/>\n\t<meta property=\"og:image:type\" content=\"image\/jpeg\" \/>\n<meta name=\"twitter:card\" content=\"summary_large_image\" \/>\n<script type=\"application\/ld+json\" class=\"yoast-schema-graph\">{\"@context\":\"https:\/\/schema.org\",\"@graph\":[{\"@type\":\"WebPage\",\"@id\":\"https:\/\/inti.hr\/sr\/proizvod\/regal-s-vratima-u-izgledu-ratana\/\",\"url\":\"https:\/\/inti.hr\/sr\/proizvod\/regal-s-vratima-u-izgledu-ratana\/\",\"name\":\"Regal s vratima u izgledu ratana - Inti\",\"isPartOf\":{\"@id\":\"https:\/\/inti.hr\/sr\/#website\"},\"primaryImageOfPage\":{\"@id\":\"https:\/\/inti.hr\/sr\/proizvod\/regal-s-vratima-u-izgledu-ratana\/#primaryimage\"},\"image\":{\"@id\":\"https:\/\/inti.hr\/sr\/proizvod\/regal-s-vratima-u-izgledu-ratana\/#primaryimage\"},\"thumbnailUrl\":\"https:\/\/i0.wp.com\/inti.hr\/wp-content\/uploads\/2024\/05\/LLS124B56-2.jpg?fit=800%2C1000&ssl=1\",\"datePublished\":\"2024-05-21T13:54:28+00:00\",\"dateModified\":\"2024-05-21T13:54:28+00:00\",\"description\":\"Stvorite \u017eivahnu boho atmosferu s ovom policom! Topla, zemljana boja i vrata poput ratana odi\u0161u prozra\u010dnim, opu\u0161tenim dodirom koji \u0107e oplemeniti svaki moderan prostor i upotpuniti boho interijere. Bilo da izla\u017eete ukrase u dnevnoj sobi, pohranjujete knjige u ku\u0107nom uredu ili pohranjujete posteljinu u spava\u0107oj sobi, ovaj stalak za pohranu je idealan. Otvorene police i ormari\u0107 omogu\u0107uju vam da poka\u017eete ili sakrijete sve po potrebi. Sastavljanje ormari\u0107a je povjetarac! Zahvaljuju\u0107i jasnim uputama i ozna\u010denim dijelovima, mo\u017eete ga jednostavno postaviti. Provedite manje vremena sastavljaju\u0107i, a vi\u0161e u\u017eivaju\u0107i u svom odmoru. Ova polica za knjige 12\\\" x 30\\\" x 78\\\" iskori\u0161tava okomiti prostor i pru\u017ea mnogo prostora za pohranu kako bi stvari bile uredne. Ima podesivu policu u ormaru za spremanje predmeta razli\u010ditih veli\u010dina. Stoje\u0107a polica ima no\u017eice za izravnavanje i mo\u017ee stajati stabilno \u010dak i na neravnim podovima. Ure\u0111aj protiv prevrtanja sprje\u010dava prevrtanje i osigurava sigurno okru\u017eenje za kori\u0161tenje. Stra\u017enje za\u0161titne plo\u010de sprje\u010davaju klizanje predmeta.\",\"breadcrumb\":{\"@id\":\"https:\/\/inti.hr\/sr\/proizvod\/regal-s-vratima-u-izgledu-ratana\/#breadcrumb\"},\"inLanguage\":\"sr-RS\",\"potentialAction\":[{\"@type\":\"ReadAction\",\"target\":[\"https:\/\/inti.hr\/sr\/proizvod\/regal-s-vratima-u-izgledu-ratana\/\"]}]},{\"@type\":\"ImageObject\",\"inLanguage\":\"sr-RS\",\"@id\":\"https:\/\/inti.hr\/sr\/proizvod\/regal-s-vratima-u-izgledu-ratana\/#primaryimage\",\"url\":\"https:\/\/i0.wp.com\/inti.hr\/wp-content\/uploads\/2024\/05\/LLS124B56-2.jpg?fit=800%2C1000&ssl=1\",\"contentUrl\":\"https:\/\/i0.wp.com\/inti.hr\/wp-content\/uploads\/2024\/05\/LLS124B56-2.jpg?fit=800%2C1000&ssl=1\",\"width\":800,\"height\":1000,\"caption\":\"Regal s vratima u izgledu ratana\"},{\"@type\":\"BreadcrumbList\",\"@id\":\"https:\/\/inti.hr\/sr\/proizvod\/regal-s-vratima-u-izgledu-ratana\/#breadcrumb\",\"itemListElement\":[{\"@type\":\"ListItem\",\"position\":1,\"name\":\"Po\u010detna stranica\",\"item\":\"https:\/\/inti.hr\/sr\/\"},{\"@type\":\"ListItem\",\"position\":2,\"name\":\"Prodavnica\",\"item\":\"https:\/\/inti.hr\/sr\/prodavnica\/\"},{\"@type\":\"ListItem\",\"position\":3,\"name\":\"Regal s vratima u izgledu ratana\"}]},{\"@type\":\"WebSite\",\"@id\":\"https:\/\/inti.hr\/sr\/#website\",\"url\":\"https:\/\/inti.hr\/sr\/\",\"name\":\"Inti\",\"description\":\"trgovina\",\"potentialAction\":[{\"@type\":\"SearchAction\",\"target\":{\"@type\":\"EntryPoint\",\"urlTemplate\":\"https:\/\/inti.hr\/sr\/?s={search_term_string}\"},\"query-input\":{\"@type\":\"PropertyValueSpecification\",\"valueRequired\":true,\"valueName\":\"search_term_string\"}}],\"inLanguage\":\"sr-RS\"}]}<\/script>\n<!-- \/ Yoast SEO plugin. -->","yoast_head_json":{"title":"Regal s vratima u izgledu ratana - Inti","description":"Stvorite \u017eivahnu boho atmosferu s ovom policom! Topla, zemljana boja i vrata poput ratana odi\u0161u prozra\u010dnim, opu\u0161tenim dodirom koji \u0107e oplemeniti svaki moderan prostor i upotpuniti boho interijere. Bilo da izla\u017eete ukrase u dnevnoj sobi, pohranjujete knjige u ku\u0107nom uredu ili pohranjujete posteljinu u spava\u0107oj sobi, ovaj stalak za pohranu je idealan. Otvorene police i ormari\u0107 omogu\u0107uju vam da poka\u017eete ili sakrijete sve po potrebi. Sastavljanje ormari\u0107a je povjetarac! Zahvaljuju\u0107i jasnim uputama i ozna\u010denim dijelovima, mo\u017eete ga jednostavno postaviti. Provedite manje vremena sastavljaju\u0107i, a vi\u0161e u\u017eivaju\u0107i u svom odmoru. Ova polica za knjige 12\" x 30\" x 78\" iskori\u0161tava okomiti prostor i pru\u017ea mnogo prostora za pohranu kako bi stvari bile uredne. Ima podesivu policu u ormaru za spremanje predmeta razli\u010ditih veli\u010dina. Stoje\u0107a polica ima no\u017eice za izravnavanje i mo\u017ee stajati stabilno \u010dak i na neravnim podovima. Ure\u0111aj protiv prevrtanja sprje\u010dava prevrtanje i osigurava sigurno okru\u017eenje za kori\u0161tenje. Stra\u017enje za\u0161titne plo\u010de sprje\u010davaju klizanje predmeta.","robots":{"index":"index","follow":"follow","max-snippet":"max-snippet:-1","max-image-preview":"max-image-preview:large","max-video-preview":"max-video-preview:-1"},"canonical":"https:\/\/inti.hr\/sr\/proizvod\/regal-s-vratima-u-izgledu-ratana\/","og_locale":"sr_RS","og_type":"article","og_title":"Regal s vratima u izgledu ratana - Inti","og_description":"Stvorite \u017eivahnu boho atmosferu s ovom policom! Topla, zemljana boja i vrata poput ratana odi\u0161u prozra\u010dnim, opu\u0161tenim dodirom koji \u0107e oplemeniti svaki moderan prostor i upotpuniti boho interijere. Bilo da izla\u017eete ukrase u dnevnoj sobi, pohranjujete knjige u ku\u0107nom uredu ili pohranjujete posteljinu u spava\u0107oj sobi, ovaj stalak za pohranu je idealan. Otvorene police i ormari\u0107 omogu\u0107uju vam da poka\u017eete ili sakrijete sve po potrebi. Sastavljanje ormari\u0107a je povjetarac! Zahvaljuju\u0107i jasnim uputama i ozna\u010denim dijelovima, mo\u017eete ga jednostavno postaviti. Provedite manje vremena sastavljaju\u0107i, a vi\u0161e u\u017eivaju\u0107i u svom odmoru. Ova polica za knjige 12\" x 30\" x 78\" iskori\u0161tava okomiti prostor i pru\u017ea mnogo prostora za pohranu kako bi stvari bile uredne. Ima podesivu policu u ormaru za spremanje predmeta razli\u010ditih veli\u010dina. Stoje\u0107a polica ima no\u017eice za izravnavanje i mo\u017ee stajati stabilno \u010dak i na neravnim podovima. Ure\u0111aj protiv prevrtanja sprje\u010dava prevrtanje i osigurava sigurno okru\u017eenje za kori\u0161tenje. Stra\u017enje za\u0161titne plo\u010de sprje\u010davaju klizanje predmeta.","og_url":"https:\/\/inti.hr\/sr\/proizvod\/regal-s-vratima-u-izgledu-ratana\/","og_site_name":"Inti","og_image":[{"width":800,"height":1000,"url":"https:\/\/i0.wp.com\/inti.hr\/wp-content\/uploads\/2024\/05\/LLS124B56-2.jpg?fit=800%2C1000&ssl=1","type":"image\/jpeg"}],"twitter_card":"summary_large_image","schema":{"@context":"https:\/\/schema.org","@graph":[{"@type":"WebPage","@id":"https:\/\/inti.hr\/sr\/proizvod\/regal-s-vratima-u-izgledu-ratana\/","url":"https:\/\/inti.hr\/sr\/proizvod\/regal-s-vratima-u-izgledu-ratana\/","name":"Regal s vratima u izgledu ratana - Inti","isPartOf":{"@id":"https:\/\/inti.hr\/sr\/#website"},"primaryImageOfPage":{"@id":"https:\/\/inti.hr\/sr\/proizvod\/regal-s-vratima-u-izgledu-ratana\/#primaryimage"},"image":{"@id":"https:\/\/inti.hr\/sr\/proizvod\/regal-s-vratima-u-izgledu-ratana\/#primaryimage"},"thumbnailUrl":"https:\/\/i0.wp.com\/inti.hr\/wp-content\/uploads\/2024\/05\/LLS124B56-2.jpg?fit=800%2C1000&ssl=1","datePublished":"2024-05-21T13:54:28+00:00","dateModified":"2024-05-21T13:54:28+00:00","description":"Stvorite \u017eivahnu boho atmosferu s ovom policom! Topla, zemljana boja i vrata poput ratana odi\u0161u prozra\u010dnim, opu\u0161tenim dodirom koji \u0107e oplemeniti svaki moderan prostor i upotpuniti boho interijere. Bilo da izla\u017eete ukrase u dnevnoj sobi, pohranjujete knjige u ku\u0107nom uredu ili pohranjujete posteljinu u spava\u0107oj sobi, ovaj stalak za pohranu je idealan. Otvorene police i ormari\u0107 omogu\u0107uju vam da poka\u017eete ili sakrijete sve po potrebi. Sastavljanje ormari\u0107a je povjetarac! Zahvaljuju\u0107i jasnim uputama i ozna\u010denim dijelovima, mo\u017eete ga jednostavno postaviti. Provedite manje vremena sastavljaju\u0107i, a vi\u0161e u\u017eivaju\u0107i u svom odmoru. Ova polica za knjige 12\" x 30\" x 78\" iskori\u0161tava okomiti prostor i pru\u017ea mnogo prostora za pohranu kako bi stvari bile uredne. Ima podesivu policu u ormaru za spremanje predmeta razli\u010ditih veli\u010dina. Stoje\u0107a polica ima no\u017eice za izravnavanje i mo\u017ee stajati stabilno \u010dak i na neravnim podovima. Ure\u0111aj protiv prevrtanja sprje\u010dava prevrtanje i osigurava sigurno okru\u017eenje za kori\u0161tenje. Stra\u017enje za\u0161titne plo\u010de sprje\u010davaju klizanje predmeta.","breadcrumb":{"@id":"https:\/\/inti.hr\/sr\/proizvod\/regal-s-vratima-u-izgledu-ratana\/#breadcrumb"},"inLanguage":"sr-RS","potentialAction":[{"@type":"ReadAction","target":["https:\/\/inti.hr\/sr\/proizvod\/regal-s-vratima-u-izgledu-ratana\/"]}]},{"@type":"ImageObject","inLanguage":"sr-RS","@id":"https:\/\/inti.hr\/sr\/proizvod\/regal-s-vratima-u-izgledu-ratana\/#primaryimage","url":"https:\/\/i0.wp.com\/inti.hr\/wp-content\/uploads\/2024\/05\/LLS124B56-2.jpg?fit=800%2C1000&ssl=1","contentUrl":"https:\/\/i0.wp.com\/inti.hr\/wp-content\/uploads\/2024\/05\/LLS124B56-2.jpg?fit=800%2C1000&ssl=1","width":800,"height":1000,"caption":"Regal s vratima u izgledu ratana"},{"@type":"BreadcrumbList","@id":"https:\/\/inti.hr\/sr\/proizvod\/regal-s-vratima-u-izgledu-ratana\/#breadcrumb","itemListElement":[{"@type":"ListItem","position":1,"name":"Po\u010detna stranica","item":"https:\/\/inti.hr\/sr\/"},{"@type":"ListItem","position":2,"name":"Prodavnica","item":"https:\/\/inti.hr\/sr\/prodavnica\/"},{"@type":"ListItem","position":3,"name":"Regal s vratima u izgledu ratana"}]},{"@type":"WebSite","@id":"https:\/\/inti.hr\/sr\/#website","url":"https:\/\/inti.hr\/sr\/","name":"Inti","description":"trgovina","potentialAction":[{"@type":"SearchAction","target":{"@type":"EntryPoint","urlTemplate":"https:\/\/inti.hr\/sr\/?s={search_term_string}"},"query-input":{"@type":"PropertyValueSpecification","valueRequired":true,"valueName":"search_term_string"}}],"inLanguage":"sr-RS"}]}},"jetpack_sharing_enabled":true,"jetpack-related-posts":[],"_links":{"self":[{"href":"https:\/\/inti.hr\/sr\/wp-json\/wp\/v2\/product\/35995"}],"collection":[{"href":"https:\/\/inti.hr\/sr\/wp-json\/wp\/v2\/product"}],"about":[{"href":"https:\/\/inti.hr\/sr\/wp-json\/wp\/v2\/types\/product"}],"wp:featuredmedia":[{"embeddable":true,"href":"https:\/\/inti.hr\/sr\/wp-json\/wp\/v2\/media\/35996"}],"wp:attachment":[{"href":"https:\/\/inti.hr\/sr\/wp-json\/wp\/v2\/media?parent=35995"}],"wp:term":[{"taxonomy":"product_cat","embeddable":true,"href":"https:\/\/inti.hr\/sr\/wp-json\/wp\/v2\/product_cat?post=35995"},{"taxonomy":"product_tag","embeddable":true,"href":"https:\/\/inti.hr\/sr\/wp-json\/wp\/v2\/product_tag?post=35995"}],"curies":[{"name":"wp","href":"https:\/\/api.w.org\/{rel}","templated":true}]}}