{"id":36015,"date":"2024-05-17T10:56:37","date_gmt":"2024-05-17T09:56:37","guid":{"rendered":"https:\/\/inti.hr\/product\/wc-polica-na-4-nivoa-s-podesivim-policama\/"},"modified":"2024-05-17T10:56:37","modified_gmt":"2024-05-17T09:56:37","slug":"wc-polica-na-4-nivoa-s-podesivim-policama","status":"publish","type":"product","link":"https:\/\/inti.hr\/sr\/proizvod\/wc-polica-na-4-nivoa-s-podesivim-policama\/","title":{"rendered":"WC polica na 4 nivoa s podesivim policama"},"content":{"rendered":"<p>Detalji proizvoda:<\/p>\n<p>Materijal: metal<br \/>\nVeli\u010dina: 30 x 83 x 176 cm (D x \u0160 x V)<br \/>\nTe\u017eina: 6,6 kg<br \/>\nMaksimalna stati\u010dka nosivost po razini: 11,3 kg<\/p>\n","protected":false},"excerpt":{"rendered":"<p>Ova kupaonska polica ima 4 police koje prazan prostor iznad WC &#8230; <\/p>\n","protected":false},"featured_media":36016,"template":"","meta":[],"product_cat":[2396],"product_tag":[2522,4675],"yoast_head":"<!-- This site is optimized with the Yoast SEO plugin v23.7 - https:\/\/yoast.com\/wordpress\/plugins\/seo\/ -->\n<title>WC polica na 4 nivoa s podesivim policama - Inti<\/title>\n<meta name=\"description\" content=\"Ova kupaonska polica ima 4 police koje prazan prostor iznad WC \u0161koljke ili perilice rublja pretvaraju u prakti\u010dan prostor za pohranu toaletnih potrep\u0161tina i deterd\u017eenata, unose\u0107i vi\u0161e reda u kupaonicu. Mo\u017eete fleksibilno prilagoditi visinu 4 police ove toaletne police prema potrebi za pohranjivanje predmeta razli\u010ditih veli\u010dina kao \u0161to su \u0161amponi, deterd\u017eenti, ru\u010dnici itd. Bo\u010dni okvir kupaonske police, koji je pro\u0161iren u donjem dijelu, osigurava ve\u0107u stabilnost; Podesive no\u017eice lako kompenziraju male neravnine. Nema vi\u0161e dosadnog ljuljanja! Nudimo vam 4 kuke i 1 dr\u017ea\u010d toaletnog papira, tako da sitnice i toaletni papir mogu prona\u0107i odgovaraju\u0107e mjesto na ovoj kupaonskoj polici. Zahvaljuju\u0107i donjoj podesivoj polici, ne morate brinuti da \u0107e poklopac WC \u0161koljke dodirivati \u200b\u200bpolicu pri otvaranju; Pre\u010dke na dnu su tako\u0111er podesive po visini tako da polica odgovara razli\u010ditim toaletima.\u00a0\" \/>\n<meta name=\"robots\" content=\"index, follow, max-snippet:-1, max-image-preview:large, max-video-preview:-1\" \/>\n<link rel=\"canonical\" href=\"https:\/\/inti.hr\/sr\/proizvod\/wc-polica-na-4-nivoa-s-podesivim-policama\/\" \/>\n<meta property=\"og:locale\" content=\"sr_RS\" \/>\n<meta property=\"og:type\" content=\"article\" \/>\n<meta property=\"og:title\" content=\"WC polica na 4 nivoa s podesivim policama - Inti\" \/>\n<meta property=\"og:description\" content=\"Ova kupaonska polica ima 4 police koje prazan prostor iznad WC \u0161koljke ili perilice rublja pretvaraju u prakti\u010dan prostor za pohranu toaletnih potrep\u0161tina i deterd\u017eenata, unose\u0107i vi\u0161e reda u kupaonicu. Mo\u017eete fleksibilno prilagoditi visinu 4 police ove toaletne police prema potrebi za pohranjivanje predmeta razli\u010ditih veli\u010dina kao \u0161to su \u0161amponi, deterd\u017eenti, ru\u010dnici itd. Bo\u010dni okvir kupaonske police, koji je pro\u0161iren u donjem dijelu, osigurava ve\u0107u stabilnost; Podesive no\u017eice lako kompenziraju male neravnine. Nema vi\u0161e dosadnog ljuljanja! Nudimo vam 4 kuke i 1 dr\u017ea\u010d toaletnog papira, tako da sitnice i toaletni papir mogu prona\u0107i odgovaraju\u0107e mjesto na ovoj kupaonskoj polici. Zahvaljuju\u0107i donjoj podesivoj polici, ne morate brinuti da \u0107e poklopac WC \u0161koljke dodirivati \u200b\u200bpolicu pri otvaranju; Pre\u010dke na dnu su tako\u0111er podesive po visini tako da polica odgovara razli\u010ditim toaletima.\u00a0\" \/>\n<meta property=\"og:url\" content=\"https:\/\/inti.hr\/sr\/proizvod\/wc-polica-na-4-nivoa-s-podesivim-policama\/\" \/>\n<meta property=\"og:site_name\" content=\"Inti\" \/>\n<meta property=\"og:image\" content=\"https:\/\/i0.wp.com\/inti.hr\/wp-content\/uploads\/2024\/05\/BTS023B01-2-e1715939165350.jpg?fit=800%2C881&ssl=1\" \/>\n\t<meta property=\"og:image:width\" content=\"800\" \/>\n\t<meta property=\"og:image:height\" content=\"881\" \/>\n\t<meta property=\"og:image:type\" content=\"image\/jpeg\" \/>\n<meta name=\"twitter:card\" content=\"summary_large_image\" \/>\n<script type=\"application\/ld+json\" class=\"yoast-schema-graph\">{\"@context\":\"https:\/\/schema.org\",\"@graph\":[{\"@type\":\"WebPage\",\"@id\":\"https:\/\/inti.hr\/sr\/proizvod\/wc-polica-na-4-nivoa-s-podesivim-policama\/\",\"url\":\"https:\/\/inti.hr\/sr\/proizvod\/wc-polica-na-4-nivoa-s-podesivim-policama\/\",\"name\":\"WC polica na 4 nivoa s podesivim policama - Inti\",\"isPartOf\":{\"@id\":\"https:\/\/inti.hr\/sr\/#website\"},\"primaryImageOfPage\":{\"@id\":\"https:\/\/inti.hr\/sr\/proizvod\/wc-polica-na-4-nivoa-s-podesivim-policama\/#primaryimage\"},\"image\":{\"@id\":\"https:\/\/inti.hr\/sr\/proizvod\/wc-polica-na-4-nivoa-s-podesivim-policama\/#primaryimage\"},\"thumbnailUrl\":\"https:\/\/i0.wp.com\/inti.hr\/wp-content\/uploads\/2024\/05\/BTS023B01-2-e1715939165350.jpg?fit=800%2C881&ssl=1\",\"datePublished\":\"2024-05-17T09:56:37+00:00\",\"dateModified\":\"2024-05-17T09:56:37+00:00\",\"description\":\"Ova kupaonska polica ima 4 police koje prazan prostor iznad WC \u0161koljke ili perilice rublja pretvaraju u prakti\u010dan prostor za pohranu toaletnih potrep\u0161tina i deterd\u017eenata, unose\u0107i vi\u0161e reda u kupaonicu. Mo\u017eete fleksibilno prilagoditi visinu 4 police ove toaletne police prema potrebi za pohranjivanje predmeta razli\u010ditih veli\u010dina kao \u0161to su \u0161amponi, deterd\u017eenti, ru\u010dnici itd. Bo\u010dni okvir kupaonske police, koji je pro\u0161iren u donjem dijelu, osigurava ve\u0107u stabilnost; Podesive no\u017eice lako kompenziraju male neravnine. Nema vi\u0161e dosadnog ljuljanja! Nudimo vam 4 kuke i 1 dr\u017ea\u010d toaletnog papira, tako da sitnice i toaletni papir mogu prona\u0107i odgovaraju\u0107e mjesto na ovoj kupaonskoj polici. Zahvaljuju\u0107i donjoj podesivoj polici, ne morate brinuti da \u0107e poklopac WC \u0161koljke dodirivati \u200b\u200bpolicu pri otvaranju; Pre\u010dke na dnu su tako\u0111er podesive po visini tako da polica odgovara razli\u010ditim toaletima.\u00a0\",\"breadcrumb\":{\"@id\":\"https:\/\/inti.hr\/sr\/proizvod\/wc-polica-na-4-nivoa-s-podesivim-policama\/#breadcrumb\"},\"inLanguage\":\"sr-RS\",\"potentialAction\":[{\"@type\":\"ReadAction\",\"target\":[\"https:\/\/inti.hr\/sr\/proizvod\/wc-polica-na-4-nivoa-s-podesivim-policama\/\"]}]},{\"@type\":\"ImageObject\",\"inLanguage\":\"sr-RS\",\"@id\":\"https:\/\/inti.hr\/sr\/proizvod\/wc-polica-na-4-nivoa-s-podesivim-policama\/#primaryimage\",\"url\":\"https:\/\/i0.wp.com\/inti.hr\/wp-content\/uploads\/2024\/05\/BTS023B01-2-e1715939165350.jpg?fit=800%2C881&ssl=1\",\"contentUrl\":\"https:\/\/i0.wp.com\/inti.hr\/wp-content\/uploads\/2024\/05\/BTS023B01-2-e1715939165350.jpg?fit=800%2C881&ssl=1\",\"width\":800,\"height\":881},{\"@type\":\"BreadcrumbList\",\"@id\":\"https:\/\/inti.hr\/sr\/proizvod\/wc-polica-na-4-nivoa-s-podesivim-policama\/#breadcrumb\",\"itemListElement\":[{\"@type\":\"ListItem\",\"position\":1,\"name\":\"Po\u010detna stranica\",\"item\":\"https:\/\/inti.hr\/sr\/\"},{\"@type\":\"ListItem\",\"position\":2,\"name\":\"Prodavnica\",\"item\":\"https:\/\/inti.hr\/sr\/prodavnica\/\"},{\"@type\":\"ListItem\",\"position\":3,\"name\":\"WC polica na 4 nivoa s podesivim policama\"}]},{\"@type\":\"WebSite\",\"@id\":\"https:\/\/inti.hr\/sr\/#website\",\"url\":\"https:\/\/inti.hr\/sr\/\",\"name\":\"Inti\",\"description\":\"trgovina\",\"potentialAction\":[{\"@type\":\"SearchAction\",\"target\":{\"@type\":\"EntryPoint\",\"urlTemplate\":\"https:\/\/inti.hr\/sr\/?s={search_term_string}\"},\"query-input\":{\"@type\":\"PropertyValueSpecification\",\"valueRequired\":true,\"valueName\":\"search_term_string\"}}],\"inLanguage\":\"sr-RS\"}]}<\/script>\n<!-- \/ Yoast SEO plugin. -->","yoast_head_json":{"title":"WC polica na 4 nivoa s podesivim policama - Inti","description":"Ova kupaonska polica ima 4 police koje prazan prostor iznad WC \u0161koljke ili perilice rublja pretvaraju u prakti\u010dan prostor za pohranu toaletnih potrep\u0161tina i deterd\u017eenata, unose\u0107i vi\u0161e reda u kupaonicu. Mo\u017eete fleksibilno prilagoditi visinu 4 police ove toaletne police prema potrebi za pohranjivanje predmeta razli\u010ditih veli\u010dina kao \u0161to su \u0161amponi, deterd\u017eenti, ru\u010dnici itd. Bo\u010dni okvir kupaonske police, koji je pro\u0161iren u donjem dijelu, osigurava ve\u0107u stabilnost; Podesive no\u017eice lako kompenziraju male neravnine. Nema vi\u0161e dosadnog ljuljanja! Nudimo vam 4 kuke i 1 dr\u017ea\u010d toaletnog papira, tako da sitnice i toaletni papir mogu prona\u0107i odgovaraju\u0107e mjesto na ovoj kupaonskoj polici. Zahvaljuju\u0107i donjoj podesivoj polici, ne morate brinuti da \u0107e poklopac WC \u0161koljke dodirivati \u200b\u200bpolicu pri otvaranju; Pre\u010dke na dnu su tako\u0111er podesive po visini tako da polica odgovara razli\u010ditim toaletima.\u00a0","robots":{"index":"index","follow":"follow","max-snippet":"max-snippet:-1","max-image-preview":"max-image-preview:large","max-video-preview":"max-video-preview:-1"},"canonical":"https:\/\/inti.hr\/sr\/proizvod\/wc-polica-na-4-nivoa-s-podesivim-policama\/","og_locale":"sr_RS","og_type":"article","og_title":"WC polica na 4 nivoa s podesivim policama - Inti","og_description":"Ova kupaonska polica ima 4 police koje prazan prostor iznad WC \u0161koljke ili perilice rublja pretvaraju u prakti\u010dan prostor za pohranu toaletnih potrep\u0161tina i deterd\u017eenata, unose\u0107i vi\u0161e reda u kupaonicu. Mo\u017eete fleksibilno prilagoditi visinu 4 police ove toaletne police prema potrebi za pohranjivanje predmeta razli\u010ditih veli\u010dina kao \u0161to su \u0161amponi, deterd\u017eenti, ru\u010dnici itd. Bo\u010dni okvir kupaonske police, koji je pro\u0161iren u donjem dijelu, osigurava ve\u0107u stabilnost; Podesive no\u017eice lako kompenziraju male neravnine. Nema vi\u0161e dosadnog ljuljanja! Nudimo vam 4 kuke i 1 dr\u017ea\u010d toaletnog papira, tako da sitnice i toaletni papir mogu prona\u0107i odgovaraju\u0107e mjesto na ovoj kupaonskoj polici. Zahvaljuju\u0107i donjoj podesivoj polici, ne morate brinuti da \u0107e poklopac WC \u0161koljke dodirivati \u200b\u200bpolicu pri otvaranju; Pre\u010dke na dnu su tako\u0111er podesive po visini tako da polica odgovara razli\u010ditim toaletima.\u00a0","og_url":"https:\/\/inti.hr\/sr\/proizvod\/wc-polica-na-4-nivoa-s-podesivim-policama\/","og_site_name":"Inti","og_image":[{"width":800,"height":881,"url":"https:\/\/i0.wp.com\/inti.hr\/wp-content\/uploads\/2024\/05\/BTS023B01-2-e1715939165350.jpg?fit=800%2C881&ssl=1","type":"image\/jpeg"}],"twitter_card":"summary_large_image","schema":{"@context":"https:\/\/schema.org","@graph":[{"@type":"WebPage","@id":"https:\/\/inti.hr\/sr\/proizvod\/wc-polica-na-4-nivoa-s-podesivim-policama\/","url":"https:\/\/inti.hr\/sr\/proizvod\/wc-polica-na-4-nivoa-s-podesivim-policama\/","name":"WC polica na 4 nivoa s podesivim policama - Inti","isPartOf":{"@id":"https:\/\/inti.hr\/sr\/#website"},"primaryImageOfPage":{"@id":"https:\/\/inti.hr\/sr\/proizvod\/wc-polica-na-4-nivoa-s-podesivim-policama\/#primaryimage"},"image":{"@id":"https:\/\/inti.hr\/sr\/proizvod\/wc-polica-na-4-nivoa-s-podesivim-policama\/#primaryimage"},"thumbnailUrl":"https:\/\/i0.wp.com\/inti.hr\/wp-content\/uploads\/2024\/05\/BTS023B01-2-e1715939165350.jpg?fit=800%2C881&ssl=1","datePublished":"2024-05-17T09:56:37+00:00","dateModified":"2024-05-17T09:56:37+00:00","description":"Ova kupaonska polica ima 4 police koje prazan prostor iznad WC \u0161koljke ili perilice rublja pretvaraju u prakti\u010dan prostor za pohranu toaletnih potrep\u0161tina i deterd\u017eenata, unose\u0107i vi\u0161e reda u kupaonicu. Mo\u017eete fleksibilno prilagoditi visinu 4 police ove toaletne police prema potrebi za pohranjivanje predmeta razli\u010ditih veli\u010dina kao \u0161to su \u0161amponi, deterd\u017eenti, ru\u010dnici itd. Bo\u010dni okvir kupaonske police, koji je pro\u0161iren u donjem dijelu, osigurava ve\u0107u stabilnost; Podesive no\u017eice lako kompenziraju male neravnine. Nema vi\u0161e dosadnog ljuljanja! Nudimo vam 4 kuke i 1 dr\u017ea\u010d toaletnog papira, tako da sitnice i toaletni papir mogu prona\u0107i odgovaraju\u0107e mjesto na ovoj kupaonskoj polici. Zahvaljuju\u0107i donjoj podesivoj polici, ne morate brinuti da \u0107e poklopac WC \u0161koljke dodirivati \u200b\u200bpolicu pri otvaranju; Pre\u010dke na dnu su tako\u0111er podesive po visini tako da polica odgovara razli\u010ditim toaletima.\u00a0","breadcrumb":{"@id":"https:\/\/inti.hr\/sr\/proizvod\/wc-polica-na-4-nivoa-s-podesivim-policama\/#breadcrumb"},"inLanguage":"sr-RS","potentialAction":[{"@type":"ReadAction","target":["https:\/\/inti.hr\/sr\/proizvod\/wc-polica-na-4-nivoa-s-podesivim-policama\/"]}]},{"@type":"ImageObject","inLanguage":"sr-RS","@id":"https:\/\/inti.hr\/sr\/proizvod\/wc-polica-na-4-nivoa-s-podesivim-policama\/#primaryimage","url":"https:\/\/i0.wp.com\/inti.hr\/wp-content\/uploads\/2024\/05\/BTS023B01-2-e1715939165350.jpg?fit=800%2C881&ssl=1","contentUrl":"https:\/\/i0.wp.com\/inti.hr\/wp-content\/uploads\/2024\/05\/BTS023B01-2-e1715939165350.jpg?fit=800%2C881&ssl=1","width":800,"height":881},{"@type":"BreadcrumbList","@id":"https:\/\/inti.hr\/sr\/proizvod\/wc-polica-na-4-nivoa-s-podesivim-policama\/#breadcrumb","itemListElement":[{"@type":"ListItem","position":1,"name":"Po\u010detna stranica","item":"https:\/\/inti.hr\/sr\/"},{"@type":"ListItem","position":2,"name":"Prodavnica","item":"https:\/\/inti.hr\/sr\/prodavnica\/"},{"@type":"ListItem","position":3,"name":"WC polica na 4 nivoa s podesivim policama"}]},{"@type":"WebSite","@id":"https:\/\/inti.hr\/sr\/#website","url":"https:\/\/inti.hr\/sr\/","name":"Inti","description":"trgovina","potentialAction":[{"@type":"SearchAction","target":{"@type":"EntryPoint","urlTemplate":"https:\/\/inti.hr\/sr\/?s={search_term_string}"},"query-input":{"@type":"PropertyValueSpecification","valueRequired":true,"valueName":"search_term_string"}}],"inLanguage":"sr-RS"}]}},"jetpack_sharing_enabled":true,"jetpack-related-posts":[],"_links":{"self":[{"href":"https:\/\/inti.hr\/sr\/wp-json\/wp\/v2\/product\/36015"}],"collection":[{"href":"https:\/\/inti.hr\/sr\/wp-json\/wp\/v2\/product"}],"about":[{"href":"https:\/\/inti.hr\/sr\/wp-json\/wp\/v2\/types\/product"}],"wp:featuredmedia":[{"embeddable":true,"href":"https:\/\/inti.hr\/sr\/wp-json\/wp\/v2\/media\/36016"}],"wp:attachment":[{"href":"https:\/\/inti.hr\/sr\/wp-json\/wp\/v2\/media?parent=36015"}],"wp:term":[{"taxonomy":"product_cat","embeddable":true,"href":"https:\/\/inti.hr\/sr\/wp-json\/wp\/v2\/product_cat?post=36015"},{"taxonomy":"product_tag","embeddable":true,"href":"https:\/\/inti.hr\/sr\/wp-json\/wp\/v2\/product_tag?post=36015"}],"curies":[{"name":"wp","href":"https:\/\/api.w.org\/{rel}","templated":true}]}}