{"id":36037,"date":"2024-05-09T07:33:01","date_gmt":"2024-05-09T06:33:01","guid":{"rendered":"https:\/\/inti.hr\/product\/stol-sa-4-stolice-110x70x76cm\/"},"modified":"2024-05-09T07:33:01","modified_gmt":"2024-05-09T06:33:01","slug":"stol-sa-4-stolice-110x70x76cm","status":"publish","type":"product","link":"https:\/\/inti.hr\/sr\/proizvod\/stol-sa-4-stolice-110x70x76cm\/","title":{"rendered":"Stol sa 4 stolice 110x70x76cm"},"content":{"rendered":"<p>Detalji o proizvodu:<br \/>\nTe\u017eina: oko 25,5 kg<br \/>\nTestirano za: 55 kg\/stol, 120 kg\/stolica<br \/>\nMaterijal: MDF(E1), \u017eeljezo<br \/>\nMjere stola: 110x70x76cm<br \/>\nMjere stolice: 40x46x86cm<br \/>\nDostava: u 2 paketa<br \/>\nDimenzije paketa A: 113x75x13,5 cm<br \/>\nMjere paketa B: 102,5&#215;72,5&#215;12 cm<br \/>\nS uputama za sastavljanje i vijcima. Jednostavna instalacija.<\/p>\n","protected":false},"excerpt":{"rendered":"<p>Povr\u0161ina nudi dovoljno mjesta za 4 osobe. Idealno za ugodan ru\u010dak &#8230; <\/p>\n","protected":false},"featured_media":36038,"template":"","meta":[],"product_cat":[2728,2539],"product_tag":[4679],"yoast_head":"<!-- This site is optimized with the Yoast SEO plugin v23.7 - https:\/\/yoast.com\/wordpress\/plugins\/seo\/ -->\n<title>Stol sa 4 stolice 110x70x76cm - Inti<\/title>\n<meta name=\"description\" content=\"Povr\u0161ina nudi dovoljno mjesta za 4 osobe. Idealno za ugodan ru\u010dak s obitelji i prijateljima!Zahvaljuju\u0107i svestranom dizajnu, set je prikladan za razli\u010dita okru\u017eenja, na primjer u kuhinji ili blagovaonici, ali je tako\u0111er idealan za restorane, kafi\u0107e ili barove.Oko va\u0161eg otoka ili ispred bara u industrijskom stilu, ovaj \u0107e set stvoriti vrlo elegantan i ugodan prostor.\" \/>\n<meta name=\"robots\" content=\"index, follow, max-snippet:-1, max-image-preview:large, max-video-preview:-1\" \/>\n<link rel=\"canonical\" href=\"https:\/\/inti.hr\/sr\/proizvod\/stol-sa-4-stolice-110x70x76cm\/\" \/>\n<meta property=\"og:locale\" content=\"sr_RS\" \/>\n<meta property=\"og:type\" content=\"article\" \/>\n<meta property=\"og:title\" content=\"Stol sa 4 stolice 110x70x76cm - Inti\" \/>\n<meta property=\"og:description\" content=\"Povr\u0161ina nudi dovoljno mjesta za 4 osobe. Idealno za ugodan ru\u010dak s obitelji i prijateljima!Zahvaljuju\u0107i svestranom dizajnu, set je prikladan za razli\u010dita okru\u017eenja, na primjer u kuhinji ili blagovaonici, ali je tako\u0111er idealan za restorane, kafi\u0107e ili barove.Oko va\u0161eg otoka ili ispred bara u industrijskom stilu, ovaj \u0107e set stvoriti vrlo elegantan i ugodan prostor.\" \/>\n<meta property=\"og:url\" content=\"https:\/\/inti.hr\/sr\/proizvod\/stol-sa-4-stolice-110x70x76cm\/\" \/>\n<meta property=\"og:site_name\" content=\"Inti\" \/>\n<meta property=\"og:image\" content=\"https:\/\/i0.wp.com\/inti.hr\/wp-content\/uploads\/2024\/05\/OGT49-F-Y001_670x.webp?fit=670%2C670&ssl=1\" \/>\n\t<meta property=\"og:image:width\" content=\"670\" \/>\n\t<meta property=\"og:image:height\" content=\"670\" \/>\n\t<meta property=\"og:image:type\" content=\"image\/webp\" \/>\n<meta name=\"twitter:card\" content=\"summary_large_image\" \/>\n<script type=\"application\/ld+json\" class=\"yoast-schema-graph\">{\"@context\":\"https:\/\/schema.org\",\"@graph\":[{\"@type\":\"WebPage\",\"@id\":\"https:\/\/inti.hr\/sr\/proizvod\/stol-sa-4-stolice-110x70x76cm\/\",\"url\":\"https:\/\/inti.hr\/sr\/proizvod\/stol-sa-4-stolice-110x70x76cm\/\",\"name\":\"Stol sa 4 stolice 110x70x76cm - Inti\",\"isPartOf\":{\"@id\":\"https:\/\/inti.hr\/sr\/#website\"},\"primaryImageOfPage\":{\"@id\":\"https:\/\/inti.hr\/sr\/proizvod\/stol-sa-4-stolice-110x70x76cm\/#primaryimage\"},\"image\":{\"@id\":\"https:\/\/inti.hr\/sr\/proizvod\/stol-sa-4-stolice-110x70x76cm\/#primaryimage\"},\"thumbnailUrl\":\"https:\/\/i0.wp.com\/inti.hr\/wp-content\/uploads\/2024\/05\/OGT49-F-Y001_670x.webp?fit=670%2C670&ssl=1\",\"datePublished\":\"2024-05-09T06:33:01+00:00\",\"dateModified\":\"2024-05-09T06:33:01+00:00\",\"description\":\"Povr\u0161ina nudi dovoljno mjesta za 4 osobe. Idealno za ugodan ru\u010dak s obitelji i prijateljima!Zahvaljuju\u0107i svestranom dizajnu, set je prikladan za razli\u010dita okru\u017eenja, na primjer u kuhinji ili blagovaonici, ali je tako\u0111er idealan za restorane, kafi\u0107e ili barove.Oko va\u0161eg otoka ili ispred bara u industrijskom stilu, ovaj \u0107e set stvoriti vrlo elegantan i ugodan prostor.\",\"breadcrumb\":{\"@id\":\"https:\/\/inti.hr\/sr\/proizvod\/stol-sa-4-stolice-110x70x76cm\/#breadcrumb\"},\"inLanguage\":\"sr-RS\",\"potentialAction\":[{\"@type\":\"ReadAction\",\"target\":[\"https:\/\/inti.hr\/sr\/proizvod\/stol-sa-4-stolice-110x70x76cm\/\"]}]},{\"@type\":\"ImageObject\",\"inLanguage\":\"sr-RS\",\"@id\":\"https:\/\/inti.hr\/sr\/proizvod\/stol-sa-4-stolice-110x70x76cm\/#primaryimage\",\"url\":\"https:\/\/i0.wp.com\/inti.hr\/wp-content\/uploads\/2024\/05\/OGT49-F-Y001_670x.webp?fit=670%2C670&ssl=1\",\"contentUrl\":\"https:\/\/i0.wp.com\/inti.hr\/wp-content\/uploads\/2024\/05\/OGT49-F-Y001_670x.webp?fit=670%2C670&ssl=1\",\"width\":670,\"height\":670,\"caption\":\"Stol sa 4 stolice 110x70x76cm\"},{\"@type\":\"BreadcrumbList\",\"@id\":\"https:\/\/inti.hr\/sr\/proizvod\/stol-sa-4-stolice-110x70x76cm\/#breadcrumb\",\"itemListElement\":[{\"@type\":\"ListItem\",\"position\":1,\"name\":\"Po\u010detna stranica\",\"item\":\"https:\/\/inti.hr\/sr\/\"},{\"@type\":\"ListItem\",\"position\":2,\"name\":\"Prodavnica\",\"item\":\"https:\/\/inti.hr\/sr\/prodavnica\/\"},{\"@type\":\"ListItem\",\"position\":3,\"name\":\"Stol sa 4 stolice 110x70x76cm\"}]},{\"@type\":\"WebSite\",\"@id\":\"https:\/\/inti.hr\/sr\/#website\",\"url\":\"https:\/\/inti.hr\/sr\/\",\"name\":\"Inti\",\"description\":\"trgovina\",\"potentialAction\":[{\"@type\":\"SearchAction\",\"target\":{\"@type\":\"EntryPoint\",\"urlTemplate\":\"https:\/\/inti.hr\/sr\/?s={search_term_string}\"},\"query-input\":{\"@type\":\"PropertyValueSpecification\",\"valueRequired\":true,\"valueName\":\"search_term_string\"}}],\"inLanguage\":\"sr-RS\"}]}<\/script>\n<!-- \/ Yoast SEO plugin. -->","yoast_head_json":{"title":"Stol sa 4 stolice 110x70x76cm - Inti","description":"Povr\u0161ina nudi dovoljno mjesta za 4 osobe. Idealno za ugodan ru\u010dak s obitelji i prijateljima!Zahvaljuju\u0107i svestranom dizajnu, set je prikladan za razli\u010dita okru\u017eenja, na primjer u kuhinji ili blagovaonici, ali je tako\u0111er idealan za restorane, kafi\u0107e ili barove.Oko va\u0161eg otoka ili ispred bara u industrijskom stilu, ovaj \u0107e set stvoriti vrlo elegantan i ugodan prostor.","robots":{"index":"index","follow":"follow","max-snippet":"max-snippet:-1","max-image-preview":"max-image-preview:large","max-video-preview":"max-video-preview:-1"},"canonical":"https:\/\/inti.hr\/sr\/proizvod\/stol-sa-4-stolice-110x70x76cm\/","og_locale":"sr_RS","og_type":"article","og_title":"Stol sa 4 stolice 110x70x76cm - Inti","og_description":"Povr\u0161ina nudi dovoljno mjesta za 4 osobe. Idealno za ugodan ru\u010dak s obitelji i prijateljima!Zahvaljuju\u0107i svestranom dizajnu, set je prikladan za razli\u010dita okru\u017eenja, na primjer u kuhinji ili blagovaonici, ali je tako\u0111er idealan za restorane, kafi\u0107e ili barove.Oko va\u0161eg otoka ili ispred bara u industrijskom stilu, ovaj \u0107e set stvoriti vrlo elegantan i ugodan prostor.","og_url":"https:\/\/inti.hr\/sr\/proizvod\/stol-sa-4-stolice-110x70x76cm\/","og_site_name":"Inti","og_image":[{"width":670,"height":670,"url":"https:\/\/i0.wp.com\/inti.hr\/wp-content\/uploads\/2024\/05\/OGT49-F-Y001_670x.webp?fit=670%2C670&ssl=1","type":"image\/webp"}],"twitter_card":"summary_large_image","schema":{"@context":"https:\/\/schema.org","@graph":[{"@type":"WebPage","@id":"https:\/\/inti.hr\/sr\/proizvod\/stol-sa-4-stolice-110x70x76cm\/","url":"https:\/\/inti.hr\/sr\/proizvod\/stol-sa-4-stolice-110x70x76cm\/","name":"Stol sa 4 stolice 110x70x76cm - Inti","isPartOf":{"@id":"https:\/\/inti.hr\/sr\/#website"},"primaryImageOfPage":{"@id":"https:\/\/inti.hr\/sr\/proizvod\/stol-sa-4-stolice-110x70x76cm\/#primaryimage"},"image":{"@id":"https:\/\/inti.hr\/sr\/proizvod\/stol-sa-4-stolice-110x70x76cm\/#primaryimage"},"thumbnailUrl":"https:\/\/i0.wp.com\/inti.hr\/wp-content\/uploads\/2024\/05\/OGT49-F-Y001_670x.webp?fit=670%2C670&ssl=1","datePublished":"2024-05-09T06:33:01+00:00","dateModified":"2024-05-09T06:33:01+00:00","description":"Povr\u0161ina nudi dovoljno mjesta za 4 osobe. Idealno za ugodan ru\u010dak s obitelji i prijateljima!Zahvaljuju\u0107i svestranom dizajnu, set je prikladan za razli\u010dita okru\u017eenja, na primjer u kuhinji ili blagovaonici, ali je tako\u0111er idealan za restorane, kafi\u0107e ili barove.Oko va\u0161eg otoka ili ispred bara u industrijskom stilu, ovaj \u0107e set stvoriti vrlo elegantan i ugodan prostor.","breadcrumb":{"@id":"https:\/\/inti.hr\/sr\/proizvod\/stol-sa-4-stolice-110x70x76cm\/#breadcrumb"},"inLanguage":"sr-RS","potentialAction":[{"@type":"ReadAction","target":["https:\/\/inti.hr\/sr\/proizvod\/stol-sa-4-stolice-110x70x76cm\/"]}]},{"@type":"ImageObject","inLanguage":"sr-RS","@id":"https:\/\/inti.hr\/sr\/proizvod\/stol-sa-4-stolice-110x70x76cm\/#primaryimage","url":"https:\/\/i0.wp.com\/inti.hr\/wp-content\/uploads\/2024\/05\/OGT49-F-Y001_670x.webp?fit=670%2C670&ssl=1","contentUrl":"https:\/\/i0.wp.com\/inti.hr\/wp-content\/uploads\/2024\/05\/OGT49-F-Y001_670x.webp?fit=670%2C670&ssl=1","width":670,"height":670,"caption":"Stol sa 4 stolice 110x70x76cm"},{"@type":"BreadcrumbList","@id":"https:\/\/inti.hr\/sr\/proizvod\/stol-sa-4-stolice-110x70x76cm\/#breadcrumb","itemListElement":[{"@type":"ListItem","position":1,"name":"Po\u010detna stranica","item":"https:\/\/inti.hr\/sr\/"},{"@type":"ListItem","position":2,"name":"Prodavnica","item":"https:\/\/inti.hr\/sr\/prodavnica\/"},{"@type":"ListItem","position":3,"name":"Stol sa 4 stolice 110x70x76cm"}]},{"@type":"WebSite","@id":"https:\/\/inti.hr\/sr\/#website","url":"https:\/\/inti.hr\/sr\/","name":"Inti","description":"trgovina","potentialAction":[{"@type":"SearchAction","target":{"@type":"EntryPoint","urlTemplate":"https:\/\/inti.hr\/sr\/?s={search_term_string}"},"query-input":{"@type":"PropertyValueSpecification","valueRequired":true,"valueName":"search_term_string"}}],"inLanguage":"sr-RS"}]}},"jetpack_sharing_enabled":true,"jetpack-related-posts":[],"_links":{"self":[{"href":"https:\/\/inti.hr\/sr\/wp-json\/wp\/v2\/product\/36037"}],"collection":[{"href":"https:\/\/inti.hr\/sr\/wp-json\/wp\/v2\/product"}],"about":[{"href":"https:\/\/inti.hr\/sr\/wp-json\/wp\/v2\/types\/product"}],"wp:featuredmedia":[{"embeddable":true,"href":"https:\/\/inti.hr\/sr\/wp-json\/wp\/v2\/media\/36038"}],"wp:attachment":[{"href":"https:\/\/inti.hr\/sr\/wp-json\/wp\/v2\/media?parent=36037"}],"wp:term":[{"taxonomy":"product_cat","embeddable":true,"href":"https:\/\/inti.hr\/sr\/wp-json\/wp\/v2\/product_cat?post=36037"},{"taxonomy":"product_tag","embeddable":true,"href":"https:\/\/inti.hr\/sr\/wp-json\/wp\/v2\/product_tag?post=36037"}],"curies":[{"name":"wp","href":"https:\/\/api.w.org\/{rel}","templated":true}]}}