{"id":36045,"date":"2024-05-09T07:13:30","date_gmt":"2024-05-09T06:13:30","guid":{"rendered":"https:\/\/inti.hr\/product\/crna-kuhinjska-komoda-s-celicnom-plocom-115x71x92cm\/"},"modified":"2024-05-09T07:13:30","modified_gmt":"2024-05-09T06:13:30","slug":"crna-kuhinjska-komoda-s-celicnom-plocom-115x71x92cm","status":"publish","type":"product","link":"https:\/\/inti.hr\/sr\/proizvod\/crna-kuhinjska-komoda-s-celicnom-plocom-115x71x92cm\/","title":{"rendered":"Crna kuhinjska komoda s \u010deli\u010dnom plo\u010dom 115x71x92cm"},"content":{"rendered":"<p>Detalji proizvoda:<\/p>\n<p>Materijal: MDF, akrilna boja, radna plo\u010da: \u010delik<br \/>\nDimenzije proizvoda: L115*D(46\/71)*H92 cm (vidi sliku).<br \/>\nTe\u017eina: 44 kg. Nosivost do 75 kg.<br \/>\nOvaj proizvod se sastoji od 2 paketa: Paket A: 120,00*53,00*26,00 cm, 24 kg, Paket B: 99,00*49,00*27,00 cm, 28 kg<br \/>\nS uputama za monta\u017eu i vijcima, jednostavna monta\u017ea<br \/>\nOvaj proizvod je razvijen i ispitan za ku\u0107nu upotrebu.<\/p>\n","protected":false},"excerpt":{"rendered":"<p>Dva ormari\u0107a nude dovoljno prostora za kuhinjske dodatke.<br \/>\nDvije ladice s teleskopskim &#8230; <\/p>\n","protected":false},"featured_media":36046,"template":"","meta":[],"product_cat":[2539],"product_tag":[4681,2540],"yoast_head":"<!-- This site is optimized with the Yoast SEO plugin v23.7 - https:\/\/yoast.com\/wordpress\/plugins\/seo\/ -->\n<title>Crna kuhinjska komoda s \u010deli\u010dnom plo\u010dom 115x71x92cm - Inti<\/title>\n<meta name=\"description\" content=\"Dva ormari\u0107a nude dovoljno prostora za kuhinjske dodatke. Dvije ladice s teleskopskim i tihim vodilicama. Prakti\u010dni dr\u017ea\u010d ru\u010dnika koji se nalazi na vrhu kolica slu\u017ei i kao ru\u010dka koja vam poma\u017ee pri guranju kolica.\" \/>\n<meta name=\"robots\" content=\"index, follow, max-snippet:-1, max-image-preview:large, max-video-preview:-1\" \/>\n<link rel=\"canonical\" href=\"https:\/\/inti.hr\/sr\/proizvod\/crna-kuhinjska-komoda-s-celicnom-plocom-115x71x92cm\/\" \/>\n<meta property=\"og:locale\" content=\"sr_RS\" \/>\n<meta property=\"og:type\" content=\"article\" \/>\n<meta property=\"og:title\" content=\"Crna kuhinjska komoda s \u010deli\u010dnom plo\u010dom 115x71x92cm - Inti\" \/>\n<meta property=\"og:description\" content=\"Dva ormari\u0107a nude dovoljno prostora za kuhinjske dodatke. Dvije ladice s teleskopskim i tihim vodilicama. Prakti\u010dni dr\u017ea\u010d ru\u010dnika koji se nalazi na vrhu kolica slu\u017ei i kao ru\u010dka koja vam poma\u017ee pri guranju kolica.\" \/>\n<meta property=\"og:url\" content=\"https:\/\/inti.hr\/sr\/proizvod\/crna-kuhinjska-komoda-s-celicnom-plocom-115x71x92cm\/\" \/>\n<meta property=\"og:site_name\" content=\"Inti\" \/>\n<meta property=\"og:image\" content=\"https:\/\/i0.wp.com\/inti.hr\/wp-content\/uploads\/2024\/05\/FKW71-SCHY006_670x.webp?fit=670%2C670&ssl=1\" \/>\n\t<meta property=\"og:image:width\" content=\"670\" \/>\n\t<meta property=\"og:image:height\" content=\"670\" \/>\n\t<meta property=\"og:image:type\" content=\"image\/webp\" \/>\n<meta name=\"twitter:card\" content=\"summary_large_image\" \/>\n<script type=\"application\/ld+json\" class=\"yoast-schema-graph\">{\"@context\":\"https:\/\/schema.org\",\"@graph\":[{\"@type\":\"WebPage\",\"@id\":\"https:\/\/inti.hr\/sr\/proizvod\/crna-kuhinjska-komoda-s-celicnom-plocom-115x71x92cm\/\",\"url\":\"https:\/\/inti.hr\/sr\/proizvod\/crna-kuhinjska-komoda-s-celicnom-plocom-115x71x92cm\/\",\"name\":\"Crna kuhinjska komoda s \u010deli\u010dnom plo\u010dom 115x71x92cm - Inti\",\"isPartOf\":{\"@id\":\"https:\/\/inti.hr\/sr\/#website\"},\"primaryImageOfPage\":{\"@id\":\"https:\/\/inti.hr\/sr\/proizvod\/crna-kuhinjska-komoda-s-celicnom-plocom-115x71x92cm\/#primaryimage\"},\"image\":{\"@id\":\"https:\/\/inti.hr\/sr\/proizvod\/crna-kuhinjska-komoda-s-celicnom-plocom-115x71x92cm\/#primaryimage\"},\"thumbnailUrl\":\"https:\/\/i0.wp.com\/inti.hr\/wp-content\/uploads\/2024\/05\/FKW71-SCHY006_670x.webp?fit=670%2C670&ssl=1\",\"datePublished\":\"2024-05-09T06:13:30+00:00\",\"dateModified\":\"2024-05-09T06:13:30+00:00\",\"description\":\"Dva ormari\u0107a nude dovoljno prostora za kuhinjske dodatke. Dvije ladice s teleskopskim i tihim vodilicama. Prakti\u010dni dr\u017ea\u010d ru\u010dnika koji se nalazi na vrhu kolica slu\u017ei i kao ru\u010dka koja vam poma\u017ee pri guranju kolica.\",\"breadcrumb\":{\"@id\":\"https:\/\/inti.hr\/sr\/proizvod\/crna-kuhinjska-komoda-s-celicnom-plocom-115x71x92cm\/#breadcrumb\"},\"inLanguage\":\"sr-RS\",\"potentialAction\":[{\"@type\":\"ReadAction\",\"target\":[\"https:\/\/inti.hr\/sr\/proizvod\/crna-kuhinjska-komoda-s-celicnom-plocom-115x71x92cm\/\"]}]},{\"@type\":\"ImageObject\",\"inLanguage\":\"sr-RS\",\"@id\":\"https:\/\/inti.hr\/sr\/proizvod\/crna-kuhinjska-komoda-s-celicnom-plocom-115x71x92cm\/#primaryimage\",\"url\":\"https:\/\/i0.wp.com\/inti.hr\/wp-content\/uploads\/2024\/05\/FKW71-SCHY006_670x.webp?fit=670%2C670&ssl=1\",\"contentUrl\":\"https:\/\/i0.wp.com\/inti.hr\/wp-content\/uploads\/2024\/05\/FKW71-SCHY006_670x.webp?fit=670%2C670&ssl=1\",\"width\":670,\"height\":670,\"caption\":\"Crna kuhinjska komoda s \u010deli\u010dnom plo\u010dom 115x71x92cm\"},{\"@type\":\"BreadcrumbList\",\"@id\":\"https:\/\/inti.hr\/sr\/proizvod\/crna-kuhinjska-komoda-s-celicnom-plocom-115x71x92cm\/#breadcrumb\",\"itemListElement\":[{\"@type\":\"ListItem\",\"position\":1,\"name\":\"Po\u010detna stranica\",\"item\":\"https:\/\/inti.hr\/sr\/\"},{\"@type\":\"ListItem\",\"position\":2,\"name\":\"Prodavnica\",\"item\":\"https:\/\/inti.hr\/sr\/prodavnica\/\"},{\"@type\":\"ListItem\",\"position\":3,\"name\":\"Crna kuhinjska komoda s \u010deli\u010dnom plo\u010dom 115x71x92cm\"}]},{\"@type\":\"WebSite\",\"@id\":\"https:\/\/inti.hr\/sr\/#website\",\"url\":\"https:\/\/inti.hr\/sr\/\",\"name\":\"Inti\",\"description\":\"trgovina\",\"potentialAction\":[{\"@type\":\"SearchAction\",\"target\":{\"@type\":\"EntryPoint\",\"urlTemplate\":\"https:\/\/inti.hr\/sr\/?s={search_term_string}\"},\"query-input\":{\"@type\":\"PropertyValueSpecification\",\"valueRequired\":true,\"valueName\":\"search_term_string\"}}],\"inLanguage\":\"sr-RS\"}]}<\/script>\n<!-- \/ Yoast SEO plugin. -->","yoast_head_json":{"title":"Crna kuhinjska komoda s \u010deli\u010dnom plo\u010dom 115x71x92cm - Inti","description":"Dva ormari\u0107a nude dovoljno prostora za kuhinjske dodatke. Dvije ladice s teleskopskim i tihim vodilicama. Prakti\u010dni dr\u017ea\u010d ru\u010dnika koji se nalazi na vrhu kolica slu\u017ei i kao ru\u010dka koja vam poma\u017ee pri guranju kolica.","robots":{"index":"index","follow":"follow","max-snippet":"max-snippet:-1","max-image-preview":"max-image-preview:large","max-video-preview":"max-video-preview:-1"},"canonical":"https:\/\/inti.hr\/sr\/proizvod\/crna-kuhinjska-komoda-s-celicnom-plocom-115x71x92cm\/","og_locale":"sr_RS","og_type":"article","og_title":"Crna kuhinjska komoda s \u010deli\u010dnom plo\u010dom 115x71x92cm - Inti","og_description":"Dva ormari\u0107a nude dovoljno prostora za kuhinjske dodatke. Dvije ladice s teleskopskim i tihim vodilicama. Prakti\u010dni dr\u017ea\u010d ru\u010dnika koji se nalazi na vrhu kolica slu\u017ei i kao ru\u010dka koja vam poma\u017ee pri guranju kolica.","og_url":"https:\/\/inti.hr\/sr\/proizvod\/crna-kuhinjska-komoda-s-celicnom-plocom-115x71x92cm\/","og_site_name":"Inti","og_image":[{"width":670,"height":670,"url":"https:\/\/i0.wp.com\/inti.hr\/wp-content\/uploads\/2024\/05\/FKW71-SCHY006_670x.webp?fit=670%2C670&ssl=1","type":"image\/webp"}],"twitter_card":"summary_large_image","schema":{"@context":"https:\/\/schema.org","@graph":[{"@type":"WebPage","@id":"https:\/\/inti.hr\/sr\/proizvod\/crna-kuhinjska-komoda-s-celicnom-plocom-115x71x92cm\/","url":"https:\/\/inti.hr\/sr\/proizvod\/crna-kuhinjska-komoda-s-celicnom-plocom-115x71x92cm\/","name":"Crna kuhinjska komoda s \u010deli\u010dnom plo\u010dom 115x71x92cm - Inti","isPartOf":{"@id":"https:\/\/inti.hr\/sr\/#website"},"primaryImageOfPage":{"@id":"https:\/\/inti.hr\/sr\/proizvod\/crna-kuhinjska-komoda-s-celicnom-plocom-115x71x92cm\/#primaryimage"},"image":{"@id":"https:\/\/inti.hr\/sr\/proizvod\/crna-kuhinjska-komoda-s-celicnom-plocom-115x71x92cm\/#primaryimage"},"thumbnailUrl":"https:\/\/i0.wp.com\/inti.hr\/wp-content\/uploads\/2024\/05\/FKW71-SCHY006_670x.webp?fit=670%2C670&ssl=1","datePublished":"2024-05-09T06:13:30+00:00","dateModified":"2024-05-09T06:13:30+00:00","description":"Dva ormari\u0107a nude dovoljno prostora za kuhinjske dodatke. Dvije ladice s teleskopskim i tihim vodilicama. Prakti\u010dni dr\u017ea\u010d ru\u010dnika koji se nalazi na vrhu kolica slu\u017ei i kao ru\u010dka koja vam poma\u017ee pri guranju kolica.","breadcrumb":{"@id":"https:\/\/inti.hr\/sr\/proizvod\/crna-kuhinjska-komoda-s-celicnom-plocom-115x71x92cm\/#breadcrumb"},"inLanguage":"sr-RS","potentialAction":[{"@type":"ReadAction","target":["https:\/\/inti.hr\/sr\/proizvod\/crna-kuhinjska-komoda-s-celicnom-plocom-115x71x92cm\/"]}]},{"@type":"ImageObject","inLanguage":"sr-RS","@id":"https:\/\/inti.hr\/sr\/proizvod\/crna-kuhinjska-komoda-s-celicnom-plocom-115x71x92cm\/#primaryimage","url":"https:\/\/i0.wp.com\/inti.hr\/wp-content\/uploads\/2024\/05\/FKW71-SCHY006_670x.webp?fit=670%2C670&ssl=1","contentUrl":"https:\/\/i0.wp.com\/inti.hr\/wp-content\/uploads\/2024\/05\/FKW71-SCHY006_670x.webp?fit=670%2C670&ssl=1","width":670,"height":670,"caption":"Crna kuhinjska komoda s \u010deli\u010dnom plo\u010dom 115x71x92cm"},{"@type":"BreadcrumbList","@id":"https:\/\/inti.hr\/sr\/proizvod\/crna-kuhinjska-komoda-s-celicnom-plocom-115x71x92cm\/#breadcrumb","itemListElement":[{"@type":"ListItem","position":1,"name":"Po\u010detna stranica","item":"https:\/\/inti.hr\/sr\/"},{"@type":"ListItem","position":2,"name":"Prodavnica","item":"https:\/\/inti.hr\/sr\/prodavnica\/"},{"@type":"ListItem","position":3,"name":"Crna kuhinjska komoda s \u010deli\u010dnom plo\u010dom 115x71x92cm"}]},{"@type":"WebSite","@id":"https:\/\/inti.hr\/sr\/#website","url":"https:\/\/inti.hr\/sr\/","name":"Inti","description":"trgovina","potentialAction":[{"@type":"SearchAction","target":{"@type":"EntryPoint","urlTemplate":"https:\/\/inti.hr\/sr\/?s={search_term_string}"},"query-input":{"@type":"PropertyValueSpecification","valueRequired":true,"valueName":"search_term_string"}}],"inLanguage":"sr-RS"}]}},"jetpack_sharing_enabled":true,"jetpack-related-posts":[],"_links":{"self":[{"href":"https:\/\/inti.hr\/sr\/wp-json\/wp\/v2\/product\/36045"}],"collection":[{"href":"https:\/\/inti.hr\/sr\/wp-json\/wp\/v2\/product"}],"about":[{"href":"https:\/\/inti.hr\/sr\/wp-json\/wp\/v2\/types\/product"}],"wp:featuredmedia":[{"embeddable":true,"href":"https:\/\/inti.hr\/sr\/wp-json\/wp\/v2\/media\/36046"}],"wp:attachment":[{"href":"https:\/\/inti.hr\/sr\/wp-json\/wp\/v2\/media?parent=36045"}],"wp:term":[{"taxonomy":"product_cat","embeddable":true,"href":"https:\/\/inti.hr\/sr\/wp-json\/wp\/v2\/product_cat?post=36045"},{"taxonomy":"product_tag","embeddable":true,"href":"https:\/\/inti.hr\/sr\/wp-json\/wp\/v2\/product_tag?post=36045"}],"curies":[{"name":"wp","href":"https:\/\/api.w.org\/{rel}","templated":true}]}}