{"id":36103,"date":"2024-02-22T08:24:33","date_gmt":"2024-02-22T07:24:33","guid":{"rendered":"https:\/\/inti.hr\/product\/vrtna-lezaljka-na-ljuljanje\/"},"modified":"2024-02-22T08:24:33","modified_gmt":"2024-02-22T07:24:33","slug":"vrtna-lezaljka-na-ljuljanje","status":"publish","type":"product","link":"https:\/\/inti.hr\/sr\/proizvod\/vrtna-lezaljka-na-ljuljanje\/","title":{"rendered":"Vrtna le\u017ealjka na ljuljanje"},"content":{"rendered":"<p>Detalji proizvoda:<\/p>\n<p>Materijal: metal i poliester.<br \/>\nTe\u017eina: 10,5 kg. Nosivost do 150kg.<br \/>\nDimenzije i te\u017eina paketa: 103,50*53,50*6,00cm, 11,8kg.<br \/>\nDimenzije proizvoda: L62*D158*H86cm (vidi sliku).<br \/>\nS uputama za monta\u017eu i vijcima, jednostavna monta\u017ea<br \/>\nSigurnost i sukladnost: Materijali ovog vanjskog namje\u0161taja ne zahtijevaju odr\u017eavanje.<\/p>\n","protected":false},"excerpt":{"rendered":"<p>Za opu\u0161tanje na suncu ne smije nedostajati le\u017ealjka za ljuljanje!\u00a0Ova moderna &#8230; <\/p>\n","protected":false},"featured_media":36104,"template":"","meta":[],"product_cat":[2461],"product_tag":[4705,4242,2561],"yoast_head":"<!-- This site is optimized with the Yoast SEO plugin v23.7 - https:\/\/yoast.com\/wordpress\/plugins\/seo\/ -->\n<title>Vrtna le\u017ealjka na ljuljanje - Inti<\/title>\n<meta name=\"description\" content=\"Za opu\u0161tanje na suncu ne smije nedostajati le\u017ealjka za ljuljanje! Ova moderna le\u017ealjka nudi veliku udobnost i \u010dvrstu strukturu. Zahvaljuju\u0107i mre\u017eastoj presvlaci, povr\u0161ina se udobno prilago\u0111ava va\u0161em tijelu - za opu\u0161teno opu\u0161tanje na suncu. Fotelja na ljuljanje sa \u010dvrstom \u017eeljeznom konstrukcijom koja nudi maksimalnu udobnost i apsolutnu stabilnost. Podstava je vrlo udobna i prakti\u010dna.U\u010dinite ljeto punim trenutaka iz snova tako \u0161to \u0107ete svojoj vrtnoj garnituri dodati ovu elegantnu i udobnu vanjsku le\u017ealjku.Fotelja na ljuljanje dobro izgleda u svakom okru\u017eenju i postaje elegantan element namje\u0161taja.Zahvaljuju\u0107i klasi\u010dnom i jednostavnom dizajnu, ova se stolica mo\u017ee skladno uklopiti u najrazli\u010ditije \u017eivotne stilove. Izvrstan je za kampiranje, pla\u017eu, bazen, vrt.\" \/>\n<meta name=\"robots\" content=\"index, follow, max-snippet:-1, max-image-preview:large, max-video-preview:-1\" \/>\n<link rel=\"canonical\" href=\"https:\/\/inti.hr\/sr\/proizvod\/vrtna-lezaljka-na-ljuljanje\/\" \/>\n<meta property=\"og:locale\" content=\"sr_RS\" \/>\n<meta property=\"og:type\" content=\"article\" \/>\n<meta property=\"og:title\" content=\"Vrtna le\u017ealjka na ljuljanje - Inti\" \/>\n<meta property=\"og:description\" content=\"Za opu\u0161tanje na suncu ne smije nedostajati le\u017ealjka za ljuljanje! Ova moderna le\u017ealjka nudi veliku udobnost i \u010dvrstu strukturu. Zahvaljuju\u0107i mre\u017eastoj presvlaci, povr\u0161ina se udobno prilago\u0111ava va\u0161em tijelu - za opu\u0161teno opu\u0161tanje na suncu. Fotelja na ljuljanje sa \u010dvrstom \u017eeljeznom konstrukcijom koja nudi maksimalnu udobnost i apsolutnu stabilnost. Podstava je vrlo udobna i prakti\u010dna.U\u010dinite ljeto punim trenutaka iz snova tako \u0161to \u0107ete svojoj vrtnoj garnituri dodati ovu elegantnu i udobnu vanjsku le\u017ealjku.Fotelja na ljuljanje dobro izgleda u svakom okru\u017eenju i postaje elegantan element namje\u0161taja.Zahvaljuju\u0107i klasi\u010dnom i jednostavnom dizajnu, ova se stolica mo\u017ee skladno uklopiti u najrazli\u010ditije \u017eivotne stilove. Izvrstan je za kampiranje, pla\u017eu, bazen, vrt.\" \/>\n<meta property=\"og:url\" content=\"https:\/\/inti.hr\/sr\/proizvod\/vrtna-lezaljka-na-ljuljanje\/\" \/>\n<meta property=\"og:site_name\" content=\"Inti\" \/>\n<meta property=\"og:image\" content=\"https:\/\/i0.wp.com\/inti.hr\/wp-content\/uploads\/2024\/02\/OGS28-WD-Y003_670x-1.webp?fit=670%2C670&ssl=1\" \/>\n\t<meta property=\"og:image:width\" content=\"670\" \/>\n\t<meta property=\"og:image:height\" content=\"670\" \/>\n\t<meta property=\"og:image:type\" content=\"image\/webp\" \/>\n<meta name=\"twitter:card\" content=\"summary_large_image\" \/>\n<script type=\"application\/ld+json\" class=\"yoast-schema-graph\">{\"@context\":\"https:\/\/schema.org\",\"@graph\":[{\"@type\":\"WebPage\",\"@id\":\"https:\/\/inti.hr\/sr\/proizvod\/vrtna-lezaljka-na-ljuljanje\/\",\"url\":\"https:\/\/inti.hr\/sr\/proizvod\/vrtna-lezaljka-na-ljuljanje\/\",\"name\":\"Vrtna le\u017ealjka na ljuljanje - Inti\",\"isPartOf\":{\"@id\":\"https:\/\/inti.hr\/sr\/#website\"},\"primaryImageOfPage\":{\"@id\":\"https:\/\/inti.hr\/sr\/proizvod\/vrtna-lezaljka-na-ljuljanje\/#primaryimage\"},\"image\":{\"@id\":\"https:\/\/inti.hr\/sr\/proizvod\/vrtna-lezaljka-na-ljuljanje\/#primaryimage\"},\"thumbnailUrl\":\"https:\/\/i0.wp.com\/inti.hr\/wp-content\/uploads\/2024\/02\/OGS28-WD-Y003_670x-1.webp?fit=670%2C670&ssl=1\",\"datePublished\":\"2024-02-22T07:24:33+00:00\",\"dateModified\":\"2024-02-22T07:24:33+00:00\",\"description\":\"Za opu\u0161tanje na suncu ne smije nedostajati le\u017ealjka za ljuljanje! Ova moderna le\u017ealjka nudi veliku udobnost i \u010dvrstu strukturu. Zahvaljuju\u0107i mre\u017eastoj presvlaci, povr\u0161ina se udobno prilago\u0111ava va\u0161em tijelu - za opu\u0161teno opu\u0161tanje na suncu. Fotelja na ljuljanje sa \u010dvrstom \u017eeljeznom konstrukcijom koja nudi maksimalnu udobnost i apsolutnu stabilnost. Podstava je vrlo udobna i prakti\u010dna.U\u010dinite ljeto punim trenutaka iz snova tako \u0161to \u0107ete svojoj vrtnoj garnituri dodati ovu elegantnu i udobnu vanjsku le\u017ealjku.Fotelja na ljuljanje dobro izgleda u svakom okru\u017eenju i postaje elegantan element namje\u0161taja.Zahvaljuju\u0107i klasi\u010dnom i jednostavnom dizajnu, ova se stolica mo\u017ee skladno uklopiti u najrazli\u010ditije \u017eivotne stilove. Izvrstan je za kampiranje, pla\u017eu, bazen, vrt.\",\"breadcrumb\":{\"@id\":\"https:\/\/inti.hr\/sr\/proizvod\/vrtna-lezaljka-na-ljuljanje\/#breadcrumb\"},\"inLanguage\":\"sr-RS\",\"potentialAction\":[{\"@type\":\"ReadAction\",\"target\":[\"https:\/\/inti.hr\/sr\/proizvod\/vrtna-lezaljka-na-ljuljanje\/\"]}]},{\"@type\":\"ImageObject\",\"inLanguage\":\"sr-RS\",\"@id\":\"https:\/\/inti.hr\/sr\/proizvod\/vrtna-lezaljka-na-ljuljanje\/#primaryimage\",\"url\":\"https:\/\/i0.wp.com\/inti.hr\/wp-content\/uploads\/2024\/02\/OGS28-WD-Y003_670x-1.webp?fit=670%2C670&ssl=1\",\"contentUrl\":\"https:\/\/i0.wp.com\/inti.hr\/wp-content\/uploads\/2024\/02\/OGS28-WD-Y003_670x-1.webp?fit=670%2C670&ssl=1\",\"width\":670,\"height\":670},{\"@type\":\"BreadcrumbList\",\"@id\":\"https:\/\/inti.hr\/sr\/proizvod\/vrtna-lezaljka-na-ljuljanje\/#breadcrumb\",\"itemListElement\":[{\"@type\":\"ListItem\",\"position\":1,\"name\":\"Po\u010detna stranica\",\"item\":\"https:\/\/inti.hr\/sr\/\"},{\"@type\":\"ListItem\",\"position\":2,\"name\":\"Prodavnica\",\"item\":\"https:\/\/inti.hr\/sr\/prodavnica\/\"},{\"@type\":\"ListItem\",\"position\":3,\"name\":\"Vrtna le\u017ealjka na ljuljanje\"}]},{\"@type\":\"WebSite\",\"@id\":\"https:\/\/inti.hr\/sr\/#website\",\"url\":\"https:\/\/inti.hr\/sr\/\",\"name\":\"Inti\",\"description\":\"trgovina\",\"potentialAction\":[{\"@type\":\"SearchAction\",\"target\":{\"@type\":\"EntryPoint\",\"urlTemplate\":\"https:\/\/inti.hr\/sr\/?s={search_term_string}\"},\"query-input\":{\"@type\":\"PropertyValueSpecification\",\"valueRequired\":true,\"valueName\":\"search_term_string\"}}],\"inLanguage\":\"sr-RS\"}]}<\/script>\n<!-- \/ Yoast SEO plugin. -->","yoast_head_json":{"title":"Vrtna le\u017ealjka na ljuljanje - Inti","description":"Za opu\u0161tanje na suncu ne smije nedostajati le\u017ealjka za ljuljanje! Ova moderna le\u017ealjka nudi veliku udobnost i \u010dvrstu strukturu. Zahvaljuju\u0107i mre\u017eastoj presvlaci, povr\u0161ina se udobno prilago\u0111ava va\u0161em tijelu - za opu\u0161teno opu\u0161tanje na suncu. Fotelja na ljuljanje sa \u010dvrstom \u017eeljeznom konstrukcijom koja nudi maksimalnu udobnost i apsolutnu stabilnost. Podstava je vrlo udobna i prakti\u010dna.U\u010dinite ljeto punim trenutaka iz snova tako \u0161to \u0107ete svojoj vrtnoj garnituri dodati ovu elegantnu i udobnu vanjsku le\u017ealjku.Fotelja na ljuljanje dobro izgleda u svakom okru\u017eenju i postaje elegantan element namje\u0161taja.Zahvaljuju\u0107i klasi\u010dnom i jednostavnom dizajnu, ova se stolica mo\u017ee skladno uklopiti u najrazli\u010ditije \u017eivotne stilove. Izvrstan je za kampiranje, pla\u017eu, bazen, vrt.","robots":{"index":"index","follow":"follow","max-snippet":"max-snippet:-1","max-image-preview":"max-image-preview:large","max-video-preview":"max-video-preview:-1"},"canonical":"https:\/\/inti.hr\/sr\/proizvod\/vrtna-lezaljka-na-ljuljanje\/","og_locale":"sr_RS","og_type":"article","og_title":"Vrtna le\u017ealjka na ljuljanje - Inti","og_description":"Za opu\u0161tanje na suncu ne smije nedostajati le\u017ealjka za ljuljanje! Ova moderna le\u017ealjka nudi veliku udobnost i \u010dvrstu strukturu. Zahvaljuju\u0107i mre\u017eastoj presvlaci, povr\u0161ina se udobno prilago\u0111ava va\u0161em tijelu - za opu\u0161teno opu\u0161tanje na suncu. Fotelja na ljuljanje sa \u010dvrstom \u017eeljeznom konstrukcijom koja nudi maksimalnu udobnost i apsolutnu stabilnost. Podstava je vrlo udobna i prakti\u010dna.U\u010dinite ljeto punim trenutaka iz snova tako \u0161to \u0107ete svojoj vrtnoj garnituri dodati ovu elegantnu i udobnu vanjsku le\u017ealjku.Fotelja na ljuljanje dobro izgleda u svakom okru\u017eenju i postaje elegantan element namje\u0161taja.Zahvaljuju\u0107i klasi\u010dnom i jednostavnom dizajnu, ova se stolica mo\u017ee skladno uklopiti u najrazli\u010ditije \u017eivotne stilove. Izvrstan je za kampiranje, pla\u017eu, bazen, vrt.","og_url":"https:\/\/inti.hr\/sr\/proizvod\/vrtna-lezaljka-na-ljuljanje\/","og_site_name":"Inti","og_image":[{"width":670,"height":670,"url":"https:\/\/i0.wp.com\/inti.hr\/wp-content\/uploads\/2024\/02\/OGS28-WD-Y003_670x-1.webp?fit=670%2C670&ssl=1","type":"image\/webp"}],"twitter_card":"summary_large_image","schema":{"@context":"https:\/\/schema.org","@graph":[{"@type":"WebPage","@id":"https:\/\/inti.hr\/sr\/proizvod\/vrtna-lezaljka-na-ljuljanje\/","url":"https:\/\/inti.hr\/sr\/proizvod\/vrtna-lezaljka-na-ljuljanje\/","name":"Vrtna le\u017ealjka na ljuljanje - Inti","isPartOf":{"@id":"https:\/\/inti.hr\/sr\/#website"},"primaryImageOfPage":{"@id":"https:\/\/inti.hr\/sr\/proizvod\/vrtna-lezaljka-na-ljuljanje\/#primaryimage"},"image":{"@id":"https:\/\/inti.hr\/sr\/proizvod\/vrtna-lezaljka-na-ljuljanje\/#primaryimage"},"thumbnailUrl":"https:\/\/i0.wp.com\/inti.hr\/wp-content\/uploads\/2024\/02\/OGS28-WD-Y003_670x-1.webp?fit=670%2C670&ssl=1","datePublished":"2024-02-22T07:24:33+00:00","dateModified":"2024-02-22T07:24:33+00:00","description":"Za opu\u0161tanje na suncu ne smije nedostajati le\u017ealjka za ljuljanje! Ova moderna le\u017ealjka nudi veliku udobnost i \u010dvrstu strukturu. Zahvaljuju\u0107i mre\u017eastoj presvlaci, povr\u0161ina se udobno prilago\u0111ava va\u0161em tijelu - za opu\u0161teno opu\u0161tanje na suncu. Fotelja na ljuljanje sa \u010dvrstom \u017eeljeznom konstrukcijom koja nudi maksimalnu udobnost i apsolutnu stabilnost. Podstava je vrlo udobna i prakti\u010dna.U\u010dinite ljeto punim trenutaka iz snova tako \u0161to \u0107ete svojoj vrtnoj garnituri dodati ovu elegantnu i udobnu vanjsku le\u017ealjku.Fotelja na ljuljanje dobro izgleda u svakom okru\u017eenju i postaje elegantan element namje\u0161taja.Zahvaljuju\u0107i klasi\u010dnom i jednostavnom dizajnu, ova se stolica mo\u017ee skladno uklopiti u najrazli\u010ditije \u017eivotne stilove. Izvrstan je za kampiranje, pla\u017eu, bazen, vrt.","breadcrumb":{"@id":"https:\/\/inti.hr\/sr\/proizvod\/vrtna-lezaljka-na-ljuljanje\/#breadcrumb"},"inLanguage":"sr-RS","potentialAction":[{"@type":"ReadAction","target":["https:\/\/inti.hr\/sr\/proizvod\/vrtna-lezaljka-na-ljuljanje\/"]}]},{"@type":"ImageObject","inLanguage":"sr-RS","@id":"https:\/\/inti.hr\/sr\/proizvod\/vrtna-lezaljka-na-ljuljanje\/#primaryimage","url":"https:\/\/i0.wp.com\/inti.hr\/wp-content\/uploads\/2024\/02\/OGS28-WD-Y003_670x-1.webp?fit=670%2C670&ssl=1","contentUrl":"https:\/\/i0.wp.com\/inti.hr\/wp-content\/uploads\/2024\/02\/OGS28-WD-Y003_670x-1.webp?fit=670%2C670&ssl=1","width":670,"height":670},{"@type":"BreadcrumbList","@id":"https:\/\/inti.hr\/sr\/proizvod\/vrtna-lezaljka-na-ljuljanje\/#breadcrumb","itemListElement":[{"@type":"ListItem","position":1,"name":"Po\u010detna stranica","item":"https:\/\/inti.hr\/sr\/"},{"@type":"ListItem","position":2,"name":"Prodavnica","item":"https:\/\/inti.hr\/sr\/prodavnica\/"},{"@type":"ListItem","position":3,"name":"Vrtna le\u017ealjka na ljuljanje"}]},{"@type":"WebSite","@id":"https:\/\/inti.hr\/sr\/#website","url":"https:\/\/inti.hr\/sr\/","name":"Inti","description":"trgovina","potentialAction":[{"@type":"SearchAction","target":{"@type":"EntryPoint","urlTemplate":"https:\/\/inti.hr\/sr\/?s={search_term_string}"},"query-input":{"@type":"PropertyValueSpecification","valueRequired":true,"valueName":"search_term_string"}}],"inLanguage":"sr-RS"}]}},"jetpack_sharing_enabled":true,"jetpack-related-posts":[],"_links":{"self":[{"href":"https:\/\/inti.hr\/sr\/wp-json\/wp\/v2\/product\/36103"}],"collection":[{"href":"https:\/\/inti.hr\/sr\/wp-json\/wp\/v2\/product"}],"about":[{"href":"https:\/\/inti.hr\/sr\/wp-json\/wp\/v2\/types\/product"}],"wp:featuredmedia":[{"embeddable":true,"href":"https:\/\/inti.hr\/sr\/wp-json\/wp\/v2\/media\/36104"}],"wp:attachment":[{"href":"https:\/\/inti.hr\/sr\/wp-json\/wp\/v2\/media?parent=36103"}],"wp:term":[{"taxonomy":"product_cat","embeddable":true,"href":"https:\/\/inti.hr\/sr\/wp-json\/wp\/v2\/product_cat?post=36103"},{"taxonomy":"product_tag","embeddable":true,"href":"https:\/\/inti.hr\/sr\/wp-json\/wp\/v2\/product_tag?post=36103"}],"curies":[{"name":"wp","href":"https:\/\/api.w.org\/{rel}","templated":true}]}}