{"id":36113,"date":"2024-02-21T17:14:02","date_gmt":"2024-02-21T16:14:02","guid":{"rendered":"https:\/\/inti.hr\/product\/blagovaonske-stolice-izradena-od-senil-metala\/"},"modified":"2024-02-21T17:14:02","modified_gmt":"2024-02-21T16:14:02","slug":"blagovaonske-stolice-izradena-od-senil-metala","status":"publish","type":"product","link":"https:\/\/inti.hr\/sr\/proizvod\/blagovaonske-stolice-izradena-od-senil-metala\/","title":{"rendered":"Blagovaonske stolice izra\u0111ena od \u0161enil metala"},"content":{"rendered":"<p>Detalji proizvoda:<\/p>\n<p>Materijal: \u0160enil tkanina + metalna noga<br \/>\nDostupne boje: tamno siva\/krem<br \/>\nUkupne dimenzije: 61,5 x 72 x 51,5 cm (\u0160 x V x D)<br \/>\nSjedalo: 51,5 x 48 cm (\u0160 x D)<br \/>\nVisina sjedala: 47 cm<br \/>\nVisina naslona: 26,5 cm<br \/>\nNeto\/bruto te\u017eina: cca 8\/9,5 kg po stolici<br \/>\nNosivost: 150 kg<\/p>\n","protected":false},"excerpt":{"rendered":"<p>3 pravokutne metalne noge inovacija su ove blagovaonske stolice koja ne &#8230; <\/p>\n","protected":false},"featured_media":36114,"template":"","meta":[],"product_cat":[2573],"product_tag":[2574,4367],"yoast_head":"<!-- This site is optimized with the Yoast SEO plugin v23.7 - https:\/\/yoast.com\/wordpress\/plugins\/seo\/ -->\n<title>Blagovaonske stolice izra\u0111ena od \u0161enil metala - Inti<\/title>\n<meta name=\"description\" content=\"3 pravokutne metalne noge inovacija su ove blagovaonske stolice koja ne samo da je \u010dini modernijom ve\u0107 i pobolj\u0161ava njenu stabilnost tako da je stolica \u010dvrsta, otporna na deformacije i mo\u017ee izdr\u017eati do 150 kg. Sjedalo s mekom, za ko\u017eu prijatnom i izdr\u017eljivom presvlakom od \u0161enila i podstavom od pjene visoke gusto\u0107e ubla\u017eava umor; Jednodijelni naslon za le\u0111a i ruke s pjenastim punjenjem savr\u0161eno podupiru va\u0161e tijelo. Noge kuhinjskog stolca opremljene su podesivim protukliznim jastu\u010di\u0107ima koji pobolj\u0161avaju stabilnost stolca. Tako\u0111er \u0161tite pod od ogrebotina i sprje\u010davaju o\u0161te\u0107enje nogu stolice. Fotelja jednostavnog dizajna savr\u0161eno se uklapa u va\u0161u kuhinju ili blagovaonicu, mo\u017ee se koristiti i kao toaletna stolica u spava\u0107oj sobi, le\u017ealjka u dnevnoj sobi, stolica za balkon, stolica za kafi\u0107, stolica za \u010ditanje itd.\u00a0\" \/>\n<meta name=\"robots\" content=\"index, follow, max-snippet:-1, max-image-preview:large, max-video-preview:-1\" \/>\n<link rel=\"canonical\" href=\"https:\/\/inti.hr\/sr\/proizvod\/blagovaonske-stolice-izradena-od-senil-metala\/\" \/>\n<meta property=\"og:locale\" content=\"sr_RS\" \/>\n<meta property=\"og:type\" content=\"article\" \/>\n<meta property=\"og:title\" content=\"Blagovaonske stolice izra\u0111ena od \u0161enil metala - Inti\" \/>\n<meta property=\"og:description\" content=\"3 pravokutne metalne noge inovacija su ove blagovaonske stolice koja ne samo da je \u010dini modernijom ve\u0107 i pobolj\u0161ava njenu stabilnost tako da je stolica \u010dvrsta, otporna na deformacije i mo\u017ee izdr\u017eati do 150 kg. Sjedalo s mekom, za ko\u017eu prijatnom i izdr\u017eljivom presvlakom od \u0161enila i podstavom od pjene visoke gusto\u0107e ubla\u017eava umor; Jednodijelni naslon za le\u0111a i ruke s pjenastim punjenjem savr\u0161eno podupiru va\u0161e tijelo. Noge kuhinjskog stolca opremljene su podesivim protukliznim jastu\u010di\u0107ima koji pobolj\u0161avaju stabilnost stolca. Tako\u0111er \u0161tite pod od ogrebotina i sprje\u010davaju o\u0161te\u0107enje nogu stolice. Fotelja jednostavnog dizajna savr\u0161eno se uklapa u va\u0161u kuhinju ili blagovaonicu, mo\u017ee se koristiti i kao toaletna stolica u spava\u0107oj sobi, le\u017ealjka u dnevnoj sobi, stolica za balkon, stolica za kafi\u0107, stolica za \u010ditanje itd.\u00a0\" \/>\n<meta property=\"og:url\" content=\"https:\/\/inti.hr\/sr\/proizvod\/blagovaonske-stolice-izradena-od-senil-metala\/\" \/>\n<meta property=\"og:site_name\" content=\"Inti\" \/>\n<meta property=\"og:image\" content=\"https:\/\/i0.wp.com\/inti.hr\/wp-content\/uploads\/2024\/02\/Esszimmerstuehle-mit-Armlehnen-Sessel-bequem-modern-Chenille-Metall-W0ATT0321-Dunkelgrau4_600x600-1.jpg?fit=600%2C600&ssl=1\" \/>\n\t<meta property=\"og:image:width\" content=\"600\" \/>\n\t<meta property=\"og:image:height\" content=\"600\" \/>\n\t<meta property=\"og:image:type\" content=\"image\/jpeg\" \/>\n<meta name=\"twitter:card\" content=\"summary_large_image\" \/>\n<script type=\"application\/ld+json\" class=\"yoast-schema-graph\">{\"@context\":\"https:\/\/schema.org\",\"@graph\":[{\"@type\":\"WebPage\",\"@id\":\"https:\/\/inti.hr\/sr\/proizvod\/blagovaonske-stolice-izradena-od-senil-metala\/\",\"url\":\"https:\/\/inti.hr\/sr\/proizvod\/blagovaonske-stolice-izradena-od-senil-metala\/\",\"name\":\"Blagovaonske stolice izra\u0111ena od \u0161enil metala - Inti\",\"isPartOf\":{\"@id\":\"https:\/\/inti.hr\/sr\/#website\"},\"primaryImageOfPage\":{\"@id\":\"https:\/\/inti.hr\/sr\/proizvod\/blagovaonske-stolice-izradena-od-senil-metala\/#primaryimage\"},\"image\":{\"@id\":\"https:\/\/inti.hr\/sr\/proizvod\/blagovaonske-stolice-izradena-od-senil-metala\/#primaryimage\"},\"thumbnailUrl\":\"https:\/\/i0.wp.com\/inti.hr\/wp-content\/uploads\/2024\/02\/Esszimmerstuehle-mit-Armlehnen-Sessel-bequem-modern-Chenille-Metall-W0ATT0321-Dunkelgrau4_600x600-1.jpg?fit=600%2C600&ssl=1\",\"datePublished\":\"2024-02-21T16:14:02+00:00\",\"dateModified\":\"2024-02-21T16:14:02+00:00\",\"description\":\"3 pravokutne metalne noge inovacija su ove blagovaonske stolice koja ne samo da je \u010dini modernijom ve\u0107 i pobolj\u0161ava njenu stabilnost tako da je stolica \u010dvrsta, otporna na deformacije i mo\u017ee izdr\u017eati do 150 kg. Sjedalo s mekom, za ko\u017eu prijatnom i izdr\u017eljivom presvlakom od \u0161enila i podstavom od pjene visoke gusto\u0107e ubla\u017eava umor; Jednodijelni naslon za le\u0111a i ruke s pjenastim punjenjem savr\u0161eno podupiru va\u0161e tijelo. Noge kuhinjskog stolca opremljene su podesivim protukliznim jastu\u010di\u0107ima koji pobolj\u0161avaju stabilnost stolca. Tako\u0111er \u0161tite pod od ogrebotina i sprje\u010davaju o\u0161te\u0107enje nogu stolice. Fotelja jednostavnog dizajna savr\u0161eno se uklapa u va\u0161u kuhinju ili blagovaonicu, mo\u017ee se koristiti i kao toaletna stolica u spava\u0107oj sobi, le\u017ealjka u dnevnoj sobi, stolica za balkon, stolica za kafi\u0107, stolica za \u010ditanje itd.\u00a0\",\"breadcrumb\":{\"@id\":\"https:\/\/inti.hr\/sr\/proizvod\/blagovaonske-stolice-izradena-od-senil-metala\/#breadcrumb\"},\"inLanguage\":\"sr-RS\",\"potentialAction\":[{\"@type\":\"ReadAction\",\"target\":[\"https:\/\/inti.hr\/sr\/proizvod\/blagovaonske-stolice-izradena-od-senil-metala\/\"]}]},{\"@type\":\"ImageObject\",\"inLanguage\":\"sr-RS\",\"@id\":\"https:\/\/inti.hr\/sr\/proizvod\/blagovaonske-stolice-izradena-od-senil-metala\/#primaryimage\",\"url\":\"https:\/\/i0.wp.com\/inti.hr\/wp-content\/uploads\/2024\/02\/Esszimmerstuehle-mit-Armlehnen-Sessel-bequem-modern-Chenille-Metall-W0ATT0321-Dunkelgrau4_600x600-1.jpg?fit=600%2C600&ssl=1\",\"contentUrl\":\"https:\/\/i0.wp.com\/inti.hr\/wp-content\/uploads\/2024\/02\/Esszimmerstuehle-mit-Armlehnen-Sessel-bequem-modern-Chenille-Metall-W0ATT0321-Dunkelgrau4_600x600-1.jpg?fit=600%2C600&ssl=1\",\"width\":600,\"height\":600},{\"@type\":\"BreadcrumbList\",\"@id\":\"https:\/\/inti.hr\/sr\/proizvod\/blagovaonske-stolice-izradena-od-senil-metala\/#breadcrumb\",\"itemListElement\":[{\"@type\":\"ListItem\",\"position\":1,\"name\":\"Po\u010detna stranica\",\"item\":\"https:\/\/inti.hr\/sr\/\"},{\"@type\":\"ListItem\",\"position\":2,\"name\":\"Prodavnica\",\"item\":\"https:\/\/inti.hr\/sr\/prodavnica\/\"},{\"@type\":\"ListItem\",\"position\":3,\"name\":\"Blagovaonske stolice izra\u0111ena od \u0161enil metala\"}]},{\"@type\":\"WebSite\",\"@id\":\"https:\/\/inti.hr\/sr\/#website\",\"url\":\"https:\/\/inti.hr\/sr\/\",\"name\":\"Inti\",\"description\":\"trgovina\",\"potentialAction\":[{\"@type\":\"SearchAction\",\"target\":{\"@type\":\"EntryPoint\",\"urlTemplate\":\"https:\/\/inti.hr\/sr\/?s={search_term_string}\"},\"query-input\":{\"@type\":\"PropertyValueSpecification\",\"valueRequired\":true,\"valueName\":\"search_term_string\"}}],\"inLanguage\":\"sr-RS\"}]}<\/script>\n<!-- \/ Yoast SEO plugin. -->","yoast_head_json":{"title":"Blagovaonske stolice izra\u0111ena od \u0161enil metala - Inti","description":"3 pravokutne metalne noge inovacija su ove blagovaonske stolice koja ne samo da je \u010dini modernijom ve\u0107 i pobolj\u0161ava njenu stabilnost tako da je stolica \u010dvrsta, otporna na deformacije i mo\u017ee izdr\u017eati do 150 kg. Sjedalo s mekom, za ko\u017eu prijatnom i izdr\u017eljivom presvlakom od \u0161enila i podstavom od pjene visoke gusto\u0107e ubla\u017eava umor; Jednodijelni naslon za le\u0111a i ruke s pjenastim punjenjem savr\u0161eno podupiru va\u0161e tijelo. Noge kuhinjskog stolca opremljene su podesivim protukliznim jastu\u010di\u0107ima koji pobolj\u0161avaju stabilnost stolca. Tako\u0111er \u0161tite pod od ogrebotina i sprje\u010davaju o\u0161te\u0107enje nogu stolice. Fotelja jednostavnog dizajna savr\u0161eno se uklapa u va\u0161u kuhinju ili blagovaonicu, mo\u017ee se koristiti i kao toaletna stolica u spava\u0107oj sobi, le\u017ealjka u dnevnoj sobi, stolica za balkon, stolica za kafi\u0107, stolica za \u010ditanje itd.\u00a0","robots":{"index":"index","follow":"follow","max-snippet":"max-snippet:-1","max-image-preview":"max-image-preview:large","max-video-preview":"max-video-preview:-1"},"canonical":"https:\/\/inti.hr\/sr\/proizvod\/blagovaonske-stolice-izradena-od-senil-metala\/","og_locale":"sr_RS","og_type":"article","og_title":"Blagovaonske stolice izra\u0111ena od \u0161enil metala - Inti","og_description":"3 pravokutne metalne noge inovacija su ove blagovaonske stolice koja ne samo da je \u010dini modernijom ve\u0107 i pobolj\u0161ava njenu stabilnost tako da je stolica \u010dvrsta, otporna na deformacije i mo\u017ee izdr\u017eati do 150 kg. Sjedalo s mekom, za ko\u017eu prijatnom i izdr\u017eljivom presvlakom od \u0161enila i podstavom od pjene visoke gusto\u0107e ubla\u017eava umor; Jednodijelni naslon za le\u0111a i ruke s pjenastim punjenjem savr\u0161eno podupiru va\u0161e tijelo. Noge kuhinjskog stolca opremljene su podesivim protukliznim jastu\u010di\u0107ima koji pobolj\u0161avaju stabilnost stolca. Tako\u0111er \u0161tite pod od ogrebotina i sprje\u010davaju o\u0161te\u0107enje nogu stolice. Fotelja jednostavnog dizajna savr\u0161eno se uklapa u va\u0161u kuhinju ili blagovaonicu, mo\u017ee se koristiti i kao toaletna stolica u spava\u0107oj sobi, le\u017ealjka u dnevnoj sobi, stolica za balkon, stolica za kafi\u0107, stolica za \u010ditanje itd.\u00a0","og_url":"https:\/\/inti.hr\/sr\/proizvod\/blagovaonske-stolice-izradena-od-senil-metala\/","og_site_name":"Inti","og_image":[{"width":600,"height":600,"url":"https:\/\/i0.wp.com\/inti.hr\/wp-content\/uploads\/2024\/02\/Esszimmerstuehle-mit-Armlehnen-Sessel-bequem-modern-Chenille-Metall-W0ATT0321-Dunkelgrau4_600x600-1.jpg?fit=600%2C600&ssl=1","type":"image\/jpeg"}],"twitter_card":"summary_large_image","schema":{"@context":"https:\/\/schema.org","@graph":[{"@type":"WebPage","@id":"https:\/\/inti.hr\/sr\/proizvod\/blagovaonske-stolice-izradena-od-senil-metala\/","url":"https:\/\/inti.hr\/sr\/proizvod\/blagovaonske-stolice-izradena-od-senil-metala\/","name":"Blagovaonske stolice izra\u0111ena od \u0161enil metala - Inti","isPartOf":{"@id":"https:\/\/inti.hr\/sr\/#website"},"primaryImageOfPage":{"@id":"https:\/\/inti.hr\/sr\/proizvod\/blagovaonske-stolice-izradena-od-senil-metala\/#primaryimage"},"image":{"@id":"https:\/\/inti.hr\/sr\/proizvod\/blagovaonske-stolice-izradena-od-senil-metala\/#primaryimage"},"thumbnailUrl":"https:\/\/i0.wp.com\/inti.hr\/wp-content\/uploads\/2024\/02\/Esszimmerstuehle-mit-Armlehnen-Sessel-bequem-modern-Chenille-Metall-W0ATT0321-Dunkelgrau4_600x600-1.jpg?fit=600%2C600&ssl=1","datePublished":"2024-02-21T16:14:02+00:00","dateModified":"2024-02-21T16:14:02+00:00","description":"3 pravokutne metalne noge inovacija su ove blagovaonske stolice koja ne samo da je \u010dini modernijom ve\u0107 i pobolj\u0161ava njenu stabilnost tako da je stolica \u010dvrsta, otporna na deformacije i mo\u017ee izdr\u017eati do 150 kg. Sjedalo s mekom, za ko\u017eu prijatnom i izdr\u017eljivom presvlakom od \u0161enila i podstavom od pjene visoke gusto\u0107e ubla\u017eava umor; Jednodijelni naslon za le\u0111a i ruke s pjenastim punjenjem savr\u0161eno podupiru va\u0161e tijelo. Noge kuhinjskog stolca opremljene su podesivim protukliznim jastu\u010di\u0107ima koji pobolj\u0161avaju stabilnost stolca. Tako\u0111er \u0161tite pod od ogrebotina i sprje\u010davaju o\u0161te\u0107enje nogu stolice. Fotelja jednostavnog dizajna savr\u0161eno se uklapa u va\u0161u kuhinju ili blagovaonicu, mo\u017ee se koristiti i kao toaletna stolica u spava\u0107oj sobi, le\u017ealjka u dnevnoj sobi, stolica za balkon, stolica za kafi\u0107, stolica za \u010ditanje itd.\u00a0","breadcrumb":{"@id":"https:\/\/inti.hr\/sr\/proizvod\/blagovaonske-stolice-izradena-od-senil-metala\/#breadcrumb"},"inLanguage":"sr-RS","potentialAction":[{"@type":"ReadAction","target":["https:\/\/inti.hr\/sr\/proizvod\/blagovaonske-stolice-izradena-od-senil-metala\/"]}]},{"@type":"ImageObject","inLanguage":"sr-RS","@id":"https:\/\/inti.hr\/sr\/proizvod\/blagovaonske-stolice-izradena-od-senil-metala\/#primaryimage","url":"https:\/\/i0.wp.com\/inti.hr\/wp-content\/uploads\/2024\/02\/Esszimmerstuehle-mit-Armlehnen-Sessel-bequem-modern-Chenille-Metall-W0ATT0321-Dunkelgrau4_600x600-1.jpg?fit=600%2C600&ssl=1","contentUrl":"https:\/\/i0.wp.com\/inti.hr\/wp-content\/uploads\/2024\/02\/Esszimmerstuehle-mit-Armlehnen-Sessel-bequem-modern-Chenille-Metall-W0ATT0321-Dunkelgrau4_600x600-1.jpg?fit=600%2C600&ssl=1","width":600,"height":600},{"@type":"BreadcrumbList","@id":"https:\/\/inti.hr\/sr\/proizvod\/blagovaonske-stolice-izradena-od-senil-metala\/#breadcrumb","itemListElement":[{"@type":"ListItem","position":1,"name":"Po\u010detna stranica","item":"https:\/\/inti.hr\/sr\/"},{"@type":"ListItem","position":2,"name":"Prodavnica","item":"https:\/\/inti.hr\/sr\/prodavnica\/"},{"@type":"ListItem","position":3,"name":"Blagovaonske stolice izra\u0111ena od \u0161enil metala"}]},{"@type":"WebSite","@id":"https:\/\/inti.hr\/sr\/#website","url":"https:\/\/inti.hr\/sr\/","name":"Inti","description":"trgovina","potentialAction":[{"@type":"SearchAction","target":{"@type":"EntryPoint","urlTemplate":"https:\/\/inti.hr\/sr\/?s={search_term_string}"},"query-input":{"@type":"PropertyValueSpecification","valueRequired":true,"valueName":"search_term_string"}}],"inLanguage":"sr-RS"}]}},"jetpack_sharing_enabled":true,"jetpack-related-posts":[],"_links":{"self":[{"href":"https:\/\/inti.hr\/sr\/wp-json\/wp\/v2\/product\/36113"}],"collection":[{"href":"https:\/\/inti.hr\/sr\/wp-json\/wp\/v2\/product"}],"about":[{"href":"https:\/\/inti.hr\/sr\/wp-json\/wp\/v2\/types\/product"}],"wp:featuredmedia":[{"embeddable":true,"href":"https:\/\/inti.hr\/sr\/wp-json\/wp\/v2\/media\/36114"}],"wp:attachment":[{"href":"https:\/\/inti.hr\/sr\/wp-json\/wp\/v2\/media?parent=36113"}],"wp:term":[{"taxonomy":"product_cat","embeddable":true,"href":"https:\/\/inti.hr\/sr\/wp-json\/wp\/v2\/product_cat?post=36113"},{"taxonomy":"product_tag","embeddable":true,"href":"https:\/\/inti.hr\/sr\/wp-json\/wp\/v2\/product_tag?post=36113"}],"curies":[{"name":"wp","href":"https:\/\/api.w.org\/{rel}","templated":true}]}}