{"id":36132,"date":"2024-02-21T16:38:50","date_gmt":"2024-02-21T15:38:50","guid":{"rendered":"https:\/\/inti.hr\/product\/set-od-2-dizajnerske-barske-stolice-s-barsunastim-naslonom\/"},"modified":"2024-02-21T16:38:50","modified_gmt":"2024-02-21T15:38:50","slug":"set-od-2-dizajnerske-barske-stolice-s-barsunastim-naslonom","status":"publish","type":"product","link":"https:\/\/inti.hr\/sr\/proizvod\/set-od-2-dizajnerske-barske-stolice-s-barsunastim-naslonom\/","title":{"rendered":"Set od 2 dizajnerske barske stolice s bar\u0161unastim naslonom"},"content":{"rendered":"<p>Detalji proizvoda:<\/p>\n<p>Materijal: bar\u0161un + metalni okvir<br \/>\nBoja: Bordeaux tamno zelena tamno siva svijetlo siva crna<br \/>\nVisina sjedala: 64 cm<br \/>\nVeli\u010dina sjedala: 43 x 35,5 cm (\u0160 x D)<br \/>\nVisina naslona: 23,5 cm<br \/>\nNeto te\u017eina: 10,8 kg<br \/>\nBruto te\u017eina: 12,8 kg<br \/>\nNosivost: 120 kg<\/p>\n","protected":false},"excerpt":{"rendered":"<p>Barske stolice u kompletu od 2 komada izra\u0111ene su od mekanog &#8230; <\/p>\n","protected":false},"featured_media":36133,"template":"","meta":[],"product_cat":[2539],"product_tag":[4711],"yoast_head":"<!-- This site is optimized with the Yoast SEO plugin v23.7 - https:\/\/yoast.com\/wordpress\/plugins\/seo\/ -->\n<title>Set od 2 dizajnerske barske stolice s bar\u0161unastim naslonom - Inti<\/title>\n<meta name=\"description\" content=\"Barske stolice u kompletu od 2 komada izra\u0111ene su od mekanog bar\u0161una, ugodne su za dodir i gledanje te nude izvrstan do\u017eivljaj sjedenja. Oslonac za noge omogu\u0107uje vam savr\u0161eno mjesto za spu\u0161tanje za smanjenje pritiska i opu\u0161tanje. Noge barske stolice postavljene su u obliku kri\u017ea ispod sjedala, robusne su i izdr\u017eljive. Maksimalna nosivost: 120 kg. Trapezoidne metalne noge s gredama \u010dine ga stabilnijim. U kombinaciji s metalom i bar\u0161unom, barski stolci WOLTU moderni su i klasi\u010dni kako bi elegantno oplemenili va\u0161 dom. Oni su svestrani da budu va\u0161e kuhinjske barske stolice, barske stolice, barske stolice za doru\u010dak, barske stolice na kuhinjskom otoku, stolice za pult, visoke stolice itd. Prostirke ispod metalnih nogu posebno se koriste za za\u0161titu poda od habanja i habanja i smanjenje buke, tako da mo\u017eete sigurno koristiti stolicu.\u00a0\" \/>\n<meta name=\"robots\" content=\"index, follow, max-snippet:-1, max-image-preview:large, max-video-preview:-1\" \/>\n<link rel=\"canonical\" href=\"https:\/\/inti.hr\/sr\/proizvod\/set-od-2-dizajnerske-barske-stolice-s-barsunastim-naslonom\/\" \/>\n<meta property=\"og:locale\" content=\"sr_RS\" \/>\n<meta property=\"og:type\" content=\"article\" \/>\n<meta property=\"og:title\" content=\"Set od 2 dizajnerske barske stolice s bar\u0161unastim naslonom - Inti\" \/>\n<meta property=\"og:description\" content=\"Barske stolice u kompletu od 2 komada izra\u0111ene su od mekanog bar\u0161una, ugodne su za dodir i gledanje te nude izvrstan do\u017eivljaj sjedenja. Oslonac za noge omogu\u0107uje vam savr\u0161eno mjesto za spu\u0161tanje za smanjenje pritiska i opu\u0161tanje. Noge barske stolice postavljene su u obliku kri\u017ea ispod sjedala, robusne su i izdr\u017eljive. Maksimalna nosivost: 120 kg. Trapezoidne metalne noge s gredama \u010dine ga stabilnijim. U kombinaciji s metalom i bar\u0161unom, barski stolci WOLTU moderni su i klasi\u010dni kako bi elegantno oplemenili va\u0161 dom. Oni su svestrani da budu va\u0161e kuhinjske barske stolice, barske stolice, barske stolice za doru\u010dak, barske stolice na kuhinjskom otoku, stolice za pult, visoke stolice itd. Prostirke ispod metalnih nogu posebno se koriste za za\u0161titu poda od habanja i habanja i smanjenje buke, tako da mo\u017eete sigurno koristiti stolicu.\u00a0\" \/>\n<meta property=\"og:url\" content=\"https:\/\/inti.hr\/sr\/proizvod\/set-od-2-dizajnerske-barske-stolice-s-barsunastim-naslonom\/\" \/>\n<meta property=\"og:site_name\" content=\"Inti\" \/>\n<meta property=\"og:image\" content=\"https:\/\/i0.wp.com\/inti.hr\/wp-content\/uploads\/2024\/02\/2er-Set-Designer-Barstuhl-mit-Fussstuetze-Samt-Metall-BH143dgr-2_1_600x600-1.jpg?fit=600%2C600&ssl=1\" \/>\n\t<meta property=\"og:image:width\" content=\"600\" \/>\n\t<meta property=\"og:image:height\" content=\"600\" \/>\n\t<meta property=\"og:image:type\" content=\"image\/jpeg\" \/>\n<meta name=\"twitter:card\" content=\"summary_large_image\" \/>\n<script type=\"application\/ld+json\" class=\"yoast-schema-graph\">{\"@context\":\"https:\/\/schema.org\",\"@graph\":[{\"@type\":\"WebPage\",\"@id\":\"https:\/\/inti.hr\/sr\/proizvod\/set-od-2-dizajnerske-barske-stolice-s-barsunastim-naslonom\/\",\"url\":\"https:\/\/inti.hr\/sr\/proizvod\/set-od-2-dizajnerske-barske-stolice-s-barsunastim-naslonom\/\",\"name\":\"Set od 2 dizajnerske barske stolice s bar\u0161unastim naslonom - Inti\",\"isPartOf\":{\"@id\":\"https:\/\/inti.hr\/sr\/#website\"},\"primaryImageOfPage\":{\"@id\":\"https:\/\/inti.hr\/sr\/proizvod\/set-od-2-dizajnerske-barske-stolice-s-barsunastim-naslonom\/#primaryimage\"},\"image\":{\"@id\":\"https:\/\/inti.hr\/sr\/proizvod\/set-od-2-dizajnerske-barske-stolice-s-barsunastim-naslonom\/#primaryimage\"},\"thumbnailUrl\":\"https:\/\/i0.wp.com\/inti.hr\/wp-content\/uploads\/2024\/02\/2er-Set-Designer-Barstuhl-mit-Fussstuetze-Samt-Metall-BH143dgr-2_1_600x600-1.jpg?fit=600%2C600&ssl=1\",\"datePublished\":\"2024-02-21T15:38:50+00:00\",\"dateModified\":\"2024-02-21T15:38:50+00:00\",\"description\":\"Barske stolice u kompletu od 2 komada izra\u0111ene su od mekanog bar\u0161una, ugodne su za dodir i gledanje te nude izvrstan do\u017eivljaj sjedenja. Oslonac za noge omogu\u0107uje vam savr\u0161eno mjesto za spu\u0161tanje za smanjenje pritiska i opu\u0161tanje. Noge barske stolice postavljene su u obliku kri\u017ea ispod sjedala, robusne su i izdr\u017eljive. Maksimalna nosivost: 120 kg. Trapezoidne metalne noge s gredama \u010dine ga stabilnijim. U kombinaciji s metalom i bar\u0161unom, barski stolci WOLTU moderni su i klasi\u010dni kako bi elegantno oplemenili va\u0161 dom. Oni su svestrani da budu va\u0161e kuhinjske barske stolice, barske stolice, barske stolice za doru\u010dak, barske stolice na kuhinjskom otoku, stolice za pult, visoke stolice itd. Prostirke ispod metalnih nogu posebno se koriste za za\u0161titu poda od habanja i habanja i smanjenje buke, tako da mo\u017eete sigurno koristiti stolicu.\u00a0\",\"breadcrumb\":{\"@id\":\"https:\/\/inti.hr\/sr\/proizvod\/set-od-2-dizajnerske-barske-stolice-s-barsunastim-naslonom\/#breadcrumb\"},\"inLanguage\":\"sr-RS\",\"potentialAction\":[{\"@type\":\"ReadAction\",\"target\":[\"https:\/\/inti.hr\/sr\/proizvod\/set-od-2-dizajnerske-barske-stolice-s-barsunastim-naslonom\/\"]}]},{\"@type\":\"ImageObject\",\"inLanguage\":\"sr-RS\",\"@id\":\"https:\/\/inti.hr\/sr\/proizvod\/set-od-2-dizajnerske-barske-stolice-s-barsunastim-naslonom\/#primaryimage\",\"url\":\"https:\/\/i0.wp.com\/inti.hr\/wp-content\/uploads\/2024\/02\/2er-Set-Designer-Barstuhl-mit-Fussstuetze-Samt-Metall-BH143dgr-2_1_600x600-1.jpg?fit=600%2C600&ssl=1\",\"contentUrl\":\"https:\/\/i0.wp.com\/inti.hr\/wp-content\/uploads\/2024\/02\/2er-Set-Designer-Barstuhl-mit-Fussstuetze-Samt-Metall-BH143dgr-2_1_600x600-1.jpg?fit=600%2C600&ssl=1\",\"width\":600,\"height\":600},{\"@type\":\"BreadcrumbList\",\"@id\":\"https:\/\/inti.hr\/sr\/proizvod\/set-od-2-dizajnerske-barske-stolice-s-barsunastim-naslonom\/#breadcrumb\",\"itemListElement\":[{\"@type\":\"ListItem\",\"position\":1,\"name\":\"Po\u010detna stranica\",\"item\":\"https:\/\/inti.hr\/sr\/\"},{\"@type\":\"ListItem\",\"position\":2,\"name\":\"Prodavnica\",\"item\":\"https:\/\/inti.hr\/sr\/prodavnica\/\"},{\"@type\":\"ListItem\",\"position\":3,\"name\":\"Set od 2 dizajnerske barske stolice s bar\u0161unastim naslonom\"}]},{\"@type\":\"WebSite\",\"@id\":\"https:\/\/inti.hr\/sr\/#website\",\"url\":\"https:\/\/inti.hr\/sr\/\",\"name\":\"Inti\",\"description\":\"trgovina\",\"potentialAction\":[{\"@type\":\"SearchAction\",\"target\":{\"@type\":\"EntryPoint\",\"urlTemplate\":\"https:\/\/inti.hr\/sr\/?s={search_term_string}\"},\"query-input\":{\"@type\":\"PropertyValueSpecification\",\"valueRequired\":true,\"valueName\":\"search_term_string\"}}],\"inLanguage\":\"sr-RS\"}]}<\/script>\n<!-- \/ Yoast SEO plugin. -->","yoast_head_json":{"title":"Set od 2 dizajnerske barske stolice s bar\u0161unastim naslonom - Inti","description":"Barske stolice u kompletu od 2 komada izra\u0111ene su od mekanog bar\u0161una, ugodne su za dodir i gledanje te nude izvrstan do\u017eivljaj sjedenja. Oslonac za noge omogu\u0107uje vam savr\u0161eno mjesto za spu\u0161tanje za smanjenje pritiska i opu\u0161tanje. Noge barske stolice postavljene su u obliku kri\u017ea ispod sjedala, robusne su i izdr\u017eljive. Maksimalna nosivost: 120 kg. Trapezoidne metalne noge s gredama \u010dine ga stabilnijim. U kombinaciji s metalom i bar\u0161unom, barski stolci WOLTU moderni su i klasi\u010dni kako bi elegantno oplemenili va\u0161 dom. Oni su svestrani da budu va\u0161e kuhinjske barske stolice, barske stolice, barske stolice za doru\u010dak, barske stolice na kuhinjskom otoku, stolice za pult, visoke stolice itd. Prostirke ispod metalnih nogu posebno se koriste za za\u0161titu poda od habanja i habanja i smanjenje buke, tako da mo\u017eete sigurno koristiti stolicu.\u00a0","robots":{"index":"index","follow":"follow","max-snippet":"max-snippet:-1","max-image-preview":"max-image-preview:large","max-video-preview":"max-video-preview:-1"},"canonical":"https:\/\/inti.hr\/sr\/proizvod\/set-od-2-dizajnerske-barske-stolice-s-barsunastim-naslonom\/","og_locale":"sr_RS","og_type":"article","og_title":"Set od 2 dizajnerske barske stolice s bar\u0161unastim naslonom - Inti","og_description":"Barske stolice u kompletu od 2 komada izra\u0111ene su od mekanog bar\u0161una, ugodne su za dodir i gledanje te nude izvrstan do\u017eivljaj sjedenja. Oslonac za noge omogu\u0107uje vam savr\u0161eno mjesto za spu\u0161tanje za smanjenje pritiska i opu\u0161tanje. Noge barske stolice postavljene su u obliku kri\u017ea ispod sjedala, robusne su i izdr\u017eljive. Maksimalna nosivost: 120 kg. Trapezoidne metalne noge s gredama \u010dine ga stabilnijim. U kombinaciji s metalom i bar\u0161unom, barski stolci WOLTU moderni su i klasi\u010dni kako bi elegantno oplemenili va\u0161 dom. Oni su svestrani da budu va\u0161e kuhinjske barske stolice, barske stolice, barske stolice za doru\u010dak, barske stolice na kuhinjskom otoku, stolice za pult, visoke stolice itd. Prostirke ispod metalnih nogu posebno se koriste za za\u0161titu poda od habanja i habanja i smanjenje buke, tako da mo\u017eete sigurno koristiti stolicu.\u00a0","og_url":"https:\/\/inti.hr\/sr\/proizvod\/set-od-2-dizajnerske-barske-stolice-s-barsunastim-naslonom\/","og_site_name":"Inti","og_image":[{"width":600,"height":600,"url":"https:\/\/i0.wp.com\/inti.hr\/wp-content\/uploads\/2024\/02\/2er-Set-Designer-Barstuhl-mit-Fussstuetze-Samt-Metall-BH143dgr-2_1_600x600-1.jpg?fit=600%2C600&ssl=1","type":"image\/jpeg"}],"twitter_card":"summary_large_image","schema":{"@context":"https:\/\/schema.org","@graph":[{"@type":"WebPage","@id":"https:\/\/inti.hr\/sr\/proizvod\/set-od-2-dizajnerske-barske-stolice-s-barsunastim-naslonom\/","url":"https:\/\/inti.hr\/sr\/proizvod\/set-od-2-dizajnerske-barske-stolice-s-barsunastim-naslonom\/","name":"Set od 2 dizajnerske barske stolice s bar\u0161unastim naslonom - Inti","isPartOf":{"@id":"https:\/\/inti.hr\/sr\/#website"},"primaryImageOfPage":{"@id":"https:\/\/inti.hr\/sr\/proizvod\/set-od-2-dizajnerske-barske-stolice-s-barsunastim-naslonom\/#primaryimage"},"image":{"@id":"https:\/\/inti.hr\/sr\/proizvod\/set-od-2-dizajnerske-barske-stolice-s-barsunastim-naslonom\/#primaryimage"},"thumbnailUrl":"https:\/\/i0.wp.com\/inti.hr\/wp-content\/uploads\/2024\/02\/2er-Set-Designer-Barstuhl-mit-Fussstuetze-Samt-Metall-BH143dgr-2_1_600x600-1.jpg?fit=600%2C600&ssl=1","datePublished":"2024-02-21T15:38:50+00:00","dateModified":"2024-02-21T15:38:50+00:00","description":"Barske stolice u kompletu od 2 komada izra\u0111ene su od mekanog bar\u0161una, ugodne su za dodir i gledanje te nude izvrstan do\u017eivljaj sjedenja. Oslonac za noge omogu\u0107uje vam savr\u0161eno mjesto za spu\u0161tanje za smanjenje pritiska i opu\u0161tanje. Noge barske stolice postavljene su u obliku kri\u017ea ispod sjedala, robusne su i izdr\u017eljive. Maksimalna nosivost: 120 kg. Trapezoidne metalne noge s gredama \u010dine ga stabilnijim. U kombinaciji s metalom i bar\u0161unom, barski stolci WOLTU moderni su i klasi\u010dni kako bi elegantno oplemenili va\u0161 dom. Oni su svestrani da budu va\u0161e kuhinjske barske stolice, barske stolice, barske stolice za doru\u010dak, barske stolice na kuhinjskom otoku, stolice za pult, visoke stolice itd. Prostirke ispod metalnih nogu posebno se koriste za za\u0161titu poda od habanja i habanja i smanjenje buke, tako da mo\u017eete sigurno koristiti stolicu.\u00a0","breadcrumb":{"@id":"https:\/\/inti.hr\/sr\/proizvod\/set-od-2-dizajnerske-barske-stolice-s-barsunastim-naslonom\/#breadcrumb"},"inLanguage":"sr-RS","potentialAction":[{"@type":"ReadAction","target":["https:\/\/inti.hr\/sr\/proizvod\/set-od-2-dizajnerske-barske-stolice-s-barsunastim-naslonom\/"]}]},{"@type":"ImageObject","inLanguage":"sr-RS","@id":"https:\/\/inti.hr\/sr\/proizvod\/set-od-2-dizajnerske-barske-stolice-s-barsunastim-naslonom\/#primaryimage","url":"https:\/\/i0.wp.com\/inti.hr\/wp-content\/uploads\/2024\/02\/2er-Set-Designer-Barstuhl-mit-Fussstuetze-Samt-Metall-BH143dgr-2_1_600x600-1.jpg?fit=600%2C600&ssl=1","contentUrl":"https:\/\/i0.wp.com\/inti.hr\/wp-content\/uploads\/2024\/02\/2er-Set-Designer-Barstuhl-mit-Fussstuetze-Samt-Metall-BH143dgr-2_1_600x600-1.jpg?fit=600%2C600&ssl=1","width":600,"height":600},{"@type":"BreadcrumbList","@id":"https:\/\/inti.hr\/sr\/proizvod\/set-od-2-dizajnerske-barske-stolice-s-barsunastim-naslonom\/#breadcrumb","itemListElement":[{"@type":"ListItem","position":1,"name":"Po\u010detna stranica","item":"https:\/\/inti.hr\/sr\/"},{"@type":"ListItem","position":2,"name":"Prodavnica","item":"https:\/\/inti.hr\/sr\/prodavnica\/"},{"@type":"ListItem","position":3,"name":"Set od 2 dizajnerske barske stolice s bar\u0161unastim naslonom"}]},{"@type":"WebSite","@id":"https:\/\/inti.hr\/sr\/#website","url":"https:\/\/inti.hr\/sr\/","name":"Inti","description":"trgovina","potentialAction":[{"@type":"SearchAction","target":{"@type":"EntryPoint","urlTemplate":"https:\/\/inti.hr\/sr\/?s={search_term_string}"},"query-input":{"@type":"PropertyValueSpecification","valueRequired":true,"valueName":"search_term_string"}}],"inLanguage":"sr-RS"}]}},"jetpack_sharing_enabled":true,"jetpack-related-posts":[],"_links":{"self":[{"href":"https:\/\/inti.hr\/sr\/wp-json\/wp\/v2\/product\/36132"}],"collection":[{"href":"https:\/\/inti.hr\/sr\/wp-json\/wp\/v2\/product"}],"about":[{"href":"https:\/\/inti.hr\/sr\/wp-json\/wp\/v2\/types\/product"}],"wp:featuredmedia":[{"embeddable":true,"href":"https:\/\/inti.hr\/sr\/wp-json\/wp\/v2\/media\/36133"}],"wp:attachment":[{"href":"https:\/\/inti.hr\/sr\/wp-json\/wp\/v2\/media?parent=36132"}],"wp:term":[{"taxonomy":"product_cat","embeddable":true,"href":"https:\/\/inti.hr\/sr\/wp-json\/wp\/v2\/product_cat?post=36132"},{"taxonomy":"product_tag","embeddable":true,"href":"https:\/\/inti.hr\/sr\/wp-json\/wp\/v2\/product_tag?post=36132"}],"curies":[{"name":"wp","href":"https:\/\/api.w.org\/{rel}","templated":true}]}}