{"id":36186,"date":"2024-02-16T10:32:33","date_gmt":"2024-02-16T09:32:33","guid":{"rendered":"https:\/\/inti.hr\/product\/trampolin-o-305-cm\/"},"modified":"2024-02-16T10:32:33","modified_gmt":"2024-02-16T09:32:33","slug":"trampolin-o-305-cm","status":"publish","type":"product","link":"https:\/\/inti.hr\/sr\/proizvod\/trampolin-o-305-cm\/","title":{"rendered":"Trampolin \u00d8 305 cm"},"content":{"rendered":"<p>Detalji proizvoda:<\/p>\n<p>Maksimalna nosivost: 150 kg<\/p>\n<p>Visina izme\u0111u tla i povr\u0161ine trampolina: cca 76 cm<\/p>\n<p>Izra\u0111en od visokokvalitetnih pocin\u010danih \u010deli\u010dnih cijevi, otpornih na hr\u0111u<\/p>\n<p>64 opruge od pocin\u010danog \u010delika<\/p>\n<p>Vodootporna i UV-otporna rubna navlaka<\/p>\n<p>Sigurnosna mre\u017ea visoke kvalitete<\/p>\n<p>Visokokvalitetna prostirka za skakanje &#8211; otporna na UV zra\u010denje<\/p>\n<p>Potporne \u0161ipke podstavljene su EPE pjenom.<\/p>\n<p>&nbsp;<\/p>\n<p>olimo vas da ne visite na rubu sigurnosne mre\u017ee.<\/p>\n<p>Molimo uklonite sve pokretne predmete koje nosite prije kori\u0161tenja trampolina.<\/p>\n<p>Djeci mla\u0111oj od 3 godine zabranjeno je kori\u0161tenje ovog trampolina.<\/p>\n<p>Molimo nemojte izvoditi salto na trampolinu.<\/p>\n<p>Prikladno samo za privatnu upotrebu.<\/p>\n<p>Zabranjeno je kori\u0161tenje trampolina od strane vi\u0161e osoba u isto vrijeme jer mo\u017ee do\u0107i do sudara.<\/p>\n<p>Rastavite trampolin u slu\u010daju oluje ili zimskog vremena (u tim slu\u010dajevima posebno uklonite za\u0161titnu mre\u017eu, prostirku za skakanje i rubnu navlaku). \u010cuvajte trampolin na suhom i \u010distom mjestu.<\/p>\n<p>Ovaj proizvod dolazi u 2 pakiranja. Sastavite ga tek kada stignu svi pojedina\u010dni dijelovi.<\/p>\n","protected":false},"excerpt":{"rendered":"<p><span>Budu\u0107i da nam je sigurnost prioritet, pocin\u010dana i pra\u0161kasto premazana baza &#8230; <\/p>\n","protected":false},"featured_media":36187,"template":"","meta":[],"product_cat":[2461],"product_tag":[4723,2561],"yoast_head":"<!-- This site is optimized with the Yoast SEO plugin v23.7 - https:\/\/yoast.com\/wordpress\/plugins\/seo\/ -->\n<title>Trampolin \u00d8 305 cm - Inti<\/title>\n<meta name=\"description\" content=\"Budu\u0107i da nam je sigurnost prioritet, pocin\u010dana i pra\u0161kasto premazana baza je stabilna i otporna na hr\u0111u. 4 noge u obliku slova W odr\u017eavaju ravnote\u017eu prostirke za skakanje.Ova sprava za skakanje je naravno idealna kao poklon va\u0161oj djeci. Naravno, mo\u017eete i vi probati jer trampolin mo\u017ee izdr\u017eati do 150 kg.U isporuku su uklju\u010deni prostirka za skakanje, rubna navlaka, za\u0161titna mre\u017ea, rukohvati i ljestve - sve \u0161to vam je potrebno za zabavu vani!\" \/>\n<meta name=\"robots\" content=\"index, follow, max-snippet:-1, max-image-preview:large, max-video-preview:-1\" \/>\n<link rel=\"canonical\" href=\"https:\/\/inti.hr\/sr\/proizvod\/trampolin-o-305-cm\/\" \/>\n<meta property=\"og:locale\" content=\"sr_RS\" \/>\n<meta property=\"og:type\" content=\"article\" \/>\n<meta property=\"og:title\" content=\"Trampolin \u00d8 305 cm - Inti\" \/>\n<meta property=\"og:description\" content=\"Budu\u0107i da nam je sigurnost prioritet, pocin\u010dana i pra\u0161kasto premazana baza je stabilna i otporna na hr\u0111u. 4 noge u obliku slova W odr\u017eavaju ravnote\u017eu prostirke za skakanje.Ova sprava za skakanje je naravno idealna kao poklon va\u0161oj djeci. Naravno, mo\u017eete i vi probati jer trampolin mo\u017ee izdr\u017eati do 150 kg.U isporuku su uklju\u010deni prostirka za skakanje, rubna navlaka, za\u0161titna mre\u017ea, rukohvati i ljestve - sve \u0161to vam je potrebno za zabavu vani!\" \/>\n<meta property=\"og:url\" content=\"https:\/\/inti.hr\/sr\/proizvod\/trampolin-o-305-cm\/\" \/>\n<meta property=\"og:site_name\" content=\"Inti\" \/>\n<meta property=\"og:image\" content=\"https:\/\/i0.wp.com\/inti.hr\/wp-content\/uploads\/2024\/02\/STR122O01-2.jpg?fit=1000%2C1000&ssl=1\" \/>\n\t<meta property=\"og:image:width\" content=\"1000\" \/>\n\t<meta property=\"og:image:height\" content=\"1000\" \/>\n\t<meta property=\"og:image:type\" content=\"image\/jpeg\" \/>\n<meta name=\"twitter:card\" content=\"summary_large_image\" \/>\n<meta name=\"twitter:label1\" content=\"\u041f\u0440\u043e\u0446\u0435\u045a\u0435\u043d\u043e \u0432\u0440\u0435\u043c\u0435 \u0447\u0438\u0442\u0430\u045a\u0430\" \/>\n\t<meta name=\"twitter:data1\" content=\"1 \u043c\u0438\u043d\u0443\u0442\" \/>\n<script type=\"application\/ld+json\" class=\"yoast-schema-graph\">{\"@context\":\"https:\/\/schema.org\",\"@graph\":[{\"@type\":\"WebPage\",\"@id\":\"https:\/\/inti.hr\/sr\/proizvod\/trampolin-o-305-cm\/\",\"url\":\"https:\/\/inti.hr\/sr\/proizvod\/trampolin-o-305-cm\/\",\"name\":\"Trampolin \u00d8 305 cm - Inti\",\"isPartOf\":{\"@id\":\"https:\/\/inti.hr\/sr\/#website\"},\"primaryImageOfPage\":{\"@id\":\"https:\/\/inti.hr\/sr\/proizvod\/trampolin-o-305-cm\/#primaryimage\"},\"image\":{\"@id\":\"https:\/\/inti.hr\/sr\/proizvod\/trampolin-o-305-cm\/#primaryimage\"},\"thumbnailUrl\":\"https:\/\/i0.wp.com\/inti.hr\/wp-content\/uploads\/2024\/02\/STR122O01-2.jpg?fit=1000%2C1000&ssl=1\",\"datePublished\":\"2024-02-16T09:32:33+00:00\",\"dateModified\":\"2024-02-16T09:32:33+00:00\",\"description\":\"Budu\u0107i da nam je sigurnost prioritet, pocin\u010dana i pra\u0161kasto premazana baza je stabilna i otporna na hr\u0111u. 4 noge u obliku slova W odr\u017eavaju ravnote\u017eu prostirke za skakanje.Ova sprava za skakanje je naravno idealna kao poklon va\u0161oj djeci. Naravno, mo\u017eete i vi probati jer trampolin mo\u017ee izdr\u017eati do 150 kg.U isporuku su uklju\u010deni prostirka za skakanje, rubna navlaka, za\u0161titna mre\u017ea, rukohvati i ljestve - sve \u0161to vam je potrebno za zabavu vani!\",\"breadcrumb\":{\"@id\":\"https:\/\/inti.hr\/sr\/proizvod\/trampolin-o-305-cm\/#breadcrumb\"},\"inLanguage\":\"sr-RS\",\"potentialAction\":[{\"@type\":\"ReadAction\",\"target\":[\"https:\/\/inti.hr\/sr\/proizvod\/trampolin-o-305-cm\/\"]}]},{\"@type\":\"ImageObject\",\"inLanguage\":\"sr-RS\",\"@id\":\"https:\/\/inti.hr\/sr\/proizvod\/trampolin-o-305-cm\/#primaryimage\",\"url\":\"https:\/\/i0.wp.com\/inti.hr\/wp-content\/uploads\/2024\/02\/STR122O01-2.jpg?fit=1000%2C1000&ssl=1\",\"contentUrl\":\"https:\/\/i0.wp.com\/inti.hr\/wp-content\/uploads\/2024\/02\/STR122O01-2.jpg?fit=1000%2C1000&ssl=1\",\"width\":1000,\"height\":1000},{\"@type\":\"BreadcrumbList\",\"@id\":\"https:\/\/inti.hr\/sr\/proizvod\/trampolin-o-305-cm\/#breadcrumb\",\"itemListElement\":[{\"@type\":\"ListItem\",\"position\":1,\"name\":\"Po\u010detna stranica\",\"item\":\"https:\/\/inti.hr\/sr\/\"},{\"@type\":\"ListItem\",\"position\":2,\"name\":\"Prodavnica\",\"item\":\"https:\/\/inti.hr\/sr\/prodavnica\/\"},{\"@type\":\"ListItem\",\"position\":3,\"name\":\"Trampolin \u00d8 305 cm\"}]},{\"@type\":\"WebSite\",\"@id\":\"https:\/\/inti.hr\/sr\/#website\",\"url\":\"https:\/\/inti.hr\/sr\/\",\"name\":\"Inti\",\"description\":\"trgovina\",\"potentialAction\":[{\"@type\":\"SearchAction\",\"target\":{\"@type\":\"EntryPoint\",\"urlTemplate\":\"https:\/\/inti.hr\/sr\/?s={search_term_string}\"},\"query-input\":{\"@type\":\"PropertyValueSpecification\",\"valueRequired\":true,\"valueName\":\"search_term_string\"}}],\"inLanguage\":\"sr-RS\"}]}<\/script>\n<!-- \/ Yoast SEO plugin. -->","yoast_head_json":{"title":"Trampolin \u00d8 305 cm - Inti","description":"Budu\u0107i da nam je sigurnost prioritet, pocin\u010dana i pra\u0161kasto premazana baza je stabilna i otporna na hr\u0111u. 4 noge u obliku slova W odr\u017eavaju ravnote\u017eu prostirke za skakanje.Ova sprava za skakanje je naravno idealna kao poklon va\u0161oj djeci. Naravno, mo\u017eete i vi probati jer trampolin mo\u017ee izdr\u017eati do 150 kg.U isporuku su uklju\u010deni prostirka za skakanje, rubna navlaka, za\u0161titna mre\u017ea, rukohvati i ljestve - sve \u0161to vam je potrebno za zabavu vani!","robots":{"index":"index","follow":"follow","max-snippet":"max-snippet:-1","max-image-preview":"max-image-preview:large","max-video-preview":"max-video-preview:-1"},"canonical":"https:\/\/inti.hr\/sr\/proizvod\/trampolin-o-305-cm\/","og_locale":"sr_RS","og_type":"article","og_title":"Trampolin \u00d8 305 cm - Inti","og_description":"Budu\u0107i da nam je sigurnost prioritet, pocin\u010dana i pra\u0161kasto premazana baza je stabilna i otporna na hr\u0111u. 4 noge u obliku slova W odr\u017eavaju ravnote\u017eu prostirke za skakanje.Ova sprava za skakanje je naravno idealna kao poklon va\u0161oj djeci. Naravno, mo\u017eete i vi probati jer trampolin mo\u017ee izdr\u017eati do 150 kg.U isporuku su uklju\u010deni prostirka za skakanje, rubna navlaka, za\u0161titna mre\u017ea, rukohvati i ljestve - sve \u0161to vam je potrebno za zabavu vani!","og_url":"https:\/\/inti.hr\/sr\/proizvod\/trampolin-o-305-cm\/","og_site_name":"Inti","og_image":[{"width":1000,"height":1000,"url":"https:\/\/i0.wp.com\/inti.hr\/wp-content\/uploads\/2024\/02\/STR122O01-2.jpg?fit=1000%2C1000&ssl=1","type":"image\/jpeg"}],"twitter_card":"summary_large_image","twitter_misc":{"\u041f\u0440\u043e\u0446\u0435\u045a\u0435\u043d\u043e \u0432\u0440\u0435\u043c\u0435 \u0447\u0438\u0442\u0430\u045a\u0430":"1 \u043c\u0438\u043d\u0443\u0442"},"schema":{"@context":"https:\/\/schema.org","@graph":[{"@type":"WebPage","@id":"https:\/\/inti.hr\/sr\/proizvod\/trampolin-o-305-cm\/","url":"https:\/\/inti.hr\/sr\/proizvod\/trampolin-o-305-cm\/","name":"Trampolin \u00d8 305 cm - Inti","isPartOf":{"@id":"https:\/\/inti.hr\/sr\/#website"},"primaryImageOfPage":{"@id":"https:\/\/inti.hr\/sr\/proizvod\/trampolin-o-305-cm\/#primaryimage"},"image":{"@id":"https:\/\/inti.hr\/sr\/proizvod\/trampolin-o-305-cm\/#primaryimage"},"thumbnailUrl":"https:\/\/i0.wp.com\/inti.hr\/wp-content\/uploads\/2024\/02\/STR122O01-2.jpg?fit=1000%2C1000&ssl=1","datePublished":"2024-02-16T09:32:33+00:00","dateModified":"2024-02-16T09:32:33+00:00","description":"Budu\u0107i da nam je sigurnost prioritet, pocin\u010dana i pra\u0161kasto premazana baza je stabilna i otporna na hr\u0111u. 4 noge u obliku slova W odr\u017eavaju ravnote\u017eu prostirke za skakanje.Ova sprava za skakanje je naravno idealna kao poklon va\u0161oj djeci. Naravno, mo\u017eete i vi probati jer trampolin mo\u017ee izdr\u017eati do 150 kg.U isporuku su uklju\u010deni prostirka za skakanje, rubna navlaka, za\u0161titna mre\u017ea, rukohvati i ljestve - sve \u0161to vam je potrebno za zabavu vani!","breadcrumb":{"@id":"https:\/\/inti.hr\/sr\/proizvod\/trampolin-o-305-cm\/#breadcrumb"},"inLanguage":"sr-RS","potentialAction":[{"@type":"ReadAction","target":["https:\/\/inti.hr\/sr\/proizvod\/trampolin-o-305-cm\/"]}]},{"@type":"ImageObject","inLanguage":"sr-RS","@id":"https:\/\/inti.hr\/sr\/proizvod\/trampolin-o-305-cm\/#primaryimage","url":"https:\/\/i0.wp.com\/inti.hr\/wp-content\/uploads\/2024\/02\/STR122O01-2.jpg?fit=1000%2C1000&ssl=1","contentUrl":"https:\/\/i0.wp.com\/inti.hr\/wp-content\/uploads\/2024\/02\/STR122O01-2.jpg?fit=1000%2C1000&ssl=1","width":1000,"height":1000},{"@type":"BreadcrumbList","@id":"https:\/\/inti.hr\/sr\/proizvod\/trampolin-o-305-cm\/#breadcrumb","itemListElement":[{"@type":"ListItem","position":1,"name":"Po\u010detna stranica","item":"https:\/\/inti.hr\/sr\/"},{"@type":"ListItem","position":2,"name":"Prodavnica","item":"https:\/\/inti.hr\/sr\/prodavnica\/"},{"@type":"ListItem","position":3,"name":"Trampolin \u00d8 305 cm"}]},{"@type":"WebSite","@id":"https:\/\/inti.hr\/sr\/#website","url":"https:\/\/inti.hr\/sr\/","name":"Inti","description":"trgovina","potentialAction":[{"@type":"SearchAction","target":{"@type":"EntryPoint","urlTemplate":"https:\/\/inti.hr\/sr\/?s={search_term_string}"},"query-input":{"@type":"PropertyValueSpecification","valueRequired":true,"valueName":"search_term_string"}}],"inLanguage":"sr-RS"}]}},"jetpack_sharing_enabled":true,"jetpack-related-posts":[],"_links":{"self":[{"href":"https:\/\/inti.hr\/sr\/wp-json\/wp\/v2\/product\/36186"}],"collection":[{"href":"https:\/\/inti.hr\/sr\/wp-json\/wp\/v2\/product"}],"about":[{"href":"https:\/\/inti.hr\/sr\/wp-json\/wp\/v2\/types\/product"}],"wp:featuredmedia":[{"embeddable":true,"href":"https:\/\/inti.hr\/sr\/wp-json\/wp\/v2\/media\/36187"}],"wp:attachment":[{"href":"https:\/\/inti.hr\/sr\/wp-json\/wp\/v2\/media?parent=36186"}],"wp:term":[{"taxonomy":"product_cat","embeddable":true,"href":"https:\/\/inti.hr\/sr\/wp-json\/wp\/v2\/product_cat?post=36186"},{"taxonomy":"product_tag","embeddable":true,"href":"https:\/\/inti.hr\/sr\/wp-json\/wp\/v2\/product_tag?post=36186"}],"curies":[{"name":"wp","href":"https:\/\/api.w.org\/{rel}","templated":true}]}}