{"id":36253,"date":"2024-02-09T16:38:23","date_gmt":"2024-02-09T15:38:23","guid":{"rendered":"https:\/\/inti.hr\/product\/karlsoy-kupaonski-ormaric-80x55x30cm\/"},"modified":"2024-02-09T16:38:23","modified_gmt":"2024-02-09T15:38:23","slug":"karlsoy-kupaonski-ormaric-80x55x30cm","status":"publish","type":"product","link":"https:\/\/inti.hr\/sr\/proizvod\/karlsoy-kupaonski-ormaric-80x55x30cm\/","title":{"rendered":"Karls\u00f8y kupaonski ormari\u0107 80x55x30cm"},"content":{"rendered":"<p>Detalji proizvoda:<\/p>\n<p>&#8211; Elegantan bo\u010dni ormari\u0107 za va\u0161u kupaonicu<br \/>\n&#8211; S vratima ormari\u0107a i \u010detiri ladice<br \/>\n&#8211; Dodatni prostor za pohranu unutar ormari\u0107a<br \/>\n&#8211; Stabilan stalak zahvaljuju\u0107i \u010detiri noge<br \/>\n&#8211; Pogodan i za druge prostorije<br \/>\n&#8211; Brzo i jednostavno postavljanje<\/p>\n<p><b>Materijal:<\/b><\/p>\n<p>&#8211; Korpus: MDF<br \/>\n&#8211; Prednja vrata: PVC ratan<\/p>\n<p><b>Dimenzije:<\/b><\/p>\n<p>&#8211; Ukupno (Vx\u0160xD): 80 x 55 x 30 cm<br \/>\n&#8211; Front vrata (visina): 72 cm<\/p>\n<p><b>Boja:<\/b><\/p>\n<p>Bijela<\/p>\n","protected":false},"excerpt":{"rendered":"<p>Kupaonski ormari\u0107 savr\u0161eno je rje\u0161enje za organiziranje va\u0161e kupaonice sa stilom &#8230; <\/p>\n","protected":false},"featured_media":36254,"template":"","meta":[],"product_cat":[2396],"product_tag":[2522,2523],"yoast_head":"<!-- This site is optimized with the Yoast SEO plugin v23.7 - https:\/\/yoast.com\/wordpress\/plugins\/seo\/ -->\n<title>Karls\u00f8y kupaonski ormari\u0107 80x55x30cm - Inti<\/title>\n<meta name=\"description\" content=\"Kupaonski ormari\u0107 savr\u0161eno je rje\u0161enje za organiziranje va\u0161e kupaonice sa stilom uz stvaranje dodatnog prostora za pohranu.Ormari\u0107 ima vrata i mo\u017ee se lako otvoriti i zatvoriti, \u0161to vam omogu\u0107uje lak pristup osnovnim potrep\u0161tinama u va\u0161oj kupaonici. \u010cetiri ladice nude jo\u0161 jednu mogu\u0107nost za spremanje svih predmeta kao \u0161to su proizvodi za njegu ili \u010di\u0161\u0107enje.Unutar ormari\u0107a nalazi se dodatna polica koja omogu\u0107uje optimalno kori\u0161tenje raspolo\u017eivog prostora. Mo\u017eete dr\u017eati razne sitnice kao \u0161to su kozmeti\u010dki proizvodi, su\u0161ila za kosu ili druge va\u017ene stvari uredno razvrstane i nadohvat ruke.\u010cetiri no\u017eice osiguravaju da ormari\u0107 stoji stabilno. Monta\u017ea je jednostavna, a potrebni materijali za monta\u017eu uklju\u010deni su u opseg isporuke.Zahvaljuju\u0107i bezvremenskom dizajnu, ovaj bo\u010dni ormari\u0107 uklapa se u razli\u010dite stilove interijera i naravno mo\u017ee se koristiti iu drugim prostorijama izvan kupaonice, ovisno o va\u0161im potrebama.\" \/>\n<meta name=\"robots\" content=\"index, follow, max-snippet:-1, max-image-preview:large, max-video-preview:-1\" \/>\n<link rel=\"canonical\" href=\"https:\/\/inti.hr\/sr\/proizvod\/karlsoy-kupaonski-ormaric-80x55x30cm\/\" \/>\n<meta property=\"og:locale\" content=\"sr_RS\" \/>\n<meta property=\"og:type\" content=\"article\" \/>\n<meta property=\"og:title\" content=\"Karls\u00f8y kupaonski ormari\u0107 80x55x30cm - Inti\" \/>\n<meta property=\"og:description\" content=\"Kupaonski ormari\u0107 savr\u0161eno je rje\u0161enje za organiziranje va\u0161e kupaonice sa stilom uz stvaranje dodatnog prostora za pohranu.Ormari\u0107 ima vrata i mo\u017ee se lako otvoriti i zatvoriti, \u0161to vam omogu\u0107uje lak pristup osnovnim potrep\u0161tinama u va\u0161oj kupaonici. \u010cetiri ladice nude jo\u0161 jednu mogu\u0107nost za spremanje svih predmeta kao \u0161to su proizvodi za njegu ili \u010di\u0161\u0107enje.Unutar ormari\u0107a nalazi se dodatna polica koja omogu\u0107uje optimalno kori\u0161tenje raspolo\u017eivog prostora. Mo\u017eete dr\u017eati razne sitnice kao \u0161to su kozmeti\u010dki proizvodi, su\u0161ila za kosu ili druge va\u017ene stvari uredno razvrstane i nadohvat ruke.\u010cetiri no\u017eice osiguravaju da ormari\u0107 stoji stabilno. Monta\u017ea je jednostavna, a potrebni materijali za monta\u017eu uklju\u010deni su u opseg isporuke.Zahvaljuju\u0107i bezvremenskom dizajnu, ovaj bo\u010dni ormari\u0107 uklapa se u razli\u010dite stilove interijera i naravno mo\u017ee se koristiti iu drugim prostorijama izvan kupaonice, ovisno o va\u0161im potrebama.\" \/>\n<meta property=\"og:url\" content=\"https:\/\/inti.hr\/sr\/proizvod\/karlsoy-kupaonski-ormaric-80x55x30cm\/\" \/>\n<meta property=\"og:site_name\" content=\"Inti\" \/>\n<meta property=\"og:image\" content=\"https:\/\/i0.wp.com\/inti.hr\/wp-content\/uploads\/2024\/02\/37c9d85dda6fe5bb0093efa65b4ef60b.jpg?fit=1400%2C1400&ssl=1\" \/>\n\t<meta property=\"og:image:width\" content=\"1400\" \/>\n\t<meta property=\"og:image:height\" content=\"1400\" \/>\n\t<meta property=\"og:image:type\" content=\"image\/jpeg\" \/>\n<meta name=\"twitter:card\" content=\"summary_large_image\" \/>\n<script type=\"application\/ld+json\" class=\"yoast-schema-graph\">{\"@context\":\"https:\/\/schema.org\",\"@graph\":[{\"@type\":\"WebPage\",\"@id\":\"https:\/\/inti.hr\/sr\/proizvod\/karlsoy-kupaonski-ormaric-80x55x30cm\/\",\"url\":\"https:\/\/inti.hr\/sr\/proizvod\/karlsoy-kupaonski-ormaric-80x55x30cm\/\",\"name\":\"Karls\u00f8y kupaonski ormari\u0107 80x55x30cm - Inti\",\"isPartOf\":{\"@id\":\"https:\/\/inti.hr\/sr\/#website\"},\"primaryImageOfPage\":{\"@id\":\"https:\/\/inti.hr\/sr\/proizvod\/karlsoy-kupaonski-ormaric-80x55x30cm\/#primaryimage\"},\"image\":{\"@id\":\"https:\/\/inti.hr\/sr\/proizvod\/karlsoy-kupaonski-ormaric-80x55x30cm\/#primaryimage\"},\"thumbnailUrl\":\"https:\/\/i0.wp.com\/inti.hr\/wp-content\/uploads\/2024\/02\/37c9d85dda6fe5bb0093efa65b4ef60b.jpg?fit=1400%2C1400&ssl=1\",\"datePublished\":\"2024-02-09T15:38:23+00:00\",\"dateModified\":\"2024-02-09T15:38:23+00:00\",\"description\":\"Kupaonski ormari\u0107 savr\u0161eno je rje\u0161enje za organiziranje va\u0161e kupaonice sa stilom uz stvaranje dodatnog prostora za pohranu.Ormari\u0107 ima vrata i mo\u017ee se lako otvoriti i zatvoriti, \u0161to vam omogu\u0107uje lak pristup osnovnim potrep\u0161tinama u va\u0161oj kupaonici. \u010cetiri ladice nude jo\u0161 jednu mogu\u0107nost za spremanje svih predmeta kao \u0161to su proizvodi za njegu ili \u010di\u0161\u0107enje.Unutar ormari\u0107a nalazi se dodatna polica koja omogu\u0107uje optimalno kori\u0161tenje raspolo\u017eivog prostora. Mo\u017eete dr\u017eati razne sitnice kao \u0161to su kozmeti\u010dki proizvodi, su\u0161ila za kosu ili druge va\u017ene stvari uredno razvrstane i nadohvat ruke.\u010cetiri no\u017eice osiguravaju da ormari\u0107 stoji stabilno. Monta\u017ea je jednostavna, a potrebni materijali za monta\u017eu uklju\u010deni su u opseg isporuke.Zahvaljuju\u0107i bezvremenskom dizajnu, ovaj bo\u010dni ormari\u0107 uklapa se u razli\u010dite stilove interijera i naravno mo\u017ee se koristiti iu drugim prostorijama izvan kupaonice, ovisno o va\u0161im potrebama.\",\"breadcrumb\":{\"@id\":\"https:\/\/inti.hr\/sr\/proizvod\/karlsoy-kupaonski-ormaric-80x55x30cm\/#breadcrumb\"},\"inLanguage\":\"sr-RS\",\"potentialAction\":[{\"@type\":\"ReadAction\",\"target\":[\"https:\/\/inti.hr\/sr\/proizvod\/karlsoy-kupaonski-ormaric-80x55x30cm\/\"]}]},{\"@type\":\"ImageObject\",\"inLanguage\":\"sr-RS\",\"@id\":\"https:\/\/inti.hr\/sr\/proizvod\/karlsoy-kupaonski-ormaric-80x55x30cm\/#primaryimage\",\"url\":\"https:\/\/i0.wp.com\/inti.hr\/wp-content\/uploads\/2024\/02\/37c9d85dda6fe5bb0093efa65b4ef60b.jpg?fit=1400%2C1400&ssl=1\",\"contentUrl\":\"https:\/\/i0.wp.com\/inti.hr\/wp-content\/uploads\/2024\/02\/37c9d85dda6fe5bb0093efa65b4ef60b.jpg?fit=1400%2C1400&ssl=1\",\"width\":1400,\"height\":1400},{\"@type\":\"BreadcrumbList\",\"@id\":\"https:\/\/inti.hr\/sr\/proizvod\/karlsoy-kupaonski-ormaric-80x55x30cm\/#breadcrumb\",\"itemListElement\":[{\"@type\":\"ListItem\",\"position\":1,\"name\":\"Po\u010detna stranica\",\"item\":\"https:\/\/inti.hr\/sr\/\"},{\"@type\":\"ListItem\",\"position\":2,\"name\":\"Prodavnica\",\"item\":\"https:\/\/inti.hr\/sr\/prodavnica\/\"},{\"@type\":\"ListItem\",\"position\":3,\"name\":\"Karls\u00f8y kupaonski ormari\u0107 80x55x30cm\"}]},{\"@type\":\"WebSite\",\"@id\":\"https:\/\/inti.hr\/sr\/#website\",\"url\":\"https:\/\/inti.hr\/sr\/\",\"name\":\"Inti\",\"description\":\"trgovina\",\"potentialAction\":[{\"@type\":\"SearchAction\",\"target\":{\"@type\":\"EntryPoint\",\"urlTemplate\":\"https:\/\/inti.hr\/sr\/?s={search_term_string}\"},\"query-input\":{\"@type\":\"PropertyValueSpecification\",\"valueRequired\":true,\"valueName\":\"search_term_string\"}}],\"inLanguage\":\"sr-RS\"}]}<\/script>\n<!-- \/ Yoast SEO plugin. -->","yoast_head_json":{"title":"Karls\u00f8y kupaonski ormari\u0107 80x55x30cm - Inti","description":"Kupaonski ormari\u0107 savr\u0161eno je rje\u0161enje za organiziranje va\u0161e kupaonice sa stilom uz stvaranje dodatnog prostora za pohranu.Ormari\u0107 ima vrata i mo\u017ee se lako otvoriti i zatvoriti, \u0161to vam omogu\u0107uje lak pristup osnovnim potrep\u0161tinama u va\u0161oj kupaonici. \u010cetiri ladice nude jo\u0161 jednu mogu\u0107nost za spremanje svih predmeta kao \u0161to su proizvodi za njegu ili \u010di\u0161\u0107enje.Unutar ormari\u0107a nalazi se dodatna polica koja omogu\u0107uje optimalno kori\u0161tenje raspolo\u017eivog prostora. Mo\u017eete dr\u017eati razne sitnice kao \u0161to su kozmeti\u010dki proizvodi, su\u0161ila za kosu ili druge va\u017ene stvari uredno razvrstane i nadohvat ruke.\u010cetiri no\u017eice osiguravaju da ormari\u0107 stoji stabilno. Monta\u017ea je jednostavna, a potrebni materijali za monta\u017eu uklju\u010deni su u opseg isporuke.Zahvaljuju\u0107i bezvremenskom dizajnu, ovaj bo\u010dni ormari\u0107 uklapa se u razli\u010dite stilove interijera i naravno mo\u017ee se koristiti iu drugim prostorijama izvan kupaonice, ovisno o va\u0161im potrebama.","robots":{"index":"index","follow":"follow","max-snippet":"max-snippet:-1","max-image-preview":"max-image-preview:large","max-video-preview":"max-video-preview:-1"},"canonical":"https:\/\/inti.hr\/sr\/proizvod\/karlsoy-kupaonski-ormaric-80x55x30cm\/","og_locale":"sr_RS","og_type":"article","og_title":"Karls\u00f8y kupaonski ormari\u0107 80x55x30cm - Inti","og_description":"Kupaonski ormari\u0107 savr\u0161eno je rje\u0161enje za organiziranje va\u0161e kupaonice sa stilom uz stvaranje dodatnog prostora za pohranu.Ormari\u0107 ima vrata i mo\u017ee se lako otvoriti i zatvoriti, \u0161to vam omogu\u0107uje lak pristup osnovnim potrep\u0161tinama u va\u0161oj kupaonici. \u010cetiri ladice nude jo\u0161 jednu mogu\u0107nost za spremanje svih predmeta kao \u0161to su proizvodi za njegu ili \u010di\u0161\u0107enje.Unutar ormari\u0107a nalazi se dodatna polica koja omogu\u0107uje optimalno kori\u0161tenje raspolo\u017eivog prostora. Mo\u017eete dr\u017eati razne sitnice kao \u0161to su kozmeti\u010dki proizvodi, su\u0161ila za kosu ili druge va\u017ene stvari uredno razvrstane i nadohvat ruke.\u010cetiri no\u017eice osiguravaju da ormari\u0107 stoji stabilno. Monta\u017ea je jednostavna, a potrebni materijali za monta\u017eu uklju\u010deni su u opseg isporuke.Zahvaljuju\u0107i bezvremenskom dizajnu, ovaj bo\u010dni ormari\u0107 uklapa se u razli\u010dite stilove interijera i naravno mo\u017ee se koristiti iu drugim prostorijama izvan kupaonice, ovisno o va\u0161im potrebama.","og_url":"https:\/\/inti.hr\/sr\/proizvod\/karlsoy-kupaonski-ormaric-80x55x30cm\/","og_site_name":"Inti","og_image":[{"width":1400,"height":1400,"url":"https:\/\/i0.wp.com\/inti.hr\/wp-content\/uploads\/2024\/02\/37c9d85dda6fe5bb0093efa65b4ef60b.jpg?fit=1400%2C1400&ssl=1","type":"image\/jpeg"}],"twitter_card":"summary_large_image","schema":{"@context":"https:\/\/schema.org","@graph":[{"@type":"WebPage","@id":"https:\/\/inti.hr\/sr\/proizvod\/karlsoy-kupaonski-ormaric-80x55x30cm\/","url":"https:\/\/inti.hr\/sr\/proizvod\/karlsoy-kupaonski-ormaric-80x55x30cm\/","name":"Karls\u00f8y kupaonski ormari\u0107 80x55x30cm - Inti","isPartOf":{"@id":"https:\/\/inti.hr\/sr\/#website"},"primaryImageOfPage":{"@id":"https:\/\/inti.hr\/sr\/proizvod\/karlsoy-kupaonski-ormaric-80x55x30cm\/#primaryimage"},"image":{"@id":"https:\/\/inti.hr\/sr\/proizvod\/karlsoy-kupaonski-ormaric-80x55x30cm\/#primaryimage"},"thumbnailUrl":"https:\/\/i0.wp.com\/inti.hr\/wp-content\/uploads\/2024\/02\/37c9d85dda6fe5bb0093efa65b4ef60b.jpg?fit=1400%2C1400&ssl=1","datePublished":"2024-02-09T15:38:23+00:00","dateModified":"2024-02-09T15:38:23+00:00","description":"Kupaonski ormari\u0107 savr\u0161eno je rje\u0161enje za organiziranje va\u0161e kupaonice sa stilom uz stvaranje dodatnog prostora za pohranu.Ormari\u0107 ima vrata i mo\u017ee se lako otvoriti i zatvoriti, \u0161to vam omogu\u0107uje lak pristup osnovnim potrep\u0161tinama u va\u0161oj kupaonici. \u010cetiri ladice nude jo\u0161 jednu mogu\u0107nost za spremanje svih predmeta kao \u0161to su proizvodi za njegu ili \u010di\u0161\u0107enje.Unutar ormari\u0107a nalazi se dodatna polica koja omogu\u0107uje optimalno kori\u0161tenje raspolo\u017eivog prostora. Mo\u017eete dr\u017eati razne sitnice kao \u0161to su kozmeti\u010dki proizvodi, su\u0161ila za kosu ili druge va\u017ene stvari uredno razvrstane i nadohvat ruke.\u010cetiri no\u017eice osiguravaju da ormari\u0107 stoji stabilno. Monta\u017ea je jednostavna, a potrebni materijali za monta\u017eu uklju\u010deni su u opseg isporuke.Zahvaljuju\u0107i bezvremenskom dizajnu, ovaj bo\u010dni ormari\u0107 uklapa se u razli\u010dite stilove interijera i naravno mo\u017ee se koristiti iu drugim prostorijama izvan kupaonice, ovisno o va\u0161im potrebama.","breadcrumb":{"@id":"https:\/\/inti.hr\/sr\/proizvod\/karlsoy-kupaonski-ormaric-80x55x30cm\/#breadcrumb"},"inLanguage":"sr-RS","potentialAction":[{"@type":"ReadAction","target":["https:\/\/inti.hr\/sr\/proizvod\/karlsoy-kupaonski-ormaric-80x55x30cm\/"]}]},{"@type":"ImageObject","inLanguage":"sr-RS","@id":"https:\/\/inti.hr\/sr\/proizvod\/karlsoy-kupaonski-ormaric-80x55x30cm\/#primaryimage","url":"https:\/\/i0.wp.com\/inti.hr\/wp-content\/uploads\/2024\/02\/37c9d85dda6fe5bb0093efa65b4ef60b.jpg?fit=1400%2C1400&ssl=1","contentUrl":"https:\/\/i0.wp.com\/inti.hr\/wp-content\/uploads\/2024\/02\/37c9d85dda6fe5bb0093efa65b4ef60b.jpg?fit=1400%2C1400&ssl=1","width":1400,"height":1400},{"@type":"BreadcrumbList","@id":"https:\/\/inti.hr\/sr\/proizvod\/karlsoy-kupaonski-ormaric-80x55x30cm\/#breadcrumb","itemListElement":[{"@type":"ListItem","position":1,"name":"Po\u010detna stranica","item":"https:\/\/inti.hr\/sr\/"},{"@type":"ListItem","position":2,"name":"Prodavnica","item":"https:\/\/inti.hr\/sr\/prodavnica\/"},{"@type":"ListItem","position":3,"name":"Karls\u00f8y kupaonski ormari\u0107 80x55x30cm"}]},{"@type":"WebSite","@id":"https:\/\/inti.hr\/sr\/#website","url":"https:\/\/inti.hr\/sr\/","name":"Inti","description":"trgovina","potentialAction":[{"@type":"SearchAction","target":{"@type":"EntryPoint","urlTemplate":"https:\/\/inti.hr\/sr\/?s={search_term_string}"},"query-input":{"@type":"PropertyValueSpecification","valueRequired":true,"valueName":"search_term_string"}}],"inLanguage":"sr-RS"}]}},"jetpack_sharing_enabled":true,"jetpack-related-posts":[],"_links":{"self":[{"href":"https:\/\/inti.hr\/sr\/wp-json\/wp\/v2\/product\/36253"}],"collection":[{"href":"https:\/\/inti.hr\/sr\/wp-json\/wp\/v2\/product"}],"about":[{"href":"https:\/\/inti.hr\/sr\/wp-json\/wp\/v2\/types\/product"}],"wp:featuredmedia":[{"embeddable":true,"href":"https:\/\/inti.hr\/sr\/wp-json\/wp\/v2\/media\/36254"}],"wp:attachment":[{"href":"https:\/\/inti.hr\/sr\/wp-json\/wp\/v2\/media?parent=36253"}],"wp:term":[{"taxonomy":"product_cat","embeddable":true,"href":"https:\/\/inti.hr\/sr\/wp-json\/wp\/v2\/product_cat?post=36253"},{"taxonomy":"product_tag","embeddable":true,"href":"https:\/\/inti.hr\/sr\/wp-json\/wp\/v2\/product_tag?post=36253"}],"curies":[{"name":"wp","href":"https:\/\/api.w.org\/{rel}","templated":true}]}}