{"id":36307,"date":"2024-01-25T09:59:24","date_gmt":"2024-01-25T09:59:24","guid":{"rendered":"https:\/\/inti.hr\/product\/stol-od-nehrdajuceg-celika-120-x-70-cm\/"},"modified":"2024-01-25T09:59:24","modified_gmt":"2024-01-25T09:59:24","slug":"stol-od-nehrdajuceg-celika-120-x-70-cm","status":"publish","type":"product","link":"https:\/\/inti.hr\/sr\/proizvod\/stol-od-nehrdajuceg-celika-120-x-70-cm\/","title":{"rendered":"Stol od nehr\u0111aju\u0107eg \u010delika &#8211; 120 x 70 cm"},"content":{"rendered":"<p>Detalji proizvoda:<\/p>\n<p>\u0160to \u0107e nam suvremena tehnologija kad nema dovoljno prostora niti za u\u010dinkovito skladi\u0161tenje i razvrstavanje hrane? Namje\u0161taj od nehr\u0111aju\u0107eg \u010delika temelj je higijenske kuhinje i sigurne pripreme hrane. Stolovi od nehr\u0111aju\u0107eg \u010delika tvrtke Royal Catering nezaobilazni su za profesionalnu kuhinju. Stol od nehr\u0111aju\u0107eg \u010delika RCAT-120\/70-NW posebno je dizajniran za visoke standarde\u00a0<strong>profesionalne gastronomije<\/strong>. Njegov dvoslojni dizajn nudi jednu dodatnu policu.<\/p>\n<p>Tehni\u010dke pojedinosti:<\/p>\n<p>Pode\u0161avanje no\u017eica [mm]: 20<\/p>\n<p>Broj polica: 2<\/p>\n<p>Dimenzije (Dx\u0160xV): 119.7 x 70 x 85.5 cm<\/p>\n<p>Te\u017eina: 17.37 kg<\/p>\n<p>Dimenzije gornje police [cm]: 120x70x5<\/p>\n<p>Ukupna nosivost [kg]: 115kg<\/p>\n<p>Udaljenost izme\u0111u posuda [cm]: 60<\/p>\n<p>Maks. nosivost donje police [kg]: 30kg<\/p>\n","protected":false},"excerpt":{"rendered":"<ul class=\"product__highlights list-inside leading-relaxed pl-2\">\n<li>Dvije radne plo\u010de za optimalan radni &#8230;<br \/>\n","protected":false},"featured_media":36308,"template":"","meta":[],"product_cat":[3505],"product_tag":[3506,4755],"yoast_head":"<!-- This site is optimized with the Yoast SEO plugin v23.7 - https:\/\/yoast.com\/wordpress\/plugins\/seo\/ -->\n<title>Stol od nehr\u0111aju\u0107eg \u010delika - 120 x 70 cm - Inti<\/title>\n<meta name=\"description\" content=\"Dvije radne plo\u010de za optimalan radni prostorSavr\u0161ena stabilnost s podesivim no\u017eicamaKapacitet donje police: 30 kgVelika ukupna nosivost od 115 kgVisokokvalitetni nehr\u0111aju\u0107i \u010delik - higijenski, izdr\u017eljiv i jednostavan za \u010di\u0161\u0107enje\" \/>\n<meta name=\"robots\" content=\"index, follow, max-snippet:-1, max-image-preview:large, max-video-preview:-1\" \/>\n<link rel=\"canonical\" href=\"https:\/\/inti.hr\/sr\/proizvod\/stol-od-nehrdajuceg-celika-120-x-70-cm\/\" \/>\n<meta property=\"og:locale\" content=\"sr_RS\" \/>\n<meta property=\"og:type\" content=\"article\" \/>\n<meta property=\"og:title\" content=\"Stol od nehr\u0111aju\u0107eg \u010delika - 120 x 70 cm - Inti\" \/>\n<meta property=\"og:description\" content=\"Dvije radne plo\u010de za optimalan radni prostorSavr\u0161ena stabilnost s podesivim no\u017eicamaKapacitet donje police: 30 kgVelika ukupna nosivost od 115 kgVisokokvalitetni nehr\u0111aju\u0107i \u010delik - higijenski, izdr\u017eljiv i jednostavan za \u010di\u0161\u0107enje\" \/>\n<meta property=\"og:url\" content=\"https:\/\/inti.hr\/sr\/proizvod\/stol-od-nehrdajuceg-celika-120-x-70-cm\/\" \/>\n<meta property=\"og:site_name\" content=\"Inti\" \/>\n<meta property=\"og:image\" content=\"https:\/\/i0.wp.com\/inti.hr\/wp-content\/uploads\/2024\/01\/10011094_photo_1.webp?fit=1600%2C1600&ssl=1\" \/>\n\t<meta property=\"og:image:width\" content=\"1600\" \/>\n\t<meta property=\"og:image:height\" content=\"1600\" \/>\n\t<meta property=\"og:image:type\" content=\"image\/webp\" \/>\n<meta name=\"twitter:card\" content=\"summary_large_image\" \/>\n<meta name=\"twitter:label1\" content=\"\u041f\u0440\u043e\u0446\u0435\u045a\u0435\u043d\u043e \u0432\u0440\u0435\u043c\u0435 \u0447\u0438\u0442\u0430\u045a\u0430\" \/>\n\t<meta name=\"twitter:data1\" content=\"1 \u043c\u0438\u043d\u0443\u0442\" \/>\n<script type=\"application\/ld+json\" class=\"yoast-schema-graph\">{\"@context\":\"https:\/\/schema.org\",\"@graph\":[{\"@type\":\"WebPage\",\"@id\":\"https:\/\/inti.hr\/sr\/proizvod\/stol-od-nehrdajuceg-celika-120-x-70-cm\/\",\"url\":\"https:\/\/inti.hr\/sr\/proizvod\/stol-od-nehrdajuceg-celika-120-x-70-cm\/\",\"name\":\"Stol od nehr\u0111aju\u0107eg \u010delika - 120 x 70 cm - Inti\",\"isPartOf\":{\"@id\":\"https:\/\/inti.hr\/sr\/#website\"},\"primaryImageOfPage\":{\"@id\":\"https:\/\/inti.hr\/sr\/proizvod\/stol-od-nehrdajuceg-celika-120-x-70-cm\/#primaryimage\"},\"image\":{\"@id\":\"https:\/\/inti.hr\/sr\/proizvod\/stol-od-nehrdajuceg-celika-120-x-70-cm\/#primaryimage\"},\"thumbnailUrl\":\"https:\/\/i0.wp.com\/inti.hr\/wp-content\/uploads\/2024\/01\/10011094_photo_1.webp?fit=1600%2C1600&ssl=1\",\"datePublished\":\"2024-01-25T09:59:24+00:00\",\"dateModified\":\"2024-01-25T09:59:24+00:00\",\"description\":\"Dvije radne plo\u010de za optimalan radni prostorSavr\u0161ena stabilnost s podesivim no\u017eicamaKapacitet donje police: 30 kgVelika ukupna nosivost od 115 kgVisokokvalitetni nehr\u0111aju\u0107i \u010delik - higijenski, izdr\u017eljiv i jednostavan za \u010di\u0161\u0107enje\",\"breadcrumb\":{\"@id\":\"https:\/\/inti.hr\/sr\/proizvod\/stol-od-nehrdajuceg-celika-120-x-70-cm\/#breadcrumb\"},\"inLanguage\":\"sr-RS\",\"potentialAction\":[{\"@type\":\"ReadAction\",\"target\":[\"https:\/\/inti.hr\/sr\/proizvod\/stol-od-nehrdajuceg-celika-120-x-70-cm\/\"]}]},{\"@type\":\"ImageObject\",\"inLanguage\":\"sr-RS\",\"@id\":\"https:\/\/inti.hr\/sr\/proizvod\/stol-od-nehrdajuceg-celika-120-x-70-cm\/#primaryimage\",\"url\":\"https:\/\/i0.wp.com\/inti.hr\/wp-content\/uploads\/2024\/01\/10011094_photo_1.webp?fit=1600%2C1600&ssl=1\",\"contentUrl\":\"https:\/\/i0.wp.com\/inti.hr\/wp-content\/uploads\/2024\/01\/10011094_photo_1.webp?fit=1600%2C1600&ssl=1\",\"width\":1600,\"height\":1600},{\"@type\":\"BreadcrumbList\",\"@id\":\"https:\/\/inti.hr\/sr\/proizvod\/stol-od-nehrdajuceg-celika-120-x-70-cm\/#breadcrumb\",\"itemListElement\":[{\"@type\":\"ListItem\",\"position\":1,\"name\":\"Po\u010detna stranica\",\"item\":\"https:\/\/inti.hr\/sr\/\"},{\"@type\":\"ListItem\",\"position\":2,\"name\":\"Prodavnica\",\"item\":\"https:\/\/inti.hr\/sr\/prodavnica\/\"},{\"@type\":\"ListItem\",\"position\":3,\"name\":\"Stol od nehr\u0111aju\u0107eg \u010delika &#8211; 120 x 70 cm\"}]},{\"@type\":\"WebSite\",\"@id\":\"https:\/\/inti.hr\/sr\/#website\",\"url\":\"https:\/\/inti.hr\/sr\/\",\"name\":\"Inti\",\"description\":\"trgovina\",\"potentialAction\":[{\"@type\":\"SearchAction\",\"target\":{\"@type\":\"EntryPoint\",\"urlTemplate\":\"https:\/\/inti.hr\/sr\/?s={search_term_string}\"},\"query-input\":{\"@type\":\"PropertyValueSpecification\",\"valueRequired\":true,\"valueName\":\"search_term_string\"}}],\"inLanguage\":\"sr-RS\"}]}<\/script>\n<!-- \/ Yoast SEO plugin. -->","yoast_head_json":{"title":"Stol od nehr\u0111aju\u0107eg \u010delika - 120 x 70 cm - Inti","description":"Dvije radne plo\u010de za optimalan radni prostorSavr\u0161ena stabilnost s podesivim no\u017eicamaKapacitet donje police: 30 kgVelika ukupna nosivost od 115 kgVisokokvalitetni nehr\u0111aju\u0107i \u010delik - higijenski, izdr\u017eljiv i jednostavan za \u010di\u0161\u0107enje","robots":{"index":"index","follow":"follow","max-snippet":"max-snippet:-1","max-image-preview":"max-image-preview:large","max-video-preview":"max-video-preview:-1"},"canonical":"https:\/\/inti.hr\/sr\/proizvod\/stol-od-nehrdajuceg-celika-120-x-70-cm\/","og_locale":"sr_RS","og_type":"article","og_title":"Stol od nehr\u0111aju\u0107eg \u010delika - 120 x 70 cm - Inti","og_description":"Dvije radne plo\u010de za optimalan radni prostorSavr\u0161ena stabilnost s podesivim no\u017eicamaKapacitet donje police: 30 kgVelika ukupna nosivost od 115 kgVisokokvalitetni nehr\u0111aju\u0107i \u010delik - higijenski, izdr\u017eljiv i jednostavan za \u010di\u0161\u0107enje","og_url":"https:\/\/inti.hr\/sr\/proizvod\/stol-od-nehrdajuceg-celika-120-x-70-cm\/","og_site_name":"Inti","og_image":[{"width":1600,"height":1600,"url":"https:\/\/i0.wp.com\/inti.hr\/wp-content\/uploads\/2024\/01\/10011094_photo_1.webp?fit=1600%2C1600&ssl=1","type":"image\/webp"}],"twitter_card":"summary_large_image","twitter_misc":{"\u041f\u0440\u043e\u0446\u0435\u045a\u0435\u043d\u043e \u0432\u0440\u0435\u043c\u0435 \u0447\u0438\u0442\u0430\u045a\u0430":"1 \u043c\u0438\u043d\u0443\u0442"},"schema":{"@context":"https:\/\/schema.org","@graph":[{"@type":"WebPage","@id":"https:\/\/inti.hr\/sr\/proizvod\/stol-od-nehrdajuceg-celika-120-x-70-cm\/","url":"https:\/\/inti.hr\/sr\/proizvod\/stol-od-nehrdajuceg-celika-120-x-70-cm\/","name":"Stol od nehr\u0111aju\u0107eg \u010delika - 120 x 70 cm - Inti","isPartOf":{"@id":"https:\/\/inti.hr\/sr\/#website"},"primaryImageOfPage":{"@id":"https:\/\/inti.hr\/sr\/proizvod\/stol-od-nehrdajuceg-celika-120-x-70-cm\/#primaryimage"},"image":{"@id":"https:\/\/inti.hr\/sr\/proizvod\/stol-od-nehrdajuceg-celika-120-x-70-cm\/#primaryimage"},"thumbnailUrl":"https:\/\/i0.wp.com\/inti.hr\/wp-content\/uploads\/2024\/01\/10011094_photo_1.webp?fit=1600%2C1600&ssl=1","datePublished":"2024-01-25T09:59:24+00:00","dateModified":"2024-01-25T09:59:24+00:00","description":"Dvije radne plo\u010de za optimalan radni prostorSavr\u0161ena stabilnost s podesivim no\u017eicamaKapacitet donje police: 30 kgVelika ukupna nosivost od 115 kgVisokokvalitetni nehr\u0111aju\u0107i \u010delik - higijenski, izdr\u017eljiv i jednostavan za \u010di\u0161\u0107enje","breadcrumb":{"@id":"https:\/\/inti.hr\/sr\/proizvod\/stol-od-nehrdajuceg-celika-120-x-70-cm\/#breadcrumb"},"inLanguage":"sr-RS","potentialAction":[{"@type":"ReadAction","target":["https:\/\/inti.hr\/sr\/proizvod\/stol-od-nehrdajuceg-celika-120-x-70-cm\/"]}]},{"@type":"ImageObject","inLanguage":"sr-RS","@id":"https:\/\/inti.hr\/sr\/proizvod\/stol-od-nehrdajuceg-celika-120-x-70-cm\/#primaryimage","url":"https:\/\/i0.wp.com\/inti.hr\/wp-content\/uploads\/2024\/01\/10011094_photo_1.webp?fit=1600%2C1600&ssl=1","contentUrl":"https:\/\/i0.wp.com\/inti.hr\/wp-content\/uploads\/2024\/01\/10011094_photo_1.webp?fit=1600%2C1600&ssl=1","width":1600,"height":1600},{"@type":"BreadcrumbList","@id":"https:\/\/inti.hr\/sr\/proizvod\/stol-od-nehrdajuceg-celika-120-x-70-cm\/#breadcrumb","itemListElement":[{"@type":"ListItem","position":1,"name":"Po\u010detna stranica","item":"https:\/\/inti.hr\/sr\/"},{"@type":"ListItem","position":2,"name":"Prodavnica","item":"https:\/\/inti.hr\/sr\/prodavnica\/"},{"@type":"ListItem","position":3,"name":"Stol od nehr\u0111aju\u0107eg \u010delika &#8211; 120 x 70 cm"}]},{"@type":"WebSite","@id":"https:\/\/inti.hr\/sr\/#website","url":"https:\/\/inti.hr\/sr\/","name":"Inti","description":"trgovina","potentialAction":[{"@type":"SearchAction","target":{"@type":"EntryPoint","urlTemplate":"https:\/\/inti.hr\/sr\/?s={search_term_string}"},"query-input":{"@type":"PropertyValueSpecification","valueRequired":true,"valueName":"search_term_string"}}],"inLanguage":"sr-RS"}]}},"jetpack_sharing_enabled":true,"jetpack-related-posts":[],"_links":{"self":[{"href":"https:\/\/inti.hr\/sr\/wp-json\/wp\/v2\/product\/36307"}],"collection":[{"href":"https:\/\/inti.hr\/sr\/wp-json\/wp\/v2\/product"}],"about":[{"href":"https:\/\/inti.hr\/sr\/wp-json\/wp\/v2\/types\/product"}],"wp:featuredmedia":[{"embeddable":true,"href":"https:\/\/inti.hr\/sr\/wp-json\/wp\/v2\/media\/36308"}],"wp:attachment":[{"href":"https:\/\/inti.hr\/sr\/wp-json\/wp\/v2\/media?parent=36307"}],"wp:term":[{"taxonomy":"product_cat","embeddable":true,"href":"https:\/\/inti.hr\/sr\/wp-json\/wp\/v2\/product_cat?post=36307"},{"taxonomy":"product_tag","embeddable":true,"href":"https:\/\/inti.hr\/sr\/wp-json\/wp\/v2\/product_tag?post=36307"}],"curies":[{"name":"wp","href":"https:\/\/api.w.org\/{rel}","templated":true}]}}