{"id":36319,"date":"2024-01-25T09:25:54","date_gmt":"2024-01-25T09:25:54","guid":{"rendered":"https:\/\/inti.hr\/product\/dozator-za-sok-8-l\/"},"modified":"2024-01-25T09:25:54","modified_gmt":"2024-01-25T09:25:54","slug":"dozator-za-sok-8-l","status":"publish","type":"product","link":"https:\/\/inti.hr\/sr\/proizvod\/dozator-za-sok-8-l\/","title":{"rendered":"Dozator za sok &#8211; 8 l"},"content":{"rendered":"<p>Detalji proizvoda:<\/p>\n<p class=\"product-description__text\" data-v-29c780c7=\"\">Cijeli dozator za hladne napitke s nastavcima izra\u0111en je od dugotrajnih materijala neutralnih okusa. Cilindri\u010dna posuda promjera 210 mm \u010dvrsto stoji na okviru od nehr\u0111aju\u0107eg \u010delika i mo\u017ee se udobno podi\u0107i i nositi pomo\u0107u ru\u010dki sa strane. Zahvaljuju\u0107i robusnoj i prozirnoj plastici dozatora za ledeni \u010daj, va\u0161i gosti mogu to\u010dno vidjeti koje se osvje\u017eenje poslu\u017euje, a vi kao doma\u0107in mo\u017eete vidjeti kada ga treba ponovno napuniti. To se mo\u017ee u\u010diniti jednostavno i bez prolijevanja podizanjem poklopca. Materijali su tako\u0111er posebno otporni na ogrebotine i laki za \u010di\u0161\u0107enje.<\/p>\n<p class=\"product-description__text\" data-v-29c780c7=\"\">Nepropusni rashladni umetak od nehr\u0111aju\u0107eg \u010delika mo\u017ee se napuniti kockicama leda koje ravnomjerno hlade pi\u0107a koja se poslu\u017euju bez razrje\u0111ivanja ledom koji se topi. Dopustite svojim gostima nerazrije\u0111en u\u017eitak u njihovim hladnim pi\u0107ima. Maksimalna visina posuda za pi\u0107e koje stanu ispod najni\u017ee slavine ukrasnog aparata za pi\u0107e je 140 mm i odgovara standardnim dimenzijama stakla.<\/p>\n<p class=\"product-description__text\" data-v-29c780c7=\"\">Zahvaljuju\u0107i glatkoj slavini, \u010dak i djeca mogu bez napora napuniti svoj sok ili ledeni \u010daj u automat za pi\u0107e, ostavljaju\u0107i besprijekoran dojam na va\u0161e goste. Velika brzina istjecanja slavine tako\u0111er \u010dini duge redove za pi\u0107e stvar pro\u0161losti. Aparat za pi\u0107e s rashladnom jezgrom prava je prednost na svakom banketu.<\/p>\n<p data-v-29c780c7=\"\">\n<p data-v-29c780c7=\"\">Tehni\u010dke pojedinosti:<br \/>\nVisina spremnika [mm]: 260<\/p>\n<p data-v-29c780c7=\"\">Broj spremnika [kom]: 1 kom<\/p>\n<p data-v-29c780c7=\"\">Te\u017eina: 2.3 kg<\/p>\n<p data-v-29c780c7=\"\">Promjer spremnika [mm]: 210<\/p>\n<p data-v-29c780c7=\"\">Maksimalna mogu\u0107a visina kori\u0161tenih \u010da\u0161a [mm]: 140<\/p>\n<p data-v-29c780c7=\"\">Kapacitet [l]: 8l<\/p>\n<p data-v-29c780c7=\"\">Dimenzije (Dx\u0160xV): 22 x 25 x 45 cm<\/p>\n<p data-v-29c780c7=\"\">Te\u017eina paketa: 2.4kg<\/p>\n","protected":false},"excerpt":{"rendered":"<p>Ample\u2014dozator sokova velikog kapaciteta od 8 L<br \/>\nPure \u2013 nepropusni umetak za &#8230; <\/p>\n","protected":false},"featured_media":36320,"template":"","meta":[],"product_cat":[4015],"product_tag":[4763,3361],"yoast_head":"<!-- This site is optimized with the Yoast SEO plugin v23.7 - https:\/\/yoast.com\/wordpress\/plugins\/seo\/ -->\n<title>Dozator za sok - 8 l - Inti<\/title>\n<meta name=\"description\" content=\"Ample\u2014dozator sokova velikog kapaciteta od 8 LPure \u2013 nepropusni umetak za hla\u0111enje sprje\u010dava razvodnjavanje napitka Prozirne \u2013 prozirne plasti\u010dne posude prikazuju sadr\u017eaj Jednostavan \u2013 glatki napon za precizno poslu\u017eivanje Fleksibilan \u2013 za \u010da\u0161e i \u0161alice maksimalne visine 140 mm Nisko odr\u017eavanje \u2013 drveni okvir, rashladni sustav i poklopac od nehr\u0111aju\u0107eg \u010delika\" \/>\n<meta name=\"robots\" content=\"index, follow, max-snippet:-1, max-image-preview:large, max-video-preview:-1\" \/>\n<link rel=\"canonical\" href=\"https:\/\/inti.hr\/sr\/proizvod\/dozator-za-sok-8-l\/\" \/>\n<meta property=\"og:locale\" content=\"sr_RS\" \/>\n<meta property=\"og:type\" content=\"article\" \/>\n<meta property=\"og:title\" content=\"Dozator za sok - 8 l - Inti\" \/>\n<meta property=\"og:description\" content=\"Ample\u2014dozator sokova velikog kapaciteta od 8 LPure \u2013 nepropusni umetak za hla\u0111enje sprje\u010dava razvodnjavanje napitka Prozirne \u2013 prozirne plasti\u010dne posude prikazuju sadr\u017eaj Jednostavan \u2013 glatki napon za precizno poslu\u017eivanje Fleksibilan \u2013 za \u010da\u0161e i \u0161alice maksimalne visine 140 mm Nisko odr\u017eavanje \u2013 drveni okvir, rashladni sustav i poklopac od nehr\u0111aju\u0107eg \u010delika\" \/>\n<meta property=\"og:url\" content=\"https:\/\/inti.hr\/sr\/proizvod\/dozator-za-sok-8-l\/\" \/>\n<meta property=\"og:site_name\" content=\"Inti\" \/>\n<meta property=\"og:image\" content=\"https:\/\/i0.wp.com\/inti.hr\/wp-content\/uploads\/2024\/01\/10012058_photo_1.webp?fit=1600%2C1600&ssl=1\" \/>\n\t<meta property=\"og:image:width\" content=\"1600\" \/>\n\t<meta property=\"og:image:height\" content=\"1600\" \/>\n\t<meta property=\"og:image:type\" content=\"image\/webp\" \/>\n<meta name=\"twitter:card\" content=\"summary_large_image\" \/>\n<meta name=\"twitter:label1\" content=\"\u041f\u0440\u043e\u0446\u0435\u045a\u0435\u043d\u043e \u0432\u0440\u0435\u043c\u0435 \u0447\u0438\u0442\u0430\u045a\u0430\" \/>\n\t<meta name=\"twitter:data1\" content=\"1 \u043c\u0438\u043d\u0443\u0442\" \/>\n<script type=\"application\/ld+json\" class=\"yoast-schema-graph\">{\"@context\":\"https:\/\/schema.org\",\"@graph\":[{\"@type\":\"WebPage\",\"@id\":\"https:\/\/inti.hr\/sr\/proizvod\/dozator-za-sok-8-l\/\",\"url\":\"https:\/\/inti.hr\/sr\/proizvod\/dozator-za-sok-8-l\/\",\"name\":\"Dozator za sok - 8 l - Inti\",\"isPartOf\":{\"@id\":\"https:\/\/inti.hr\/sr\/#website\"},\"primaryImageOfPage\":{\"@id\":\"https:\/\/inti.hr\/sr\/proizvod\/dozator-za-sok-8-l\/#primaryimage\"},\"image\":{\"@id\":\"https:\/\/inti.hr\/sr\/proizvod\/dozator-za-sok-8-l\/#primaryimage\"},\"thumbnailUrl\":\"https:\/\/i0.wp.com\/inti.hr\/wp-content\/uploads\/2024\/01\/10012058_photo_1.webp?fit=1600%2C1600&ssl=1\",\"datePublished\":\"2024-01-25T09:25:54+00:00\",\"dateModified\":\"2024-01-25T09:25:54+00:00\",\"description\":\"Ample\u2014dozator sokova velikog kapaciteta od 8 LPure \u2013 nepropusni umetak za hla\u0111enje sprje\u010dava razvodnjavanje napitka Prozirne \u2013 prozirne plasti\u010dne posude prikazuju sadr\u017eaj Jednostavan \u2013 glatki napon za precizno poslu\u017eivanje Fleksibilan \u2013 za \u010da\u0161e i \u0161alice maksimalne visine 140 mm Nisko odr\u017eavanje \u2013 drveni okvir, rashladni sustav i poklopac od nehr\u0111aju\u0107eg \u010delika\",\"breadcrumb\":{\"@id\":\"https:\/\/inti.hr\/sr\/proizvod\/dozator-za-sok-8-l\/#breadcrumb\"},\"inLanguage\":\"sr-RS\",\"potentialAction\":[{\"@type\":\"ReadAction\",\"target\":[\"https:\/\/inti.hr\/sr\/proizvod\/dozator-za-sok-8-l\/\"]}]},{\"@type\":\"ImageObject\",\"inLanguage\":\"sr-RS\",\"@id\":\"https:\/\/inti.hr\/sr\/proizvod\/dozator-za-sok-8-l\/#primaryimage\",\"url\":\"https:\/\/i0.wp.com\/inti.hr\/wp-content\/uploads\/2024\/01\/10012058_photo_1.webp?fit=1600%2C1600&ssl=1\",\"contentUrl\":\"https:\/\/i0.wp.com\/inti.hr\/wp-content\/uploads\/2024\/01\/10012058_photo_1.webp?fit=1600%2C1600&ssl=1\",\"width\":1600,\"height\":1600},{\"@type\":\"BreadcrumbList\",\"@id\":\"https:\/\/inti.hr\/sr\/proizvod\/dozator-za-sok-8-l\/#breadcrumb\",\"itemListElement\":[{\"@type\":\"ListItem\",\"position\":1,\"name\":\"Po\u010detna stranica\",\"item\":\"https:\/\/inti.hr\/sr\/\"},{\"@type\":\"ListItem\",\"position\":2,\"name\":\"Prodavnica\",\"item\":\"https:\/\/inti.hr\/sr\/prodavnica\/\"},{\"@type\":\"ListItem\",\"position\":3,\"name\":\"Dozator za sok &#8211; 8 l\"}]},{\"@type\":\"WebSite\",\"@id\":\"https:\/\/inti.hr\/sr\/#website\",\"url\":\"https:\/\/inti.hr\/sr\/\",\"name\":\"Inti\",\"description\":\"trgovina\",\"potentialAction\":[{\"@type\":\"SearchAction\",\"target\":{\"@type\":\"EntryPoint\",\"urlTemplate\":\"https:\/\/inti.hr\/sr\/?s={search_term_string}\"},\"query-input\":{\"@type\":\"PropertyValueSpecification\",\"valueRequired\":true,\"valueName\":\"search_term_string\"}}],\"inLanguage\":\"sr-RS\"}]}<\/script>\n<!-- \/ Yoast SEO plugin. -->","yoast_head_json":{"title":"Dozator za sok - 8 l - Inti","description":"Ample\u2014dozator sokova velikog kapaciteta od 8 LPure \u2013 nepropusni umetak za hla\u0111enje sprje\u010dava razvodnjavanje napitka Prozirne \u2013 prozirne plasti\u010dne posude prikazuju sadr\u017eaj Jednostavan \u2013 glatki napon za precizno poslu\u017eivanje Fleksibilan \u2013 za \u010da\u0161e i \u0161alice maksimalne visine 140 mm Nisko odr\u017eavanje \u2013 drveni okvir, rashladni sustav i poklopac od nehr\u0111aju\u0107eg \u010delika","robots":{"index":"index","follow":"follow","max-snippet":"max-snippet:-1","max-image-preview":"max-image-preview:large","max-video-preview":"max-video-preview:-1"},"canonical":"https:\/\/inti.hr\/sr\/proizvod\/dozator-za-sok-8-l\/","og_locale":"sr_RS","og_type":"article","og_title":"Dozator za sok - 8 l - Inti","og_description":"Ample\u2014dozator sokova velikog kapaciteta od 8 LPure \u2013 nepropusni umetak za hla\u0111enje sprje\u010dava razvodnjavanje napitka Prozirne \u2013 prozirne plasti\u010dne posude prikazuju sadr\u017eaj Jednostavan \u2013 glatki napon za precizno poslu\u017eivanje Fleksibilan \u2013 za \u010da\u0161e i \u0161alice maksimalne visine 140 mm Nisko odr\u017eavanje \u2013 drveni okvir, rashladni sustav i poklopac od nehr\u0111aju\u0107eg \u010delika","og_url":"https:\/\/inti.hr\/sr\/proizvod\/dozator-za-sok-8-l\/","og_site_name":"Inti","og_image":[{"width":1600,"height":1600,"url":"https:\/\/i0.wp.com\/inti.hr\/wp-content\/uploads\/2024\/01\/10012058_photo_1.webp?fit=1600%2C1600&ssl=1","type":"image\/webp"}],"twitter_card":"summary_large_image","twitter_misc":{"\u041f\u0440\u043e\u0446\u0435\u045a\u0435\u043d\u043e \u0432\u0440\u0435\u043c\u0435 \u0447\u0438\u0442\u0430\u045a\u0430":"1 \u043c\u0438\u043d\u0443\u0442"},"schema":{"@context":"https:\/\/schema.org","@graph":[{"@type":"WebPage","@id":"https:\/\/inti.hr\/sr\/proizvod\/dozator-za-sok-8-l\/","url":"https:\/\/inti.hr\/sr\/proizvod\/dozator-za-sok-8-l\/","name":"Dozator za sok - 8 l - Inti","isPartOf":{"@id":"https:\/\/inti.hr\/sr\/#website"},"primaryImageOfPage":{"@id":"https:\/\/inti.hr\/sr\/proizvod\/dozator-za-sok-8-l\/#primaryimage"},"image":{"@id":"https:\/\/inti.hr\/sr\/proizvod\/dozator-za-sok-8-l\/#primaryimage"},"thumbnailUrl":"https:\/\/i0.wp.com\/inti.hr\/wp-content\/uploads\/2024\/01\/10012058_photo_1.webp?fit=1600%2C1600&ssl=1","datePublished":"2024-01-25T09:25:54+00:00","dateModified":"2024-01-25T09:25:54+00:00","description":"Ample\u2014dozator sokova velikog kapaciteta od 8 LPure \u2013 nepropusni umetak za hla\u0111enje sprje\u010dava razvodnjavanje napitka Prozirne \u2013 prozirne plasti\u010dne posude prikazuju sadr\u017eaj Jednostavan \u2013 glatki napon za precizno poslu\u017eivanje Fleksibilan \u2013 za \u010da\u0161e i \u0161alice maksimalne visine 140 mm Nisko odr\u017eavanje \u2013 drveni okvir, rashladni sustav i poklopac od nehr\u0111aju\u0107eg \u010delika","breadcrumb":{"@id":"https:\/\/inti.hr\/sr\/proizvod\/dozator-za-sok-8-l\/#breadcrumb"},"inLanguage":"sr-RS","potentialAction":[{"@type":"ReadAction","target":["https:\/\/inti.hr\/sr\/proizvod\/dozator-za-sok-8-l\/"]}]},{"@type":"ImageObject","inLanguage":"sr-RS","@id":"https:\/\/inti.hr\/sr\/proizvod\/dozator-za-sok-8-l\/#primaryimage","url":"https:\/\/i0.wp.com\/inti.hr\/wp-content\/uploads\/2024\/01\/10012058_photo_1.webp?fit=1600%2C1600&ssl=1","contentUrl":"https:\/\/i0.wp.com\/inti.hr\/wp-content\/uploads\/2024\/01\/10012058_photo_1.webp?fit=1600%2C1600&ssl=1","width":1600,"height":1600},{"@type":"BreadcrumbList","@id":"https:\/\/inti.hr\/sr\/proizvod\/dozator-za-sok-8-l\/#breadcrumb","itemListElement":[{"@type":"ListItem","position":1,"name":"Po\u010detna stranica","item":"https:\/\/inti.hr\/sr\/"},{"@type":"ListItem","position":2,"name":"Prodavnica","item":"https:\/\/inti.hr\/sr\/prodavnica\/"},{"@type":"ListItem","position":3,"name":"Dozator za sok &#8211; 8 l"}]},{"@type":"WebSite","@id":"https:\/\/inti.hr\/sr\/#website","url":"https:\/\/inti.hr\/sr\/","name":"Inti","description":"trgovina","potentialAction":[{"@type":"SearchAction","target":{"@type":"EntryPoint","urlTemplate":"https:\/\/inti.hr\/sr\/?s={search_term_string}"},"query-input":{"@type":"PropertyValueSpecification","valueRequired":true,"valueName":"search_term_string"}}],"inLanguage":"sr-RS"}]}},"jetpack_sharing_enabled":true,"jetpack-related-posts":[],"_links":{"self":[{"href":"https:\/\/inti.hr\/sr\/wp-json\/wp\/v2\/product\/36319"}],"collection":[{"href":"https:\/\/inti.hr\/sr\/wp-json\/wp\/v2\/product"}],"about":[{"href":"https:\/\/inti.hr\/sr\/wp-json\/wp\/v2\/types\/product"}],"wp:featuredmedia":[{"embeddable":true,"href":"https:\/\/inti.hr\/sr\/wp-json\/wp\/v2\/media\/36320"}],"wp:attachment":[{"href":"https:\/\/inti.hr\/sr\/wp-json\/wp\/v2\/media?parent=36319"}],"wp:term":[{"taxonomy":"product_cat","embeddable":true,"href":"https:\/\/inti.hr\/sr\/wp-json\/wp\/v2\/product_cat?post=36319"},{"taxonomy":"product_tag","embeddable":true,"href":"https:\/\/inti.hr\/sr\/wp-json\/wp\/v2\/product_tag?post=36319"}],"curies":[{"name":"wp","href":"https:\/\/api.w.org\/{rel}","templated":true}]}}