{"id":36327,"date":"2024-01-25T09:04:45","date_gmt":"2024-01-25T09:04:45","guid":{"rendered":"https:\/\/inti.hr\/product\/posuda-za-mlijeko\/"},"modified":"2024-01-25T09:04:45","modified_gmt":"2024-01-25T09:04:45","slug":"posuda-za-mlijeko","status":"publish","type":"product","link":"https:\/\/inti.hr\/sr\/proizvod\/posuda-za-mlijeko\/","title":{"rendered":"Posuda za mlijeko"},"content":{"rendered":"<p>Detalji proizvoda:<\/p>\n<p>Bilo da se radi o \u017eitaricama, granoli ili kavi: dozator mlijeka tvrtke APS nezaobilazan je na svakom \u0161vedskom stolu i nai\u0107i \u0107e na mno\u0161tvo posjetitelja! Dizajn limenke za mlijeko s ru\u010dkama \u010dini sadr\u017eaj odmah vidljivim. Posuda od 5 L i postolje izra\u0111eni su od nehr\u0111aju\u0107eg \u010delika te ostavljaju dojam higijene i sjaja. Izljev je jednostavan za kori\u0161tenje zahvaljuju\u0107i podignutom polo\u017eaju dozatora. Baza ima integrirano hladno pakiranje kako bi mlijeko dulje ostalo svje\u017ee i ukusno.<\/p>\n<p>Tehni\u010dke pojedinosti:<br \/>\nBoja: srebro<\/p>\n<p>Dimenzije [cm]: 23 x 35 x 45<\/p>\n<p>Te\u017eina: 3.8 kg<\/p>\n<p>Kapacitet [l]: 5l<\/p>\n","protected":false},"excerpt":{"rendered":"<p>Originalni dizajn posude od nehr\u0111aju\u0107eg \u010delika u limenci za mlijeko s &#8230; <\/p>\n","protected":false},"featured_media":36328,"template":"","meta":[],"product_cat":[4015],"product_tag":[4768,4769,3361],"yoast_head":"<!-- This site is optimized with the Yoast SEO plugin v23.7 - https:\/\/yoast.com\/wordpress\/plugins\/seo\/ -->\n<title>Posuda za mlijeko - Inti<\/title>\n<meta name=\"description\" content=\"Originalni dizajn posude od nehr\u0111aju\u0107eg \u010delika u limenci za mlijeko s ru\u010dkamaProstran \u2013 kapacitet 5 L idealan je za svaki \u0161vedski stolLako odr\u017eavanje \u2013 posuda od nehr\u0111aju\u0107eg \u010delika, postolje i posuda za skupljanje teku\u0107inePrakti\u010dan \u2013 lako dostupan izljev zahvaljuju\u0107i podignutom polo\u017eaju posudeSvje\u017ee \u2013 hladno pakiranje nenametljivo integrirano u bazu\" \/>\n<meta name=\"robots\" content=\"index, follow, max-snippet:-1, max-image-preview:large, max-video-preview:-1\" \/>\n<link rel=\"canonical\" href=\"https:\/\/inti.hr\/sr\/proizvod\/posuda-za-mlijeko\/\" \/>\n<meta property=\"og:locale\" content=\"sr_RS\" \/>\n<meta property=\"og:type\" content=\"article\" \/>\n<meta property=\"og:title\" content=\"Posuda za mlijeko - Inti\" \/>\n<meta property=\"og:description\" content=\"Originalni dizajn posude od nehr\u0111aju\u0107eg \u010delika u limenci za mlijeko s ru\u010dkamaProstran \u2013 kapacitet 5 L idealan je za svaki \u0161vedski stolLako odr\u017eavanje \u2013 posuda od nehr\u0111aju\u0107eg \u010delika, postolje i posuda za skupljanje teku\u0107inePrakti\u010dan \u2013 lako dostupan izljev zahvaljuju\u0107i podignutom polo\u017eaju posudeSvje\u017ee \u2013 hladno pakiranje nenametljivo integrirano u bazu\" \/>\n<meta property=\"og:url\" content=\"https:\/\/inti.hr\/sr\/proizvod\/posuda-za-mlijeko\/\" \/>\n<meta property=\"og:site_name\" content=\"Inti\" \/>\n<meta property=\"og:image\" content=\"https:\/\/i0.wp.com\/inti.hr\/wp-content\/uploads\/2024\/01\/10410010_photo_1.webp?fit=1600%2C1600&ssl=1\" \/>\n\t<meta property=\"og:image:width\" content=\"1600\" \/>\n\t<meta property=\"og:image:height\" content=\"1600\" \/>\n\t<meta property=\"og:image:type\" content=\"image\/webp\" \/>\n<meta name=\"twitter:card\" content=\"summary_large_image\" \/>\n<meta name=\"twitter:label1\" content=\"\u041f\u0440\u043e\u0446\u0435\u045a\u0435\u043d\u043e \u0432\u0440\u0435\u043c\u0435 \u0447\u0438\u0442\u0430\u045a\u0430\" \/>\n\t<meta name=\"twitter:data1\" content=\"1 \u043c\u0438\u043d\u0443\u0442\" \/>\n<script type=\"application\/ld+json\" class=\"yoast-schema-graph\">{\"@context\":\"https:\/\/schema.org\",\"@graph\":[{\"@type\":\"WebPage\",\"@id\":\"https:\/\/inti.hr\/sr\/proizvod\/posuda-za-mlijeko\/\",\"url\":\"https:\/\/inti.hr\/sr\/proizvod\/posuda-za-mlijeko\/\",\"name\":\"Posuda za mlijeko - Inti\",\"isPartOf\":{\"@id\":\"https:\/\/inti.hr\/sr\/#website\"},\"primaryImageOfPage\":{\"@id\":\"https:\/\/inti.hr\/sr\/proizvod\/posuda-za-mlijeko\/#primaryimage\"},\"image\":{\"@id\":\"https:\/\/inti.hr\/sr\/proizvod\/posuda-za-mlijeko\/#primaryimage\"},\"thumbnailUrl\":\"https:\/\/i0.wp.com\/inti.hr\/wp-content\/uploads\/2024\/01\/10410010_photo_1.webp?fit=1600%2C1600&ssl=1\",\"datePublished\":\"2024-01-25T09:04:45+00:00\",\"dateModified\":\"2024-01-25T09:04:45+00:00\",\"description\":\"Originalni dizajn posude od nehr\u0111aju\u0107eg \u010delika u limenci za mlijeko s ru\u010dkamaProstran \u2013 kapacitet 5 L idealan je za svaki \u0161vedski stolLako odr\u017eavanje \u2013 posuda od nehr\u0111aju\u0107eg \u010delika, postolje i posuda za skupljanje teku\u0107inePrakti\u010dan \u2013 lako dostupan izljev zahvaljuju\u0107i podignutom polo\u017eaju posudeSvje\u017ee \u2013 hladno pakiranje nenametljivo integrirano u bazu\",\"breadcrumb\":{\"@id\":\"https:\/\/inti.hr\/sr\/proizvod\/posuda-za-mlijeko\/#breadcrumb\"},\"inLanguage\":\"sr-RS\",\"potentialAction\":[{\"@type\":\"ReadAction\",\"target\":[\"https:\/\/inti.hr\/sr\/proizvod\/posuda-za-mlijeko\/\"]}]},{\"@type\":\"ImageObject\",\"inLanguage\":\"sr-RS\",\"@id\":\"https:\/\/inti.hr\/sr\/proizvod\/posuda-za-mlijeko\/#primaryimage\",\"url\":\"https:\/\/i0.wp.com\/inti.hr\/wp-content\/uploads\/2024\/01\/10410010_photo_1.webp?fit=1600%2C1600&ssl=1\",\"contentUrl\":\"https:\/\/i0.wp.com\/inti.hr\/wp-content\/uploads\/2024\/01\/10410010_photo_1.webp?fit=1600%2C1600&ssl=1\",\"width\":1600,\"height\":1600},{\"@type\":\"BreadcrumbList\",\"@id\":\"https:\/\/inti.hr\/sr\/proizvod\/posuda-za-mlijeko\/#breadcrumb\",\"itemListElement\":[{\"@type\":\"ListItem\",\"position\":1,\"name\":\"Po\u010detna stranica\",\"item\":\"https:\/\/inti.hr\/sr\/\"},{\"@type\":\"ListItem\",\"position\":2,\"name\":\"Prodavnica\",\"item\":\"https:\/\/inti.hr\/sr\/prodavnica\/\"},{\"@type\":\"ListItem\",\"position\":3,\"name\":\"Posuda za mlijeko\"}]},{\"@type\":\"WebSite\",\"@id\":\"https:\/\/inti.hr\/sr\/#website\",\"url\":\"https:\/\/inti.hr\/sr\/\",\"name\":\"Inti\",\"description\":\"trgovina\",\"potentialAction\":[{\"@type\":\"SearchAction\",\"target\":{\"@type\":\"EntryPoint\",\"urlTemplate\":\"https:\/\/inti.hr\/sr\/?s={search_term_string}\"},\"query-input\":{\"@type\":\"PropertyValueSpecification\",\"valueRequired\":true,\"valueName\":\"search_term_string\"}}],\"inLanguage\":\"sr-RS\"}]}<\/script>\n<!-- \/ Yoast SEO plugin. -->","yoast_head_json":{"title":"Posuda za mlijeko - Inti","description":"Originalni dizajn posude od nehr\u0111aju\u0107eg \u010delika u limenci za mlijeko s ru\u010dkamaProstran \u2013 kapacitet 5 L idealan je za svaki \u0161vedski stolLako odr\u017eavanje \u2013 posuda od nehr\u0111aju\u0107eg \u010delika, postolje i posuda za skupljanje teku\u0107inePrakti\u010dan \u2013 lako dostupan izljev zahvaljuju\u0107i podignutom polo\u017eaju posudeSvje\u017ee \u2013 hladno pakiranje nenametljivo integrirano u bazu","robots":{"index":"index","follow":"follow","max-snippet":"max-snippet:-1","max-image-preview":"max-image-preview:large","max-video-preview":"max-video-preview:-1"},"canonical":"https:\/\/inti.hr\/sr\/proizvod\/posuda-za-mlijeko\/","og_locale":"sr_RS","og_type":"article","og_title":"Posuda za mlijeko - Inti","og_description":"Originalni dizajn posude od nehr\u0111aju\u0107eg \u010delika u limenci za mlijeko s ru\u010dkamaProstran \u2013 kapacitet 5 L idealan je za svaki \u0161vedski stolLako odr\u017eavanje \u2013 posuda od nehr\u0111aju\u0107eg \u010delika, postolje i posuda za skupljanje teku\u0107inePrakti\u010dan \u2013 lako dostupan izljev zahvaljuju\u0107i podignutom polo\u017eaju posudeSvje\u017ee \u2013 hladno pakiranje nenametljivo integrirano u bazu","og_url":"https:\/\/inti.hr\/sr\/proizvod\/posuda-za-mlijeko\/","og_site_name":"Inti","og_image":[{"width":1600,"height":1600,"url":"https:\/\/i0.wp.com\/inti.hr\/wp-content\/uploads\/2024\/01\/10410010_photo_1.webp?fit=1600%2C1600&ssl=1","type":"image\/webp"}],"twitter_card":"summary_large_image","twitter_misc":{"\u041f\u0440\u043e\u0446\u0435\u045a\u0435\u043d\u043e \u0432\u0440\u0435\u043c\u0435 \u0447\u0438\u0442\u0430\u045a\u0430":"1 \u043c\u0438\u043d\u0443\u0442"},"schema":{"@context":"https:\/\/schema.org","@graph":[{"@type":"WebPage","@id":"https:\/\/inti.hr\/sr\/proizvod\/posuda-za-mlijeko\/","url":"https:\/\/inti.hr\/sr\/proizvod\/posuda-za-mlijeko\/","name":"Posuda za mlijeko - Inti","isPartOf":{"@id":"https:\/\/inti.hr\/sr\/#website"},"primaryImageOfPage":{"@id":"https:\/\/inti.hr\/sr\/proizvod\/posuda-za-mlijeko\/#primaryimage"},"image":{"@id":"https:\/\/inti.hr\/sr\/proizvod\/posuda-za-mlijeko\/#primaryimage"},"thumbnailUrl":"https:\/\/i0.wp.com\/inti.hr\/wp-content\/uploads\/2024\/01\/10410010_photo_1.webp?fit=1600%2C1600&ssl=1","datePublished":"2024-01-25T09:04:45+00:00","dateModified":"2024-01-25T09:04:45+00:00","description":"Originalni dizajn posude od nehr\u0111aju\u0107eg \u010delika u limenci za mlijeko s ru\u010dkamaProstran \u2013 kapacitet 5 L idealan je za svaki \u0161vedski stolLako odr\u017eavanje \u2013 posuda od nehr\u0111aju\u0107eg \u010delika, postolje i posuda za skupljanje teku\u0107inePrakti\u010dan \u2013 lako dostupan izljev zahvaljuju\u0107i podignutom polo\u017eaju posudeSvje\u017ee \u2013 hladno pakiranje nenametljivo integrirano u bazu","breadcrumb":{"@id":"https:\/\/inti.hr\/sr\/proizvod\/posuda-za-mlijeko\/#breadcrumb"},"inLanguage":"sr-RS","potentialAction":[{"@type":"ReadAction","target":["https:\/\/inti.hr\/sr\/proizvod\/posuda-za-mlijeko\/"]}]},{"@type":"ImageObject","inLanguage":"sr-RS","@id":"https:\/\/inti.hr\/sr\/proizvod\/posuda-za-mlijeko\/#primaryimage","url":"https:\/\/i0.wp.com\/inti.hr\/wp-content\/uploads\/2024\/01\/10410010_photo_1.webp?fit=1600%2C1600&ssl=1","contentUrl":"https:\/\/i0.wp.com\/inti.hr\/wp-content\/uploads\/2024\/01\/10410010_photo_1.webp?fit=1600%2C1600&ssl=1","width":1600,"height":1600},{"@type":"BreadcrumbList","@id":"https:\/\/inti.hr\/sr\/proizvod\/posuda-za-mlijeko\/#breadcrumb","itemListElement":[{"@type":"ListItem","position":1,"name":"Po\u010detna stranica","item":"https:\/\/inti.hr\/sr\/"},{"@type":"ListItem","position":2,"name":"Prodavnica","item":"https:\/\/inti.hr\/sr\/prodavnica\/"},{"@type":"ListItem","position":3,"name":"Posuda za mlijeko"}]},{"@type":"WebSite","@id":"https:\/\/inti.hr\/sr\/#website","url":"https:\/\/inti.hr\/sr\/","name":"Inti","description":"trgovina","potentialAction":[{"@type":"SearchAction","target":{"@type":"EntryPoint","urlTemplate":"https:\/\/inti.hr\/sr\/?s={search_term_string}"},"query-input":{"@type":"PropertyValueSpecification","valueRequired":true,"valueName":"search_term_string"}}],"inLanguage":"sr-RS"}]}},"jetpack_sharing_enabled":true,"jetpack-related-posts":[],"_links":{"self":[{"href":"https:\/\/inti.hr\/sr\/wp-json\/wp\/v2\/product\/36327"}],"collection":[{"href":"https:\/\/inti.hr\/sr\/wp-json\/wp\/v2\/product"}],"about":[{"href":"https:\/\/inti.hr\/sr\/wp-json\/wp\/v2\/types\/product"}],"wp:featuredmedia":[{"embeddable":true,"href":"https:\/\/inti.hr\/sr\/wp-json\/wp\/v2\/media\/36328"}],"wp:attachment":[{"href":"https:\/\/inti.hr\/sr\/wp-json\/wp\/v2\/media?parent=36327"}],"wp:term":[{"taxonomy":"product_cat","embeddable":true,"href":"https:\/\/inti.hr\/sr\/wp-json\/wp\/v2\/product_cat?post=36327"},{"taxonomy":"product_tag","embeddable":true,"href":"https:\/\/inti.hr\/sr\/wp-json\/wp\/v2\/product_tag?post=36327"}],"curies":[{"name":"wp","href":"https:\/\/api.w.org\/{rel}","templated":true}]}}