{"id":36339,"date":"2024-01-25T08:35:00","date_gmt":"2024-01-25T08:35:00","guid":{"rendered":"https:\/\/inti.hr\/product\/izotermna-posuda-10l\/"},"modified":"2024-01-25T08:35:00","modified_gmt":"2024-01-25T08:35:00","slug":"izotermna-posuda-10l","status":"publish","type":"product","link":"https:\/\/inti.hr\/sr\/proizvod\/izotermna-posuda-10l\/","title":{"rendered":"Izotermna posuda 10L"},"content":{"rendered":"<p>Detalji proizvoda:<\/p>\n<p>Izotermni spremnik s odvodnom slavinom RCTP-10DT dizajniran je za siguran i nekompliciran transport tople i hladne hrane i pi\u0107a. Royal Catering, va\u0161 online stru\u010dnjak za ugostiteljske potrep\u0161tine, dizajnirao je ovaj izotermalni spremnik posebno za vrhunske restorane, kao \u0161to su restorani i hoteli, kao i za komercijalne kuhinje, kantine ili catering usluge. Ako cijenite funkcionalnost, izdr\u017eljivost i privla\u010dan dizajn u svojoj kuhinji, ovaj 10-litreni spremnik s dvostrukim stijenkama, izoliran, prakti\u010dan i termodr\u017eaju\u0107i spremnik nezamjenjiv je pomo\u0107nik va\u0161em osoblju.<\/p>\n<p>Izotermna posuda s odvodnom slavinom ima kapacitet od 10 litara. Dno posude izra\u0111eno je od nehr\u0111aju\u0107eg \u010delika s dvostrukom stijenkom otpornog na toplinu. Izme\u0111u dvije stijenke od nehr\u0111aju\u0107eg \u010delika nalazi se izolacijski sloj debljine 1,5 cm. Izolacija s dvostrukom stijenkom odr\u017eava temperaturu hrane i pi\u0107a na stabilnoj razini \u0161est do osam sati prije nego \u0161to se ohlade.<\/p>\n<p>Uklonjivi poklopac od nehr\u0111aju\u0107eg \u010delika ima dvostruku izolaciju, koja osigurava da razina topline ostane stabilna. Ima \u0161est zatvara\u010da jednostavnih za kori\u0161tenje. Izdr\u017eljivi silikonski brtveni prsten poklopca otporan na habanje osigurava hermeti\u010dko zatvaranje spremnika tijekom transporta.<\/p>\n<p>Osim toga, poklopac ima odzra\u010dni ventil za smanjenje tlaka vru\u0107e pare prilikom transporta vru\u0107e hrane. Kako bi odzra\u010dni ventil bio \u0161to sigurniji za korisnika, odvodni ventil se mo\u017ee otvoriti samo posebno oblikovanom ru\u010dkom poklopca. Za jednostavno rukovanje i u\u010dinkovito \u010di\u0161\u0107enje, otvor posude je \u0161to ve\u0107i<\/p>\n<p>Za lak\u0161e porcioniranje, izotermna posuda ima prakti\u010dnu slavinu za pra\u017enjenje. Mo\u017eete to\u010diti pi\u0107a i hranu bez kapanja i precizno bez prskanja. Bilo u bolnicama, \u0161kolama i vrti\u0107ima ili \u010dak na vjen\u010danjima, odvodna slavina osigurava da \u0107e va\u0161i kupci brzo dobiti kuhano vino, \u010daj, kavu ili juhe.<\/p>\n<p>Posuda ima dvije ergonomske Cool-Touch ru\u010dke koje dodatno olak\u0161avaju transport. Dno posude prekriveno je fleksibilnim plasti\u010dnim prstenom. To osigurava siguran oslonac na glatkim povr\u0161inama i \u0161titi spremnik od o\u0161te\u0107enja. Omogu\u0107uje udobno i sigurno slaganje vi\u0161e posuda jer poklopac i plasti\u010dni prsten savr\u0161eno pristaju.<\/p>\n<p>Zbog prvoklasne izrade i upotrebe bru\u0161enog nehr\u0111aju\u0107eg \u010delika, izotermna posuda s odvodnom slavinom vrlo je higijenska. Povr\u0161ina spremnika otporna je na one\u010di\u0161\u0107enje poput hr\u0111e, mrlja od vode, korozije ili \u010destica hrane. Posu\u0111e je okusom i mirisom uvijek sigurno za hranu. Nadalje, kvalitetna izrada omogu\u0107uje jednostavno odr\u017eavanje i \u010di\u0161\u0107enje izotermnog spremnika.<\/p>\n<p>&nbsp;<\/p>\n<p>Tehni\u010dke pojedinosti:<br \/>\nKapacitet: 10l<\/p>\n<p>Dimenzije [mm]: unutarnje: \u2300300 x 170<\/p>\n<p>Dimenzije (Dx\u0160xV): 39 x 42 x 23 cm<\/p>\n<p>Debljina zidne izolacije [mm]: 15mm<\/p>\n<p>Te\u017eina: 6,6kg<\/p>\n","protected":false},"excerpt":{"rendered":"<p>Za odr\u017eavanje topline i prijevoz do 10 litara hrane i pi\u0107a<br \/>\nZra\u010dna &#8230; <\/p>\n","protected":false},"featured_media":36340,"template":"","meta":[],"product_cat":[4015],"product_tag":[4779,4780,4781],"yoast_head":"<!-- This site is optimized with the Yoast SEO plugin v23.7 - https:\/\/yoast.com\/wordpress\/plugins\/seo\/ -->\n<title>Izotermna posuda 10L - Inti<\/title>\n<meta name=\"description\" content=\"Za odr\u017eavanje topline i prijevoz do 10 litara hrane i pi\u0107a Zra\u010dna brava - Spremanje topline s dvostrukom izolacijom Odvodna slavina za precizno izlijevanje bez kapanja Jednostavan za kori\u0161tenje i \u010di\u0161\u0107enje, visokokvalitetni nehr\u0111aju\u0107i \u010delik Ergonomske Cool Touch ru\u010dke za ve\u0107u sigurnost\" \/>\n<meta name=\"robots\" content=\"index, follow, max-snippet:-1, max-image-preview:large, max-video-preview:-1\" \/>\n<link rel=\"canonical\" href=\"https:\/\/inti.hr\/sr\/proizvod\/izotermna-posuda-10l\/\" \/>\n<meta property=\"og:locale\" content=\"sr_RS\" \/>\n<meta property=\"og:type\" content=\"article\" \/>\n<meta property=\"og:title\" content=\"Izotermna posuda 10L - Inti\" \/>\n<meta property=\"og:description\" content=\"Za odr\u017eavanje topline i prijevoz do 10 litara hrane i pi\u0107a Zra\u010dna brava - Spremanje topline s dvostrukom izolacijom Odvodna slavina za precizno izlijevanje bez kapanja Jednostavan za kori\u0161tenje i \u010di\u0161\u0107enje, visokokvalitetni nehr\u0111aju\u0107i \u010delik Ergonomske Cool Touch ru\u010dke za ve\u0107u sigurnost\" \/>\n<meta property=\"og:url\" content=\"https:\/\/inti.hr\/sr\/proizvod\/izotermna-posuda-10l\/\" \/>\n<meta property=\"og:site_name\" content=\"Inti\" \/>\n<meta property=\"og:image\" content=\"https:\/\/i0.wp.com\/inti.hr\/wp-content\/uploads\/2024\/01\/10010995_photo_2.webp?fit=1600%2C1600&ssl=1\" \/>\n\t<meta property=\"og:image:width\" content=\"1600\" \/>\n\t<meta property=\"og:image:height\" content=\"1600\" \/>\n\t<meta property=\"og:image:type\" content=\"image\/webp\" \/>\n<meta name=\"twitter:card\" content=\"summary_large_image\" \/>\n<meta name=\"twitter:label1\" content=\"\u041f\u0440\u043e\u0446\u0435\u045a\u0435\u043d\u043e \u0432\u0440\u0435\u043c\u0435 \u0447\u0438\u0442\u0430\u045a\u0430\" \/>\n\t<meta name=\"twitter:data1\" content=\"2 \u043c\u0438\u043d\u0443\u0442\u0430\" \/>\n<script type=\"application\/ld+json\" class=\"yoast-schema-graph\">{\"@context\":\"https:\/\/schema.org\",\"@graph\":[{\"@type\":\"WebPage\",\"@id\":\"https:\/\/inti.hr\/sr\/proizvod\/izotermna-posuda-10l\/\",\"url\":\"https:\/\/inti.hr\/sr\/proizvod\/izotermna-posuda-10l\/\",\"name\":\"Izotermna posuda 10L - Inti\",\"isPartOf\":{\"@id\":\"https:\/\/inti.hr\/sr\/#website\"},\"primaryImageOfPage\":{\"@id\":\"https:\/\/inti.hr\/sr\/proizvod\/izotermna-posuda-10l\/#primaryimage\"},\"image\":{\"@id\":\"https:\/\/inti.hr\/sr\/proizvod\/izotermna-posuda-10l\/#primaryimage\"},\"thumbnailUrl\":\"https:\/\/i0.wp.com\/inti.hr\/wp-content\/uploads\/2024\/01\/10010995_photo_2.webp?fit=1600%2C1600&ssl=1\",\"datePublished\":\"2024-01-25T08:35:00+00:00\",\"dateModified\":\"2024-01-25T08:35:00+00:00\",\"description\":\"Za odr\u017eavanje topline i prijevoz do 10 litara hrane i pi\u0107a Zra\u010dna brava - Spremanje topline s dvostrukom izolacijom Odvodna slavina za precizno izlijevanje bez kapanja Jednostavan za kori\u0161tenje i \u010di\u0161\u0107enje, visokokvalitetni nehr\u0111aju\u0107i \u010delik Ergonomske Cool Touch ru\u010dke za ve\u0107u sigurnost\",\"breadcrumb\":{\"@id\":\"https:\/\/inti.hr\/sr\/proizvod\/izotermna-posuda-10l\/#breadcrumb\"},\"inLanguage\":\"sr-RS\",\"potentialAction\":[{\"@type\":\"ReadAction\",\"target\":[\"https:\/\/inti.hr\/sr\/proizvod\/izotermna-posuda-10l\/\"]}]},{\"@type\":\"ImageObject\",\"inLanguage\":\"sr-RS\",\"@id\":\"https:\/\/inti.hr\/sr\/proizvod\/izotermna-posuda-10l\/#primaryimage\",\"url\":\"https:\/\/i0.wp.com\/inti.hr\/wp-content\/uploads\/2024\/01\/10010995_photo_2.webp?fit=1600%2C1600&ssl=1\",\"contentUrl\":\"https:\/\/i0.wp.com\/inti.hr\/wp-content\/uploads\/2024\/01\/10010995_photo_2.webp?fit=1600%2C1600&ssl=1\",\"width\":1600,\"height\":1600},{\"@type\":\"BreadcrumbList\",\"@id\":\"https:\/\/inti.hr\/sr\/proizvod\/izotermna-posuda-10l\/#breadcrumb\",\"itemListElement\":[{\"@type\":\"ListItem\",\"position\":1,\"name\":\"Po\u010detna stranica\",\"item\":\"https:\/\/inti.hr\/sr\/\"},{\"@type\":\"ListItem\",\"position\":2,\"name\":\"Prodavnica\",\"item\":\"https:\/\/inti.hr\/sr\/prodavnica\/\"},{\"@type\":\"ListItem\",\"position\":3,\"name\":\"Izotermna posuda 10L\"}]},{\"@type\":\"WebSite\",\"@id\":\"https:\/\/inti.hr\/sr\/#website\",\"url\":\"https:\/\/inti.hr\/sr\/\",\"name\":\"Inti\",\"description\":\"trgovina\",\"potentialAction\":[{\"@type\":\"SearchAction\",\"target\":{\"@type\":\"EntryPoint\",\"urlTemplate\":\"https:\/\/inti.hr\/sr\/?s={search_term_string}\"},\"query-input\":{\"@type\":\"PropertyValueSpecification\",\"valueRequired\":true,\"valueName\":\"search_term_string\"}}],\"inLanguage\":\"sr-RS\"}]}<\/script>\n<!-- \/ Yoast SEO plugin. -->","yoast_head_json":{"title":"Izotermna posuda 10L - Inti","description":"Za odr\u017eavanje topline i prijevoz do 10 litara hrane i pi\u0107a Zra\u010dna brava - Spremanje topline s dvostrukom izolacijom Odvodna slavina za precizno izlijevanje bez kapanja Jednostavan za kori\u0161tenje i \u010di\u0161\u0107enje, visokokvalitetni nehr\u0111aju\u0107i \u010delik Ergonomske Cool Touch ru\u010dke za ve\u0107u sigurnost","robots":{"index":"index","follow":"follow","max-snippet":"max-snippet:-1","max-image-preview":"max-image-preview:large","max-video-preview":"max-video-preview:-1"},"canonical":"https:\/\/inti.hr\/sr\/proizvod\/izotermna-posuda-10l\/","og_locale":"sr_RS","og_type":"article","og_title":"Izotermna posuda 10L - Inti","og_description":"Za odr\u017eavanje topline i prijevoz do 10 litara hrane i pi\u0107a Zra\u010dna brava - Spremanje topline s dvostrukom izolacijom Odvodna slavina za precizno izlijevanje bez kapanja Jednostavan za kori\u0161tenje i \u010di\u0161\u0107enje, visokokvalitetni nehr\u0111aju\u0107i \u010delik Ergonomske Cool Touch ru\u010dke za ve\u0107u sigurnost","og_url":"https:\/\/inti.hr\/sr\/proizvod\/izotermna-posuda-10l\/","og_site_name":"Inti","og_image":[{"width":1600,"height":1600,"url":"https:\/\/i0.wp.com\/inti.hr\/wp-content\/uploads\/2024\/01\/10010995_photo_2.webp?fit=1600%2C1600&ssl=1","type":"image\/webp"}],"twitter_card":"summary_large_image","twitter_misc":{"\u041f\u0440\u043e\u0446\u0435\u045a\u0435\u043d\u043e \u0432\u0440\u0435\u043c\u0435 \u0447\u0438\u0442\u0430\u045a\u0430":"2 \u043c\u0438\u043d\u0443\u0442\u0430"},"schema":{"@context":"https:\/\/schema.org","@graph":[{"@type":"WebPage","@id":"https:\/\/inti.hr\/sr\/proizvod\/izotermna-posuda-10l\/","url":"https:\/\/inti.hr\/sr\/proizvod\/izotermna-posuda-10l\/","name":"Izotermna posuda 10L - Inti","isPartOf":{"@id":"https:\/\/inti.hr\/sr\/#website"},"primaryImageOfPage":{"@id":"https:\/\/inti.hr\/sr\/proizvod\/izotermna-posuda-10l\/#primaryimage"},"image":{"@id":"https:\/\/inti.hr\/sr\/proizvod\/izotermna-posuda-10l\/#primaryimage"},"thumbnailUrl":"https:\/\/i0.wp.com\/inti.hr\/wp-content\/uploads\/2024\/01\/10010995_photo_2.webp?fit=1600%2C1600&ssl=1","datePublished":"2024-01-25T08:35:00+00:00","dateModified":"2024-01-25T08:35:00+00:00","description":"Za odr\u017eavanje topline i prijevoz do 10 litara hrane i pi\u0107a Zra\u010dna brava - Spremanje topline s dvostrukom izolacijom Odvodna slavina za precizno izlijevanje bez kapanja Jednostavan za kori\u0161tenje i \u010di\u0161\u0107enje, visokokvalitetni nehr\u0111aju\u0107i \u010delik Ergonomske Cool Touch ru\u010dke za ve\u0107u sigurnost","breadcrumb":{"@id":"https:\/\/inti.hr\/sr\/proizvod\/izotermna-posuda-10l\/#breadcrumb"},"inLanguage":"sr-RS","potentialAction":[{"@type":"ReadAction","target":["https:\/\/inti.hr\/sr\/proizvod\/izotermna-posuda-10l\/"]}]},{"@type":"ImageObject","inLanguage":"sr-RS","@id":"https:\/\/inti.hr\/sr\/proizvod\/izotermna-posuda-10l\/#primaryimage","url":"https:\/\/i0.wp.com\/inti.hr\/wp-content\/uploads\/2024\/01\/10010995_photo_2.webp?fit=1600%2C1600&ssl=1","contentUrl":"https:\/\/i0.wp.com\/inti.hr\/wp-content\/uploads\/2024\/01\/10010995_photo_2.webp?fit=1600%2C1600&ssl=1","width":1600,"height":1600},{"@type":"BreadcrumbList","@id":"https:\/\/inti.hr\/sr\/proizvod\/izotermna-posuda-10l\/#breadcrumb","itemListElement":[{"@type":"ListItem","position":1,"name":"Po\u010detna stranica","item":"https:\/\/inti.hr\/sr\/"},{"@type":"ListItem","position":2,"name":"Prodavnica","item":"https:\/\/inti.hr\/sr\/prodavnica\/"},{"@type":"ListItem","position":3,"name":"Izotermna posuda 10L"}]},{"@type":"WebSite","@id":"https:\/\/inti.hr\/sr\/#website","url":"https:\/\/inti.hr\/sr\/","name":"Inti","description":"trgovina","potentialAction":[{"@type":"SearchAction","target":{"@type":"EntryPoint","urlTemplate":"https:\/\/inti.hr\/sr\/?s={search_term_string}"},"query-input":{"@type":"PropertyValueSpecification","valueRequired":true,"valueName":"search_term_string"}}],"inLanguage":"sr-RS"}]}},"jetpack_sharing_enabled":true,"jetpack-related-posts":[],"_links":{"self":[{"href":"https:\/\/inti.hr\/sr\/wp-json\/wp\/v2\/product\/36339"}],"collection":[{"href":"https:\/\/inti.hr\/sr\/wp-json\/wp\/v2\/product"}],"about":[{"href":"https:\/\/inti.hr\/sr\/wp-json\/wp\/v2\/types\/product"}],"wp:featuredmedia":[{"embeddable":true,"href":"https:\/\/inti.hr\/sr\/wp-json\/wp\/v2\/media\/36340"}],"wp:attachment":[{"href":"https:\/\/inti.hr\/sr\/wp-json\/wp\/v2\/media?parent=36339"}],"wp:term":[{"taxonomy":"product_cat","embeddable":true,"href":"https:\/\/inti.hr\/sr\/wp-json\/wp\/v2\/product_cat?post=36339"},{"taxonomy":"product_tag","embeddable":true,"href":"https:\/\/inti.hr\/sr\/wp-json\/wp\/v2\/product_tag?post=36339"}],"curies":[{"name":"wp","href":"https:\/\/api.w.org\/{rel}","templated":true}]}}