{"id":36351,"date":"2024-01-25T07:56:28","date_gmt":"2024-01-25T07:56:28","guid":{"rendered":"https:\/\/inti.hr\/product\/termo-posuda-za-hranu-gumeno-postolje\/"},"modified":"2024-01-25T07:56:28","modified_gmt":"2024-01-25T07:56:28","slug":"termo-posuda-za-hranu-gumeno-postolje","status":"publish","type":"product","link":"https:\/\/inti.hr\/sr\/proizvod\/termo-posuda-za-hranu-gumeno-postolje\/","title":{"rendered":"Termo posuda za hranu gumeno postolje"},"content":{"rendered":"<p>Detalji proizvoda:<\/p>\n<p>Spremnik za hranu ima kapacitet 15 L. Posuda je izra\u0111ena od nehr\u0111aju\u0107eg \u010delika otpornog na toplinu s dvostrukim stijenkama i ima dodatni sloj izolacije izme\u0111u dvije stijenke od nehr\u0111aju\u0107eg \u010delika. Dvostruka izolacija odr\u017eava temperaturu hrane i pi\u0107a tijekom transporta. \u010cak i nakon 24 sata, posu\u0111e s po\u010detnom temperaturom od 70 \u00b0C jo\u0161 uvijek je toplije od 30 \u00b0C!<\/p>\n<p>Termos posuda za poslu\u017eivanje hrane opremljena je uklonjivim poklopcem od nehr\u0111aju\u0107eg \u010delika koji poma\u017ee u odr\u017eavanju temperature sadr\u017eaja. Poklopac ima dva zatvara\u010da koji se lako koriste i osiguravaju \u010dvrsto prianjanje i \u010disto\u0107u tijekom transporta. Osim toga, posuda ima dvije ergonomske ru\u010dke koje tako\u0111er olak\u0161avaju transport. Gumeno dno osigurava sigurno stalak protiv klizanja.<\/p>\n<p>Zahvaljuju\u0107i prvoklasnoj izradi od bru\u0161enog nehr\u0111aju\u0107eg \u010delika, termalna posuda za hranu tako\u0111er blista s higijenskog stajali\u0161ta. Povr\u0161ina posude otporna je na ne\u010disto\u0107e kao \u0161to su hr\u0111a, mrlje od vode, korozija ili ostaci hrane. Sadr\u017eaj ostaje siguran za hranu po okusu i mirisu. Visokokvalitetna izrada omogu\u0107uje jednostavno odr\u017eavanje i \u010di\u0161\u0107enje termo posude za hranu.<\/p>\n<p>&nbsp;<\/p>\n<p>Tehni\u010dke pojedinosti:<br \/>\nBoja: srebro<\/p>\n<p>Kapacitet: 15l<\/p>\n<p>Dimenzije [mm]: \u00d8 300 x 330<\/p>\n<p>Dimenzije (Dx\u0160xV): 30 x 30 x 34 cm<\/p>\n<p>Debljina zidne izolacije [mm]: 30mm<\/p>\n<p>Te\u017eina: 6kg<\/p>\n","protected":false},"excerpt":{"rendered":"<p>Prostrana \u2013 za transport i \u010duvanje do 15 L hrane i &#8230; <\/p>\n","protected":false},"featured_media":36352,"template":"","meta":[],"product_cat":[4015],"product_tag":[4788,4789],"yoast_head":"<!-- This site is optimized with the Yoast SEO plugin v23.7 - https:\/\/yoast.com\/wordpress\/plugins\/seo\/ -->\n<title>Termo posuda za hranu gumeno postolje - Inti<\/title>\n<meta name=\"description\" content=\"Prostrana \u2013 za transport i \u010duvanje do 15 L hrane i pi\u0107a toplimaDugotrajan \u2013 zahvaljuju\u0107i izolaciji s dvostrukom stijenkom, temperatura ostaje iznad 30 \u00b0C nakon 24 sata, po\u010dev\u0161i od 70 \u00b0CNisko odr\u017eavanje \u2013 lako se \u010disti zahvaljuju\u0107i visokokvalitetnom nehr\u0111aju\u0107em \u010delikuPrenosivo \u2013 ergonomske ru\u010dke za lak\u0161i transportSigurno \u2013 neklizaju\u0107a gumena baza i poklopac sa zateznim bravicama.\" \/>\n<meta name=\"robots\" content=\"index, follow, max-snippet:-1, max-image-preview:large, max-video-preview:-1\" \/>\n<link rel=\"canonical\" href=\"https:\/\/inti.hr\/sr\/proizvod\/termo-posuda-za-hranu-gumeno-postolje\/\" \/>\n<meta property=\"og:locale\" content=\"sr_RS\" \/>\n<meta property=\"og:type\" content=\"article\" \/>\n<meta property=\"og:title\" content=\"Termo posuda za hranu gumeno postolje - Inti\" \/>\n<meta property=\"og:description\" content=\"Prostrana \u2013 za transport i \u010duvanje do 15 L hrane i pi\u0107a toplimaDugotrajan \u2013 zahvaljuju\u0107i izolaciji s dvostrukom stijenkom, temperatura ostaje iznad 30 \u00b0C nakon 24 sata, po\u010dev\u0161i od 70 \u00b0CNisko odr\u017eavanje \u2013 lako se \u010disti zahvaljuju\u0107i visokokvalitetnom nehr\u0111aju\u0107em \u010delikuPrenosivo \u2013 ergonomske ru\u010dke za lak\u0161i transportSigurno \u2013 neklizaju\u0107a gumena baza i poklopac sa zateznim bravicama.\" \/>\n<meta property=\"og:url\" content=\"https:\/\/inti.hr\/sr\/proizvod\/termo-posuda-za-hranu-gumeno-postolje\/\" \/>\n<meta property=\"og:site_name\" content=\"Inti\" \/>\n<meta property=\"og:image\" content=\"https:\/\/i0.wp.com\/inti.hr\/wp-content\/uploads\/2024\/01\/10012193_photo_1.webp?fit=1600%2C1600&ssl=1\" \/>\n\t<meta property=\"og:image:width\" content=\"1600\" \/>\n\t<meta property=\"og:image:height\" content=\"1600\" \/>\n\t<meta property=\"og:image:type\" content=\"image\/webp\" \/>\n<meta name=\"twitter:card\" content=\"summary_large_image\" \/>\n<meta name=\"twitter:label1\" content=\"\u041f\u0440\u043e\u0446\u0435\u045a\u0435\u043d\u043e \u0432\u0440\u0435\u043c\u0435 \u0447\u0438\u0442\u0430\u045a\u0430\" \/>\n\t<meta name=\"twitter:data1\" content=\"1 \u043c\u0438\u043d\u0443\u0442\" \/>\n<script type=\"application\/ld+json\" class=\"yoast-schema-graph\">{\"@context\":\"https:\/\/schema.org\",\"@graph\":[{\"@type\":\"WebPage\",\"@id\":\"https:\/\/inti.hr\/sr\/proizvod\/termo-posuda-za-hranu-gumeno-postolje\/\",\"url\":\"https:\/\/inti.hr\/sr\/proizvod\/termo-posuda-za-hranu-gumeno-postolje\/\",\"name\":\"Termo posuda za hranu gumeno postolje - Inti\",\"isPartOf\":{\"@id\":\"https:\/\/inti.hr\/sr\/#website\"},\"primaryImageOfPage\":{\"@id\":\"https:\/\/inti.hr\/sr\/proizvod\/termo-posuda-za-hranu-gumeno-postolje\/#primaryimage\"},\"image\":{\"@id\":\"https:\/\/inti.hr\/sr\/proizvod\/termo-posuda-za-hranu-gumeno-postolje\/#primaryimage\"},\"thumbnailUrl\":\"https:\/\/i0.wp.com\/inti.hr\/wp-content\/uploads\/2024\/01\/10012193_photo_1.webp?fit=1600%2C1600&ssl=1\",\"datePublished\":\"2024-01-25T07:56:28+00:00\",\"dateModified\":\"2024-01-25T07:56:28+00:00\",\"description\":\"Prostrana \u2013 za transport i \u010duvanje do 15 L hrane i pi\u0107a toplimaDugotrajan \u2013 zahvaljuju\u0107i izolaciji s dvostrukom stijenkom, temperatura ostaje iznad 30 \u00b0C nakon 24 sata, po\u010dev\u0161i od 70 \u00b0CNisko odr\u017eavanje \u2013 lako se \u010disti zahvaljuju\u0107i visokokvalitetnom nehr\u0111aju\u0107em \u010delikuPrenosivo \u2013 ergonomske ru\u010dke za lak\u0161i transportSigurno \u2013 neklizaju\u0107a gumena baza i poklopac sa zateznim bravicama.\",\"breadcrumb\":{\"@id\":\"https:\/\/inti.hr\/sr\/proizvod\/termo-posuda-za-hranu-gumeno-postolje\/#breadcrumb\"},\"inLanguage\":\"sr-RS\",\"potentialAction\":[{\"@type\":\"ReadAction\",\"target\":[\"https:\/\/inti.hr\/sr\/proizvod\/termo-posuda-za-hranu-gumeno-postolje\/\"]}]},{\"@type\":\"ImageObject\",\"inLanguage\":\"sr-RS\",\"@id\":\"https:\/\/inti.hr\/sr\/proizvod\/termo-posuda-za-hranu-gumeno-postolje\/#primaryimage\",\"url\":\"https:\/\/i0.wp.com\/inti.hr\/wp-content\/uploads\/2024\/01\/10012193_photo_1.webp?fit=1600%2C1600&ssl=1\",\"contentUrl\":\"https:\/\/i0.wp.com\/inti.hr\/wp-content\/uploads\/2024\/01\/10012193_photo_1.webp?fit=1600%2C1600&ssl=1\",\"width\":1600,\"height\":1600},{\"@type\":\"BreadcrumbList\",\"@id\":\"https:\/\/inti.hr\/sr\/proizvod\/termo-posuda-za-hranu-gumeno-postolje\/#breadcrumb\",\"itemListElement\":[{\"@type\":\"ListItem\",\"position\":1,\"name\":\"Po\u010detna stranica\",\"item\":\"https:\/\/inti.hr\/sr\/\"},{\"@type\":\"ListItem\",\"position\":2,\"name\":\"Prodavnica\",\"item\":\"https:\/\/inti.hr\/sr\/prodavnica\/\"},{\"@type\":\"ListItem\",\"position\":3,\"name\":\"Termo posuda za hranu gumeno postolje\"}]},{\"@type\":\"WebSite\",\"@id\":\"https:\/\/inti.hr\/sr\/#website\",\"url\":\"https:\/\/inti.hr\/sr\/\",\"name\":\"Inti\",\"description\":\"trgovina\",\"potentialAction\":[{\"@type\":\"SearchAction\",\"target\":{\"@type\":\"EntryPoint\",\"urlTemplate\":\"https:\/\/inti.hr\/sr\/?s={search_term_string}\"},\"query-input\":{\"@type\":\"PropertyValueSpecification\",\"valueRequired\":true,\"valueName\":\"search_term_string\"}}],\"inLanguage\":\"sr-RS\"}]}<\/script>\n<!-- \/ Yoast SEO plugin. -->","yoast_head_json":{"title":"Termo posuda za hranu gumeno postolje - Inti","description":"Prostrana \u2013 za transport i \u010duvanje do 15 L hrane i pi\u0107a toplimaDugotrajan \u2013 zahvaljuju\u0107i izolaciji s dvostrukom stijenkom, temperatura ostaje iznad 30 \u00b0C nakon 24 sata, po\u010dev\u0161i od 70 \u00b0CNisko odr\u017eavanje \u2013 lako se \u010disti zahvaljuju\u0107i visokokvalitetnom nehr\u0111aju\u0107em \u010delikuPrenosivo \u2013 ergonomske ru\u010dke za lak\u0161i transportSigurno \u2013 neklizaju\u0107a gumena baza i poklopac sa zateznim bravicama.","robots":{"index":"index","follow":"follow","max-snippet":"max-snippet:-1","max-image-preview":"max-image-preview:large","max-video-preview":"max-video-preview:-1"},"canonical":"https:\/\/inti.hr\/sr\/proizvod\/termo-posuda-za-hranu-gumeno-postolje\/","og_locale":"sr_RS","og_type":"article","og_title":"Termo posuda za hranu gumeno postolje - Inti","og_description":"Prostrana \u2013 za transport i \u010duvanje do 15 L hrane i pi\u0107a toplimaDugotrajan \u2013 zahvaljuju\u0107i izolaciji s dvostrukom stijenkom, temperatura ostaje iznad 30 \u00b0C nakon 24 sata, po\u010dev\u0161i od 70 \u00b0CNisko odr\u017eavanje \u2013 lako se \u010disti zahvaljuju\u0107i visokokvalitetnom nehr\u0111aju\u0107em \u010delikuPrenosivo \u2013 ergonomske ru\u010dke za lak\u0161i transportSigurno \u2013 neklizaju\u0107a gumena baza i poklopac sa zateznim bravicama.","og_url":"https:\/\/inti.hr\/sr\/proizvod\/termo-posuda-za-hranu-gumeno-postolje\/","og_site_name":"Inti","og_image":[{"width":1600,"height":1600,"url":"https:\/\/i0.wp.com\/inti.hr\/wp-content\/uploads\/2024\/01\/10012193_photo_1.webp?fit=1600%2C1600&ssl=1","type":"image\/webp"}],"twitter_card":"summary_large_image","twitter_misc":{"\u041f\u0440\u043e\u0446\u0435\u045a\u0435\u043d\u043e \u0432\u0440\u0435\u043c\u0435 \u0447\u0438\u0442\u0430\u045a\u0430":"1 \u043c\u0438\u043d\u0443\u0442"},"schema":{"@context":"https:\/\/schema.org","@graph":[{"@type":"WebPage","@id":"https:\/\/inti.hr\/sr\/proizvod\/termo-posuda-za-hranu-gumeno-postolje\/","url":"https:\/\/inti.hr\/sr\/proizvod\/termo-posuda-za-hranu-gumeno-postolje\/","name":"Termo posuda za hranu gumeno postolje - Inti","isPartOf":{"@id":"https:\/\/inti.hr\/sr\/#website"},"primaryImageOfPage":{"@id":"https:\/\/inti.hr\/sr\/proizvod\/termo-posuda-za-hranu-gumeno-postolje\/#primaryimage"},"image":{"@id":"https:\/\/inti.hr\/sr\/proizvod\/termo-posuda-za-hranu-gumeno-postolje\/#primaryimage"},"thumbnailUrl":"https:\/\/i0.wp.com\/inti.hr\/wp-content\/uploads\/2024\/01\/10012193_photo_1.webp?fit=1600%2C1600&ssl=1","datePublished":"2024-01-25T07:56:28+00:00","dateModified":"2024-01-25T07:56:28+00:00","description":"Prostrana \u2013 za transport i \u010duvanje do 15 L hrane i pi\u0107a toplimaDugotrajan \u2013 zahvaljuju\u0107i izolaciji s dvostrukom stijenkom, temperatura ostaje iznad 30 \u00b0C nakon 24 sata, po\u010dev\u0161i od 70 \u00b0CNisko odr\u017eavanje \u2013 lako se \u010disti zahvaljuju\u0107i visokokvalitetnom nehr\u0111aju\u0107em \u010delikuPrenosivo \u2013 ergonomske ru\u010dke za lak\u0161i transportSigurno \u2013 neklizaju\u0107a gumena baza i poklopac sa zateznim bravicama.","breadcrumb":{"@id":"https:\/\/inti.hr\/sr\/proizvod\/termo-posuda-za-hranu-gumeno-postolje\/#breadcrumb"},"inLanguage":"sr-RS","potentialAction":[{"@type":"ReadAction","target":["https:\/\/inti.hr\/sr\/proizvod\/termo-posuda-za-hranu-gumeno-postolje\/"]}]},{"@type":"ImageObject","inLanguage":"sr-RS","@id":"https:\/\/inti.hr\/sr\/proizvod\/termo-posuda-za-hranu-gumeno-postolje\/#primaryimage","url":"https:\/\/i0.wp.com\/inti.hr\/wp-content\/uploads\/2024\/01\/10012193_photo_1.webp?fit=1600%2C1600&ssl=1","contentUrl":"https:\/\/i0.wp.com\/inti.hr\/wp-content\/uploads\/2024\/01\/10012193_photo_1.webp?fit=1600%2C1600&ssl=1","width":1600,"height":1600},{"@type":"BreadcrumbList","@id":"https:\/\/inti.hr\/sr\/proizvod\/termo-posuda-za-hranu-gumeno-postolje\/#breadcrumb","itemListElement":[{"@type":"ListItem","position":1,"name":"Po\u010detna stranica","item":"https:\/\/inti.hr\/sr\/"},{"@type":"ListItem","position":2,"name":"Prodavnica","item":"https:\/\/inti.hr\/sr\/prodavnica\/"},{"@type":"ListItem","position":3,"name":"Termo posuda za hranu gumeno postolje"}]},{"@type":"WebSite","@id":"https:\/\/inti.hr\/sr\/#website","url":"https:\/\/inti.hr\/sr\/","name":"Inti","description":"trgovina","potentialAction":[{"@type":"SearchAction","target":{"@type":"EntryPoint","urlTemplate":"https:\/\/inti.hr\/sr\/?s={search_term_string}"},"query-input":{"@type":"PropertyValueSpecification","valueRequired":true,"valueName":"search_term_string"}}],"inLanguage":"sr-RS"}]}},"jetpack_sharing_enabled":true,"jetpack-related-posts":[],"_links":{"self":[{"href":"https:\/\/inti.hr\/sr\/wp-json\/wp\/v2\/product\/36351"}],"collection":[{"href":"https:\/\/inti.hr\/sr\/wp-json\/wp\/v2\/product"}],"about":[{"href":"https:\/\/inti.hr\/sr\/wp-json\/wp\/v2\/types\/product"}],"wp:featuredmedia":[{"embeddable":true,"href":"https:\/\/inti.hr\/sr\/wp-json\/wp\/v2\/media\/36352"}],"wp:attachment":[{"href":"https:\/\/inti.hr\/sr\/wp-json\/wp\/v2\/media?parent=36351"}],"wp:term":[{"taxonomy":"product_cat","embeddable":true,"href":"https:\/\/inti.hr\/sr\/wp-json\/wp\/v2\/product_cat?post=36351"},{"taxonomy":"product_tag","embeddable":true,"href":"https:\/\/inti.hr\/sr\/wp-json\/wp\/v2\/product_tag?post=36351"}],"curies":[{"name":"wp","href":"https:\/\/api.w.org\/{rel}","templated":true}]}}