{"id":36355,"date":"2024-01-25T07:48:14","date_gmt":"2024-01-25T07:48:14","guid":{"rendered":"https:\/\/inti.hr\/product\/termos-posuda-od-nehrdajuceg-celika-12-l\/"},"modified":"2024-01-25T07:48:14","modified_gmt":"2024-01-25T07:48:14","slug":"termos-posuda-od-nehrdajuceg-celika-12-l","status":"publish","type":"product","link":"https:\/\/inti.hr\/sr\/proizvod\/termos-posuda-od-nehrdajuceg-celika-12-l\/","title":{"rendered":"Termos posuda od nehr\u0111aju\u0107eg \u010delika &#8211; 12 l"},"content":{"rendered":"<p>Detalji proizvoda:<\/p>\n<div class=\"child-component\">\n<section class=\"product-description lg:w-3\/4\" data-v-29c780c7=\"\">\n<div class=\"product-description__wrapper\" data-v-29c780c7=\"\">\n<p class=\"product-description__text\" data-v-29c780c7=\"\">Termos posuda od nehr\u0111aju\u0107eg \u010delika dizajnirana je kako bi transport tople i hladne hrane i pi\u0107a bio jednostavan i siguran. Royal Catering &#8211; va\u0161 online trgovac ugostiteljskom opremom &#8211; posebno je dizajnirao termos spremnik od nehr\u0111aju\u0107eg \u010delika za vrhunske restorane i hotele, kao i za komercijalne kuhinje, kantine i catering usluge dostave. Ako u svojoj kuhinjskoj opremi cijenite funkcionalnost, izdr\u017eljivost i dopadljiv dizajn, onda je ova izotermna posuda od 12 litara s dvostrukim stijenkama i prakti\u010dnom slavinom za pra\u017enjenje nezamjenjiv pomo\u0107nik u odr\u017eavanju hrane toplom.<\/p>\n<\/div>\n<div class=\"product-description__wrapper\" data-v-29c780c7=\"\">\n<p class=\"product-description__text\" data-v-29c780c7=\"\">Termos posuda s odvodnom slavinom ima kapacitet od 12 litara. Posuda i poklopac izra\u0111eni su od nehr\u0111aju\u0107eg \u010delika s dvostrukom stijenkom otpornog na toplinu i imaju dodatni izolacijski sloj izme\u0111u dviju stijenki od nehr\u0111aju\u0107eg \u010delika. Dvostruka izolacija odr\u017eava temperaturu hrane ili pi\u0107a do 12 sati.<\/p>\n<p class=\"product-description__text\" data-v-29c780c7=\"\">Termos posuda za poslu\u017eivanje hrane ima uklonjivi poklopac od nehr\u0111aju\u0107eg \u010delika koji poma\u017ee u odr\u017eavanju temperature sadr\u017eaja. Poklopac ima dva zatvara\u010da koji se lako koriste i osiguravaju \u010dvrsto prianjanje i \u010disto\u0107u tijekom transporta. Osim toga, posuda ima dvije ergonomske ru\u010dke koje tako\u0111er olak\u0161avaju transport.<\/p>\n<p class=\"product-description__text\" data-v-29c780c7=\"\">Komercijalni grija\u010d hrane opremljen je odvodnom slavinom za lak\u0161e poslu\u017eivanje, \u0161to vam omogu\u0107uje precizno izlijevanje pi\u0107a i hrane, bez kapanja ili prskanja. Bilo u bolnicama, \u0161kolama i vrti\u0107ima ili \u010dak na vjen\u010danjima, odvodna slavina olak\u0161ava vam brzo i pouzdano poslu\u017eivanje gostiju kuhanim vinom, \u010dajem, kavom ili juhom.<\/p>\n<p class=\"product-description__text\" data-v-29c780c7=\"\">Zahvaljuju\u0107i prvoklasnoj izradi od bru\u0161enog nehr\u0111aju\u0107eg \u010delika, termos posuda blista i s higijenskog gledi\u0161ta. Povr\u0161ina posude otporna je na ne\u010disto\u0107e kao \u0161to su hr\u0111a, mrlje od vode, korozija ili ostaci hrane. Sadr\u017eaj ostaje siguran za hranu po okusu i mirisu. Visokokvalitetna izrada omogu\u0107uje jednostavno odr\u017eavanje i \u010di\u0161\u0107enje.<\/p>\n<\/div>\n<p data-v-29c780c7=\"\">Tehni\u010dke pojedinosti:<br \/>\nBoja: srebro<\/p>\n<p data-v-29c780c7=\"\">Kapacitet [l]: 12l<\/p>\n<p data-v-29c780c7=\"\">Odr\u017eavanje temperature: do 12 sati<\/p>\n<p data-v-29c780c7=\"\">Dimenzije (Dx\u0160xV): 35.5 x 31 x 35 cm<\/p>\n<p data-v-29c780c7=\"\">Odvodna slavina: da<\/p>\n<p data-v-29c780c7=\"\">Te\u017eina: 3,5kg<\/p>\n<\/section>\n<\/div>\n","protected":false},"excerpt":{"rendered":"<p>Za transport i \u010duvanje toplih do 12 L hrane i pi\u0107a<br \/>\nHermeti\u010dko &#8230; <\/p>\n","protected":false},"featured_media":36356,"template":"","meta":[],"product_cat":[4015],"product_tag":[2823,3361],"yoast_head":"<!-- This site is optimized with the Yoast SEO plugin v23.7 - https:\/\/yoast.com\/wordpress\/plugins\/seo\/ -->\n<title>Termos posuda od nehr\u0111aju\u0107eg \u010delika - 12 l - Inti<\/title>\n<meta name=\"description\" content=\"Za transport i \u010duvanje toplih do 12 L hrane i pi\u0107aHermeti\u010dko brtvljenje - izolacija s dvostrukom stijenkom odr\u017eava temperaturuOdvodna slavina za precizno izlijevanje bez kapanjaVisokokvalitetni nehr\u0111aju\u0107i \u010delik za jednostavno rukovanje i \u010di\u0161\u0107enjeErgonomske ru\u010dke za lak transport\" \/>\n<meta name=\"robots\" content=\"index, follow, max-snippet:-1, max-image-preview:large, max-video-preview:-1\" \/>\n<link rel=\"canonical\" href=\"https:\/\/inti.hr\/sr\/proizvod\/termos-posuda-od-nehrdajuceg-celika-12-l\/\" \/>\n<meta property=\"og:locale\" content=\"sr_RS\" \/>\n<meta property=\"og:type\" content=\"article\" \/>\n<meta property=\"og:title\" content=\"Termos posuda od nehr\u0111aju\u0107eg \u010delika - 12 l - Inti\" \/>\n<meta property=\"og:description\" content=\"Za transport i \u010duvanje toplih do 12 L hrane i pi\u0107aHermeti\u010dko brtvljenje - izolacija s dvostrukom stijenkom odr\u017eava temperaturuOdvodna slavina za precizno izlijevanje bez kapanjaVisokokvalitetni nehr\u0111aju\u0107i \u010delik za jednostavno rukovanje i \u010di\u0161\u0107enjeErgonomske ru\u010dke za lak transport\" \/>\n<meta property=\"og:url\" content=\"https:\/\/inti.hr\/sr\/proizvod\/termos-posuda-od-nehrdajuceg-celika-12-l\/\" \/>\n<meta property=\"og:site_name\" content=\"Inti\" \/>\n<meta property=\"og:image\" content=\"https:\/\/i0.wp.com\/inti.hr\/wp-content\/uploads\/2024\/01\/10011208_photo_1.webp?fit=1600%2C1600&ssl=1\" \/>\n\t<meta property=\"og:image:width\" content=\"1600\" \/>\n\t<meta property=\"og:image:height\" content=\"1600\" \/>\n\t<meta property=\"og:image:type\" content=\"image\/webp\" \/>\n<meta name=\"twitter:card\" content=\"summary_large_image\" \/>\n<meta name=\"twitter:label1\" content=\"\u041f\u0440\u043e\u0446\u0435\u045a\u0435\u043d\u043e \u0432\u0440\u0435\u043c\u0435 \u0447\u0438\u0442\u0430\u045a\u0430\" \/>\n\t<meta name=\"twitter:data1\" content=\"2 \u043c\u0438\u043d\u0443\u0442\u0430\" \/>\n<script type=\"application\/ld+json\" class=\"yoast-schema-graph\">{\"@context\":\"https:\/\/schema.org\",\"@graph\":[{\"@type\":\"WebPage\",\"@id\":\"https:\/\/inti.hr\/sr\/proizvod\/termos-posuda-od-nehrdajuceg-celika-12-l\/\",\"url\":\"https:\/\/inti.hr\/sr\/proizvod\/termos-posuda-od-nehrdajuceg-celika-12-l\/\",\"name\":\"Termos posuda od nehr\u0111aju\u0107eg \u010delika - 12 l - Inti\",\"isPartOf\":{\"@id\":\"https:\/\/inti.hr\/sr\/#website\"},\"primaryImageOfPage\":{\"@id\":\"https:\/\/inti.hr\/sr\/proizvod\/termos-posuda-od-nehrdajuceg-celika-12-l\/#primaryimage\"},\"image\":{\"@id\":\"https:\/\/inti.hr\/sr\/proizvod\/termos-posuda-od-nehrdajuceg-celika-12-l\/#primaryimage\"},\"thumbnailUrl\":\"https:\/\/i0.wp.com\/inti.hr\/wp-content\/uploads\/2024\/01\/10011208_photo_1.webp?fit=1600%2C1600&ssl=1\",\"datePublished\":\"2024-01-25T07:48:14+00:00\",\"dateModified\":\"2024-01-25T07:48:14+00:00\",\"description\":\"Za transport i \u010duvanje toplih do 12 L hrane i pi\u0107aHermeti\u010dko brtvljenje - izolacija s dvostrukom stijenkom odr\u017eava temperaturuOdvodna slavina za precizno izlijevanje bez kapanjaVisokokvalitetni nehr\u0111aju\u0107i \u010delik za jednostavno rukovanje i \u010di\u0161\u0107enjeErgonomske ru\u010dke za lak transport\",\"breadcrumb\":{\"@id\":\"https:\/\/inti.hr\/sr\/proizvod\/termos-posuda-od-nehrdajuceg-celika-12-l\/#breadcrumb\"},\"inLanguage\":\"sr-RS\",\"potentialAction\":[{\"@type\":\"ReadAction\",\"target\":[\"https:\/\/inti.hr\/sr\/proizvod\/termos-posuda-od-nehrdajuceg-celika-12-l\/\"]}]},{\"@type\":\"ImageObject\",\"inLanguage\":\"sr-RS\",\"@id\":\"https:\/\/inti.hr\/sr\/proizvod\/termos-posuda-od-nehrdajuceg-celika-12-l\/#primaryimage\",\"url\":\"https:\/\/i0.wp.com\/inti.hr\/wp-content\/uploads\/2024\/01\/10011208_photo_1.webp?fit=1600%2C1600&ssl=1\",\"contentUrl\":\"https:\/\/i0.wp.com\/inti.hr\/wp-content\/uploads\/2024\/01\/10011208_photo_1.webp?fit=1600%2C1600&ssl=1\",\"width\":1600,\"height\":1600},{\"@type\":\"BreadcrumbList\",\"@id\":\"https:\/\/inti.hr\/sr\/proizvod\/termos-posuda-od-nehrdajuceg-celika-12-l\/#breadcrumb\",\"itemListElement\":[{\"@type\":\"ListItem\",\"position\":1,\"name\":\"Po\u010detna stranica\",\"item\":\"https:\/\/inti.hr\/sr\/\"},{\"@type\":\"ListItem\",\"position\":2,\"name\":\"Prodavnica\",\"item\":\"https:\/\/inti.hr\/sr\/prodavnica\/\"},{\"@type\":\"ListItem\",\"position\":3,\"name\":\"Termos posuda od nehr\u0111aju\u0107eg \u010delika &#8211; 12 l\"}]},{\"@type\":\"WebSite\",\"@id\":\"https:\/\/inti.hr\/sr\/#website\",\"url\":\"https:\/\/inti.hr\/sr\/\",\"name\":\"Inti\",\"description\":\"trgovina\",\"potentialAction\":[{\"@type\":\"SearchAction\",\"target\":{\"@type\":\"EntryPoint\",\"urlTemplate\":\"https:\/\/inti.hr\/sr\/?s={search_term_string}\"},\"query-input\":{\"@type\":\"PropertyValueSpecification\",\"valueRequired\":true,\"valueName\":\"search_term_string\"}}],\"inLanguage\":\"sr-RS\"}]}<\/script>\n<!-- \/ Yoast SEO plugin. -->","yoast_head_json":{"title":"Termos posuda od nehr\u0111aju\u0107eg \u010delika - 12 l - Inti","description":"Za transport i \u010duvanje toplih do 12 L hrane i pi\u0107aHermeti\u010dko brtvljenje - izolacija s dvostrukom stijenkom odr\u017eava temperaturuOdvodna slavina za precizno izlijevanje bez kapanjaVisokokvalitetni nehr\u0111aju\u0107i \u010delik za jednostavno rukovanje i \u010di\u0161\u0107enjeErgonomske ru\u010dke za lak transport","robots":{"index":"index","follow":"follow","max-snippet":"max-snippet:-1","max-image-preview":"max-image-preview:large","max-video-preview":"max-video-preview:-1"},"canonical":"https:\/\/inti.hr\/sr\/proizvod\/termos-posuda-od-nehrdajuceg-celika-12-l\/","og_locale":"sr_RS","og_type":"article","og_title":"Termos posuda od nehr\u0111aju\u0107eg \u010delika - 12 l - Inti","og_description":"Za transport i \u010duvanje toplih do 12 L hrane i pi\u0107aHermeti\u010dko brtvljenje - izolacija s dvostrukom stijenkom odr\u017eava temperaturuOdvodna slavina za precizno izlijevanje bez kapanjaVisokokvalitetni nehr\u0111aju\u0107i \u010delik za jednostavno rukovanje i \u010di\u0161\u0107enjeErgonomske ru\u010dke za lak transport","og_url":"https:\/\/inti.hr\/sr\/proizvod\/termos-posuda-od-nehrdajuceg-celika-12-l\/","og_site_name":"Inti","og_image":[{"width":1600,"height":1600,"url":"https:\/\/i0.wp.com\/inti.hr\/wp-content\/uploads\/2024\/01\/10011208_photo_1.webp?fit=1600%2C1600&ssl=1","type":"image\/webp"}],"twitter_card":"summary_large_image","twitter_misc":{"\u041f\u0440\u043e\u0446\u0435\u045a\u0435\u043d\u043e \u0432\u0440\u0435\u043c\u0435 \u0447\u0438\u0442\u0430\u045a\u0430":"2 \u043c\u0438\u043d\u0443\u0442\u0430"},"schema":{"@context":"https:\/\/schema.org","@graph":[{"@type":"WebPage","@id":"https:\/\/inti.hr\/sr\/proizvod\/termos-posuda-od-nehrdajuceg-celika-12-l\/","url":"https:\/\/inti.hr\/sr\/proizvod\/termos-posuda-od-nehrdajuceg-celika-12-l\/","name":"Termos posuda od nehr\u0111aju\u0107eg \u010delika - 12 l - Inti","isPartOf":{"@id":"https:\/\/inti.hr\/sr\/#website"},"primaryImageOfPage":{"@id":"https:\/\/inti.hr\/sr\/proizvod\/termos-posuda-od-nehrdajuceg-celika-12-l\/#primaryimage"},"image":{"@id":"https:\/\/inti.hr\/sr\/proizvod\/termos-posuda-od-nehrdajuceg-celika-12-l\/#primaryimage"},"thumbnailUrl":"https:\/\/i0.wp.com\/inti.hr\/wp-content\/uploads\/2024\/01\/10011208_photo_1.webp?fit=1600%2C1600&ssl=1","datePublished":"2024-01-25T07:48:14+00:00","dateModified":"2024-01-25T07:48:14+00:00","description":"Za transport i \u010duvanje toplih do 12 L hrane i pi\u0107aHermeti\u010dko brtvljenje - izolacija s dvostrukom stijenkom odr\u017eava temperaturuOdvodna slavina za precizno izlijevanje bez kapanjaVisokokvalitetni nehr\u0111aju\u0107i \u010delik za jednostavno rukovanje i \u010di\u0161\u0107enjeErgonomske ru\u010dke za lak transport","breadcrumb":{"@id":"https:\/\/inti.hr\/sr\/proizvod\/termos-posuda-od-nehrdajuceg-celika-12-l\/#breadcrumb"},"inLanguage":"sr-RS","potentialAction":[{"@type":"ReadAction","target":["https:\/\/inti.hr\/sr\/proizvod\/termos-posuda-od-nehrdajuceg-celika-12-l\/"]}]},{"@type":"ImageObject","inLanguage":"sr-RS","@id":"https:\/\/inti.hr\/sr\/proizvod\/termos-posuda-od-nehrdajuceg-celika-12-l\/#primaryimage","url":"https:\/\/i0.wp.com\/inti.hr\/wp-content\/uploads\/2024\/01\/10011208_photo_1.webp?fit=1600%2C1600&ssl=1","contentUrl":"https:\/\/i0.wp.com\/inti.hr\/wp-content\/uploads\/2024\/01\/10011208_photo_1.webp?fit=1600%2C1600&ssl=1","width":1600,"height":1600},{"@type":"BreadcrumbList","@id":"https:\/\/inti.hr\/sr\/proizvod\/termos-posuda-od-nehrdajuceg-celika-12-l\/#breadcrumb","itemListElement":[{"@type":"ListItem","position":1,"name":"Po\u010detna stranica","item":"https:\/\/inti.hr\/sr\/"},{"@type":"ListItem","position":2,"name":"Prodavnica","item":"https:\/\/inti.hr\/sr\/prodavnica\/"},{"@type":"ListItem","position":3,"name":"Termos posuda od nehr\u0111aju\u0107eg \u010delika &#8211; 12 l"}]},{"@type":"WebSite","@id":"https:\/\/inti.hr\/sr\/#website","url":"https:\/\/inti.hr\/sr\/","name":"Inti","description":"trgovina","potentialAction":[{"@type":"SearchAction","target":{"@type":"EntryPoint","urlTemplate":"https:\/\/inti.hr\/sr\/?s={search_term_string}"},"query-input":{"@type":"PropertyValueSpecification","valueRequired":true,"valueName":"search_term_string"}}],"inLanguage":"sr-RS"}]}},"jetpack_sharing_enabled":true,"jetpack-related-posts":[],"_links":{"self":[{"href":"https:\/\/inti.hr\/sr\/wp-json\/wp\/v2\/product\/36355"}],"collection":[{"href":"https:\/\/inti.hr\/sr\/wp-json\/wp\/v2\/product"}],"about":[{"href":"https:\/\/inti.hr\/sr\/wp-json\/wp\/v2\/types\/product"}],"wp:featuredmedia":[{"embeddable":true,"href":"https:\/\/inti.hr\/sr\/wp-json\/wp\/v2\/media\/36356"}],"wp:attachment":[{"href":"https:\/\/inti.hr\/sr\/wp-json\/wp\/v2\/media?parent=36355"}],"wp:term":[{"taxonomy":"product_cat","embeddable":true,"href":"https:\/\/inti.hr\/sr\/wp-json\/wp\/v2\/product_cat?post=36355"},{"taxonomy":"product_tag","embeddable":true,"href":"https:\/\/inti.hr\/sr\/wp-json\/wp\/v2\/product_tag?post=36355"}],"curies":[{"name":"wp","href":"https:\/\/api.w.org\/{rel}","templated":true}]}}