{"id":36383,"date":"2023-09-26T06:34:12","date_gmt":"2023-09-26T06:34:12","guid":{"rendered":"https:\/\/inti.hr\/product\/komoda-s-5-ladica-od-tkanine-i-metalnim-okvirom\/"},"modified":"2023-09-26T06:34:12","modified_gmt":"2023-09-26T06:34:12","slug":"komoda-s-5-ladica-od-tkanine-i-metalnim-okvirom","status":"publish","type":"product","link":"https:\/\/inti.hr\/sr\/proizvod\/komoda-s-5-ladica-od-tkanine-i-metalnim-okvirom\/","title":{"rendered":"Komoda s 5 ladica od tkanine i metalnim okvirom"},"content":{"rendered":"<p>Detalji proizvoda:<\/p>\n<p>Tehni\u010dki podaci:<br \/>\nBoja: svijetlo sivo-bijela<br \/>\nMaterijal: iverica, \u010delik, netkani materijal<br \/>\nUkupna veli\u010dina: 30 x 56 x 93 cm (D x \u0160 x V)<br \/>\nTe\u017eina: 9,9 kg<br \/>\nMaksimalna stati\u010dka nosivost podloge: 15 kg<br \/>\nMaksimalna stati\u010dka nosivost svake ladice: 3 kg<br \/>\nMaksimalna ukupna stati\u010dka nosivost: 30 kg<\/p>\n","protected":false},"excerpt":{"rendered":"<p>Nema vi\u0161e mjesta u ormaru? Onda je sada vrijeme za na\u0161 &#8230; <\/p>\n","protected":false},"featured_media":36384,"template":"","meta":[],"product_cat":[2421,2416],"product_tag":[4809],"yoast_head":"<!-- This site is optimized with the Yoast SEO plugin v23.7 - https:\/\/yoast.com\/wordpress\/plugins\/seo\/ -->\n<title>Komoda s 5 ladica od tkanine i metalnim okvirom - Inti<\/title>\n<meta name=\"description\" content=\"Nema vi\u0161e mjesta u ormaru? Onda je sada vrijeme za na\u0161 ormar! 5 ladica osigurava dovoljno prostora za va\u0161u slo\u017eenu odje\u0107u. Na ovaj na\u010din mo\u017eete stvoriti vi\u0161e mjesta u svom ormaru za svoju novu odje\u0107u! Zahvaljuju\u0107i kombinaciji metalnog okvira, ladica od tkanine i drvene iverice, na\u0161 ormari\u0107 za pohranu nikada vas ne\u0107e iznevjeriti. Iskori\u0161tava sve prednosti 3 materijala kako bi bio jak, izdr\u017eljiv, a opet lagan. Komoda s 5 ladica od tkanine, 4 podesive noge za dodatnu stabilnost i detaljne upute za jednostavno sastavljanje. Bijela povr\u0161ina, svijetlo sive ladice i ru\u010dke od punog drva - svi ti elementi zajedno daju va\u0161em domu atraktivan \u0161arm. Funkcionalni komad namje\u0161taja pristaje u hodnik, dnevni boravak, spava\u0107u ili dje\u010dju sobu za uredno pohranjivanje odje\u0107e.\u00a0Jednostavna struktura i kombinacija boja lako se uklapaju u va\u0161 interijer.\" \/>\n<meta name=\"robots\" content=\"index, follow, max-snippet:-1, max-image-preview:large, max-video-preview:-1\" \/>\n<link rel=\"canonical\" href=\"https:\/\/inti.hr\/sr\/proizvod\/komoda-s-5-ladica-od-tkanine-i-metalnim-okvirom\/\" \/>\n<meta property=\"og:locale\" content=\"sr_RS\" \/>\n<meta property=\"og:type\" content=\"article\" \/>\n<meta property=\"og:title\" content=\"Komoda s 5 ladica od tkanine i metalnim okvirom - Inti\" \/>\n<meta property=\"og:description\" content=\"Nema vi\u0161e mjesta u ormaru? Onda je sada vrijeme za na\u0161 ormar! 5 ladica osigurava dovoljno prostora za va\u0161u slo\u017eenu odje\u0107u. Na ovaj na\u010din mo\u017eete stvoriti vi\u0161e mjesta u svom ormaru za svoju novu odje\u0107u! Zahvaljuju\u0107i kombinaciji metalnog okvira, ladica od tkanine i drvene iverice, na\u0161 ormari\u0107 za pohranu nikada vas ne\u0107e iznevjeriti. Iskori\u0161tava sve prednosti 3 materijala kako bi bio jak, izdr\u017eljiv, a opet lagan. Komoda s 5 ladica od tkanine, 4 podesive noge za dodatnu stabilnost i detaljne upute za jednostavno sastavljanje. Bijela povr\u0161ina, svijetlo sive ladice i ru\u010dke od punog drva - svi ti elementi zajedno daju va\u0161em domu atraktivan \u0161arm. Funkcionalni komad namje\u0161taja pristaje u hodnik, dnevni boravak, spava\u0107u ili dje\u010dju sobu za uredno pohranjivanje odje\u0107e.\u00a0Jednostavna struktura i kombinacija boja lako se uklapaju u va\u0161 interijer.\" \/>\n<meta property=\"og:url\" content=\"https:\/\/inti.hr\/sr\/proizvod\/komoda-s-5-ladica-od-tkanine-i-metalnim-okvirom\/\" \/>\n<meta property=\"og:site_name\" content=\"Inti\" \/>\n<meta property=\"og:image\" content=\"https:\/\/i0.wp.com\/inti.hr\/wp-content\/uploads\/2023\/09\/LTS514L10-1-4.jpg?fit=1000%2C1000&ssl=1\" \/>\n\t<meta property=\"og:image:width\" content=\"1000\" \/>\n\t<meta property=\"og:image:height\" content=\"1000\" \/>\n\t<meta property=\"og:image:type\" content=\"image\/jpeg\" \/>\n<meta name=\"twitter:card\" content=\"summary_large_image\" \/>\n<script type=\"application\/ld+json\" class=\"yoast-schema-graph\">{\"@context\":\"https:\/\/schema.org\",\"@graph\":[{\"@type\":\"WebPage\",\"@id\":\"https:\/\/inti.hr\/sr\/proizvod\/komoda-s-5-ladica-od-tkanine-i-metalnim-okvirom\/\",\"url\":\"https:\/\/inti.hr\/sr\/proizvod\/komoda-s-5-ladica-od-tkanine-i-metalnim-okvirom\/\",\"name\":\"Komoda s 5 ladica od tkanine i metalnim okvirom - Inti\",\"isPartOf\":{\"@id\":\"https:\/\/inti.hr\/sr\/#website\"},\"primaryImageOfPage\":{\"@id\":\"https:\/\/inti.hr\/sr\/proizvod\/komoda-s-5-ladica-od-tkanine-i-metalnim-okvirom\/#primaryimage\"},\"image\":{\"@id\":\"https:\/\/inti.hr\/sr\/proizvod\/komoda-s-5-ladica-od-tkanine-i-metalnim-okvirom\/#primaryimage\"},\"thumbnailUrl\":\"https:\/\/i0.wp.com\/inti.hr\/wp-content\/uploads\/2023\/09\/LTS514L10-1-4.jpg?fit=1000%2C1000&ssl=1\",\"datePublished\":\"2023-09-26T06:34:12+00:00\",\"dateModified\":\"2023-09-26T06:34:12+00:00\",\"description\":\"Nema vi\u0161e mjesta u ormaru? Onda je sada vrijeme za na\u0161 ormar! 5 ladica osigurava dovoljno prostora za va\u0161u slo\u017eenu odje\u0107u. Na ovaj na\u010din mo\u017eete stvoriti vi\u0161e mjesta u svom ormaru za svoju novu odje\u0107u! Zahvaljuju\u0107i kombinaciji metalnog okvira, ladica od tkanine i drvene iverice, na\u0161 ormari\u0107 za pohranu nikada vas ne\u0107e iznevjeriti. Iskori\u0161tava sve prednosti 3 materijala kako bi bio jak, izdr\u017eljiv, a opet lagan. Komoda s 5 ladica od tkanine, 4 podesive noge za dodatnu stabilnost i detaljne upute za jednostavno sastavljanje. Bijela povr\u0161ina, svijetlo sive ladice i ru\u010dke od punog drva - svi ti elementi zajedno daju va\u0161em domu atraktivan \u0161arm. Funkcionalni komad namje\u0161taja pristaje u hodnik, dnevni boravak, spava\u0107u ili dje\u010dju sobu za uredno pohranjivanje odje\u0107e.\u00a0Jednostavna struktura i kombinacija boja lako se uklapaju u va\u0161 interijer.\",\"breadcrumb\":{\"@id\":\"https:\/\/inti.hr\/sr\/proizvod\/komoda-s-5-ladica-od-tkanine-i-metalnim-okvirom\/#breadcrumb\"},\"inLanguage\":\"sr-RS\",\"potentialAction\":[{\"@type\":\"ReadAction\",\"target\":[\"https:\/\/inti.hr\/sr\/proizvod\/komoda-s-5-ladica-od-tkanine-i-metalnim-okvirom\/\"]}]},{\"@type\":\"ImageObject\",\"inLanguage\":\"sr-RS\",\"@id\":\"https:\/\/inti.hr\/sr\/proizvod\/komoda-s-5-ladica-od-tkanine-i-metalnim-okvirom\/#primaryimage\",\"url\":\"https:\/\/i0.wp.com\/inti.hr\/wp-content\/uploads\/2023\/09\/LTS514L10-1-4.jpg?fit=1000%2C1000&ssl=1\",\"contentUrl\":\"https:\/\/i0.wp.com\/inti.hr\/wp-content\/uploads\/2023\/09\/LTS514L10-1-4.jpg?fit=1000%2C1000&ssl=1\",\"width\":1000,\"height\":1000},{\"@type\":\"BreadcrumbList\",\"@id\":\"https:\/\/inti.hr\/sr\/proizvod\/komoda-s-5-ladica-od-tkanine-i-metalnim-okvirom\/#breadcrumb\",\"itemListElement\":[{\"@type\":\"ListItem\",\"position\":1,\"name\":\"Po\u010detna stranica\",\"item\":\"https:\/\/inti.hr\/sr\/\"},{\"@type\":\"ListItem\",\"position\":2,\"name\":\"Prodavnica\",\"item\":\"https:\/\/inti.hr\/sr\/prodavnica\/\"},{\"@type\":\"ListItem\",\"position\":3,\"name\":\"Komoda s 5 ladica od tkanine i metalnim okvirom\"}]},{\"@type\":\"WebSite\",\"@id\":\"https:\/\/inti.hr\/sr\/#website\",\"url\":\"https:\/\/inti.hr\/sr\/\",\"name\":\"Inti\",\"description\":\"trgovina\",\"potentialAction\":[{\"@type\":\"SearchAction\",\"target\":{\"@type\":\"EntryPoint\",\"urlTemplate\":\"https:\/\/inti.hr\/sr\/?s={search_term_string}\"},\"query-input\":{\"@type\":\"PropertyValueSpecification\",\"valueRequired\":true,\"valueName\":\"search_term_string\"}}],\"inLanguage\":\"sr-RS\"}]}<\/script>\n<!-- \/ Yoast SEO plugin. -->","yoast_head_json":{"title":"Komoda s 5 ladica od tkanine i metalnim okvirom - Inti","description":"Nema vi\u0161e mjesta u ormaru? Onda je sada vrijeme za na\u0161 ormar! 5 ladica osigurava dovoljno prostora za va\u0161u slo\u017eenu odje\u0107u. Na ovaj na\u010din mo\u017eete stvoriti vi\u0161e mjesta u svom ormaru za svoju novu odje\u0107u! Zahvaljuju\u0107i kombinaciji metalnog okvira, ladica od tkanine i drvene iverice, na\u0161 ormari\u0107 za pohranu nikada vas ne\u0107e iznevjeriti. Iskori\u0161tava sve prednosti 3 materijala kako bi bio jak, izdr\u017eljiv, a opet lagan. Komoda s 5 ladica od tkanine, 4 podesive noge za dodatnu stabilnost i detaljne upute za jednostavno sastavljanje. Bijela povr\u0161ina, svijetlo sive ladice i ru\u010dke od punog drva - svi ti elementi zajedno daju va\u0161em domu atraktivan \u0161arm. Funkcionalni komad namje\u0161taja pristaje u hodnik, dnevni boravak, spava\u0107u ili dje\u010dju sobu za uredno pohranjivanje odje\u0107e.\u00a0Jednostavna struktura i kombinacija boja lako se uklapaju u va\u0161 interijer.","robots":{"index":"index","follow":"follow","max-snippet":"max-snippet:-1","max-image-preview":"max-image-preview:large","max-video-preview":"max-video-preview:-1"},"canonical":"https:\/\/inti.hr\/sr\/proizvod\/komoda-s-5-ladica-od-tkanine-i-metalnim-okvirom\/","og_locale":"sr_RS","og_type":"article","og_title":"Komoda s 5 ladica od tkanine i metalnim okvirom - Inti","og_description":"Nema vi\u0161e mjesta u ormaru? Onda je sada vrijeme za na\u0161 ormar! 5 ladica osigurava dovoljno prostora za va\u0161u slo\u017eenu odje\u0107u. Na ovaj na\u010din mo\u017eete stvoriti vi\u0161e mjesta u svom ormaru za svoju novu odje\u0107u! Zahvaljuju\u0107i kombinaciji metalnog okvira, ladica od tkanine i drvene iverice, na\u0161 ormari\u0107 za pohranu nikada vas ne\u0107e iznevjeriti. Iskori\u0161tava sve prednosti 3 materijala kako bi bio jak, izdr\u017eljiv, a opet lagan. Komoda s 5 ladica od tkanine, 4 podesive noge za dodatnu stabilnost i detaljne upute za jednostavno sastavljanje. Bijela povr\u0161ina, svijetlo sive ladice i ru\u010dke od punog drva - svi ti elementi zajedno daju va\u0161em domu atraktivan \u0161arm. Funkcionalni komad namje\u0161taja pristaje u hodnik, dnevni boravak, spava\u0107u ili dje\u010dju sobu za uredno pohranjivanje odje\u0107e.\u00a0Jednostavna struktura i kombinacija boja lako se uklapaju u va\u0161 interijer.","og_url":"https:\/\/inti.hr\/sr\/proizvod\/komoda-s-5-ladica-od-tkanine-i-metalnim-okvirom\/","og_site_name":"Inti","og_image":[{"width":1000,"height":1000,"url":"https:\/\/i0.wp.com\/inti.hr\/wp-content\/uploads\/2023\/09\/LTS514L10-1-4.jpg?fit=1000%2C1000&ssl=1","type":"image\/jpeg"}],"twitter_card":"summary_large_image","schema":{"@context":"https:\/\/schema.org","@graph":[{"@type":"WebPage","@id":"https:\/\/inti.hr\/sr\/proizvod\/komoda-s-5-ladica-od-tkanine-i-metalnim-okvirom\/","url":"https:\/\/inti.hr\/sr\/proizvod\/komoda-s-5-ladica-od-tkanine-i-metalnim-okvirom\/","name":"Komoda s 5 ladica od tkanine i metalnim okvirom - Inti","isPartOf":{"@id":"https:\/\/inti.hr\/sr\/#website"},"primaryImageOfPage":{"@id":"https:\/\/inti.hr\/sr\/proizvod\/komoda-s-5-ladica-od-tkanine-i-metalnim-okvirom\/#primaryimage"},"image":{"@id":"https:\/\/inti.hr\/sr\/proizvod\/komoda-s-5-ladica-od-tkanine-i-metalnim-okvirom\/#primaryimage"},"thumbnailUrl":"https:\/\/i0.wp.com\/inti.hr\/wp-content\/uploads\/2023\/09\/LTS514L10-1-4.jpg?fit=1000%2C1000&ssl=1","datePublished":"2023-09-26T06:34:12+00:00","dateModified":"2023-09-26T06:34:12+00:00","description":"Nema vi\u0161e mjesta u ormaru? Onda je sada vrijeme za na\u0161 ormar! 5 ladica osigurava dovoljno prostora za va\u0161u slo\u017eenu odje\u0107u. Na ovaj na\u010din mo\u017eete stvoriti vi\u0161e mjesta u svom ormaru za svoju novu odje\u0107u! Zahvaljuju\u0107i kombinaciji metalnog okvira, ladica od tkanine i drvene iverice, na\u0161 ormari\u0107 za pohranu nikada vas ne\u0107e iznevjeriti. Iskori\u0161tava sve prednosti 3 materijala kako bi bio jak, izdr\u017eljiv, a opet lagan. Komoda s 5 ladica od tkanine, 4 podesive noge za dodatnu stabilnost i detaljne upute za jednostavno sastavljanje. Bijela povr\u0161ina, svijetlo sive ladice i ru\u010dke od punog drva - svi ti elementi zajedno daju va\u0161em domu atraktivan \u0161arm. Funkcionalni komad namje\u0161taja pristaje u hodnik, dnevni boravak, spava\u0107u ili dje\u010dju sobu za uredno pohranjivanje odje\u0107e.\u00a0Jednostavna struktura i kombinacija boja lako se uklapaju u va\u0161 interijer.","breadcrumb":{"@id":"https:\/\/inti.hr\/sr\/proizvod\/komoda-s-5-ladica-od-tkanine-i-metalnim-okvirom\/#breadcrumb"},"inLanguage":"sr-RS","potentialAction":[{"@type":"ReadAction","target":["https:\/\/inti.hr\/sr\/proizvod\/komoda-s-5-ladica-od-tkanine-i-metalnim-okvirom\/"]}]},{"@type":"ImageObject","inLanguage":"sr-RS","@id":"https:\/\/inti.hr\/sr\/proizvod\/komoda-s-5-ladica-od-tkanine-i-metalnim-okvirom\/#primaryimage","url":"https:\/\/i0.wp.com\/inti.hr\/wp-content\/uploads\/2023\/09\/LTS514L10-1-4.jpg?fit=1000%2C1000&ssl=1","contentUrl":"https:\/\/i0.wp.com\/inti.hr\/wp-content\/uploads\/2023\/09\/LTS514L10-1-4.jpg?fit=1000%2C1000&ssl=1","width":1000,"height":1000},{"@type":"BreadcrumbList","@id":"https:\/\/inti.hr\/sr\/proizvod\/komoda-s-5-ladica-od-tkanine-i-metalnim-okvirom\/#breadcrumb","itemListElement":[{"@type":"ListItem","position":1,"name":"Po\u010detna stranica","item":"https:\/\/inti.hr\/sr\/"},{"@type":"ListItem","position":2,"name":"Prodavnica","item":"https:\/\/inti.hr\/sr\/prodavnica\/"},{"@type":"ListItem","position":3,"name":"Komoda s 5 ladica od tkanine i metalnim okvirom"}]},{"@type":"WebSite","@id":"https:\/\/inti.hr\/sr\/#website","url":"https:\/\/inti.hr\/sr\/","name":"Inti","description":"trgovina","potentialAction":[{"@type":"SearchAction","target":{"@type":"EntryPoint","urlTemplate":"https:\/\/inti.hr\/sr\/?s={search_term_string}"},"query-input":{"@type":"PropertyValueSpecification","valueRequired":true,"valueName":"search_term_string"}}],"inLanguage":"sr-RS"}]}},"jetpack_sharing_enabled":true,"jetpack-related-posts":[],"_links":{"self":[{"href":"https:\/\/inti.hr\/sr\/wp-json\/wp\/v2\/product\/36383"}],"collection":[{"href":"https:\/\/inti.hr\/sr\/wp-json\/wp\/v2\/product"}],"about":[{"href":"https:\/\/inti.hr\/sr\/wp-json\/wp\/v2\/types\/product"}],"wp:featuredmedia":[{"embeddable":true,"href":"https:\/\/inti.hr\/sr\/wp-json\/wp\/v2\/media\/36384"}],"wp:attachment":[{"href":"https:\/\/inti.hr\/sr\/wp-json\/wp\/v2\/media?parent=36383"}],"wp:term":[{"taxonomy":"product_cat","embeddable":true,"href":"https:\/\/inti.hr\/sr\/wp-json\/wp\/v2\/product_cat?post=36383"},{"taxonomy":"product_tag","embeddable":true,"href":"https:\/\/inti.hr\/sr\/wp-json\/wp\/v2\/product_tag?post=36383"}],"curies":[{"name":"wp","href":"https:\/\/api.w.org\/{rel}","templated":true}]}}