{"id":36421,"date":"2023-09-15T08:36:45","date_gmt":"2023-09-15T08:36:45","guid":{"rendered":"https:\/\/inti.hr\/product\/ulazni-stalak-za-cipele-90x35x75cm\/"},"modified":"2023-09-15T08:36:45","modified_gmt":"2023-09-15T08:36:45","slug":"ulazni-stalak-za-cipele-90x35x75cm","status":"publish","type":"product","link":"https:\/\/inti.hr\/sr\/proizvod\/ulazni-stalak-za-cipele-90x35x75cm\/","title":{"rendered":"Ulazni stalak za cipele 90x35x75cm"},"content":{"rendered":"<p>Detalji proizvoda:<\/p>\n<p>Te\u017eina: oko 12,5 kg<br \/>\nTestirano za: 227 kg;<br \/>\nMaterijal: bor.<br \/>\nMjere proizvoda: 90x35x75 cm, visina sjedala: 41 cm (vidi sliku)<br \/>\nDimenzije paketa: 99x44x24 cm.<br \/>\nS uputama za sastavljanje i vijcima. Jednostavna instalacija.<\/p>\n","protected":false},"excerpt":{"rendered":"<p>Klupa je opremljena mekanim jastucima i naslonima od mekane PU ko\u017ee &#8230; <\/p>\n","protected":false},"featured_media":36422,"template":"","meta":[],"product_cat":[2635],"product_tag":[2659,2640],"yoast_head":"<!-- This site is optimized with the Yoast SEO plugin v23.7 - https:\/\/yoast.com\/wordpress\/plugins\/seo\/ -->\n<title>Ulazni stalak za cipele 90x35x75cm - Inti<\/title>\n<meta name=\"description\" content=\"Klupa je opremljena mekanim jastucima i naslonima od mekane PU ko\u017ee te nudi dovoljno prostora za obitelj, \u0161to nije samo lijepo ve\u0107 i udobno.S otvorenim pretincem mo\u017eete spremiti \u0161irok izbor cipela razli\u010ditih veli\u010dina i stilova.Slo\u017eite li jastuke, dobivate dodatni prostor za pohranu. Pohranite svoje zalihe sredstva za gla\u010danje cipela i jo\u0161 mnogo toga kako bi va\u0161 hodnik bio uredan!Klupa je izra\u0111ena od borovine \u0161to osigurava visoku stabilnost i otpornost. Izuzetno je izdr\u017eljiv i stoga \u0107e biti va\u0161 vjerni pratilac dugi niz godina.\" \/>\n<meta name=\"robots\" content=\"index, follow, max-snippet:-1, max-image-preview:large, max-video-preview:-1\" \/>\n<link rel=\"canonical\" href=\"https:\/\/inti.hr\/sr\/proizvod\/ulazni-stalak-za-cipele-90x35x75cm\/\" \/>\n<meta property=\"og:locale\" content=\"sr_RS\" \/>\n<meta property=\"og:type\" content=\"article\" \/>\n<meta property=\"og:title\" content=\"Ulazni stalak za cipele 90x35x75cm - Inti\" \/>\n<meta property=\"og:description\" content=\"Klupa je opremljena mekanim jastucima i naslonima od mekane PU ko\u017ee te nudi dovoljno prostora za obitelj, \u0161to nije samo lijepo ve\u0107 i udobno.S otvorenim pretincem mo\u017eete spremiti \u0161irok izbor cipela razli\u010ditih veli\u010dina i stilova.Slo\u017eite li jastuke, dobivate dodatni prostor za pohranu. Pohranite svoje zalihe sredstva za gla\u010danje cipela i jo\u0161 mnogo toga kako bi va\u0161 hodnik bio uredan!Klupa je izra\u0111ena od borovine \u0161to osigurava visoku stabilnost i otpornost. Izuzetno je izdr\u017eljiv i stoga \u0107e biti va\u0161 vjerni pratilac dugi niz godina.\" \/>\n<meta property=\"og:url\" content=\"https:\/\/inti.hr\/sr\/proizvod\/ulazni-stalak-za-cipele-90x35x75cm\/\" \/>\n<meta property=\"og:site_name\" content=\"Inti\" \/>\n<meta property=\"og:image\" content=\"https:\/\/i0.wp.com\/inti.hr\/wp-content\/uploads\/2023\/09\/FSR150-N-S003_1800x1800.webp?fit=1600%2C1600&ssl=1\" \/>\n\t<meta property=\"og:image:width\" content=\"1600\" \/>\n\t<meta property=\"og:image:height\" content=\"1600\" \/>\n\t<meta property=\"og:image:type\" content=\"image\/webp\" \/>\n<meta name=\"twitter:card\" content=\"summary_large_image\" \/>\n<script type=\"application\/ld+json\" class=\"yoast-schema-graph\">{\"@context\":\"https:\/\/schema.org\",\"@graph\":[{\"@type\":\"WebPage\",\"@id\":\"https:\/\/inti.hr\/sr\/proizvod\/ulazni-stalak-za-cipele-90x35x75cm\/\",\"url\":\"https:\/\/inti.hr\/sr\/proizvod\/ulazni-stalak-za-cipele-90x35x75cm\/\",\"name\":\"Ulazni stalak za cipele 90x35x75cm - Inti\",\"isPartOf\":{\"@id\":\"https:\/\/inti.hr\/sr\/#website\"},\"primaryImageOfPage\":{\"@id\":\"https:\/\/inti.hr\/sr\/proizvod\/ulazni-stalak-za-cipele-90x35x75cm\/#primaryimage\"},\"image\":{\"@id\":\"https:\/\/inti.hr\/sr\/proizvod\/ulazni-stalak-za-cipele-90x35x75cm\/#primaryimage\"},\"thumbnailUrl\":\"https:\/\/i0.wp.com\/inti.hr\/wp-content\/uploads\/2023\/09\/FSR150-N-S003_1800x1800.webp?fit=1600%2C1600&ssl=1\",\"datePublished\":\"2023-09-15T08:36:45+00:00\",\"dateModified\":\"2023-09-15T08:36:45+00:00\",\"description\":\"Klupa je opremljena mekanim jastucima i naslonima od mekane PU ko\u017ee te nudi dovoljno prostora za obitelj, \u0161to nije samo lijepo ve\u0107 i udobno.S otvorenim pretincem mo\u017eete spremiti \u0161irok izbor cipela razli\u010ditih veli\u010dina i stilova.Slo\u017eite li jastuke, dobivate dodatni prostor za pohranu. Pohranite svoje zalihe sredstva za gla\u010danje cipela i jo\u0161 mnogo toga kako bi va\u0161 hodnik bio uredan!Klupa je izra\u0111ena od borovine \u0161to osigurava visoku stabilnost i otpornost. Izuzetno je izdr\u017eljiv i stoga \u0107e biti va\u0161 vjerni pratilac dugi niz godina.\",\"breadcrumb\":{\"@id\":\"https:\/\/inti.hr\/sr\/proizvod\/ulazni-stalak-za-cipele-90x35x75cm\/#breadcrumb\"},\"inLanguage\":\"sr-RS\",\"potentialAction\":[{\"@type\":\"ReadAction\",\"target\":[\"https:\/\/inti.hr\/sr\/proizvod\/ulazni-stalak-za-cipele-90x35x75cm\/\"]}]},{\"@type\":\"ImageObject\",\"inLanguage\":\"sr-RS\",\"@id\":\"https:\/\/inti.hr\/sr\/proizvod\/ulazni-stalak-za-cipele-90x35x75cm\/#primaryimage\",\"url\":\"https:\/\/i0.wp.com\/inti.hr\/wp-content\/uploads\/2023\/09\/FSR150-N-S003_1800x1800.webp?fit=1600%2C1600&ssl=1\",\"contentUrl\":\"https:\/\/i0.wp.com\/inti.hr\/wp-content\/uploads\/2023\/09\/FSR150-N-S003_1800x1800.webp?fit=1600%2C1600&ssl=1\",\"width\":1600,\"height\":1600},{\"@type\":\"BreadcrumbList\",\"@id\":\"https:\/\/inti.hr\/sr\/proizvod\/ulazni-stalak-za-cipele-90x35x75cm\/#breadcrumb\",\"itemListElement\":[{\"@type\":\"ListItem\",\"position\":1,\"name\":\"Po\u010detna stranica\",\"item\":\"https:\/\/inti.hr\/sr\/\"},{\"@type\":\"ListItem\",\"position\":2,\"name\":\"Prodavnica\",\"item\":\"https:\/\/inti.hr\/sr\/prodavnica\/\"},{\"@type\":\"ListItem\",\"position\":3,\"name\":\"Ulazni stalak za cipele 90x35x75cm\"}]},{\"@type\":\"WebSite\",\"@id\":\"https:\/\/inti.hr\/sr\/#website\",\"url\":\"https:\/\/inti.hr\/sr\/\",\"name\":\"Inti\",\"description\":\"trgovina\",\"potentialAction\":[{\"@type\":\"SearchAction\",\"target\":{\"@type\":\"EntryPoint\",\"urlTemplate\":\"https:\/\/inti.hr\/sr\/?s={search_term_string}\"},\"query-input\":{\"@type\":\"PropertyValueSpecification\",\"valueRequired\":true,\"valueName\":\"search_term_string\"}}],\"inLanguage\":\"sr-RS\"}]}<\/script>\n<!-- \/ Yoast SEO plugin. -->","yoast_head_json":{"title":"Ulazni stalak za cipele 90x35x75cm - Inti","description":"Klupa je opremljena mekanim jastucima i naslonima od mekane PU ko\u017ee te nudi dovoljno prostora za obitelj, \u0161to nije samo lijepo ve\u0107 i udobno.S otvorenim pretincem mo\u017eete spremiti \u0161irok izbor cipela razli\u010ditih veli\u010dina i stilova.Slo\u017eite li jastuke, dobivate dodatni prostor za pohranu. Pohranite svoje zalihe sredstva za gla\u010danje cipela i jo\u0161 mnogo toga kako bi va\u0161 hodnik bio uredan!Klupa je izra\u0111ena od borovine \u0161to osigurava visoku stabilnost i otpornost. Izuzetno je izdr\u017eljiv i stoga \u0107e biti va\u0161 vjerni pratilac dugi niz godina.","robots":{"index":"index","follow":"follow","max-snippet":"max-snippet:-1","max-image-preview":"max-image-preview:large","max-video-preview":"max-video-preview:-1"},"canonical":"https:\/\/inti.hr\/sr\/proizvod\/ulazni-stalak-za-cipele-90x35x75cm\/","og_locale":"sr_RS","og_type":"article","og_title":"Ulazni stalak za cipele 90x35x75cm - Inti","og_description":"Klupa je opremljena mekanim jastucima i naslonima od mekane PU ko\u017ee te nudi dovoljno prostora za obitelj, \u0161to nije samo lijepo ve\u0107 i udobno.S otvorenim pretincem mo\u017eete spremiti \u0161irok izbor cipela razli\u010ditih veli\u010dina i stilova.Slo\u017eite li jastuke, dobivate dodatni prostor za pohranu. Pohranite svoje zalihe sredstva za gla\u010danje cipela i jo\u0161 mnogo toga kako bi va\u0161 hodnik bio uredan!Klupa je izra\u0111ena od borovine \u0161to osigurava visoku stabilnost i otpornost. Izuzetno je izdr\u017eljiv i stoga \u0107e biti va\u0161 vjerni pratilac dugi niz godina.","og_url":"https:\/\/inti.hr\/sr\/proizvod\/ulazni-stalak-za-cipele-90x35x75cm\/","og_site_name":"Inti","og_image":[{"width":1600,"height":1600,"url":"https:\/\/i0.wp.com\/inti.hr\/wp-content\/uploads\/2023\/09\/FSR150-N-S003_1800x1800.webp?fit=1600%2C1600&ssl=1","type":"image\/webp"}],"twitter_card":"summary_large_image","schema":{"@context":"https:\/\/schema.org","@graph":[{"@type":"WebPage","@id":"https:\/\/inti.hr\/sr\/proizvod\/ulazni-stalak-za-cipele-90x35x75cm\/","url":"https:\/\/inti.hr\/sr\/proizvod\/ulazni-stalak-za-cipele-90x35x75cm\/","name":"Ulazni stalak za cipele 90x35x75cm - Inti","isPartOf":{"@id":"https:\/\/inti.hr\/sr\/#website"},"primaryImageOfPage":{"@id":"https:\/\/inti.hr\/sr\/proizvod\/ulazni-stalak-za-cipele-90x35x75cm\/#primaryimage"},"image":{"@id":"https:\/\/inti.hr\/sr\/proizvod\/ulazni-stalak-za-cipele-90x35x75cm\/#primaryimage"},"thumbnailUrl":"https:\/\/i0.wp.com\/inti.hr\/wp-content\/uploads\/2023\/09\/FSR150-N-S003_1800x1800.webp?fit=1600%2C1600&ssl=1","datePublished":"2023-09-15T08:36:45+00:00","dateModified":"2023-09-15T08:36:45+00:00","description":"Klupa je opremljena mekanim jastucima i naslonima od mekane PU ko\u017ee te nudi dovoljno prostora za obitelj, \u0161to nije samo lijepo ve\u0107 i udobno.S otvorenim pretincem mo\u017eete spremiti \u0161irok izbor cipela razli\u010ditih veli\u010dina i stilova.Slo\u017eite li jastuke, dobivate dodatni prostor za pohranu. Pohranite svoje zalihe sredstva za gla\u010danje cipela i jo\u0161 mnogo toga kako bi va\u0161 hodnik bio uredan!Klupa je izra\u0111ena od borovine \u0161to osigurava visoku stabilnost i otpornost. Izuzetno je izdr\u017eljiv i stoga \u0107e biti va\u0161 vjerni pratilac dugi niz godina.","breadcrumb":{"@id":"https:\/\/inti.hr\/sr\/proizvod\/ulazni-stalak-za-cipele-90x35x75cm\/#breadcrumb"},"inLanguage":"sr-RS","potentialAction":[{"@type":"ReadAction","target":["https:\/\/inti.hr\/sr\/proizvod\/ulazni-stalak-za-cipele-90x35x75cm\/"]}]},{"@type":"ImageObject","inLanguage":"sr-RS","@id":"https:\/\/inti.hr\/sr\/proizvod\/ulazni-stalak-za-cipele-90x35x75cm\/#primaryimage","url":"https:\/\/i0.wp.com\/inti.hr\/wp-content\/uploads\/2023\/09\/FSR150-N-S003_1800x1800.webp?fit=1600%2C1600&ssl=1","contentUrl":"https:\/\/i0.wp.com\/inti.hr\/wp-content\/uploads\/2023\/09\/FSR150-N-S003_1800x1800.webp?fit=1600%2C1600&ssl=1","width":1600,"height":1600},{"@type":"BreadcrumbList","@id":"https:\/\/inti.hr\/sr\/proizvod\/ulazni-stalak-za-cipele-90x35x75cm\/#breadcrumb","itemListElement":[{"@type":"ListItem","position":1,"name":"Po\u010detna stranica","item":"https:\/\/inti.hr\/sr\/"},{"@type":"ListItem","position":2,"name":"Prodavnica","item":"https:\/\/inti.hr\/sr\/prodavnica\/"},{"@type":"ListItem","position":3,"name":"Ulazni stalak za cipele 90x35x75cm"}]},{"@type":"WebSite","@id":"https:\/\/inti.hr\/sr\/#website","url":"https:\/\/inti.hr\/sr\/","name":"Inti","description":"trgovina","potentialAction":[{"@type":"SearchAction","target":{"@type":"EntryPoint","urlTemplate":"https:\/\/inti.hr\/sr\/?s={search_term_string}"},"query-input":{"@type":"PropertyValueSpecification","valueRequired":true,"valueName":"search_term_string"}}],"inLanguage":"sr-RS"}]}},"jetpack_sharing_enabled":true,"jetpack-related-posts":[],"_links":{"self":[{"href":"https:\/\/inti.hr\/sr\/wp-json\/wp\/v2\/product\/36421"}],"collection":[{"href":"https:\/\/inti.hr\/sr\/wp-json\/wp\/v2\/product"}],"about":[{"href":"https:\/\/inti.hr\/sr\/wp-json\/wp\/v2\/types\/product"}],"wp:featuredmedia":[{"embeddable":true,"href":"https:\/\/inti.hr\/sr\/wp-json\/wp\/v2\/media\/36422"}],"wp:attachment":[{"href":"https:\/\/inti.hr\/sr\/wp-json\/wp\/v2\/media?parent=36421"}],"wp:term":[{"taxonomy":"product_cat","embeddable":true,"href":"https:\/\/inti.hr\/sr\/wp-json\/wp\/v2\/product_cat?post=36421"},{"taxonomy":"product_tag","embeddable":true,"href":"https:\/\/inti.hr\/sr\/wp-json\/wp\/v2\/product_tag?post=36421"}],"curies":[{"name":"wp","href":"https:\/\/api.w.org\/{rel}","templated":true}]}}