{"id":36475,"date":"2023-09-11T07:08:08","date_gmt":"2023-09-11T07:08:08","guid":{"rendered":"https:\/\/inti.hr\/product\/kosara-za-rublje-sa-sipkom-za-odjecu-i-policom\/"},"modified":"2023-09-11T07:08:08","modified_gmt":"2023-09-11T07:08:08","slug":"kosara-za-rublje-sa-sipkom-za-odjecu-i-policom","status":"publish","type":"product","link":"https:\/\/inti.hr\/sr\/proizvod\/kosara-za-rublje-sa-sipkom-za-odjecu-i-policom\/","title":{"rendered":"Ko\u0161ara za rublje sa \u0161ipkom za odje\u0107u i policom"},"content":{"rendered":"<p>Detalji proizvoda:<\/p>\n<p>Dimenzije proizvoda: 73D x 33\u0160 x 177V cm<br \/>\nBoja: vintage sme\u0111a + klasi\u010dna crna<br \/>\nMaterijal: iverica, \u010delik, Oxford tkanina<br \/>\nOblik: Pravokutni<br \/>\nVeli\u010dina: 92L (73 x 33 x 177 cm).<\/p>\n","protected":false},"excerpt":{"rendered":"<p>S ukupnim kapacitetom od 92 litre (46 litara po odjeljku), u &#8230; <\/p>\n","protected":false},"featured_media":36476,"template":"","meta":[],"product_cat":[2416,2635],"product_tag":[4831,2522,2677],"yoast_head":"<!-- This site is optimized with the Yoast SEO plugin v23.7 - https:\/\/yoast.com\/wordpress\/plugins\/seo\/ -->\n<title>Ko\u0161ara za rublje sa \u0161ipkom za odje\u0107u i policom - Inti<\/title>\n<meta name=\"description\" content=\"S ukupnim kapacitetom od 92 litre (46 litara po odjeljku), u ovu prostranu ko\u0161aru za rublje mo\u017ee stati rublje cijele obitelji tjedan dana. 2 pretinca poma\u017eu vam da svoje rublje odr\u017eite sortiranim. Sa \u0161ipkom za odje\u0107u mo\u017eete pustiti da se va\u0161e rublje osu\u0161i na zraku, objesiti svoju odje\u0107u za sutra bez gu\u017evanja ili jednostavno izgla\u010dati rublje na paru. Zahvaljuju\u0107i prakti\u010dnim \u010di\u010dak kop\u010dama, mo\u017eete ukloniti tkanine vre\u0107ice i jednostavno ih odnijeti u perilicu rublja.\u00a0Torbe su izra\u0111ene od visokokvalitetne Oxford tkanine i tako\u0111er su vodootporine. Izra\u0111ena od \u010deli\u010dnih cijevi od 20 mm i iverala debljine 20 mm, korpa za rublje je robusna i mo\u017ee izdr\u017eati do 90 kg.\u00a0Podesive no\u017eice odr\u017eavaju ravnote\u017eu.\u00a0Uklju\u010dena za\u0161tita od prevrtanja pru\u017ea dodatnu stabilnost.\" \/>\n<meta name=\"robots\" content=\"index, follow, max-snippet:-1, max-image-preview:large, max-video-preview:-1\" \/>\n<link rel=\"canonical\" href=\"https:\/\/inti.hr\/sr\/proizvod\/kosara-za-rublje-sa-sipkom-za-odjecu-i-policom\/\" \/>\n<meta property=\"og:locale\" content=\"sr_RS\" \/>\n<meta property=\"og:type\" content=\"article\" \/>\n<meta property=\"og:title\" content=\"Ko\u0161ara za rublje sa \u0161ipkom za odje\u0107u i policom - Inti\" \/>\n<meta property=\"og:description\" content=\"S ukupnim kapacitetom od 92 litre (46 litara po odjeljku), u ovu prostranu ko\u0161aru za rublje mo\u017ee stati rublje cijele obitelji tjedan dana. 2 pretinca poma\u017eu vam da svoje rublje odr\u017eite sortiranim. Sa \u0161ipkom za odje\u0107u mo\u017eete pustiti da se va\u0161e rublje osu\u0161i na zraku, objesiti svoju odje\u0107u za sutra bez gu\u017evanja ili jednostavno izgla\u010dati rublje na paru. Zahvaljuju\u0107i prakti\u010dnim \u010di\u010dak kop\u010dama, mo\u017eete ukloniti tkanine vre\u0107ice i jednostavno ih odnijeti u perilicu rublja.\u00a0Torbe su izra\u0111ene od visokokvalitetne Oxford tkanine i tako\u0111er su vodootporine. Izra\u0111ena od \u010deli\u010dnih cijevi od 20 mm i iverala debljine 20 mm, korpa za rublje je robusna i mo\u017ee izdr\u017eati do 90 kg.\u00a0Podesive no\u017eice odr\u017eavaju ravnote\u017eu.\u00a0Uklju\u010dena za\u0161tita od prevrtanja pru\u017ea dodatnu stabilnost.\" \/>\n<meta property=\"og:url\" content=\"https:\/\/inti.hr\/sr\/proizvod\/kosara-za-rublje-sa-sipkom-za-odjecu-i-policom\/\" \/>\n<meta property=\"og:site_name\" content=\"Inti\" \/>\n<meta property=\"og:image\" content=\"https:\/\/i0.wp.com\/inti.hr\/wp-content\/uploads\/2023\/09\/BLH241B01-1.jpg?fit=1000%2C1000&ssl=1\" \/>\n\t<meta property=\"og:image:width\" content=\"1000\" \/>\n\t<meta property=\"og:image:height\" content=\"1000\" \/>\n\t<meta property=\"og:image:type\" content=\"image\/jpeg\" \/>\n<meta name=\"twitter:card\" content=\"summary_large_image\" \/>\n<script type=\"application\/ld+json\" class=\"yoast-schema-graph\">{\"@context\":\"https:\/\/schema.org\",\"@graph\":[{\"@type\":\"WebPage\",\"@id\":\"https:\/\/inti.hr\/sr\/proizvod\/kosara-za-rublje-sa-sipkom-za-odjecu-i-policom\/\",\"url\":\"https:\/\/inti.hr\/sr\/proizvod\/kosara-za-rublje-sa-sipkom-za-odjecu-i-policom\/\",\"name\":\"Ko\u0161ara za rublje sa \u0161ipkom za odje\u0107u i policom - Inti\",\"isPartOf\":{\"@id\":\"https:\/\/inti.hr\/sr\/#website\"},\"primaryImageOfPage\":{\"@id\":\"https:\/\/inti.hr\/sr\/proizvod\/kosara-za-rublje-sa-sipkom-za-odjecu-i-policom\/#primaryimage\"},\"image\":{\"@id\":\"https:\/\/inti.hr\/sr\/proizvod\/kosara-za-rublje-sa-sipkom-za-odjecu-i-policom\/#primaryimage\"},\"thumbnailUrl\":\"https:\/\/i0.wp.com\/inti.hr\/wp-content\/uploads\/2023\/09\/BLH241B01-1.jpg?fit=1000%2C1000&ssl=1\",\"datePublished\":\"2023-09-11T07:08:08+00:00\",\"dateModified\":\"2023-09-11T07:08:08+00:00\",\"description\":\"S ukupnim kapacitetom od 92 litre (46 litara po odjeljku), u ovu prostranu ko\u0161aru za rublje mo\u017ee stati rublje cijele obitelji tjedan dana. 2 pretinca poma\u017eu vam da svoje rublje odr\u017eite sortiranim. Sa \u0161ipkom za odje\u0107u mo\u017eete pustiti da se va\u0161e rublje osu\u0161i na zraku, objesiti svoju odje\u0107u za sutra bez gu\u017evanja ili jednostavno izgla\u010dati rublje na paru. Zahvaljuju\u0107i prakti\u010dnim \u010di\u010dak kop\u010dama, mo\u017eete ukloniti tkanine vre\u0107ice i jednostavno ih odnijeti u perilicu rublja.\u00a0Torbe su izra\u0111ene od visokokvalitetne Oxford tkanine i tako\u0111er su vodootporine. Izra\u0111ena od \u010deli\u010dnih cijevi od 20 mm i iverala debljine 20 mm, korpa za rublje je robusna i mo\u017ee izdr\u017eati do 90 kg.\u00a0Podesive no\u017eice odr\u017eavaju ravnote\u017eu.\u00a0Uklju\u010dena za\u0161tita od prevrtanja pru\u017ea dodatnu stabilnost.\",\"breadcrumb\":{\"@id\":\"https:\/\/inti.hr\/sr\/proizvod\/kosara-za-rublje-sa-sipkom-za-odjecu-i-policom\/#breadcrumb\"},\"inLanguage\":\"sr-RS\",\"potentialAction\":[{\"@type\":\"ReadAction\",\"target\":[\"https:\/\/inti.hr\/sr\/proizvod\/kosara-za-rublje-sa-sipkom-za-odjecu-i-policom\/\"]}]},{\"@type\":\"ImageObject\",\"inLanguage\":\"sr-RS\",\"@id\":\"https:\/\/inti.hr\/sr\/proizvod\/kosara-za-rublje-sa-sipkom-za-odjecu-i-policom\/#primaryimage\",\"url\":\"https:\/\/i0.wp.com\/inti.hr\/wp-content\/uploads\/2023\/09\/BLH241B01-1.jpg?fit=1000%2C1000&ssl=1\",\"contentUrl\":\"https:\/\/i0.wp.com\/inti.hr\/wp-content\/uploads\/2023\/09\/BLH241B01-1.jpg?fit=1000%2C1000&ssl=1\",\"width\":1000,\"height\":1000},{\"@type\":\"BreadcrumbList\",\"@id\":\"https:\/\/inti.hr\/sr\/proizvod\/kosara-za-rublje-sa-sipkom-za-odjecu-i-policom\/#breadcrumb\",\"itemListElement\":[{\"@type\":\"ListItem\",\"position\":1,\"name\":\"Po\u010detna stranica\",\"item\":\"https:\/\/inti.hr\/sr\/\"},{\"@type\":\"ListItem\",\"position\":2,\"name\":\"Prodavnica\",\"item\":\"https:\/\/inti.hr\/sr\/prodavnica\/\"},{\"@type\":\"ListItem\",\"position\":3,\"name\":\"Ko\u0161ara za rublje sa \u0161ipkom za odje\u0107u i policom\"}]},{\"@type\":\"WebSite\",\"@id\":\"https:\/\/inti.hr\/sr\/#website\",\"url\":\"https:\/\/inti.hr\/sr\/\",\"name\":\"Inti\",\"description\":\"trgovina\",\"potentialAction\":[{\"@type\":\"SearchAction\",\"target\":{\"@type\":\"EntryPoint\",\"urlTemplate\":\"https:\/\/inti.hr\/sr\/?s={search_term_string}\"},\"query-input\":{\"@type\":\"PropertyValueSpecification\",\"valueRequired\":true,\"valueName\":\"search_term_string\"}}],\"inLanguage\":\"sr-RS\"}]}<\/script>\n<!-- \/ Yoast SEO plugin. -->","yoast_head_json":{"title":"Ko\u0161ara za rublje sa \u0161ipkom za odje\u0107u i policom - Inti","description":"S ukupnim kapacitetom od 92 litre (46 litara po odjeljku), u ovu prostranu ko\u0161aru za rublje mo\u017ee stati rublje cijele obitelji tjedan dana. 2 pretinca poma\u017eu vam da svoje rublje odr\u017eite sortiranim. Sa \u0161ipkom za odje\u0107u mo\u017eete pustiti da se va\u0161e rublje osu\u0161i na zraku, objesiti svoju odje\u0107u za sutra bez gu\u017evanja ili jednostavno izgla\u010dati rublje na paru. Zahvaljuju\u0107i prakti\u010dnim \u010di\u010dak kop\u010dama, mo\u017eete ukloniti tkanine vre\u0107ice i jednostavno ih odnijeti u perilicu rublja.\u00a0Torbe su izra\u0111ene od visokokvalitetne Oxford tkanine i tako\u0111er su vodootporine. Izra\u0111ena od \u010deli\u010dnih cijevi od 20 mm i iverala debljine 20 mm, korpa za rublje je robusna i mo\u017ee izdr\u017eati do 90 kg.\u00a0Podesive no\u017eice odr\u017eavaju ravnote\u017eu.\u00a0Uklju\u010dena za\u0161tita od prevrtanja pru\u017ea dodatnu stabilnost.","robots":{"index":"index","follow":"follow","max-snippet":"max-snippet:-1","max-image-preview":"max-image-preview:large","max-video-preview":"max-video-preview:-1"},"canonical":"https:\/\/inti.hr\/sr\/proizvod\/kosara-za-rublje-sa-sipkom-za-odjecu-i-policom\/","og_locale":"sr_RS","og_type":"article","og_title":"Ko\u0161ara za rublje sa \u0161ipkom za odje\u0107u i policom - Inti","og_description":"S ukupnim kapacitetom od 92 litre (46 litara po odjeljku), u ovu prostranu ko\u0161aru za rublje mo\u017ee stati rublje cijele obitelji tjedan dana. 2 pretinca poma\u017eu vam da svoje rublje odr\u017eite sortiranim. Sa \u0161ipkom za odje\u0107u mo\u017eete pustiti da se va\u0161e rublje osu\u0161i na zraku, objesiti svoju odje\u0107u za sutra bez gu\u017evanja ili jednostavno izgla\u010dati rublje na paru. Zahvaljuju\u0107i prakti\u010dnim \u010di\u010dak kop\u010dama, mo\u017eete ukloniti tkanine vre\u0107ice i jednostavno ih odnijeti u perilicu rublja.\u00a0Torbe su izra\u0111ene od visokokvalitetne Oxford tkanine i tako\u0111er su vodootporine. Izra\u0111ena od \u010deli\u010dnih cijevi od 20 mm i iverala debljine 20 mm, korpa za rublje je robusna i mo\u017ee izdr\u017eati do 90 kg.\u00a0Podesive no\u017eice odr\u017eavaju ravnote\u017eu.\u00a0Uklju\u010dena za\u0161tita od prevrtanja pru\u017ea dodatnu stabilnost.","og_url":"https:\/\/inti.hr\/sr\/proizvod\/kosara-za-rublje-sa-sipkom-za-odjecu-i-policom\/","og_site_name":"Inti","og_image":[{"width":1000,"height":1000,"url":"https:\/\/i0.wp.com\/inti.hr\/wp-content\/uploads\/2023\/09\/BLH241B01-1.jpg?fit=1000%2C1000&ssl=1","type":"image\/jpeg"}],"twitter_card":"summary_large_image","schema":{"@context":"https:\/\/schema.org","@graph":[{"@type":"WebPage","@id":"https:\/\/inti.hr\/sr\/proizvod\/kosara-za-rublje-sa-sipkom-za-odjecu-i-policom\/","url":"https:\/\/inti.hr\/sr\/proizvod\/kosara-za-rublje-sa-sipkom-za-odjecu-i-policom\/","name":"Ko\u0161ara za rublje sa \u0161ipkom za odje\u0107u i policom - Inti","isPartOf":{"@id":"https:\/\/inti.hr\/sr\/#website"},"primaryImageOfPage":{"@id":"https:\/\/inti.hr\/sr\/proizvod\/kosara-za-rublje-sa-sipkom-za-odjecu-i-policom\/#primaryimage"},"image":{"@id":"https:\/\/inti.hr\/sr\/proizvod\/kosara-za-rublje-sa-sipkom-za-odjecu-i-policom\/#primaryimage"},"thumbnailUrl":"https:\/\/i0.wp.com\/inti.hr\/wp-content\/uploads\/2023\/09\/BLH241B01-1.jpg?fit=1000%2C1000&ssl=1","datePublished":"2023-09-11T07:08:08+00:00","dateModified":"2023-09-11T07:08:08+00:00","description":"S ukupnim kapacitetom od 92 litre (46 litara po odjeljku), u ovu prostranu ko\u0161aru za rublje mo\u017ee stati rublje cijele obitelji tjedan dana. 2 pretinca poma\u017eu vam da svoje rublje odr\u017eite sortiranim. Sa \u0161ipkom za odje\u0107u mo\u017eete pustiti da se va\u0161e rublje osu\u0161i na zraku, objesiti svoju odje\u0107u za sutra bez gu\u017evanja ili jednostavno izgla\u010dati rublje na paru. Zahvaljuju\u0107i prakti\u010dnim \u010di\u010dak kop\u010dama, mo\u017eete ukloniti tkanine vre\u0107ice i jednostavno ih odnijeti u perilicu rublja.\u00a0Torbe su izra\u0111ene od visokokvalitetne Oxford tkanine i tako\u0111er su vodootporine. Izra\u0111ena od \u010deli\u010dnih cijevi od 20 mm i iverala debljine 20 mm, korpa za rublje je robusna i mo\u017ee izdr\u017eati do 90 kg.\u00a0Podesive no\u017eice odr\u017eavaju ravnote\u017eu.\u00a0Uklju\u010dena za\u0161tita od prevrtanja pru\u017ea dodatnu stabilnost.","breadcrumb":{"@id":"https:\/\/inti.hr\/sr\/proizvod\/kosara-za-rublje-sa-sipkom-za-odjecu-i-policom\/#breadcrumb"},"inLanguage":"sr-RS","potentialAction":[{"@type":"ReadAction","target":["https:\/\/inti.hr\/sr\/proizvod\/kosara-za-rublje-sa-sipkom-za-odjecu-i-policom\/"]}]},{"@type":"ImageObject","inLanguage":"sr-RS","@id":"https:\/\/inti.hr\/sr\/proizvod\/kosara-za-rublje-sa-sipkom-za-odjecu-i-policom\/#primaryimage","url":"https:\/\/i0.wp.com\/inti.hr\/wp-content\/uploads\/2023\/09\/BLH241B01-1.jpg?fit=1000%2C1000&ssl=1","contentUrl":"https:\/\/i0.wp.com\/inti.hr\/wp-content\/uploads\/2023\/09\/BLH241B01-1.jpg?fit=1000%2C1000&ssl=1","width":1000,"height":1000},{"@type":"BreadcrumbList","@id":"https:\/\/inti.hr\/sr\/proizvod\/kosara-za-rublje-sa-sipkom-za-odjecu-i-policom\/#breadcrumb","itemListElement":[{"@type":"ListItem","position":1,"name":"Po\u010detna stranica","item":"https:\/\/inti.hr\/sr\/"},{"@type":"ListItem","position":2,"name":"Prodavnica","item":"https:\/\/inti.hr\/sr\/prodavnica\/"},{"@type":"ListItem","position":3,"name":"Ko\u0161ara za rublje sa \u0161ipkom za odje\u0107u i policom"}]},{"@type":"WebSite","@id":"https:\/\/inti.hr\/sr\/#website","url":"https:\/\/inti.hr\/sr\/","name":"Inti","description":"trgovina","potentialAction":[{"@type":"SearchAction","target":{"@type":"EntryPoint","urlTemplate":"https:\/\/inti.hr\/sr\/?s={search_term_string}"},"query-input":{"@type":"PropertyValueSpecification","valueRequired":true,"valueName":"search_term_string"}}],"inLanguage":"sr-RS"}]}},"jetpack_sharing_enabled":true,"jetpack-related-posts":[],"_links":{"self":[{"href":"https:\/\/inti.hr\/sr\/wp-json\/wp\/v2\/product\/36475"}],"collection":[{"href":"https:\/\/inti.hr\/sr\/wp-json\/wp\/v2\/product"}],"about":[{"href":"https:\/\/inti.hr\/sr\/wp-json\/wp\/v2\/types\/product"}],"wp:featuredmedia":[{"embeddable":true,"href":"https:\/\/inti.hr\/sr\/wp-json\/wp\/v2\/media\/36476"}],"wp:attachment":[{"href":"https:\/\/inti.hr\/sr\/wp-json\/wp\/v2\/media?parent=36475"}],"wp:term":[{"taxonomy":"product_cat","embeddable":true,"href":"https:\/\/inti.hr\/sr\/wp-json\/wp\/v2\/product_cat?post=36475"},{"taxonomy":"product_tag","embeddable":true,"href":"https:\/\/inti.hr\/sr\/wp-json\/wp\/v2\/product_tag?post=36475"}],"curies":[{"name":"wp","href":"https:\/\/api.w.org\/{rel}","templated":true}]}}